{"id":23555,"date":"2025-04-13T17:39:57","date_gmt":"2025-04-13T17:39:57","guid":{"rendered":"https:\/\/researchchemicalhub.com\/?post_type=product&#038;p=23555"},"modified":"2025-10-19T11:06:05","modified_gmt":"2025-10-19T11:06:05","slug":"1cp-lsd-l-tartrate-puur","status":"publish","type":"product","link":"https:\/\/researchchemicalhub.com\/hr\/shop\/1cp-lsd\/1cp-lsd-l-tartrate-puur\/","title":{"rendered":"1cP-LSD L-tartarat \u010disti"},"content":{"rendered":"<p data-start=\"3697\" data-end=\"3879\"><strong data-start=\"3697\" data-end=\"3753\">1cP-LSD (dietilamid 1-ciklopropionil-lizerginske kiseline)<\/strong> je <strong data-start=\"3761\" data-end=\"3805\">istra\u017eiva\u010dki spoj visoke \u010disto\u0107e<\/strong>, razvijen za <strong data-start=\"3823\" data-end=\"3876\">neuroznanstvena i farmakolo\u0161ka istra\u017eivanja<\/strong>. <span class=\"___SBox_epc1q-ko_ ___SText_zko9t-ko_\" data-ui-name=\"Link.Text\">1cp LSD-a<\/span><\/p>\n<p data-start=\"3881\" data-end=\"4133\">Ako <strong data-start=\"3885\" data-end=\"3945\">strukturni analog LSD-a (dietilamid lizerginske kiseline)<\/strong> 1cP-LSD sadr\u017ei ciklopropionilnu skupinu koja pru\u017ea vrijedne informacije o <strong data-start=\"4025\" data-end=\"4058\">aktivnost serotoninskih receptora<\/strong>, <strong data-start=\"4060\" data-end=\"4102\">odnosi strukture i aktivnosti (SAR)<\/strong> i <strong data-start=\"4106\" data-end=\"4130\">analozi lizergamida<\/strong>.<\/p>\n<p data-start=\"4135\" data-end=\"4278\">Zbog svoje strukturne sli\u010dnosti s LSD-om, 1cP-LSD se \u010desto koristi u <strong data-start=\"4209\" data-end=\"4249\">istra\u017eivanje vezanja serotoninskih receptora<\/strong> i <strong data-start=\"4253\" data-end=\"4275\">analiti\u010dka kemija<\/strong>.<\/p>\n<blockquote data-start=\"4280\" data-end=\"4431\">\n<p data-start=\"4282\" data-end=\"4431\">\u26a0\ufe0f <strong data-start=\"4285\" data-end=\"4296\">Napomena:<\/strong> Ovaj proizvod je <strong data-start=\"4312\" data-end=\"4367\">isklju\u010divo namijenjeno znanstvenim istra\u017eivanjima<\/strong> i <strong data-start=\"4371\" data-end=\"4428\">nije prikladno za ljudsku ili \u017eivotinjsku konzumaciju<\/strong>.<\/p>\n<\/blockquote>\n<hr data-start=\"4433\" data-end=\"4436\" \/>\n<h3 data-start=\"4438\" data-end=\"4469\"><strong data-start=\"4442\" data-end=\"4469\">Klju\u010dne zna\u010dajke<\/strong><\/h3>\n<ul data-start=\"4470\" data-end=\"4921\">\n<li data-start=\"4470\" data-end=\"4568\">\n<p data-start=\"4472\" data-end=\"4568\"><strong data-start=\"4472\" data-end=\"4498\">Visoka \u010disto\u0107a (\u226599%)<\/strong> \u2013 Laboratorijski ispitano na identitet, sastav i stabilnost.<\/p>\n<\/li>\n<li data-start=\"4569\" data-end=\"4658\">\n<p data-start=\"4571\" data-end=\"4658\"><strong data-start=\"4571\" data-end=\"4610\">Standard farmakolo\u0161kih istra\u017eivanja<\/strong> \u2013 Pogodno za istra\u017eivanje receptora i analoga.<\/p>\n<\/li>\n<li data-start=\"4659\" data-end=\"4755\">\n<p data-start=\"4661\" data-end=\"4755\"><strong data-start=\"4661\" data-end=\"4693\">Stabilna kemijska struktura<\/strong> \u2013 Otporno na raspadanje u normalnim uvjetima skladi\u0161tenja.<\/p>\n<\/li>\n<li data-start=\"4756\" data-end=\"4838\">\n<p data-start=\"4758\" data-end=\"4838\"><strong data-start=\"4758\" data-end=\"4783\">Proizvodnja sli\u010dna GMP-u<\/strong> \u2013 Zajam\u010dena konzistentnost i ponovljivost.<\/p>\n<\/li>\n<li data-start=\"4839\" data-end=\"4921\">\n<p data-start=\"4841\" data-end=\"4921\"><strong data-start=\"4841\" data-end=\"4863\">Sigurno pakiranje<\/strong> \u2013 Hermeti\u010dki i nepropusno za odr\u017eavanje kvalitete.<\/p>\n<\/li>\n<\/ul>\n<hr data-start=\"4923\" data-end=\"4926\" \/>\n<h3 data-start=\"4928\" data-end=\"4945\"><strong data-start=\"4932\" data-end=\"4945\">Prednosti<\/strong><\/h3>\n<ul data-start=\"4946\" data-end=\"5210\">\n<li data-start=\"4946\" data-end=\"5027\">\n<p data-start=\"4948\" data-end=\"5027\">Podr\u0161ka <strong data-start=\"4960\" data-end=\"5024\">istra\u017eivanje serotoninskih receptora i analoga lizergamida<\/strong>.<\/p>\n<\/li>\n<li data-start=\"5028\" data-end=\"5097\">\n<p data-start=\"5030\" data-end=\"5097\"><strong data-start=\"5030\" data-end=\"5066\">Pouzdani rezultati istra\u017eivanja<\/strong> i visoka ponovljivost.<\/p>\n<\/li>\n<li data-start=\"5098\" data-end=\"5152\">\n<p data-start=\"5100\" data-end=\"5152\"><strong data-start=\"5100\" data-end=\"5126\">Pobolj\u0161ana stabilnost<\/strong> za dugotrajno skladi\u0161tenje.<\/p>\n<\/li>\n<li data-start=\"5153\" data-end=\"5210\">\n<p data-start=\"5155\" data-end=\"5210\">Prikladno za <strong data-start=\"5169\" data-end=\"5207\">akademska i analiti\u010dka istra\u017eivanja<\/strong>.<\/p>\n<\/li>\n<\/ul>\n<hr data-start=\"5212\" data-end=\"5215\" \/>\n<h3 data-start=\"5217\" data-end=\"5232\"><strong data-start=\"5221\" data-end=\"5232\">Upotreba<\/strong><\/h3>\n<ul data-start=\"5233\" data-end=\"5515\">\n<li data-start=\"5233\" data-end=\"5303\">\n<p data-start=\"5235\" data-end=\"5303\">Samo za upotrebu od strane <strong data-start=\"5260\" data-end=\"5300\">kvalificirano laboratorijsko osoblje<\/strong>.<\/p>\n<\/li>\n<li data-start=\"5304\" data-end=\"5391\">\n<p data-start=\"5306\" data-end=\"5391\">Koristite prikladno <strong data-start=\"5324\" data-end=\"5348\">za\u0161titna oprema<\/strong> (rukavice, za\u0161titne nao\u010dale, maska).<\/p>\n<\/li>\n<li data-start=\"5392\" data-end=\"5456\">\n<p data-start=\"5394\" data-end=\"5456\">U\u0161tedite na <strong data-start=\"5409\" data-end=\"5443\">hladnom, suhom i tamnom mjestu<\/strong> (15\u201325 \u00b0C). <span class=\"___SBox_epc1q-ko_ ___SText_zko9t-ko_\" data-ui-name=\"Link.Text\">1cp LSD-a<\/span><\/p>\n<\/li>\n<li data-start=\"5457\" data-end=\"5515\">\n<p data-start=\"5459\" data-end=\"5515\">Nije prikladno za ljudsku ili \u017eivotinjsku konzumaciju.<\/p>\n<\/li>\n<\/ul>\n<hr data-start=\"5517\" data-end=\"5520\" \/>\n<h3 data-start=\"5522\" data-end=\"5557\"><strong data-start=\"5526\" data-end=\"5557\">\u010cesto postavljana pitanja (FAQs)<\/strong><\/h3>\n<p data-start=\"5559\" data-end=\"5728\"><strong data-start=\"5559\" data-end=\"5598\">1. Za \u0161to se koristi 1cP-LSD?<\/strong><br data-start=\"5598\" data-end=\"5601\" \/>1cP-LSD se koristi za <strong data-start=\"5629\" data-end=\"5674\">farmakolo\u0161ka i neurokemijska istra\u017eivanja<\/strong> na serotoninske receptore i analoge lizergamida.<\/p>\n<p data-start=\"5730\" data-end=\"5900\"><strong data-start=\"5730\" data-end=\"5778\">2. Je li 1cP-LSD siguran za ljudsku upotrebu?<\/strong><br data-start=\"5778\" data-end=\"5781\" \/>Ne. Ovaj proizvod je <strong data-start=\"5801\" data-end=\"5850\">namijenjeno samo u istra\u017eiva\u010dke svrhe<\/strong> i nije odobreno za ljudsku konzumaciju.<\/p>\n<p data-start=\"5902\" data-end=\"6056\"><strong data-start=\"5902\" data-end=\"5941\">3. Kako treba \u010duvati 1cP-LSD?<\/strong><br data-start=\"5941\" data-end=\"5944\" \/>\u010cuvati u <strong data-start=\"5959\" data-end=\"5989\">dobro zatvorena ambala\u017ea<\/strong> na sobnoj temperaturi (15\u201325 \u00b0C), za\u0161ti\u0107eno od vlage i svjetlosti.<\/p>","protected":false},"excerpt":{"rendered":"<h3><span dir=\"auto\" style=\"vertical-align: inherit;\"><span dir=\"auto\" style=\"vertical-align: inherit;\">Svojstva 1cP-LSD L-tartarata<\/span><\/span><\/h3>\n<p><strong><span dir=\"auto\" style=\"vertical-align: inherit;\"><span dir=\"auto\" style=\"vertical-align: inherit;\">Sinonim:<\/span><\/span><\/strong><span dir=\"auto\" style=\"vertical-align: inherit;\"><span dir=\"auto\" style=\"vertical-align: inherit;\"> 1-ciklopropankarbonil-lizerginska kiselina dietilamid hemi-L-tartarat <\/span><\/span><br \/>\n<strong><span dir=\"auto\" style=\"vertical-align: inherit;\"><span dir=\"auto\" style=\"vertical-align: inherit;\">CAS broj:<\/span><\/span><\/strong><span dir=\"auto\" style=\"vertical-align: inherit;\"><span dir=\"auto\" style=\"vertical-align: inherit;\"> NAKON <\/span><\/span><br \/>\n<strong><span dir=\"auto\" style=\"vertical-align: inherit;\"><span dir=\"auto\" style=\"vertical-align: inherit;\">Formula:<\/span><\/span><\/strong><span dir=\"auto\" style=\"vertical-align: inherit;\"><span dir=\"auto\" style=\"vertical-align: inherit;\"> (8\u03b2)-1-ciklopropionil-N,N-dietil-6-metil-9,10-didehidroergolin-8-karboksamid hemi-L-tartarat <\/span><\/span><br \/>\n<strong><span dir=\"auto\" style=\"vertical-align: inherit;\"><span dir=\"auto\" style=\"vertical-align: inherit;\">Molarna masa:<\/span><\/span><\/strong><span dir=\"auto\" style=\"vertical-align: inherit;\"><span dir=\"auto\" style=\"vertical-align: inherit;\"> 466,4 g\/mol <\/span><\/span><br \/>\n<strong><span dir=\"auto\" style=\"vertical-align: inherit;\"><span dir=\"auto\" style=\"vertical-align: inherit;\">\u010cisto\u0107a:<\/span><\/span><\/strong><span dir=\"auto\" style=\"vertical-align: inherit;\"><span dir=\"auto\" style=\"vertical-align: inherit;\"> &gt;97%<\/span><\/span><\/p>","protected":false},"featured_media":20449,"comment_status":"closed","ping_status":"closed","template":"","meta":[],"product_brand":[],"product_cat":[360,358],"product_tag":[720,722,326],"class_list":{"0":"post-23555","1":"product","2":"type-product","3":"status-publish","4":"has-post-thumbnail","6":"product_cat-1cp-lsd","7":"product_cat-lysergamides","8":"product_tag-1cp-lsd","9":"product_tag-1cp-lsd-kopen","10":"product_tag-nl","12":"first","13":"instock","14":"taxable","15":"shipping-taxable","16":"purchasable","17":"product-type-variable"},"_links":{"self":[{"href":"https:\/\/researchchemicalhub.com\/hr\/wp-json\/wp\/v2\/product\/23555","targetHints":{"allow":["GET"]}}],"collection":[{"href":"https:\/\/researchchemicalhub.com\/hr\/wp-json\/wp\/v2\/product"}],"about":[{"href":"https:\/\/researchchemicalhub.com\/hr\/wp-json\/wp\/v2\/types\/product"}],"replies":[{"embeddable":true,"href":"https:\/\/researchchemicalhub.com\/hr\/wp-json\/wp\/v2\/comments?post=23555"}],"version-history":[{"count":4,"href":"https:\/\/researchchemicalhub.com\/hr\/wp-json\/wp\/v2\/product\/23555\/revisions"}],"predecessor-version":[{"id":28014,"href":"https:\/\/researchchemicalhub.com\/hr\/wp-json\/wp\/v2\/product\/23555\/revisions\/28014"}],"wp:featuredmedia":[{"embeddable":true,"href":"https:\/\/researchchemicalhub.com\/hr\/wp-json\/wp\/v2\/media\/20449"}],"wp:attachment":[{"href":"https:\/\/researchchemicalhub.com\/hr\/wp-json\/wp\/v2\/media?parent=23555"}],"wp:term":[{"taxonomy":"product_brand","embeddable":true,"href":"https:\/\/researchchemicalhub.com\/hr\/wp-json\/wp\/v2\/product_brand?post=23555"},{"taxonomy":"product_cat","embeddable":true,"href":"https:\/\/researchchemicalhub.com\/hr\/wp-json\/wp\/v2\/product_cat?post=23555"},{"taxonomy":"product_tag","embeddable":true,"href":"https:\/\/researchchemicalhub.com\/hr\/wp-json\/wp\/v2\/product_tag?post=23555"}],"curies":[{"name":"radni list","href":"https:\/\/api.w.org\/{rel}","templated":true}]}}