{"id":23305,"date":"2025-04-13T17:39:31","date_gmt":"2025-04-13T17:39:31","guid":{"rendered":"https:\/\/researchchemicalhub.com\/?post_type=product&#038;p=23305"},"modified":"2025-10-30T11:46:51","modified_gmt":"2025-10-30T11:46:51","slug":"flunitrazolam-kopen","status":"publish","type":"product","link":"https:\/\/researchchemicalhub.com\/hr\/shop\/benzodiazepinen\/flunitrazolam-kopen\/","title":{"rendered":"Flunitrazolam 0,25 mg upijaju\u0107e tablete"},"content":{"rendered":"<h1><span dir=\"auto\" style=\"vertical-align: inherit;\"><span dir=\"auto\" style=\"vertical-align: inherit;\">Kupite Flunitrazolam 0,25 mg Blotters \u2013 Precizno dozirani istra\u017eiva\u010dki materijal za znanstvenu analizu<\/span><\/span><\/h1>\n<p data-start=\"6003\" data-end=\"6439\">Kupite flunitrazolam, flunitrazolam je <strong data-start=\"6024\" data-end=\"6050\">analog benzodiazepina<\/strong> koji je posljednjih godina privukao pozornost unutar <strong data-start=\"6107\" data-end=\"6140\">neurofarmakolo\u0161ka istra\u017eivanja<\/strong>Strukturno je srodna tvarima kao \u0161to su <strong data-start=\"6187\" data-end=\"6204\">Flunitrazepam<\/strong> i <strong data-start=\"6208\" data-end=\"6222\">Alprazolam<\/strong>, koji su poznati po svojim sedativnim i anti-anksioznim svojstvima. Istra\u017eiva\u010di prou\u010davaju flunitrazolam kako bi bolje razumjeli njegovu funkciju na benzodiazepinskim receptorima, njegovu potentnost i odnos strukture i aktivnosti. <span class=\"___SBox_epc1q-ko_ ___SText_zko9t-ko_\" data-ui-name=\"Link.Text\">kupiti flunitrazolam<\/span><\/p>\n<p data-start=\"6441\" data-end=\"6698\">Va\u017eno je naglasiti da <strong data-start=\"6478\" data-end=\"6552\">Flunitrazolam nije odobren za ljudsku ili veterinarsku upotrebu.<\/strong> i u ve\u0107ini zemalja <strong data-start=\"6576\" data-end=\"6622\">podlije\u017ee propisima ili je zabranjeno<\/strong>Ovaj \u010dlanak pru\u017ea samo <strong data-start=\"6654\" data-end=\"6697\">znanstveni i pravni kontekst<\/strong>.<\/p>\n<hr data-start=\"6700\" data-end=\"6703\" \/>\n<h2 data-start=\"6705\" data-end=\"6739\"><strong data-start=\"6708\" data-end=\"6739\">Farmakolo\u0161ka pozadina<\/strong><\/h2>\n<p data-start=\"6741\" data-end=\"6983\">Flunitrazolam pripada grupi <strong data-start=\"6770\" data-end=\"6797\">triazolobenzodiazepini<\/strong>, podklasa koja pokazuje sna\u017enu interakciju s <strong data-start=\"6851\" data-end=\"6872\">GABA-A receptori<\/strong> u mozgu. Ovaj sustav igra va\u017enu ulogu u <strong data-start=\"6932\" data-end=\"6982\">sedacija, pobolj\u0161anje sna i smanjenje anksioznosti<\/strong>.<\/p>\n<p data-start=\"6985\" data-end=\"7022\">Istra\u017eiva\u010di, izme\u0111u ostalog, prou\u010davaju:<\/p>\n<ul data-start=\"7023\" data-end=\"7291\">\n<li data-start=\"7023\" data-end=\"7105\">\n<p data-start=\"7025\" data-end=\"7105\">The <strong data-start=\"7028\" data-end=\"7059\">vezanje receptora i potentnost<\/strong> u usporedbi s klasi\u010dnim benzodiazepinima.<\/p>\n<\/li>\n<li data-start=\"7106\" data-end=\"7160\">\n<p data-start=\"7108\" data-end=\"7160\">The <strong data-start=\"7111\" data-end=\"7134\">trajanje djelovanja<\/strong> i metaboli\u010dke putove.<\/p>\n<\/li>\n<li data-start=\"7161\" data-end=\"7238\">\n<p data-start=\"7163\" data-end=\"7238\">The <strong data-start=\"7166\" data-end=\"7207\">odnosi strukture i aktivnosti (SAR)<\/strong> unutar triazolo spojeva.<\/p>\n<\/li>\n<li data-start=\"7239\" data-end=\"7291\">\n<p data-start=\"7241\" data-end=\"7291\">To <strong data-start=\"7245\" data-end=\"7288\">rizik od tolerancije i ovisnosti<\/strong>.<\/p>\n<\/li>\n<\/ul>\n<hr data-start=\"7293\" data-end=\"7296\" \/>\n<h2 data-start=\"7298\" data-end=\"7325\"><strong data-start=\"7301\" data-end=\"7325\">Istra\u017eiva\u010dke svrhe<\/strong><\/h2>\n<p data-start=\"7327\" data-end=\"7504\">Iako <em data-start=\"7334\" data-end=\"7349\">Flunitrazolam<\/em> nema medicinsku primjenu, istra\u017euje se u <strong data-start=\"7406\" data-end=\"7458\">forenzi\u010dka, kemijska i farmakolo\u0161ka istra\u017eivanja<\/strong>Akademski interes usmjeren je na:<\/p>\n<ul data-start=\"7505\" data-end=\"7787\">\n<li data-start=\"7505\" data-end=\"7605\">\n<p data-start=\"7507\" data-end=\"7605\"><strong data-start=\"7507\" data-end=\"7534\">Forenzi\u010dka toksikologija<\/strong> \u2014 identifikacija dizajnerskih benzodiazepina u biolo\u0161kim uzorcima.<\/p>\n<\/li>\n<li data-start=\"7606\" data-end=\"7692\">\n<p data-start=\"7608\" data-end=\"7692\"><strong data-start=\"7608\" data-end=\"7630\">Analiti\u010dka kemija<\/strong> \u2014 razvoj metoda detekcije (kao \u0161to su LC-MS i GC-MS).<\/p>\n<\/li>\n<li data-start=\"7693\" data-end=\"7787\">\n<p data-start=\"7695\" data-end=\"7787\"><strong data-start=\"7695\" data-end=\"7732\">Komparativne studije potencije<\/strong> pratiti trendove u novim psihoaktivnim tvarima.<\/p>\n<\/li>\n<\/ul>\n<hr data-start=\"7789\" data-end=\"7792\" \/>\n<h2 data-start=\"7794\" data-end=\"7838\"><strong data-start=\"7797\" data-end=\"7838\">Sigurnosna i pravna razmatranja<\/strong><\/h2>\n<p data-start=\"7840\" data-end=\"8085\">Zbog <strong data-start=\"7851\" data-end=\"7868\">visoki potencijal<\/strong> Flunitrazolam nosi zna\u010dajne rizike ako se s njim rukuje bez laboratorijskih standarda. Slu\u010dajno izlaganje mo\u017ee dovesti do <strong data-start=\"8021\" data-end=\"8082\">te\u0161ka sedacija, respiratorna depresija ili gubitak pam\u0107enja<\/strong>.<\/p>\n<p data-start=\"8087\" data-end=\"8303\">Upotreba, posjedovanje ili prodaja za ljudsku prehranu je <strong data-start=\"8150\" data-end=\"8182\">zabranjeno u ve\u0107ini zemalja<\/strong>Samo <strong data-start=\"8191\" data-end=\"8223\">kvalificirani istra\u017eiva\u010di<\/strong> mo\u017ee koristiti ovaj proizvod u skladu s <strong data-start=\"8258\" data-end=\"8302\">lokalni zakoni i eti\u010dke smjernice<\/strong>Kupite flunitrazolam<\/p>\n<hr data-start=\"8305\" data-end=\"8308\" \/>\n<h2 data-start=\"8310\" data-end=\"8344\"><strong data-start=\"8313\" data-end=\"8344\">\u010cesto postavljana pitanja (FAQs)<\/strong><\/h2>\n<h3 data-start=\"8346\" data-end=\"8395\"><strong data-start=\"8350\" data-end=\"8395\">1. Za \u0161to se koristi flunitrazolam?<\/strong><\/h3>\n<p data-start=\"8396\" data-end=\"8513\">Flunitrazolam se prou\u010dava samo za <strong data-start=\"8444\" data-end=\"8476\">znanstvene svrhe<\/strong>Nema medicinsku upotrebu.<\/p>\n<h3 data-start=\"8515\" data-end=\"8550\"><strong data-start=\"8519\" data-end=\"8550\">2. Je li flunitrazolam legalan?<\/strong><\/h3>\n<p data-start=\"8551\" data-end=\"8665\">U ve\u0107ini zemalja, flunitrazolam se klasificira kao <strong data-start=\"8599\" data-end=\"8642\">zakonodavstvo o kontroliranim tvarima<\/strong> ili <strong data-start=\"8649\" data-end=\"8664\">analogni zakon<\/strong>.<\/p>\n<h3 data-start=\"8667\" data-end=\"8725\"><strong data-start=\"8671\" data-end=\"8725\">3. Kako se flunitrazolam treba sigurno rukovati?<\/strong><\/h3>\n<p>&nbsp;<\/p>","protected":false},"excerpt":{"rendered":"<h3><span dir=\"auto\" style=\"vertical-align: inherit;\"><span dir=\"auto\" style=\"vertical-align: inherit;\">Flunitrazolam blotters properties<\/span><\/span><\/h3>\n<p><strong><span dir=\"auto\" style=\"vertical-align: inherit;\"><span dir=\"auto\" style=\"vertical-align: inherit;\">Synonym:<\/span><\/span><\/strong><span dir=\"auto\" style=\"vertical-align: inherit;\"><span dir=\"auto\" style=\"vertical-align: inherit;\"> 1-methyl-8-nitro-6-(2-fluorophenyl)-4H-[1,2,4]triazolo[4,3-a][1,4]benzodiazepine <\/span><\/span><br \/>\n<strong><span dir=\"auto\" style=\"vertical-align: inherit;\"><span dir=\"auto\" style=\"vertical-align: inherit;\">CAS Number:<\/span><\/span><\/strong><span dir=\"auto\" style=\"vertical-align: inherit;\"><span dir=\"auto\" style=\"vertical-align: inherit;\"> 2243815-18-9 <\/span><\/span><br \/>\n<strong><span dir=\"auto\" style=\"vertical-align: inherit;\"><span dir=\"auto\" style=\"vertical-align: inherit;\">Formula:<\/span><\/span><\/strong><span dir=\"auto\" style=\"vertical-align: inherit;\"><span dir=\"auto\" style=\"vertical-align: inherit;\"> 1-methyl-8-nitro-6-(2-fluorophenyl)-4H-[1,2,4]triazolo[4,3-a][1,4]benzodiazepine <\/span><\/span><br \/>\n<strong><span dir=\"auto\" style=\"vertical-align: inherit;\"><span dir=\"auto\" style=\"vertical-align: inherit;\">Molar mass:<\/span><\/span><\/strong><span dir=\"auto\" style=\"vertical-align: inherit;\"><span dir=\"auto\" style=\"vertical-align: inherit;\"> 337,307 g\/mol <\/span><\/span><br \/>\n<strong><span dir=\"auto\" style=\"vertical-align: inherit;\"><span dir=\"auto\" style=\"vertical-align: inherit;\">Purity:<\/span><\/span><\/strong><span dir=\"auto\" style=\"vertical-align: inherit;\"><span dir=\"auto\" style=\"vertical-align: inherit;\"> \u226598%<\/span><\/span><\/p>\n","protected":false},"featured_media":28533,"comment_status":"closed","ping_status":"closed","template":"","meta":[],"product_brand":[82],"product_cat":[76,527],"product_tag":[563,565,158,564,566,326],"class_list":{"0":"post-23305","1":"product","2":"type-product","3":"status-publish","4":"has-post-thumbnail","6":"product_brand-research-chemical","7":"product_cat-benzodiazepinen","8":"product_cat-flunitrazolam","9":"product_tag-flunitrazolam","10":"product_tag-flunitrazolam-effects","11":"product_tag-flunitrazolam-ervaring","12":"product_tag-flunitrazolam-kopen","13":"product_tag-flunitrazolam-werking","14":"product_tag-nl","16":"first","17":"instock","18":"taxable","19":"shipping-taxable","20":"purchasable","21":"product-type-variable"},"_links":{"self":[{"href":"https:\/\/researchchemicalhub.com\/hr\/wp-json\/wp\/v2\/product\/23305","targetHints":{"allow":["GET"]}}],"collection":[{"href":"https:\/\/researchchemicalhub.com\/hr\/wp-json\/wp\/v2\/product"}],"about":[{"href":"https:\/\/researchchemicalhub.com\/hr\/wp-json\/wp\/v2\/types\/product"}],"replies":[{"embeddable":true,"href":"https:\/\/researchchemicalhub.com\/hr\/wp-json\/wp\/v2\/comments?post=23305"}],"version-history":[{"count":7,"href":"https:\/\/researchchemicalhub.com\/hr\/wp-json\/wp\/v2\/product\/23305\/revisions"}],"predecessor-version":[{"id":28045,"href":"https:\/\/researchchemicalhub.com\/hr\/wp-json\/wp\/v2\/product\/23305\/revisions\/28045"}],"wp:featuredmedia":[{"embeddable":true,"href":"https:\/\/researchchemicalhub.com\/hr\/wp-json\/wp\/v2\/media\/28533"}],"wp:attachment":[{"href":"https:\/\/researchchemicalhub.com\/hr\/wp-json\/wp\/v2\/media?parent=23305"}],"wp:term":[{"taxonomy":"product_brand","embeddable":true,"href":"https:\/\/researchchemicalhub.com\/hr\/wp-json\/wp\/v2\/product_brand?post=23305"},{"taxonomy":"product_cat","embeddable":true,"href":"https:\/\/researchchemicalhub.com\/hr\/wp-json\/wp\/v2\/product_cat?post=23305"},{"taxonomy":"product_tag","embeddable":true,"href":"https:\/\/researchchemicalhub.com\/hr\/wp-json\/wp\/v2\/product_tag?post=23305"}],"curies":[{"name":"radni list","href":"https:\/\/api.w.org\/{rel}","templated":true}]}}