{"id":23167,"date":"2025-04-13T17:39:15","date_gmt":"2025-04-13T17:39:15","guid":{"rendered":"https:\/\/researchchemicalhub.com\/?post_type=product&#038;p=23167"},"modified":"2025-10-30T12:14:45","modified_gmt":"2025-10-30T12:14:45","slug":"4-fma-kopen-3","status":"publish","type":"product","link":"https:\/\/researchchemicalhub.com\/hr\/shop\/4fma-kopen\/4-fma-kopen-3\/","title":{"rendered":"4-FMA \u010disti (4-fluorometamfetamin)"},"content":{"rendered":"<h1><strong><span dir=\"auto\" style=\"vertical-align: inherit;\"><span dir=\"auto\" style=\"vertical-align: inherit;\">4f mph \u010cisti (4-fluorometamfetamin) \u2013 vrhunski istra\u017eiva\u010dki kemijski spoj<\/span><\/span><\/strong><\/h1>\n<p data-start=\"7029\" data-end=\"7291\"><strong data-start=\"7029\" data-end=\"7038\">4-FMA<\/strong>ili <strong data-start=\"7043\" data-end=\"7069\">4-Fluorometamfetamin<\/strong>, je <strong data-start=\"7078\" data-end=\"7112\">sinteti\u010dki stimulans<\/strong> od <strong data-start=\"7120\" data-end=\"7140\">klasa amfetamina<\/strong>. <span class=\"___SBox_epc1q-ko_ ___SText_zko9t-ko_\" data-ui-name=\"Link.Text\">kupiti 4 fma<\/span><br data-start=\"7141\" data-end=\"7144\" \/>Strukturno je povezan s <strong data-start=\"7175\" data-end=\"7193\">metamfetamin<\/strong> i <strong data-start=\"7197\" data-end=\"7225\">4-FA (4-fluoramfetamin)<\/strong> od strane <strong data-start=\"7235\" data-end=\"7271\">supstitucija fluorom na poziciji 4<\/strong> fenilnog prstena.<\/p>\n<p data-start=\"7293\" data-end=\"7565\">Istra\u017euje se u <strong data-start=\"7317\" data-end=\"7363\">forenzi\u010dki i farmakolo\u0161ki laboratoriji<\/strong> kao dio studije o <strong data-start=\"7397\" data-end=\"7435\">nove psihoaktivne tvari (NPS)<\/strong>.<br data-start=\"7436\" data-end=\"7439\" \/>4-FMA ima <strong data-start=\"7451\" data-end=\"7479\">nema medicinske primjene<\/strong> i ispituje se samo za <strong data-start=\"7517\" data-end=\"7564\">analiti\u010dke i znanstvene svrhe<\/strong>.<\/p>\n<hr data-start=\"7567\" data-end=\"7570\" \/>\n<h2 data-start=\"7572\" data-end=\"7619\"><strong data-start=\"7575\" data-end=\"7619\">Kemijska i farmakolo\u0161ka pozadina<\/strong><\/h2>\n<p data-start=\"7621\" data-end=\"7646\"><strong data-start=\"7621\" data-end=\"7646\">Va\u017ene informacije:<\/strong><\/p>\n<ul data-start=\"7647\" data-end=\"7909\">\n<li data-start=\"7647\" data-end=\"7706\">\n<p data-start=\"7649\" data-end=\"7706\"><strong data-start=\"7649\" data-end=\"7664\">Naziv po IUPAC-u:<\/strong> 1-(4-fluorofenil)-N-metilpropan-2-amin<\/p>\n<\/li>\n<li data-start=\"7707\" data-end=\"7740\">\n<p data-start=\"7709\" data-end=\"7740\"><strong data-start=\"7709\" data-end=\"7729\">Molekularna formula:<\/strong> C10H14FN<\/p>\n<\/li>\n<li data-start=\"7741\" data-end=\"7777\">\n<p data-start=\"7743\" data-end=\"7777\"><strong data-start=\"7743\" data-end=\"7761\">Molekularna masa:<\/strong> \u00b1167,22 g\/mol<\/p>\n<\/li>\n<li data-start=\"7778\" data-end=\"7831\">\n<p data-start=\"7780\" data-end=\"7831\"><strong data-start=\"7780\" data-end=\"7801\">Kemijska klasa:<\/strong> Supstituirani amfetamini<\/p>\n<\/li>\n<li data-start=\"7832\" data-end=\"7909\">\n<p data-start=\"7834\" data-end=\"7909\"><strong data-start=\"7834\" data-end=\"7854\">Funkcija receptora:<\/strong> Osloba\u0111a\u010d dopamina, serotonina i noradrenalina.<\/p>\n<\/li>\n<\/ul>\n<p data-start=\"7911\" data-end=\"8076\">The <strong data-start=\"7914\" data-end=\"7934\">supstitucija fluora<\/strong> utje\u010de na afinitet vezanja receptora i lipofilnost, \u0161to ga \u010dini zanimljivim za <strong data-start=\"8024\" data-end=\"8075\">istra\u017eivanje odnosa strukture i aktivnosti (SAR)<\/strong>.<\/p>\n<hr data-start=\"8078\" data-end=\"8081\" \/>\n<h2 data-start=\"8083\" data-end=\"8110\"><strong data-start=\"8086\" data-end=\"8110\">Istra\u017eiva\u010dke svrhe<\/strong><\/h2>\n<p data-start=\"8112\" data-end=\"8142\">4-FMA se istra\u017euje zbog:<\/p>\n<ul data-start=\"8143\" data-end=\"8427\">\n<li data-start=\"8143\" data-end=\"8205\">\n<p data-start=\"8145\" data-end=\"8205\"><strong data-start=\"8145\" data-end=\"8168\">Analiti\u010dka kemija:<\/strong> detekcija putem GC-MS, LC-MS i FTIR.<\/p>\n<\/li>\n<li data-start=\"8206\" data-end=\"8277\">\n<p data-start=\"8208\" data-end=\"8277\"><strong data-start=\"8208\" data-end=\"8236\">Forenzi\u010dka toksikologija:<\/strong> identifikacija u biolo\u0161kim uzorcima.<\/p>\n<\/li>\n<li data-start=\"8278\" data-end=\"8339\">\n<p data-start=\"8280\" data-end=\"8339\"><strong data-start=\"8280\" data-end=\"8297\">Farmakologija:<\/strong> prou\u010davanje djelovanja transportera monoamina.<\/p>\n<\/li>\n<li data-start=\"8340\" data-end=\"8427\">\n<p data-start=\"8342\" data-end=\"8427\"><strong data-start=\"8342\" data-end=\"8362\">Javno zdravstvo:<\/strong> podr\u0161ka sustavima upozorenja za stimuliranje novih psihoaktivnih tvari. <span class=\"___SBox_epc1q-ko_ ___SText_zko9t-ko_\" data-ui-name=\"Link.Text\">kupiti 4 fma<\/span><\/p>\n<\/li>\n<\/ul>\n<hr data-start=\"8429\" data-end=\"8432\" \/>\n<h2 data-start=\"8434\" data-end=\"8478\"><strong data-start=\"8437\" data-end=\"8478\">Sigurnosna i pravna razmatranja<\/strong><\/h2>\n<p data-start=\"8480\" data-end=\"8497\"><strong data-start=\"8480\" data-end=\"8495\">Sigurnost:<\/strong><\/p>\n<ul data-start=\"8498\" data-end=\"8675\">\n<li data-start=\"8498\" data-end=\"8556\">\n<p data-start=\"8500\" data-end=\"8556\">Rukovati samo od strane <strong data-start=\"8521\" data-end=\"8553\">kvalificirani istra\u017eiva\u010di<\/strong>.<\/p>\n<\/li>\n<li data-start=\"8557\" data-end=\"8622\">\n<p data-start=\"8559\" data-end=\"8622\">Upotreba <strong data-start=\"8567\" data-end=\"8619\">rukavice, za\u0161titne nao\u010dale i laboratorijski ogrta\u010d<\/strong>.<\/p>\n<\/li>\n<li data-start=\"8623\" data-end=\"8675\">\n<p data-start=\"8625\" data-end=\"8675\">Rad pod <strong data-start=\"8640\" data-end=\"8653\">napa<\/strong> i izbjegavati kontakt.<\/p>\n<\/li>\n<\/ul>\n<p data-start=\"8677\" data-end=\"8884\"><strong data-start=\"8677\" data-end=\"8699\">Pravni status:<\/strong><br data-start=\"8699\" data-end=\"8702\" \/>4-FMA je dostupan u ve\u0107ini zemalja <strong data-start=\"8731\" data-end=\"8758\">zabranjeno ili regulirano<\/strong> pod <strong data-start=\"8768\" data-end=\"8780\">Zakon o opijumu<\/strong> ili <strong data-start=\"8784\" data-end=\"8818\">zakonodavstvo o psihoaktivnim tvarima<\/strong>.<br data-start=\"8819\" data-end=\"8822\" \/>Kori\u0161tenje ili posjedovanje izvan istra\u017eiva\u010dkih svrha je <strong data-start=\"8870\" data-end=\"8883\">ka\u017enjiv<\/strong>.<\/p>\n<hr data-start=\"8886\" data-end=\"8889\" \/>\n<h2 data-start=\"8891\" data-end=\"8925\"><strong data-start=\"8894\" data-end=\"8925\">\u010cesto postavljana pitanja (FAQs)<\/strong><\/h2>\n<h3 data-start=\"8927\" data-end=\"8970\"><strong data-start=\"8931\" data-end=\"8970\">1. Za \u0161to se prou\u010dava 4-FMA?<\/strong><\/h3>\n<p data-start=\"8971\" data-end=\"9056\">Za <strong data-start=\"8976\" data-end=\"9030\">forenzi\u010dka, analiti\u010dka i farmakolo\u0161ka istra\u017eivanja<\/strong> na analoge amfetamina.<\/p>\n<h3 data-start=\"9058\" data-end=\"9085\"><strong data-start=\"9062\" data-end=\"9085\">2. Je li 4-FMA legalan?<\/strong><\/h3>\n<p data-start=\"9086\" data-end=\"9148\">Ne, 4-FMA je dostupan u ve\u0107ini zemalja <strong data-start=\"9120\" data-end=\"9147\">regulirano ili zabranjeno<\/strong>.<\/p>\n<h3 data-start=\"9150\" data-end=\"9201\"><strong data-start=\"9154\" data-end=\"9201\">3. Kako se 4-FMA treba sigurno rukovati?<\/strong><\/h3>\n<p data-start=\"9202\" data-end=\"9316\">Samo od <strong data-start=\"9214\" data-end=\"9244\">profesionalni istra\u017eiva\u010di<\/strong> s desnim <strong data-start=\"9259\" data-end=\"9285\">sigurnosne mjere<\/strong> u kontroliranim laboratorijima.<\/p>","protected":false},"excerpt":{"rendered":"<ul>\n<li><strong><span dir=\"auto\" style=\"vertical-align: inherit;\"><span dir=\"auto\" style=\"vertical-align: inherit;\">Stabilnost<\/span><\/span><\/strong><span dir=\"auto\" style=\"vertical-align: inherit;\"><span dir=\"auto\" style=\"vertical-align: inherit;\"> 36 mjeseci na -20\u00b0C<\/span><\/span><\/li>\n<li><strong><span dir=\"auto\" style=\"vertical-align: inherit;\"><span dir=\"auto\" style=\"vertical-align: inherit;\">Kompatibilnost<\/span><\/span><\/strong><span dir=\"auto\" style=\"vertical-align: inherit;\"><span dir=\"auto\" style=\"vertical-align: inherit;\"> Pogodno za uobi\u010dajene odbojnike<\/span><\/span><\/li>\n<li><strong><span dir=\"auto\" style=\"vertical-align: inherit;\"><span dir=\"auto\" style=\"vertical-align: inherit;\">Koristiti<\/span><\/span><\/strong><span dir=\"auto\" style=\"vertical-align: inherit;\"><span dir=\"auto\" style=\"vertical-align: inherit;\"> Ispod nape ili digestora<\/span><\/span><\/li>\n<li><strong><span dir=\"auto\" style=\"vertical-align: inherit;\"><span dir=\"auto\" style=\"vertical-align: inherit;\">Pohrana<\/span><\/span><\/strong><span dir=\"auto\" style=\"vertical-align: inherit;\"><span dir=\"auto\" style=\"vertical-align: inherit;\"> Preporu\u010duje se pod inertnim plinom<\/span><\/span><\/li>\n<\/ul>","protected":false},"featured_media":28436,"comment_status":"closed","ping_status":"closed","template":"","meta":[],"product_brand":[82],"product_cat":[459,322,333],"product_tag":[629,644,571,326],"class_list":{"0":"post-23167","1":"product","2":"type-product","3":"status-publish","4":"has-post-thumbnail","6":"product_brand-research-chemical","7":"product_cat-4fma-kopen","8":"product_cat-bijna-verboden","9":"product_cat-gefluoreerden","10":"product_tag-4-fma-kopen","11":"product_tag-4-fma","12":"product_tag-4f-mph","13":"product_tag-nl","15":"first","16":"instock","17":"taxable","18":"shipping-taxable","19":"purchasable","20":"product-type-variable"},"_links":{"self":[{"href":"https:\/\/researchchemicalhub.com\/hr\/wp-json\/wp\/v2\/product\/23167","targetHints":{"allow":["GET"]}}],"collection":[{"href":"https:\/\/researchchemicalhub.com\/hr\/wp-json\/wp\/v2\/product"}],"about":[{"href":"https:\/\/researchchemicalhub.com\/hr\/wp-json\/wp\/v2\/types\/product"}],"replies":[{"embeddable":true,"href":"https:\/\/researchchemicalhub.com\/hr\/wp-json\/wp\/v2\/comments?post=23167"}],"version-history":[{"count":8,"href":"https:\/\/researchchemicalhub.com\/hr\/wp-json\/wp\/v2\/product\/23167\/revisions"}],"predecessor-version":[{"id":28061,"href":"https:\/\/researchchemicalhub.com\/hr\/wp-json\/wp\/v2\/product\/23167\/revisions\/28061"}],"wp:featuredmedia":[{"embeddable":true,"href":"https:\/\/researchchemicalhub.com\/hr\/wp-json\/wp\/v2\/media\/28436"}],"wp:attachment":[{"href":"https:\/\/researchchemicalhub.com\/hr\/wp-json\/wp\/v2\/media?parent=23167"}],"wp:term":[{"taxonomy":"product_brand","embeddable":true,"href":"https:\/\/researchchemicalhub.com\/hr\/wp-json\/wp\/v2\/product_brand?post=23167"},{"taxonomy":"product_cat","embeddable":true,"href":"https:\/\/researchchemicalhub.com\/hr\/wp-json\/wp\/v2\/product_cat?post=23167"},{"taxonomy":"product_tag","embeddable":true,"href":"https:\/\/researchchemicalhub.com\/hr\/wp-json\/wp\/v2\/product_tag?post=23167"}],"curies":[{"name":"radni list","href":"https:\/\/api.w.org\/{rel}","templated":true}]}}