{"id":23084,"date":"2025-04-13T17:39:07","date_gmt":"2025-04-13T17:39:07","guid":{"rendered":"https:\/\/researchchemicalhub.com\/?post_type=product&#038;p=23084"},"modified":"2025-10-30T12:53:48","modified_gmt":"2025-10-30T12:53:48","slug":"4homet-fumarate","status":"publish","type":"product","link":"https:\/\/researchchemicalhub.com\/hr\/shop\/4-ho-met\/4homet-fumarate\/","title":{"rendered":"4-HO-MET fumarat"},"content":{"rendered":"<h1><strong>4HOMET fumarat \u2013 \u010cista istra\u017eiva\u010dka kemikalija<\/strong><\/h1>\n<h2><strong>\u0160to je 4-HO-MET fumarat?<\/strong><\/h2>\n<p>4HOMET fumarat (4-hidroksi-N-metil-N-etiltriptamin fumarat) je sintetski psihodeli\u010dni triptamin, srodan psilocibinu. Poznat je po svojim svojstvima vizualne stimulacije i emocionalnog oboga\u0107ivanja.<\/p>\n<p>Ova tvar se koristi isklju\u010divo za znanstvena istra\u017eivanja, posebno u farmakologiji i studijama svijesti. Proizvod je dostupan u \u010distom, precizno doziranom obliku i prikladan je za kontrolirane istra\u017eiva\u010dke svrhe.<a title=\"1cP-LSD 150 MCG Art Blotters\" href=\"https:\/\/researchchemicalhub.com\/hr\/shop\/lysergamides\/1cp-lsd\/\" target=\"_blank\" rel=\"noopener\">1cP-LSD 150 MCG Art Blotters<\/a><\/p>\n<h2><strong>Karakteristike 4-HO-MET fumarata<\/strong><\/h2>\n<ul>\n<li><strong>Visoka \u010disto\u0107a<\/strong> \u2013 Proizvedeno prema strogim laboratorijskim standardima<\/li>\n<li><strong>To\u010dno doziranje<\/strong> \u2013 Konzistentan sastav za pouzdane rezultate<\/li>\n<li><strong>Sigurno pakiranje<\/strong> \u2013 Hermeti\u010dki i svjetlosno zatvoreno kako bi se osigurala stabilnost<\/li>\n<li><strong>Neovisno testirano<\/strong> \u2013 Kontrola kvalitete putem vanjskih laboratorijskih analiza<\/li>\n<\/ul>\n<h2><strong>Efekti i profil efekata<\/strong><\/h2>\n<p>4-HO-MET fumarat je poznat po:<\/p>\n<ul>\n<li><strong>Intenzivni vizualni efekti<\/strong> kao \u0161to su poja\u010davanje boja i percepcija uzoraka<\/li>\n<li><strong>Pove\u0107ana emocionalna otvorenost i euforija<\/strong><\/li>\n<li><strong>Nisko kognitivno optere\u0107enje<\/strong> u usporedbi sa sli\u010dnim triptaminima<\/li>\n<li><strong>Trajanje djelovanja: 4 do 6 sati<\/strong><\/li>\n<\/ul>\n<p>U\u010dinci obi\u010dno po\u010dinju unutar <strong>20 do 40 minuta<\/strong> i dosegnuti vrhunac oko <strong>2 do 3 sata<\/strong> nakon uzimanja.<\/p>\n<h2><strong>Preporu\u010dene doze za istra\u017eivanje<\/strong><\/h2>\n<ul>\n<li><strong>Niska doza:<\/strong> 5 do 10 mg<\/li>\n<li><strong>Prosje\u010dna doza:<\/strong> 10 do 20 mg<\/li>\n<li><strong>Visoka doza:<\/strong> 20 do 30 mg (samo za iskusne istra\u017eiva\u010de)<\/li>\n<\/ul>\n<p>Uvijek po\u010dnite s niskom dozom kako biste utvrdili individualnu osjetljivost.<a title=\"Kupite Ibogain HCL\" href=\"https:\/\/researchchemicalhub.com\/hr\/shop\/iboga-ibogaine\/buy-ibogaine-hcl-online\/\" target=\"_blank\" rel=\"noopener\">Kupite Ibogain HCL<\/a><\/p>\n<h2><strong>Sigurnosne upute<\/strong><\/h2>\n<ul>\n<li>Ne koristite ako imate mentalna stanja poput anksioznosti ili psihoze.<\/li>\n<li>Uvijek se primjenjujte u kontroliranom istra\u017eiva\u010dkom okru\u017eenju<\/li>\n<li>Ne kombinirati s drugim psihoaktivnim tvarima<\/li>\n<li>\u010cuvati na hladnom, suhom i sigurnom mjestu, izvan dohvata neovla\u0161tenih osoba.<\/li>\n<\/ul>\n<h2><strong>Aplikacije i ciljana publika<\/strong><\/h2>\n<p>4-HO MET fumarat je namijenjen za:<\/p>\n<ul>\n<li><strong>Znanstveno istra\u017eivanje<\/strong> na psihodeli\u010dne tvari<\/li>\n<li><strong>Studije akademske svijesti<\/strong> unutar neuroznanosti i psihologije<\/li>\n<li><strong>Iskusni istra\u017eiva\u010di<\/strong> sa znanjem o triptaminima.<a title=\"Kora korijena iboge\" href=\"https:\/\/researchchemicalhub.com\/hr\/shop\/iboga-ibogaine\/iboga-root-bark\/\" target=\"_blank\" rel=\"noopener\">Kora korijena iboge<\/a><\/li>\n<\/ul>\n<h2><strong>Podaci o narud\u017ebi<\/strong><\/h2>\n<p>4-HO-MET fumarat se isporu\u010duje diskretno i sigurno zapakiran. Dostupan je kao visokokvalitetni istra\u017eiva\u010dki proizvod za profesionalce.<\/p>","protected":false},"excerpt":{"rendered":"<h3><span style=\"vertical-align: inherit;\"><span style=\"vertical-align: inherit;\">4-HO-MET Fumarate<\/span><\/span><\/h3>\n<p><span style=\"vertical-align: inherit;\"><span style=\"vertical-align: inherit;\">Synonyms: 4-hydroxy-N-methyl-N-ethyltryptamine; metocin; <\/span><\/span><br \/>\n<span style=\"vertical-align: inherit;\"><span style=\"vertical-align: inherit;\">3-{2-[ethyl(methyl)amino]ethyl}-1H-indol-4-ol <\/span><\/span><br \/>\n<span style=\"vertical-align: inherit;\"><span style=\"vertical-align: inherit;\">CAS number: 77872-41-4 <\/span><\/span><br \/>\n<span style=\"vertical-align: inherit;\"><span style=\"vertical-align: inherit;\">Formula: C13H18N2O <\/span><\/span><br \/>\n<span style=\"vertical-align: inherit;\"><span style=\"vertical-align: inherit;\">Molar mass: 218.3 g\/mol <\/span><\/span><br \/>\n<span style=\"vertical-align: inherit;\"><span style=\"vertical-align: inherit;\">Purity: \u226598%<\/span><\/span><\/p>\n","protected":false},"featured_media":28447,"comment_status":"closed","ping_status":"closed","template":"","meta":[],"product_brand":[82],"product_cat":[382,381],"product_tag":[658,659,657,326],"class_list":{"0":"post-23084","1":"product","2":"type-product","3":"status-publish","4":"has-post-thumbnail","6":"product_brand-research-chemical","7":"product_cat-4-ho-met","8":"product_cat-tryptamines","9":"product_tag-4-ho-met","10":"product_tag-4ho-met","11":"product_tag-4homet","12":"product_tag-nl","14":"first","15":"instock","16":"taxable","17":"shipping-taxable","18":"purchasable","19":"product-type-variable"},"_links":{"self":[{"href":"https:\/\/researchchemicalhub.com\/hr\/wp-json\/wp\/v2\/product\/23084","targetHints":{"allow":["GET"]}}],"collection":[{"href":"https:\/\/researchchemicalhub.com\/hr\/wp-json\/wp\/v2\/product"}],"about":[{"href":"https:\/\/researchchemicalhub.com\/hr\/wp-json\/wp\/v2\/types\/product"}],"replies":[{"embeddable":true,"href":"https:\/\/researchchemicalhub.com\/hr\/wp-json\/wp\/v2\/comments?post=23084"}],"version-history":[{"count":5,"href":"https:\/\/researchchemicalhub.com\/hr\/wp-json\/wp\/v2\/product\/23084\/revisions"}],"predecessor-version":[{"id":26298,"href":"https:\/\/researchchemicalhub.com\/hr\/wp-json\/wp\/v2\/product\/23084\/revisions\/26298"}],"wp:featuredmedia":[{"embeddable":true,"href":"https:\/\/researchchemicalhub.com\/hr\/wp-json\/wp\/v2\/media\/28447"}],"wp:attachment":[{"href":"https:\/\/researchchemicalhub.com\/hr\/wp-json\/wp\/v2\/media?parent=23084"}],"wp:term":[{"taxonomy":"product_brand","embeddable":true,"href":"https:\/\/researchchemicalhub.com\/hr\/wp-json\/wp\/v2\/product_brand?post=23084"},{"taxonomy":"product_cat","embeddable":true,"href":"https:\/\/researchchemicalhub.com\/hr\/wp-json\/wp\/v2\/product_cat?post=23084"},{"taxonomy":"product_tag","embeddable":true,"href":"https:\/\/researchchemicalhub.com\/hr\/wp-json\/wp\/v2\/product_tag?post=23084"}],"curies":[{"name":"radni list","href":"https:\/\/api.w.org\/{rel}","templated":true}]}}