{"id":27449,"date":"2025-10-20T16:11:46","date_gmt":"2025-10-20T16:11:46","guid":{"rendered":"https:\/\/researchchemicalhub.com\/?post_type=product&#038;p=27449"},"modified":"2025-10-21T05:54:54","modified_gmt":"2025-10-21T05:54:54","slug":"fentanyl-kopen","status":"publish","type":"product","link":"https:\/\/researchchemicalhub.com\/fr_be\/shop\/okategoriserad\/fentanyl-kopen\/","title":{"rendered":"fentanyl"},"content":{"rendered":"<h2 data-start=\"516\" data-end=\"545\"><strong data-start=\"519\" data-end=\"545\">Introduction au fentanyl<\/strong><\/h2>\n<p data-start=\"547\" data-end=\"865\">Le fentanyl est un <strong data-start=\"564\" data-end=\"588\">opio\u00efde synth\u00e9tique<\/strong>, comme dans la m\u00e9decine pour la gestion <strong data-start=\"624\" data-end=\"662\">starker bis sehr starker Schmerzen<\/strong> eingesetzt wird \u2013 beispielsweise bei <strong data-start=\"700\" data-end=\"718\">Patients atteints de la maladie de Krebs<\/strong> ou apr\u00e8s des op\u00e9rations importantes. Es entendu zu den <strong data-start=\"768\" data-end=\"808\">Schmerzmitteln \u00e0 peindre le plus r\u00e9sistant<\/strong> et c&#039;est ainsi <strong data-start=\"822\" data-end=\"862\">50 \u00e0 100 fois plus puissant que la morphine<\/strong>acheter du fentanyl<\/p>\n<p data-start=\"867\" data-end=\"1083\">Depuis le d\u00e9but des ann\u00e9es 1960, le fentanyl a \u00e9t\u00e9 utilis\u00e9 et est encore utilis\u00e9 actuellement <strong data-start=\"958\" data-end=\"980\">Darreichungsformen<\/strong> OMS <strong data-start=\"985\" data-end=\"1042\">Pflaster, Lutscher, Injektionsl\u00f6sungen ou Tabletten<\/strong> (par exemple, Fentanyl-Tabletten) erh\u00e4ltlich. acheter du fentanyl<\/p>\n<p data-start=\"1085\" data-end=\"1223\">Si le Fentanyl est une question d&#039;utilisation, osez-le <strong data-start=\"1136\" data-end=\"1204\">Regardez de plus pr\u00e8s et avec des conseils utiles<\/strong> s&#039;habituer.<\/p>\n<hr data-start=\"1225\" data-end=\"1228\" \/>\n<h2 data-start=\"1230\" data-end=\"1263\"><strong data-start=\"1233\" data-end=\"1263\">Wirkungsweise von Fentanyl<\/strong><\/h2>\n<p data-start=\"1265\" data-end=\"1442\">Le fentanyl agit directement sur <strong data-start=\"1295\" data-end=\"1340\">R\u00e9cepteurs d&#039;opio\u00efdes dans l&#039;\u00c9tat et le Royaume-Uni<\/strong>. Lors de ces connexions, le signal Schmerzsignale est bloqu\u00e9 et le signal Schmerzwahrnehmung est automatiquement r\u00e9duit.<\/p>\n<p data-start=\"1444\" data-end=\"1593\">Die Wirkung tritt in der Regel <strong data-start=\"1475\" data-end=\"1495\">tr\u00e8s rapidement un<\/strong> \u2013 passez quelques minutes \u00e0 l\u2019int\u00e9rieur \u2013 et continuez avec votre formulaire de traitement <strong data-start=\"1568\" data-end=\"1587\">plusieurs heures<\/strong> un.<\/p>\n<p data-start=\"1595\" data-end=\"1799\">Neben der Schmerzlinderung peut \u00e9galement utiliser Fentanyl <strong data-start=\"1648\" data-end=\"1666\">Effets secondaires<\/strong> qui Schl\u00e4frigkeit, \u00dcbelkeit, Verstopfung oder Atemdepression verursachen, weshalb die <strong data-start=\"1753\" data-end=\"1786\">Dosierung streng kontrolliert<\/strong> \u00e9taient des \u00e9checs.<\/p>\n<hr data-start=\"1801\" data-end=\"1804\" \/>\n<h2 data-start=\"1806\" data-end=\"1839\"><strong data-start=\"1809\" data-end=\"1839\">Hauptmerkmale von Fentanyl<\/strong><\/h2>\n<div class=\"_tableContainer_1rjym_1\">\n<div class=\"group _tableWrapper_1rjym_13 flex w-fit flex-col-reverse\" tabindex=\"-1\">\n<table class=\"w-fit min-w-(--thread-content-width)\" data-start=\"1841\" data-end=\"2363\">\n<thead data-start=\"1841\" data-end=\"1871\">\n<tr data-start=\"1841\" data-end=\"1871\">\n<th data-start=\"1841\" data-end=\"1855\" data-col-size=\"sm\">Propri\u00e9t\u00e9<\/th>\n<th data-start=\"1855\" data-end=\"1871\" data-col-size=\"md\">Description<\/th>\n<\/tr>\n<\/thead>\n<tbody data-start=\"1904\" data-end=\"2363\">\n<tr data-start=\"1904\" data-end=\"1961\">\n<td data-start=\"1904\" data-end=\"1926\" data-col-size=\"sm\"><strong data-start=\"1906\" data-end=\"1925\">Classe de mat\u00e9riaux<\/strong><\/td>\n<td data-col-size=\"md\" data-start=\"1926\" data-end=\"1961\">Analg\u00e9sique opio\u00efde synth\u00e9tique<\/td>\n<\/tr>\n<tr data-start=\"1962\" data-end=\"2016\">\n<td data-start=\"1962\" data-end=\"1979\" data-col-size=\"sm\"><strong data-start=\"1964\" data-end=\"1978\">Points forts du travail<\/strong><\/td>\n<td data-col-size=\"md\" data-start=\"1979\" data-end=\"2016\">Etwa 50-100 \u00d7 plus que Morphin<\/td>\n<\/tr>\n<tr data-start=\"2017\" data-end=\"2098\">\n<td data-start=\"2017\" data-end=\"2042\" data-col-size=\"sm\"><strong data-start=\"2019\" data-end=\"2041\">Darreichungsformen<\/strong><\/td>\n<td data-col-size=\"md\" data-start=\"2042\" data-end=\"2098\">Pflaster, Comprim\u00e9s, Lutscher, Nasenspray, Injektion<\/td>\n<\/tr>\n<tr data-start=\"2099\" data-end=\"2178\">\n<td data-start=\"2099\" data-end=\"2122\" data-col-size=\"sm\"><strong data-start=\"2101\" data-end=\"2121\">Domaine d&#039;application<\/strong><\/td>\n<td data-col-size=\"md\" data-start=\"2122\" data-end=\"2178\">Le traitement est plus chronique ou aigu<\/td>\n<\/tr>\n<tr data-start=\"2179\" data-end=\"2236\">\n<td data-start=\"2179\" data-end=\"2207\" data-col-size=\"sm\"><strong data-start=\"2181\" data-end=\"2206\">Verschreibungsbflicht<\/strong><\/td>\n<td data-col-size=\"md\" data-start=\"2207\" data-end=\"2236\">Nur auf \u00e4rztliches Rezept<\/td>\n<\/tr>\n<tr data-start=\"2237\" data-end=\"2293\">\n<td data-start=\"2237\" data-end=\"2258\" data-col-size=\"sm\"><strong data-start=\"2239\" data-end=\"2257\">D\u00e9but d&#039;activit\u00e9<\/strong><\/td>\n<td data-col-size=\"md\" data-start=\"2258\" data-end=\"2293\">Schnell \u2013 salle int\u00e9rieure de Minuten<\/td>\n<\/tr>\n<tr data-start=\"2294\" data-end=\"2363\">\n<td data-start=\"2294\" data-end=\"2318\" data-col-size=\"sm\"><strong data-start=\"2296\" data-end=\"2317\">Dur\u00e9e d&#039;efficacit\u00e9<\/strong><\/td>\n<td data-col-size=\"md\" data-start=\"2318\" data-end=\"2363\">Plus d&#039;informations, je nach Formulaire de candidature<\/td>\n<\/tr>\n<\/tbody>\n<\/table>\n<\/div>\n<\/div>\n<hr data-start=\"2365\" data-end=\"2368\" \/>\n<h2 data-start=\"2370\" data-end=\"2410\"><strong data-start=\"2373\" data-end=\"2410\">Avantages pour la sant\u00e9 et les soins m\u00e9dicaux<\/strong><\/h2>\n<ul data-start=\"2412\" data-end=\"2929\">\n<li data-start=\"2412\" data-end=\"2517\">\n<p data-start=\"2414\" data-end=\"2517\"><strong data-start=\"2414\" data-end=\"2442\">Forte s\u00e9quelle :<\/strong> Assurez-vous de travailler avec des cellules tumorales ou des interventions chirurgicales \u00e0 Eingriffen.<\/p>\n<\/li>\n<li data-start=\"2518\" data-end=\"2613\">\n<p data-start=\"2520\" data-end=\"2613\"><strong data-start=\"2520\" data-end=\"2551\">Schneller Wirkungseintritt:<\/strong> Id\u00e9al avec le pl\u00f6tzlichen Schmerzspitzen (Durchbruchschmerzen).<\/p>\n<\/li>\n<li data-start=\"2614\" data-end=\"2715\">\n<p data-start=\"2616\" data-end=\"2715\"><strong data-start=\"2616\" data-end=\"2639\">Vielf\u00e4ltige Formen:<\/strong> Traitement flexible \u2013 des comprim\u00e9s transdermiques Pflastern bis zu oralen.<\/p>\n<\/li>\n<li data-start=\"2716\" data-end=\"2810\">\n<p data-start=\"2718\" data-end=\"2810\"><strong data-start=\"2718\" data-end=\"2750\">Dosage contr\u00f4lable :<\/strong> Erm\u00f6glicht genaue Anpassung un Schmerzgrade individuel.<\/p>\n<\/li>\n<li data-start=\"2811\" data-end=\"2929\">\n<p data-start=\"2813\" data-end=\"2929\"><strong data-start=\"2813\" data-end=\"2856\">Soutien aux th\u00e9rapies palliatives :<\/strong> Am\u00e9liore la qualit\u00e9 de vie des patients souffrant de douleurs chroniques.<\/p>\n<\/li>\n<\/ul>\n<hr data-start=\"2931\" data-end=\"2934\" \/>\n<h2 data-start=\"2936\" data-end=\"2966\"><strong data-start=\"2939\" data-end=\"2966\">Anwendung und Dosierung<\/strong><\/h2>\n<p data-start=\"2968\" data-end=\"3055\">Que <strong data-start=\"2972\" data-end=\"2998\">Application du fentanyl<\/strong> erfolgt ausschlie\u00dflich <strong data-start=\"3022\" data-end=\"3052\">unter \u00e4rztlicher Anweisung<\/strong>.<\/p>\n<ul data-start=\"3057\" data-end=\"3381\">\n<li data-start=\"3057\" data-end=\"3164\">\n<p data-start=\"3059\" data-end=\"3164\"><strong data-start=\"3059\" data-end=\"3081\">Fentanyl Pflaster :<\/strong> Wird auf die Haut klebt et gibt de Wirkstoff \u00fcber 72 Stunden gleichm\u00e4\u00dfig ab.<\/p>\n<\/li>\n<li data-start=\"3165\" data-end=\"3274\">\n<p data-start=\"3167\" data-end=\"3274\"><strong data-start=\"3167\" data-end=\"3204\">Comprim\u00e9s de Fentanyl ou Lutscher\u00a0:<\/strong> Pour des Schmerzspitzen frais, notamment avec des Durchbruchschmerzen.<\/p>\n<\/li>\n<li data-start=\"3275\" data-end=\"3381\">\n<p data-start=\"3277\" data-end=\"3381\"><strong data-start=\"3277\" data-end=\"3309\">Injektionen oder Infusionen:<\/strong> En cas de maladie, ils subissent une schmerzth\u00e9rapie ou une anesth\u00e9sie postop\u00e9ratoire.<\/p>\n<\/li>\n<\/ul>\n<p data-start=\"3383\" data-end=\"3578\"><strong data-start=\"3383\" data-end=\"3405\">Remarque importante :<\/strong><br data-start=\"3405\" data-end=\"3408\" \/>Fentanyl darf <strong data-start=\"3422\" data-end=\"3476\">pas unique ou ind\u00e9pendant de son propre contr\u00f4le<\/strong> ont \u00e9t\u00e9 prises. Un faux changement peut \u00eatre effectu\u00e9 <strong data-start=\"3534\" data-end=\"3570\">surdosage des dispositifs de maintien des fonctions vitales<\/strong> diriger.<\/p>\n<hr data-start=\"3580\" data-end=\"3583\" \/>\n<h2 data-start=\"3585\" data-end=\"3621\"><strong data-start=\"3588\" data-end=\"3621\">Sicherheits- und Warnhinweise<\/strong><\/h2>\n<ul data-start=\"3623\" data-end=\"3919\">\n<li data-start=\"3623\" data-end=\"3681\">\n<p data-start=\"3625\" data-end=\"3681\">Pas avec de l&#039;alcool ou des combinaisons d&#039;alcool.<\/p>\n<\/li>\n<li data-start=\"3682\" data-end=\"3735\">\n<p data-start=\"3684\" data-end=\"3735\">Au\u00dferhalb der Reichweite von Kindern aufbewahren.<\/p>\n<\/li>\n<li data-start=\"3736\" data-end=\"3815\">\n<p data-start=\"3738\" data-end=\"3815\">Veuillez informer si vous avez des probl\u00e8mes d\u2019asthme ou des allergies aux opio\u00efdes.<\/p>\n<\/li>\n<li data-start=\"3816\" data-end=\"3878\">\n<p data-start=\"3818\" data-end=\"3878\">Entsorgung gebrauchter Pflaster nach \u00e4rztlicher Anweisung.<\/p>\n<\/li>\n<li data-start=\"3879\" data-end=\"3919\">\n<p data-start=\"3881\" data-end=\"3919\">Pas sans autom\u00e9dication !<\/p>\n<\/li>\n<\/ul>\n<hr data-start=\"3921\" data-end=\"3924\" \/>\n<h2 data-start=\"3926\" data-end=\"3952\"><strong data-start=\"3929\" data-end=\"3952\">Remarques juridiques<\/strong><\/h2>\n<p data-start=\"3954\" data-end=\"4260\">En Allemagne, le fentanyl rel\u00e8ve de cette cat\u00e9gorie. <strong data-start=\"3994\" data-end=\"4027\">Betaubungsmittelgesetz (BtMG)<\/strong>.<br data-start=\"4028\" data-end=\"4031\" \/>La sortie et l&#039;acc\u00e8s \u00e0 la Seine sont strictement r\u00e9glement\u00e9s, la circulation est donc emp\u00each\u00e9e.<br data-start=\"4113\" data-end=\"4116\" \/>Nur arzte \u00c4rzte d\u00fcrfen Fentanyl schreiben, and pharmacies geben es ausschlie\u00dflich gegen Vorlage eines <strong data-start=\"4226\" data-end=\"4253\">Bet\u00e4ubungsmittelrezepts<\/strong> depuis.<\/p>\n<p data-start=\"4262\" data-end=\"4414\">De plus amples informations sont disponibles sur la page officielle des <strong data-start=\"4325\" data-end=\"4413\"><a class=\"decorated-link cursor-pointer\" target=\"_new\" rel=\"noopener\" data-start=\"4327\" data-end=\"4411\">Institut f\u00e9d\u00e9ral de la sant\u00e9 et des produits m\u00e9dicaux (BfArM)<\/a><\/strong>.<\/p>\n<hr data-start=\"4416\" data-end=\"4419\" \/>\n<h2 data-start=\"4421\" data-end=\"4457\"><strong data-start=\"4424\" data-end=\"4457\">H\u00e4ufig gestelte Fragen (FAQ)<\/strong><\/h2>\n<p data-start=\"4459\" data-end=\"4637\"><strong data-start=\"4459\" data-end=\"4490\">1\ufe0f\u20e3 Le fentanyl \u00e9tait-il acceptable\u00a0?<\/strong><br data-start=\"4490\" data-end=\"4493\" \/>Le fentanyl est une substance synth\u00e9tique puissante appartenant \u00e0 la famille des opio\u00efdes. Il est important de garder \u00e0 l&#039;esprit que les patients r\u00e9sistants aux traitements doivent pouvoir y faire face.<\/p>\n<p data-start=\"4639\" data-end=\"4807\"><strong data-start=\"4639\" data-end=\"4672\">2\ufe0f\u20e3 Qui utilise depuis longtemps le Fentanyl ?<\/strong><br data-start=\"4672\" data-end=\"4675\" \/>Le formulaire Darreichungsform pr\u00e9sente le Fentanyl entre 2 et 72 heures. Pflaster geben den Wirkstoff \u00fcber meerere Tage kontinuierlich ab.<\/p>\n<p data-start=\"4809\" data-end=\"5034\"><strong data-start=\"4809\" data-end=\"4846\">3\ufe0f\u20e3 Le fentanyl peut-il \u00eatre utilis\u00e9 en toute s\u00e9curit\u00e9\u00a0?<\/strong><br data-start=\"4846\" data-end=\"4849\" \/>Oui. Qui peut utiliser d&#039;autres opio\u00efdes avec le fentanyl pendant de longues p\u00e9riodes\u00a0? <strong data-start=\"4914\" data-end=\"4957\">bien-\u00eatre physique et psychologique<\/strong> verursachen. Deshalb suivra le traitement d&#039;un point de vue m\u00e9dical.<\/p>\n<h3 data-start=\"230\" data-end=\"288\"><a style=\"font-size: 16px;\" href=\"https:\/\/researchchemicalhub.com\/fr_be\/shop\/okategoriserad\/4mmc-kopen\/\"><span dir=\"auto\" style=\"vertical-align: inherit;\"><span dir=\"auto\" style=\"vertical-align: inherit;\"><span dir=\"auto\" style=\"vertical-align: inherit;\"><span dir=\"auto\" style=\"vertical-align: inherit;\">Achetez 4mmc <\/span><\/span><\/span><\/span><\/a><a style=\"font-size: 16px;\" href=\"https:\/\/researchchemicalhub.com\/fr_be\/shop\/iboga-ibogaine\/iboga-root-bark\/\"><span dir=\"auto\" style=\"vertical-align: inherit;\"><span dir=\"auto\" style=\"vertical-align: inherit;\"><span dir=\"auto\" style=\"vertical-align: inherit;\"><span dir=\"auto\" style=\"vertical-align: inherit;\">\u00e9corce de racine d&#039;iboga<\/span><\/span><\/span><\/span><\/a><a style=\"font-size: 16px;\" href=\"https:\/\/researchchemicalhub.com\/fr_be\/shop\/iboga-ibogaine\/buy-ibogaine-hcl-online\/\"><span dir=\"auto\" style=\"vertical-align: inherit;\"><span dir=\"auto\" style=\"vertical-align: inherit;\"><span dir=\"auto\" style=\"vertical-align: inherit;\"><span dir=\"auto\" style=\"vertical-align: inherit;\">\u200b acheter de l&#039;iboga\u00efne hcl en ligne<\/span><\/span><\/span><\/span><\/a><a style=\"font-size: 16px;\" href=\"https:\/\/researchchemicalhub.com\/fr_be\/shop\/lysergamides\/1cp-lsd\/\"><span dir=\"auto\" style=\"vertical-align: inherit;\"><span dir=\"auto\" style=\"vertical-align: inherit;\"><span dir=\"auto\" style=\"vertical-align: inherit;\"><span dir=\"auto\" style=\"vertical-align: inherit;\">1 cp de LSD <\/span><\/span><\/span><\/span><\/a><a style=\"font-size: 16px;\" href=\"https:\/\/researchchemicalhub.com\/fr_be\/shop\/pellets-for-pellet\/o-dsmt-50mg-pellets\/\"><span dir=\"auto\" style=\"vertical-align: inherit;\"><span dir=\"auto\" style=\"vertical-align: inherit;\"><span dir=\"auto\" style=\"vertical-align: inherit;\"><span dir=\"auto\" style=\"vertical-align: inherit;\">o-dsmt<\/span><\/span><\/span><\/span><\/a><\/h3>","protected":false},"excerpt":{"rendered":"<p>L&#039;efficacit\u00e9 du fentanyl. Le fentanyl est un opio\u00efde de synth\u00e8se utilis\u00e9 dans le traitement des d\u00e9pendances aux drogues dures jusqu&#039;\u00e0 la fin de la journ\u00e9e.<\/p>","protected":false},"featured_media":27450,"comment_status":"open","ping_status":"closed","template":"","meta":[],"product_brand":[],"product_cat":[1085],"product_tag":[1089,1088],"class_list":{"0":"post-27449","1":"product","2":"type-product","3":"status-publish","4":"has-post-thumbnail","6":"product_cat-okategoriserad","7":"product_tag-fentanyl-kopen","8":"product_tag-fentanyl-tablet","10":"first","11":"instock","12":"taxable","13":"shipping-taxable","14":"purchasable","15":"product-type-variable"},"_links":{"self":[{"href":"https:\/\/researchchemicalhub.com\/fr_be\/wp-json\/wp\/v2\/product\/27449","targetHints":{"allow":["GET"]}}],"collection":[{"href":"https:\/\/researchchemicalhub.com\/fr_be\/wp-json\/wp\/v2\/product"}],"about":[{"href":"https:\/\/researchchemicalhub.com\/fr_be\/wp-json\/wp\/v2\/types\/product"}],"replies":[{"embeddable":true,"href":"https:\/\/researchchemicalhub.com\/fr_be\/wp-json\/wp\/v2\/comments?post=27449"}],"version-history":[{"count":4,"href":"https:\/\/researchchemicalhub.com\/fr_be\/wp-json\/wp\/v2\/product\/27449\/revisions"}],"predecessor-version":[{"id":27706,"href":"https:\/\/researchchemicalhub.com\/fr_be\/wp-json\/wp\/v2\/product\/27449\/revisions\/27706"}],"wp:featuredmedia":[{"embeddable":true,"href":"https:\/\/researchchemicalhub.com\/fr_be\/wp-json\/wp\/v2\/media\/27450"}],"wp:attachment":[{"href":"https:\/\/researchchemicalhub.com\/fr_be\/wp-json\/wp\/v2\/media?parent=27449"}],"wp:term":[{"taxonomy":"product_brand","embeddable":true,"href":"https:\/\/researchchemicalhub.com\/fr_be\/wp-json\/wp\/v2\/product_brand?post=27449"},{"taxonomy":"product_cat","embeddable":true,"href":"https:\/\/researchchemicalhub.com\/fr_be\/wp-json\/wp\/v2\/product_cat?post=27449"},{"taxonomy":"product_tag","embeddable":true,"href":"https:\/\/researchchemicalhub.com\/fr_be\/wp-json\/wp\/v2\/product_tag?post=27449"}],"curies":[{"name":"wp","href":"https:\/\/api.w.org\/{rel}","templated":true}]}}