{"id":26126,"date":"2025-10-20T01:31:17","date_gmt":"2025-10-20T01:31:17","guid":{"rendered":"https:\/\/researchchemicalhub.com\/?post_type=product&#038;p=26126"},"modified":"2025-10-21T05:53:39","modified_gmt":"2025-10-21T05:53:39","slug":"acheter-de-liboga","status":"publish","type":"product","link":"https:\/\/researchchemicalhub.com\/fr_be\/boutique\/iboga-ibogaine\/acheter-de-liboga\/","title":{"rendered":"Acheter Iboga TA"},"content":{"rendered":"<h2>Acheter Iboga TA<\/h2>\n<p>Iboga. Achetez de l&#039;Iboga TA (TA signifie \u00ab\u00a0alcalo\u00efde total\u00a0\u00bb). L&#039;Iboga TA est un extrait contenant tous les alcalo\u00efdes pr\u00e9sents dans l&#039;\u00e9corce de racine d&#039;iboga. Les alcalo\u00efdes peuvent \u00eatre extraits de l&#039;\u00e9corce de racine relativement facilement par extraction acide-base. Achetez de l&#039;iboga en ligne.<\/p>\n<p>Des recherches scientifiques montrent une r\u00e9duction drastique des sympt\u00f4mes de sevrage apr\u00e8s la prise d&#039;\u00e9corce de racine d&#039;iboga ou d&#039;extraits connus sous le nom de HCL et TA, jusqu&#039;\u00e0 une quasi-disparition. Des \u00e9tudes montrent que 90% des traitements effectu\u00e9s sont efficaces et que, m\u00eame des mois apr\u00e8s, les patients ne ressentent plus le besoin de rechuter. Outre la lutte contre la d\u00e9pendance, cette m\u00e9thode apporte aux patients une plus grande clart\u00e9 et une meilleure compr\u00e9hension de leur propre vie.<\/p>\n<p>Nous exp\u00e9dions et emballons la poudre d&#039;iboga avec professionnalisme pour garantir une exp\u00e9dition r\u00e9ussie (100%). Nous offrons des services d&#039;experts vers nos destinations respectives et pouvons vous fournir, sur demande, des informations sur le mode d&#039;emploi, le dosage et d&#039;autres informations essentielles. <a href=\"https:\/\/researchchemicalhub.com\/fr_be\/boutique\/non-classe\/acheter-4mmc\/\">acheter 4mmc<\/a><a href=\"https:\/\/researchchemicalhub.com\/fr_be\/boutique\/iboga-ibogaine\/ecorce-de-racine-diboga\/\">\u00e9corce de racine d&#039;iboga<\/a><a href=\"https:\/\/researchchemicalhub.com\/fr_be\/boutique\/iboga-ibogaine\/acheter-de-libogaine-chlorhydrate-en-ligne\/\">acheter de l&#039;iboga\u00efne chlorhydrate en ligne<\/a><a href=\"https:\/\/researchchemicalhub.com\/fr_be\/boutique\/lysergamides\/1-cp-de-lsd-2\/\">1 cp de LSD<\/a><a href=\"https:\/\/researchchemicalhub.com\/fr_be\/boutique\/granules-pour-granules\/granules-de-dsmt-50-mg\/\">o-dsmt<\/a><\/p>","protected":false},"excerpt":{"rendered":"<p>Acheter Iboga TA acheter iboga\u200b, Acheter Iboga TA, TA signifie \u00ab alcalo\u00efde total \u00bb. Iboga TA est un extrait contenant tous<\/p>","protected":false},"featured_media":26147,"comment_status":"closed","ping_status":"closed","template":"","meta":[],"product_brand":[],"product_cat":[908],"product_tag":[1091,1090],"class_list":{"0":"post-26126","1":"product","2":"type-product","3":"status-publish","4":"has-post-thumbnail","6":"product_cat-iboga-ibogaine","7":"product_tag-iboga","8":"product_tag-iboga-kopen","10":"first","11":"instock","12":"taxable","13":"shipping-taxable","14":"purchasable","15":"product-type-variable"},"_links":{"self":[{"href":"https:\/\/researchchemicalhub.com\/fr_be\/wp-json\/wp\/v2\/product\/26126","targetHints":{"allow":["GET"]}}],"collection":[{"href":"https:\/\/researchchemicalhub.com\/fr_be\/wp-json\/wp\/v2\/product"}],"about":[{"href":"https:\/\/researchchemicalhub.com\/fr_be\/wp-json\/wp\/v2\/types\/product"}],"replies":[{"embeddable":true,"href":"https:\/\/researchchemicalhub.com\/fr_be\/wp-json\/wp\/v2\/comments?post=26126"}],"version-history":[{"count":3,"href":"https:\/\/researchchemicalhub.com\/fr_be\/wp-json\/wp\/v2\/product\/26126\/revisions"}],"predecessor-version":[{"id":27690,"href":"https:\/\/researchchemicalhub.com\/fr_be\/wp-json\/wp\/v2\/product\/26126\/revisions\/27690"}],"wp:featuredmedia":[{"embeddable":true,"href":"https:\/\/researchchemicalhub.com\/fr_be\/wp-json\/wp\/v2\/media\/26147"}],"wp:attachment":[{"href":"https:\/\/researchchemicalhub.com\/fr_be\/wp-json\/wp\/v2\/media?parent=26126"}],"wp:term":[{"taxonomy":"product_brand","embeddable":true,"href":"https:\/\/researchchemicalhub.com\/fr_be\/wp-json\/wp\/v2\/product_brand?post=26126"},{"taxonomy":"product_cat","embeddable":true,"href":"https:\/\/researchchemicalhub.com\/fr_be\/wp-json\/wp\/v2\/product_cat?post=26126"},{"taxonomy":"product_tag","embeddable":true,"href":"https:\/\/researchchemicalhub.com\/fr_be\/wp-json\/wp\/v2\/product_tag?post=26126"}],"curies":[{"name":"wp","href":"https:\/\/api.w.org\/{rel}","templated":true}]}}