{"id":24961,"date":"2025-10-20T17:43:53","date_gmt":"2025-10-20T17:43:53","guid":{"rendered":"https:\/\/researchchemicalhub.com\/?post_type=product&#038;p=24961"},"modified":"2025-10-28T22:38:22","modified_gmt":"2025-10-28T22:38:22","slug":"granules-de-dsmt-50-mg","status":"publish","type":"product","link":"https:\/\/researchchemicalhub.com\/fr_be\/boutique\/le-dsmt\/granules-de-dsmt-50-mg\/","title":{"rendered":"Granul\u00e9s O-DSMT 50 mg"},"content":{"rendered":"<h1 data-start=\"399\" data-end=\"488\"><strong data-start=\"401\" data-end=\"488\">O-DSMT (O-desm\u00e9thyltramadol) \u2013 Informations scientifiques et aper\u00e7u analytique<\/strong><\/h1>\n<p data-start=\"490\" data-end=\"739\"><strong data-start=\"490\" data-end=\"512\">M\u00e9ta description :<\/strong><br data-start=\"512\" data-end=\"515\" \/>L&#039;O-DSMT (O-desm\u00e9thyltramadol) est un m\u00e9dicament exp\u00e9rimental et un m\u00e9tabolite pharmacologiquement actif du tramadol. Apprenez-en plus sur la structure chimique, le m\u00e9canisme d&#039;action, la pertinence scientifique et les aspects de s\u00e9curit\u00e9 de l&#039;O-DSMT.<\/p>\n<hr data-start=\"741\" data-end=\"744\" \/>\n<h2 data-start=\"746\" data-end=\"762\"><strong data-start=\"749\" data-end=\"762\">Introduction<\/strong><\/h2>\n<p data-start=\"764\" data-end=\"1036\"><strong data-start=\"764\" data-end=\"796\">O-Desm\u00e9thyltramadol (O-DSMT)<\/strong> est un <strong data-start=\"804\" data-end=\"831\">compos\u00e9 synth\u00e9tique<\/strong> qui appartient au groupe des <strong data-start=\"861\" data-end=\"883\">analg\u00e9siques opio\u00efdes<\/strong>. C&#039;est le <strong data-start=\"895\" data-end=\"930\">m\u00e9tabolite actif du tramadol<\/strong>, un analg\u00e9sique utilis\u00e9 dans le monde entier pour le traitement des douleurs mod\u00e9r\u00e9es \u00e0 s\u00e9v\u00e8res.<\/p>\n<p data-start=\"1038\" data-end=\"1395\">L&#039;O-DSMT est form\u00e9 dans l&#039;organisme lorsque le tramadol est m\u00e9tabolis\u00e9 par le foie via l&#039;enzyme CYP2D6. Ce m\u00e9tabolite est <strong data-start=\"1154\" data-end=\"1221\">responsable d&#039;une grande partie de l&#039;effet analg\u00e9sique<\/strong> du tramadol. Dans un contexte de recherche, l&#039;O-DSMT est \u00e9tudi\u00e9 pour <strong data-start=\"1287\" data-end=\"1348\">action pharmacologique, activit\u00e9 des r\u00e9cepteurs et s\u00e9curit\u00e9<\/strong> pour mieux comprendre les compos\u00e9s opio\u00efdes.<\/p>\n<p data-start=\"1397\" data-end=\"1601\">L&#039;O-DSMT est parfois mentionn\u00e9 dans la litt\u00e9rature scientifique sur <strong data-start=\"1460\" data-end=\"1498\">nouvelles substances psychoactives (NPS)<\/strong> et <strong data-start=\"1502\" data-end=\"1529\">toxicologie m\u00e9dico-l\u00e9gale<\/strong>, mais c&#039;est <strong data-start=\"1543\" data-end=\"1600\">non approuv\u00e9 pour l&#039;usage ou la consommation humaine<\/strong>.<\/p>\n<hr data-start=\"1603\" data-end=\"1606\" \/>\n<h2 data-start=\"1608\" data-end=\"1653\"><strong data-start=\"1611\" data-end=\"1653\">Caract\u00e9ristiques principales<\/strong><\/h2>\n<div class=\"_tableContainer_1rjym_1\">\n<div class=\"group _tableWrapper_1rjym_13 flex w-fit flex-col-reverse\" tabindex=\"-1\">\n<table class=\"w-fit min-w-(--thread-content-width)\" data-start=\"1655\" data-end=\"2176\">\n<thead data-start=\"1655\" data-end=\"1692\">\n<tr data-start=\"1655\" data-end=\"1692\">\n<th data-start=\"1655\" data-end=\"1672\" data-col-size=\"sm\"><strong data-start=\"1657\" data-end=\"1671\">Caract\u00e9ristiques<\/strong><\/th>\n<th data-start=\"1672\" data-end=\"1692\" data-col-size=\"md\"><strong data-start=\"1674\" data-end=\"1690\">Description<\/strong><\/th>\n<\/tr>\n<\/thead>\n<tbody data-start=\"1732\" data-end=\"2176\">\n<tr data-start=\"1732\" data-end=\"1776\">\n<td data-start=\"1732\" data-end=\"1753\" data-col-size=\"sm\"><strong data-start=\"1734\" data-end=\"1752\">Nom et pr\u00e9nom<\/strong><\/td>\n<td data-start=\"1753\" data-end=\"1776\" data-col-size=\"md\">O-desm\u00e9thyltramadol<\/td>\n<\/tr>\n<tr data-start=\"1777\" data-end=\"1814\">\n<td data-start=\"1777\" data-end=\"1801\" data-col-size=\"sm\"><strong data-start=\"1779\" data-end=\"1800\">Formule chimique<\/strong><\/td>\n<td data-start=\"1801\" data-end=\"1814\" data-col-size=\"md\">C\u2081\u2085H\u2082\u2083NO\u2082<\/td>\n<\/tr>\n<tr data-start=\"1815\" data-end=\"1851\">\n<td data-start=\"1815\" data-end=\"1835\" data-col-size=\"sm\"><strong data-start=\"1817\" data-end=\"1834\">Masse molaire<\/strong><\/td>\n<td data-col-size=\"md\" data-start=\"1835\" data-end=\"1851\">249,35 g\/mol<\/td>\n<\/tr>\n<tr data-start=\"1852\" data-end=\"1919\">\n<td data-start=\"1852\" data-end=\"1875\" data-col-size=\"sm\"><strong data-start=\"1854\" data-end=\"1874\">Classe chimique<\/strong><\/td>\n<td data-start=\"1875\" data-end=\"1919\" data-col-size=\"md\">Opio\u00efde synth\u00e9tique\u00a0; m\u00e9tabolite du tramadol<\/td>\n<\/tr>\n<tr data-start=\"1920\" data-end=\"1979\">\n<td data-start=\"1920\" data-end=\"1950\" data-col-size=\"sm\"><strong data-start=\"1922\" data-end=\"1949\">Action pharmacologique<\/strong><\/td>\n<td data-col-size=\"md\" data-start=\"1950\" data-end=\"1979\">agoniste des r\u00e9cepteurs \u03bc-opio\u00efdes<\/td>\n<\/tr>\n<tr data-start=\"1980\" data-end=\"2042\">\n<td data-start=\"1980\" data-end=\"1997\" data-col-size=\"sm\"><strong data-start=\"1982\" data-end=\"1996\">Application<\/strong><\/td>\n<td data-col-size=\"md\" data-start=\"1997\" data-end=\"2042\">Recherche pharmacologique et toxicologique<\/td>\n<\/tr>\n<tr data-start=\"2043\" data-end=\"2097\">\n<td data-start=\"2043\" data-end=\"2054\" data-col-size=\"sm\"><strong data-start=\"2045\" data-end=\"2053\">Formulaire<\/strong><\/td>\n<td data-col-size=\"md\" data-start=\"2054\" data-end=\"2097\">Substance de r\u00e9f\u00e9rence pour analyse en laboratoire<\/td>\n<\/tr>\n<tr data-start=\"2098\" data-end=\"2176\">\n<td data-start=\"2098\" data-end=\"2122\" data-col-size=\"sm\"><strong data-start=\"2100\" data-end=\"2121\">Statut juridique<\/strong><\/td>\n<td data-col-size=\"md\" data-start=\"2122\" data-end=\"2176\">R\u00e9glement\u00e9 par les lois sur les opio\u00efdes dans de nombreux pays<\/td>\n<\/tr>\n<\/tbody>\n<\/table>\n<\/div>\n<\/div>\n<hr data-start=\"2178\" data-end=\"2181\" \/>\n<h2 data-start=\"2183\" data-end=\"2238\"><strong data-start=\"2186\" data-end=\"2238\">Pertinence scientifique et valeur de la recherche<\/strong><\/h2>\n<ul data-start=\"2240\" data-end=\"3199\">\n<li data-start=\"2240\" data-end=\"2514\">\n<p data-start=\"2242\" data-end=\"2514\"><strong data-start=\"2242\" data-end=\"2270\">Recherche pharmacologique<\/strong><br data-start=\"2270\" data-end=\"2273\" \/>O-DSMT est utilis\u00e9 pour <strong data-start=\"2303\" data-end=\"2335\">m\u00e9canismes de soulagement de la douleur<\/strong> Mieux le comprendre et le comparer \u00e0 d&#039;autres agonistes opio\u00efdes. Cela permet aux chercheurs de mieux comprendre la s\u00e9lectivit\u00e9 des r\u00e9cepteurs, les voies m\u00e9taboliques et les variations structurelles.<\/p>\n<\/li>\n<li data-start=\"2516\" data-end=\"2769\">\n<p data-start=\"2518\" data-end=\"2769\"><strong data-start=\"2518\" data-end=\"2544\">Analyse toxicologique<\/strong><br data-start=\"2544\" data-end=\"2547\" \/>Dans les laboratoires de toxicologie m\u00e9dico-l\u00e9gale et clinique, l&#039;O-DSMT est utilis\u00e9 comme <strong data-start=\"2629\" data-end=\"2663\">substance de r\u00e9f\u00e9rence ou d&#039;\u00e9talonnage<\/strong> pour analyser des \u00e9chantillons biologiques (tels que le sang ou l\u2019urine) pour d\u00e9tecter la pr\u00e9sence de m\u00e9tabolites du tramadol.<\/p>\n<\/li>\n<li data-start=\"2771\" data-end=\"2970\">\n<p data-start=\"2773\" data-end=\"2970\"><strong data-start=\"2773\" data-end=\"2804\">Caract\u00e9risation analytique<\/strong><br data-start=\"2804\" data-end=\"2807\" \/>Le mat\u00e9riel est examin\u00e9 \u00e0 l\u2019aide de techniques telles que <strong data-start=\"2866\" data-end=\"2892\">LC-MS\/MS, GC-MS et RMN<\/strong> pour permettre l\u2019identification et la quantification dans les \u00e9chantillons de recherche.<\/p>\n<\/li>\n<li data-start=\"2972\" data-end=\"3199\">\n<p data-start=\"2974\" data-end=\"3199\"><strong data-start=\"2974\" data-end=\"3013\">\u00c9tudes r\u00e9glementaires et de s\u00e9curit\u00e9<\/strong><br data-start=\"3013\" data-end=\"3016\" \/>O-DSMT aide \u00e0 d\u00e9velopper des protocoles de d\u00e9tection pour <strong data-start=\"3080\" data-end=\"3118\">nouvelles substances psychoactives (NPS)<\/strong> et dans l\u2019\u00e9valuation des risques pour la sant\u00e9 publique et du potentiel d\u2019abus.<\/p>\n<\/li>\n<\/ul>\n<hr data-start=\"3201\" data-end=\"3204\" \/>\n<h2 data-start=\"3206\" data-end=\"3264\"><strong data-start=\"3209\" data-end=\"3264\">Utilisation en laboratoire (pour la recherche uniquement)<\/strong><\/h2>\n<blockquote data-start=\"3266\" data-end=\"3480\">\n<p data-start=\"3268\" data-end=\"3480\">\u26a0\ufe0f <strong data-start=\"3271\" data-end=\"3286\">Important:<\/strong><br data-start=\"3286\" data-end=\"3289\" \/>O-DSMT est <strong data-start=\"3301\" data-end=\"3356\">exclusivement destin\u00e9 \u00e0 la recherche scientifique<\/strong> dans des laboratoires agr\u00e9\u00e9s.<br data-start=\"3387\" data-end=\"3390\" \/>C&#039;est <strong data-start=\"3399\" data-end=\"3480\">non destin\u00e9 \u00e0 la consommation humaine, \u00e0 l&#039;autom\u00e9dication ou \u00e0 un usage r\u00e9cr\u00e9atif.<\/strong><\/p>\n<\/blockquote>\n<ol data-start=\"3482\" data-end=\"4188\">\n<li data-start=\"3482\" data-end=\"3702\">\n<p data-start=\"3485\" data-end=\"3512\"><strong data-start=\"3485\" data-end=\"3510\">Stockage et stabilit\u00e9<\/strong><\/p>\n<ul data-start=\"3516\" data-end=\"3702\">\n<li data-start=\"3516\" data-end=\"3577\">\n<p data-start=\"3518\" data-end=\"3577\">Conserver dans un r\u00e9cipient ferm\u00e9, au sec et au frais (2\u20138 \u00b0C).<\/p>\n<\/li>\n<li data-start=\"3581\" data-end=\"3624\">\n<p data-start=\"3583\" data-end=\"3624\">Prot\u00e9ger de la lumi\u00e8re, de l&#039;humidit\u00e9 et de l&#039;air.<\/p>\n<\/li>\n<li data-start=\"3628\" data-end=\"3702\">\n<p data-start=\"3630\" data-end=\"3702\">Utiliser uniquement dans les institutions disposant de permis de recherche valides.<\/p>\n<\/li>\n<\/ul>\n<\/li>\n<li data-start=\"3704\" data-end=\"3931\">\n<p data-start=\"3707\" data-end=\"3735\"><strong data-start=\"3707\" data-end=\"3733\">Application analytique<\/strong><\/p>\n<ul data-start=\"3739\" data-end=\"3931\">\n<li data-start=\"3739\" data-end=\"3839\">\n<p data-start=\"3741\" data-end=\"3839\">Utilis\u00e9 comme norme dans les analyses LC-MS et GC-MS pour identifier les m\u00e9tabolites du tramadol.<\/p>\n<\/li>\n<li data-start=\"3843\" data-end=\"3931\">\n<p data-start=\"3845\" data-end=\"3931\">Convient \u00e0 la validation m\u00e9thodologique dans les \u00e9tudes toxicologiques ou pharmaceutiques.<\/p>\n<\/li>\n<\/ul>\n<\/li>\n<li data-start=\"3933\" data-end=\"4188\">\n<p data-start=\"3936\" data-end=\"3972\"><strong data-start=\"3936\" data-end=\"3970\">S\u00e9curit\u00e9 en laboratoire<\/strong><\/p>\n<ul data-start=\"3976\" data-end=\"4188\">\n<li data-start=\"3976\" data-end=\"4042\">\n<p data-start=\"3978\" data-end=\"4042\">Portez toujours des gants, des lunettes de s\u00e9curit\u00e9 et une blouse de laboratoire.<\/p>\n<\/li>\n<li data-start=\"4046\" data-end=\"4097\">\n<p data-start=\"4048\" data-end=\"4097\">\u00c9viter le contact avec la peau, les yeux ou les muqueuses.<\/p>\n<\/li>\n<li data-start=\"4101\" data-end=\"4188\">\n<p data-start=\"4103\" data-end=\"4188\">\u00c9liminer les d\u00e9chets conform\u00e9ment aux r\u00e9glementations de s\u00e9curit\u00e9 chimique et aux r\u00e9glementations nationales.<\/p>\n<\/li>\n<\/ul>\n<\/li>\n<\/ol>\n<hr data-start=\"4190\" data-end=\"4193\" \/>\n<h2 data-start=\"4195\" data-end=\"4223\"><strong data-start=\"4198\" data-end=\"4223\">Informations l\u00e9gales<\/strong><\/h2>\n<p data-start=\"4225\" data-end=\"4501\">O-DSMT est couvert par le <strong data-start=\"4270\" data-end=\"4298\">Loi sur l&#039;opium<\/strong> ou des dispositions similaires pour les substances opio\u00efdes.<br data-start=\"4348\" data-end=\"4351\" \/>Les chercheurs et les laboratoires doivent <strong data-start=\"4386\" data-end=\"4414\">consentement pr\u00e9alable<\/strong> obtenir pour le stockage, le transport ou l&#039;utilisation de l&#039;O-DSMT dans un contexte de recherche.<\/p>\n<p data-start=\"4503\" data-end=\"4674\">Le tissu peut <strong data-start=\"4515\" data-end=\"4551\">ne pas \u00eatre vendu ou utilis\u00e9<\/strong> en dehors des institutions de recherche accr\u00e9dit\u00e9es. La possession ou l&#039;utilisation non autoris\u00e9e peut entra\u00eener <strong data-start=\"4642\" data-end=\"4673\">poursuites p\u00e9nales<\/strong>.<\/p>\n<hr data-start=\"4676\" data-end=\"4679\" \/>\n<h2 data-start=\"4681\" data-end=\"4713\"><strong data-start=\"4684\" data-end=\"4713\">Foire aux questions (FAQ)<\/strong><\/h2>\n<p data-start=\"4715\" data-end=\"4934\"><strong data-start=\"4715\" data-end=\"4745\">1\ufe0f\u20e3 Qu\u2019est-ce que l\u2019O-DSMT exactement ?<\/strong><br data-start=\"4745\" data-end=\"4748\" \/>O-DSMT est le <strong data-start=\"4761\" data-end=\"4796\">m\u00e9tabolite actif du tramadol<\/strong>, form\u00e9 dans l&#039;organisme apr\u00e8s la prise de tramadol. En recherche, il est utilis\u00e9 pour \u00e9tudier la pharmacologie des opio\u00efdes.<\/p>\n<p data-start=\"4936\" data-end=\"5163\"><strong data-start=\"4936\" data-end=\"4961\">2\ufe0f\u20e3 L&#039;O-DSMT est-il l\u00e9gal ?<\/strong><br data-start=\"4961\" data-end=\"4964\" \/>Le statut juridique varie selon les pays. Dans la plupart des pays europ\u00e9ens, l&#039;O-DSMT est soumise \u00e0 la l\u00e9gislation sur les opio\u00efdes, ce qui signifie qu&#039;elle ne peut \u00eatre utilis\u00e9e qu&#039;\u00e0 des fins scientifiques ou m\u00e9dico-l\u00e9gales.<\/p>\n<p data-start=\"5165\" data-end=\"5433\"><strong data-start=\"5165\" data-end=\"5246\">3\ufe0f\u20e3 L&#039;O-DSMT peut-il \u00eatre utilis\u00e9 pour un usage personnel ou un microdosage ?<\/strong><br data-start=\"5246\" data-end=\"5249\" \/>Non. O-DSMT est <strong data-start=\"5264\" data-end=\"5311\">non approuv\u00e9 pour la consommation humaine<\/strong> et ne peut \u00eatre utilis\u00e9 que dans un environnement de laboratoire contr\u00f4l\u00e9. Toute utilisation non autoris\u00e9e est dangereuse et ill\u00e9gale.<\/p>\n<hr data-start=\"5435\" data-end=\"5438\" \/>\n<h2 data-start=\"5440\" data-end=\"5480\"><strong data-start=\"5443\" data-end=\"5480\">R\u00e9f\u00e9rences et informations compl\u00e9mentaires<\/strong><\/h2>\n<ul data-start=\"5482\" data-end=\"5840\">\n<li data-start=\"5482\" data-end=\"5639\">\n<p data-start=\"5484\" data-end=\"5639\">Observatoire europ\u00e9en des drogues et des toxicomanies (OEDT) : <em data-start=\"5550\" data-end=\"5637\">Rapport sur les nouvelles substances psychoactives (NSP) \u2013 Opio\u00efdes et d\u00e9riv\u00e9s du tramadol.<\/em><\/p>\n<\/li>\n<li data-start=\"5640\" data-end=\"5737\">\n<p data-start=\"5642\" data-end=\"5737\">Institut national sur l&#039;abus des drogues (NIDA) : <em data-start=\"5683\" data-end=\"5735\">Opio\u00efdes synth\u00e9tiques et compos\u00e9s analogues \u00e9mergents.<\/em><\/p>\n<\/li>\n<li data-start=\"5738\" data-end=\"5840\">\n<p data-start=\"5740\" data-end=\"5840\">Revues de toxicologie m\u00e9dico-l\u00e9gale : <em data-start=\"5770\" data-end=\"5838\">Identification analytique et pharmacologie de l&#039;O-desm\u00e9thyltramadol.<\/em><\/p>\n<\/li>\n<\/ul>\n<p><a href=\"https:\/\/researchchemicalhub.com\/fr_be\/boutique\/iboga-ibogaine\/acheter-de-libogaine-chlorhydrate-en-ligne\/\"><span dir=\"auto\" style=\"vertical-align: inherit;\"><span dir=\"auto\" style=\"vertical-align: inherit;\">Acheter de l&#039;iboga\u00efne HCL <\/span><\/span><\/a><a href=\"https:\/\/researchchemicalhub.com\/fr_be\/boutique\/iboga-ibogaine\/ecorce-de-racine-diboga\/\"><span dir=\"auto\" style=\"vertical-align: inherit;\"><span dir=\"auto\" style=\"vertical-align: inherit;\">\u00c9corce de racine d&#039;iboga <\/span><\/span><\/a><a href=\"https:\/\/researchchemicalhub.com\/fr_be\/boutique\/lysergamides\/1-cp-de-lsd-2\/\"><span dir=\"auto\" style=\"vertical-align: inherit;\"><span dir=\"auto\" style=\"vertical-align: inherit;\">Buvards artistiques 1cP-LSD 150 MCG <\/span><\/span><\/a><a href=\"https:\/\/researchchemicalhub.com\/fr_be\/boutique\/lysergamides\/1v-lsd-150-mcg-blotters\/\"><span dir=\"auto\" style=\"vertical-align: inherit;\"><span dir=\"auto\" style=\"vertical-align: inherit;\">buvards 1V-LSD 150 MCG <\/span><\/span><\/a><a href=\"https:\/\/researchchemicalhub.com\/fr_be\/boutique\/2-pastilles-cmc\/acheter-2-cmc\/acheter-2-cmc\/\"><span dir=\"auto\" style=\"vertical-align: inherit;\"><span dir=\"auto\" style=\"vertical-align: inherit;\">Granul\u00e9s de 2-CMC 250 mg<\/span><\/span><\/a><\/p>","protected":false},"excerpt":{"rendered":"<h3><span dir=\"auto\" style=\"vertical-align: inherit;\"><span dir=\"auto\" style=\"vertical-align: inherit;\">Propri\u00e9t\u00e9s de l&#039;O-DSMT<\/span><\/span><\/h3>\n<p><strong><span dir=\"auto\" style=\"vertical-align: inherit;\"><span dir=\"auto\" style=\"vertical-align: inherit;\">Synonyme: <\/span><\/span><\/strong> <i><span dir=\"auto\" style=\"vertical-align: inherit;\"><span dir=\"auto\" style=\"vertical-align: inherit;\">O-desm\u00e9thyltramadol, 3-(2-((dim\u00e9thylamino)m\u00e9thyl)-1-hydroxycyclohexyl)ph\u00e9nol <\/span><\/span><\/i><br \/>\n<strong><span dir=\"auto\" style=\"vertical-align: inherit;\"><span dir=\"auto\" style=\"vertical-align: inherit;\">Num\u00e9ro CAS :<\/span><\/span><\/strong><span dir=\"auto\" style=\"vertical-align: inherit;\"><span dir=\"auto\" style=\"vertical-align: inherit;\"> 80456-81-1 <\/span><\/span><br \/>\n<strong><span dir=\"auto\" style=\"vertical-align: inherit;\"><span dir=\"auto\" style=\"vertical-align: inherit;\">Formule: <\/span><\/span><\/strong> <span title=\"Carbone\"><span dir=\"auto\" style=\"vertical-align: inherit;\"><span dir=\"auto\" style=\"vertical-align: inherit;\">C <\/span><\/span><\/span><sub><span dir=\"auto\" style=\"vertical-align: inherit;\"><span dir=\"auto\" style=\"vertical-align: inherit;\">15 <\/span><\/span><\/sub><span title=\"Hydrog\u00e8ne\"><span dir=\"auto\" style=\"vertical-align: inherit;\"><span dir=\"auto\" style=\"vertical-align: inherit;\">H <\/span><\/span><\/span><sub><span dir=\"auto\" style=\"vertical-align: inherit;\"><span dir=\"auto\" style=\"vertical-align: inherit;\">23 <\/span><\/span><\/sub><span title=\"Azote\"><span dir=\"auto\" style=\"vertical-align: inherit;\"><span dir=\"auto\" style=\"vertical-align: inherit;\">N <\/span><\/span><\/span><span title=\"Oxyg\u00e8ne\"><span dir=\"auto\" style=\"vertical-align: inherit;\"><span dir=\"auto\" style=\"vertical-align: inherit;\">O <\/span><\/span><\/span><sub><span dir=\"auto\" style=\"vertical-align: inherit;\"><span dir=\"auto\" style=\"vertical-align: inherit;\">2 <\/span><\/span><\/sub><br \/>\n<strong><span dir=\"auto\" style=\"vertical-align: inherit;\"><span dir=\"auto\" style=\"vertical-align: inherit;\">Masse molaire:<\/span><\/span><\/strong><span dir=\"auto\" style=\"vertical-align: inherit;\"><span dir=\"auto\" style=\"vertical-align: inherit;\"> 249,354 g\/mol <\/span><\/span><br \/>\n<strong><span dir=\"auto\" style=\"vertical-align: inherit;\"><span dir=\"auto\" style=\"vertical-align: inherit;\">Puret\u00e9:<\/span><\/span><\/strong><span dir=\"auto\" style=\"vertical-align: inherit;\"><span dir=\"auto\" style=\"vertical-align: inherit;\"> \u00a0&gt;97%<\/span><\/span><\/p>","protected":false},"featured_media":28581,"comment_status":"closed","ping_status":"closed","template":"","meta":[],"product_brand":[82],"product_cat":[337,420,336,324],"product_tag":[326,727,725,728,726,729,730],"class_list":{"0":"post-24961","1":"product","2":"type-product","3":"status-publish","4":"has-post-thumbnail","6":"product_brand-research-chemical","7":"product_cat-o-dsmt","8":"product_cat-o-dsmt-pellets","9":"product_cat-overig","10":"product_cat-pellets-for-pellet","11":"product_tag-nl","12":"product_tag-o-dsmt-ervaringen","13":"product_tag-o-dsmt","14":"product_tag-o-dsmt-bestellen","15":"product_tag-o-dsmt-kopen","16":"product_tag-o-dsmt-psychonaut","17":"product_tag-what-is-o-dsmt","19":"first","20":"instock","21":"taxable","22":"shipping-taxable","23":"purchasable","24":"product-type-variable"},"_links":{"self":[{"href":"https:\/\/researchchemicalhub.com\/fr_be\/wp-json\/wp\/v2\/product\/24961","targetHints":{"allow":["GET"]}}],"collection":[{"href":"https:\/\/researchchemicalhub.com\/fr_be\/wp-json\/wp\/v2\/product"}],"about":[{"href":"https:\/\/researchchemicalhub.com\/fr_be\/wp-json\/wp\/v2\/types\/product"}],"replies":[{"embeddable":true,"href":"https:\/\/researchchemicalhub.com\/fr_be\/wp-json\/wp\/v2\/comments?post=24961"}],"version-history":[{"count":7,"href":"https:\/\/researchchemicalhub.com\/fr_be\/wp-json\/wp\/v2\/product\/24961\/revisions"}],"predecessor-version":[{"id":27709,"href":"https:\/\/researchchemicalhub.com\/fr_be\/wp-json\/wp\/v2\/product\/24961\/revisions\/27709"}],"wp:featuredmedia":[{"embeddable":true,"href":"https:\/\/researchchemicalhub.com\/fr_be\/wp-json\/wp\/v2\/media\/28581"}],"wp:attachment":[{"href":"https:\/\/researchchemicalhub.com\/fr_be\/wp-json\/wp\/v2\/media?parent=24961"}],"wp:term":[{"taxonomy":"product_brand","embeddable":true,"href":"https:\/\/researchchemicalhub.com\/fr_be\/wp-json\/wp\/v2\/product_brand?post=24961"},{"taxonomy":"product_cat","embeddable":true,"href":"https:\/\/researchchemicalhub.com\/fr_be\/wp-json\/wp\/v2\/product_cat?post=24961"},{"taxonomy":"product_tag","embeddable":true,"href":"https:\/\/researchchemicalhub.com\/fr_be\/wp-json\/wp\/v2\/product_tag?post=24961"}],"curies":[{"name":"wp","href":"https:\/\/api.w.org\/{rel}","templated":true}]}}