{"id":24939,"date":"2025-10-20T17:43:52","date_gmt":"2025-10-20T17:43:52","guid":{"rendered":"https:\/\/researchchemicalhub.com\/?post_type=product&#038;p=24939"},"modified":"2025-10-28T22:40:20","modified_gmt":"2025-10-28T22:40:20","slug":"gelules-2c-ef-2-mg","status":"publish","type":"product","link":"https:\/\/researchchemicalhub.com\/fr_be\/boutique\/2c-ef\/gelules-2c-ef-2-mg\/","title":{"rendered":"G\u00e9lules de 2C-EF 2 mg"},"content":{"rendered":"<h3 data-start=\"4023\" data-end=\"4042\"><strong data-start=\"4027\" data-end=\"4042\"><span dir=\"auto\" style=\"vertical-align: inherit;\"><span dir=\"auto\" style=\"vertical-align: inherit;\">Introduction<\/span><\/span><\/strong><\/h3>\n<p data-start=\"4043\" data-end=\"4373\"><span dir=\"auto\" style=\"vertical-align: inherit;\"><span dir=\"auto\" style=\"vertical-align: inherit;\">Notre <\/span><\/span><strong data-start=\"4048\" data-end=\"4075\"><span dir=\"auto\" style=\"vertical-align: inherit;\"><span dir=\"auto\" style=\"vertical-align: inherit;\">g\u00e9lules de recherche de 2 mg<\/span><\/span><\/strong><span dir=\"auto\" style=\"vertical-align: inherit;\"><span dir=\"auto\" style=\"vertical-align: inherit;\"> sont formul\u00e9s avec la plus grande pr\u00e9cision et puret\u00e9 pour \u00eatre utilis\u00e9s dans <\/span><\/span><strong data-start=\"4144\" data-end=\"4206\"><span dir=\"auto\" style=\"vertical-align: inherit;\"><span dir=\"auto\" style=\"vertical-align: inherit;\">applications scientifiques, analytiques et de laboratoire<\/span><\/span><\/strong><span dir=\"auto\" style=\"vertical-align: inherit;\"><span dir=\"auto\" style=\"vertical-align: inherit;\"> . <\/span><\/span><br data-start=\"4207\" data-end=\"4210\" \/><span dir=\"auto\" style=\"vertical-align: inherit;\"><span dir=\"auto\" style=\"vertical-align: inherit;\">Chaque capsule contient une <\/span><\/span><strong data-start=\"4233\" data-end=\"4258\"><span dir=\"auto\" style=\"vertical-align: inherit;\"><span dir=\"auto\" style=\"vertical-align: inherit;\">dose pr\u00e9cise de 2 mg<\/span><\/span><\/strong><span dir=\"auto\" style=\"vertical-align: inherit;\"><span dir=\"auto\" style=\"vertical-align: inherit;\"> d&#039;un compos\u00e9 contr\u00f4l\u00e9 et de haute qualit\u00e9, parfait pour <\/span><\/span><strong data-start=\"4321\" data-end=\"4370\"><span dir=\"auto\" style=\"vertical-align: inherit;\"><span dir=\"auto\" style=\"vertical-align: inherit;\">recherche m\u00e9dico-l\u00e9gale, analytique ou p\u00e9dagogique<\/span><\/span><\/strong><span dir=\"auto\" style=\"vertical-align: inherit;\"><span dir=\"auto\" style=\"vertical-align: inherit;\"> .<\/span><\/span><\/p>\n<blockquote data-start=\"4374\" data-end=\"4473\">\n<p data-start=\"4376\" data-end=\"4473\">\u26a0\ufe0f <strong data-start=\"4379\" data-end=\"4473\"><span dir=\"auto\" style=\"vertical-align: inherit;\"><span dir=\"auto\" style=\"vertical-align: inherit;\">R\u00e9serv\u00e9 \u00e0 la recherche. Ne convient pas \u00e0 la consommation humaine ou animale.<\/span><\/span><\/strong><\/p>\n<\/blockquote>\n<hr data-start=\"4475\" data-end=\"4478\" \/>\n<h3 data-start=\"4480\" data-end=\"4511\"><strong data-start=\"4484\" data-end=\"4511\"><span dir=\"auto\" style=\"vertical-align: inherit;\"><span dir=\"auto\" style=\"vertical-align: inherit;\">Caract\u00e9ristiques principales<\/span><\/span><\/strong><\/h3>\n<ul data-start=\"4512\" data-end=\"5049\">\n<li data-start=\"4512\" data-end=\"4594\">\n<p data-start=\"4514\" data-end=\"4594\"><strong data-start=\"4514\" data-end=\"4540\"><span dir=\"auto\" style=\"vertical-align: inherit;\"><span dir=\"auto\" style=\"vertical-align: inherit;\">Haute puret\u00e9 (\u226599%)<\/span><\/span><\/strong><span dir=\"auto\" style=\"vertical-align: inherit;\"><span dir=\"auto\" style=\"vertical-align: inherit;\"> \u2013 Test\u00e9 en laboratoire pour une fiabilit\u00e9 maximale.<\/span><\/span><\/p>\n<\/li>\n<li data-start=\"4595\" data-end=\"4680\">\n<p data-start=\"4597\" data-end=\"4680\"><strong data-start=\"4597\" data-end=\"4637\"><span dir=\"auto\" style=\"vertical-align: inherit;\"><span dir=\"auto\" style=\"vertical-align: inherit;\">Dosage pr\u00e9cis ou 2 mg par capsule<\/span><\/span><\/strong><span dir=\"auto\" style=\"vertical-align: inherit;\"><span dir=\"auto\" style=\"vertical-align: inherit;\"> \u2013 Pour des r\u00e9sultats de recherche coh\u00e9rents.<\/span><\/span><\/p>\n<\/li>\n<li data-start=\"4681\" data-end=\"4766\">\n<p data-start=\"4683\" data-end=\"4766\"><strong data-start=\"4683\" data-end=\"4712\"><span dir=\"auto\" style=\"vertical-align: inherit;\"><span dir=\"auto\" style=\"vertical-align: inherit;\">Emballage pharmaceutique<\/span><\/span><\/strong><span dir=\"auto\" style=\"vertical-align: inherit;\"><span dir=\"auto\" style=\"vertical-align: inherit;\"> \u2013 Produit dans des conditions contr\u00f4l\u00e9es.<\/span><\/span><\/p>\n<\/li>\n<li data-start=\"4767\" data-end=\"4859\">\n<p data-start=\"4769\" data-end=\"4859\"><strong data-start=\"4769\" data-end=\"4792\"><span dir=\"auto\" style=\"vertical-align: inherit;\"><span dir=\"auto\" style=\"vertical-align: inherit;\">Stable et durable<\/span><\/span><\/strong><span dir=\"auto\" style=\"vertical-align: inherit;\"><span dir=\"auto\" style=\"vertical-align: inherit;\"> \u2013 Con\u00e7u pour conserver son int\u00e9grit\u00e9 lorsqu&#039;il est stock\u00e9 correctement.<\/span><\/span><\/p>\n<\/li>\n<li data-start=\"4860\" data-end=\"4947\">\n<p data-start=\"4862\" data-end=\"4947\"><strong data-start=\"4862\" data-end=\"4884\"><span dir=\"auto\" style=\"vertical-align: inherit;\"><span dir=\"auto\" style=\"vertical-align: inherit;\">Emballage s\u00e9curis\u00e9<\/span><\/span><\/strong><span dir=\"auto\" style=\"vertical-align: inherit;\"><span dir=\"auto\" style=\"vertical-align: inherit;\"> \u2013 R\u00e9sistant \u00e0 l&#039;humidit\u00e9 et herm\u00e9tique pour une longue dur\u00e9e de conservation.<\/span><\/span><\/p>\n<\/li>\n<li data-start=\"4948\" data-end=\"5049\">\n<p data-start=\"4950\" data-end=\"5049\"><strong data-start=\"4950\" data-end=\"4975\"><span dir=\"auto\" style=\"vertical-align: inherit;\"><span dir=\"auto\" style=\"vertical-align: inherit;\">R\u00e9serv\u00e9 \u00e0 la recherche<\/span><\/span><\/strong><span dir=\"auto\" style=\"vertical-align: inherit;\"><span dir=\"auto\" style=\"vertical-align: inherit;\"> \u2013 Destin\u00e9 uniquement \u00e0 des applications scientifiques ou analytiques.<\/span><\/span><\/p>\n<\/li>\n<\/ul>\n<hr data-start=\"5051\" data-end=\"5054\" \/>\n<h3 data-start=\"5056\" data-end=\"5073\"><strong data-start=\"5060\" data-end=\"5073\"><span dir=\"auto\" style=\"vertical-align: inherit;\"><span dir=\"auto\" style=\"vertical-align: inherit;\">Avantages<\/span><\/span><\/strong><\/h3>\n<ul data-start=\"5074\" data-end=\"5511\">\n<li data-start=\"5074\" data-end=\"5168\">\n<p data-start=\"5076\" data-end=\"5168\"><strong data-start=\"5076\" data-end=\"5114\"><span dir=\"auto\" style=\"vertical-align: inherit;\"><span dir=\"auto\" style=\"vertical-align: inherit;\">Performances analytiques fiables<\/span><\/span><\/strong><span dir=\"auto\" style=\"vertical-align: inherit;\"><span dir=\"auto\" style=\"vertical-align: inherit;\"> \u2013 Id\u00e9al pour les tests de pr\u00e9cision et la recherche chimique.<\/span><\/span><\/p>\n<\/li>\n<li data-start=\"5169\" data-end=\"5259\">\n<p data-start=\"5171\" data-end=\"5259\"><strong data-start=\"5171\" data-end=\"5200\"><span dir=\"auto\" style=\"vertical-align: inherit;\"><span dir=\"auto\" style=\"vertical-align: inherit;\">Composition coh\u00e9rente<\/span><\/span><\/strong><span dir=\"auto\" style=\"vertical-align: inherit;\"><span dir=\"auto\" style=\"vertical-align: inherit;\"> \u2013 Garantit des r\u00e9sultats reproductibles lors des exp\u00e9riences.<\/span><\/span><\/p>\n<\/li>\n<li data-start=\"5260\" data-end=\"5353\">\n<p data-start=\"5262\" data-end=\"5353\"><strong data-start=\"5262\" data-end=\"5307\"><span dir=\"auto\" style=\"vertical-align: inherit;\"><span dir=\"auto\" style=\"vertical-align: inherit;\">Puret\u00e9 scientifiquement v\u00e9rifi\u00e9e<\/span><\/span><\/strong><span dir=\"auto\" style=\"vertical-align: inherit;\"><span dir=\"auto\" style=\"vertical-align: inherit;\"> \u2013 Conforme aux normes de qualit\u00e9 des laboratoires.<\/span><\/span><\/p>\n<\/li>\n<li data-start=\"5354\" data-end=\"5427\">\n<p data-start=\"5356\" data-end=\"5427\"><strong data-start=\"5356\" data-end=\"5382\"><span dir=\"auto\" style=\"vertical-align: inherit;\"><span dir=\"auto\" style=\"vertical-align: inherit;\">Facile \u00e0 utiliser<\/span><\/span><\/strong><span dir=\"auto\" style=\"vertical-align: inherit;\"><span dir=\"auto\" style=\"vertical-align: inherit;\"> \u2013 La forme en capsule pratique pr\u00e9vient la contamination.<\/span><\/span><\/p>\n<\/li>\n<li data-start=\"5428\" data-end=\"5511\">\n<p data-start=\"5430\" data-end=\"5511\"><strong data-start=\"5430\" data-end=\"5465\"><span dir=\"auto\" style=\"vertical-align: inherit;\"><span dir=\"auto\" style=\"vertical-align: inherit;\">Conforme et produit de mani\u00e8re \u00e9thique<\/span><\/span><\/strong><span dir=\"auto\" style=\"vertical-align: inherit;\"><span dir=\"auto\" style=\"vertical-align: inherit;\"> \u2013 Fabriqu\u00e9 conform\u00e9ment aux directives l\u00e9gales.<\/span><\/span><\/p>\n<\/li>\n<\/ul>\n<hr data-start=\"5513\" data-end=\"5516\" \/>\n<h3 data-start=\"5518\" data-end=\"5533\"><strong data-start=\"5522\" data-end=\"5533\"><span dir=\"auto\" style=\"vertical-align: inherit;\"><span dir=\"auto\" style=\"vertical-align: inherit;\">Usage<\/span><\/span><\/strong><\/h3>\n<ol data-start=\"5534\" data-end=\"5843\">\n<li data-start=\"5534\" data-end=\"5629\">\n<p data-start=\"5537\" data-end=\"5629\"><strong data-start=\"5537\" data-end=\"5562\"><span dir=\"auto\" style=\"vertical-align: inherit;\"><span dir=\"auto\" style=\"vertical-align: inherit;\">Pour la recherche uniquement<\/span><\/span><\/strong><span dir=\"auto\" style=\"vertical-align: inherit;\"><span dir=\"auto\" style=\"vertical-align: inherit;\"> \u2013 \u00c0 utiliser uniquement dans un environnement de laboratoire professionnel.<\/span><\/span><\/p>\n<\/li>\n<li data-start=\"5630\" data-end=\"5688\">\n<p data-start=\"5633\" data-end=\"5688\"><strong data-start=\"5633\" data-end=\"5654\"><span dir=\"auto\" style=\"vertical-align: inherit;\"><span dir=\"auto\" style=\"vertical-align: inherit;\">Instructions de stockage<\/span><\/span><\/strong><span dir=\"auto\" style=\"vertical-align: inherit;\"><span dir=\"auto\" style=\"vertical-align: inherit;\"> \u2013 \u00c0 conserver dans un endroit frais, sec et sombre.<\/span><\/span><\/p>\n<\/li>\n<li data-start=\"5689\" data-end=\"5755\">\n<p data-start=\"5692\" data-end=\"5755\"><strong data-start=\"5692\" data-end=\"5704\"><span dir=\"auto\" style=\"vertical-align: inherit;\"><span dir=\"auto\" style=\"vertical-align: inherit;\">Mesures<\/span><\/span><\/strong><span dir=\"auto\" style=\"vertical-align: inherit;\"><span dir=\"auto\" style=\"vertical-align: inherit;\"> \u2013 Utiliser du mat\u00e9riel calibr\u00e9 pour l\u2019analyse.<\/span><\/span><\/p>\n<\/li>\n<li data-start=\"5756\" data-end=\"5843\">\n<p data-start=\"5759\" data-end=\"5843\"><strong data-start=\"5759\" data-end=\"5786\"><span dir=\"auto\" style=\"vertical-align: inherit;\"><span dir=\"auto\" style=\"vertical-align: inherit;\">Avertissement de s\u00e9curit\u00e9<\/span><\/span><\/strong><span dir=\"auto\" style=\"vertical-align: inherit;\"><span dir=\"auto\" style=\"vertical-align: inherit;\"> \u2013 Ne pas consommer, ni par les humains ni par les animaux.<\/span><\/span><\/p>\n<\/li>\n<\/ol>\n<hr data-start=\"5845\" data-end=\"5848\" \/>\n<h3 data-start=\"5850\" data-end=\"5877\"><strong data-start=\"5854\" data-end=\"5877\"><span dir=\"auto\" style=\"vertical-align: inherit;\"><span dir=\"auto\" style=\"vertical-align: inherit;\">Questions fr\u00e9quemment pos\u00e9es<\/span><\/span><\/strong><\/h3>\n<p data-start=\"5879\" data-end=\"6042\"><strong data-start=\"5879\" data-end=\"5925\"><span dir=\"auto\" style=\"vertical-align: inherit;\"><span dir=\"auto\" style=\"vertical-align: inherit;\">1. \u00c0 quoi servent ces capsules ?<\/span><\/span><\/strong><br data-start=\"5925\" data-end=\"5928\" \/><span dir=\"auto\" style=\"vertical-align: inherit;\"><span dir=\"auto\" style=\"vertical-align: inherit;\"> Ils sont destin\u00e9s \u00e0 <\/span><\/span><strong data-start=\"5949\" data-end=\"5993\"><span dir=\"auto\" style=\"vertical-align: inherit;\"><span dir=\"auto\" style=\"vertical-align: inherit;\">recherche analytique et scientifique<\/span><\/span><\/strong><span dir=\"auto\" style=\"vertical-align: inherit;\"><span dir=\"auto\" style=\"vertical-align: inherit;\"> , comme des analyses chimiques ou des \u00e9tudes p\u00e9dagogiques.<\/span><\/span><\/p>\n<p data-start=\"6044\" data-end=\"6221\"><strong data-start=\"6044\" data-end=\"6102\"><span dir=\"auto\" style=\"vertical-align: inherit;\"><span dir=\"auto\" style=\"vertical-align: inherit;\">2. Ces capsules sont-elles sans danger pour un usage personnel ?<\/span><\/span><\/strong><br data-start=\"6102\" data-end=\"6105\" \/><span dir=\"auto\" style=\"vertical-align: inherit;\"><span dir=\"auto\" style=\"vertical-align: inherit;\"> Non. Ces produits sont <\/span><\/span><strong data-start=\"6130\" data-end=\"6187\"><span dir=\"auto\" style=\"vertical-align: inherit;\"><span dir=\"auto\" style=\"vertical-align: inherit;\">destin\u00e9 exclusivement aux tests de laboratoire certifi\u00e9s<\/span><\/span><\/strong><span dir=\"auto\" style=\"vertical-align: inherit;\"><span dir=\"auto\" style=\"vertical-align: inherit;\"> L&#039;usage personnel est interdit.<\/span><\/span><\/p>\n<p data-start=\"6223\" data-end=\"6358\"><strong data-start=\"6223\" data-end=\"6262\"><span dir=\"auto\" style=\"vertical-align: inherit;\"><span dir=\"auto\" style=\"vertical-align: inherit;\">3. Comment dois-je conserver les capsules ?<\/span><\/span><\/strong><br data-start=\"6262\" data-end=\"6265\" \/><span dir=\"auto\" style=\"vertical-align: inherit;\"><span dir=\"auto\" style=\"vertical-align: inherit;\"> Conservez-les dans un <\/span><\/span><strong data-start=\"6282\" data-end=\"6318\"><span dir=\"auto\" style=\"vertical-align: inherit;\"><span dir=\"auto\" style=\"vertical-align: inherit;\">endroit frais, sec et sombre<\/span><\/span><\/strong><span dir=\"auto\" style=\"vertical-align: inherit;\"><span dir=\"auto\" style=\"vertical-align: inherit;\"> et veillez \u00e0 bien refermer l&#039;emballage.<\/span><\/span><\/p>\n<hr data-start=\"6360\" data-end=\"6363\" \/>\n<h3 data-start=\"6365\" data-end=\"6383\"><strong data-start=\"6369\" data-end=\"6383\"><span dir=\"auto\" style=\"vertical-align: inherit;\"><span dir=\"auto\" style=\"vertical-align: inherit;\">Clause de non-responsabilit\u00e9<\/span><\/span><\/strong><\/h3>\n<p data-start=\"6384\" data-end=\"6628\"><span dir=\"auto\" style=\"vertical-align: inherit;\"><span dir=\"auto\" style=\"vertical-align: inherit;\">Ce produit est <\/span><\/span><strong data-start=\"6399\" data-end=\"6448\"><span dir=\"auto\" style=\"vertical-align: inherit;\"><span dir=\"auto\" style=\"vertical-align: inherit;\">destin\u00e9 \u00e0 la recherche uniquement<\/span><\/span><\/strong><span dir=\"auto\" style=\"vertical-align: inherit;\"><span dir=\"auto\" style=\"vertical-align: inherit;\"> . <\/span><\/span><strong data-start=\"6450\" data-end=\"6507\"><span dir=\"auto\" style=\"vertical-align: inherit;\"><span dir=\"auto\" style=\"vertical-align: inherit;\">Ne convient pas \u00e0 la consommation humaine ou animale.<\/span><\/span><\/strong><br data-start=\"6507\" data-end=\"6510\" \/><span dir=\"auto\" style=\"vertical-align: inherit;\"><span dir=\"auto\" style=\"vertical-align: inherit;\"> En achetant ce produit, vous confirmez que vous \u00eates un <\/span><\/span><strong data-start=\"6545\" data-end=\"6575\"><span dir=\"auto\" style=\"vertical-align: inherit;\"><span dir=\"auto\" style=\"vertical-align: inherit;\">chercheur agr\u00e9\u00e9<\/span><\/span><\/strong><span dir=\"auto\" style=\"vertical-align: inherit;\"><span dir=\"auto\" style=\"vertical-align: inherit;\"> et se conformer aux lois et r\u00e9glementations applicables.<\/span><\/span><\/p>\n<p><a href=\"https:\/\/researchchemicalhub.com\/fr_be\/boutique\/iboga-ibogaine\/acheter-de-libogaine-chlorhydrate-en-ligne\/\"><span dir=\"auto\" style=\"vertical-align: inherit;\"><span dir=\"auto\" style=\"vertical-align: inherit;\">Acheter de l&#039;iboga\u00efne HCL <\/span><\/span><\/a><a href=\"https:\/\/researchchemicalhub.com\/fr_be\/boutique\/iboga-ibogaine\/ecorce-de-racine-diboga\/\"><span dir=\"auto\" style=\"vertical-align: inherit;\"><span dir=\"auto\" style=\"vertical-align: inherit;\">\u00c9corce de racine d&#039;iboga <\/span><\/span><\/a><a href=\"https:\/\/researchchemicalhub.com\/fr_be\/boutique\/lysergamides\/1-cp-de-lsd-2\/\"><span dir=\"auto\" style=\"vertical-align: inherit;\"><span dir=\"auto\" style=\"vertical-align: inherit;\">Buvards artistiques 1cP-LSD 150 MCG <\/span><\/span><\/a><a href=\"https:\/\/researchchemicalhub.com\/fr_be\/boutique\/pellets\/granules-de-dsmt-50-mg\/\"><span dir=\"auto\" style=\"vertical-align: inherit;\"><span dir=\"auto\" style=\"vertical-align: inherit;\">Granul\u00e9s O-DSMT 50 mg <\/span><\/span><\/a><a href=\"https:\/\/researchchemicalhub.com\/fr_be\/boutique\/lysergamides\/1v-lsd-150-mcg-blotters\/\"><span dir=\"auto\" style=\"vertical-align: inherit;\"><span dir=\"auto\" style=\"vertical-align: inherit;\">buvards 1V-LSD 150 MCG<\/span><\/span><\/a><\/p>","protected":false},"excerpt":{"rendered":"<h2><span dir=\"auto\" style=\"vertical-align: inherit;\"><span dir=\"auto\" style=\"vertical-align: inherit;\">2C-EF properties<\/span><\/span><\/h2>\n<p><strong><span dir=\"auto\" style=\"vertical-align: inherit;\"><span dir=\"auto\" style=\"vertical-align: inherit;\">Synonyms<\/span><\/span><\/strong><span dir=\"auto\" style=\"vertical-align: inherit;\"><span dir=\"auto\" style=\"vertical-align: inherit;\"> : 2-[4-(2-Fluoroethyl)-2,5-dimethoxyphenyl]ethan-1-amine <\/span><\/span><br \/>\n<strong><span dir=\"auto\" style=\"vertical-align: inherit;\"><span dir=\"auto\" style=\"vertical-align: inherit;\">CAS Number<\/span><\/span><\/strong><span dir=\"auto\" style=\"vertical-align: inherit;\"><span dir=\"auto\" style=\"vertical-align: inherit;\"> : 1222814-77-8 <\/span><\/span><br \/>\n<strong><span dir=\"auto\" style=\"vertical-align: inherit;\"><span dir=\"auto\" style=\"vertical-align: inherit;\">Formula<\/span><\/span><\/strong><span dir=\"auto\" style=\"vertical-align: inherit;\"><span dir=\"auto\" style=\"vertical-align: inherit;\"> : <\/span><\/span><span title=\"Carbon\"><span dir=\"auto\" style=\"vertical-align: inherit;\"><span dir=\"auto\" style=\"vertical-align: inherit;\">C <\/span><\/span><\/span><sub><span dir=\"auto\" style=\"vertical-align: inherit;\"><span dir=\"auto\" style=\"vertical-align: inherit;\">12 <\/span><\/span><\/sub><span title=\"Hydrogen\"><span dir=\"auto\" style=\"vertical-align: inherit;\"><span dir=\"auto\" style=\"vertical-align: inherit;\">H <\/span><\/span><\/span><sub><span dir=\"auto\" style=\"vertical-align: inherit;\"><span dir=\"auto\" style=\"vertical-align: inherit;\">18 <\/span><\/span><\/sub><span title=\"Fluorine\"><span dir=\"auto\" style=\"vertical-align: inherit;\"><span dir=\"auto\" style=\"vertical-align: inherit;\">F <\/span><\/span><\/span><span title=\"Nitrogen\"><span dir=\"auto\" style=\"vertical-align: inherit;\"><span dir=\"auto\" style=\"vertical-align: inherit;\">N <\/span><\/span><\/span><span title=\"Oxygen\"><span dir=\"auto\" style=\"vertical-align: inherit;\"><span dir=\"auto\" style=\"vertical-align: inherit;\">O <\/span><\/span><\/span><sub><span dir=\"auto\" style=\"vertical-align: inherit;\"><span dir=\"auto\" style=\"vertical-align: inherit;\">2 <\/span><\/span><\/sub><br \/>\n<strong><span dir=\"auto\" style=\"vertical-align: inherit;\"><span dir=\"auto\" style=\"vertical-align: inherit;\">Molar mass<\/span><\/span><\/strong><span dir=\"auto\" style=\"vertical-align: inherit;\"><span dir=\"auto\" style=\"vertical-align: inherit;\"> : 227.279 g\/mol <\/span><\/span><br \/>\n<strong><span dir=\"auto\" style=\"vertical-align: inherit;\"><span dir=\"auto\" style=\"vertical-align: inherit;\">Purity<\/span><\/span><\/strong><span dir=\"auto\" style=\"vertical-align: inherit;\"><span dir=\"auto\" style=\"vertical-align: inherit;\"> : \u226599%<\/span><\/span><\/p>\n","protected":false},"featured_media":28375,"comment_status":"closed","ping_status":"closed","template":"","meta":[],"product_brand":[],"product_cat":[401,322,80,398],"product_tag":[253,326],"class_list":{"0":"post-24939","1":"product","2":"type-product","3":"status-publish","4":"has-post-thumbnail","6":"product_cat-2c-ef","7":"product_cat-bijna-verboden","8":"product_cat-fenethylamine","9":"product_cat-verkoop","10":"product_tag-2c-ef","11":"product_tag-nl","13":"first","14":"instock","15":"sale","16":"taxable","17":"shipping-taxable","18":"purchasable","19":"product-type-variable"},"_links":{"self":[{"href":"https:\/\/researchchemicalhub.com\/fr_be\/wp-json\/wp\/v2\/product\/24939","targetHints":{"allow":["GET"]}}],"collection":[{"href":"https:\/\/researchchemicalhub.com\/fr_be\/wp-json\/wp\/v2\/product"}],"about":[{"href":"https:\/\/researchchemicalhub.com\/fr_be\/wp-json\/wp\/v2\/types\/product"}],"replies":[{"embeddable":true,"href":"https:\/\/researchchemicalhub.com\/fr_be\/wp-json\/wp\/v2\/comments?post=24939"}],"version-history":[{"count":6,"href":"https:\/\/researchchemicalhub.com\/fr_be\/wp-json\/wp\/v2\/product\/24939\/revisions"}],"predecessor-version":[{"id":28629,"href":"https:\/\/researchchemicalhub.com\/fr_be\/wp-json\/wp\/v2\/product\/24939\/revisions\/28629"}],"wp:featuredmedia":[{"embeddable":true,"href":"https:\/\/researchchemicalhub.com\/fr_be\/wp-json\/wp\/v2\/media\/28375"}],"wp:attachment":[{"href":"https:\/\/researchchemicalhub.com\/fr_be\/wp-json\/wp\/v2\/media?parent=24939"}],"wp:term":[{"taxonomy":"product_brand","embeddable":true,"href":"https:\/\/researchchemicalhub.com\/fr_be\/wp-json\/wp\/v2\/product_brand?post=24939"},{"taxonomy":"product_cat","embeddable":true,"href":"https:\/\/researchchemicalhub.com\/fr_be\/wp-json\/wp\/v2\/product_cat?post=24939"},{"taxonomy":"product_tag","embeddable":true,"href":"https:\/\/researchchemicalhub.com\/fr_be\/wp-json\/wp\/v2\/product_tag?post=24939"}],"curies":[{"name":"wp","href":"https:\/\/api.w.org\/{rel}","templated":true}]}}