{"id":24559,"date":"2025-10-20T17:42:02","date_gmt":"2025-10-20T17:42:02","guid":{"rendered":"https:\/\/researchchemicalhub.com\/?post_type=product&#038;p=24559"},"modified":"2025-10-21T16:00:02","modified_gmt":"2025-10-21T16:00:02","slug":"2c-e-10mg-zakje-3-pellets","status":"publish","type":"product","link":"https:\/\/researchchemicalhub.com\/fr_be\/shop\/b2b\/2c-e-10mg-zakje-3-pellets\/","title":{"rendered":"Sachet de 3 pastilles 2C-E 10 mg"},"content":{"rendered":"<h3 data-start=\"3820\" data-end=\"3841\"><strong data-start=\"3824\" data-end=\"3839\">Introduction<\/strong><\/h3>\n<p data-start=\"3842\" data-end=\"4106\"><strong data-start=\"3842\" data-end=\"3873\">Sachet de 2C-E 10 mg (3 pastilles)<\/strong> contient <strong data-start=\"3880\" data-end=\"3927\">trois pastilles pr\u00e9cis\u00e9ment dos\u00e9es de 10 mg<\/strong> <strong data-start=\"3928\" data-end=\"3973\">2C-E (2,5-dim\u00e9thoxy-4-\u00e9thylph\u00e9n\u00e9thylamine)<\/strong> - Un <strong data-start=\"3980\" data-end=\"4013\">ph\u00e9n\u00e9thylamine substitu\u00e9e<\/strong> de la <strong data-start=\"4021\" data-end=\"4035\">Famille 2C<\/strong>, d\u00e9velopp\u00e9 et \u00e9tudi\u00e9 \u00e0 l&#039;origine par le Dr Alexander Shulgin. 2c-e<\/p>\n<p data-start=\"4108\" data-end=\"4459\">\u00c0 l&#039;int\u00e9rieur <strong data-start=\"4115\" data-end=\"4151\">recherche analytique et chimique<\/strong> 2C-E est utilis\u00e9 pour <strong data-start=\"4175\" data-end=\"4217\">relations structure-activit\u00e9 (SAR)<\/strong>, <strong data-start=\"4219\" data-end=\"4238\">liaison au r\u00e9cepteur<\/strong> et <strong data-start=\"4242\" data-end=\"4271\">caract\u00e9risation chimique<\/strong> pour \u00e9tudier les ph\u00e9n\u00e9thylamines substitu\u00e9es.<br data-start=\"4321\" data-end=\"4324\" \/>Ces granul\u00e9s sont fabriqu\u00e9s selon <strong data-start=\"4365\" data-end=\"4408\">qualit\u00e9 laboratoire (puret\u00e9 \u226598%)<\/strong> et offre <strong data-start=\"4419\" data-end=\"4456\">des r\u00e9sultats coh\u00e9rents et fiables<\/strong>.<\/p>\n<blockquote data-start=\"4461\" data-end=\"4605\">\n<p data-start=\"4463\" data-end=\"4605\">\u26a0\ufe0f <strong data-start=\"4466\" data-end=\"4477\">NB:<\/strong> 2C-E est exclusivement destin\u00e9 \u00e0 <strong data-start=\"4511\" data-end=\"4552\">recherche en laboratoire et analytique<\/strong> et <strong data-start=\"4556\" data-end=\"4604\">non destin\u00e9 \u00e0 la consommation humaine ou animale<\/strong>.<\/p>\n<\/blockquote>\n<hr data-start=\"4607\" data-end=\"4610\" \/>\n<h3 data-start=\"4612\" data-end=\"4643\"><strong data-start=\"4616\" data-end=\"4643\">Caract\u00e9ristiques principales<\/strong><\/h3>\n<div class=\"_tableContainer_1rjym_1\">\n<div class=\"group _tableWrapper_1rjym_13 flex w-fit flex-col-reverse\" tabindex=\"-1\">\n<table class=\"w-fit min-w-(--thread-content-width)\" data-start=\"4645\" data-end=\"5081\">\n<thead data-start=\"4645\" data-end=\"4671\">\n<tr data-start=\"4645\" data-end=\"4671\">\n<th data-start=\"4645\" data-end=\"4655\" data-col-size=\"sm\">Fonctionnalit\u00e9<\/th>\n<th data-start=\"4655\" data-end=\"4671\" data-col-size=\"md\">Description<\/th>\n<\/tr>\n<\/thead>\n<tbody data-start=\"4700\" data-end=\"5081\">\n<tr data-start=\"4700\" data-end=\"4760\">\n<td data-start=\"4700\" data-end=\"4715\" data-col-size=\"sm\"><strong data-start=\"4702\" data-end=\"4714\">Nom de la substance<\/strong><\/td>\n<td data-start=\"4715\" data-end=\"4760\" data-col-size=\"md\">2,5-dim\u00e9thoxy-4-\u00e9thylph\u00e9n\u00e9thylamine (2C-E)<\/td>\n<\/tr>\n<tr data-start=\"4761\" data-end=\"4831\">\n<td data-start=\"4761\" data-end=\"4776\" data-col-size=\"sm\"><strong data-start=\"4763\" data-end=\"4775\">Dosage<\/strong><\/td>\n<td data-start=\"4776\" data-end=\"4831\" data-col-size=\"md\">10 mg par pastille \u2014 total 30 mg par sachet (3 pastilles)<\/td>\n<\/tr>\n<tr data-start=\"4832\" data-end=\"4887\">\n<td data-start=\"4832\" data-end=\"4843\" data-col-size=\"sm\"><strong data-start=\"4834\" data-end=\"4842\">Formulaire<\/strong><\/td>\n<td data-start=\"4843\" data-end=\"4887\" data-col-size=\"md\">Granul\u00e9s solides pour la recherche en laboratoire<\/td>\n<\/tr>\n<tr data-start=\"4888\" data-end=\"4939\">\n<td data-start=\"4888\" data-end=\"4905\" data-col-size=\"sm\"><strong data-start=\"4890\" data-end=\"4904\">Puret\u00e9<\/strong><\/td>\n<td data-start=\"4905\" data-end=\"4939\" data-col-size=\"md\">\u2265 98% (test\u00e9 par HPLC et RMN)<\/td>\n<\/tr>\n<tr data-start=\"4940\" data-end=\"5014\">\n<td data-start=\"4940\" data-end=\"4954\" data-col-size=\"sm\"><strong data-start=\"4942\" data-end=\"4953\">Usage<\/strong><\/td>\n<td data-start=\"4954\" data-end=\"5014\" data-col-size=\"md\">Pour la recherche analytique, m\u00e9dico-l\u00e9gale et chimique uniquement<\/td>\n<\/tr>\n<tr data-start=\"5015\" data-end=\"5081\">\n<td data-start=\"5015\" data-end=\"5032\" data-col-size=\"sm\"><strong data-start=\"5017\" data-end=\"5031\">Conditionnement<\/strong><\/td>\n<td data-start=\"5032\" data-end=\"5081\" data-col-size=\"md\">Sac de laboratoire refermable et r\u00e9sistant \u00e0 l&#039;humidit\u00e9<\/td>\n<\/tr>\n<\/tbody>\n<\/table>\n<\/div>\n<\/div>\n<hr data-start=\"5083\" data-end=\"5086\" \/>\n<h3 data-start=\"5088\" data-end=\"5105\"><strong data-start=\"5092\" data-end=\"5105\">Avantages<\/strong><\/h3>\n<ul data-start=\"5107\" data-end=\"5527\">\n<li data-start=\"5107\" data-end=\"5204\">\n<p data-start=\"5109\" data-end=\"5204\"><strong data-start=\"5109\" data-end=\"5133\">Dosage pr\u00e9cis<\/strong> \u2013 Chaque pastille contient 10 mg de 2C-E pour des r\u00e9sultats de recherche fiables.<\/p>\n<\/li>\n<li data-start=\"5205\" data-end=\"5293\">\n<p data-start=\"5207\" data-end=\"5293\"><strong data-start=\"5207\" data-end=\"5227\">Valeur de la recherche<\/strong> \u2013 Convient pour la chromatographie, la spectroscopie et la recherche SAR.<\/p>\n<\/li>\n<li data-start=\"5294\" data-end=\"5360\">\n<p data-start=\"5296\" data-end=\"5360\"><strong data-start=\"5296\" data-end=\"5315\">Haute puret\u00e9<\/strong> \u2013 Fabriqu\u00e9 selon les normes analytiques.<\/p>\n<\/li>\n<li data-start=\"5361\" data-end=\"5447\">\n<p data-start=\"5363\" data-end=\"5447\"><strong data-start=\"5363\" data-end=\"5384\">Taille pratique<\/strong> \u2013 Sachet de 3 pastilles, id\u00e9al pour les petites s\u00e9ries de recherche.<\/p>\n<\/li>\n<li data-start=\"5448\" data-end=\"5527\">\n<p data-start=\"5450\" data-end=\"5527\"><strong data-start=\"5450\" data-end=\"5475\">Qualit\u00e9 tra\u00e7able<\/strong> \u2013 Chaque lot est test\u00e9 ; COA disponible sur demande.<\/p>\n<\/li>\n<\/ul>\n<hr data-start=\"5529\" data-end=\"5532\" \/>\n<h3 data-start=\"5534\" data-end=\"5586\"><strong data-start=\"5538\" data-end=\"5584\">Utilisation (\u00e0 des fins de recherche uniquement)<\/strong><\/h3>\n<ol data-start=\"5588\" data-end=\"5976\">\n<li data-start=\"5588\" data-end=\"5697\">\n<p data-start=\"5591\" data-end=\"5697\"><strong data-start=\"5591\" data-end=\"5606\">Manutention:<\/strong> Portez des gants, des lunettes de s\u00e9curit\u00e9 et une blouse de laboratoire ; travaillez dans des conditions contr\u00f4l\u00e9es.<\/p>\n<\/li>\n<li data-start=\"5698\" data-end=\"5782\">\n<p data-start=\"5701\" data-end=\"5782\"><strong data-start=\"5701\" data-end=\"5714\">Mesures:<\/strong> Chaque pastille contient 10 mg ; ne pas modifier en dehors des proc\u00e9dures de laboratoire.<\/p>\n<\/li>\n<li data-start=\"5783\" data-end=\"5837\">\n<p data-start=\"5786\" data-end=\"5837\"><strong data-start=\"5786\" data-end=\"5797\">Stockage:<\/strong> Conserver au frais (2\u20138\u00b0C), au sec et \u00e0 l\u2019abri de la lumi\u00e8re.<\/p>\n<\/li>\n<li data-start=\"5838\" data-end=\"5902\">\n<p data-start=\"5841\" data-end=\"5902\"><strong data-start=\"5841\" data-end=\"5853\">Analyse:<\/strong> Convient pour HPLC, GC\/MS, FTIR, LC-MS et RMN. 2c-e<\/p>\n<\/li>\n<li data-start=\"5903\" data-end=\"5976\">\n<p data-start=\"5906\" data-end=\"5976\"><strong data-start=\"5906\" data-end=\"5923\">Documentation:<\/strong> Enregistrez les num\u00e9ros de lot, la puret\u00e9 et les r\u00e9sultats.<\/p>\n<\/li>\n<\/ol>\n<hr data-start=\"5978\" data-end=\"5981\" \/>\n<h3 data-start=\"5983\" data-end=\"6018\"><strong data-start=\"5987\" data-end=\"6016\">Foire aux questions (FAQ)<\/strong><\/h3>\n<p data-start=\"6020\" data-end=\"6226\"><strong data-start=\"6020\" data-end=\"6039\">1. Qu&#039;est-ce que 2C-E ?<\/strong><br data-start=\"6039\" data-end=\"6042\" \/>2C-E (2,5-dim\u00e9thoxy-4-\u00e9thylph\u00e9n\u00e9thylamine) est un <strong data-start=\"6091\" data-end=\"6121\">ph\u00e9n\u00e9thylamine synth\u00e9tique<\/strong> qui est utilis\u00e9 pour les \u00e9tudes de liaison aux r\u00e9cepteurs et d&#039;activit\u00e9 structurelle au sein de la famille 2C.<\/p>\n<p data-start=\"6228\" data-end=\"6397\"><strong data-start=\"6228\" data-end=\"6281\">2. Que contient le sachet 2C-E 10 mg (3 pastilles) ?<\/strong><br data-start=\"6281\" data-end=\"6284\" \/>Le sac contient <strong data-start=\"6300\" data-end=\"6334\">trois pastilles de 10 mg de 2C-E chacune<\/strong>, total 30 mg, produit selon la qualit\u00e9 du laboratoire.<\/p>\n<p data-start=\"6399\" data-end=\"6607\"><strong data-start=\"6399\" data-end=\"6437\">3. Est-il l\u00e9gal d\u2019acheter du 2C-E ?<\/strong><br data-start=\"6437\" data-end=\"6440\" \/>Le <strong data-start=\"6443\" data-end=\"6466\">l\u00e9galit\u00e9 du 2C-E<\/strong> Varie selon les pays. Dans certains pays, elle est consid\u00e9r\u00e9e comme une substance r\u00e9glement\u00e9e. Consultez toujours la r\u00e9glementation locale avant utilisation. <strong data-start=\"6590\" data-end=\"6604\">2C-E ach\u00e8te<\/strong>.<\/p>","protected":false},"excerpt":{"rendered":"<h2><span dir=\"auto\" style=\"vertical-align: inherit;\"><span dir=\"auto\" style=\"vertical-align: inherit;\">Sachet de 2C-E 10 mg avec 3 pastilles<\/span><\/span><\/h2>\n<ul>\n<li><strong><span dir=\"auto\" style=\"vertical-align: inherit;\"><span dir=\"auto\" style=\"vertical-align: inherit;\">Emballage de vente au d\u00e9tail<\/span><\/span><br \/>\n<\/strong><\/li>\n<li><strong><span dir=\"auto\" style=\"vertical-align: inherit;\"><span dir=\"auto\" style=\"vertical-align: inherit;\">Nombre de granul\u00e9s par sac : 3<\/span><\/span><\/strong><\/li>\n<li><strong><span dir=\"auto\" style=\"vertical-align: inherit;\"><span dir=\"auto\" style=\"vertical-align: inherit;\">Les prix excluent la TVA 21%<\/span><\/span><\/strong><\/li>\n<li><strong><span dir=\"auto\" style=\"vertical-align: inherit;\"><span dir=\"auto\" style=\"vertical-align: inherit;\">Prix de vente conseill\u00e9 : 19,95 \u20ac TTC<\/span><\/span><\/strong><\/li>\n<\/ul>","protected":false},"featured_media":24585,"comment_status":"closed","ping_status":"closed","template":"","meta":[],"product_brand":[82],"product_cat":[555],"product_tag":[799,620,621,622,326,797,798,795,796],"class_list":{"0":"post-24559","1":"product","2":"type-product","3":"status-publish","4":"has-post-thumbnail","6":"product_brand-research-chemical","7":"product_cat-b2b","8":"product_tag-2-ce-pellets","9":"product_tag-2c-e","10":"product_tag-2c-e-kopen","11":"product_tag-2ce","12":"product_tag-nl","13":"product_tag-research-chemicals-bestellen","14":"product_tag-research-chemicals-nederland","15":"product_tag-wat-is-2c-e","16":"product_tag-where-to-buy-2c-e-online","18":"first","19":"instock","20":"taxable","21":"shipping-taxable","22":"purchasable","23":"product-type-variable"},"_links":{"self":[{"href":"https:\/\/researchchemicalhub.com\/fr_be\/wp-json\/wp\/v2\/product\/24559","targetHints":{"allow":["GET"]}}],"collection":[{"href":"https:\/\/researchchemicalhub.com\/fr_be\/wp-json\/wp\/v2\/product"}],"about":[{"href":"https:\/\/researchchemicalhub.com\/fr_be\/wp-json\/wp\/v2\/types\/product"}],"replies":[{"embeddable":true,"href":"https:\/\/researchchemicalhub.com\/fr_be\/wp-json\/wp\/v2\/comments?post=24559"}],"version-history":[{"count":9,"href":"https:\/\/researchchemicalhub.com\/fr_be\/wp-json\/wp\/v2\/product\/24559\/revisions"}],"predecessor-version":[{"id":27769,"href":"https:\/\/researchchemicalhub.com\/fr_be\/wp-json\/wp\/v2\/product\/24559\/revisions\/27769"}],"wp:featuredmedia":[{"embeddable":true,"href":"https:\/\/researchchemicalhub.com\/fr_be\/wp-json\/wp\/v2\/media\/24585"}],"wp:attachment":[{"href":"https:\/\/researchchemicalhub.com\/fr_be\/wp-json\/wp\/v2\/media?parent=24559"}],"wp:term":[{"taxonomy":"product_brand","embeddable":true,"href":"https:\/\/researchchemicalhub.com\/fr_be\/wp-json\/wp\/v2\/product_brand?post=24559"},{"taxonomy":"product_cat","embeddable":true,"href":"https:\/\/researchchemicalhub.com\/fr_be\/wp-json\/wp\/v2\/product_cat?post=24559"},{"taxonomy":"product_tag","embeddable":true,"href":"https:\/\/researchchemicalhub.com\/fr_be\/wp-json\/wp\/v2\/product_tag?post=24559"}],"curies":[{"name":"wp","href":"https:\/\/api.w.org\/{rel}","templated":true}]}}