{"id":24509,"date":"2025-10-20T17:41:53","date_gmt":"2025-10-20T17:41:53","guid":{"rendered":"https:\/\/researchchemicalhub.com\/?post_type=product&#038;p=24509"},"modified":"2025-10-29T08:12:55","modified_gmt":"2025-10-29T08:12:55","slug":"3fpm-50mg-zakje-3-pellets","status":"publish","type":"product","link":"https:\/\/researchchemicalhub.com\/fr_be\/shop\/b2b\/3fpm-50mg-zakje-3-pellets\/","title":{"rendered":"Sachet de 3 pastilles 3-FPM 50 mg"},"content":{"rendered":"<h3 data-start=\"4263\" data-end=\"4284\"><strong data-start=\"4267\" data-end=\"4282\">Introduction<\/strong><\/h3>\n<p data-start=\"4285\" data-end=\"4709\"><strong data-start=\"4285\" data-end=\"4318\">Sachet de 3 comprim\u00e9s de 50 mg (3 pastilles)<\/strong> contient <strong data-start=\"4325\" data-end=\"4373\">trois pastilles pr\u00e9cis\u00e9ment dos\u00e9es de 50 mg<\/strong> <strong data-start=\"4374\" data-end=\"4407\">3-Fluorophenm\u00e9trazine (3-FPM)<\/strong> - Un <strong data-start=\"4414\" data-end=\"4441\">compos\u00e9 synth\u00e9tique<\/strong> de la <strong data-start=\"4449\" data-end=\"4484\">classe de morpholine substitu\u00e9e<\/strong>. 3 pieds par minute<br data-start=\"4485\" data-end=\"4488\" \/>Structurellement li\u00e9 \u00e0 <strong data-start=\"4512\" data-end=\"4528\">phenm\u00e9trazine<\/strong>, 3-FPM est utilis\u00e9 dans <strong data-start=\"4554\" data-end=\"4607\">recherche m\u00e9dico-l\u00e9gale, analytique et neurochimique<\/strong>, en particulier pour les \u00e9tudes sur <strong data-start=\"4634\" data-end=\"4660\">transporteurs de monoamines<\/strong> et <strong data-start=\"4664\" data-end=\"4706\">relations structure-activit\u00e9 (SAR)<\/strong>.<\/p>\n<p data-start=\"4711\" data-end=\"4990\">Les pellets sont produits sous <strong data-start=\"4748\" data-end=\"4786\">conditions de laboratoire strictes<\/strong> imm\u00e9diatement <strong data-start=\"4795\" data-end=\"4819\">puret\u00e9 \u2265 98%<\/strong> pour des r\u00e9sultats de recherche fiables et reproductibles.<br data-start=\"4875\" data-end=\"4878\" \/>Chaque sac contient <strong data-start=\"4894\" data-end=\"4926\">trois pastilles (total 150 mg)<\/strong> dans un <strong data-start=\"4934\" data-end=\"4987\">emballage refermable sans humidit\u00e9 ni \u00e9lectricit\u00e9 statique<\/strong>.<\/p>\n<blockquote data-start=\"4992\" data-end=\"5141\">\n<p data-start=\"4994\" data-end=\"5141\">\u26a0\ufe0f <strong data-start=\"4997\" data-end=\"5008\">NB:<\/strong> 3-FPM est exclusivement destin\u00e9 \u00e0 <strong data-start=\"5043\" data-end=\"5078\">recherche et utilisation analytique<\/strong> \u2014 <strong data-start=\"5081\" data-end=\"5138\">ne convient pas \u00e0 la consommation humaine ou animale<\/strong>.<\/p>\n<\/blockquote>\n<hr data-start=\"5143\" data-end=\"5146\" \/>\n<h3 data-start=\"5148\" data-end=\"5179\"><strong data-start=\"5152\" data-end=\"5179\">Caract\u00e9ristiques principales<\/strong><\/h3>\n<div class=\"_tableContainer_1rjym_1\">\n<div class=\"group _tableWrapper_1rjym_13 flex w-fit flex-col-reverse\" tabindex=\"-1\">\n<table class=\"w-fit min-w-(--thread-content-width)\" data-start=\"5181\" data-end=\"5706\">\n<thead data-start=\"5181\" data-end=\"5207\">\n<tr data-start=\"5181\" data-end=\"5207\">\n<th data-start=\"5181\" data-end=\"5191\" data-col-size=\"sm\">Fonctionnalit\u00e9<\/th>\n<th data-start=\"5191\" data-end=\"5207\" data-col-size=\"md\">Description<\/th>\n<\/tr>\n<\/thead>\n<tbody data-start=\"5236\" data-end=\"5706\">\n<tr data-start=\"5236\" data-end=\"5281\">\n<td data-start=\"5236\" data-end=\"5257\" data-col-size=\"sm\"><strong data-start=\"5238\" data-end=\"5256\">Nom chimique<\/strong><\/td>\n<td data-start=\"5257\" data-end=\"5281\" data-col-size=\"md\">3-Fluorophenm\u00e9trazine<\/td>\n<\/tr>\n<tr data-start=\"5282\" data-end=\"5316\">\n<td data-start=\"5282\" data-end=\"5307\" data-col-size=\"sm\"><strong data-start=\"5284\" data-end=\"5306\">Nom commun<\/strong><\/td>\n<td data-start=\"5307\" data-end=\"5316\" data-col-size=\"md\">3 pieds par minute<\/td>\n<\/tr>\n<tr data-start=\"5317\" data-end=\"5390\">\n<td data-start=\"5317\" data-end=\"5332\" data-col-size=\"sm\"><strong data-start=\"5319\" data-end=\"5331\">Dosage<\/strong><\/td>\n<td data-start=\"5332\" data-end=\"5390\" data-col-size=\"md\">50 mg par pastille \u2013 total 150 mg (3 pastilles par sachet)<\/td>\n<\/tr>\n<tr data-start=\"5391\" data-end=\"5444\">\n<td data-start=\"5391\" data-end=\"5402\" data-col-size=\"sm\"><strong data-start=\"5393\" data-end=\"5401\">Formulaire<\/strong><\/td>\n<td data-start=\"5402\" data-end=\"5444\" data-col-size=\"md\">Granul\u00e9s solides pour usage en laboratoire<\/td>\n<\/tr>\n<tr data-start=\"5445\" data-end=\"5497\">\n<td data-start=\"5445\" data-end=\"5462\" data-col-size=\"sm\"><strong data-start=\"5447\" data-end=\"5461\">Puret\u00e9<\/strong><\/td>\n<td data-start=\"5462\" data-end=\"5497\" data-col-size=\"md\">\u2265 98% (test\u00e9 par GC\/MS et RMN)<\/td>\n<\/tr>\n<tr data-start=\"5498\" data-end=\"5573\">\n<td data-start=\"5498\" data-end=\"5521\" data-col-size=\"sm\"><strong data-start=\"5500\" data-end=\"5520\">Classe chimique<\/strong><\/td>\n<td data-start=\"5521\" data-end=\"5573\" data-col-size=\"md\">Analogue de morpholine\/phenm\u00e9trazine substitu\u00e9<\/td>\n<\/tr>\n<tr data-start=\"5574\" data-end=\"5653\">\n<td data-start=\"5574\" data-end=\"5588\" data-col-size=\"sm\"><strong data-start=\"5576\" data-end=\"5587\">Usage<\/strong><\/td>\n<td data-start=\"5588\" data-end=\"5653\" data-col-size=\"md\">Pour la recherche analytique, m\u00e9dico-l\u00e9gale et neurochimique uniquement<\/td>\n<\/tr>\n<tr data-start=\"5654\" data-end=\"5706\">\n<td data-start=\"5654\" data-end=\"5671\" data-col-size=\"sm\"><strong data-start=\"5656\" data-end=\"5670\">Conditionnement<\/strong><\/td>\n<td data-start=\"5671\" data-end=\"5706\" data-col-size=\"md\">Sachet antistatique refermable<\/td>\n<\/tr>\n<\/tbody>\n<\/table>\n<\/div>\n<\/div>\n<hr data-start=\"5708\" data-end=\"5711\" \/>\n<h3 data-start=\"5713\" data-end=\"5730\"><strong data-start=\"5717\" data-end=\"5730\">Avantages<\/strong><\/h3>\n<ul data-start=\"5732\" data-end=\"6210\">\n<li data-start=\"5732\" data-end=\"5837\">\n<p data-start=\"5734\" data-end=\"5837\"><strong data-start=\"5734\" data-end=\"5758\">Dosage pr\u00e9cis<\/strong> \u2013 Chaque pastille contient exactement 50 mg de 3-FPM pour des r\u00e9sultats de recherche coh\u00e9rents.<\/p>\n<\/li>\n<li data-start=\"5838\" data-end=\"5939\">\n<p data-start=\"5840\" data-end=\"5939\"><strong data-start=\"5840\" data-end=\"5859\">Haute puret\u00e9<\/strong> \u2013 Qualit\u00e9 laboratoire \u2265 98%, confirm\u00e9e par chromatographie et spectroscopie.<\/p>\n<\/li>\n<li data-start=\"5940\" data-end=\"6025\">\n<p data-start=\"5942\" data-end=\"6025\"><strong data-start=\"5942\" data-end=\"5959\">Forme stable<\/strong> \u2013 Les granul\u00e9s solides restent stables longtemps lorsqu\u2019ils sont stock\u00e9s correctement.<\/p>\n<\/li>\n<li data-start=\"6026\" data-end=\"6109\">\n<p data-start=\"6028\" data-end=\"6109\"><strong data-start=\"6028\" data-end=\"6058\">Largement applicable \u00e0 la recherche<\/strong> \u2013 Convient pour GC\/MS, LC-MS, HPLC, FTIR et RMN.<\/p>\n<\/li>\n<li data-start=\"6110\" data-end=\"6210\">\n<p data-start=\"6112\" data-end=\"6210\"><strong data-start=\"6112\" data-end=\"6137\">Qualit\u00e9 tra\u00e7able<\/strong> \u2013 Informations sur le lot et certificat d\u2019analyse (COA) disponibles sur demande.<\/p>\n<\/li>\n<\/ul>\n<hr data-start=\"6212\" data-end=\"6215\" \/>\n<h3 data-start=\"6217\" data-end=\"6269\"><strong data-start=\"6221\" data-end=\"6267\">Utilisation (\u00e0 des fins de recherche uniquement)<\/strong><\/h3>\n<ol data-start=\"6271\" data-end=\"6688\">\n<li data-start=\"6271\" data-end=\"6382\">\n<p data-start=\"6274\" data-end=\"6382\"><strong data-start=\"6274\" data-end=\"6289\">Manutention:<\/strong> Portez des gants, des lunettes de s\u00e9curit\u00e9 et une blouse de laboratoire ; travaillez dans des conditions contr\u00f4l\u00e9es.<\/p>\n<\/li>\n<li data-start=\"6383\" data-end=\"6466\">\n<p data-start=\"6386\" data-end=\"6466\"><strong data-start=\"6386\" data-end=\"6399\">Mesures:<\/strong> Chaque pastille contient 50 mg ; ne pas ajuster en dehors du laboratoire.<\/p>\n<\/li>\n<li data-start=\"6467\" data-end=\"6546\">\n<p data-start=\"6470\" data-end=\"6546\"><strong data-start=\"6470\" data-end=\"6481\">Stockage:<\/strong> Conserver au frais (2\u20138 \u00b0C), au sec et \u00e0 l\u2019abri de la lumi\u00e8re, dans son emballage d\u2019origine.<\/p>\n<\/li>\n<li data-start=\"6547\" data-end=\"6611\">\n<p data-start=\"6550\" data-end=\"6611\"><strong data-start=\"6550\" data-end=\"6562\">Analyse:<\/strong> Convient pour GC\/MS, HPLC, FTIR, LC-MS et RMN.<\/p>\n<\/li>\n<li data-start=\"6612\" data-end=\"6688\">\n<p data-start=\"6615\" data-end=\"6688\"><strong data-start=\"6615\" data-end=\"6632\">Documentation:<\/strong> Enregistrez le num\u00e9ro de lot, la puret\u00e9 et les r\u00e9sultats des tests.<\/p>\n<\/li>\n<\/ol>\n<hr data-start=\"6690\" data-end=\"6693\" \/>\n<h3 data-start=\"6695\" data-end=\"6730\"><strong data-start=\"6699\" data-end=\"6728\">Foire aux questions (FAQ)<\/strong><\/h3>\n<p data-start=\"6732\" data-end=\"6914\"><strong data-start=\"6732\" data-end=\"6752\">1. Qu&#039;est-ce que 3-FPM ?<\/strong><br data-start=\"6752\" data-end=\"6755\" \/><strong data-start=\"6755\" data-end=\"6787\">3-FPM (3-Fluorophenm\u00e9trazine)<\/strong> est un <strong data-start=\"6795\" data-end=\"6825\">substance de recherche synth\u00e9tique<\/strong> de la famille des morpholines utilis\u00e9es pour la recherche analytique et neurochimique.<\/p>\n<p data-start=\"6916\" data-end=\"7074\"><strong data-start=\"6916\" data-end=\"6971\">2. Que contient le sachet 3-FPM 50 mg (3 pastilles) ?<\/strong><br data-start=\"6971\" data-end=\"6974\" \/>Le sac contient <strong data-start=\"6990\" data-end=\"7042\">trois pastilles de 50 mg 3-FPM chacune (total 150 mg)<\/strong> avec une puret\u00e9 \u2265 98%.<\/p>\n<p data-start=\"7076\" data-end=\"7278\"><strong data-start=\"7076\" data-end=\"7115\">3. Est-il l\u00e9gal d\u2019acheter du 3-FPM ?<\/strong><br data-start=\"7115\" data-end=\"7118\" \/>Le <strong data-start=\"7121\" data-end=\"7145\">l\u00e9galit\u00e9 du 3-FPM<\/strong> varie selon les pays. Dans certains pays, elle est soumise \u00e0 la loi sur l&#039;opium\u00a0; v\u00e9rifiez toujours la l\u00e9gislation locale avant de l&#039;utiliser. <strong data-start=\"7260\" data-end=\"7275\">Achats \u00e0 3 FPM<\/strong>.<\/p>","protected":false},"excerpt":{"rendered":"<h2><span data-sheets-value=\"{\" data-sheets-userformat=\"{\">Sachet de 3 comprim\u00e9s de 50 mg contenant 3 pastilles<\/span><\/h2>\n<ul>\n<li><strong>Emballage de vente au d\u00e9tail<br \/>\n<\/strong><\/li>\n<li><strong>Nombre de granul\u00e9s par sac : 3<\/strong><\/li>\n<li><strong>Les prix excluent la TVA 21%<\/strong><\/li>\n<li><strong>Prix de vente conseill\u00e9 : 21,95 \u20ac TTC<\/strong><\/li>\n<\/ul>","protected":false},"featured_media":28407,"comment_status":"closed","ping_status":"closed","template":"","meta":[],"product_brand":[82],"product_cat":[555],"product_tag":[606,601,605,326],"class_list":{"0":"post-24509","1":"product","2":"type-product","3":"status-publish","4":"has-post-thumbnail","6":"product_brand-research-chemical","7":"product_cat-b2b","8":"product_tag-3-fluorophenmetrazine","9":"product_tag-3-fpm","10":"product_tag-3fpm","11":"product_tag-nl","13":"first","14":"instock","15":"taxable","16":"shipping-taxable","17":"purchasable","18":"product-type-variable"},"_links":{"self":[{"href":"https:\/\/researchchemicalhub.com\/fr_be\/wp-json\/wp\/v2\/product\/24509","targetHints":{"allow":["GET"]}}],"collection":[{"href":"https:\/\/researchchemicalhub.com\/fr_be\/wp-json\/wp\/v2\/product"}],"about":[{"href":"https:\/\/researchchemicalhub.com\/fr_be\/wp-json\/wp\/v2\/types\/product"}],"replies":[{"embeddable":true,"href":"https:\/\/researchchemicalhub.com\/fr_be\/wp-json\/wp\/v2\/comments?post=24509"}],"version-history":[{"count":5,"href":"https:\/\/researchchemicalhub.com\/fr_be\/wp-json\/wp\/v2\/product\/24509\/revisions"}],"predecessor-version":[{"id":27776,"href":"https:\/\/researchchemicalhub.com\/fr_be\/wp-json\/wp\/v2\/product\/24509\/revisions\/27776"}],"wp:featuredmedia":[{"embeddable":true,"href":"https:\/\/researchchemicalhub.com\/fr_be\/wp-json\/wp\/v2\/media\/28407"}],"wp:attachment":[{"href":"https:\/\/researchchemicalhub.com\/fr_be\/wp-json\/wp\/v2\/media?parent=24509"}],"wp:term":[{"taxonomy":"product_brand","embeddable":true,"href":"https:\/\/researchchemicalhub.com\/fr_be\/wp-json\/wp\/v2\/product_brand?post=24509"},{"taxonomy":"product_cat","embeddable":true,"href":"https:\/\/researchchemicalhub.com\/fr_be\/wp-json\/wp\/v2\/product_cat?post=24509"},{"taxonomy":"product_tag","embeddable":true,"href":"https:\/\/researchchemicalhub.com\/fr_be\/wp-json\/wp\/v2\/product_tag?post=24509"}],"curies":[{"name":"wp","href":"https:\/\/api.w.org\/{rel}","templated":true}]}}