{"id":24475,"date":"2025-10-20T17:41:48","date_gmt":"2025-10-20T17:41:48","guid":{"rendered":"https:\/\/researchchemicalhub.com\/?post_type=product&#038;p=24475"},"modified":"2025-10-21T16:12:54","modified_gmt":"2025-10-21T16:12:54","slug":"4-fma-kopen","status":"publish","type":"product","link":"https:\/\/researchchemicalhub.com\/fr_be\/shop\/4fma-kopen\/4-fma-kopen\/","title":{"rendered":"Granul\u00e9s de 4-Fluor 4-FMA 120 MG"},"content":{"rendered":"<h3 data-start=\"4238\" data-end=\"4259\"><strong data-start=\"4242\" data-end=\"4257\">Introduction<\/strong><\/h3>\n<p data-start=\"4260\" data-end=\"4618\"><strong data-start=\"4260\" data-end=\"4291\">Granul\u00e9s de 4-Fluor 4-FMA 120 mg<\/strong> contenir <strong data-start=\"4301\" data-end=\"4343\">granul\u00e9s pr\u00e9cis\u00e9ment pes\u00e9s de 120 mg<\/strong> <strong data-start=\"4344\" data-end=\"4383\">4-FMA (4-Fluoro-N-m\u00e9thylamph\u00e9tamine)<\/strong> - Un <strong data-start=\"4390\" data-end=\"4425\">analogue d&#039;amph\u00e9tamine fluor\u00e9e<\/strong> de la <strong data-start=\"4433\" data-end=\"4472\">famille des ph\u00e9n\u00e9thylamines et des amph\u00e9tamines<\/strong>. 4 fma acheter<br data-start=\"4473\" data-end=\"4476\" \/>Le 4-FMA est structurellement li\u00e9 \u00e0 <strong data-start=\"4509\" data-end=\"4517\">4-FA<\/strong> et <strong data-start=\"4521\" data-end=\"4535\">amph\u00e9tamine<\/strong> et est largement utilis\u00e9 dans <strong data-start=\"4562\" data-end=\"4615\">recherche neurochimique, analytique et m\u00e9dico-l\u00e9gale<\/strong>.<\/p>\n<p data-start=\"4620\" data-end=\"4918\">Les pellets sont produits selon <strong data-start=\"4659\" data-end=\"4705\">normes de laboratoire (puret\u00e9 \u2265 98%)<\/strong> et sont id\u00e9ales pour <strong data-start=\"4726\" data-end=\"4784\">chromatographique, spectroscopique et structurale (SAR)<\/strong> recherche.<br data-start=\"4795\" data-end=\"4798\" \/>Chaque pastille est <strong data-start=\"4813\" data-end=\"4872\">press\u00e9 individuellement et emball\u00e9 sous blister<\/strong> pour assurer la stabilit\u00e9 et la s\u00e9curit\u00e9.<\/p>\n<blockquote data-start=\"4920\" data-end=\"5066\">\n<p data-start=\"4922\" data-end=\"5066\">\u26a0\ufe0f <strong data-start=\"4925\" data-end=\"4936\">NB:<\/strong> Ce produit est destin\u00e9 uniquement \u00e0 <strong data-start=\"4977\" data-end=\"5012\">recherche et utilisation analytique<\/strong> \u2014 <strong data-start=\"5015\" data-end=\"5063\">non destin\u00e9 \u00e0 la consommation humaine ou animale<\/strong>.<\/p>\n<\/blockquote>\n<hr data-start=\"5068\" data-end=\"5071\" \/>\n<h3 data-start=\"5073\" data-end=\"5104\"><strong data-start=\"5077\" data-end=\"5104\">Caract\u00e9ristiques principales<\/strong><\/h3>\n<div class=\"_tableContainer_1rjym_1\">\n<div class=\"group _tableWrapper_1rjym_13 flex w-fit flex-col-reverse\" tabindex=\"-1\">\n<table class=\"w-fit min-w-(--thread-content-width)\" data-start=\"5106\" data-end=\"5685\">\n<thead data-start=\"5106\" data-end=\"5132\">\n<tr data-start=\"5106\" data-end=\"5132\">\n<th data-start=\"5106\" data-end=\"5116\" data-col-size=\"sm\">Fonctionnalit\u00e9<\/th>\n<th data-start=\"5116\" data-end=\"5132\" data-col-size=\"md\">Description<\/th>\n<\/tr>\n<\/thead>\n<tbody data-start=\"5161\" data-end=\"5685\">\n<tr data-start=\"5161\" data-end=\"5213\">\n<td data-start=\"5161\" data-end=\"5182\" data-col-size=\"sm\"><strong data-start=\"5163\" data-end=\"5181\">Nom chimique<\/strong><\/td>\n<td data-start=\"5182\" data-end=\"5213\" data-col-size=\"md\">4-Fluoro-N-m\u00e9thylamph\u00e9tamine<\/td>\n<\/tr>\n<tr data-start=\"5214\" data-end=\"5268\">\n<td data-start=\"5214\" data-end=\"5239\" data-col-size=\"sm\"><strong data-start=\"5216\" data-end=\"5238\">Nom commun<\/strong><\/td>\n<td data-start=\"5239\" data-end=\"5268\" data-col-size=\"md\">4-FMA \/ 4-Fluoramph\u00e9tamine<\/td>\n<\/tr>\n<tr data-start=\"5269\" data-end=\"5305\">\n<td data-start=\"5269\" data-end=\"5293\" data-col-size=\"sm\"><strong data-start=\"5271\" data-end=\"5292\">Formule chimique<\/strong><\/td>\n<td data-start=\"5293\" data-end=\"5305\" data-col-size=\"md\">C\u2081\u2080H\u2081\u2084FN<\/td>\n<\/tr>\n<tr data-start=\"5306\" data-end=\"5344\">\n<td data-start=\"5306\" data-end=\"5328\" data-col-size=\"sm\"><strong data-start=\"5308\" data-end=\"5327\">Poids mol\u00e9culaire<\/strong><\/td>\n<td data-start=\"5328\" data-end=\"5344\" data-col-size=\"md\">167,22 g\/mol<\/td>\n<\/tr>\n<tr data-start=\"5345\" data-end=\"5380\">\n<td data-start=\"5345\" data-end=\"5360\" data-col-size=\"sm\"><strong data-start=\"5347\" data-end=\"5359\">Dosage<\/strong><\/td>\n<td data-start=\"5360\" data-end=\"5380\" data-col-size=\"md\">120 mg par pastille<\/td>\n<\/tr>\n<tr data-start=\"5381\" data-end=\"5428\">\n<td data-start=\"5381\" data-end=\"5392\" data-col-size=\"sm\"><strong data-start=\"5383\" data-end=\"5391\">Formulaire<\/strong><\/td>\n<td data-start=\"5392\" data-end=\"5428\" data-col-size=\"md\">Granul\u00e9 solide (blister)<\/td>\n<\/tr>\n<tr data-start=\"5429\" data-end=\"5480\">\n<td data-start=\"5429\" data-end=\"5446\" data-col-size=\"sm\"><strong data-start=\"5431\" data-end=\"5445\">Puret\u00e9<\/strong><\/td>\n<td data-start=\"5446\" data-end=\"5480\" data-col-size=\"md\">\u2265 98% (test\u00e9 par HPLC et RMN)<\/td>\n<\/tr>\n<tr data-start=\"5481\" data-end=\"5550\">\n<td data-start=\"5481\" data-end=\"5504\" data-col-size=\"sm\"><strong data-start=\"5483\" data-end=\"5503\">Classe chimique<\/strong><\/td>\n<td data-start=\"5504\" data-end=\"5550\" data-col-size=\"md\">Amph\u00e9tamine\/ph\u00e9n\u00e9thylamine substitu\u00e9e<\/td>\n<\/tr>\n<tr data-start=\"5551\" data-end=\"5625\">\n<td data-start=\"5551\" data-end=\"5565\" data-col-size=\"sm\"><strong data-start=\"5553\" data-end=\"5564\">Usage<\/strong><\/td>\n<td data-start=\"5565\" data-end=\"5625\" data-col-size=\"md\">Pour la recherche analytique, m\u00e9dico-l\u00e9gale et chimique uniquement<\/td>\n<\/tr>\n<tr data-start=\"5626\" data-end=\"5685\">\n<td data-start=\"5626\" data-end=\"5643\" data-col-size=\"sm\"><strong data-start=\"5628\" data-end=\"5642\">Conditionnement<\/strong><\/td>\n<td data-start=\"5643\" data-end=\"5685\" data-col-size=\"md\">Plaquette thermoform\u00e9e avec emballage scell\u00e9<\/td>\n<\/tr>\n<\/tbody>\n<\/table>\n<\/div>\n<\/div>\n<hr data-start=\"5687\" data-end=\"5690\" \/>\n<h3 data-start=\"5692\" data-end=\"5709\"><strong data-start=\"5696\" data-end=\"5709\">Avantages<\/strong><\/h3>\n<ul data-start=\"5711\" data-end=\"6136\">\n<li data-start=\"5711\" data-end=\"5793\">\n<p data-start=\"5713\" data-end=\"5793\"><strong data-start=\"5713\" data-end=\"5732\">Haute puret\u00e9<\/strong> \u2013 Qualit\u00e9 laboratoire \u2265 98% pour des r\u00e9sultats fiables.<\/p>\n<\/li>\n<li data-start=\"5794\" data-end=\"5880\">\n<p data-start=\"5796\" data-end=\"5880\"><strong data-start=\"5796\" data-end=\"5820\">Dosage pr\u00e9cis<\/strong> \u2013 120 mg par pastille pour des r\u00e9sultats de recherche coh\u00e9rents.<\/p>\n<\/li>\n<li data-start=\"5881\" data-end=\"5964\">\n<p data-start=\"5883\" data-end=\"5964\"><strong data-start=\"5883\" data-end=\"5905\">Emballage s\u00fbr<\/strong> \u2013 L\u2019emballage sous blister prot\u00e8ge contre l\u2019humidit\u00e9 et la d\u00e9gradation.<\/p>\n<\/li>\n<li data-start=\"5965\" data-end=\"6048\">\n<p data-start=\"5967\" data-end=\"6048\"><strong data-start=\"5967\" data-end=\"5987\">Largement applicable<\/strong> \u2013 Convient pour GC\/MS, LC-MS, FTIR, HPLC et spectroscopie.<\/p>\n<\/li>\n<li data-start=\"6049\" data-end=\"6136\">\n<p data-start=\"6051\" data-end=\"6136\"><strong data-start=\"6051\" data-end=\"6075\">Enti\u00e8rement tra\u00e7able<\/strong> Chaque lot est accompagn\u00e9 d&#039;une documentation sur la qualit\u00e9 et la puret\u00e9. Achetez 4 fma.<\/p>\n<\/li>\n<\/ul>\n<hr data-start=\"6138\" data-end=\"6141\" \/>\n<h3 data-start=\"6143\" data-end=\"6195\"><strong data-start=\"6147\" data-end=\"6193\">Utilisation (\u00e0 des fins de recherche uniquement)<\/strong><\/h3>\n<ol data-start=\"6197\" data-end=\"6641\">\n<li data-start=\"6197\" data-end=\"6308\">\n<p data-start=\"6200\" data-end=\"6308\"><strong data-start=\"6200\" data-end=\"6215\">Manutention:<\/strong> Portez des gants, des lunettes de s\u00e9curit\u00e9 et une blouse de laboratoire ; travaillez dans des conditions contr\u00f4l\u00e9es.<\/p>\n<\/li>\n<li data-start=\"6309\" data-end=\"6391\">\n<p data-start=\"6312\" data-end=\"6391\"><strong data-start=\"6312\" data-end=\"6325\">Mesures:<\/strong> Chaque pastille contient 120 mg ; ne pas modifier en dehors du laboratoire.<\/p>\n<\/li>\n<li data-start=\"6392\" data-end=\"6477\">\n<p data-start=\"6395\" data-end=\"6477\"><strong data-start=\"6395\" data-end=\"6406\">Stockage:<\/strong> Conserver au frais (2\u20138\u00b0C), au sec et \u00e0 l&#039;abri de la lumi\u00e8re, dans l&#039;emballage blister d&#039;origine.<\/p>\n<\/li>\n<li data-start=\"6478\" data-end=\"6565\">\n<p data-start=\"6481\" data-end=\"6565\"><strong data-start=\"6481\" data-end=\"6493\">Analyse:<\/strong> Convient pour la chromatographie, la spectroscopie et la recherche structurelle.<\/p>\n<\/li>\n<li data-start=\"6566\" data-end=\"6641\">\n<p data-start=\"6569\" data-end=\"6641\"><strong data-start=\"6569\" data-end=\"6586\">Documentation:<\/strong> Enregistrez les num\u00e9ros de lot et les r\u00e9sultats des tests pour v\u00e9rifier la conformit\u00e9.<\/p>\n<\/li>\n<\/ol>\n<hr data-start=\"6643\" data-end=\"6646\" \/>\n<h3 data-start=\"6648\" data-end=\"6683\"><strong data-start=\"6652\" data-end=\"6681\">Foire aux questions (FAQ)<\/strong><\/h3>\n<p data-start=\"6685\" data-end=\"6856\"><strong data-start=\"6685\" data-end=\"6705\">1. Qu&#039;est-ce que le 4-FMA ?<\/strong><br data-start=\"6705\" data-end=\"6708\" \/><strong data-start=\"6708\" data-end=\"6747\">4-FMA (4-Fluoro-N-m\u00e9thylamph\u00e9tamine)<\/strong> est un <strong data-start=\"6755\" data-end=\"6792\">compos\u00e9 amph\u00e9taminique fluor\u00e9<\/strong> qui est utilis\u00e9 pour la recherche chimique et pharmacologique.<\/p>\n<p data-start=\"6858\" data-end=\"7036\"><strong data-start=\"6858\" data-end=\"6910\">2. \u00c0 quoi servent les granul\u00e9s de 4-FMA 120 mg\u00a0?<\/strong><br data-start=\"6910\" data-end=\"6913\" \/>Ils sont utilis\u00e9s pour <strong data-start=\"6937\" data-end=\"6990\">recherche analytique, m\u00e9dico-l\u00e9gale et neurochimique<\/strong>, y compris la chromatographie et la spectroscopie.<\/p>\n<p data-start=\"7038\" data-end=\"7249\"><strong data-start=\"7038\" data-end=\"7077\">3. Est-il l\u00e9gal d\u2019acheter du 4-FMA ?<\/strong><br data-start=\"7077\" data-end=\"7080\" \/>Le <strong data-start=\"7083\" data-end=\"7107\">l\u00e9galit\u00e9 du 4-FMA<\/strong> Varie selon les pays. Dans certains pays, elle est consid\u00e9r\u00e9e comme une substance r\u00e9glement\u00e9e. Consultez toujours la r\u00e9glementation locale avant utilisation. <strong data-start=\"7231\" data-end=\"7246\">Achats 4-FMA<\/strong>.<\/p>","protected":false},"excerpt":{"rendered":"<p>Introduction Les granul\u00e9s 4-Fluor 4-FMA 120 mg contiennent des granul\u00e9s pr\u00e9cis\u00e9ment pes\u00e9s de 120 mg de 4-FMA (4-Fluoro-N-m\u00e9thylamph\u00e9tamine) \u2014 un analogue d&#039;amph\u00e9tamine fluor\u00e9 de la famille des ph\u00e9n\u00e9thylamines<\/p>","protected":false},"featured_media":21429,"comment_status":"closed","ping_status":"closed","template":"","meta":[],"product_brand":[],"product_cat":[459,460,322,333,324],"product_tag":[629,326],"class_list":{"0":"post-24475","1":"product","2":"type-product","3":"status-publish","4":"has-post-thumbnail","6":"product_cat-4fma-kopen","7":"product_cat-4-fma-pellets","8":"product_cat-bijna-verboden","9":"product_cat-gefluoreerden","10":"product_cat-pellets-for-pellet","11":"product_tag-4-fma-kopen","12":"product_tag-nl","14":"first","15":"instock","16":"taxable","17":"shipping-taxable","18":"purchasable","19":"product-type-variable"},"_links":{"self":[{"href":"https:\/\/researchchemicalhub.com\/fr_be\/wp-json\/wp\/v2\/product\/24475","targetHints":{"allow":["GET"]}}],"collection":[{"href":"https:\/\/researchchemicalhub.com\/fr_be\/wp-json\/wp\/v2\/product"}],"about":[{"href":"https:\/\/researchchemicalhub.com\/fr_be\/wp-json\/wp\/v2\/types\/product"}],"replies":[{"embeddable":true,"href":"https:\/\/researchchemicalhub.com\/fr_be\/wp-json\/wp\/v2\/comments?post=24475"}],"version-history":[{"count":5,"href":"https:\/\/researchchemicalhub.com\/fr_be\/wp-json\/wp\/v2\/product\/24475\/revisions"}],"predecessor-version":[{"id":27785,"href":"https:\/\/researchchemicalhub.com\/fr_be\/wp-json\/wp\/v2\/product\/24475\/revisions\/27785"}],"wp:featuredmedia":[{"embeddable":true,"href":"https:\/\/researchchemicalhub.com\/fr_be\/wp-json\/wp\/v2\/media\/21429"}],"wp:attachment":[{"href":"https:\/\/researchchemicalhub.com\/fr_be\/wp-json\/wp\/v2\/media?parent=24475"}],"wp:term":[{"taxonomy":"product_brand","embeddable":true,"href":"https:\/\/researchchemicalhub.com\/fr_be\/wp-json\/wp\/v2\/product_brand?post=24475"},{"taxonomy":"product_cat","embeddable":true,"href":"https:\/\/researchchemicalhub.com\/fr_be\/wp-json\/wp\/v2\/product_cat?post=24475"},{"taxonomy":"product_tag","embeddable":true,"href":"https:\/\/researchchemicalhub.com\/fr_be\/wp-json\/wp\/v2\/product_tag?post=24475"}],"curies":[{"name":"wp","href":"https:\/\/api.w.org\/{rel}","templated":true}]}}