{"id":24469,"date":"2025-10-20T17:41:48","date_gmt":"2025-10-20T17:41:48","guid":{"rendered":"https:\/\/researchchemicalhub.com\/?post_type=product&#038;p=24469"},"modified":"2025-10-21T16:12:40","modified_gmt":"2025-10-21T16:12:40","slug":"5-mois-mipt-2","status":"publish","type":"product","link":"https:\/\/researchchemicalhub.com\/fr_be\/boutique\/5-mois-mipt\/5-mois-mipt-2\/","title":{"rendered":"Granul\u00e9s Moxy 5-MeO-MiPT 10 mg"},"content":{"rendered":"<h3 data-start=\"4181\" data-end=\"4202\"><strong data-start=\"4185\" data-end=\"4200\">Introduction<\/strong><\/h3>\n<p data-start=\"4203\" data-end=\"4601\"><strong data-start=\"4203\" data-end=\"4235\">Granul\u00e9s Moxy 5-MeO-MiPT 10 mg<\/strong> contenir <strong data-start=\"4245\" data-end=\"4286\">granul\u00e9s pr\u00e9cis\u00e9ment pes\u00e9s de 10 mg<\/strong> <strong data-start=\"4287\" data-end=\"4344\">5-MeO-MiPT (5-m\u00e9thoxy-N-m\u00e9thyl-N-isopropyltryptamine)<\/strong> - Un <strong data-start=\"4351\" data-end=\"4388\">compos\u00e9 tryptamine synth\u00e9tique<\/strong> de la <strong data-start=\"4396\" data-end=\"4422\">famille des alcalo\u00efdes indoliques<\/strong>. 5 m\u00e9o mipt<br data-start=\"4423\" data-end=\"4426\" \/>5-MeO-MiPT, \u00e9galement connu sous le nom de <strong data-start=\"4453\" data-end=\"4461\">Moxy<\/strong>, est un <strong data-start=\"4470\" data-end=\"4493\">structurellement analogue<\/strong> par <strong data-start=\"4498\" data-end=\"4511\">5-MeO-DMT<\/strong> et <strong data-start=\"4515\" data-end=\"4523\">MiPT<\/strong> et est utilis\u00e9 dans <strong data-start=\"4545\" data-end=\"4598\">recherche neurochimique, analytique et m\u00e9dico-l\u00e9gale<\/strong>.<\/p>\n<p data-start=\"4603\" data-end=\"4777\">Chaque pastille est produite avec un <strong data-start=\"4642\" data-end=\"4678\">puret\u00e9 de laboratoire \u2265 98%<\/strong> et emball\u00e9 dans un <strong data-start=\"4697\" data-end=\"4731\">emballage blister protecteur<\/strong> pour une stabilit\u00e9 maximale et une facilit\u00e9 d&#039;utilisation.<\/p>\n<blockquote data-start=\"4779\" data-end=\"4931\">\n<p data-start=\"4781\" data-end=\"4931\">\u26a0\ufe0f <strong data-start=\"4784\" data-end=\"4795\">NB:<\/strong> Ce produit est destin\u00e9 uniquement \u00e0 <strong data-start=\"4836\" data-end=\"4877\">recherche en laboratoire et analytique<\/strong> \u2014 <strong data-start=\"4880\" data-end=\"4928\">non destin\u00e9 \u00e0 la consommation humaine ou animale<\/strong>.<\/p>\n<\/blockquote>\n<hr data-start=\"4933\" data-end=\"4936\" \/>\n<h3 data-start=\"4938\" data-end=\"4969\"><strong data-start=\"4942\" data-end=\"4969\">Caract\u00e9ristiques principales<\/strong><\/h3>\n<div class=\"_tableContainer_1rjym_1\">\n<div class=\"group _tableWrapper_1rjym_13 flex w-fit flex-col-reverse\" tabindex=\"-1\">\n<table class=\"w-fit min-w-(--thread-content-width)\" data-start=\"4971\" data-end=\"5556\">\n<thead data-start=\"4971\" data-end=\"4997\">\n<tr data-start=\"4971\" data-end=\"4997\">\n<th data-start=\"4971\" data-end=\"4981\" data-col-size=\"sm\">Fonctionnalit\u00e9<\/th>\n<th data-start=\"4981\" data-end=\"4997\" data-col-size=\"md\">Description<\/th>\n<\/tr>\n<\/thead>\n<tbody data-start=\"5026\" data-end=\"5556\">\n<tr data-start=\"5026\" data-end=\"5091\">\n<td data-start=\"5026\" data-end=\"5047\" data-col-size=\"sm\"><strong data-start=\"5028\" data-end=\"5046\">Nom chimique<\/strong><\/td>\n<td data-start=\"5047\" data-end=\"5091\" data-col-size=\"md\">5-m\u00e9thoxy-N-m\u00e9thyl-N-isopropyltryptamine<\/td>\n<\/tr>\n<tr data-start=\"5092\" data-end=\"5138\">\n<td data-start=\"5092\" data-end=\"5117\" data-col-size=\"sm\"><strong data-start=\"5094\" data-end=\"5116\">Nom commun<\/strong><\/td>\n<td data-start=\"5117\" data-end=\"5138\" data-col-size=\"md\">5-MeO-MiPT \/ Moxy<\/td>\n<\/tr>\n<tr data-start=\"5139\" data-end=\"5176\">\n<td data-start=\"5139\" data-end=\"5163\" data-col-size=\"sm\"><strong data-start=\"5141\" data-end=\"5162\">Formule chimique<\/strong><\/td>\n<td data-start=\"5163\" data-end=\"5176\" data-col-size=\"md\">C\u2081\u2085H\u2082\u2082N\u2082O<\/td>\n<\/tr>\n<tr data-start=\"5177\" data-end=\"5215\">\n<td data-start=\"5177\" data-end=\"5199\" data-col-size=\"sm\"><strong data-start=\"5179\" data-end=\"5198\">Poids mol\u00e9culaire<\/strong><\/td>\n<td data-start=\"5199\" data-end=\"5215\" data-col-size=\"md\">246,35 g\/mol<\/td>\n<\/tr>\n<tr data-start=\"5216\" data-end=\"5250\">\n<td data-start=\"5216\" data-end=\"5231\" data-col-size=\"sm\"><strong data-start=\"5218\" data-end=\"5230\">Dosage<\/strong><\/td>\n<td data-start=\"5231\" data-end=\"5250\" data-col-size=\"md\">10 mg par pastille<\/td>\n<\/tr>\n<tr data-start=\"5251\" data-end=\"5298\">\n<td data-start=\"5251\" data-end=\"5262\" data-col-size=\"sm\"><strong data-start=\"5253\" data-end=\"5261\">Formulaire<\/strong><\/td>\n<td data-start=\"5262\" data-end=\"5298\" data-col-size=\"md\">Granul\u00e9 solide (blister)<\/td>\n<\/tr>\n<tr data-start=\"5299\" data-end=\"5350\">\n<td data-start=\"5299\" data-end=\"5316\" data-col-size=\"sm\"><strong data-start=\"5301\" data-end=\"5315\">Puret\u00e9<\/strong><\/td>\n<td data-start=\"5316\" data-end=\"5350\" data-col-size=\"md\">\u2265 98% (test\u00e9 par HPLC et RMN)<\/td>\n<\/tr>\n<tr data-start=\"5351\" data-end=\"5419\">\n<td data-start=\"5351\" data-end=\"5374\" data-col-size=\"sm\"><strong data-start=\"5353\" data-end=\"5373\">Classe chimique<\/strong><\/td>\n<td data-start=\"5374\" data-end=\"5419\" data-col-size=\"md\">Alcalo\u00efde tryptamine\/indole synth\u00e9tique<\/td>\n<\/tr>\n<tr data-start=\"5420\" data-end=\"5494\">\n<td data-start=\"5420\" data-end=\"5434\" data-col-size=\"sm\"><strong data-start=\"5422\" data-end=\"5433\">Usage<\/strong><\/td>\n<td data-start=\"5434\" data-end=\"5494\" data-col-size=\"md\">Pour la recherche analytique, m\u00e9dico-l\u00e9gale et chimique uniquement<\/td>\n<\/tr>\n<tr data-start=\"5495\" data-end=\"5556\">\n<td data-start=\"5495\" data-end=\"5512\" data-col-size=\"sm\"><strong data-start=\"5497\" data-end=\"5511\">Conditionnement<\/strong><\/td>\n<td data-start=\"5512\" data-end=\"5556\" data-col-size=\"md\">Plaquette thermoform\u00e9e avec joint de laboratoire<\/td>\n<\/tr>\n<\/tbody>\n<\/table>\n<\/div>\n<\/div>\n<hr data-start=\"5558\" data-end=\"5561\" \/>\n<h3 data-start=\"5563\" data-end=\"5580\"><strong data-start=\"5567\" data-end=\"5580\">Avantages<\/strong><\/h3>\n<ul data-start=\"5582\" data-end=\"6001\">\n<li data-start=\"5582\" data-end=\"5674\">\n<p data-start=\"5584\" data-end=\"5674\"><strong data-start=\"5584\" data-end=\"5603\">Haute puret\u00e9<\/strong> \u2013 Qualit\u00e9 de laboratoire \u2265 98% pour des r\u00e9sultats de recherche fiables.<\/p>\n<\/li>\n<li data-start=\"5675\" data-end=\"5748\">\n<p data-start=\"5677\" data-end=\"5748\"><strong data-start=\"5677\" data-end=\"5701\">Dosage pr\u00e9cis<\/strong> \u2013 10 mg par pastille pour une analyse coh\u00e9rente.<\/p>\n<\/li>\n<li data-start=\"5749\" data-end=\"5834\">\n<p data-start=\"5751\" data-end=\"5834\"><strong data-start=\"5751\" data-end=\"5776\">Emballage de protection<\/strong> \u2013 L\u2019emballage sous blister emp\u00eache la d\u00e9gradation par la lumi\u00e8re et l\u2019humidit\u00e9. 5 meo mipt<\/p>\n<\/li>\n<li data-start=\"5835\" data-end=\"5918\">\n<p data-start=\"5837\" data-end=\"5918\"><strong data-start=\"5837\" data-end=\"5867\">Largement applicable \u00e0 la recherche<\/strong> \u2013 Convient pour GC\/MS, LC-MS, HPLC, FTIR et RMN.<\/p>\n<\/li>\n<li data-start=\"5919\" data-end=\"6001\">\n<p data-start=\"5921\" data-end=\"6001\"><strong data-start=\"5921\" data-end=\"5945\">Enti\u00e8rement tra\u00e7able<\/strong> \u2013 Chaque lot est accompagn\u00e9 d\u2019informations de qualit\u00e9.<\/p>\n<\/li>\n<\/ul>\n<hr data-start=\"6003\" data-end=\"6006\" \/>\n<h3 data-start=\"6008\" data-end=\"6060\"><strong data-start=\"6012\" data-end=\"6058\">Utilisation (\u00e0 des fins de recherche uniquement)<\/strong><\/h3>\n<ol data-start=\"6062\" data-end=\"6459\">\n<li data-start=\"6062\" data-end=\"6131\">\n<p data-start=\"6065\" data-end=\"6131\"><strong data-start=\"6065\" data-end=\"6080\">Manutention:<\/strong> Portez des gants, des lunettes de s\u00e9curit\u00e9 et une blouse de laboratoire.<\/p>\n<\/li>\n<li data-start=\"6132\" data-end=\"6219\">\n<p data-start=\"6135\" data-end=\"6219\"><strong data-start=\"6135\" data-end=\"6148\">Mesures:<\/strong> Chaque pastille contient 10 mg ; ne pas ajuster en dehors des conditions de laboratoire.<\/p>\n<\/li>\n<li data-start=\"6220\" data-end=\"6305\">\n<p data-start=\"6223\" data-end=\"6305\"><strong data-start=\"6223\" data-end=\"6234\">Stockage:<\/strong> Conserver au frais (2\u20138\u00b0C), au sec et \u00e0 l&#039;abri de la lumi\u00e8re, dans l&#039;emballage blister d&#039;origine.<\/p>\n<\/li>\n<li data-start=\"6306\" data-end=\"6397\">\n<p data-start=\"6309\" data-end=\"6397\"><strong data-start=\"6309\" data-end=\"6321\">Analyse:<\/strong> Convient pour la chromatographie, la spectroscopie et l&#039;identification m\u00e9dico-l\u00e9gale.<\/p>\n<\/li>\n<li data-start=\"6398\" data-end=\"6459\">\n<p data-start=\"6401\" data-end=\"6459\"><strong data-start=\"6401\" data-end=\"6418\">Documentation:<\/strong> Enregistrez les num\u00e9ros de lot et les r\u00e9sultats des tests.<\/p>\n<\/li>\n<\/ol>\n<hr data-start=\"6461\" data-end=\"6464\" \/>\n<h3 data-start=\"6466\" data-end=\"6501\"><strong data-start=\"6470\" data-end=\"6499\">Foire aux questions (FAQ)<\/strong><\/h3>\n<p data-start=\"6503\" data-end=\"6694\"><strong data-start=\"6503\" data-end=\"6535\">1. Qu&#039;est-ce que le 5-MeO-MiPT (Moxy) ?<\/strong><br data-start=\"6535\" data-end=\"6538\" \/><strong data-start=\"6538\" data-end=\"6559\">5-MeO-MiPT (Moxy)<\/strong> est un <strong data-start=\"6567\" data-end=\"6604\">compos\u00e9 tryptamine synth\u00e9tique<\/strong> qui est utilis\u00e9 pour la recherche sur les r\u00e9cepteurs de la s\u00e9rotonine et leur activit\u00e9 structurelle.<\/p>\n<p data-start=\"6696\" data-end=\"6869\"><strong data-start=\"6696\" data-end=\"6757\">2. \u00c0 quoi servent les granul\u00e9s Moxy 5-MeO-MiPT 10 mg ?<\/strong><br data-start=\"6757\" data-end=\"6760\" \/>Les granul\u00e9s sont destin\u00e9s \u00e0 <strong data-start=\"6789\" data-end=\"6827\">recherche analytique et m\u00e9dico-l\u00e9gale<\/strong>, comme la chromatographie et la spectroscopie.<\/p>\n<p data-start=\"6871\" data-end=\"7042\"><strong data-start=\"6871\" data-end=\"6915\">3. Est-il l\u00e9gal d\u2019acheter du 5-MeO-MiPT ?<\/strong><br data-start=\"6915\" data-end=\"6918\" \/>Le <strong data-start=\"6921\" data-end=\"6950\">l\u00e9galit\u00e9 du 5-MeO-MiPT<\/strong> varie selon les pays. Veuillez toujours v\u00e9rifier la r\u00e9glementation locale avant utilisation. <strong data-start=\"7019\" data-end=\"7039\">Achats de 5-MeO-MiPT<\/strong>.<\/p>","protected":false},"excerpt":{"rendered":"<p>Introduction Les granul\u00e9s Moxy 5-MeO-MiPT 10 mg contiennent des granul\u00e9s pr\u00e9cis\u00e9ment pes\u00e9s de 10 mg de 5-MeO-MiPT (5-m\u00e9thoxy-N-m\u00e9thyl-N-isopropyltryptamine) \u2014 un compos\u00e9 tryptamine synth\u00e9tique de la famille des alcalo\u00efdes indoliques.<\/p>","protected":false},"featured_media":21432,"comment_status":"closed","ping_status":"closed","template":"","meta":[],"product_brand":[82],"product_cat":[436,434,324,381],"product_tag":[824,650,826,825,326,827],"class_list":{"0":"post-24469","1":"product","2":"type-product","3":"status-publish","4":"has-post-thumbnail","6":"product_brand-research-chemical","7":"product_cat-5-meo-mipt","8":"product_cat-5-meo-mipt-pellets","9":"product_cat-pellets-for-pellet","10":"product_cat-tryptamines","11":"product_tag-5-meo-mipt-moxy","12":"product_tag-5-meo-mipt","13":"product_tag-5-meo-mipt-moxy-purifie","14":"product_tag-moxy-5-meo-mipt","15":"product_tag-nl","16":"product_tag-purifie-moxy-5-meo-mipt","18":"first","19":"instock","20":"taxable","21":"shipping-taxable","22":"purchasable","23":"product-type-variable"},"_links":{"self":[{"href":"https:\/\/researchchemicalhub.com\/fr_be\/wp-json\/wp\/v2\/product\/24469","targetHints":{"allow":["GET"]}}],"collection":[{"href":"https:\/\/researchchemicalhub.com\/fr_be\/wp-json\/wp\/v2\/product"}],"about":[{"href":"https:\/\/researchchemicalhub.com\/fr_be\/wp-json\/wp\/v2\/types\/product"}],"replies":[{"embeddable":true,"href":"https:\/\/researchchemicalhub.com\/fr_be\/wp-json\/wp\/v2\/comments?post=24469"}],"version-history":[{"count":5,"href":"https:\/\/researchchemicalhub.com\/fr_be\/wp-json\/wp\/v2\/product\/24469\/revisions"}],"predecessor-version":[{"id":27784,"href":"https:\/\/researchchemicalhub.com\/fr_be\/wp-json\/wp\/v2\/product\/24469\/revisions\/27784"}],"wp:featuredmedia":[{"embeddable":true,"href":"https:\/\/researchchemicalhub.com\/fr_be\/wp-json\/wp\/v2\/media\/21432"}],"wp:attachment":[{"href":"https:\/\/researchchemicalhub.com\/fr_be\/wp-json\/wp\/v2\/media?parent=24469"}],"wp:term":[{"taxonomy":"product_brand","embeddable":true,"href":"https:\/\/researchchemicalhub.com\/fr_be\/wp-json\/wp\/v2\/product_brand?post=24469"},{"taxonomy":"product_cat","embeddable":true,"href":"https:\/\/researchchemicalhub.com\/fr_be\/wp-json\/wp\/v2\/product_cat?post=24469"},{"taxonomy":"product_tag","embeddable":true,"href":"https:\/\/researchchemicalhub.com\/fr_be\/wp-json\/wp\/v2\/product_tag?post=24469"}],"curies":[{"name":"wp","href":"https:\/\/api.w.org\/{rel}","templated":true}]}}