{"id":24451,"date":"2025-10-20T17:41:45","date_gmt":"2025-10-20T17:41:45","guid":{"rendered":"https:\/\/researchchemicalhub.com\/?post_type=product&#038;p=24451"},"modified":"2025-10-21T16:13:08","modified_gmt":"2025-10-21T16:13:08","slug":"dmxe-psychonaut","status":"publish","type":"product","link":"https:\/\/researchchemicalhub.com\/fr_be\/shop\/arylcyclohexylamine\/dmxe-psychonaut\/","title":{"rendered":"Granul\u00e9s D-MEX DMXE 40 mg"},"content":{"rendered":"<h3 data-start=\"4075\" data-end=\"4096\"><strong data-start=\"4079\" data-end=\"4094\">Introduction<\/strong><\/h3>\n<p data-start=\"4097\" data-end=\"4511\"><strong data-start=\"4097\" data-end=\"4124\">Granul\u00e9s D-MEX DMXE 40 mg<\/strong> contenir <strong data-start=\"4134\" data-end=\"4175\">granul\u00e9s pr\u00e9cis\u00e9ment pes\u00e9s de 40 mg<\/strong> <strong data-start=\"4176\" data-end=\"4208\">DMXE (3D-m\u00e9thoxy-2\u2032-oxo-PCE)<\/strong> - Un <strong data-start=\"4215\" data-end=\"4262\">compos\u00e9 arylcyclohexylamine dissociatif<\/strong> dans le <strong data-start=\"4273\" data-end=\"4308\">Classe d&#039;antagonistes des r\u00e9cepteurs NMDA<\/strong>. dmxe psychonaut<br data-start=\"4309\" data-end=\"4312\" \/>Structurellement, c&#039;est <strong data-start=\"4327\" data-end=\"4380\">DMXE (\u00e9galement connu sous le nom de d\u00e9soxym\u00e9thox\u00e9tamine ou D-MEX)<\/strong> li\u00e9 \u00e0 <strong data-start=\"4393\" data-end=\"4400\">MXE<\/strong> et <strong data-start=\"4404\" data-end=\"4411\">DXE<\/strong>, ce qui en fait une substance pr\u00e9cieuse pour <strong data-start=\"4455\" data-end=\"4508\">recherche neurochimique, m\u00e9dico-l\u00e9gale et analytique<\/strong>.<\/p>\n<p data-start=\"4513\" data-end=\"4764\">Chaque pastille est produite avec un <strong data-start=\"4552\" data-end=\"4588\">puret\u00e9 de laboratoire \u2265 98%<\/strong> et emball\u00e9 dans un <strong data-start=\"4607\" data-end=\"4641\">emballage blister protecteur<\/strong> pour la stabilit\u00e9 et la pr\u00e9cision. Le <strong data-start=\"4681\" data-end=\"4695\">dose de 40 mg<\/strong> est id\u00e9al pour <strong data-start=\"4711\" data-end=\"4761\">analyses chromatographiques et spectroscopiques<\/strong>.<\/p>\n<blockquote data-start=\"4766\" data-end=\"4912\">\n<p data-start=\"4768\" data-end=\"4912\">\u26a0\ufe0f <strong data-start=\"4771\" data-end=\"4782\">NB:<\/strong> Ce produit est destin\u00e9 uniquement \u00e0 <strong data-start=\"4823\" data-end=\"4858\">recherche et utilisation analytique<\/strong> \u2014 <strong data-start=\"4861\" data-end=\"4909\">non destin\u00e9 \u00e0 la consommation humaine ou animale<\/strong>.<\/p>\n<\/blockquote>\n<hr data-start=\"4914\" data-end=\"4917\" \/>\n<h3 data-start=\"4919\" data-end=\"4950\"><strong data-start=\"4923\" data-end=\"4950\">Caract\u00e9ristiques principales<\/strong><\/h3>\n<div class=\"_tableContainer_1rjym_1\">\n<div class=\"group _tableWrapper_1rjym_13 flex w-fit flex-col-reverse\" tabindex=\"-1\">\n<table class=\"w-fit min-w-(--thread-content-width)\" data-start=\"4952\" data-end=\"5502\">\n<thead data-start=\"4952\" data-end=\"4978\">\n<tr data-start=\"4952\" data-end=\"4978\">\n<th data-start=\"4952\" data-end=\"4962\" data-col-size=\"sm\">Fonctionnalit\u00e9<\/th>\n<th data-start=\"4962\" data-end=\"4978\" data-col-size=\"md\">Description<\/th>\n<\/tr>\n<\/thead>\n<tbody data-start=\"5007\" data-end=\"5502\">\n<tr data-start=\"5007\" data-end=\"5053\">\n<td data-start=\"5007\" data-end=\"5028\" data-col-size=\"sm\"><strong data-start=\"5009\" data-end=\"5027\">Nom chimique<\/strong><\/td>\n<td data-start=\"5028\" data-end=\"5053\" data-col-size=\"md\">3D-m\u00e9thoxy-2\u2032-oxo-PCE<\/td>\n<\/tr>\n<tr data-start=\"5054\" data-end=\"5095\">\n<td data-start=\"5054\" data-end=\"5079\" data-col-size=\"sm\"><strong data-start=\"5056\" data-end=\"5078\">Nom commun<\/strong><\/td>\n<td data-start=\"5079\" data-end=\"5095\" data-col-size=\"md\">DMXE \/ D-MEX<\/td>\n<\/tr>\n<tr data-start=\"5096\" data-end=\"5133\">\n<td data-start=\"5096\" data-end=\"5120\" data-col-size=\"sm\"><strong data-start=\"5098\" data-end=\"5119\">Formule chimique<\/strong><\/td>\n<td data-start=\"5120\" data-end=\"5133\" data-col-size=\"md\">C\u2081\u2084H\u2081\u2089NO\u2082<\/td>\n<\/tr>\n<tr data-start=\"5134\" data-end=\"5172\">\n<td data-start=\"5134\" data-end=\"5156\" data-col-size=\"sm\"><strong data-start=\"5136\" data-end=\"5155\">Poids mol\u00e9culaire<\/strong><\/td>\n<td data-start=\"5156\" data-end=\"5172\" data-col-size=\"md\">233,31 g\/mol<\/td>\n<\/tr>\n<tr data-start=\"5173\" data-end=\"5207\">\n<td data-start=\"5173\" data-end=\"5188\" data-col-size=\"sm\"><strong data-start=\"5175\" data-end=\"5187\">Dosage<\/strong><\/td>\n<td data-start=\"5188\" data-end=\"5207\" data-col-size=\"md\">40 mg par pastille<\/td>\n<\/tr>\n<tr data-start=\"5208\" data-end=\"5255\">\n<td data-start=\"5208\" data-end=\"5219\" data-col-size=\"sm\"><strong data-start=\"5210\" data-end=\"5218\">Formulaire<\/strong><\/td>\n<td data-start=\"5219\" data-end=\"5255\" data-col-size=\"md\">Granul\u00e9 solide (blister)<\/td>\n<\/tr>\n<tr data-start=\"5256\" data-end=\"5307\">\n<td data-start=\"5256\" data-end=\"5273\" data-col-size=\"sm\"><strong data-start=\"5258\" data-end=\"5272\">Puret\u00e9<\/strong><\/td>\n<td data-start=\"5273\" data-end=\"5307\" data-col-size=\"md\">\u2265 98% (test\u00e9 par HPLC et RMN)<\/td>\n<\/tr>\n<tr data-start=\"5308\" data-end=\"5372\">\n<td data-start=\"5308\" data-end=\"5331\" data-col-size=\"sm\"><strong data-start=\"5310\" data-end=\"5330\">Classe chimique<\/strong><\/td>\n<td data-start=\"5331\" data-end=\"5372\" data-col-size=\"md\">Antagoniste de l&#039;arylcyclohexylamine\/NMDA<\/td>\n<\/tr>\n<tr data-start=\"5373\" data-end=\"5452\">\n<td data-start=\"5373\" data-end=\"5387\" data-col-size=\"sm\"><strong data-start=\"5375\" data-end=\"5386\">Usage<\/strong><\/td>\n<td data-start=\"5387\" data-end=\"5452\" data-col-size=\"md\">Pour la recherche analytique, m\u00e9dico-l\u00e9gale et neurochimique uniquement<\/td>\n<\/tr>\n<tr data-start=\"5453\" data-end=\"5502\">\n<td data-start=\"5453\" data-end=\"5470\" data-col-size=\"sm\"><strong data-start=\"5455\" data-end=\"5469\">Conditionnement<\/strong><\/td>\n<td data-start=\"5470\" data-end=\"5502\" data-col-size=\"md\">Plaquette thermoform\u00e9e avec joint<\/td>\n<\/tr>\n<\/tbody>\n<\/table>\n<\/div>\n<\/div>\n<hr data-start=\"5504\" data-end=\"5507\" \/>\n<h3 data-start=\"5509\" data-end=\"5526\"><strong data-start=\"5513\" data-end=\"5526\">Avantages<\/strong><\/h3>\n<ul data-start=\"5528\" data-end=\"5976\">\n<li data-start=\"5528\" data-end=\"5620\">\n<p data-start=\"5530\" data-end=\"5620\"><strong data-start=\"5530\" data-end=\"5549\">Haute puret\u00e9<\/strong> \u2013 Qualit\u00e9 de laboratoire \u2265 98% pour des r\u00e9sultats de recherche fiables.<\/p>\n<\/li>\n<li data-start=\"5621\" data-end=\"5700\">\n<p data-start=\"5623\" data-end=\"5700\"><strong data-start=\"5623\" data-end=\"5647\">Dosage pr\u00e9cis<\/strong> \u2013 40 mg par pastille garantissent des mesures coh\u00e9rentes.<\/p>\n<\/li>\n<li data-start=\"5701\" data-end=\"5787\">\n<p data-start=\"5703\" data-end=\"5787\"><strong data-start=\"5703\" data-end=\"5728\">Emballage de protection<\/strong> \u2013 L\u2019emballage sous blister emp\u00eache la contamination et la d\u00e9gradation.<\/p>\n<\/li>\n<li data-start=\"5788\" data-end=\"5881\">\n<p data-start=\"5790\" data-end=\"5881\"><strong data-start=\"5790\" data-end=\"5820\">Largement applicable \u00e0 la recherche<\/strong> \u2013 Convient pour GC\/MS, LC-MS, FTIR, HPLC et spectroscopie.<\/p>\n<\/li>\n<li data-start=\"5882\" data-end=\"5976\">\n<p data-start=\"5884\" data-end=\"5976\"><strong data-start=\"5884\" data-end=\"5912\">Production contr\u00f4l\u00e9e<\/strong> \u2013 Production enti\u00e8rement tra\u00e7able dans des conditions de laboratoire.<\/p>\n<\/li>\n<\/ul>\n<hr data-start=\"5978\" data-end=\"5981\" \/>\n<h3 data-start=\"5983\" data-end=\"6035\"><strong data-start=\"5987\" data-end=\"6033\">Utilisation (\u00e0 des fins de recherche uniquement)<\/strong><\/h3>\n<ol data-start=\"6037\" data-end=\"6479\">\n<li data-start=\"6037\" data-end=\"6148\">\n<p data-start=\"6040\" data-end=\"6148\"><strong data-start=\"6040\" data-end=\"6055\">Manutention:<\/strong> Portez des gants, des lunettes de s\u00e9curit\u00e9 et une blouse de laboratoire ; travaillez dans des conditions contr\u00f4l\u00e9es.<\/p>\n<\/li>\n<li data-start=\"6149\" data-end=\"6232\">\n<p data-start=\"6152\" data-end=\"6232\"><strong data-start=\"6152\" data-end=\"6165\">Mesures:<\/strong> Chaque pastille contient 40 mg ; pour usage en laboratoire uniquement.<\/p>\n<\/li>\n<li data-start=\"6233\" data-end=\"6311\">\n<p data-start=\"6236\" data-end=\"6311\"><strong data-start=\"6236\" data-end=\"6247\">Stockage:<\/strong> Conserver au frais (2\u20138\u00b0C), au sec et \u00e0 l\u2019abri de la lumi\u00e8re, dans son emballage d\u2019origine.<\/p>\n<\/li>\n<li data-start=\"6312\" data-end=\"6403\">\n<p data-start=\"6315\" data-end=\"6403\"><strong data-start=\"6315\" data-end=\"6327\">Analyse:<\/strong> Convient pour la chromatographie, la spectroscopie et l&#039;identification m\u00e9dico-l\u00e9gale.<\/p>\n<\/li>\n<li data-start=\"6404\" data-end=\"6479\">\n<p data-start=\"6407\" data-end=\"6479\"><strong data-start=\"6407\" data-end=\"6424\">Documentation:<\/strong> Enregistrez les num\u00e9ros de lot et les r\u00e9sultats des tests pour la conformit\u00e9. dmxe psychonaut<\/p>\n<\/li>\n<\/ol>\n<hr data-start=\"6481\" data-end=\"6484\" \/>\n<h3 data-start=\"6486\" data-end=\"6521\"><strong data-start=\"6490\" data-end=\"6519\">Foire aux questions (FAQ)<\/strong><\/h3>\n<p data-start=\"6523\" data-end=\"6721\"><strong data-start=\"6523\" data-end=\"6550\">1. Qu&#039;est-ce que DMXE (D-MEX) ?<\/strong><br data-start=\"6550\" data-end=\"6553\" \/><strong data-start=\"6553\" data-end=\"6585\">DMXE (3D-m\u00e9thoxy-2\u2032-oxo-PCE)<\/strong>, \u00e9galement connu sous le nom de <strong data-start=\"6602\" data-end=\"6611\">D-MEX<\/strong>, est un <strong data-start=\"6620\" data-end=\"6648\">connexion dissociative<\/strong> qui est utilis\u00e9 dans les \u00e9tudes en laboratoire sur la liaison au r\u00e9cepteur NMDA.<\/p>\n<p data-start=\"6723\" data-end=\"6869\"><strong data-start=\"6723\" data-end=\"6771\">2. Que contiennent les granul\u00e9s D-MEX DMXE 40 mg ?<\/strong><br data-start=\"6771\" data-end=\"6774\" \/>Chaque pastille contient <strong data-start=\"6792\" data-end=\"6824\">40 mg de DMXE (puret\u00e9 \u2265 98%)<\/strong>, produit dans des conditions de laboratoire. <a href=\"https:\/\/researchchemicalhub.com\/fr_be\/shop\/okategoriserad\/4mmc-kopen\/\">acheter 4mmc<\/a><a href=\"https:\/\/researchchemicalhub.com\/fr_be\/shop\/okategoriserad\/benzocaine-powder\/\">poudre de benzoca\u00efne<\/a><\/p>\n<p data-start=\"6871\" data-end=\"7079\"><strong data-start=\"6871\" data-end=\"6909\">3. Est-il l\u00e9gal d&#039;acheter du DMXE ?<\/strong><br data-start=\"6909\" data-end=\"6912\" \/>Le <strong data-start=\"6915\" data-end=\"6938\">l\u00e9galit\u00e9 du DMXE<\/strong> Varie selon les pays. Dans certains pays, elle est consid\u00e9r\u00e9e comme une substance r\u00e9glement\u00e9e. Consultez toujours la r\u00e9glementation locale avant utilisation. <strong data-start=\"7062\" data-end=\"7076\">DMXE ach\u00e8te<\/strong>.<\/p>\n<div class=\"markdown-table-wrapper\"><\/div>","protected":false},"excerpt":{"rendered":"<p>Introduction Les granul\u00e9s D-MEX DMXE 40 mg contiennent des granul\u00e9s pr\u00e9cis\u00e9ment pes\u00e9s de 40 mg de DMXE (3D-m\u00e9thoxy-2\u2032-oxo-PCE) \u2014 un compos\u00e9 arylcyclohexylamine dissociatif appartenant \u00e0 la classe des antagonistes des r\u00e9cepteurs NMDA.<\/p>","protected":false},"featured_media":21436,"comment_status":"closed","ping_status":"closed","template":"","meta":[],"product_brand":[82],"product_cat":[71,406,429,324,398],"product_tag":[295,296,326],"class_list":{"0":"post-24451","1":"product","2":"type-product","3":"status-publish","4":"has-post-thumbnail","6":"product_brand-research-chemical","7":"product_cat-arylcyclohexylamine","8":"product_cat-dmxe","9":"product_cat-dmxe-pellets","10":"product_cat-pellets-for-pellet","11":"product_cat-verkoop","12":"product_tag-dmxe","13":"product_tag-dmxe-psychonaut","14":"product_tag-nl","16":"first","17":"instock","18":"sale","19":"taxable","20":"shipping-taxable","21":"purchasable","22":"product-type-variable"},"_links":{"self":[{"href":"https:\/\/researchchemicalhub.com\/fr_be\/wp-json\/wp\/v2\/product\/24451","targetHints":{"allow":["GET"]}}],"collection":[{"href":"https:\/\/researchchemicalhub.com\/fr_be\/wp-json\/wp\/v2\/product"}],"about":[{"href":"https:\/\/researchchemicalhub.com\/fr_be\/wp-json\/wp\/v2\/types\/product"}],"replies":[{"embeddable":true,"href":"https:\/\/researchchemicalhub.com\/fr_be\/wp-json\/wp\/v2\/comments?post=24451"}],"version-history":[{"count":6,"href":"https:\/\/researchchemicalhub.com\/fr_be\/wp-json\/wp\/v2\/product\/24451\/revisions"}],"predecessor-version":[{"id":27786,"href":"https:\/\/researchchemicalhub.com\/fr_be\/wp-json\/wp\/v2\/product\/24451\/revisions\/27786"}],"wp:featuredmedia":[{"embeddable":true,"href":"https:\/\/researchchemicalhub.com\/fr_be\/wp-json\/wp\/v2\/media\/21436"}],"wp:attachment":[{"href":"https:\/\/researchchemicalhub.com\/fr_be\/wp-json\/wp\/v2\/media?parent=24451"}],"wp:term":[{"taxonomy":"product_brand","embeddable":true,"href":"https:\/\/researchchemicalhub.com\/fr_be\/wp-json\/wp\/v2\/product_brand?post=24451"},{"taxonomy":"product_cat","embeddable":true,"href":"https:\/\/researchchemicalhub.com\/fr_be\/wp-json\/wp\/v2\/product_cat?post=24451"},{"taxonomy":"product_tag","embeddable":true,"href":"https:\/\/researchchemicalhub.com\/fr_be\/wp-json\/wp\/v2\/product_tag?post=24451"}],"curies":[{"name":"wp","href":"https:\/\/api.w.org\/{rel}","templated":true}]}}