{"id":24386,"date":"2025-04-13T17:41:36","date_gmt":"2025-04-13T17:41:36","guid":{"rendered":"https:\/\/researchchemicalhub.com\/?post_type=product&#038;p=24386"},"modified":"2025-10-29T08:41:49","modified_gmt":"2025-10-29T08:41:49","slug":"4-me-tmp-4-methylmethylphenidate","status":"publish","type":"product","link":"https:\/\/researchchemicalhub.com\/fr_be\/shop\/4-me-tmp\/4-me-tmp-4-methylmethylphenidate\/","title":{"rendered":"4-Me-TMP (4-m\u00e9thylm\u00e9thylph\u00e9nidate)"},"content":{"rendered":"<h3 data-start=\"4232\" data-end=\"4253\"><strong data-start=\"4236\" data-end=\"4251\"><span dir=\"auto\" style=\"vertical-align: inherit;\"><span dir=\"auto\" style=\"vertical-align: inherit;\">Introduction<\/span><\/span><\/strong><\/h3>\n<p data-start=\"4254\" data-end=\"4609\"><strong data-start=\"4254\" data-end=\"4291\"><span dir=\"auto\" style=\"vertical-align: inherit;\"><span dir=\"auto\" style=\"vertical-align: inherit;\">4-Me-TMP (4-m\u00e9thylm\u00e9thylph\u00e9nidate)<\/span><\/span><\/strong><span dir=\"auto\" style=\"vertical-align: inherit;\"><span dir=\"auto\" style=\"vertical-align: inherit;\"> est un <\/span><\/span><strong data-start=\"4299\" data-end=\"4324\"><span dir=\"auto\" style=\"vertical-align: inherit;\"><span dir=\"auto\" style=\"vertical-align: inherit;\">compos\u00e9 de pip\u00e9ridine<\/span><\/span><\/strong><span dir=\"auto\" style=\"vertical-align: inherit;\"><span dir=\"auto\" style=\"vertical-align: inherit;\"> dans le <\/span><\/span><strong data-start=\"4332\" data-end=\"4351\"><span dir=\"auto\" style=\"vertical-align: inherit;\"><span dir=\"auto\" style=\"vertical-align: inherit;\">famille ph\u00e9nidate<\/span><\/span><\/strong><span dir=\"auto\" style=\"vertical-align: inherit;\"><span dir=\"auto\" style=\"vertical-align: inherit;\"> , structurellement li\u00e9 \u00e0 <\/span><\/span><strong data-start=\"4377\" data-end=\"4395\"><span dir=\"auto\" style=\"vertical-align: inherit;\"><span dir=\"auto\" style=\"vertical-align: inherit;\">m\u00e9thylph\u00e9nidate<\/span><\/span><\/strong><span dir=\"auto\" style=\"vertical-align: inherit;\"><span dir=\"auto\" style=\"vertical-align: inherit;\"> et <\/span><\/span><strong data-start=\"4399\" data-end=\"4416\"><span dir=\"auto\" style=\"vertical-align: inherit;\"><span dir=\"auto\" style=\"vertical-align: inherit;\">\u00e9thylph\u00e9nidate<\/span><\/span><\/strong><span dir=\"auto\" style=\"vertical-align: inherit;\"><span dir=\"auto\" style=\"vertical-align: inherit;\"> . 4-me-tmp <\/span><\/span><br data-start=\"4417\" data-end=\"4420\" \/><span dir=\"auto\" style=\"vertical-align: inherit;\"><span dir=\"auto\" style=\"vertical-align: inherit;\">contient un <\/span><\/span><strong data-start=\"4434\" data-end=\"4474\"><span dir=\"auto\" style=\"vertical-align: inherit;\"><span dir=\"auto\" style=\"vertical-align: inherit;\">substitution m\u00e9thyle en position para<\/span><\/span><\/strong><span dir=\"auto\" style=\"vertical-align: inherit;\"><span dir=\"auto\" style=\"vertical-align: inherit;\"> du cycle ph\u00e9nyle, ce qui le rend id\u00e9al pour les \u00e9tudes de <\/span><\/span><strong data-start=\"4534\" data-end=\"4576\"><span dir=\"auto\" style=\"vertical-align: inherit;\"><span dir=\"auto\" style=\"vertical-align: inherit;\">relations structure-activit\u00e9 (SAR)<\/span><\/span><\/strong><span dir=\"auto\" style=\"vertical-align: inherit;\"><span dir=\"auto\" style=\"vertical-align: inherit;\"> et <\/span><\/span><strong data-start=\"4580\" data-end=\"4606\"><span dir=\"auto\" style=\"vertical-align: inherit;\"><span dir=\"auto\" style=\"vertical-align: inherit;\">transporteurs de monoamines<\/span><\/span><\/strong><span dir=\"auto\" style=\"vertical-align: inherit;\"><span dir=\"auto\" style=\"vertical-align: inherit;\"> .<\/span><\/span><\/p>\n<p data-start=\"4611\" data-end=\"4823\"><span dir=\"auto\" style=\"vertical-align: inherit;\"><span dir=\"auto\" style=\"vertical-align: inherit;\">Dans <\/span><\/span><strong data-start=\"4618\" data-end=\"4659\"><span dir=\"auto\" style=\"vertical-align: inherit;\"><span dir=\"auto\" style=\"vertical-align: inherit;\">recherche analytique et neurochimique,<\/span><\/span><\/strong><span dir=\"auto\" style=\"vertical-align: inherit;\"><span dir=\"auto\" style=\"vertical-align: inherit;\"> Le 4-Me-TMP est utilis\u00e9 pour <\/span><span dir=\"auto\" style=\"vertical-align: inherit;\">\u00e9tude <\/span><\/span><strong data-start=\"4687\" data-end=\"4727\"><span dir=\"auto\" style=\"vertical-align: inherit;\"><span dir=\"auto\" style=\"vertical-align: inherit;\">recapture de la dopamine et de la noradr\u00e9naline. Chaque lot contient un <\/span><\/span><\/strong><strong data-start=\"4764\" data-end=\"4788\"><span dir=\"auto\" style=\"vertical-align: inherit;\"><span dir=\"auto\" style=\"vertical-align: inherit;\">puret\u00e9 \u2265 98%<\/span><\/span><\/strong><span dir=\"auto\" style=\"vertical-align: inherit;\"><span dir=\"auto\" style=\"vertical-align: inherit;\"> , comme test\u00e9 par <\/span><\/span><strong data-start=\"4801\" data-end=\"4809\"><span dir=\"auto\" style=\"vertical-align: inherit;\"><span dir=\"auto\" style=\"vertical-align: inherit;\">HPLC<\/span><\/span><\/strong><span dir=\"auto\" style=\"vertical-align: inherit;\"><span dir=\"auto\" style=\"vertical-align: inherit;\"> et <\/span><\/span><strong data-start=\"4813\" data-end=\"4820\"><span dir=\"auto\" style=\"vertical-align: inherit;\"><span dir=\"auto\" style=\"vertical-align: inherit;\">RMN<\/span><\/span><\/strong><span dir=\"auto\" style=\"vertical-align: inherit;\"><span dir=\"auto\" style=\"vertical-align: inherit;\"> .<\/span><\/span><\/p>\n<blockquote data-start=\"4825\" data-end=\"4971\">\n<p data-start=\"4827\" data-end=\"4971\">\u26a0\ufe0f <strong data-start=\"4830\" data-end=\"4841\"><span dir=\"auto\" style=\"vertical-align: inherit;\"><span dir=\"auto\" style=\"vertical-align: inherit;\">Veuillez noter:<\/span><\/span><\/strong><span dir=\"auto\" style=\"vertical-align: inherit;\"><span dir=\"auto\" style=\"vertical-align: inherit;\"> Ce produit est destin\u00e9 \u00e0 <\/span><\/span><strong data-start=\"4882\" data-end=\"4917\"><span dir=\"auto\" style=\"vertical-align: inherit;\"><span dir=\"auto\" style=\"vertical-align: inherit;\">utilisation \u00e0 des fins de recherche et d&#039;analyse<\/span><\/span><\/strong><span dir=\"auto\" style=\"vertical-align: inherit;\"><span dir=\"auto\" style=\"vertical-align: inherit;\"> seulement - <\/span><\/span><strong data-start=\"4920\" data-end=\"4968\"><span dir=\"auto\" style=\"vertical-align: inherit;\"><span dir=\"auto\" style=\"vertical-align: inherit;\">Ne pas consommer de nourriture humaine ou animale<\/span><\/span><\/strong><span dir=\"auto\" style=\"vertical-align: inherit;\"><span dir=\"auto\" style=\"vertical-align: inherit;\"> .<\/span><\/span><\/p>\n<\/blockquote>\n<hr data-start=\"4973\" data-end=\"4976\" \/>\n<h3 data-start=\"4978\" data-end=\"5009\"><strong data-start=\"4982\" data-end=\"5009\"><span dir=\"auto\" style=\"vertical-align: inherit;\"><span dir=\"auto\" style=\"vertical-align: inherit;\">Caract\u00e9ristiques principales<\/span><\/span><\/strong><\/h3>\n<div class=\"_tableContainer_1rjym_1\">\n<div class=\"group _tableWrapper_1rjym_13 flex w-fit flex-col-reverse\" tabindex=\"-1\">\n<table class=\"w-fit min-w-(--thread-content-width)\" data-start=\"5011\" data-end=\"5579\">\n<thead data-start=\"5011\" data-end=\"5037\">\n<tr data-start=\"5011\" data-end=\"5037\">\n<th data-start=\"5011\" data-end=\"5021\" data-col-size=\"sm\"><span dir=\"auto\" style=\"vertical-align: inherit;\"><span dir=\"auto\" style=\"vertical-align: inherit;\">Fonctionnalit\u00e9<\/span><\/span><\/th>\n<th data-start=\"5021\" data-end=\"5037\" data-col-size=\"md\"><span dir=\"auto\" style=\"vertical-align: inherit;\"><span dir=\"auto\" style=\"vertical-align: inherit;\">Description<\/span><\/span><\/th>\n<\/tr>\n<\/thead>\n<tbody data-start=\"5066\" data-end=\"5579\">\n<tr data-start=\"5066\" data-end=\"5127\">\n<td data-start=\"5066\" data-end=\"5087\" data-col-size=\"sm\"><strong data-start=\"5068\" data-end=\"5086\"><span dir=\"auto\" style=\"vertical-align: inherit;\"><span dir=\"auto\" style=\"vertical-align: inherit;\">Nom chimique<\/span><\/span><\/strong><\/td>\n<td data-start=\"5087\" data-end=\"5127\" data-col-size=\"md\"><span dir=\"auto\" style=\"vertical-align: inherit;\"><span dir=\"auto\" style=\"vertical-align: inherit;\">Chlorhydrate de 4-m\u00e9thylm\u00e9thylph\u00e9nidate<\/span><\/span><\/td>\n<\/tr>\n<tr data-start=\"5128\" data-end=\"5165\">\n<td data-start=\"5128\" data-end=\"5153\" data-col-size=\"sm\"><strong data-start=\"5130\" data-end=\"5152\"><span dir=\"auto\" style=\"vertical-align: inherit;\"><span dir=\"auto\" style=\"vertical-align: inherit;\">Nom commun<\/span><\/span><\/strong><\/td>\n<td data-start=\"5153\" data-end=\"5165\" data-col-size=\"md\"><span dir=\"auto\" style=\"vertical-align: inherit;\"><span dir=\"auto\" style=\"vertical-align: inherit;\">4-Me-TMP<\/span><\/span><\/td>\n<\/tr>\n<tr data-start=\"5166\" data-end=\"5207\">\n<td data-start=\"5166\" data-end=\"5190\" data-col-size=\"sm\"><strong data-start=\"5168\" data-end=\"5189\"><span dir=\"auto\" style=\"vertical-align: inherit;\"><span dir=\"auto\" style=\"vertical-align: inherit;\">Formule chimique<\/span><\/span><\/strong><\/td>\n<td data-start=\"5190\" data-end=\"5207\" data-col-size=\"md\"><span dir=\"auto\" style=\"vertical-align: inherit;\"><span dir=\"auto\" style=\"vertical-align: inherit;\">C\u2081\u2085H\u2082\u2081NO\u2082\u00b7HCl<\/span><\/span><\/td>\n<\/tr>\n<tr data-start=\"5208\" data-end=\"5246\">\n<td data-start=\"5208\" data-end=\"5230\" data-col-size=\"sm\"><strong data-start=\"5210\" data-end=\"5229\"><span dir=\"auto\" style=\"vertical-align: inherit;\"><span dir=\"auto\" style=\"vertical-align: inherit;\">Poids mol\u00e9culaire<\/span><\/span><\/strong><\/td>\n<td data-start=\"5230\" data-end=\"5246\" data-col-size=\"md\"><span dir=\"auto\" style=\"vertical-align: inherit;\"><span dir=\"auto\" style=\"vertical-align: inherit;\">283,79 g\/mol<\/span><\/span><\/td>\n<\/tr>\n<tr data-start=\"5247\" data-end=\"5282\">\n<td data-start=\"5247\" data-end=\"5258\" data-col-size=\"sm\"><strong data-start=\"5249\" data-end=\"5257\"><span dir=\"auto\" style=\"vertical-align: inherit;\"><span dir=\"auto\" style=\"vertical-align: inherit;\">Formulaire<\/span><\/span><\/strong><\/td>\n<td data-start=\"5258\" data-end=\"5282\" data-col-size=\"md\"><span dir=\"auto\" style=\"vertical-align: inherit;\"><span dir=\"auto\" style=\"vertical-align: inherit;\">Sel HCl cristallin<\/span><\/span><\/td>\n<\/tr>\n<tr data-start=\"5283\" data-end=\"5334\">\n<td data-start=\"5283\" data-end=\"5300\" data-col-size=\"sm\"><strong data-start=\"5285\" data-end=\"5299\"><span dir=\"auto\" style=\"vertical-align: inherit;\"><span dir=\"auto\" style=\"vertical-align: inherit;\">Puret\u00e9<\/span><\/span><\/strong><\/td>\n<td data-start=\"5300\" data-end=\"5334\" data-col-size=\"md\"><span dir=\"auto\" style=\"vertical-align: inherit;\"><span dir=\"auto\" style=\"vertical-align: inherit;\">\u2265 98% (test\u00e9 par HPLC et RMN)<\/span><\/span><\/td>\n<\/tr>\n<tr data-start=\"5335\" data-end=\"5392\">\n<td data-start=\"5335\" data-end=\"5358\" data-col-size=\"sm\"><strong data-start=\"5337\" data-end=\"5357\"><span dir=\"auto\" style=\"vertical-align: inherit;\"><span dir=\"auto\" style=\"vertical-align: inherit;\">Classe chimique<\/span><\/span><\/strong><\/td>\n<td data-start=\"5358\" data-end=\"5392\" data-col-size=\"md\"><span dir=\"auto\" style=\"vertical-align: inherit;\"><span dir=\"auto\" style=\"vertical-align: inherit;\">D\u00e9riv\u00e9 de pip\u00e9ridine\/ph\u00e9nidate<\/span><\/span><\/td>\n<\/tr>\n<tr data-start=\"5393\" data-end=\"5472\">\n<td data-start=\"5393\" data-end=\"5407\" data-col-size=\"sm\"><strong data-start=\"5395\" data-end=\"5406\"><span dir=\"auto\" style=\"vertical-align: inherit;\"><span dir=\"auto\" style=\"vertical-align: inherit;\">Usage<\/span><\/span><\/strong><\/td>\n<td data-start=\"5407\" data-end=\"5472\" data-col-size=\"md\"><span dir=\"auto\" style=\"vertical-align: inherit;\"><span dir=\"auto\" style=\"vertical-align: inherit;\">Uniquement pour la recherche analytique, m\u00e9dico-l\u00e9gale et neurochimique<\/span><\/span><\/td>\n<\/tr>\n<tr data-start=\"5473\" data-end=\"5540\">\n<td data-start=\"5473\" data-end=\"5490\" data-col-size=\"sm\"><strong data-start=\"5475\" data-end=\"5489\"><span dir=\"auto\" style=\"vertical-align: inherit;\"><span dir=\"auto\" style=\"vertical-align: inherit;\">Conditionnement<\/span><\/span><\/strong><\/td>\n<td data-start=\"5490\" data-end=\"5540\" data-col-size=\"md\"><span dir=\"auto\" style=\"vertical-align: inherit;\"><span dir=\"auto\" style=\"vertical-align: inherit;\">Sac de laboratoire refermable et r\u00e9sistant \u00e0 l&#039;humidit\u00e9<\/span><\/span><\/td>\n<\/tr>\n<tr data-start=\"5541\" data-end=\"5579\">\n<td data-start=\"5541\" data-end=\"5559\" data-col-size=\"sm\"><strong data-start=\"5543\" data-end=\"5558\"><span dir=\"auto\" style=\"vertical-align: inherit;\"><span dir=\"auto\" style=\"vertical-align: inherit;\">Quantit\u00e9<\/span><\/span><\/strong><\/td>\n<td data-start=\"5559\" data-end=\"5579\" data-col-size=\"md\"><span dir=\"auto\" style=\"vertical-align: inherit;\"><span dir=\"auto\" style=\"vertical-align: inherit;\">1 gramme par sachet<\/span><\/span><\/td>\n<\/tr>\n<\/tbody>\n<\/table>\n<\/div>\n<\/div>\n<hr data-start=\"5581\" data-end=\"5584\" \/>\n<h3 data-start=\"5586\" data-end=\"5603\"><strong data-start=\"5590\" data-end=\"5603\"><span dir=\"auto\" style=\"vertical-align: inherit;\"><span dir=\"auto\" style=\"vertical-align: inherit;\">Avantages<\/span><\/span><\/strong><\/h3>\n<ul data-start=\"5605\" data-end=\"6044\">\n<li data-start=\"5605\" data-end=\"5697\">\n<p data-start=\"5607\" data-end=\"5697\"><strong data-start=\"5607\" data-end=\"5626\"><span dir=\"auto\" style=\"vertical-align: inherit;\"><span dir=\"auto\" style=\"vertical-align: inherit;\">Haute puret\u00e9<\/span><\/span><\/strong><span dir=\"auto\" style=\"vertical-align: inherit;\"><span dir=\"auto\" style=\"vertical-align: inherit;\"> \u2013 \u2265 98% qualit\u00e9 laboratoire pour des r\u00e9sultats de recherche fiables.<\/span><\/span><\/p>\n<\/li>\n<li data-start=\"5698\" data-end=\"5787\">\n<p data-start=\"5700\" data-end=\"5787\"><strong data-start=\"5700\" data-end=\"5742\"><span dir=\"auto\" style=\"vertical-align: inherit;\"><span dir=\"auto\" style=\"vertical-align: inherit;\">Structurellement apparent\u00e9 au m\u00e9thylph\u00e9nidate<\/span><\/span><\/strong><span dir=\"auto\" style=\"vertical-align: inherit;\"><span dir=\"auto\" style=\"vertical-align: inherit;\"> \u2013 Convient \u00e0 la recherche SAR et sur les r\u00e9cepteurs.<\/span><\/span><\/p>\n<\/li>\n<li data-start=\"5788\" data-end=\"5872\">\n<p data-start=\"5790\" data-end=\"5872\"><strong data-start=\"5790\" data-end=\"5811\"><span dir=\"auto\" style=\"vertical-align: inherit;\"><span dir=\"auto\" style=\"vertical-align: inherit;\">Forme de sel stable<\/span><\/span><\/strong><span dir=\"auto\" style=\"vertical-align: inherit;\"><span dir=\"auto\" style=\"vertical-align: inherit;\"> La forme HCl offre une solubilit\u00e9 et une dur\u00e9e de conservation am\u00e9lior\u00e9es. 4-me-tmp<\/span><\/span><\/p>\n<\/li>\n<li data-start=\"5873\" data-end=\"5966\">\n<p data-start=\"5875\" data-end=\"5966\"><strong data-start=\"5875\" data-end=\"5905\"><span dir=\"auto\" style=\"vertical-align: inherit;\"><span dir=\"auto\" style=\"vertical-align: inherit;\">Applicabilit\u00e9 de recherche \u00e9tendue<\/span><\/span><\/strong><span dir=\"auto\" style=\"vertical-align: inherit;\"><span dir=\"auto\" style=\"vertical-align: inherit;\"> \u2013 Convient pour la GC\/MS, la LC-MS, la FTIR, la HPLC et la spectroscopie.<\/span><\/span><\/p>\n<\/li>\n<li data-start=\"5967\" data-end=\"6044\">\n<p data-start=\"5969\" data-end=\"6044\"><strong data-start=\"5969\" data-end=\"6003\"><span dir=\"auto\" style=\"vertical-align: inherit;\"><span dir=\"auto\" style=\"vertical-align: inherit;\">Production enti\u00e8rement tra\u00e7able<\/span><\/span><\/strong><span dir=\"auto\" style=\"vertical-align: inherit;\"><span dir=\"auto\" style=\"vertical-align: inherit;\"> \u2013 Chaque lot est test\u00e9 et certifi\u00e9.<\/span><\/span><\/p>\n<\/li>\n<\/ul>\n<hr data-start=\"6046\" data-end=\"6049\" \/>\n<h3 data-start=\"6051\" data-end=\"6103\"><strong data-start=\"6055\" data-end=\"6101\"><span dir=\"auto\" style=\"vertical-align: inherit;\"><span dir=\"auto\" style=\"vertical-align: inherit;\">Utilisation (\u00e0 des fins de recherche uniquement)<\/span><\/span><\/strong><\/h3>\n<ol data-start=\"6105\" data-end=\"6450\">\n<li data-start=\"6105\" data-end=\"6174\">\n<p data-start=\"6108\" data-end=\"6174\"><strong data-start=\"6108\" data-end=\"6123\"><span dir=\"auto\" style=\"vertical-align: inherit;\"><span dir=\"auto\" style=\"vertical-align: inherit;\">Manutention:<\/span><\/span><\/strong><span dir=\"auto\" style=\"vertical-align: inherit;\"><span dir=\"auto\" style=\"vertical-align: inherit;\"> Portez des gants, des lunettes de s\u00e9curit\u00e9 et une blouse de laboratoire.<\/span><\/span><\/p>\n<\/li>\n<li data-start=\"6175\" data-end=\"6238\">\n<p data-start=\"6178\" data-end=\"6238\"><strong data-start=\"6178\" data-end=\"6191\"><span dir=\"auto\" style=\"vertical-align: inherit;\"><span dir=\"auto\" style=\"vertical-align: inherit;\">Mesures :<\/span><\/span><\/strong><span dir=\"auto\" style=\"vertical-align: inherit;\"><span dir=\"auto\" style=\"vertical-align: inherit;\"> Utilisez des balances de laboratoire pr\u00e9cises.<\/span><\/span><\/p>\n<\/li>\n<li data-start=\"6239\" data-end=\"6293\">\n<p data-start=\"6242\" data-end=\"6293\"><strong data-start=\"6242\" data-end=\"6253\"><span dir=\"auto\" style=\"vertical-align: inherit;\"><span dir=\"auto\" style=\"vertical-align: inherit;\">Stockage:<\/span><\/span><\/strong><span dir=\"auto\" style=\"vertical-align: inherit;\"><span dir=\"auto\" style=\"vertical-align: inherit;\"> Conserver au frais (2\u20138\u00b0C), au sec et \u00e0 l&#039;abri de la lumi\u00e8re.<\/span><\/span><\/p>\n<\/li>\n<li data-start=\"6294\" data-end=\"6377\">\n<p data-start=\"6297\" data-end=\"6377\"><strong data-start=\"6297\" data-end=\"6309\"><span dir=\"auto\" style=\"vertical-align: inherit;\"><span dir=\"auto\" style=\"vertical-align: inherit;\">Analyse:<\/span><\/span><\/strong><span dir=\"auto\" style=\"vertical-align: inherit;\"><span dir=\"auto\" style=\"vertical-align: inherit;\"> Convient pour la chromatographie, la spectroscopie et la recherche sur les r\u00e9cepteurs.<\/span><\/span><\/p>\n<\/li>\n<li data-start=\"6378\" data-end=\"6450\">\n<p data-start=\"6381\" data-end=\"6450\"><strong data-start=\"6381\" data-end=\"6398\"><span dir=\"auto\" style=\"vertical-align: inherit;\"><span dir=\"auto\" style=\"vertical-align: inherit;\">Documentation:<\/span><\/span><\/strong><span dir=\"auto\" style=\"vertical-align: inherit;\"><span dir=\"auto\" style=\"vertical-align: inherit;\"> Consignez le num\u00e9ro de lot, la m\u00e9thode d&#039;analyse et les r\u00e9sultats.<\/span><\/span><\/p>\n<\/li>\n<\/ol>\n<hr data-start=\"6452\" data-end=\"6455\" \/>\n<h3 data-start=\"6457\" data-end=\"6492\"><strong data-start=\"6461\" data-end=\"6490\"><span dir=\"auto\" style=\"vertical-align: inherit;\"><span dir=\"auto\" style=\"vertical-align: inherit;\">Foire aux questions (FAQ)<\/span><\/span><\/strong><\/h3>\n<p data-start=\"6494\" data-end=\"6694\"><strong data-start=\"6494\" data-end=\"6517\"><span dir=\"auto\" style=\"vertical-align: inherit;\"><span dir=\"auto\" style=\"vertical-align: inherit;\">1. Qu&#039;est-ce que le 4-Me-TMP ? <\/span><\/span><\/strong><br data-start=\"6517\" data-end=\"6520\" \/><strong data-start=\"6520\" data-end=\"6557\"><span dir=\"auto\" style=\"vertical-align: inherit;\"><span dir=\"auto\" style=\"vertical-align: inherit;\">4-Me-TMP (4-m\u00e9thylm\u00e9thylph\u00e9nidate)<\/span><\/span><\/strong><span dir=\"auto\" style=\"vertical-align: inherit;\"><span dir=\"auto\" style=\"vertical-align: inherit;\"> est un <\/span><\/span><strong data-start=\"6565\" data-end=\"6611\"><span dir=\"auto\" style=\"vertical-align: inherit;\"><span dir=\"auto\" style=\"vertical-align: inherit;\">substance de recherche de la classe des ph\u00e9nidates<\/span><\/span><\/strong><span dir=\"auto\" style=\"vertical-align: inherit;\"><span dir=\"auto\" style=\"vertical-align: inherit;\"> , apparent\u00e9 au m\u00e9thylph\u00e9nidate, utilis\u00e9 dans la recherche sur les transporteurs de dopamine.<\/span><\/span><\/p>\n<p data-start=\"6696\" data-end=\"6825\"><strong data-start=\"6696\" data-end=\"6737\"><span dir=\"auto\" style=\"vertical-align: inherit;\"><span dir=\"auto\" style=\"vertical-align: inherit;\">2. Quel est le degr\u00e9 de puret\u00e9 du 4-Me-TMP ?<\/span><\/span><\/strong><br data-start=\"6737\" data-end=\"6740\" \/><span dir=\"auto\" style=\"vertical-align: inherit;\"><span dir=\"auto\" style=\"vertical-align: inherit;\"> Chaque lot a un <\/span><\/span><strong data-start=\"6761\" data-end=\"6785\"><span dir=\"auto\" style=\"vertical-align: inherit;\"><span dir=\"auto\" style=\"vertical-align: inherit;\">puret\u00e9 \u2265 98%<\/span><\/span><\/strong><span dir=\"auto\" style=\"vertical-align: inherit;\"><span dir=\"auto\" style=\"vertical-align: inherit;\"> , confirm\u00e9 par analyse HPLC et RMN.<\/span><\/span><\/p>\n<p data-start=\"6827\" data-end=\"6992\"><strong data-start=\"6827\" data-end=\"6869\"><span dir=\"auto\" style=\"vertical-align: inherit;\"><span dir=\"auto\" style=\"vertical-align: inherit;\">3. Est-il l\u00e9gal d&#039;acheter du 4-Me-TMP ?<\/span><\/span><\/strong><br data-start=\"6869\" data-end=\"6872\" \/><span dir=\"auto\" style=\"vertical-align: inherit;\"><span dir=\"auto\" style=\"vertical-align: inherit;\"> Le <\/span><\/span><strong data-start=\"6875\" data-end=\"6902\"><span dir=\"auto\" style=\"vertical-align: inherit;\"><span dir=\"auto\" style=\"vertical-align: inherit;\">l\u00e9galit\u00e9 du 4-Me-TMP<\/span><\/span><\/strong><span dir=\"auto\" style=\"vertical-align: inherit;\"><span dir=\"auto\" style=\"vertical-align: inherit;\"> Cela varie selon les pays. V\u00e9rifiez toujours la r\u00e9glementation locale avant. <\/span><\/span><strong data-start=\"6971\" data-end=\"6989\"><span dir=\"auto\" style=\"vertical-align: inherit;\"><span dir=\"auto\" style=\"vertical-align: inherit;\">achat de 4-Me-TMP<\/span><\/span><\/strong><span dir=\"auto\" style=\"vertical-align: inherit;\"><span dir=\"auto\" style=\"vertical-align: inherit;\"> .<\/span><\/span><\/p>\n<p class=\"ds-markdown-paragraph\">","protected":false},"excerpt":{"rendered":"<h3><span data-sheets-value=\"{\" data-sheets-userformat=\"{\"><span dir=\"auto\" style=\"vertical-align: inherit;\"><span dir=\"auto\" style=\"vertical-align: inherit;\">4-Me-TMP properties<\/span><\/span><\/span><\/h3>\n<p><strong><span dir=\"auto\" style=\"vertical-align: inherit;\"><span dir=\"auto\" style=\"vertical-align: inherit;\">Synonyme: <\/span><\/span><\/strong><i><span dir=\"auto\" style=\"vertical-align: inherit;\"><span dir=\"auto\" style=\"vertical-align: inherit;\">trois<\/span><\/span><\/i><span dir=\"auto\" style=\"vertical-align: inherit;\"><span dir=\"auto\" style=\"vertical-align: inherit;\"> -4-m\u00e9thylm\u00e9thylph\u00e9nidate <\/span><strong><span dir=\"auto\" style=\"vertical-align: inherit;\">CAS Number: 191790-79-1 <\/span><\/strong><strong><span dir=\"auto\" style=\"vertical-align: inherit;\">Formula: C15H21NO2 <\/span><\/strong><strong><span dir=\"auto\" style=\"vertical-align: inherit;\">Masse molaire: <\/span><\/strong><strong><span class=\"nowrap\"><span dir=\"auto\" style=\"vertical-align: inherit;\">247.338<\/span><\/span><\/strong><strong><span dir=\"auto\" style=\"vertical-align: inherit;\"> \u00a0g mol <\/span><\/strong><strong><span dir=\"auto\" style=\"vertical-align: inherit;\">Puret\u00e9:<\/span><\/strong><span dir=\"auto\" style=\"vertical-align: inherit;\"> &gt;99%<\/span><\/span><span class=\"ml-1\"><br \/>\n<\/span><\/p>","protected":false},"featured_media":28451,"comment_status":"closed","ping_status":"closed","template":"","meta":[],"product_brand":[],"product_cat":[335,333],"product_tag":[245,326],"class_list":{"0":"post-24386","1":"product","2":"type-product","3":"status-publish","4":"has-post-thumbnail","6":"product_cat-4-me-tmp","7":"product_cat-gefluoreerden","8":"product_tag-4-me-tmp","9":"product_tag-nl","11":"first","12":"instock","13":"taxable","14":"shipping-taxable","15":"purchasable","16":"product-type-variable"},"_links":{"self":[{"href":"https:\/\/researchchemicalhub.com\/fr_be\/wp-json\/wp\/v2\/product\/24386","targetHints":{"allow":["GET"]}}],"collection":[{"href":"https:\/\/researchchemicalhub.com\/fr_be\/wp-json\/wp\/v2\/product"}],"about":[{"href":"https:\/\/researchchemicalhub.com\/fr_be\/wp-json\/wp\/v2\/types\/product"}],"replies":[{"embeddable":true,"href":"https:\/\/researchchemicalhub.com\/fr_be\/wp-json\/wp\/v2\/comments?post=24386"}],"version-history":[{"count":6,"href":"https:\/\/researchchemicalhub.com\/fr_be\/wp-json\/wp\/v2\/product\/24386\/revisions"}],"predecessor-version":[{"id":28685,"href":"https:\/\/researchchemicalhub.com\/fr_be\/wp-json\/wp\/v2\/product\/24386\/revisions\/28685"}],"wp:featuredmedia":[{"embeddable":true,"href":"https:\/\/researchchemicalhub.com\/fr_be\/wp-json\/wp\/v2\/media\/28451"}],"wp:attachment":[{"href":"https:\/\/researchchemicalhub.com\/fr_be\/wp-json\/wp\/v2\/media?parent=24386"}],"wp:term":[{"taxonomy":"product_brand","embeddable":true,"href":"https:\/\/researchchemicalhub.com\/fr_be\/wp-json\/wp\/v2\/product_brand?post=24386"},{"taxonomy":"product_cat","embeddable":true,"href":"https:\/\/researchchemicalhub.com\/fr_be\/wp-json\/wp\/v2\/product_cat?post=24386"},{"taxonomy":"product_tag","embeddable":true,"href":"https:\/\/researchchemicalhub.com\/fr_be\/wp-json\/wp\/v2\/product_tag?post=24386"}],"curies":[{"name":"wp","href":"https:\/\/api.w.org\/{rel}","templated":true}]}}