{"id":24371,"date":"2025-04-13T17:41:35","date_gmt":"2025-04-13T17:41:35","guid":{"rendered":"https:\/\/researchchemicalhub.com\/?post_type=product&#038;p=24371"},"modified":"2025-10-12T09:30:51","modified_gmt":"2025-10-12T09:30:51","slug":"livre-2c","status":"publish","type":"product","link":"https:\/\/researchchemicalhub.com\/fr_be\/boutique\/presque-interdit\/livre-2c\/","title":{"rendered":"Granul\u00e9s de b\u00eata-k-2C-B \u03b2k-2C-B 80 mg"},"content":{"rendered":"<h3 data-start=\"4058\" data-end=\"4079\"><strong data-start=\"4062\" data-end=\"4077\">Introduction<\/strong><\/h3>\n<p data-start=\"4080\" data-end=\"4458\"><strong data-start=\"4080\" data-end=\"4118\">Granul\u00e9s de b\u00eata-k-2C-B (\u03b2k-2C-B) 80 mg<\/strong> contenir <strong data-start=\"4128\" data-end=\"4180\">80 milligrammes de \u03b2k-2C-B (B\u00eata-c\u00e9to-2C-B) de haute puret\u00e9<\/strong> - Un <strong data-start=\"4187\" data-end=\"4225\">d\u00e9riv\u00e9 synth\u00e9tique de la ph\u00e9n\u00e9thylamine<\/strong> et <strong data-start=\"4229\" data-end=\"4251\">analogue de la b\u00eata-c\u00e9tone<\/strong> par <strong data-start=\"4256\" data-end=\"4264\">2C-B<\/strong>. livre 2c\u00a0<br data-start=\"4265\" data-end=\"4268\" \/>\u03b2k-2C-B appartient \u00e0 la <strong data-start=\"4291\" data-end=\"4324\">Famille 2C de ph\u00e9n\u00e9thylamines<\/strong> et est utilis\u00e9 dans <strong data-start=\"4346\" data-end=\"4384\">recherche m\u00e9dico-l\u00e9gale et analytique<\/strong> D\u00e9sagr\u00e9able <strong data-start=\"4390\" data-end=\"4432\">relations structure-activit\u00e9 (SAR)<\/strong> et <strong data-start=\"4436\" data-end=\"4455\">liaison au r\u00e9cepteur<\/strong>.<\/p>\n<p data-start=\"4460\" data-end=\"4655\">Chaque pastille contient <strong data-start=\"4478\" data-end=\"4494\">80 mg de \u03b2k-2C-B<\/strong> imm\u00e9diatement <strong data-start=\"4503\" data-end=\"4527\">puret\u00e9 \u2265 98%<\/strong>, test\u00e9 via <strong data-start=\"4540\" data-end=\"4555\">HPLC et RMN<\/strong>Les pellets sont livr\u00e9s en <strong data-start=\"4587\" data-end=\"4608\">emballage sous blister<\/strong> pour une stabilit\u00e9 et une pr\u00e9cision optimales.<\/p>\n<blockquote data-start=\"4657\" data-end=\"4803\">\n<p data-start=\"4659\" data-end=\"4803\">\u26a0\ufe0f <strong data-start=\"4662\" data-end=\"4673\">NB:<\/strong> Ce produit est destin\u00e9 uniquement \u00e0 <strong data-start=\"4714\" data-end=\"4749\">recherche et utilisation analytique<\/strong> \u2014 <strong data-start=\"4752\" data-end=\"4800\">non destin\u00e9 \u00e0 la consommation humaine ou animale<\/strong>.<\/p>\n<\/blockquote>\n<hr data-start=\"4805\" data-end=\"4808\" \/>\n<h3 data-start=\"4810\" data-end=\"4841\"><strong data-start=\"4814\" data-end=\"4841\">Caract\u00e9ristiques principales<\/strong><\/h3>\n<div class=\"_tableContainer_1rjym_1\">\n<div class=\"group _tableWrapper_1rjym_13 flex w-fit flex-col-reverse\" tabindex=\"-1\">\n<table class=\"w-fit min-w-(--thread-content-width)\" data-start=\"4843\" data-end=\"5416\">\n<thead data-start=\"4843\" data-end=\"4869\">\n<tr data-start=\"4843\" data-end=\"4869\">\n<th data-start=\"4843\" data-end=\"4853\" data-col-size=\"sm\">Fonctionnalit\u00e9<\/th>\n<th data-start=\"4853\" data-end=\"4869\" data-col-size=\"md\">Description<\/th>\n<\/tr>\n<\/thead>\n<tbody data-start=\"4898\" data-end=\"5416\">\n<tr data-start=\"4898\" data-end=\"4951\">\n<td data-start=\"4898\" data-end=\"4919\" data-col-size=\"sm\"><strong data-start=\"4900\" data-end=\"4918\">Nom chimique<\/strong><\/td>\n<td data-start=\"4919\" data-end=\"4951\" data-col-size=\"md\">Chlorhydrate de b\u00eata-c\u00e9to-2C-B<\/td>\n<\/tr>\n<tr data-start=\"4952\" data-end=\"4988\">\n<td data-start=\"4952\" data-end=\"4977\" data-col-size=\"sm\"><strong data-start=\"4954\" data-end=\"4976\">Nom commun<\/strong><\/td>\n<td data-start=\"4977\" data-end=\"4988\" data-col-size=\"md\">\u03b2k-2C-B<\/td>\n<\/tr>\n<tr data-start=\"4989\" data-end=\"5032\">\n<td data-start=\"4989\" data-end=\"5013\" data-col-size=\"sm\"><strong data-start=\"4991\" data-end=\"5012\">Formule chimique<\/strong><\/td>\n<td data-start=\"5013\" data-end=\"5032\" data-col-size=\"md\">C\u2081\u2080H\u2081\u2082BrNO\u2083\u00b7HCl<\/td>\n<\/tr>\n<tr data-start=\"5033\" data-end=\"5071\">\n<td data-start=\"5033\" data-end=\"5055\" data-col-size=\"sm\"><strong data-start=\"5035\" data-end=\"5054\">Poids mol\u00e9culaire<\/strong><\/td>\n<td data-start=\"5055\" data-end=\"5071\" data-col-size=\"md\">310,57 g\/mol<\/td>\n<\/tr>\n<tr data-start=\"5072\" data-end=\"5106\">\n<td data-start=\"5072\" data-end=\"5087\" data-col-size=\"sm\"><strong data-start=\"5074\" data-end=\"5086\">Dosage<\/strong><\/td>\n<td data-start=\"5087\" data-end=\"5106\" data-col-size=\"md\">80 mg par pastille<\/td>\n<\/tr>\n<tr data-start=\"5107\" data-end=\"5154\">\n<td data-start=\"5107\" data-end=\"5118\" data-col-size=\"sm\"><strong data-start=\"5109\" data-end=\"5117\">Formulaire<\/strong><\/td>\n<td data-start=\"5118\" data-end=\"5154\" data-col-size=\"md\">Granul\u00e9 solide (blister)<\/td>\n<\/tr>\n<tr data-start=\"5155\" data-end=\"5206\">\n<td data-start=\"5155\" data-end=\"5172\" data-col-size=\"sm\"><strong data-start=\"5157\" data-end=\"5171\">Puret\u00e9<\/strong><\/td>\n<td data-start=\"5172\" data-end=\"5206\" data-col-size=\"md\">\u2265 98% (test\u00e9 par HPLC et RMN)<\/td>\n<\/tr>\n<tr data-start=\"5207\" data-end=\"5265\">\n<td data-start=\"5207\" data-end=\"5230\" data-col-size=\"sm\"><strong data-start=\"5209\" data-end=\"5229\">Classe chimique<\/strong><\/td>\n<td data-start=\"5230\" data-end=\"5265\" data-col-size=\"md\">Analogue de ph\u00e9n\u00e9thylamine\/\u03b2-c\u00e9tone<\/td>\n<\/tr>\n<tr data-start=\"5266\" data-end=\"5345\">\n<td data-start=\"5266\" data-end=\"5280\" data-col-size=\"sm\"><strong data-start=\"5268\" data-end=\"5279\">Usage<\/strong><\/td>\n<td data-start=\"5280\" data-end=\"5345\" data-col-size=\"md\">Pour la recherche analytique, m\u00e9dico-l\u00e9gale et neurochimique uniquement<\/td>\n<\/tr>\n<tr data-start=\"5346\" data-end=\"5416\">\n<td data-start=\"5346\" data-end=\"5363\" data-col-size=\"sm\"><strong data-start=\"5348\" data-end=\"5362\">Conditionnement<\/strong><\/td>\n<td data-start=\"5363\" data-end=\"5416\" data-col-size=\"md\">Plaquette thermoform\u00e9e avec joint contre l&#039;humidit\u00e9 et la lumi\u00e8re<\/td>\n<\/tr>\n<\/tbody>\n<\/table>\n<\/div>\n<\/div>\n<hr data-start=\"5418\" data-end=\"5421\" \/>\n<h3 data-start=\"5423\" data-end=\"5440\"><strong data-start=\"5427\" data-end=\"5440\">Avantages<\/strong><\/h3>\n<ul data-start=\"5442\" data-end=\"5851\">\n<li data-start=\"5442\" data-end=\"5534\">\n<p data-start=\"5444\" data-end=\"5534\"><strong data-start=\"5444\" data-end=\"5463\">Haute puret\u00e9<\/strong> \u2013 Qualit\u00e9 de laboratoire \u2265 98% pour des r\u00e9sultats de recherche fiables.<\/p>\n<\/li>\n<li data-start=\"5535\" data-end=\"5628\">\n<p data-start=\"5537\" data-end=\"5628\"><strong data-start=\"5537\" data-end=\"5569\">Analogue structurel du 2C-B<\/strong> \u2013 Convient aux comparaisons SAR et aux \u00e9tudes de r\u00e9cepteurs.<\/p>\n<\/li>\n<li data-start=\"5629\" data-end=\"5704\">\n<p data-start=\"5631\" data-end=\"5704\"><strong data-start=\"5631\" data-end=\"5655\">Dos\u00e9 avec pr\u00e9cision<\/strong> \u2013 80 mg par pastille pour des r\u00e9sultats constants.<\/p>\n<\/li>\n<li data-start=\"5705\" data-end=\"5783\">\n<p data-start=\"5707\" data-end=\"5783\"><strong data-start=\"5707\" data-end=\"5737\">Largement applicable \u00e0 la recherche<\/strong> \u2013 Convient pour GC\/MS, LC-MS, FTIR et HPLC.<\/p>\n<\/li>\n<li data-start=\"5784\" data-end=\"5851\">\n<p data-start=\"5786\" data-end=\"5851\"><strong data-start=\"5786\" data-end=\"5813\">Production v\u00e9rifi\u00e9e<\/strong> \u2013 Chaque lot test\u00e9 et tra\u00e7able.<\/p>\n<\/li>\n<\/ul>\n<hr data-start=\"5853\" data-end=\"5856\" \/>\n<h3 data-start=\"5858\" data-end=\"5910\"><strong data-start=\"5862\" data-end=\"5908\">Utilisation (\u00e0 des fins de recherche uniquement)<\/strong><\/h3>\n<ol data-start=\"5912\" data-end=\"6255\">\n<li data-start=\"5912\" data-end=\"5981\">\n<p data-start=\"5915\" data-end=\"5981\"><strong data-start=\"5915\" data-end=\"5930\">Manutention:<\/strong> Portez des gants, des lunettes de s\u00e9curit\u00e9 et une blouse de laboratoire.<\/p>\n<\/li>\n<li data-start=\"5982\" data-end=\"6058\">\n<p data-start=\"5985\" data-end=\"6058\"><strong data-start=\"5985\" data-end=\"5998\">Mesures:<\/strong> Chaque pastille contient 80 mg\u00a0; notez le num\u00e9ro de lot et la puret\u00e9.<\/p>\n<\/li>\n<li data-start=\"6059\" data-end=\"6113\">\n<p data-start=\"6062\" data-end=\"6113\"><strong data-start=\"6062\" data-end=\"6073\">Stockage:<\/strong> Conserver au frais (2\u20138\u00b0C), au sec et \u00e0 l\u2019abri de la lumi\u00e8re.<\/p>\n<\/li>\n<li data-start=\"6114\" data-end=\"6190\">\n<p data-start=\"6117\" data-end=\"6190\"><strong data-start=\"6117\" data-end=\"6129\">Analyse:<\/strong> Convient pour la chromatographie et l&#039;analyse spectroscopique. bk 2c<\/p>\n<\/li>\n<li data-start=\"6191\" data-end=\"6255\">\n<p data-start=\"6194\" data-end=\"6255\"><strong data-start=\"6194\" data-end=\"6211\">Documentation:<\/strong> Enregistrer les r\u00e9sultats des tests et les m\u00e9thodes d\u2019analyse.<\/p>\n<\/li>\n<\/ol>\n<hr data-start=\"6257\" data-end=\"6260\" \/>\n<h3 data-start=\"6262\" data-end=\"6297\"><strong data-start=\"6266\" data-end=\"6295\">Foire aux questions (FAQ)<\/strong><\/h3>\n<p data-start=\"6299\" data-end=\"6458\"><strong data-start=\"6299\" data-end=\"6321\">1. Qu&#039;est-ce que le \u03b2k-2C-B ?<\/strong><br data-start=\"6321\" data-end=\"6324\" \/><strong data-start=\"6324\" data-end=\"6352\">\u03b2k-2C-B (b\u00eata-c\u00e9to-2C-B)<\/strong> est un <strong data-start=\"6360\" data-end=\"6385\">analogue de la ph\u00e9n\u00e9thylamine<\/strong> de 2C-B avec un groupe \u03b2-c\u00e9tone suppl\u00e9mentaire, utilis\u00e9 dans la recherche analytique.<\/p>\n<p data-start=\"6460\" data-end=\"6597\"><strong data-start=\"6460\" data-end=\"6505\">2. Que contiennent les granul\u00e9s \u03b2k-2C-B 80 mg ?<\/strong><br data-start=\"6505\" data-end=\"6508\" \/>Chaque pastille contient <strong data-start=\"6526\" data-end=\"6561\">80 mg de \u03b2k-2C-B (puret\u00e9 \u2265 98%)<\/strong>, qualit\u00e9 test\u00e9e en laboratoire.<\/p>\n<p data-start=\"6599\" data-end=\"6761\"><strong data-start=\"6599\" data-end=\"6640\">3. Est-il l\u00e9gal d\u2019acheter du \u03b2k-2C-B ?<\/strong><br data-start=\"6640\" data-end=\"6643\" \/>Le <strong data-start=\"6646\" data-end=\"6672\">l\u00e9galit\u00e9 du \u03b2k-2C-B<\/strong> varie selon les pays. Veuillez toujours v\u00e9rifier la r\u00e9glementation locale avant utilisation. <strong data-start=\"6741\" data-end=\"6758\">Achats de \u03b2k-2C-B<\/strong>.<\/p>","protected":false},"excerpt":{"rendered":"<p>Introductie Beta-k-2C-B (\u03b2k-2C-B) 80mg Pellets bevatten 80 milligram hoogzuiver \u03b2k-2C-B (Beta-keto-2C-B) \u2014 een synthetisch fenethylamine-derivaat en beta-keton-analoog van 2C-B. bk<\/p>","protected":false},"featured_media":21481,"comment_status":"closed","ping_status":"closed","template":"","meta":[],"product_brand":[],"product_cat":[322,405,469,80,324,398],"product_tag":[674,238,326],"class_list":{"0":"post-24371","1":"product","2":"type-product","3":"status-publish","4":"has-post-thumbnail","6":"product_cat-bijna-verboden","7":"product_cat-bk-2c-b","8":"product_cat-bk-2c-b-pellets","9":"product_cat-fenethylamine","10":"product_cat-pellets-for-pellet","11":"product_cat-verkoop","12":"product_tag-bk-2c","13":"product_tag-bk-2c-b","14":"product_tag-nl","16":"first","17":"instock","18":"sale","19":"taxable","20":"shipping-taxable","21":"purchasable","22":"product-type-variable"},"_links":{"self":[{"href":"https:\/\/researchchemicalhub.com\/fr_be\/wp-json\/wp\/v2\/product\/24371","targetHints":{"allow":["GET"]}}],"collection":[{"href":"https:\/\/researchchemicalhub.com\/fr_be\/wp-json\/wp\/v2\/product"}],"about":[{"href":"https:\/\/researchchemicalhub.com\/fr_be\/wp-json\/wp\/v2\/types\/product"}],"replies":[{"embeddable":true,"href":"https:\/\/researchchemicalhub.com\/fr_be\/wp-json\/wp\/v2\/comments?post=24371"}],"version-history":[{"count":6,"href":"https:\/\/researchchemicalhub.com\/fr_be\/wp-json\/wp\/v2\/product\/24371\/revisions"}],"predecessor-version":[{"id":27800,"href":"https:\/\/researchchemicalhub.com\/fr_be\/wp-json\/wp\/v2\/product\/24371\/revisions\/27800"}],"wp:featuredmedia":[{"embeddable":true,"href":"https:\/\/researchchemicalhub.com\/fr_be\/wp-json\/wp\/v2\/media\/21481"}],"wp:attachment":[{"href":"https:\/\/researchchemicalhub.com\/fr_be\/wp-json\/wp\/v2\/media?parent=24371"}],"wp:term":[{"taxonomy":"product_brand","embeddable":true,"href":"https:\/\/researchchemicalhub.com\/fr_be\/wp-json\/wp\/v2\/product_brand?post=24371"},{"taxonomy":"product_cat","embeddable":true,"href":"https:\/\/researchchemicalhub.com\/fr_be\/wp-json\/wp\/v2\/product_cat?post=24371"},{"taxonomy":"product_tag","embeddable":true,"href":"https:\/\/researchchemicalhub.com\/fr_be\/wp-json\/wp\/v2\/product_tag?post=24371"}],"curies":[{"name":"wp","href":"https:\/\/api.w.org\/{rel}","templated":true}]}}