{"id":24365,"date":"2025-04-13T17:41:35","date_gmt":"2025-04-13T17:41:35","guid":{"rendered":"https:\/\/researchchemicalhub.com\/?post_type=product&#038;p=24365"},"modified":"2025-10-12T09:28:04","modified_gmt":"2025-10-12T09:28:04","slug":"2-fea-2","status":"publish","type":"product","link":"https:\/\/researchchemicalhub.com\/fr_be\/boutique\/2-fea\/2-fea-2\/","title":{"rendered":"Newphoria 2\/3-FEA 35 MG\/100 MG Granul\u00e9s"},"content":{"rendered":"<h3 data-start=\"4220\" data-end=\"4241\"><strong data-start=\"4224\" data-end=\"4239\">Introduction<\/strong><\/h3>\n<p data-start=\"4242\" data-end=\"4512\"><strong data-start=\"4242\" data-end=\"4284\">Newphoria 2\/3-FEA 35 mg \/ 100 mg, granul\u00e9s<\/strong> contiennent une combinaison pr\u00e9cise de <strong data-start=\"4322\" data-end=\"4357\">2-FEA (2-fluoro\u00e9thylamph\u00e9tamine)<\/strong> et <strong data-start=\"4361\" data-end=\"4396\">3-FEA (3-fluoro\u00e9thylamph\u00e9tamine)<\/strong> - deux <strong data-start=\"4404\" data-end=\"4442\">analogues d&#039;amph\u00e9tamines fluorosubstitu\u00e9s<\/strong> qui sont largement utilis\u00e9s dans <strong data-start=\"4471\" data-end=\"4509\">recherche m\u00e9dico-l\u00e9gale et analytique<\/strong>. 2 fonctionnalit\u00e9s<\/p>\n<p data-start=\"4514\" data-end=\"4730\">Merci \u00e0 la <strong data-start=\"4525\" data-end=\"4554\">2- et 3-fluorosubstitutions<\/strong> Bas\u00e9s sur la structure de la ph\u00e9n\u00e9thylamine, ces compos\u00e9s sont id\u00e9aux pour la recherche sur <strong data-start=\"4635\" data-end=\"4677\">relations structure-activit\u00e9 (SAR)<\/strong> et <strong data-start=\"4681\" data-end=\"4700\">liaison au r\u00e9cepteur<\/strong> dans la classe des amph\u00e9tamines.<\/p>\n<p data-start=\"4732\" data-end=\"4950\">Chaque pastille contient <strong data-start=\"4750\" data-end=\"4767\">35 mg ou 100 mg<\/strong> de la formule de recherche active avec un <strong data-start=\"4809\" data-end=\"4833\">puret\u00e9 \u2265 98%<\/strong>, test\u00e9 via <strong data-start=\"4846\" data-end=\"4861\">HPLC et RMN<\/strong>Les granul\u00e9s sont <strong data-start=\"4879\" data-end=\"4897\">emball\u00e9 sous blister<\/strong> pour une protection optimale et un dosage pr\u00e9cis.<\/p>\n<blockquote data-start=\"4952\" data-end=\"5098\">\n<p data-start=\"4954\" data-end=\"5098\">\u26a0\ufe0f <strong data-start=\"4957\" data-end=\"4968\">NB:<\/strong> Ce produit est destin\u00e9 uniquement \u00e0 <strong data-start=\"5009\" data-end=\"5044\">recherche et utilisation analytique<\/strong> \u2014 <strong data-start=\"5047\" data-end=\"5095\">non destin\u00e9 \u00e0 la consommation humaine ou animale<\/strong>.<\/p>\n<\/blockquote>\n<hr data-start=\"5100\" data-end=\"5103\" \/>\n<h3 data-start=\"5105\" data-end=\"5136\"><strong data-start=\"5109\" data-end=\"5136\">Caract\u00e9ristiques principales<\/strong><\/h3>\n<div class=\"_tableContainer_1rjym_1\">\n<div class=\"group _tableWrapper_1rjym_13 flex w-fit flex-col-reverse\" tabindex=\"-1\">\n<table class=\"w-fit min-w-(--thread-content-width)\" data-start=\"5138\" data-end=\"5755\">\n<thead data-start=\"5138\" data-end=\"5164\">\n<tr data-start=\"5138\" data-end=\"5164\">\n<th data-start=\"5138\" data-end=\"5148\" data-col-size=\"sm\">Fonctionnalit\u00e9<\/th>\n<th data-start=\"5148\" data-end=\"5164\" data-col-size=\"md\">Description<\/th>\n<\/tr>\n<\/thead>\n<tbody data-start=\"5193\" data-end=\"5755\">\n<tr data-start=\"5193\" data-end=\"5240\">\n<td data-start=\"5193\" data-end=\"5211\" data-col-size=\"sm\"><strong data-start=\"5195\" data-end=\"5210\">Nom du produit<\/strong><\/td>\n<td data-start=\"5211\" data-end=\"5240\" data-col-size=\"md\">Granul\u00e9s Newphoria 2\/3-FEA<\/td>\n<\/tr>\n<tr data-start=\"5241\" data-end=\"5324\">\n<td data-start=\"5241\" data-end=\"5271\" data-col-size=\"sm\"><strong data-start=\"5243\" data-end=\"5270\">Composition chimique<\/strong><\/td>\n<td data-start=\"5271\" data-end=\"5324\" data-col-size=\"md\">2-fluoro\u00e9thylamph\u00e9tamine et 3-fluoro\u00e9thylamph\u00e9tamine<\/td>\n<\/tr>\n<tr data-start=\"5325\" data-end=\"5370\">\n<td data-start=\"5325\" data-end=\"5342\" data-col-size=\"sm\"><strong data-start=\"5327\" data-end=\"5341\">Dosages<\/strong><\/td>\n<td data-start=\"5342\" data-end=\"5370\" data-col-size=\"md\">35 mg ou 100 mg par pastille<\/td>\n<\/tr>\n<tr data-start=\"5371\" data-end=\"5407\">\n<td data-start=\"5371\" data-end=\"5395\" data-col-size=\"sm\"><strong data-start=\"5373\" data-end=\"5394\">Formule chimique<\/strong><\/td>\n<td data-start=\"5395\" data-end=\"5407\" data-col-size=\"md\">C\u2081\u2081H\u2081\u2086FN<\/td>\n<\/tr>\n<tr data-start=\"5408\" data-end=\"5446\">\n<td data-start=\"5408\" data-end=\"5430\" data-col-size=\"sm\"><strong data-start=\"5410\" data-end=\"5429\">Poids mol\u00e9culaire<\/strong><\/td>\n<td data-start=\"5430\" data-end=\"5446\" data-col-size=\"md\">181,25 g\/mol<\/td>\n<\/tr>\n<tr data-start=\"5447\" data-end=\"5494\">\n<td data-start=\"5447\" data-end=\"5458\" data-col-size=\"sm\"><strong data-start=\"5449\" data-end=\"5457\">Formulaire<\/strong><\/td>\n<td data-start=\"5458\" data-end=\"5494\" data-col-size=\"md\">Granul\u00e9 solide (blister)<\/td>\n<\/tr>\n<tr data-start=\"5495\" data-end=\"5546\">\n<td data-start=\"5495\" data-end=\"5512\" data-col-size=\"sm\"><strong data-start=\"5497\" data-end=\"5511\">Puret\u00e9<\/strong><\/td>\n<td data-start=\"5512\" data-end=\"5546\" data-col-size=\"md\">\u2265 98% (test\u00e9 par HPLC et RMN)<\/td>\n<\/tr>\n<tr data-start=\"5547\" data-end=\"5613\">\n<td data-start=\"5547\" data-end=\"5570\" data-col-size=\"sm\"><strong data-start=\"5549\" data-end=\"5569\">Classe chimique<\/strong><\/td>\n<td data-start=\"5570\" data-end=\"5613\" data-col-size=\"md\">Analogue de la fluoromph\u00e9tamine \/ ph\u00e9n\u00e9thylamine<\/td>\n<\/tr>\n<tr data-start=\"5614\" data-end=\"5693\">\n<td data-start=\"5614\" data-end=\"5628\" data-col-size=\"sm\"><strong data-start=\"5616\" data-end=\"5627\">Usage<\/strong><\/td>\n<td data-start=\"5628\" data-end=\"5693\" data-col-size=\"md\">Pour la recherche analytique, m\u00e9dico-l\u00e9gale et neurochimique uniquement<\/td>\n<\/tr>\n<tr data-start=\"5694\" data-end=\"5755\">\n<td data-start=\"5694\" data-end=\"5711\" data-col-size=\"sm\"><strong data-start=\"5696\" data-end=\"5710\">Conditionnement<\/strong><\/td>\n<td data-start=\"5711\" data-end=\"5755\" data-col-size=\"md\">Plaquette alv\u00e9ol\u00e9e avec joint d&#039;\u00e9tanch\u00e9it\u00e9<\/td>\n<\/tr>\n<\/tbody>\n<\/table>\n<\/div>\n<\/div>\n<hr data-start=\"5757\" data-end=\"5760\" \/>\n<h3 data-start=\"5762\" data-end=\"5779\"><strong data-start=\"5766\" data-end=\"5779\">Avantages<\/strong><\/h3>\n<ul data-start=\"5781\" data-end=\"6184\">\n<li data-start=\"5781\" data-end=\"5866\">\n<p data-start=\"5783\" data-end=\"5866\"><strong data-start=\"5783\" data-end=\"5812\">Formule de double recherche<\/strong> \u2013 Comprend 2-FEA et 3-FEA pour la recherche comparative.<\/p>\n<\/li>\n<li data-start=\"5867\" data-end=\"5949\">\n<p data-start=\"5869\" data-end=\"5949\"><strong data-start=\"5869\" data-end=\"5888\">Haute puret\u00e9<\/strong> \u2013 Qualit\u00e9 laboratoire \u2265 98% pour des r\u00e9sultats fiables.<\/p>\n<\/li>\n<li data-start=\"5950\" data-end=\"6028\">\n<p data-start=\"5952\" data-end=\"6028\"><strong data-start=\"5952\" data-end=\"5971\">Deux doses<\/strong> \u2013 Disponible en 35 mg et 100 mg pour une utilisation flexible.<\/p>\n<\/li>\n<li data-start=\"6029\" data-end=\"6115\">\n<p data-start=\"6031\" data-end=\"6115\"><strong data-start=\"6031\" data-end=\"6056\">Emballage de protection<\/strong> \u2013 L\u2019emballage sous blister emp\u00eache la d\u00e9gradation et la contamination.<\/p>\n<\/li>\n<li data-start=\"6116\" data-end=\"6184\">\n<p data-start=\"6118\" data-end=\"6184\"><strong data-start=\"6118\" data-end=\"6146\">Production contr\u00f4l\u00e9e<\/strong> \u2013 Chaque lot test\u00e9 et tra\u00e7able.<\/p>\n<\/li>\n<\/ul>\n<hr data-start=\"6186\" data-end=\"6189\" \/>\n<h3 data-start=\"6191\" data-end=\"6243\"><strong data-start=\"6195\" data-end=\"6241\">Utilisation (\u00e0 des fins de recherche uniquement)<\/strong><\/h3>\n<ol data-start=\"6245\" data-end=\"6588\">\n<li data-start=\"6245\" data-end=\"6314\">\n<p data-start=\"6248\" data-end=\"6314\"><strong data-start=\"6248\" data-end=\"6263\">Manutention:<\/strong> Portez des gants, des lunettes de s\u00e9curit\u00e9 et une blouse de laboratoire.<\/p>\n<\/li>\n<li data-start=\"6315\" data-end=\"6386\">\n<p data-start=\"6318\" data-end=\"6386\"><strong data-start=\"6318\" data-end=\"6331\">Mesures:<\/strong> Chaque pastille est pes\u00e9e avec pr\u00e9cision (35 mg ou 100 mg). 2 fea\u200b<\/p>\n<\/li>\n<li data-start=\"6387\" data-end=\"6465\">\n<p data-start=\"6390\" data-end=\"6465\"><strong data-start=\"6390\" data-end=\"6401\">Stockage:<\/strong> Conserver au frais (2\u20138\u00b0C), au sec et \u00e0 l\u2019abri de la lumi\u00e8re, dans son emballage d\u2019origine.<\/p>\n<\/li>\n<li data-start=\"6466\" data-end=\"6525\">\n<p data-start=\"6469\" data-end=\"6525\"><strong data-start=\"6469\" data-end=\"6481\">Analyse:<\/strong> Convient pour GC\/MS, LC-MS, FTIR et HPLC.<\/p>\n<\/li>\n<li data-start=\"6526\" data-end=\"6588\">\n<p data-start=\"6529\" data-end=\"6588\"><strong data-start=\"6529\" data-end=\"6546\">Documentation:<\/strong> Enregistrer les num\u00e9ros de lot et les m\u00e9thodes d\u2019analyse.<\/p>\n<\/li>\n<\/ol>\n<hr data-start=\"6590\" data-end=\"6593\" \/>\n<h3 data-start=\"6595\" data-end=\"6630\"><strong data-start=\"6599\" data-end=\"6628\">Foire aux questions (FAQ)<\/strong><\/h3>\n<p data-start=\"6632\" data-end=\"6773\"><strong data-start=\"6632\" data-end=\"6664\">1. Qu&#039;est-ce que Newphoria 2\/3-FEA ?<\/strong><br data-start=\"6664\" data-end=\"6667\" \/>UN <strong data-start=\"6671\" data-end=\"6690\">m\u00e9lange de recherche<\/strong> par <strong data-start=\"6695\" data-end=\"6713\">2-FEA et 3-FEA<\/strong>, d\u00e9velopp\u00e9 pour des applications analytiques et m\u00e9dico-l\u00e9gales.<\/p>\n<p data-start=\"6775\" data-end=\"6890\"><strong data-start=\"6775\" data-end=\"6807\">2. Quels sont les dosages disponibles ?<\/strong><br data-start=\"6807\" data-end=\"6810\" \/>Disponible en <strong data-start=\"6826\" data-end=\"6843\">35 mg ou 100 mg<\/strong> par pastille avec une puret\u00e9 de <strong data-start=\"6878\" data-end=\"6887\">\u2265 98%<\/strong>.<\/p>\n<p data-start=\"6892\" data-end=\"7092\"><strong data-start=\"6892\" data-end=\"6943\">3. Est-il l\u00e9gal d&#039;acheter du Newphoria 2\/3-FEA ?<\/strong><br data-start=\"6943\" data-end=\"6946\" \/>Le <strong data-start=\"6949\" data-end=\"6993\">l\u00e9galit\u00e9 des analogues des fluoroamph\u00e9tamines<\/strong> varie selon les pays. Veuillez toujours v\u00e9rifier la r\u00e9glementation locale avant utilisation. <strong data-start=\"7062\" data-end=\"7089\">Newphoria 2\/3-FEA ach\u00e8te<\/strong>.<\/p>","protected":false},"excerpt":{"rendered":"<p>Pr\u00e9sentation des granul\u00e9s Newphoria 2\/3-FEA 35 mg \/ 100 mg contenant une combinaison pr\u00e9cise de 2-FEA (2-fluoro\u00e9thylamph\u00e9tamine) et de 3-FEA (3-fluoro\u00e9thylamph\u00e9tamine) \u2014 deux compos\u00e9s fluor\u00e9s substitu\u00e9s<\/p>","protected":false},"featured_media":21479,"comment_status":"closed","ping_status":"closed","template":"","meta":[],"product_brand":[82],"product_cat":[437,439,438,440,322,333,324],"product_tag":[655,840,842,839,326],"class_list":{"0":"post-24365","1":"product","2":"type-product","3":"status-publish","4":"has-post-thumbnail","6":"product_brand-research-chemical","7":"product_cat-2-fea","8":"product_cat-2-fea-pellets","9":"product_cat-3-fea","10":"product_cat-3-fea-pellets","11":"product_cat-bijna-verboden","12":"product_cat-gefluoreerden","13":"product_cat-pellets-for-pellet","14":"product_tag-2-fea","15":"product_tag-2-fea-3-fea-research-chemical","16":"product_tag-newphoria-35mg-pellets","17":"product_tag-newphoria-pellets","18":"product_tag-nl","20":"first","21":"instock","22":"taxable","23":"shipping-taxable","24":"purchasable","25":"product-type-variable"},"_links":{"self":[{"href":"https:\/\/researchchemicalhub.com\/fr_be\/wp-json\/wp\/v2\/product\/24365","targetHints":{"allow":["GET"]}}],"collection":[{"href":"https:\/\/researchchemicalhub.com\/fr_be\/wp-json\/wp\/v2\/product"}],"about":[{"href":"https:\/\/researchchemicalhub.com\/fr_be\/wp-json\/wp\/v2\/types\/product"}],"replies":[{"embeddable":true,"href":"https:\/\/researchchemicalhub.com\/fr_be\/wp-json\/wp\/v2\/comments?post=24365"}],"version-history":[{"count":6,"href":"https:\/\/researchchemicalhub.com\/fr_be\/wp-json\/wp\/v2\/product\/24365\/revisions"}],"predecessor-version":[{"id":27799,"href":"https:\/\/researchchemicalhub.com\/fr_be\/wp-json\/wp\/v2\/product\/24365\/revisions\/27799"}],"wp:featuredmedia":[{"embeddable":true,"href":"https:\/\/researchchemicalhub.com\/fr_be\/wp-json\/wp\/v2\/media\/21479"}],"wp:attachment":[{"href":"https:\/\/researchchemicalhub.com\/fr_be\/wp-json\/wp\/v2\/media?parent=24365"}],"wp:term":[{"taxonomy":"product_brand","embeddable":true,"href":"https:\/\/researchchemicalhub.com\/fr_be\/wp-json\/wp\/v2\/product_brand?post=24365"},{"taxonomy":"product_cat","embeddable":true,"href":"https:\/\/researchchemicalhub.com\/fr_be\/wp-json\/wp\/v2\/product_cat?post=24365"},{"taxonomy":"product_tag","embeddable":true,"href":"https:\/\/researchchemicalhub.com\/fr_be\/wp-json\/wp\/v2\/product_tag?post=24365"}],"curies":[{"name":"wp","href":"https:\/\/api.w.org\/{rel}","templated":true}]}}