{"id":24277,"date":"2025-04-13T17:41:22","date_gmt":"2025-04-13T17:41:22","guid":{"rendered":"https:\/\/researchchemicalhub.com\/?post_type=product&#038;p=24277"},"modified":"2025-10-29T08:52:48","modified_gmt":"2025-10-29T08:52:48","slug":"flubrotizolam-05-mg","status":"publish","type":"product","link":"https:\/\/researchchemicalhub.com\/fr_be\/shop\/benzodiazepinen\/flubrotizolam-05-mg\/","title":{"rendered":"Granul\u00e9s de flubrotizolam 0,5 mg"},"content":{"rendered":"<p data-start=\"5386\" data-end=\"5642\"><strong data-start=\"5386\" data-end=\"5418\">Granul\u00e9s de flubrotizolam 0,5 mg<\/strong> sont <strong data-start=\"5424\" data-end=\"5469\">produits chimiques de recherche de haute puret\u00e9<\/strong>, destin\u00e9 \u00e0 la recherche toxicologique et pharmacologique. Chaque pastille contient <strong data-start=\"5545\" data-end=\"5576\">0,5 milligramme de flubrotizolam<\/strong> et est soigneusement pes\u00e9 pour des r\u00e9sultats de recherche fiables. flubrotizolam<\/p>\n<p data-start=\"5644\" data-end=\"5761\">\u26a0\ufe0f <strong data-start=\"5647\" data-end=\"5658\">NB:<\/strong> Ce produit est destin\u00e9 uniquement \u00e0 <em data-start=\"5699\" data-end=\"5721\">\u00e0 des fins de recherche<\/em> et <strong data-start=\"5725\" data-end=\"5760\">non destin\u00e9 \u00e0 la consommation humaine<\/strong>.<\/p>\n<hr data-start=\"5763\" data-end=\"5766\" \/>\n<h2 data-start=\"5768\" data-end=\"5798\"><strong data-start=\"5771\" data-end=\"5798\">Caract\u00e9ristiques principales<\/strong><\/h2>\n<ul data-start=\"5800\" data-end=\"6145\">\n<li data-start=\"5800\" data-end=\"5864\">\n<p data-start=\"5802\" data-end=\"5864\"><strong data-start=\"5802\" data-end=\"5821\">Haute puret\u00e9<\/strong> pour des performances de laboratoire constantes.<\/p>\n<\/li>\n<li data-start=\"5865\" data-end=\"5946\">\n<p data-start=\"5867\" data-end=\"5946\"><strong data-start=\"5867\" data-end=\"5891\">Dosage pr\u00e9cis<\/strong>: 0,5 mg par pastille pour des exp\u00e9riences contr\u00f4l\u00e9es.<\/p>\n<\/li>\n<li data-start=\"5947\" data-end=\"6015\">\n<p data-start=\"5949\" data-end=\"6015\"><strong data-start=\"5949\" data-end=\"5974\">Qualit\u00e9 analytique<\/strong>, adapt\u00e9 aux \u00e9tudes LC-MS et GC-MS.<\/p>\n<\/li>\n<li data-start=\"6016\" data-end=\"6086\">\n<p data-start=\"6018\" data-end=\"6086\"><strong data-start=\"6018\" data-end=\"6040\">Emballage s\u00fbr<\/strong>:scell\u00e9 et prot\u00e9g\u00e9 de toute contamination.<\/p>\n<\/li>\n<li data-start=\"6087\" data-end=\"6145\">\n<p data-start=\"6089\" data-end=\"6145\"><strong data-start=\"6089\" data-end=\"6115\">Conform\u00e9ment \u00e0 la r\u00e9glementation de l&#039;UE<\/strong> pour les produits chimiques de recherche.<\/p>\n<\/li>\n<\/ul>\n<hr data-start=\"6147\" data-end=\"6150\" \/>\n<h2 data-start=\"6152\" data-end=\"6186\"><strong data-start=\"6155\" data-end=\"6186\">Avantages pour les chercheurs<\/strong><\/h2>\n<ul data-start=\"6188\" data-end=\"6478\">\n<li data-start=\"6188\" data-end=\"6246\">\n<p data-start=\"6190\" data-end=\"6246\">Soutient <strong data-start=\"6202\" data-end=\"6243\">recherche toxicologique et analytique<\/strong>.<\/p>\n<\/li>\n<li data-start=\"6247\" data-end=\"6325\">\n<p data-start=\"6249\" data-end=\"6325\">Convient pour <strong data-start=\"6263\" data-end=\"6286\">recherche de r\u00e9f\u00e9rence<\/strong> vers de nouveaux analogues des benzodiaz\u00e9pines.<\/p>\n<\/li>\n<li data-start=\"6326\" data-end=\"6413\">\n<p data-start=\"6328\" data-end=\"6413\">Favorise <strong data-start=\"6338\" data-end=\"6369\">validation scientifique<\/strong> dans des environnements de laboratoire contr\u00f4l\u00e9s.<\/p>\n<\/li>\n<li data-start=\"6414\" data-end=\"6478\">\n<p data-start=\"6416\" data-end=\"6478\">Aide avec <strong data-start=\"6426\" data-end=\"6450\">d\u00e9veloppement de m\u00e9thodes<\/strong> pour analyse m\u00e9dico-l\u00e9gale. flubrotizolam<\/p>\n<\/li>\n<\/ul>\n<hr data-start=\"6480\" data-end=\"6483\" \/>\n<h2 data-start=\"6485\" data-end=\"6519\"><strong data-start=\"6488\" data-end=\"6519\">Utilisation (Contexte de recherche)<\/strong><\/h2>\n<ol data-start=\"6521\" data-end=\"6700\">\n<li data-start=\"6521\" data-end=\"6550\">\n<p data-start=\"6524\" data-end=\"6550\">Portez un EPI de laboratoire standard.<\/p>\n<\/li>\n<li data-start=\"6551\" data-end=\"6601\">\n<p data-start=\"6554\" data-end=\"6601\">Mesurez soigneusement avec un \u00e9quipement calibr\u00e9.<\/p>\n<\/li>\n<li data-start=\"6602\" data-end=\"6649\">\n<p data-start=\"6605\" data-end=\"6649\">Conserver dans un endroit frais et sec, \u00e0 l&#039;abri de la lumi\u00e8re directe du soleil.<\/p>\n<\/li>\n<li data-start=\"6650\" data-end=\"6700\">\n<p data-start=\"6653\" data-end=\"6700\">\u00c9liminer conform\u00e9ment aux directives locales en mati\u00e8re de d\u00e9chets.<\/p>\n<\/li>\n<\/ol>\n<blockquote data-start=\"6702\" data-end=\"6796\">\n<p data-start=\"6704\" data-end=\"6796\"><strong data-start=\"6704\" data-end=\"6719\">Important:<\/strong> <em data-start=\"6720\" data-end=\"6750\">Granul\u00e9s de flubrotizolam 0,5 mg<\/em> sont <strong data-start=\"6756\" data-end=\"6795\">non destin\u00e9 \u00e0 l&#039;usage humain<\/strong>.<\/p>\n<\/blockquote>\n<hr data-start=\"6798\" data-end=\"6801\" \/>\n<h2 data-start=\"6803\" data-end=\"6874\"><strong data-start=\"6806\" data-end=\"6874\">Acheter des granul\u00e9s de flubrotizolam 0,5 mg (pour les institutions de recherche)<\/strong><\/h2>\n<p data-start=\"6876\" data-end=\"7031\">Seulement <strong data-start=\"6883\" data-end=\"6925\">institutions de recherche certifi\u00e9es<\/strong> avec les permis appropri\u00e9s peuvent <strong data-start=\"6959\" data-end=\"6997\">Acheter des granul\u00e9s de flubrotizolam 0,5 mg<\/strong>L&#039;usage priv\u00e9 est interdit.<\/p>\n<hr data-start=\"7033\" data-end=\"7036\" \/>\n<h2 data-start=\"7038\" data-end=\"7072\"><strong data-start=\"7041\" data-end=\"7072\">Foire aux questions (FAQ)<\/strong><\/h2>\n<h3 data-start=\"7074\" data-end=\"7139\"><strong data-start=\"7078\" data-end=\"7139\">1. \u00c0 quoi servent les granul\u00e9s de Flubrotizolam 0,5 MG ?<\/strong><\/h3>\n<p data-start=\"7140\" data-end=\"7243\">Ces granul\u00e9s sont utilis\u00e9s pour <strong data-start=\"7174\" data-end=\"7212\">recherche m\u00e9dico-l\u00e9gale et analytique<\/strong> aux thi\u00e9notriazolodiaz\u00e9pines.<\/p>\n<hr data-start=\"7245\" data-end=\"7248\" \/>\n<h3 data-start=\"7250\" data-end=\"7313\"><strong data-start=\"7254\" data-end=\"7313\">2. Ces granul\u00e9s sont-ils sans danger pour la consommation humaine ?<\/strong><\/h3>\n<p data-start=\"7314\" data-end=\"7416\">Non. Ces granul\u00e9s sont <strong data-start=\"7337\" data-end=\"7375\">destin\u00e9 \u00e0 des fins de recherche uniquement<\/strong> et ne convient pas \u00e0 l&#039;usage humain.<\/p>\n<hr data-start=\"7418\" data-end=\"7421\" \/>\n<h3 data-start=\"7423\" data-end=\"7489\"><strong data-start=\"7427\" data-end=\"7489\">3. Puis-je acheter des granul\u00e9s de Flubrotizolam 0,5 MG aux Pays-Bas\u00a0?<\/strong><\/h3>\n<p data-start=\"7490\" data-end=\"7611\">Seulement <strong data-start=\"7497\" data-end=\"7531\">institutions de recherche reconnues<\/strong> avec un permis, on peut acheter ce produit \u00e0 des fins scientifiques.<\/p>","protected":false},"excerpt":{"rendered":"<p>Les granul\u00e9s de flubrotizolam 0,5 mg sont des produits chimiques de haute puret\u00e9 destin\u00e9s \u00e0 la recherche toxicologique et pharmacologique. Chaque granul\u00e9 contient 0,5 milligramme.<\/p>","protected":false},"featured_media":28528,"comment_status":"closed","ping_status":"closed","template":"","meta":[],"product_brand":[82],"product_cat":[76,476,477,324],"product_tag":[150,153,154,151,152,155,326],"class_list":{"0":"post-24277","1":"product","2":"type-product","3":"status-publish","4":"has-post-thumbnail","6":"product_brand-research-chemical","7":"product_cat-benzodiazepinen","8":"product_cat-flubrotizolam","9":"product_cat-flubrotizolam-pellets","10":"product_cat-pellets-for-pellet","11":"product_tag-flubrotizolam","12":"product_tag-flubrotizolam-dosage","13":"product_tag-flubrotizolam-ervaring","14":"product_tag-flubrotizolam-half-life","15":"product_tag-flubrotizolam-werking","16":"product_tag-flunitrazolam-bijwerkingen","17":"product_tag-nl","19":"first","20":"instock","21":"taxable","22":"shipping-taxable","23":"purchasable","24":"product-type-variable"},"_links":{"self":[{"href":"https:\/\/researchchemicalhub.com\/fr_be\/wp-json\/wp\/v2\/product\/24277","targetHints":{"allow":["GET"]}}],"collection":[{"href":"https:\/\/researchchemicalhub.com\/fr_be\/wp-json\/wp\/v2\/product"}],"about":[{"href":"https:\/\/researchchemicalhub.com\/fr_be\/wp-json\/wp\/v2\/types\/product"}],"replies":[{"embeddable":true,"href":"https:\/\/researchchemicalhub.com\/fr_be\/wp-json\/wp\/v2\/comments?post=24277"}],"version-history":[{"count":4,"href":"https:\/\/researchchemicalhub.com\/fr_be\/wp-json\/wp\/v2\/product\/24277\/revisions"}],"predecessor-version":[{"id":27817,"href":"https:\/\/researchchemicalhub.com\/fr_be\/wp-json\/wp\/v2\/product\/24277\/revisions\/27817"}],"wp:featuredmedia":[{"embeddable":true,"href":"https:\/\/researchchemicalhub.com\/fr_be\/wp-json\/wp\/v2\/media\/28528"}],"wp:attachment":[{"href":"https:\/\/researchchemicalhub.com\/fr_be\/wp-json\/wp\/v2\/media?parent=24277"}],"wp:term":[{"taxonomy":"product_brand","embeddable":true,"href":"https:\/\/researchchemicalhub.com\/fr_be\/wp-json\/wp\/v2\/product_brand?post=24277"},{"taxonomy":"product_cat","embeddable":true,"href":"https:\/\/researchchemicalhub.com\/fr_be\/wp-json\/wp\/v2\/product_cat?post=24277"},{"taxonomy":"product_tag","embeddable":true,"href":"https:\/\/researchchemicalhub.com\/fr_be\/wp-json\/wp\/v2\/product_tag?post=24277"}],"curies":[{"name":"wp","href":"https:\/\/api.w.org\/{rel}","templated":true}]}}