{"id":24265,"date":"2025-04-13T17:41:21","date_gmt":"2025-04-13T17:41:21","guid":{"rendered":"https:\/\/researchchemicalhub.com\/?post_type=product&#038;p=24265"},"modified":"2025-10-12T19:33:01","modified_gmt":"2025-10-12T19:33:01","slug":"metocine-4-ho-met","status":"publish","type":"product","link":"https:\/\/researchchemicalhub.com\/fr_be\/boutique\/b2b\/metocine-4-ho-met\/","title":{"rendered":"RC+ Metocin sachet 3 granules"},"content":{"rendered":"<h2 data-start=\"3774\" data-end=\"3800\"><strong data-start=\"3777\" data-end=\"3800\">Description du produit<\/strong><\/h2>\n<p data-start=\"3802\" data-end=\"4116\"><strong data-start=\"3802\" data-end=\"3833\">RC+ Metocin sachet 3 granules<\/strong> est un <strong data-start=\"3841\" data-end=\"3878\">mat\u00e9riel de recherche de haute qualit\u00e9<\/strong>, d\u00e9velopp\u00e9 pour \u00eatre utilis\u00e9 dans les laboratoires d&#039;analyse, de toxicologie et de m\u00e9decine l\u00e9gale.<br data-start=\"3962\" data-end=\"3965\" \/>Chaque paquet contient <strong data-start=\"3987\" data-end=\"4025\">trois granul\u00e9s soigneusement dos\u00e9s<\/strong>, produit sous un contr\u00f4le de qualit\u00e9 strict pour une puret\u00e9 et une coh\u00e9rence maximales. m\u00e9tocine 4-ho-met<\/p>\n<p data-start=\"4118\" data-end=\"4290\"><strong data-start=\"4118\" data-end=\"4129\">M\u00e9tocine<\/strong>, une partie de la <strong data-start=\"4148\" data-end=\"4161\">S\u00e9rie RC+<\/strong>, soutient la recherche sur <strong data-start=\"4190\" data-end=\"4213\">analogues de la tryptamine<\/strong> et sert de substance de r\u00e9f\u00e9rence fiable pour les applications scientifiques.<\/p>\n<p data-start=\"4292\" data-end=\"4428\">\u26a0\ufe0f <strong data-start=\"4295\" data-end=\"4306\">NB:<\/strong> Ce produit est <strong data-start=\"4322\" data-end=\"4371\">destin\u00e9 \u00e0 des fins de recherche uniquement<\/strong> et <strong data-start=\"4375\" data-end=\"4427\">ne convient pas \u00e0 l&#039;usage humain ou animal<\/strong>.<\/p>\n<hr data-start=\"4430\" data-end=\"4433\" \/>\n<h2 data-start=\"4435\" data-end=\"4465\"><strong data-start=\"4438\" data-end=\"4465\">Caract\u00e9ristiques principales<\/strong><\/h2>\n<ul data-start=\"4467\" data-end=\"4883\">\n<li data-start=\"4467\" data-end=\"4533\">\n<p data-start=\"4469\" data-end=\"4533\"><strong data-start=\"4469\" data-end=\"4489\">Haute puret\u00e9 :<\/strong> Conforme aux normes de qualit\u00e9 du laboratoire.<\/p>\n<\/li>\n<li data-start=\"4534\" data-end=\"4624\">\n<p data-start=\"4536\" data-end=\"4624\"><strong data-start=\"4536\" data-end=\"4568\">Posologie standardis\u00e9e :<\/strong> Trois granul\u00e9s par sac avec une composition uniforme.<\/p>\n<\/li>\n<li data-start=\"4625\" data-end=\"4713\">\n<p data-start=\"4627\" data-end=\"4713\"><strong data-start=\"4627\" data-end=\"4654\">Stable et fiable :<\/strong> Con\u00e7u pour le stockage \u00e0 long terme et la reproductibilit\u00e9.<\/p>\n<\/li>\n<li data-start=\"4714\" data-end=\"4797\">\n<p data-start=\"4716\" data-end=\"4797\"><strong data-start=\"4716\" data-end=\"4739\">Emballage s\u00fbr :<\/strong> \u00c9tanche \u00e0 l&#039;air et r\u00e9sistant \u00e0 l&#039;humidit\u00e9 pour une int\u00e9grit\u00e9 maximale.<\/p>\n<\/li>\n<li data-start=\"4798\" data-end=\"4883\">\n<p data-start=\"4800\" data-end=\"4883\"><strong data-start=\"4800\" data-end=\"4827\">Conform\u00e9ment \u00e0 la r\u00e9glementation de l&#039;UE :<\/strong> Produit conform\u00e9ment aux directives de s\u00e9curit\u00e9 europ\u00e9ennes. m\u00e9tocine 4-ho-met<\/p>\n<\/li>\n<\/ul>\n<hr data-start=\"4885\" data-end=\"4888\" \/>\n<h2 data-start=\"4890\" data-end=\"4924\"><strong data-start=\"4893\" data-end=\"4924\">Avantages pour les chercheurs<\/strong><\/h2>\n<ul data-start=\"4926\" data-end=\"5206\">\n<li data-start=\"4926\" data-end=\"4998\">\n<p data-start=\"4928\" data-end=\"4998\">Convient pour <strong data-start=\"4942\" data-end=\"4995\">recherche analytique, m\u00e9dico-l\u00e9gale et toxicologique<\/strong>.<\/p>\n<\/li>\n<li data-start=\"4999\" data-end=\"5071\">\n<p data-start=\"5001\" data-end=\"5071\">Soutient <strong data-start=\"5013\" data-end=\"5042\">analyses spectroscopiques<\/strong> tels que LC-MS, GC-MS et RMN.<\/p>\n<\/li>\n<li data-start=\"5072\" data-end=\"5134\">\n<p data-start=\"5074\" data-end=\"5134\">Aide avec <strong data-start=\"5084\" data-end=\"5114\">identification et validation<\/strong> de connexions.<\/p>\n<\/li>\n<li data-start=\"5135\" data-end=\"5206\">\n<p data-start=\"5137\" data-end=\"5206\">Offres <strong data-start=\"5143\" data-end=\"5177\">\u00e9chantillons de r\u00e9f\u00e9rence fiables<\/strong> \u00e0 des fins de recherche.<\/p>\n<\/li>\n<\/ul>\n<hr data-start=\"5208\" data-end=\"5211\" \/>\n<h2 data-start=\"5213\" data-end=\"5247\"><strong data-start=\"5216\" data-end=\"5247\">Utilisation (Contexte de recherche)<\/strong><\/h2>\n<ol data-start=\"5249\" data-end=\"5453\">\n<li data-start=\"5249\" data-end=\"5294\">\n<p data-start=\"5252\" data-end=\"5294\">Utiliser uniquement dans des laboratoires accr\u00e9dit\u00e9s.<\/p>\n<\/li>\n<li data-start=\"5295\" data-end=\"5355\">\n<p data-start=\"5298\" data-end=\"5355\">Portez des gants, des lunettes de s\u00e9curit\u00e9 et une blouse de laboratoire.<\/p>\n<\/li>\n<li data-start=\"5356\" data-end=\"5403\">\n<p data-start=\"5359\" data-end=\"5403\">Conserver au frais, au sec et \u00e0 l&#039;abri de la lumi\u00e8re (moins de 25\u00b0C).<\/p>\n<\/li>\n<li data-start=\"5404\" data-end=\"5453\">\n<p data-start=\"5407\" data-end=\"5453\">\u00c9liminer les r\u00e9sidus conform\u00e9ment \u00e0 la r\u00e9glementation locale.<\/p>\n<\/li>\n<\/ol>\n<blockquote data-start=\"5455\" data-end=\"5552\">\n<p data-start=\"5457\" data-end=\"5552\"><strong data-start=\"5457\" data-end=\"5468\">NB:<\/strong> <em data-start=\"5469\" data-end=\"5498\">RC+ Metocin sachet 3 granules<\/em> est <strong data-start=\"5502\" data-end=\"5551\">destin\u00e9 \u00e0 des fins de recherche uniquement<\/strong>.<\/p>\n<\/blockquote>\n<hr data-start=\"5554\" data-end=\"5557\" \/>\n<h2 data-start=\"5559\" data-end=\"5593\"><strong data-start=\"5562\" data-end=\"5593\">Foire aux questions (FAQ)<\/strong><\/h2>\n<p data-start=\"5595\" data-end=\"5743\"><strong data-start=\"5595\" data-end=\"5638\">1. \u00c0 quoi sert RC+ Metocin ?<\/strong><br data-start=\"5638\" data-end=\"5641\" \/>RC+ M\u00e9tocine est utilis\u00e9 pour <strong data-start=\"5673\" data-end=\"5714\">recherche analytique et toxicologique<\/strong> aux compos\u00e9s tryptaminiques.<\/p>\n<p data-start=\"5745\" data-end=\"5859\"><strong data-start=\"5745\" data-end=\"5784\">2. Combien de granul\u00e9s contient un sac ?<\/strong><br data-start=\"5784\" data-end=\"5787\" \/>Chaque sac contient <strong data-start=\"5803\" data-end=\"5835\">3 pastilles standardis\u00e9es<\/strong> d&#039;\u00e9gale puret\u00e9.<\/p>\n<p data-start=\"5861\" data-end=\"6014\"><strong data-start=\"5861\" data-end=\"5909\">3. Puis-je acheter RC+ Metocin en tant que particulier ?<\/strong><br data-start=\"5909\" data-end=\"5912\" \/>Non, seulement <strong data-start=\"5924\" data-end=\"5958\">institutions de recherche reconnues<\/strong> avec le permis appropri\u00e9 peut acheter ce produit.<\/p>","protected":false},"excerpt":{"rendered":"<p>Num\u00e9ro CAS : 77872-41-4<br \/>\nFormule : C13H18N2O<br \/>\nMasse molaire : 218,3 g\/mol<br \/>\nPuret\u00e9 : \u226598%<\/p>","protected":false},"featured_media":21348,"comment_status":"closed","ping_status":"closed","template":"","meta":[],"product_brand":[82],"product_cat":[555],"product_tag":[858,857,871,636,673,635,870,326],"class_list":{"0":"post-24265","1":"product","2":"type-product","3":"status-publish","4":"has-post-thumbnail","6":"product_brand-research-chemical","7":"product_cat-b2b","8":"product_tag-4-acetoxy-met","9":"product_tag-4-ho-met-psychonaut","10":"product_tag-methylcybin","11":"product_tag-metocin","12":"product_tag-metocin-4-ho-met","13":"product_tag-metocin-kopen","14":"product_tag-metocin-tablet","15":"product_tag-nl","17":"first","18":"instock","19":"taxable","20":"shipping-taxable","21":"purchasable","22":"product-type-variable"},"_links":{"self":[{"href":"https:\/\/researchchemicalhub.com\/fr_be\/wp-json\/wp\/v2\/product\/24265","targetHints":{"allow":["GET"]}}],"collection":[{"href":"https:\/\/researchchemicalhub.com\/fr_be\/wp-json\/wp\/v2\/product"}],"about":[{"href":"https:\/\/researchchemicalhub.com\/fr_be\/wp-json\/wp\/v2\/types\/product"}],"replies":[{"embeddable":true,"href":"https:\/\/researchchemicalhub.com\/fr_be\/wp-json\/wp\/v2\/comments?post=24265"}],"version-history":[{"count":4,"href":"https:\/\/researchchemicalhub.com\/fr_be\/wp-json\/wp\/v2\/product\/24265\/revisions"}],"predecessor-version":[{"id":27822,"href":"https:\/\/researchchemicalhub.com\/fr_be\/wp-json\/wp\/v2\/product\/24265\/revisions\/27822"}],"wp:featuredmedia":[{"embeddable":true,"href":"https:\/\/researchchemicalhub.com\/fr_be\/wp-json\/wp\/v2\/media\/21348"}],"wp:attachment":[{"href":"https:\/\/researchchemicalhub.com\/fr_be\/wp-json\/wp\/v2\/media?parent=24265"}],"wp:term":[{"taxonomy":"product_brand","embeddable":true,"href":"https:\/\/researchchemicalhub.com\/fr_be\/wp-json\/wp\/v2\/product_brand?post=24265"},{"taxonomy":"product_cat","embeddable":true,"href":"https:\/\/researchchemicalhub.com\/fr_be\/wp-json\/wp\/v2\/product_cat?post=24265"},{"taxonomy":"product_tag","embeddable":true,"href":"https:\/\/researchchemicalhub.com\/fr_be\/wp-json\/wp\/v2\/product_tag?post=24265"}],"curies":[{"name":"wp","href":"https:\/\/api.w.org\/{rel}","templated":true}]}}