{"id":24256,"date":"2025-04-13T17:41:21","date_gmt":"2025-04-13T17:41:21","guid":{"rendered":"https:\/\/researchchemicalhub.com\/?post_type=product&#038;p=24256"},"modified":"2025-10-12T19:19:28","modified_gmt":"2025-10-12T19:19:28","slug":"4-fma-kopen-2","status":"publish","type":"product","link":"https:\/\/researchchemicalhub.com\/fr_be\/shop\/b2b\/4-fma-kopen-2\/","title":{"rendered":"Sac RC+ MaXTC 3 plombs"},"content":{"rendered":"<h2 data-start=\"4878\" data-end=\"4904\"><strong data-start=\"4881\" data-end=\"4904\">Description du produit<\/strong><\/h2>\n<p data-start=\"4906\" data-end=\"5171\"><strong data-start=\"4906\" data-end=\"4935\">Sac RC+ MaXTC 3 plombs<\/strong> est un <strong data-start=\"4943\" data-end=\"4987\">mat\u00e9riel de recherche de qualit\u00e9 laboratoire<\/strong>D\u00e9velopp\u00e9 pour des applications analytiques, m\u00e9dico-l\u00e9gales et toxicologiques. Chaque emballage contient <strong data-start=\"5084\" data-end=\"5124\">trois pastilles soigneusement con\u00e7ues<\/strong> avec une composition et une puret\u00e9 constantes. Achetez 4 fma<\/p>\n<p data-start=\"5173\" data-end=\"5357\"><strong data-start=\"5173\" data-end=\"5186\">RC+ MaXTC<\/strong> est con\u00e7u pour <strong data-start=\"5205\" data-end=\"5235\">recherche scientifique<\/strong> et fournit aux chercheurs une substance stable et standardis\u00e9e pour l&#039;instrumentation analytique et l&#039;identification structurelle.<\/p>\n<p data-start=\"5359\" data-end=\"5490\">\u26a0\ufe0f <strong data-start=\"5362\" data-end=\"5377\">Important:<\/strong> Ce produit est <strong data-start=\"5393\" data-end=\"5442\">destin\u00e9 \u00e0 des fins de recherche uniquement<\/strong> et <strong data-start=\"5446\" data-end=\"5489\">non destin\u00e9 \u00e0 l&#039;usage humain ou animal<\/strong>.<\/p>\n<hr data-start=\"5492\" data-end=\"5495\" \/>\n<h2 data-start=\"5497\" data-end=\"5527\"><strong data-start=\"5500\" data-end=\"5527\">Caract\u00e9ristiques principales<\/strong><\/h2>\n<ul data-start=\"5529\" data-end=\"5938\">\n<li data-start=\"5529\" data-end=\"5610\">\n<p data-start=\"5531\" data-end=\"5610\"><strong data-start=\"5531\" data-end=\"5569\">Haute puret\u00e9 et fiabilit\u00e9<\/strong> pour des r\u00e9sultats de recherche coh\u00e9rents.<\/p>\n<\/li>\n<li data-start=\"5611\" data-end=\"5694\">\n<p data-start=\"5613\" data-end=\"5694\"><strong data-start=\"5613\" data-end=\"5643\">Granul\u00e9s standardis\u00e9s<\/strong> \u2013 facile \u00e0 manipuler et dos\u00e9 avec pr\u00e9cision.<\/p>\n<\/li>\n<li data-start=\"5695\" data-end=\"5780\">\n<p data-start=\"5697\" data-end=\"5780\"><strong data-start=\"5697\" data-end=\"5722\">Qualit\u00e9 analytique<\/strong> \u2013 adapt\u00e9 aux laboratoires m\u00e9dico-l\u00e9gaux et universitaires.<\/p>\n<\/li>\n<li data-start=\"5781\" data-end=\"5853\">\n<p data-start=\"5783\" data-end=\"5853\"><strong data-start=\"5783\" data-end=\"5805\">Emballage s\u00fbr<\/strong> \u2013 herm\u00e9tique et scell\u00e9 contre la contamination.<\/p>\n<\/li>\n<li data-start=\"5854\" data-end=\"5938\">\n<p data-start=\"5856\" data-end=\"5938\"><strong data-start=\"5856\" data-end=\"5882\">Conform\u00e9ment \u00e0 la r\u00e9glementation de l&#039;UE<\/strong> \u2013 produit conform\u00e9ment aux normes de s\u00e9curit\u00e9 applicables.<\/p>\n<\/li>\n<\/ul>\n<hr data-start=\"5940\" data-end=\"5943\" \/>\n<h2 data-start=\"5945\" data-end=\"5979\"><strong data-start=\"5948\" data-end=\"5979\">Avantages pour les chercheurs<\/strong><\/h2>\n<ul data-start=\"5981\" data-end=\"6286\">\n<li data-start=\"5981\" data-end=\"6052\">\n<p data-start=\"5983\" data-end=\"6052\">Convient pour <strong data-start=\"5997\" data-end=\"6030\">\u00e9tudes de r\u00e9f\u00e9rence analytiques<\/strong> de nouvelles substances.<\/p>\n<\/li>\n<li data-start=\"6053\" data-end=\"6129\">\n<p data-start=\"6055\" data-end=\"6129\">Soutient <strong data-start=\"6067\" data-end=\"6102\">validation et \u00e9talonnage des m\u00e9thodes<\/strong> dans les environnements de recherche.<\/p>\n<\/li>\n<li data-start=\"6130\" data-end=\"6199\">\n<p data-start=\"6132\" data-end=\"6199\">Aide avec <strong data-start=\"6142\" data-end=\"6169\">recherche toxicologique<\/strong> et <strong data-start=\"6173\" data-end=\"6196\">analyse structurelle<\/strong>.<\/p>\n<\/li>\n<li data-start=\"6200\" data-end=\"6286\">\n<p data-start=\"6202\" data-end=\"6286\">Favorise <strong data-start=\"6212\" data-end=\"6253\">recherche s\u00fbre et standardis\u00e9e<\/strong> avec une puret\u00e9 contr\u00f4l\u00e9e.<\/p>\n<\/li>\n<\/ul>\n<hr data-start=\"6288\" data-end=\"6291\" \/>\n<h2 data-start=\"6293\" data-end=\"6327\"><strong data-start=\"6296\" data-end=\"6327\">Utilisation (Contexte de recherche)<\/strong><\/h2>\n<ol data-start=\"6329\" data-end=\"6603\">\n<li data-start=\"6329\" data-end=\"6381\">\n<p data-start=\"6332\" data-end=\"6381\">Utiliser uniquement dans un laboratoire accr\u00e9dit\u00e9.<\/p>\n<\/li>\n<li data-start=\"6382\" data-end=\"6442\">\n<p data-start=\"6385\" data-end=\"6442\">Portez des gants, une blouse et des lunettes de s\u00e9curit\u00e9. Achetez 4 fma.<\/p>\n<\/li>\n<li data-start=\"6443\" data-end=\"6504\">\n<p data-start=\"6446\" data-end=\"6504\">Utilisez des instruments de pr\u00e9cision pour des mesures pr\u00e9cises.<\/p>\n<\/li>\n<li data-start=\"6505\" data-end=\"6552\">\n<p data-start=\"6508\" data-end=\"6552\">Conserver dans un endroit frais et sec, \u00e0 l&#039;abri de la lumi\u00e8re directe du soleil.<\/p>\n<\/li>\n<li data-start=\"6553\" data-end=\"6603\">\n<p data-start=\"6556\" data-end=\"6603\">\u00c9liminer les r\u00e9sidus conform\u00e9ment \u00e0 la r\u00e9glementation environnementale locale.<\/p>\n<\/li>\n<\/ol>\n<blockquote data-start=\"6605\" data-end=\"6694\">\n<p data-start=\"6607\" data-end=\"6694\"><strong data-start=\"6607\" data-end=\"6618\">NB:<\/strong> <em data-start=\"6619\" data-end=\"6646\">Sac RC+ MaXTC 3 plombs<\/em> est <strong data-start=\"6650\" data-end=\"6693\">non destin\u00e9 \u00e0 la consommation humaine<\/strong>.<\/p>\n<\/blockquote>\n<hr data-start=\"6696\" data-end=\"6699\" \/>\n<h2 data-start=\"6701\" data-end=\"6735\"><strong data-start=\"6704\" data-end=\"6735\">Foire aux questions (FAQ)<\/strong><\/h2>\n<h3 data-start=\"6737\" data-end=\"6782\"><strong data-start=\"6741\" data-end=\"6782\">1. \u00c0 quoi sert RC+ MaXTC ?<\/strong><\/h3>\n<p data-start=\"6783\" data-end=\"6870\">Ce tissu est utilis\u00e9 pour <strong data-start=\"6813\" data-end=\"6854\">recherche analytique et toxicologique<\/strong> dans les laboratoires.<\/p>\n<hr data-start=\"6872\" data-end=\"6875\" \/>\n<h3 data-start=\"6877\" data-end=\"6920\"><strong data-start=\"6881\" data-end=\"6920\">2. Combien de granul\u00e9s contient un sac ?<\/strong><\/h3>\n<p data-start=\"6921\" data-end=\"7001\">Chaque sac contient <strong data-start=\"6937\" data-end=\"6950\">3 pastilles<\/strong>, tous d&#039;\u00e9gale puret\u00e9 et composition.<\/p>\n<hr data-start=\"7003\" data-end=\"7006\" \/>\n<h3 data-start=\"7008\" data-end=\"7074\"><strong data-start=\"7012\" data-end=\"7074\">3. Puis-je acheter un sac de 3 pellets RC+ MaXTC en tant que particulier ?<\/strong><\/h3>\n<p data-start=\"7075\" data-end=\"7179\">Non, seulement <strong data-start=\"7087\" data-end=\"7121\">institutions de recherche reconnues<\/strong> avec les permis appropri\u00e9s peuvent acheter ce produit.<\/p>\n<hr data-start=\"7181\" data-end=\"7184\" \/>\n<h2 data-start=\"7186\" data-end=\"7214\"><strong data-start=\"7189\" data-end=\"7214\">Informations de s\u00e9curit\u00e9<\/strong><\/h2>\n<ul data-start=\"7216\" data-end=\"7427\">\n<li data-start=\"7216\" data-end=\"7278\">\n<p data-start=\"7218\" data-end=\"7278\">Suivez toujours les consignes de s\u00e9curit\u00e9 de votre laboratoire.<\/p>\n<\/li>\n<li data-start=\"7279\" data-end=\"7330\">\n<p data-start=\"7281\" data-end=\"7330\">\u00c9viter le contact direct, l\u2019inhalation ou l\u2019ingestion.<\/p>\n<\/li>\n<li data-start=\"7331\" data-end=\"7385\">\n<p data-start=\"7333\" data-end=\"7385\">Conserver herm\u00e9tiquement ferm\u00e9 dans l&#039;emballage d&#039;origine.<\/p>\n<\/li>\n<li data-start=\"7386\" data-end=\"7427\">\n<p data-start=\"7388\" data-end=\"7427\">Tenir hors de port\u00e9e des personnes non autoris\u00e9es.<\/p>\n<\/li>\n<\/ul>","protected":false},"excerpt":{"rendered":"<p>Productbeschrijving RC+ MaXTC zakje 3 pellets is een onderzoeksstof van laboratoriumkwaliteit, ontwikkeld voor analytische, forensische en toxicologische toepassingen. Elke verpakking<\/p>","protected":false},"featured_media":21342,"comment_status":"closed","ping_status":"closed","template":"","meta":[],"product_brand":[],"product_cat":[555],"product_tag":[629,644,326],"class_list":{"0":"post-24256","1":"product","2":"type-product","3":"status-publish","4":"has-post-thumbnail","6":"product_cat-b2b","7":"product_tag-4-fma-kopen","8":"product_tag-4-fma","9":"product_tag-nl","11":"first","12":"instock","13":"taxable","14":"shipping-taxable","15":"purchasable","16":"product-type-variable"},"_links":{"self":[{"href":"https:\/\/researchchemicalhub.com\/fr_be\/wp-json\/wp\/v2\/product\/24256","targetHints":{"allow":["GET"]}}],"collection":[{"href":"https:\/\/researchchemicalhub.com\/fr_be\/wp-json\/wp\/v2\/product"}],"about":[{"href":"https:\/\/researchchemicalhub.com\/fr_be\/wp-json\/wp\/v2\/types\/product"}],"replies":[{"embeddable":true,"href":"https:\/\/researchchemicalhub.com\/fr_be\/wp-json\/wp\/v2\/comments?post=24256"}],"version-history":[{"count":4,"href":"https:\/\/researchchemicalhub.com\/fr_be\/wp-json\/wp\/v2\/product\/24256\/revisions"}],"predecessor-version":[{"id":27819,"href":"https:\/\/researchchemicalhub.com\/fr_be\/wp-json\/wp\/v2\/product\/24256\/revisions\/27819"}],"wp:featuredmedia":[{"embeddable":true,"href":"https:\/\/researchchemicalhub.com\/fr_be\/wp-json\/wp\/v2\/media\/21342"}],"wp:attachment":[{"href":"https:\/\/researchchemicalhub.com\/fr_be\/wp-json\/wp\/v2\/media?parent=24256"}],"wp:term":[{"taxonomy":"product_brand","embeddable":true,"href":"https:\/\/researchchemicalhub.com\/fr_be\/wp-json\/wp\/v2\/product_brand?post=24256"},{"taxonomy":"product_cat","embeddable":true,"href":"https:\/\/researchchemicalhub.com\/fr_be\/wp-json\/wp\/v2\/product_cat?post=24256"},{"taxonomy":"product_tag","embeddable":true,"href":"https:\/\/researchchemicalhub.com\/fr_be\/wp-json\/wp\/v2\/product_tag?post=24256"}],"curies":[{"name":"wp","href":"https:\/\/api.w.org\/{rel}","templated":true}]}}