{"id":24200,"date":"2025-04-13T17:41:14","date_gmt":"2025-04-13T17:41:14","guid":{"rendered":"https:\/\/researchchemicalhub.com\/?post_type=product&#038;p=24200"},"modified":"2025-10-12T20:05:31","modified_gmt":"2025-10-12T20:05:31","slug":"1-sachet-de-lsd-et-3-buvards","status":"publish","type":"product","link":"https:\/\/researchchemicalhub.com\/fr_be\/boutique\/b2b\/1-sachet-de-lsd-et-3-buvards\/","title":{"rendered":"1 sachet P-LSD 3 buvards"},"content":{"rendered":"<h2 data-start=\"3787\" data-end=\"3813\"><strong data-start=\"3790\" data-end=\"3813\">Description du produit<\/strong><\/h2>\n<p data-start=\"3815\" data-end=\"4065\"><strong data-start=\"3815\" data-end=\"3866\">1P-LSD (di\u00e9thylamide de l&#039;acide 1-propionyl-lysergique)<\/strong> est un <strong data-start=\"3874\" data-end=\"3917\">substance de recherche de la classe des lysergamides<\/strong>, li\u00e9 au LSD.<br data-start=\"3935\" data-end=\"3938\" \/>Il est utilis\u00e9 pour <strong data-start=\"3962\" data-end=\"4015\">recherche analytique, m\u00e9dico-l\u00e9gale et neurochimique<\/strong> D\u00e9sagr\u00e9able <strong data-start=\"4021\" data-end=\"4062\">propri\u00e9t\u00e9s structurelles et m\u00e9taboliques<\/strong>commander du LSD<\/p>\n<p data-start=\"4067\" data-end=\"4231\">Chaque <strong data-start=\"4071\" data-end=\"4087\">Sac 1P-LSD<\/strong> contient <strong data-start=\"4094\" data-end=\"4132\">3 buvards soigneusement confectionn\u00e9s<\/strong>, produit dans des conditions contr\u00f4l\u00e9es pour <strong data-start=\"4186\" data-end=\"4216\">puret\u00e9 et consistance<\/strong> pour garantir.<\/p>\n<p data-start=\"4233\" data-end=\"4369\">\u26a0\ufe0f <strong data-start=\"4236\" data-end=\"4247\">NB:<\/strong> Ce produit est <strong data-start=\"4263\" data-end=\"4312\">destin\u00e9 \u00e0 des fins de recherche uniquement<\/strong> et <strong data-start=\"4316\" data-end=\"4368\">ne convient pas \u00e0 l&#039;usage humain ou animal<\/strong>.<\/p>\n<hr data-start=\"4371\" data-end=\"4374\" \/>\n<h2 data-start=\"4376\" data-end=\"4406\"><strong data-start=\"4379\" data-end=\"4406\">Caract\u00e9ristiques principales<\/strong><\/h2>\n<ul data-start=\"4408\" data-end=\"4757\">\n<li data-start=\"4408\" data-end=\"4482\">\n<p data-start=\"4410\" data-end=\"4482\"><strong data-start=\"4410\" data-end=\"4430\">Haute puret\u00e9 :<\/strong> Convient \u00e0 la recherche analytique et m\u00e9dico-l\u00e9gale.<\/p>\n<\/li>\n<li data-start=\"4483\" data-end=\"4553\">\n<p data-start=\"4485\" data-end=\"4553\"><strong data-start=\"4485\" data-end=\"4517\">Buvards standardis\u00e9s :<\/strong> Dosage uniforme par buvard.<\/p>\n<\/li>\n<li data-start=\"4554\" data-end=\"4612\">\n<p data-start=\"4556\" data-end=\"4612\"><strong data-start=\"4556\" data-end=\"4577\">Chimiquement stable :<\/strong> Convient pour le stockage \u00e0 long terme.<\/p>\n<\/li>\n<li data-start=\"4613\" data-end=\"4671\">\n<p data-start=\"4615\" data-end=\"4671\"><strong data-start=\"4615\" data-end=\"4638\">Emballage s\u00fbr :<\/strong> Sac herm\u00e9tique et scell\u00e9.<\/p>\n<\/li>\n<li data-start=\"4672\" data-end=\"4757\">\n<p data-start=\"4674\" data-end=\"4757\"><strong data-start=\"4674\" data-end=\"4701\">Conform\u00e9ment \u00e0 la r\u00e9glementation de l&#039;UE :<\/strong> Fabriqu\u00e9 selon les directives de s\u00e9curit\u00e9 europ\u00e9ennes.<\/p>\n<\/li>\n<\/ul>\n<hr data-start=\"4759\" data-end=\"4762\" \/>\n<h2 data-start=\"4764\" data-end=\"4795\"><strong data-start=\"4767\" data-end=\"4795\">Avantages pour la recherche<\/strong><\/h2>\n<ul data-start=\"4797\" data-end=\"5044\">\n<li data-start=\"4797\" data-end=\"4865\">\n<p data-start=\"4799\" data-end=\"4865\">Soutient <strong data-start=\"4811\" data-end=\"4862\">d\u00e9veloppement de m\u00e9thodes analytiques et m\u00e9dico-l\u00e9gales<\/strong>.<\/p>\n<\/li>\n<li data-start=\"4866\" data-end=\"4923\">\n<p data-start=\"4868\" data-end=\"4923\">Convient pour <strong data-start=\"4882\" data-end=\"4920\">recherche neurochimique et sur les r\u00e9cepteurs<\/strong>.<\/p>\n<\/li>\n<li data-start=\"4924\" data-end=\"4992\">\n<p data-start=\"4926\" data-end=\"4992\">Aide avec <strong data-start=\"4936\" data-end=\"4972\">\u00e9tudes de comparaison structurelle<\/strong> des lysergamides.<\/p>\n<\/li>\n<li data-start=\"4993\" data-end=\"5044\">\n<p data-start=\"4995\" data-end=\"5044\">Offres <strong data-start=\"5001\" data-end=\"5041\">r\u00e9sultats de recherche reproductibles<\/strong>commander du LSD<\/p>\n<\/li>\n<\/ul>\n<hr data-start=\"5046\" data-end=\"5049\" \/>\n<h2 data-start=\"5051\" data-end=\"5085\"><strong data-start=\"5054\" data-end=\"5085\">Utilisation (Contexte de recherche)<\/strong><\/h2>\n<ol data-start=\"5087\" data-end=\"5304\">\n<li data-start=\"5087\" data-end=\"5132\">\n<p data-start=\"5090\" data-end=\"5132\">Utiliser uniquement dans des laboratoires accr\u00e9dit\u00e9s.<\/p>\n<\/li>\n<li data-start=\"5133\" data-end=\"5193\">\n<p data-start=\"5136\" data-end=\"5193\">Portez des gants, des lunettes de s\u00e9curit\u00e9 et une blouse de laboratoire.<\/p>\n<\/li>\n<li data-start=\"5194\" data-end=\"5241\">\n<p data-start=\"5197\" data-end=\"5241\">Conserver au frais, au sec et \u00e0 l&#039;abri de la lumi\u00e8re (moins de 25\u00b0C).<\/p>\n<\/li>\n<li data-start=\"5242\" data-end=\"5304\">\n<p data-start=\"5245\" data-end=\"5304\">\u00c9liminer les r\u00e9sidus conform\u00e9ment aux r\u00e9glementations de s\u00e9curit\u00e9 locales.<\/p>\n<\/li>\n<\/ol>\n<blockquote data-start=\"5306\" data-end=\"5399\">\n<p data-start=\"5308\" data-end=\"5399\"><strong data-start=\"5308\" data-end=\"5319\">NB:<\/strong> <em data-start=\"5320\" data-end=\"5345\">1 sachet P-LSD 3 buvards<\/em> est <strong data-start=\"5349\" data-end=\"5398\">destin\u00e9 \u00e0 des fins de recherche uniquement<\/strong>.<\/p>\n<\/blockquote>\n<hr data-start=\"5401\" data-end=\"5404\" \/>\n<h2 data-start=\"5406\" data-end=\"5440\"><strong data-start=\"5409\" data-end=\"5440\">Foire aux questions (FAQ)<\/strong><\/h2>\n<p data-start=\"5442\" data-end=\"5578\"><strong data-start=\"5442\" data-end=\"5480\">1. \u00c0 quoi sert le 1P-LSD ?<\/strong><br data-start=\"5480\" data-end=\"5483\" \/>Le 1P-LSD est utilis\u00e9 pour <strong data-start=\"5510\" data-end=\"5548\">recherche analytique et m\u00e9dico-l\u00e9gale<\/strong> aux compos\u00e9s de lysergamide.<\/p>\n<p data-start=\"5580\" data-end=\"5695\"><strong data-start=\"5580\" data-end=\"5620\">2. Combien de buvards contient un sachet ?<\/strong><br data-start=\"5620\" data-end=\"5623\" \/>Chaque sac contient <strong data-start=\"5639\" data-end=\"5653\">3 buvards<\/strong> avec une composition standardis\u00e9e.<\/p>\n<p data-start=\"5697\" data-end=\"5822\"><strong data-start=\"5697\" data-end=\"5740\">3. Puis-je acheter du 1P-LSD en tant que particulier ?<\/strong><br data-start=\"5740\" data-end=\"5743\" \/>Non, ce produit est uniquement disponible pour <strong data-start=\"5787\" data-end=\"5821\">institutions de recherche reconnues<\/strong>.<\/p>","protected":false},"excerpt":{"rendered":"<p>Productbeschrijving 1P-LSD (1-Propionyl-Lysergic Acid Diethylamide) is een onderzoeksstof uit de lysergamideklasse, verwant aan LSD.Het wordt gebruikt voor analytisch, forensisch en<\/p>","protected":false},"featured_media":21263,"comment_status":"closed","ping_status":"closed","template":"","meta":[],"product_brand":[],"product_cat":[555],"product_tag":[774,326],"class_list":{"0":"post-24200","1":"product","2":"type-product","3":"status-publish","4":"has-post-thumbnail","6":"product_cat-b2b","7":"product_tag-lsd-bestellen","8":"product_tag-nl","10":"first","11":"instock","12":"taxable","13":"shipping-taxable","14":"purchasable","15":"product-type-variable"},"_links":{"self":[{"href":"https:\/\/researchchemicalhub.com\/fr_be\/wp-json\/wp\/v2\/product\/24200","targetHints":{"allow":["GET"]}}],"collection":[{"href":"https:\/\/researchchemicalhub.com\/fr_be\/wp-json\/wp\/v2\/product"}],"about":[{"href":"https:\/\/researchchemicalhub.com\/fr_be\/wp-json\/wp\/v2\/types\/product"}],"replies":[{"embeddable":true,"href":"https:\/\/researchchemicalhub.com\/fr_be\/wp-json\/wp\/v2\/comments?post=24200"}],"version-history":[{"count":4,"href":"https:\/\/researchchemicalhub.com\/fr_be\/wp-json\/wp\/v2\/product\/24200\/revisions"}],"predecessor-version":[{"id":27833,"href":"https:\/\/researchchemicalhub.com\/fr_be\/wp-json\/wp\/v2\/product\/24200\/revisions\/27833"}],"wp:featuredmedia":[{"embeddable":true,"href":"https:\/\/researchchemicalhub.com\/fr_be\/wp-json\/wp\/v2\/media\/21263"}],"wp:attachment":[{"href":"https:\/\/researchchemicalhub.com\/fr_be\/wp-json\/wp\/v2\/media?parent=24200"}],"wp:term":[{"taxonomy":"product_brand","embeddable":true,"href":"https:\/\/researchchemicalhub.com\/fr_be\/wp-json\/wp\/v2\/product_brand?post=24200"},{"taxonomy":"product_cat","embeddable":true,"href":"https:\/\/researchchemicalhub.com\/fr_be\/wp-json\/wp\/v2\/product_cat?post=24200"},{"taxonomy":"product_tag","embeddable":true,"href":"https:\/\/researchchemicalhub.com\/fr_be\/wp-json\/wp\/v2\/product_tag?post=24200"}],"curies":[{"name":"wp","href":"https:\/\/api.w.org\/{rel}","templated":true}]}}