{"id":24179,"date":"2025-04-13T17:41:13","date_gmt":"2025-04-13T17:41:13","guid":{"rendered":"https:\/\/researchchemicalhub.com\/?post_type=product&#038;p=24179"},"modified":"2025-10-12T20:18:57","modified_gmt":"2025-10-12T20:18:57","slug":"bromazolam-25mg-box","status":"publish","type":"product","link":"https:\/\/researchchemicalhub.com\/fr_be\/shop\/b2b\/bromazolam-25mg-box\/","title":{"rendered":"Bo\u00eete de RC+ Bromazolam 2,5 mg"},"content":{"rendered":"<h2 data-start=\"3728\" data-end=\"3754\"><strong data-start=\"3731\" data-end=\"3754\">Description du produit<\/strong><\/h2>\n<p data-start=\"3756\" data-end=\"4077\"><strong data-start=\"3756\" data-end=\"3784\">Bo\u00eete de RC+ Bromazolam 2,5 mg<\/strong> contient <strong data-start=\"3791\" data-end=\"3817\">Bromazolam de haute puret\u00e9<\/strong>, un d\u00e9riv\u00e9 de benzodiaz\u00e9pine utilis\u00e9 pour <strong data-start=\"3871\" data-end=\"3924\">recherche toxicologique, analytique et m\u00e9dico-l\u00e9gale<\/strong>.<br data-start=\"3925\" data-end=\"3928\" \/>Cela fait partie de la <strong data-start=\"3954\" data-end=\"3977\">S\u00e9rie de recherche RC+<\/strong>, connu pour ses <strong data-start=\"3994\" data-end=\"4074\">qualit\u00e9 de laboratoire, dosage standardis\u00e9 et performances constantes<\/strong>.<\/p>\n<p data-start=\"4079\" data-end=\"4241\">Chaque bo\u00eete contient <strong data-start=\"4094\" data-end=\"4136\">Granul\u00e9s de 2,5 mg de puret\u00e9 de recherche<\/strong>, d\u00e9velopp\u00e9 pour <strong data-start=\"4154\" data-end=\"4197\">analyses fiables et reproductibles<\/strong> dans des environnements de laboratoire contr\u00f4l\u00e9s.<\/p>\n<p data-start=\"4243\" data-end=\"4379\">\u26a0\ufe0f <strong data-start=\"4246\" data-end=\"4257\">NB:<\/strong> Ce produit est <strong data-start=\"4273\" data-end=\"4322\">destin\u00e9 \u00e0 des fins de recherche uniquement<\/strong> et <strong data-start=\"4326\" data-end=\"4378\">ne convient pas \u00e0 l&#039;usage humain ou animal<\/strong>.<\/p>\n<hr data-start=\"4381\" data-end=\"4384\" \/>\n<h2 data-start=\"4386\" data-end=\"4416\"><strong data-start=\"4389\" data-end=\"4416\">Caract\u00e9ristiques principales<\/strong><\/h2>\n<ul data-start=\"4418\" data-end=\"4783\">\n<li data-start=\"4418\" data-end=\"4483\">\n<p data-start=\"4420\" data-end=\"4483\"><strong data-start=\"4420\" data-end=\"4440\">Haute puret\u00e9 :<\/strong> Fabriqu\u00e9 selon les normes de laboratoire.<\/p>\n<\/li>\n<li data-start=\"4484\" data-end=\"4566\">\n<p data-start=\"4486\" data-end=\"4566\"><strong data-start=\"4486\" data-end=\"4518\">Posologie standardis\u00e9e :<\/strong> 2,5 mg par pastille pour des r\u00e9sultats pr\u00e9cis.<\/p>\n<\/li>\n<li data-start=\"4567\" data-end=\"4640\">\n<p data-start=\"4569\" data-end=\"4640\"><strong data-start=\"4569\" data-end=\"4594\">Formulation stable :<\/strong> R\u00e9sistant \u00e0 la d\u00e9gradation avec un stockage appropri\u00e9.<\/p>\n<\/li>\n<li data-start=\"4641\" data-end=\"4697\">\n<p data-start=\"4643\" data-end=\"4697\"><strong data-start=\"4643\" data-end=\"4666\">Emballage s\u00fbr :<\/strong> Scell\u00e9 et r\u00e9sistant \u00e0 l&#039;humidit\u00e9.<\/p>\n<\/li>\n<li data-start=\"4698\" data-end=\"4783\">\n<p data-start=\"4700\" data-end=\"4783\"><strong data-start=\"4700\" data-end=\"4727\">Conform\u00e9ment \u00e0 la r\u00e9glementation de l&#039;UE :<\/strong> Fabriqu\u00e9 selon les directives de s\u00e9curit\u00e9 europ\u00e9ennes.<\/p>\n<\/li>\n<\/ul>\n<hr data-start=\"4785\" data-end=\"4788\" \/>\n<h2 data-start=\"4790\" data-end=\"4824\"><strong data-start=\"4793\" data-end=\"4824\">Avantages pour les chercheurs<\/strong><\/h2>\n<ul data-start=\"4826\" data-end=\"5090\">\n<li data-start=\"4826\" data-end=\"4886\">\n<p data-start=\"4828\" data-end=\"4886\">Convient pour <strong data-start=\"4842\" data-end=\"4883\">recherche m\u00e9dico-l\u00e9gale et toxicologique<\/strong>.<\/p>\n<\/li>\n<li data-start=\"4887\" data-end=\"4955\">\n<p data-start=\"4889\" data-end=\"4955\">Soutient <strong data-start=\"4901\" data-end=\"4937\">d\u00e9veloppement de m\u00e9thodes analytiques<\/strong> (LC-MS, GC-MS).<\/p>\n<\/li>\n<li data-start=\"4956\" data-end=\"5023\">\n<p data-start=\"4958\" data-end=\"5023\">Sert de <strong data-start=\"4968\" data-end=\"4991\">norme de r\u00e9f\u00e9rence<\/strong> pour les analogues des benzodiaz\u00e9pines.<\/p>\n<\/li>\n<li data-start=\"5024\" data-end=\"5090\">\n<p data-start=\"5026\" data-end=\"5090\">Offres <strong data-start=\"5032\" data-end=\"5087\">r\u00e9sultats de recherche reproductibles et fiables<\/strong>.<\/p>\n<\/li>\n<\/ul>\n<hr data-start=\"5092\" data-end=\"5095\" \/>\n<h2 data-start=\"5097\" data-end=\"5131\"><strong data-start=\"5100\" data-end=\"5131\">Utilisation (Contexte de recherche)<\/strong><\/h2>\n<ol data-start=\"5133\" data-end=\"5350\">\n<li data-start=\"5133\" data-end=\"5178\">\n<p data-start=\"5136\" data-end=\"5178\">Utiliser uniquement dans des laboratoires accr\u00e9dit\u00e9s.<\/p>\n<\/li>\n<li data-start=\"5179\" data-end=\"5239\">\n<p data-start=\"5182\" data-end=\"5239\">Portez des gants, des lunettes de s\u00e9curit\u00e9 et une blouse de laboratoire.<\/p>\n<\/li>\n<li data-start=\"5240\" data-end=\"5287\">\n<p data-start=\"5243\" data-end=\"5287\">Conserver au frais, au sec et \u00e0 l&#039;abri de la lumi\u00e8re (moins de 25\u00b0C).<\/p>\n<\/li>\n<li data-start=\"5288\" data-end=\"5350\">\n<p data-start=\"5291\" data-end=\"5350\">\u00c9liminer les r\u00e9sidus conform\u00e9ment aux r\u00e9glementations de s\u00e9curit\u00e9 locales.<\/p>\n<\/li>\n<\/ol>\n<blockquote data-start=\"5352\" data-end=\"5446\">\n<p data-start=\"5354\" data-end=\"5446\"><strong data-start=\"5354\" data-end=\"5365\">NB:<\/strong> <em data-start=\"5366\" data-end=\"5392\">Bo\u00eete de RC+ Bromazolam 2,5 mg<\/em> est <strong data-start=\"5396\" data-end=\"5445\">destin\u00e9 \u00e0 des fins de recherche uniquement<\/strong>.<\/p>\n<\/blockquote>\n<hr data-start=\"5448\" data-end=\"5451\" \/>\n<h2 data-start=\"5453\" data-end=\"5487\"><strong data-start=\"5456\" data-end=\"5487\">Foire aux questions (FAQ)<\/strong><\/h2>\n<p data-start=\"5489\" data-end=\"5635\"><strong data-start=\"5489\" data-end=\"5535\">1. \u00c0 quoi sert le RC+ Bromazolam ?<\/strong><br data-start=\"5535\" data-end=\"5538\" \/>Il est utilis\u00e9 pour <strong data-start=\"5562\" data-end=\"5600\">recherche analytique et m\u00e9dico-l\u00e9gale<\/strong> aux compos\u00e9s benzodiaz\u00e9pines.<\/p>\n<p data-start=\"5637\" data-end=\"5745\"><strong data-start=\"5637\" data-end=\"5666\">2. Combien contient une bo\u00eete ?<\/strong><br data-start=\"5666\" data-end=\"5669\" \/>Chaque bo\u00eete contient <strong data-start=\"5684\" data-end=\"5701\">Granul\u00e9s de 2,5 mg<\/strong> avec une composition standardis\u00e9e.<\/p>\n<p data-start=\"5747\" data-end=\"5882\"><strong data-start=\"5747\" data-end=\"5798\">3. Puis-je acheter du RC+ Bromazolam en tant que particulier ?<\/strong><br data-start=\"5798\" data-end=\"5801\" \/>Non, ce produit est uniquement disponible pour <strong data-start=\"5845\" data-end=\"5879\">institutions de recherche reconnues<\/strong>.<\/p>","protected":false},"excerpt":{"rendered":"<p>Productbeschrijving RC+ Bromazolam 2,5mg Box bevat hoogzuivere Bromazolam, een benzodiazepine-derivaat dat wordt gebruikt voor toxicologisch, analytisch en forensisch onderzoek.Het maakt<\/p>","protected":false},"featured_media":21031,"comment_status":"closed","ping_status":"closed","template":"","meta":[],"product_brand":[82],"product_cat":[555],"product_tag":[174,183,184,176,175,178,177,180,326,179],"class_list":{"0":"post-24179","1":"product","2":"type-product","3":"status-publish","4":"has-post-thumbnail","6":"product_brand-research-chemical","7":"product_cat-b2b","8":"product_tag-bromazolam","9":"product_tag-bromazolam-bijwerkingen","10":"product_tag-bromazolam-dosing","11":"product_tag-bromazolam-ervaringen","12":"product_tag-bromazolam-kopen","13":"product_tag-bromazolam-na-drugs","14":"product_tag-bromazolam-psychonaut","15":"product_tag-hoe-lang-werkt-bromazolam","16":"product_tag-nl","17":"product_tag-wat-is-bromazolam","19":"first","20":"instock","21":"taxable","22":"shipping-taxable","23":"purchasable","24":"product-type-variable"},"_links":{"self":[{"href":"https:\/\/researchchemicalhub.com\/fr_be\/wp-json\/wp\/v2\/product\/24179","targetHints":{"allow":["GET"]}}],"collection":[{"href":"https:\/\/researchchemicalhub.com\/fr_be\/wp-json\/wp\/v2\/product"}],"about":[{"href":"https:\/\/researchchemicalhub.com\/fr_be\/wp-json\/wp\/v2\/types\/product"}],"replies":[{"embeddable":true,"href":"https:\/\/researchchemicalhub.com\/fr_be\/wp-json\/wp\/v2\/comments?post=24179"}],"version-history":[{"count":6,"href":"https:\/\/researchchemicalhub.com\/fr_be\/wp-json\/wp\/v2\/product\/24179\/revisions"}],"predecessor-version":[{"id":27836,"href":"https:\/\/researchchemicalhub.com\/fr_be\/wp-json\/wp\/v2\/product\/24179\/revisions\/27836"}],"wp:featuredmedia":[{"embeddable":true,"href":"https:\/\/researchchemicalhub.com\/fr_be\/wp-json\/wp\/v2\/media\/21031"}],"wp:attachment":[{"href":"https:\/\/researchchemicalhub.com\/fr_be\/wp-json\/wp\/v2\/media?parent=24179"}],"wp:term":[{"taxonomy":"product_brand","embeddable":true,"href":"https:\/\/researchchemicalhub.com\/fr_be\/wp-json\/wp\/v2\/product_brand?post=24179"},{"taxonomy":"product_cat","embeddable":true,"href":"https:\/\/researchchemicalhub.com\/fr_be\/wp-json\/wp\/v2\/product_cat?post=24179"},{"taxonomy":"product_tag","embeddable":true,"href":"https:\/\/researchchemicalhub.com\/fr_be\/wp-json\/wp\/v2\/product_tag?post=24179"}],"curies":[{"name":"wp","href":"https:\/\/api.w.org\/{rel}","templated":true}]}}