{"id":24160,"date":"2025-04-13T17:41:09","date_gmt":"2025-04-13T17:41:09","guid":{"rendered":"https:\/\/researchchemicalhub.com\/?post_type=product&#038;p=24160"},"modified":"2025-10-12T21:06:39","modified_gmt":"2025-10-12T21:06:39","slug":"5-meo-mipt","status":"publish","type":"product","link":"https:\/\/researchchemicalhub.com\/fr_be\/shop\/b2b\/5-meo-mipt\/","title":{"rendered":"Mandala rose"},"content":{"rendered":"<h3 data-start=\"4546\" data-end=\"4565\"><strong data-start=\"4550\" data-end=\"4565\">Introduction<\/strong><\/h3>\n<p data-start=\"4566\" data-end=\"4965\">Le <strong data-start=\"4569\" data-end=\"4585\">Mandala rose<\/strong> signifie <strong data-start=\"4597\" data-end=\"4665\">amour inconditionnel, gentillesse et harmonie \u00e9motionnelle<\/strong>. Les mandalas, originaires de l&#039;Antiquit\u00e9 <strong data-start=\"4697\" data-end=\"4743\">traditions hindoues et bouddhistes<\/strong>, symbolisent <strong data-start=\"4758\" data-end=\"4794\">unit\u00e9, \u00e9quilibre et univers<\/strong>Les tons roses doux de ce design \u00e9voquent des sentiments de <strong data-start=\"4854\" data-end=\"4887\">amour, gu\u00e9rison et compassion<\/strong>, ce qui le rend parfait pour <strong data-start=\"4916\" data-end=\"4962\">soins personnels, \u00e9quilibre \u00e9motionnel et pleine conscience<\/strong>. 5-m\u00e9o-mipt<\/p>\n<p data-start=\"4967\" data-end=\"5114\">Que vous l&#039;utilisiez comme <strong data-start=\"4992\" data-end=\"5050\">d\u00e9coration murale, art de la m\u00e9ditation ou aide apaisante<\/strong>, le <strong data-start=\"5055\" data-end=\"5071\">Mandala rose<\/strong> apporte chaleur et douceur \u00e0 n&#039;importe quelle pi\u00e8ce.<\/p>\n<hr data-start=\"5116\" data-end=\"5119\" \/>\n<h3 data-start=\"5121\" data-end=\"5152\"><strong data-start=\"5125\" data-end=\"5152\">Caract\u00e9ristiques principales<\/strong><\/h3>\n<ul data-start=\"5153\" data-end=\"5714\">\n<li data-start=\"5153\" data-end=\"5265\">\n<p data-start=\"5155\" data-end=\"5265\"><strong data-start=\"5155\" data-end=\"5176\">Palette rose doux :<\/strong> Con\u00e7u dans des teintes d\u00e9licates qui rayonnent l&#039;amour, la compassion et l&#039;\u00e9nergie f\u00e9minine.<\/p>\n<\/li>\n<li data-start=\"5266\" data-end=\"5387\">\n<p data-start=\"5268\" data-end=\"5387\"><strong data-start=\"5268\" data-end=\"5295\">Symbolisme centr\u00e9 sur le c\u0153ur :<\/strong> Associ\u00e9 \u00e0 la <strong data-start=\"5316\" data-end=\"5340\">Chakra du c\u0153ur (Anahata)<\/strong> \u2013 centre d\u2019empathie et de gu\u00e9rison \u00e9motionnelle.<\/p>\n<\/li>\n<li data-start=\"5388\" data-end=\"5494\">\n<p data-start=\"5390\" data-end=\"5494\"><strong data-start=\"5390\" data-end=\"5409\">Haute qualit\u00e9:<\/strong> Disponible en <strong data-start=\"5427\" data-end=\"5459\">toile, tapisserie ou affiche<\/strong> avec des impressions durables et r\u00e9sistantes aux couleurs.<\/p>\n<\/li>\n<li data-start=\"5495\" data-end=\"5604\">\n<p data-start=\"5497\" data-end=\"5604\"><strong data-start=\"5497\" data-end=\"5519\">G\u00e9om\u00e9trie sacr\u00e9e :<\/strong> Conception \u00e9quilibr\u00e9e et sym\u00e9trique qui favorise la paix int\u00e9rieure et la concentration.<\/p>\n<\/li>\n<li data-start=\"5605\" data-end=\"5714\">\n<p data-start=\"5607\" data-end=\"5714\"><strong data-start=\"5607\" data-end=\"5630\">Utilisation polyvalente :<\/strong> Parfait pour <strong data-start=\"5644\" data-end=\"5711\">d\u00e9coration int\u00e9rieure, studios de yoga, salles de th\u00e9rapie ou coins de m\u00e9ditation<\/strong>.<\/p>\n<\/li>\n<\/ul>\n<hr data-start=\"5716\" data-end=\"5719\" \/>\n<h3 data-start=\"5721\" data-end=\"5738\"><strong data-start=\"5725\" data-end=\"5738\">Avantages<\/strong><\/h3>\n<ul data-start=\"5739\" data-end=\"6196\">\n<li data-start=\"5739\" data-end=\"5835\">\n<p data-start=\"5741\" data-end=\"5835\"><strong data-start=\"5741\" data-end=\"5775\">Favorise l\u2019amour et la compassion :<\/strong> Ouvre le c\u0153ur \u00e0 l\u2019amour de soi et aux connexions positives.<\/p>\n<\/li>\n<li data-start=\"5836\" data-end=\"5926\">\n<p data-start=\"5838\" data-end=\"5926\"><strong data-start=\"5838\" data-end=\"5872\">Stimule la r\u00e9cup\u00e9ration \u00e9motionnelle :<\/strong> Les tons roses apportent paix, pardon et harmonie.<\/p>\n<\/li>\n<li data-start=\"5927\" data-end=\"6036\">\n<p data-start=\"5929\" data-end=\"6036\"><strong data-start=\"5929\" data-end=\"5957\">Soutient la pleine conscience :<\/strong> Id\u00e9al pour la m\u00e9ditation ou le yoga pour calmer les \u00e9motions et am\u00e9liorer la concentration.<\/p>\n<\/li>\n<li data-start=\"6037\" data-end=\"6113\">\n<p data-start=\"6039\" data-end=\"6113\"><strong data-start=\"6039\" data-end=\"6069\">Cr\u00e9e une atmosph\u00e8re calme :<\/strong> Apporte douceur et chaleur \u00e0 n&#039;importe quelle pi\u00e8ce.<\/p>\n<\/li>\n<li data-start=\"6114\" data-end=\"6196\">\n<p data-start=\"6116\" data-end=\"6196\"><strong data-start=\"6116\" data-end=\"6142\">Augmente la positivit\u00e9 :<\/strong> Favorise une \u00e9nergie aimante et paisible dans la maison. 5-meo-mipt<\/p>\n<\/li>\n<\/ul>\n<hr data-start=\"6198\" data-end=\"6201\" \/>\n<h3 data-start=\"6203\" data-end=\"6218\"><strong data-start=\"6207\" data-end=\"6218\">Usage<\/strong><\/h3>\n<ol data-start=\"6219\" data-end=\"6637\">\n<li data-start=\"6219\" data-end=\"6335\">\n<p data-start=\"6222\" data-end=\"6335\"><strong data-start=\"6222\" data-end=\"6244\">En d\u00e9coration murale :<\/strong> Accrochez le <strong data-start=\"6253\" data-end=\"6269\">Mandala rose<\/strong> dans les chambres, les studios ou les pi\u00e8ces \u00e0 vivre pour une ambiance paisible.<\/p>\n<\/li>\n<li data-start=\"6336\" data-end=\"6445\">\n<p data-start=\"6339\" data-end=\"6445\"><strong data-start=\"6339\" data-end=\"6358\">Pour la m\u00e9ditation :<\/strong> Concentrez votre regard sur le centre du mandala et respirez profond\u00e9ment pour renforcer l\u2019amour de soi.<\/p>\n<\/li>\n<li data-start=\"6446\" data-end=\"6539\">\n<p data-start=\"6449\" data-end=\"6539\"><strong data-start=\"6449\" data-end=\"6466\">Pendant le yoga :<\/strong> Utilisez le mandala comme point focal pour stimuler l\u2019ouverture \u00e9motionnelle.<\/p>\n<\/li>\n<li data-start=\"6540\" data-end=\"6637\">\n<p data-start=\"6543\" data-end=\"6637\"><strong data-start=\"6543\" data-end=\"6558\">En cadeau :<\/strong> Un cadeau significatif qui <strong data-start=\"6589\" data-end=\"6621\">amour, gu\u00e9rison et connexion<\/strong> symbolise.<\/p>\n<\/li>\n<\/ol>\n<hr data-start=\"6639\" data-end=\"6642\" \/>\n<h3 data-start=\"6644\" data-end=\"6677\"><strong data-start=\"6648\" data-end=\"6677\">Foire aux questions (FAQ)<\/strong><\/h3>\n<p data-start=\"6679\" data-end=\"6835\"><strong data-start=\"6679\" data-end=\"6719\">1. Que symbolise le Mandala rose ?<\/strong><br data-start=\"6719\" data-end=\"6722\" \/>Le <strong data-start=\"6725\" data-end=\"6741\">Mandala rose<\/strong> symbolise <strong data-start=\"6755\" data-end=\"6800\">amour, compassion et \u00e9quilibre \u00e9motionnel<\/strong>, et soutient la <strong data-start=\"6820\" data-end=\"6834\">chakra du c\u0153ur<\/strong>.<\/p>\n<p data-start=\"6837\" data-end=\"6979\"><strong data-start=\"6837\" data-end=\"6892\">2. Puis-je utiliser le Mandala rose pour la m\u00e9ditation ?<\/strong><br data-start=\"6892\" data-end=\"6895\" \/>Oui, c&#039;est id\u00e9al pour <strong data-start=\"6918\" data-end=\"6944\">m\u00e9ditation centr\u00e9e sur le c\u0153ur<\/strong> pour promouvoir la paix et l&#039;harmonie.<\/p>\n<p data-start=\"6981\" data-end=\"7138\"><strong data-start=\"6981\" data-end=\"7040\">3. Le Mandala Rose convient-il \u00e0 la d\u00e9coration int\u00e9rieure ?<\/strong><br data-start=\"7040\" data-end=\"7043\" \/>Absolument. Les tons roses doux apportent <strong data-start=\"7085\" data-end=\"7122\">chaleur, douceur et positivit\u00e9<\/strong> dans chaque pi\u00e8ce.<\/p>\n<hr data-start=\"7140\" data-end=\"7143\" \/>\n<h3 data-start=\"7145\" data-end=\"7162\"><strong data-start=\"7149\" data-end=\"7162\">Conclusion<\/strong><\/h3>\n<p data-start=\"7163\" data-end=\"7528\">Le <strong data-start=\"7166\" data-end=\"7182\">Mandala rose<\/strong> est plus qu&#039;une \u0153uvre d&#039;art \u2013 c&#039;est une <strong data-start=\"7222\" data-end=\"7283\">symbole spirituel d&#039;amour, d&#039;\u00e9quilibre et de paix int\u00e9rieure<\/strong>Avec sa palette de couleurs douces et sa g\u00e9om\u00e9trie sacr\u00e9e, elle rayonne <strong data-start=\"7347\" data-end=\"7376\">chaleur, compassion et paix<\/strong> dehors. Parfait pour <strong data-start=\"7395\" data-end=\"7436\">m\u00e9ditation, yoga ou d\u00e9coration int\u00e9rieure<\/strong>, le <strong data-start=\"7441\" data-end=\"7457\">Mandala rose<\/strong> apporte <strong data-start=\"7465\" data-end=\"7500\">harmonie et \u00e9nergie d&#039;amour<\/strong> \u00e0 chaque instant de votre vie.<\/p>","protected":false},"excerpt":{"rendered":"<p>Introductie De Pink Mandala staat voor onvoorwaardelijke liefde, vriendelijkheid en emotionele harmonie. Mandala\u2019s, afkomstig uit oude hindoe\u00efstische en boeddhistische tradities,<\/p>","protected":false},"featured_media":20942,"comment_status":"closed","ping_status":"closed","template":"","meta":[],"product_brand":[82],"product_cat":[555],"product_tag":[650,882,883,326],"class_list":{"0":"post-24160","1":"product","2":"type-product","3":"status-publish","4":"has-post-thumbnail","6":"product_brand-research-chemical","7":"product_cat-b2b","8":"product_tag-5-meo-mipt","9":"product_tag-5-meo-mipt-dosage","10":"product_tag-5-meo-mipt-ervaring","11":"product_tag-nl","13":"first","14":"instock","15":"taxable","16":"shipping-taxable","17":"purchasable","18":"product-type-variable"},"_links":{"self":[{"href":"https:\/\/researchchemicalhub.com\/fr_be\/wp-json\/wp\/v2\/product\/24160","targetHints":{"allow":["GET"]}}],"collection":[{"href":"https:\/\/researchchemicalhub.com\/fr_be\/wp-json\/wp\/v2\/product"}],"about":[{"href":"https:\/\/researchchemicalhub.com\/fr_be\/wp-json\/wp\/v2\/types\/product"}],"replies":[{"embeddable":true,"href":"https:\/\/researchchemicalhub.com\/fr_be\/wp-json\/wp\/v2\/comments?post=24160"}],"version-history":[{"count":4,"href":"https:\/\/researchchemicalhub.com\/fr_be\/wp-json\/wp\/v2\/product\/24160\/revisions"}],"predecessor-version":[{"id":27850,"href":"https:\/\/researchchemicalhub.com\/fr_be\/wp-json\/wp\/v2\/product\/24160\/revisions\/27850"}],"wp:featuredmedia":[{"embeddable":true,"href":"https:\/\/researchchemicalhub.com\/fr_be\/wp-json\/wp\/v2\/media\/20942"}],"wp:attachment":[{"href":"https:\/\/researchchemicalhub.com\/fr_be\/wp-json\/wp\/v2\/media?parent=24160"}],"wp:term":[{"taxonomy":"product_brand","embeddable":true,"href":"https:\/\/researchchemicalhub.com\/fr_be\/wp-json\/wp\/v2\/product_brand?post=24160"},{"taxonomy":"product_cat","embeddable":true,"href":"https:\/\/researchchemicalhub.com\/fr_be\/wp-json\/wp\/v2\/product_cat?post=24160"},{"taxonomy":"product_tag","embeddable":true,"href":"https:\/\/researchchemicalhub.com\/fr_be\/wp-json\/wp\/v2\/product_tag?post=24160"}],"curies":[{"name":"wp","href":"https:\/\/api.w.org\/{rel}","templated":true}]}}