{"id":24140,"date":"2025-04-13T17:41:08","date_gmt":"2025-04-13T17:41:08","guid":{"rendered":"https:\/\/researchchemicalhub.com\/?post_type=product&#038;p=24140"},"modified":"2025-10-13T10:29:52","modified_gmt":"2025-10-13T10:29:52","slug":"chem-mist-4f-mph-10-spray","status":"publish","type":"product","link":"https:\/\/researchchemicalhub.com\/fr_be\/shop\/b2b\/chem-mist-4f-mph-10-spray\/","title":{"rendered":"Spray Chem Mist 4F-MPH 10%"},"content":{"rendered":"<h3 data-start=\"688\" data-end=\"712\"><strong data-start=\"692\" data-end=\"712\">Pr\u00e9sentation du produit<\/strong><\/h3>\n<p data-start=\"713\" data-end=\"1201\">Le spray Chem-mist 4F-MPH 10% est un <strong data-start=\"747\" data-end=\"793\">solution de recherche formul\u00e9e avec pr\u00e9cision<\/strong> de <strong data-start=\"798\" data-end=\"833\">4-fluorom\u00e9thylph\u00e9nidate (4F-MPH)<\/strong> \u00e0 une concentration de 10%. Con\u00e7u pour <strong data-start=\"878\" data-end=\"925\">\u00e0 des fins scientifiques et analytiques<\/strong>, il offre un <strong data-start=\"941\" data-end=\"983\">dosage contr\u00f4l\u00e9 et constant<\/strong> via un spray facile \u00e0 utiliser \u2013 id\u00e9al pour les laboratoires effectuant des \u00e9tudes pharmacologiques, de r\u00e9cepteurs ou d&#039;absorption.<br data-start=\"1106\" data-end=\"1109\" \/><em data-start=\"1109\" data-end=\"1201\">(\u00c0 des fins de recherche uniquement \u2013 non destin\u00e9 \u00e0 l\u2019usage humain ou animal.)<\/em><\/p>\n<hr data-start=\"1203\" data-end=\"1206\" \/>\n<h3 data-start=\"1208\" data-end=\"1239\"><strong data-start=\"1212\" data-end=\"1239\">Caract\u00e9ristiques principales<\/strong><\/h3>\n<ul data-start=\"1240\" data-end=\"1675\">\n<li data-start=\"1240\" data-end=\"1319\">\n<p data-start=\"1242\" data-end=\"1319\"><strong data-start=\"1242\" data-end=\"1269\">Concentration de 10% 4F-MPH<\/strong> pour des exp\u00e9riences pr\u00e9cises et contr\u00f4l\u00e9es<\/p>\n<\/li>\n<li data-start=\"1320\" data-end=\"1382\">\n<p data-start=\"1322\" data-end=\"1382\"><strong data-start=\"1322\" data-end=\"1350\">Environ 14 mg par pulv\u00e9risation<\/strong> (plus de 70 pulv\u00e9risations par flacon)<\/p>\n<\/li>\n<li data-start=\"1383\" data-end=\"1456\">\n<p data-start=\"1385\" data-end=\"1456\"><strong data-start=\"1385\" data-end=\"1417\">Ar\u00f4me de menthe poivr\u00e9e \u00ab Fresh Focus \u00bb<\/strong> pour une utilisation confortable en laboratoire<\/p>\n<\/li>\n<li data-start=\"1457\" data-end=\"1525\">\n<p data-start=\"1459\" data-end=\"1525\"><strong data-start=\"1459\" data-end=\"1486\">Formule stabilis\u00e9e<\/strong> avec E1520, NaCl et composants tampons<\/p>\n<\/li>\n<li data-start=\"1526\" data-end=\"1591\">\n<p data-start=\"1528\" data-end=\"1591\"><strong data-start=\"1528\" data-end=\"1554\">Haute puret\u00e9 (&gt;98%)<\/strong>, confirm\u00e9 par les tests du fournisseur<\/p>\n<\/li>\n<li data-start=\"1592\" data-end=\"1675\">\n<p data-start=\"1594\" data-end=\"1675\"><strong data-start=\"1594\" data-end=\"1627\">\u00c0 usage de recherche uniquement<\/strong> \u2013 clairement \u00e9tiquet\u00e9s conform\u00e9ment \u00e0 la r\u00e9glementation<\/p>\n<\/li>\n<\/ul>\n<hr data-start=\"1677\" data-end=\"1680\" \/>\n<h3 data-start=\"1682\" data-end=\"1699\"><strong data-start=\"1686\" data-end=\"1699\">Avantages<\/strong><\/h3>\n<p data-start=\"1700\" data-end=\"2020\">\u2705 <strong data-start=\"1702\" data-end=\"1723\">Dosage pr\u00e9cis<\/strong> \u2013 Volume de pulv\u00e9risation constant pour des r\u00e9sultats reproductibles<br data-start=\"1786\" data-end=\"1789\" \/>\u2705 <strong data-start=\"1791\" data-end=\"1819\">Utilisation s\u00fbre et propre<\/strong> \u2013 Aucun risque d\u2019exposition \u00e0 la poudre ou de contamination<br data-start=\"1868\" data-end=\"1871\" \/>\u2705 <strong data-start=\"1873\" data-end=\"1899\">Stabilit\u00e9 am\u00e9lior\u00e9e<\/strong> \u2013 Longue dur\u00e9e de conservation (jusqu\u2019\u00e0 2 ans) lorsqu\u2019il est stock\u00e9 correctement<br data-start=\"1953\" data-end=\"1956\" \/>\u2705 <strong data-start=\"1958\" data-end=\"1975\">Pr\u00eat \u00e0 l&#039;emploi<\/strong> \u2013 R\u00e9duit le temps de pr\u00e9paration en laboratoire<\/p>\n<hr data-start=\"2022\" data-end=\"2025\" \/>\n<h3 data-start=\"2027\" data-end=\"2072\"><strong data-start=\"2031\" data-end=\"2072\">Utilisation (\u00e0 des fins de recherche uniquement)<\/strong><\/h3>\n<blockquote data-start=\"2073\" data-end=\"2198\">\n<p data-start=\"2075\" data-end=\"2198\">\u26a0\ufe0f Pour usage en laboratoire uniquement. Ne pas inhaler ni ing\u00e9rer. Toujours porter un EPI (\u00e9quipement de protection individuelle).<\/p>\n<\/blockquote>\n<ol data-start=\"2200\" data-end=\"2403\">\n<li data-start=\"2200\" data-end=\"2263\">\n<p data-start=\"2203\" data-end=\"2263\">Agiter doucement et amorcer le spray avant la premi\u00e8re utilisation.<\/p>\n<\/li>\n<li data-start=\"2264\" data-end=\"2331\">\n<p data-start=\"2267\" data-end=\"2331\">Pulv\u00e9riser \u00e0 une distance fixe selon le protocole exp\u00e9rimental. 4f mph<\/p>\n<\/li>\n<li data-start=\"2332\" data-end=\"2403\">\n<p data-start=\"2335\" data-end=\"2403\">Bien fermer et conserver debout dans un <strong data-start=\"2375\" data-end=\"2400\">endroit frais et sombre<\/strong>.<\/p>\n<\/li>\n<\/ol>\n<hr data-start=\"2405\" data-end=\"2408\" \/>\n<h3 data-start=\"2410\" data-end=\"2443\"><strong data-start=\"2414\" data-end=\"2443\">Foire aux questions (FAQ)<\/strong><\/h3>\n<p data-start=\"2445\" data-end=\"2533\"><strong data-start=\"2445\" data-end=\"2484\">1. Quelle quantit\u00e9 de 4F-MPH contient chaque pulv\u00e9risation ?<\/strong><br data-start=\"2484\" data-end=\"2487\" \/>Chaque pulv\u00e9risation d\u00e9livre environ <strong data-start=\"2514\" data-end=\"2523\">14 mg<\/strong> 4F-MPH.<\/p>\n<p data-start=\"2535\" data-end=\"2719\"><strong data-start=\"2535\" data-end=\"2589\">2. Ce produit est-il adapt\u00e9 \u00e0 l\u2019usage humain ?<\/strong><br data-start=\"2589\" data-end=\"2592\" \/>Non, ce produit est <strong data-start=\"2613\" data-end=\"2660\">exclusivement pour la recherche scientifique<\/strong> et non destin\u00e9 \u00e0 la consommation humaine ou animale.<\/p>\n<p data-start=\"2721\" data-end=\"2856\"><strong data-start=\"2721\" data-end=\"2764\">3. Comment conserver le spray ?<\/strong><br data-start=\"2764\" data-end=\"2767\" \/>Conserver herm\u00e9tiquement ferm\u00e9, \u00e0 la verticale et \u00e0 l&#039;abri de la lumi\u00e8re directe du soleil, dans un endroit frais et sec. <strong data-start=\"2830\" data-end=\"2853\">endroit frais et sec<\/strong>.<\/p>","protected":false},"excerpt":{"rendered":"<p>Productoverzicht Chem-mist 4F-MPH 10% Spray is een precisie-geformuleerde onderzoeksoplossing met 4-fluoromethylfenidaat (4F-MPH) in een concentratie van 10%. Ontworpen voor wetenschappelijke<\/p>","protected":false},"featured_media":20679,"comment_status":"closed","ping_status":"closed","template":"","meta":[],"product_brand":[],"product_cat":[555],"product_tag":[571,326],"class_list":{"0":"post-24140","1":"product","2":"type-product","3":"status-publish","4":"has-post-thumbnail","6":"product_cat-b2b","7":"product_tag-4f-mph","8":"product_tag-nl","10":"first","11":"instock","12":"taxable","13":"shipping-taxable","14":"purchasable","15":"product-type-variable"},"_links":{"self":[{"href":"https:\/\/researchchemicalhub.com\/fr_be\/wp-json\/wp\/v2\/product\/24140","targetHints":{"allow":["GET"]}}],"collection":[{"href":"https:\/\/researchchemicalhub.com\/fr_be\/wp-json\/wp\/v2\/product"}],"about":[{"href":"https:\/\/researchchemicalhub.com\/fr_be\/wp-json\/wp\/v2\/types\/product"}],"replies":[{"embeddable":true,"href":"https:\/\/researchchemicalhub.com\/fr_be\/wp-json\/wp\/v2\/comments?post=24140"}],"version-history":[{"count":4,"href":"https:\/\/researchchemicalhub.com\/fr_be\/wp-json\/wp\/v2\/product\/24140\/revisions"}],"predecessor-version":[{"id":27857,"href":"https:\/\/researchchemicalhub.com\/fr_be\/wp-json\/wp\/v2\/product\/24140\/revisions\/27857"}],"wp:featuredmedia":[{"embeddable":true,"href":"https:\/\/researchchemicalhub.com\/fr_be\/wp-json\/wp\/v2\/media\/20679"}],"wp:attachment":[{"href":"https:\/\/researchchemicalhub.com\/fr_be\/wp-json\/wp\/v2\/media?parent=24140"}],"wp:term":[{"taxonomy":"product_brand","embeddable":true,"href":"https:\/\/researchchemicalhub.com\/fr_be\/wp-json\/wp\/v2\/product_brand?post=24140"},{"taxonomy":"product_cat","embeddable":true,"href":"https:\/\/researchchemicalhub.com\/fr_be\/wp-json\/wp\/v2\/product_cat?post=24140"},{"taxonomy":"product_tag","embeddable":true,"href":"https:\/\/researchchemicalhub.com\/fr_be\/wp-json\/wp\/v2\/product_tag?post=24140"}],"curies":[{"name":"wp","href":"https:\/\/api.w.org\/{rel}","templated":true}]}}