{"id":24107,"date":"2025-04-13T17:41:04","date_gmt":"2025-04-13T17:41:04","guid":{"rendered":"https:\/\/researchchemicalhub.com\/?post_type=product&#038;p=24107"},"modified":"2025-10-14T07:55:35","modified_gmt":"2025-10-14T07:55:35","slug":"ampoule-rc-maxtc","status":"publish","type":"product","link":"https:\/\/researchchemicalhub.com\/fr_be\/boutique\/b2b\/ampoule-rc-maxtc\/","title":{"rendered":"Plaquette thermoform\u00e9e RC+ MaXTC"},"content":{"rendered":"<h3 data-start=\"5023\" data-end=\"5044\"><strong data-start=\"5027\" data-end=\"5042\">Introduction<\/strong><\/h3>\n<p data-start=\"5045\" data-end=\"5340\">Le <strong data-start=\"5048\" data-end=\"5069\">Plaquette thermoform\u00e9e RC+ MaXTC<\/strong> est un <strong data-start=\"5077\" data-end=\"5115\">formulation de recherche de haute qualit\u00e9<\/strong> D\u00e9velopp\u00e9 pour des applications analytiques et scientifiques avanc\u00e9es. Chaque blister contient des pastilles scell\u00e9es individuellement, con\u00e7ues pour <strong data-start=\"5258\" data-end=\"5337\">dosage pr\u00e9cis, stabilit\u00e9 am\u00e9lior\u00e9e et manipulation sans contamination<\/strong>.<\/p>\n<p data-start=\"5342\" data-end=\"5536\">La combinaison de <strong data-start=\"5360\" data-end=\"5391\">5-MAPB, 4-FMA et 5-MeO-MiPT<\/strong> rend ce produit particuli\u00e8rement adapt\u00e9 \u00e0 la recherche sur <strong data-start=\"5449\" data-end=\"5533\">interactions pharmacologiques, \u00e9tudes de liaison aux r\u00e9cepteurs et de comparaison mol\u00e9culaire<\/strong>.<\/p>\n<p data-start=\"5538\" data-end=\"5653\">L&#039;emballage sous blister garantit fiabilit\u00e9, tra\u00e7abilit\u00e9 et praticit\u00e9 d&#039;utilisation dans les laboratoires professionnels.<\/p>\n<p data-start=\"5655\" data-end=\"5766\"><em data-start=\"5655\" data-end=\"5766\">(Ce produit est destin\u00e9 uniquement \u00e0 des fins de recherche. Non destin\u00e9 \u00e0 la consommation humaine ou animale.)<\/em><\/p>\n<hr data-start=\"5768\" data-end=\"5771\" \/>\n<h3 data-start=\"5773\" data-end=\"5806\"><strong data-start=\"5777\" data-end=\"5804\">Caract\u00e9ristiques principales<\/strong><\/h3>\n<ul data-start=\"5807\" data-end=\"6395\">\n<li data-start=\"5807\" data-end=\"5928\">\n<p data-start=\"5809\" data-end=\"5928\"><strong data-start=\"5809\" data-end=\"5832\">M\u00e9lange multi-compos\u00e9s :<\/strong> Chaque pastille contient une combinaison pr\u00e9cis\u00e9ment \u00e9quilibr\u00e9e de 5-MAPB, 4-FMA et 5-MeO-MiPT.<\/p>\n<\/li>\n<li data-start=\"5929\" data-end=\"6034\">\n<p data-start=\"5931\" data-end=\"6034\"><strong data-start=\"5931\" data-end=\"5955\">Formulation de pr\u00e9cision :<\/strong> D\u00e9velopp\u00e9 pour des exp\u00e9riences contr\u00f4l\u00e9es avec des compositions coh\u00e9rentes.<\/p>\n<\/li>\n<li data-start=\"6035\" data-end=\"6137\">\n<p data-start=\"6037\" data-end=\"6137\"><strong data-start=\"6037\" data-end=\"6059\">Emballage sous blister :<\/strong> Chaque pastille est scell\u00e9e individuellement pour une stabilit\u00e9 et une s\u00e9curit\u00e9 optimales.<\/p>\n<\/li>\n<li data-start=\"6138\" data-end=\"6236\">\n<p data-start=\"6140\" data-end=\"6236\"><strong data-start=\"6140\" data-end=\"6158\">Facilit\u00e9 d&#039;utilisation :<\/strong> Facile \u00e0 retirer pour un dosage pr\u00e9cis et une pr\u00e9paration des \u00e9chantillons.<\/p>\n<\/li>\n<li data-start=\"6237\" data-end=\"6334\">\n<p data-start=\"6239\" data-end=\"6334\"><strong data-start=\"6239\" data-end=\"6258\">Num\u00e9rotation des lots :<\/strong> Fourni avec un code de lot unique pour l&#039;assurance qualit\u00e9 et la tra\u00e7abilit\u00e9.<\/p>\n<\/li>\n<li data-start=\"6335\" data-end=\"6395\">\n<p data-start=\"6337\" data-end=\"6395\"><strong data-start=\"6337\" data-end=\"6348\">Contenu:<\/strong> Chaque blister contient <strong data-start=\"6368\" data-end=\"6392\">10 pastilles de recherche<\/strong>.<\/p>\n<\/li>\n<\/ul>\n<hr data-start=\"6397\" data-end=\"6400\" \/>\n<h3 data-start=\"6402\" data-end=\"6421\"><strong data-start=\"6406\" data-end=\"6419\">Avantages<\/strong><\/h3>\n<p data-start=\"6422\" data-end=\"6518\">\u2705 <strong data-start=\"6424\" data-end=\"6450\">R\u00e9sultats coh\u00e9rents<\/strong> \u2013 Chaque pastille fournit des donn\u00e9es de recherche fiables et reproductibles.<\/p>\n<p data-start=\"6520\" data-end=\"6618\">\u2705 <strong data-start=\"6522\" data-end=\"6544\">Meilleure stabilit\u00e9<\/strong> \u2013 L\u2019emballage sans air ni humidit\u00e9 emp\u00eache la d\u00e9gradation du compos\u00e9.<\/p>\n<p data-start=\"6620\" data-end=\"6702\">\u2705 <strong data-start=\"6622\" data-end=\"6644\">Processus de travail plus rapide<\/strong> \u2013 Les granul\u00e9s pr\u00e9-dos\u00e9s permettent de gagner du temps de pr\u00e9paration.<\/p>\n<p data-start=\"6704\" data-end=\"6780\">\u2705 <strong data-start=\"6706\" data-end=\"6729\">Utilisation plus s\u00fbre<\/strong> \u2013 Les cavit\u00e9s individuelles limitent les risques de contamination.<\/p>\n<p data-start=\"6782\" data-end=\"6896\">\u2705 <strong data-start=\"6784\" data-end=\"6823\">Id\u00e9al pour la recherche comparative<\/strong> \u2013 Soutient les \u00e9tudes sur la synergie ou l\u2019interaction entre les compos\u00e9s.<\/p>\n<hr data-start=\"6898\" data-end=\"6901\" \/>\n<h3 data-start=\"6903\" data-end=\"6966\"><strong data-start=\"6907\" data-end=\"6964\">Instructions d&#039;utilisation (\u00e0 des fins de recherche uniquement)<\/strong><\/h3>\n<blockquote data-start=\"6967\" data-end=\"7143\">\n<p data-start=\"6969\" data-end=\"7143\">\u26a0\ufe0f <strong data-start=\"6972\" data-end=\"6987\">Important:<\/strong> Le blister RC+ MaXTC n&#039;est pas destin\u00e9 \u00e0 l&#039;usage humain ou animal. Portez toujours des gants et un EPI et travaillez conform\u00e9ment aux consignes de s\u00e9curit\u00e9 du laboratoire.<\/p>\n<\/blockquote>\n<ol data-start=\"7145\" data-end=\"8004\">\n<li data-start=\"7145\" data-end=\"7268\">\n<p data-start=\"7148\" data-end=\"7163\"><strong data-start=\"7148\" data-end=\"7161\">Inspection<\/strong><\/p>\n<ul data-start=\"7167\" data-end=\"7268\">\n<li data-start=\"7167\" data-end=\"7212\">\n<p data-start=\"7169\" data-end=\"7212\">V\u00e9rifiez le blister et le num\u00e9ro de lot.<\/p>\n<\/li>\n<li data-start=\"7216\" data-end=\"7268\">\n<p data-start=\"7218\" data-end=\"7268\">Assurez-vous que les granul\u00e9s sont intacts et non endommag\u00e9s.<\/p>\n<\/li>\n<\/ul>\n<\/li>\n<li data-start=\"7270\" data-end=\"7408\">\n<p data-start=\"7273\" data-end=\"7297\"><strong data-start=\"7273\" data-end=\"7295\">Enl\u00e8vement de granul\u00e9s<\/strong><\/p>\n<ul data-start=\"7301\" data-end=\"7408\">\n<li data-start=\"7301\" data-end=\"7373\">\n<p data-start=\"7303\" data-end=\"7373\">Poussez doucement une pastille \u00e0 travers la feuille \u00e0 l\u2019aide d\u2019outils st\u00e9riles.<\/p>\n<\/li>\n<li data-start=\"7377\" data-end=\"7408\">\n<p data-start=\"7379\" data-end=\"7408\">\u00c9viter le contact direct avec la peau.<\/p>\n<\/li>\n<\/ul>\n<\/li>\n<li data-start=\"7410\" data-end=\"7600\">\n<p data-start=\"7413\" data-end=\"7439\"><strong data-start=\"7413\" data-end=\"7437\">Pr\u00e9paration des \u00e9chantillons<\/strong><\/p>\n<ul data-start=\"7443\" data-end=\"7600\">\n<li data-start=\"7443\" data-end=\"7548\">\n<p data-start=\"7445\" data-end=\"7548\">Dissoudre le culot dans un solvant appropri\u00e9 (par exemple, de l\u2019\u00e9thanol, de l\u2019eau distill\u00e9e ou une solution tampon).<\/p>\n<\/li>\n<li data-start=\"7552\" data-end=\"7600\">\n<p data-start=\"7554\" data-end=\"7600\">M\u00e9langer d\u00e9licatement jusqu\u2019\u00e0 obtenir une solution homog\u00e8ne.<\/p>\n<\/li>\n<\/ul>\n<\/li>\n<li data-start=\"7602\" data-end=\"7787\">\n<p data-start=\"7605\" data-end=\"7633\"><strong data-start=\"7605\" data-end=\"7631\">R\u00e9alisation d&#039;exp\u00e9riences<\/strong><\/p>\n<ul data-start=\"7637\" data-end=\"7787\">\n<li data-start=\"7637\" data-end=\"7723\">\n<p data-start=\"7639\" data-end=\"7723\">Utiliser dans les tests de liaison aux r\u00e9cepteurs, les tests in vitro ou d&#039;autres tests approuv\u00e9s.<\/p>\n<\/li>\n<li data-start=\"7727\" data-end=\"7787\">\n<p data-start=\"7729\" data-end=\"7787\">Enregistrez les solvants, les concentrations et les intervalles de temps.<\/p>\n<\/li>\n<\/ul>\n<\/li>\n<li data-start=\"7789\" data-end=\"8004\">\n<p data-start=\"7792\" data-end=\"7822\"><strong data-start=\"7792\" data-end=\"7820\">Stockage et traitement des d\u00e9chets<\/strong><\/p>\n<ul data-start=\"7826\" data-end=\"8004\">\n<li data-start=\"7826\" data-end=\"7923\">\n<p data-start=\"7828\" data-end=\"7923\">Conserver les granul\u00e9s non utilis\u00e9s dans le blister, \u00e0 la verticale et dans un endroit frais. <strong data-start=\"7888\" data-end=\"7920\">endroit frais, sombre et sec<\/strong>.<\/p>\n<\/li>\n<li data-start=\"7927\" data-end=\"8004\">\n<p data-start=\"7929\" data-end=\"8004\">\u00c9liminez les r\u00e9sidus conform\u00e9ment \u00e0 la politique de votre laboratoire en mati\u00e8re de d\u00e9chets chimiques.<\/p>\n<\/li>\n<\/ul>\n<\/li>\n<\/ol>\n<hr data-start=\"8006\" data-end=\"8009\" \/>\n<h3 data-start=\"8011\" data-end=\"8046\"><strong data-start=\"8015\" data-end=\"8044\">Foire aux questions (FAQ)<\/strong><\/h3>\n<p data-start=\"8048\" data-end=\"8225\"><strong data-start=\"8048\" data-end=\"8098\">1. Quels compos\u00e9s contient le blister RC+ MaXTC ?<\/strong><br data-start=\"8098\" data-end=\"8101\" \/>Chaque pastille contient une combinaison de <strong data-start=\"8138\" data-end=\"8148\">5-MAPB<\/strong>, <strong data-start=\"8150\" data-end=\"8159\">4-FMA<\/strong> et <strong data-start=\"8163\" data-end=\"8177\">5-MeO-MiPT<\/strong> \u2013 destin\u00e9 \u00e0 la recherche uniquement.<\/p>\n<p data-start=\"8227\" data-end=\"8393\"><strong data-start=\"8227\" data-end=\"8285\">2. Combien de granul\u00e9s y a-t-il dans une plaquette thermoform\u00e9e ?<\/strong><br data-start=\"8285\" data-end=\"8288\" \/>Chaque blister contient <strong data-start=\"8307\" data-end=\"8345\">10 granul\u00e9s scell\u00e9s individuellement<\/strong> pour des tests contr\u00f4l\u00e9s et reproductibles.<\/p>\n<p data-start=\"8395\" data-end=\"8583\"><strong data-start=\"8395\" data-end=\"8455\">3. Le blister RC+ MaXTC est-il adapt\u00e9 \u00e0 un usage humain ?<\/strong><br data-start=\"8455\" data-end=\"8458\" \/>Non, ce produit est <strong data-start=\"8479\" data-end=\"8520\">\u00e0 des fins de recherche uniquement<\/strong> et <strong data-start=\"8524\" data-end=\"8580\">non destin\u00e9 \u00e0 la consommation humaine ou animale<\/strong>.<\/p>\n<p><a href=\"https:\/\/researchchemicalhub.com\/fr_be\/boutique\/lysergamides\/1-cp-lsd-150-mcg\/\"><span dir=\"auto\" style=\"vertical-align: inherit;\"><span dir=\"auto\" style=\"vertical-align: inherit;\">Buvards artistiques 1cP-LSD 150 MCG <\/span><\/span><\/a><a href=\"https:\/\/researchchemicalhub.com\/fr_be\/boutique\/pellets\/granules-de-dsmt-50-mg\/\"><span dir=\"auto\" style=\"vertical-align: inherit;\"><span dir=\"auto\" style=\"vertical-align: inherit;\">Granul\u00e9s O-DSMT 50 mg <\/span><\/span><\/a><a href=\"https:\/\/researchchemicalhub.com\/fr_be\/boutique\/lysergamides\/1v-lsd-150-mcg-blotters\/\"><span dir=\"auto\" style=\"vertical-align: inherit;\"><span dir=\"auto\" style=\"vertical-align: inherit;\">buvards 1V-LSD 150 MCG <\/span><\/span><\/a><a href=\"https:\/\/researchchemicalhub.com\/fr_be\/boutique\/presque-interdit\/6-cl-dadba\/\"><span dir=\"auto\" style=\"vertical-align: inherit;\"><span dir=\"auto\" style=\"vertical-align: inherit;\">6-CL-ADBA <\/span><\/span><\/a><a href=\"https:\/\/researchchemicalhub.com\/fr_be\/boutique\/cathinones\/acheter-2-cmc\/\"><span dir=\"auto\" style=\"vertical-align: inherit;\"><span dir=\"auto\" style=\"vertical-align: inherit;\">Granul\u00e9s de 2-CMC 250 mg<\/span><\/span><\/a><\/p>","protected":false},"excerpt":{"rendered":"<p>Introductie De RC+ MaXTC Blister is een hoogwaardige onderzoeksformulering ontwikkeld voor geavanceerde analytische en wetenschappelijke toepassingen. Elke blister bevat individueel<\/p>","protected":false},"featured_media":21157,"comment_status":"closed","ping_status":"closed","template":"","meta":[],"product_brand":[],"product_cat":[555],"product_tag":[629,644,664,326],"class_list":{"0":"post-24107","1":"product","2":"type-product","3":"status-publish","4":"has-post-thumbnail","6":"product_cat-b2b","7":"product_tag-4-fma-kopen","8":"product_tag-4-fma","9":"product_tag-maxtc","10":"product_tag-nl","12":"first","13":"instock","14":"taxable","15":"shipping-taxable","16":"purchasable","17":"product-type-variable"},"_links":{"self":[{"href":"https:\/\/researchchemicalhub.com\/fr_be\/wp-json\/wp\/v2\/product\/24107","targetHints":{"allow":["GET"]}}],"collection":[{"href":"https:\/\/researchchemicalhub.com\/fr_be\/wp-json\/wp\/v2\/product"}],"about":[{"href":"https:\/\/researchchemicalhub.com\/fr_be\/wp-json\/wp\/v2\/types\/product"}],"replies":[{"embeddable":true,"href":"https:\/\/researchchemicalhub.com\/fr_be\/wp-json\/wp\/v2\/comments?post=24107"}],"version-history":[{"count":4,"href":"https:\/\/researchchemicalhub.com\/fr_be\/wp-json\/wp\/v2\/product\/24107\/revisions"}],"predecessor-version":[{"id":27874,"href":"https:\/\/researchchemicalhub.com\/fr_be\/wp-json\/wp\/v2\/product\/24107\/revisions\/27874"}],"wp:featuredmedia":[{"embeddable":true,"href":"https:\/\/researchchemicalhub.com\/fr_be\/wp-json\/wp\/v2\/media\/21157"}],"wp:attachment":[{"href":"https:\/\/researchchemicalhub.com\/fr_be\/wp-json\/wp\/v2\/media?parent=24107"}],"wp:term":[{"taxonomy":"product_brand","embeddable":true,"href":"https:\/\/researchchemicalhub.com\/fr_be\/wp-json\/wp\/v2\/product_brand?post=24107"},{"taxonomy":"product_cat","embeddable":true,"href":"https:\/\/researchchemicalhub.com\/fr_be\/wp-json\/wp\/v2\/product_cat?post=24107"},{"taxonomy":"product_tag","embeddable":true,"href":"https:\/\/researchchemicalhub.com\/fr_be\/wp-json\/wp\/v2\/product_tag?post=24107"}],"curies":[{"name":"wp","href":"https:\/\/api.w.org\/{rel}","templated":true}]}}