{"id":23992,"date":"2025-04-13T17:40:51","date_gmt":"2025-04-13T17:40:51","guid":{"rendered":"https:\/\/researchchemicalhub.com\/?post_type=product&#038;p=23992"},"modified":"2025-10-30T07:42:11","modified_gmt":"2025-10-30T07:42:11","slug":"6-apb-kopen-130mg-pellets","status":"publish","type":"product","link":"https:\/\/researchchemicalhub.com\/fr_be\/shop\/6-apb\/6-apb-kopen-130mg-pellets\/","title":{"rendered":"Granul\u00e9s de 6-APB 130 mg"},"content":{"rendered":"<h3 data-start=\"6022\" data-end=\"6041\"><strong data-start=\"6026\" data-end=\"6041\">Introduction<\/strong><\/h3>\n<p data-start=\"6043\" data-end=\"6339\"><strong data-start=\"6043\" data-end=\"6066\">Granul\u00e9s de 6-APB 130 mg<\/strong> sont <strong data-start=\"6072\" data-end=\"6119\">substances de recherche de qualit\u00e9 laboratoire<\/strong>, d\u00e9velopp\u00e9 pour <strong data-start=\"6137\" data-end=\"6181\">recherche scientifique et analytique<\/strong>.<br data-start=\"6182\" data-end=\"6185\" \/>Chaque pastille contient <strong data-start=\"6203\" data-end=\"6261\">130 milligrammes (mg) de 6-(2-aminopropyl)benzofurane (6-APB)<\/strong> - Un <strong data-start=\"6268\" data-end=\"6293\">compos\u00e9 de benzofurane<\/strong> qui appartient \u00e0 la <strong data-start=\"6313\" data-end=\"6336\">classe des ph\u00e9n\u00e9thylamines<\/strong>. 6 apb acheter<\/p>\n<p data-start=\"6341\" data-end=\"6575\">Produit selon <strong data-start=\"6362\" data-end=\"6403\">Normes BPL (Bonnes Pratiques de Laboratoire)<\/strong>, ces granul\u00e9s offrent <strong data-start=\"6425\" data-end=\"6444\">Puret\u00e9 \u226599%<\/strong>, <strong data-start=\"6446\" data-end=\"6471\">stabilit\u00e9 chimique<\/strong>, et <strong data-start=\"6476\" data-end=\"6504\">coh\u00e9rence fiable<\/strong>, id\u00e9al pour <strong data-start=\"6518\" data-end=\"6572\">recherche m\u00e9dico-l\u00e9gale, pharmacologique et analytique<\/strong>.<\/p>\n<blockquote data-start=\"6577\" data-end=\"6721\">\n<p data-start=\"6579\" data-end=\"6721\">\u26a0\ufe0f <strong data-start=\"6582\" data-end=\"6593\">NB:<\/strong> Ce produit est <strong data-start=\"6609\" data-end=\"6659\">destin\u00e9 uniquement \u00e0 la recherche en laboratoire<\/strong> et <strong data-start=\"6663\" data-end=\"6720\">ne convient pas \u00e0 la consommation humaine ou animale<\/strong>.<\/p>\n<\/blockquote>\n<hr data-start=\"6723\" data-end=\"6726\" \/>\n<h3 data-start=\"6728\" data-end=\"6759\"><strong data-start=\"6732\" data-end=\"6759\">Caract\u00e9ristiques principales<\/strong><\/h3>\n<ul data-start=\"6761\" data-end=\"7230\">\n<li data-start=\"6761\" data-end=\"6857\">\n<p data-start=\"6763\" data-end=\"6857\"><strong data-start=\"6763\" data-end=\"6783\">Haute puret\u00e9 :<\/strong> Qualit\u00e9 analytique \u226599%, test\u00e9e par chromatographie et spectrom\u00e9trie.<\/p>\n<\/li>\n<li data-start=\"6858\" data-end=\"6913\">\n<p data-start=\"6860\" data-end=\"6913\"><strong data-start=\"6860\" data-end=\"6880\">Dosage exact :<\/strong> Chaque pastille contient 130 mg de 6-APB.<\/p>\n<\/li>\n<li data-start=\"6914\" data-end=\"6980\">\n<p data-start=\"6916\" data-end=\"6980\"><strong data-start=\"6916\" data-end=\"6937\">Chimiquement stable :<\/strong> R\u00e9sistant \u00e0 la d\u00e9composition lorsqu&#039;il est stock\u00e9 correctement.<\/p>\n<\/li>\n<li data-start=\"6981\" data-end=\"7058\">\n<p data-start=\"6983\" data-end=\"7058\"><strong data-start=\"6983\" data-end=\"7000\">Test\u00e9 par lots :<\/strong> Chaque lot a \u00e9t\u00e9 v\u00e9rifi\u00e9 pour sa puret\u00e9 et sa consistance.<\/p>\n<\/li>\n<li data-start=\"7059\" data-end=\"7137\">\n<p data-start=\"7061\" data-end=\"7137\"><strong data-start=\"7061\" data-end=\"7079\">Production BPL :<\/strong> Fabriqu\u00e9 selon les normes internationales de laboratoire.<\/p>\n<\/li>\n<li data-start=\"7138\" data-end=\"7230\">\n<p data-start=\"7140\" data-end=\"7230\"><strong data-start=\"7140\" data-end=\"7163\">Emballage s\u00fbr :<\/strong> Emball\u00e9 herm\u00e9tiquement et \u00e0 l&#039;\u00e9preuve de l&#039;humidit\u00e9 pour une dur\u00e9e de conservation maximale.<\/p>\n<\/li>\n<\/ul>\n<hr data-start=\"7232\" data-end=\"7235\" \/>\n<h3 data-start=\"7237\" data-end=\"7254\"><strong data-start=\"7241\" data-end=\"7254\">Avantages<\/strong><\/h3>\n<ol data-start=\"7256\" data-end=\"7666\">\n<li data-start=\"7256\" data-end=\"7345\">\n<p data-start=\"7259\" data-end=\"7345\"><strong data-start=\"7259\" data-end=\"7294\">R\u00e9sultats de recherche constants :<\/strong> La haute puret\u00e9 garantit des donn\u00e9es reproductibles.<\/p>\n<\/li>\n<li data-start=\"7346\" data-end=\"7432\">\n<p data-start=\"7349\" data-end=\"7432\"><strong data-start=\"7349\" data-end=\"7376\">Stabilit\u00e9 \u00e0 long terme :<\/strong> R\u00e9sistant \u00e0 l&#039;humidit\u00e9, \u00e0 la lumi\u00e8re et aux changements de temp\u00e9rature.<\/p>\n<\/li>\n<li data-start=\"7433\" data-end=\"7506\">\n<p data-start=\"7436\" data-end=\"7506\"><strong data-start=\"7436\" data-end=\"7458\">Manipulation s\u00fbre :<\/strong> La forme des granul\u00e9s minimise les risques de contamination.<\/p>\n<\/li>\n<li data-start=\"7507\" data-end=\"7590\">\n<p data-start=\"7510\" data-end=\"7590\"><strong data-start=\"7510\" data-end=\"7538\">Qualit\u00e9 professionnelle :<\/strong> Convient \u00e0 la recherche analytique et m\u00e9dico-l\u00e9gale. Achetez 6\u00a0apb.<\/p>\n<\/li>\n<li data-start=\"7591\" data-end=\"7666\">\n<p data-start=\"7594\" data-end=\"7666\"><strong data-start=\"7594\" data-end=\"7612\">Facilit\u00e9 d&#039;utilisation :<\/strong> Granul\u00e9s pr\u00e9-mesur\u00e9s pour des mesures pr\u00e9cises.<\/p>\n<\/li>\n<\/ol>\n<hr data-start=\"7668\" data-end=\"7671\" \/>\n<h3 data-start=\"7673\" data-end=\"7712\"><strong data-start=\"7677\" data-end=\"7712\">Utilisation (pour la recherche uniquement)<\/strong><\/h3>\n<ol data-start=\"7714\" data-end=\"8068\">\n<li data-start=\"7714\" data-end=\"7790\">\n<p data-start=\"7717\" data-end=\"7790\"><strong data-start=\"7717\" data-end=\"7747\">Porter des v\u00eatements de protection<\/strong> (gants, blouse, lunettes de s\u00e9curit\u00e9).<\/p>\n<\/li>\n<li data-start=\"7791\" data-end=\"7861\">\n<p data-start=\"7794\" data-end=\"7861\"><strong data-start=\"7794\" data-end=\"7832\">Utiliser des instruments calibr\u00e9s<\/strong> pour des mesures pr\u00e9cises.<\/p>\n<\/li>\n<li data-start=\"7862\" data-end=\"7927\">\n<p data-start=\"7865\" data-end=\"7927\"><strong data-start=\"7865\" data-end=\"7903\">Enregistrer les informations sur le lot et l&#039;\u00e9chantillon<\/strong> pour la tra\u00e7abilit\u00e9.<\/p>\n<\/li>\n<li data-start=\"7928\" data-end=\"7992\">\n<p data-start=\"7931\" data-end=\"7992\"><strong data-start=\"7931\" data-end=\"7955\">Conserver les mat\u00e9riaux restants<\/strong> dans un r\u00e9cipient bien ferm\u00e9.<\/p>\n<\/li>\n<li data-start=\"7993\" data-end=\"8068\">\n<p data-start=\"7996\" data-end=\"8068\"><strong data-start=\"7996\" data-end=\"8022\">\u00c9liminer les d\u00e9chets<\/strong> conform\u00e9ment aux directives de s\u00e9curit\u00e9 en vigueur.<\/p>\n<\/li>\n<\/ol>\n<blockquote data-start=\"8070\" data-end=\"8147\">\n<p data-start=\"8072\" data-end=\"8147\">\u2697\ufe0f <strong data-start=\"8075\" data-end=\"8147\">R\u00e9serv\u00e9 aux tests en laboratoire \u2013 non destin\u00e9 \u00e0 la consommation humaine.<\/strong><\/p>\n<\/blockquote>\n<hr data-start=\"8149\" data-end=\"8152\" \/>\n<h3 data-start=\"8154\" data-end=\"8179\"><strong data-start=\"8158\" data-end=\"8179\">Instructions de stockage<\/strong><\/h3>\n<ul data-start=\"8181\" data-end=\"8356\">\n<li data-start=\"8181\" data-end=\"8223\">\n<p data-start=\"8183\" data-end=\"8223\">\u00c9conomisez sur <strong data-start=\"8194\" data-end=\"8203\">2\u20138\u00b0C<\/strong>, sec et sombre.<\/p>\n<\/li>\n<li data-start=\"8224\" data-end=\"8267\">\n<p data-start=\"8226\" data-end=\"8267\">Conserver l&#039;emballage <strong data-start=\"8245\" data-end=\"8264\">bien ferm\u00e9<\/strong>.<\/p>\n<\/li>\n<li data-start=\"8268\" data-end=\"8313\">\n<p data-start=\"8270\" data-end=\"8313\">Prot\u00e9ger contre <strong data-start=\"8285\" data-end=\"8310\">lumi\u00e8re, humidit\u00e9 et chaleur<\/strong>.<\/p>\n<\/li>\n<li data-start=\"8314\" data-end=\"8356\">\n<p data-start=\"8316\" data-end=\"8356\">Tenir hors de port\u00e9e des personnes non autoris\u00e9es.<\/p>\n<\/li>\n<\/ul>\n<hr data-start=\"8358\" data-end=\"8361\" \/>\n<h3 data-start=\"8363\" data-end=\"8398\"><strong data-start=\"8367\" data-end=\"8398\">Foire aux questions (FAQ)<\/strong><\/h3>\n<p data-start=\"8400\" data-end=\"8548\"><strong data-start=\"8400\" data-end=\"8443\">1. \u00c0 quoi sert le 6-APB 130 mg ?<\/strong><br data-start=\"8443\" data-end=\"8446\" \/>Pour <strong data-start=\"8451\" data-end=\"8489\">recherche analytique et m\u00e9dico-l\u00e9gale<\/strong> D\u00e9sagr\u00e9able <strong data-start=\"8495\" data-end=\"8545\">compos\u00e9s de benzofurane et interactions avec les r\u00e9cepteurs<\/strong>.<\/p>\n<p data-start=\"8550\" data-end=\"8735\"><strong data-start=\"8550\" data-end=\"8597\">2. Ce produit est-il propre \u00e0 la consommation ?<\/strong><br data-start=\"8597\" data-end=\"8600\" \/>Non. <strong data-start=\"8605\" data-end=\"8628\">Granul\u00e9s de 6-APB 130 mg<\/strong> sont <strong data-start=\"8634\" data-end=\"8684\">destin\u00e9 uniquement \u00e0 la recherche en laboratoire<\/strong> et <strong data-start=\"8688\" data-end=\"8732\">impropre \u00e0 la consommation humaine<\/strong>.<\/p>\n<p data-start=\"8737\" data-end=\"8892\"><strong data-start=\"8737\" data-end=\"8787\">3. Quelle est la meilleure fa\u00e7on de stocker les granul\u00e9s 6-APB ?<\/strong><br data-start=\"8787\" data-end=\"8790\" \/>Gardez-les dans un <strong data-start=\"8807\" data-end=\"8851\">environnement frais, sec et sombre (2\u20138\u00b0C)<\/strong> dans un <strong data-start=\"8859\" data-end=\"8889\">emballage bien scell\u00e9<\/strong>.<\/p>\n<hr data-start=\"8894\" data-end=\"8897\" \/>\n<h3 data-start=\"8899\" data-end=\"8916\"><strong data-start=\"8903\" data-end=\"8916\">Conclusion<\/strong><\/h3>\n<p data-start=\"8918\" data-end=\"9204\"><strong data-start=\"8918\" data-end=\"8941\">Granul\u00e9s de 6-APB 130 mg<\/strong> offre <strong data-start=\"8949\" data-end=\"9014\">puret\u00e9, stabilit\u00e9 et reproductibilit\u00e9 exceptionnelles<\/strong>, d\u00e9velopp\u00e9 pour la recherche analytique professionnelle.<br data-start=\"9067\" data-end=\"9070\" \/>Un choix fiable pour les laboratoires travaillant sur <strong data-start=\"9124\" data-end=\"9201\">analyses chimiques et \u00e9tudes structurales des compos\u00e9s de benzofurane<\/strong>.<\/p>\n<p><span style=\"vertical-align: inherit;\"><span style=\"vertical-align: inherit;\">\u00a0<\/span><\/span><a href=\"https:\/\/researchchemicalhub.com\/fr_be\/shop\/lysergamides\/1v-lsd-150-mcg-blotters\/\"><span style=\"vertical-align: inherit;\"><span style=\"vertical-align: inherit;\">buvards 1V-LSD 150 MCG<\/span><\/span><\/a><span style=\"vertical-align: inherit;\"><span style=\"vertical-align: inherit;\">\u00a0<\/span><\/span><a href=\"https:\/\/researchchemicalhub.com\/fr_be\/shop\/cathinonen\/2-cmc-kopen\/\"><span style=\"vertical-align: inherit;\"><span style=\"vertical-align: inherit;\">Granul\u00e9s de 2-CMC 250 mg<\/span><\/span><\/a><span style=\"vertical-align: inherit;\"><span style=\"vertical-align: inherit;\">\u00a0<\/span><\/span><a href=\"https:\/\/researchchemicalhub.com\/fr_be\/shop\/bijna-verboden\/pink-star-pellets-5-mapb-70mg-2-fma-20mg-5-meo-mipt-2mg\/\"><span style=\"vertical-align: inherit;\"><span style=\"vertical-align: inherit;\">Granul\u00e9s Pink Star 5-MAPB 70 mg \/ 2-FMA 20 mg \/ 5-MeO-MiPT 2 mg <\/span><\/span><\/a><a href=\"https:\/\/researchchemicalhub.com\/fr_be\/shop\/bijna-verboden\/4f-mph-25-mg-pellets\/\"><span style=\"vertical-align: inherit;\"><span style=\"vertical-align: inherit;\">Granul\u00e9s 4F-MPH 25 MG<\/span><\/span><\/a><span style=\"vertical-align: inherit;\"><span style=\"vertical-align: inherit;\">\u00a0<\/span><\/span><a href=\"https:\/\/researchchemicalhub.com\/fr_be\/shop\/pellets\/erextc-homosildenafil-100-mg-pellets\/\"><span style=\"vertical-align: inherit;\"><span style=\"vertical-align: inherit;\">Granul\u00e9s d&#039;homosild\u00e9nafil 100 mg EREXTC<\/span><\/span><\/a><\/p>","protected":false},"excerpt":{"rendered":"<h3><span style=\"vertical-align: inherit;\"><span style=\"vertical-align: inherit;\">Propri\u00e9t\u00e9s 6-APB<\/span><\/span><\/h3>\n<p><strong><span style=\"vertical-align: inherit;\"><span style=\"vertical-align: inherit;\">Synonyme<\/span><\/span><\/strong><span style=\"vertical-align: inherit;\"><span style=\"vertical-align: inherit;\"> : 6-(2-aminopropyl)benzofurane <\/span><\/span><br \/>\n<strong><span style=\"vertical-align: inherit;\"><span style=\"vertical-align: inherit;\">Num\u00e9ro CAS :<\/span><\/span><\/strong><span style=\"vertical-align: inherit;\"><span style=\"vertical-align: inherit;\"> 286834-85-3 <\/span><\/span><br \/>\n<strong><span style=\"vertical-align: inherit;\"><span style=\"vertical-align: inherit;\">Formule<\/span><\/span><\/strong><span style=\"vertical-align: inherit;\"><span style=\"vertical-align: inherit;\"> : <\/span><\/span><span title=\"Carbone\"><span style=\"vertical-align: inherit;\"><span style=\"vertical-align: inherit;\">C <\/span><\/span><\/span><sub><span style=\"vertical-align: inherit;\"><span style=\"vertical-align: inherit;\">11 <\/span><\/span><\/sub><span title=\"Hydrog\u00e8ne\"><span style=\"vertical-align: inherit;\"><span style=\"vertical-align: inherit;\">H <\/span><\/span><\/span><sub><span style=\"vertical-align: inherit;\"><span style=\"vertical-align: inherit;\">13 <\/span><\/span><\/sub><span title=\"Azote\"><span style=\"vertical-align: inherit;\"><span style=\"vertical-align: inherit;\">N <\/span><\/span><\/span><span title=\"Oxyg\u00e8ne\"><span style=\"vertical-align: inherit;\"><span style=\"vertical-align: inherit;\">O <\/span><\/span><\/span><br \/>\n<strong><span style=\"vertical-align: inherit;\"><span style=\"vertical-align: inherit;\">Masse molaire<\/span><\/span><\/strong><span style=\"vertical-align: inherit;\"><span style=\"vertical-align: inherit;\"> : <\/span><\/span><span class=\"nowrap\"><span style=\"vertical-align: inherit;\"><span style=\"vertical-align: inherit;\">175.231<\/span><\/span><\/span><span style=\"vertical-align: inherit;\"><span style=\"vertical-align: inherit;\"> \u00a0g\/mol <\/span><\/span><br \/>\n<strong><span style=\"vertical-align: inherit;\"><span style=\"vertical-align: inherit;\">Puret\u00e9<\/span><\/span><\/strong><span style=\"vertical-align: inherit;\"><span style=\"vertical-align: inherit;\"> : &gt;98%<\/span><\/span><\/p>","protected":false},"featured_media":28696,"comment_status":"closed","ping_status":"closed","template":"","meta":[],"product_brand":[82],"product_cat":[340,341,339,322,324],"product_tag":[126,326],"class_list":{"0":"post-23992","1":"product","2":"type-product","3":"status-publish","4":"has-post-thumbnail","6":"product_brand-research-chemical","7":"product_cat-6-apb","8":"product_cat-6-apb-pellets","9":"product_cat-benzofuran","10":"product_cat-bijna-verboden","11":"product_cat-pellets-for-pellet","12":"product_tag-6-apb-kopen","13":"product_tag-nl","15":"first","16":"instock","17":"taxable","18":"shipping-taxable","19":"purchasable","20":"product-type-variable"},"_links":{"self":[{"href":"https:\/\/researchchemicalhub.com\/fr_be\/wp-json\/wp\/v2\/product\/23992","targetHints":{"allow":["GET"]}}],"collection":[{"href":"https:\/\/researchchemicalhub.com\/fr_be\/wp-json\/wp\/v2\/product"}],"about":[{"href":"https:\/\/researchchemicalhub.com\/fr_be\/wp-json\/wp\/v2\/types\/product"}],"replies":[{"embeddable":true,"href":"https:\/\/researchchemicalhub.com\/fr_be\/wp-json\/wp\/v2\/comments?post=23992"}],"version-history":[{"count":6,"href":"https:\/\/researchchemicalhub.com\/fr_be\/wp-json\/wp\/v2\/product\/23992\/revisions"}],"predecessor-version":[{"id":27907,"href":"https:\/\/researchchemicalhub.com\/fr_be\/wp-json\/wp\/v2\/product\/23992\/revisions\/27907"}],"wp:featuredmedia":[{"embeddable":true,"href":"https:\/\/researchchemicalhub.com\/fr_be\/wp-json\/wp\/v2\/media\/28696"}],"wp:attachment":[{"href":"https:\/\/researchchemicalhub.com\/fr_be\/wp-json\/wp\/v2\/media?parent=23992"}],"wp:term":[{"taxonomy":"product_brand","embeddable":true,"href":"https:\/\/researchchemicalhub.com\/fr_be\/wp-json\/wp\/v2\/product_brand?post=23992"},{"taxonomy":"product_cat","embeddable":true,"href":"https:\/\/researchchemicalhub.com\/fr_be\/wp-json\/wp\/v2\/product_cat?post=23992"},{"taxonomy":"product_tag","embeddable":true,"href":"https:\/\/researchchemicalhub.com\/fr_be\/wp-json\/wp\/v2\/product_tag?post=23992"}],"curies":[{"name":"wp","href":"https:\/\/api.w.org\/{rel}","templated":true}]}}