{"id":23896,"date":"2025-04-13T17:40:39","date_gmt":"2025-04-13T17:40:39","guid":{"rendered":"https:\/\/researchchemicalhub.com\/?post_type=product&#038;p=23896"},"modified":"2025-10-30T07:56:46","modified_gmt":"2025-10-30T07:56:46","slug":"granules-de-norflurazepam-10-mg","status":"publish","type":"product","link":"https:\/\/researchchemicalhub.com\/fr_be\/boutique\/benzodiazepines\/granules-de-norflurazepam-10-mg\/","title":{"rendered":"Granul\u00e9s de norfluraz\u00e9pam 10 mg"},"content":{"rendered":"<h3 data-start=\"6139\" data-end=\"6158\"><strong data-start=\"6143\" data-end=\"6158\">Introduction<\/strong><\/h3>\n<p data-start=\"6160\" data-end=\"6523\"><strong data-start=\"6160\" data-end=\"6190\">Granul\u00e9s de norfluraz\u00e9pam 10 mg<\/strong> sont <strong data-start=\"6196\" data-end=\"6243\">substances de recherche de qualit\u00e9 analytique<\/strong>, d\u00e9velopp\u00e9 pour <strong data-start=\"6261\" data-end=\"6315\">recherche scientifique, m\u00e9dico-l\u00e9gale et chimique<\/strong>. Granul\u00e9s de norfluraz\u00e9pam 10 mg<br data-start=\"6316\" data-end=\"6319\" \/>\u00c9galement connu sous le nom de <strong data-start=\"6334\" data-end=\"6356\">d\u00e9salkylfluraz\u00e9pam<\/strong>, cette connexion appartient-elle \u00e0 la <strong data-start=\"6389\" data-end=\"6413\">classe des benzodiaz\u00e9pines<\/strong> et c&#039;est un <strong data-start=\"6428\" data-end=\"6476\">m\u00e9tabolite de diverses benzodiaz\u00e9pines<\/strong>, sous lequel <strong data-start=\"6488\" data-end=\"6502\">Diclaz\u00e9pam<\/strong> et <strong data-start=\"6506\" data-end=\"6520\">Fluraz\u00e9pam<\/strong>.<\/p>\n<p data-start=\"6525\" data-end=\"6758\">Chaque pastille contient <strong data-start=\"6543\" data-end=\"6573\">10 milligrammes de norfluraz\u00e9pam<\/strong> avec une puret\u00e9 garantie de <strong data-start=\"6611\" data-end=\"6619\">\u226599%<\/strong>, test\u00e9 sous <strong data-start=\"6634\" data-end=\"6668\">Bonnes pratiques de laboratoire (BPL)<\/strong>-normes.<br data-start=\"6676\" data-end=\"6679\" \/>Id\u00e9al pour <strong data-start=\"6691\" data-end=\"6755\">examen chromatographique, spectroscopique et toxicologique<\/strong>.<\/p>\n<blockquote data-start=\"6760\" data-end=\"6904\">\n<p data-start=\"6762\" data-end=\"6904\">\u26a0\ufe0f <strong data-start=\"6765\" data-end=\"6776\">NB:<\/strong> Ce produit est <strong data-start=\"6792\" data-end=\"6842\">destin\u00e9 uniquement \u00e0 la recherche en laboratoire<\/strong> et <strong data-start=\"6846\" data-end=\"6903\">ne convient pas \u00e0 la consommation humaine ou animale<\/strong>.<\/p>\n<\/blockquote>\n<hr data-start=\"6906\" data-end=\"6909\" \/>\n<h3 data-start=\"6911\" data-end=\"6942\"><strong data-start=\"6915\" data-end=\"6942\">Caract\u00e9ristiques principales<\/strong><\/h3>\n<ul data-start=\"6944\" data-end=\"7442\">\n<li data-start=\"6944\" data-end=\"7043\">\n<p data-start=\"6946\" data-end=\"7043\"><strong data-start=\"6946\" data-end=\"6978\">Haute puret\u00e9 analytique :<\/strong> \u226599% test\u00e9 par analyse chromatographique et spectroscopique.<\/p>\n<\/li>\n<li data-start=\"7044\" data-end=\"7110\">\n<p data-start=\"7046\" data-end=\"7110\"><strong data-start=\"7046\" data-end=\"7066\">Dosage exact :<\/strong> Chaque pastille contient <strong data-start=\"7085\" data-end=\"7107\">10 mg de norfluraz\u00e9pam<\/strong>.<\/p>\n<\/li>\n<li data-start=\"7111\" data-end=\"7186\">\n<p data-start=\"7113\" data-end=\"7186\"><strong data-start=\"7113\" data-end=\"7134\">Chimiquement stable :<\/strong> R\u00e9sistant \u00e0 la d\u00e9gradation dans des conditions de stockage appropri\u00e9es.<\/p>\n<\/li>\n<li data-start=\"7187\" data-end=\"7278\">\n<p data-start=\"7189\" data-end=\"7278\"><strong data-start=\"7189\" data-end=\"7207\">Production BPL :<\/strong> Produit sous des conditions strictes <strong data-start=\"7235\" data-end=\"7263\">Bonnes pratiques de laboratoire<\/strong>-lignes directrices.<\/p>\n<\/li>\n<li data-start=\"7279\" data-end=\"7362\">\n<p data-start=\"7281\" data-end=\"7362\"><strong data-start=\"7281\" data-end=\"7298\">Test\u00e9 par lots :<\/strong> Chaque lot est contr\u00f4l\u00e9 pour son identit\u00e9 et sa coh\u00e9rence.<\/p>\n<\/li>\n<li data-start=\"7363\" data-end=\"7442\">\n<p data-start=\"7365\" data-end=\"7442\"><strong data-start=\"7365\" data-end=\"7388\">Emballage s\u00fbr :<\/strong> Herm\u00e9tique et scell\u00e9 pour une dur\u00e9e de conservation optimale.<\/p>\n<\/li>\n<\/ul>\n<hr data-start=\"7444\" data-end=\"7447\" \/>\n<h3 data-start=\"7449\" data-end=\"7466\"><strong data-start=\"7453\" data-end=\"7466\">Avantages<\/strong><\/h3>\n<ol data-start=\"7468\" data-end=\"7886\">\n<li data-start=\"7468\" data-end=\"7555\">\n<p data-start=\"7471\" data-end=\"7555\"><strong data-start=\"7471\" data-end=\"7508\">R\u00e9sultats de recherche fiables :<\/strong> Une puret\u00e9 \u00e9lev\u00e9e garantit des donn\u00e9es coh\u00e9rentes.<\/p>\n<\/li>\n<li data-start=\"7556\" data-end=\"7644\">\n<p data-start=\"7559\" data-end=\"7644\"><strong data-start=\"7559\" data-end=\"7586\">Stabilit\u00e9 \u00e0 long terme :<\/strong> R\u00e9sistant \u00e0 la lumi\u00e8re, \u00e0 l&#039;humidit\u00e9 et aux changements de temp\u00e9rature.<\/p>\n<\/li>\n<li data-start=\"7645\" data-end=\"7717\">\n<p data-start=\"7648\" data-end=\"7717\"><strong data-start=\"7648\" data-end=\"7672\">Convivial:<\/strong> La forme de granul\u00e9s permet un dosage facile.<\/p>\n<\/li>\n<li data-start=\"7718\" data-end=\"7805\">\n<p data-start=\"7721\" data-end=\"7805\"><strong data-start=\"7721\" data-end=\"7749\">Qualit\u00e9 professionnelle :<\/strong> Convient pour <strong data-start=\"7764\" data-end=\"7802\">recherche m\u00e9dico-l\u00e9gale et analytique<\/strong>.<\/p>\n<\/li>\n<li data-start=\"7806\" data-end=\"7886\">\n<p data-start=\"7809\" data-end=\"7886\"><strong data-start=\"7809\" data-end=\"7840\">Normes internationales :<\/strong> Fabriqu\u00e9 selon les normes de s\u00e9curit\u00e9 GLP.<\/p>\n<\/li>\n<\/ol>\n<hr data-start=\"7888\" data-end=\"7891\" \/>\n<h3 data-start=\"7893\" data-end=\"7932\"><strong data-start=\"7897\" data-end=\"7932\">Utilisation (pour la recherche uniquement)<\/strong><\/h3>\n<ol data-start=\"7934\" data-end=\"8347\">\n<li data-start=\"7934\" data-end=\"8026\">\n<p data-start=\"7937\" data-end=\"8026\"><strong data-start=\"7937\" data-end=\"7968\">Portez des v\u00eatements de protection :<\/strong> Des gants, des lunettes de s\u00e9curit\u00e9 et une blouse de laboratoire sont obligatoires.<\/p>\n<\/li>\n<li data-start=\"8027\" data-end=\"8096\">\n<p data-start=\"8030\" data-end=\"8096\"><strong data-start=\"8030\" data-end=\"8067\">Utiliser un \u00e9quipement calibr\u00e9 :<\/strong> Pour des mesures pr\u00e9cises.<\/p>\n<\/li>\n<li data-start=\"8097\" data-end=\"8167\">\n<p data-start=\"8100\" data-end=\"8167\"><strong data-start=\"8100\" data-end=\"8127\">Notez les informations sur le lot\u00a0:<\/strong> Enregistrez la puret\u00e9 et la quantit\u00e9.<\/p>\n<\/li>\n<li data-start=\"8168\" data-end=\"8254\">\n<p data-start=\"8171\" data-end=\"8254\"><strong data-start=\"8171\" data-end=\"8211\">Travailler dans un environnement contr\u00f4l\u00e9 :<\/strong> Utiliser du mat\u00e9riel de laboratoire st\u00e9rile.<\/p>\n<\/li>\n<li data-start=\"8255\" data-end=\"8347\">\n<p data-start=\"8258\" data-end=\"8347\"><strong data-start=\"8258\" data-end=\"8292\">\u00c9liminer les d\u00e9chets en toute s\u00e9curit\u00e9 :<\/strong> Suivez les consignes de s\u00e9curit\u00e9 du laboratoire.<\/p>\n<\/li>\n<\/ol>\n<blockquote data-start=\"8349\" data-end=\"8434\">\n<p data-start=\"8351\" data-end=\"8434\">\u2697\ufe0f <strong data-start=\"8354\" data-end=\"8434\">R\u00e9serv\u00e9 aux tests en laboratoire \u2013 non destin\u00e9 \u00e0 la consommation humaine.<\/strong><\/p>\n<\/blockquote>\n<hr data-start=\"8436\" data-end=\"8439\" \/>\n<h3 data-start=\"8441\" data-end=\"8466\"><strong data-start=\"8445\" data-end=\"8466\">Instructions de stockage<\/strong><\/h3>\n<ul data-start=\"8468\" data-end=\"8636\">\n<li data-start=\"8468\" data-end=\"8510\">\n<p data-start=\"8470\" data-end=\"8510\">\u00c9conomisez sur <strong data-start=\"8481\" data-end=\"8490\">2\u20138\u00b0C<\/strong>, sec et sombre.<\/p>\n<\/li>\n<li data-start=\"8511\" data-end=\"8547\">\n<p data-start=\"8513\" data-end=\"8547\">Garder le r\u00e9cipient bien ferm\u00e9.<\/p>\n<\/li>\n<li data-start=\"8548\" data-end=\"8593\">\n<p data-start=\"8550\" data-end=\"8593\">Prot\u00e9ger contre <strong data-start=\"8565\" data-end=\"8590\">lumi\u00e8re, humidit\u00e9 et chaleur<\/strong>.<\/p>\n<\/li>\n<li data-start=\"8594\" data-end=\"8636\">\n<p data-start=\"8596\" data-end=\"8636\">Tenir hors de port\u00e9e des personnes non autoris\u00e9es.<\/p>\n<\/li>\n<\/ul>\n<hr data-start=\"8638\" data-end=\"8641\" \/>\n<h3 data-start=\"8643\" data-end=\"8678\"><strong data-start=\"8647\" data-end=\"8678\">Foire aux questions (FAQ)<\/strong><\/h3>\n<p data-start=\"8680\" data-end=\"8839\"><strong data-start=\"8680\" data-end=\"8725\">1. \u00c0 quoi sert le norfluraz\u00e9pam\u00a0?<\/strong><br data-start=\"8725\" data-end=\"8728\" \/>Pour <strong data-start=\"8733\" data-end=\"8771\">recherche analytique et m\u00e9dico-l\u00e9gale<\/strong>, en mettant l&#039;accent sur <strong data-start=\"8787\" data-end=\"8836\">analyse des benzodiaz\u00e9pines et \u00e9tude des m\u00e9tabolites<\/strong>. Granul\u00e9s de norfluraz\u00e9pam 10 mg<\/p>\n<p data-start=\"8841\" data-end=\"9059\"><strong data-start=\"8841\" data-end=\"8901\">2. Le norfluraz\u00e9pam est-il adapt\u00e9 \u00e0 la consommation humaine\u00a0?<\/strong><br data-start=\"8901\" data-end=\"8904\" \/>Non. <strong data-start=\"8909\" data-end=\"8939\">Granul\u00e9s de norfluraz\u00e9pam 10 mg<\/strong> sont <strong data-start=\"8945\" data-end=\"8995\">destin\u00e9 uniquement \u00e0 la recherche en laboratoire<\/strong> et <strong data-start=\"8999\" data-end=\"9056\">ne convient pas \u00e0 la consommation humaine ou animale<\/strong>.<\/p>\n<p data-start=\"9061\" data-end=\"9211\"><strong data-start=\"9061\" data-end=\"9106\">3. Comment conserver au mieux le norfluraz\u00e9pam\u00a0?<\/strong><br data-start=\"9106\" data-end=\"9109\" \/>\u00c9conomisez sur un <strong data-start=\"9123\" data-end=\"9165\">endroit frais, sec et sombre (2\u20138\u00b0C)<\/strong> dans le <strong data-start=\"9172\" data-end=\"9208\">emballage herm\u00e9tique d&#039;origine<\/strong>.<\/p>\n<hr data-start=\"9213\" data-end=\"9216\" \/>\n<h3 data-start=\"9218\" data-end=\"9235\"><strong data-start=\"9222\" data-end=\"9235\">Conclusion<\/strong><\/h3>\n<p data-start=\"9237\" data-end=\"9533\"><strong data-start=\"9237\" data-end=\"9267\">Granul\u00e9s de norfluraz\u00e9pam 10 mg<\/strong> offre <strong data-start=\"9275\" data-end=\"9337\">excellente puret\u00e9, stabilit\u00e9 et reproductibilit\u00e9<\/strong>, id\u00e9al pour <strong data-start=\"9351\" data-end=\"9399\">recherche analytique, chimique et m\u00e9dico-l\u00e9gale<\/strong>.<br data-start=\"9400\" data-end=\"9403\" \/>Un choix fiable pour les laboratoires ax\u00e9s sur <strong data-start=\"9462\" data-end=\"9530\">analyse des benzodiaz\u00e9pines, \u00e9tudes des r\u00e9cepteurs et recherche structurelle<\/strong>.<\/p>","protected":false},"excerpt":{"rendered":"<h3><span data-sheets-value=\"{\" data-sheets-userformat=\"{\"><span dir=\"auto\" style=\"vertical-align: inherit;\"><span dir=\"auto\" style=\"vertical-align: inherit;\">Propri\u00e9t\u00e9s du norfluraz\u00e9pam<\/span><\/span><\/span><\/h3>\n<p><strong><span dir=\"auto\" style=\"vertical-align: inherit;\"><span dir=\"auto\" style=\"vertical-align: inherit;\">Synonyme:<\/span><\/span><\/strong><span dir=\"auto\" style=\"vertical-align: inherit;\"><span dir=\"auto\" style=\"vertical-align: inherit;\"> Norfluraz\u00e9pam <\/span><\/span><br \/>\n<strong><span dir=\"auto\" style=\"vertical-align: inherit;\"><span dir=\"auto\" style=\"vertical-align: inherit;\">Num\u00e9ro CAS :<\/span><\/span><\/strong><span dir=\"auto\" style=\"vertical-align: inherit;\"><span dir=\"auto\" style=\"vertical-align: inherit;\"> 2886-65-9 <\/span><\/span><br \/>\n<strong><span dir=\"auto\" style=\"vertical-align: inherit;\"><span dir=\"auto\" style=\"vertical-align: inherit;\">Formule:<\/span><\/span><\/strong><span dir=\"auto\" style=\"vertical-align: inherit;\"><span dir=\"auto\" style=\"vertical-align: inherit;\"> 7-chloro-5-(2-fluoroph\u00e9nyl)-1,3-dihydro-2H-1,4-benzodiaz\u00e9pine-2-one <\/span><\/span><br \/>\n<strong><span dir=\"auto\" style=\"vertical-align: inherit;\"><span dir=\"auto\" style=\"vertical-align: inherit;\">Masse molaire:<\/span><\/span><\/strong><span dir=\"auto\" style=\"vertical-align: inherit;\"><span dir=\"auto\" style=\"vertical-align: inherit;\"> 299,3 g\/mol <\/span><\/span><br \/>\n<strong><span dir=\"auto\" style=\"vertical-align: inherit;\"><span dir=\"auto\" style=\"vertical-align: inherit;\">Puret\u00e9:<\/span><\/span><\/strong><span dir=\"auto\" style=\"vertical-align: inherit;\"><span dir=\"auto\" style=\"vertical-align: inherit;\"> &gt;97%<\/span><\/span><\/p>","protected":false},"featured_media":28578,"comment_status":"closed","ping_status":"closed","template":"","meta":[],"product_brand":[],"product_cat":[76,388,394,324,398],"product_tag":[326],"class_list":{"0":"post-23896","1":"product","2":"type-product","3":"status-publish","4":"has-post-thumbnail","6":"product_cat-benzodiazepinen","7":"product_cat-norflurazepam","8":"product_cat-norflurazepam-pellets","9":"product_cat-pellets-for-pellet","10":"product_cat-verkoop","11":"product_tag-nl","13":"first","14":"instock","15":"sale","16":"taxable","17":"shipping-taxable","18":"purchasable","19":"product-type-variable"},"_links":{"self":[{"href":"https:\/\/researchchemicalhub.com\/fr_be\/wp-json\/wp\/v2\/product\/23896","targetHints":{"allow":["GET"]}}],"collection":[{"href":"https:\/\/researchchemicalhub.com\/fr_be\/wp-json\/wp\/v2\/product"}],"about":[{"href":"https:\/\/researchchemicalhub.com\/fr_be\/wp-json\/wp\/v2\/types\/product"}],"replies":[{"embeddable":true,"href":"https:\/\/researchchemicalhub.com\/fr_be\/wp-json\/wp\/v2\/comments?post=23896"}],"version-history":[{"count":5,"href":"https:\/\/researchchemicalhub.com\/fr_be\/wp-json\/wp\/v2\/product\/23896\/revisions"}],"predecessor-version":[{"id":27924,"href":"https:\/\/researchchemicalhub.com\/fr_be\/wp-json\/wp\/v2\/product\/23896\/revisions\/27924"}],"wp:featuredmedia":[{"embeddable":true,"href":"https:\/\/researchchemicalhub.com\/fr_be\/wp-json\/wp\/v2\/media\/28578"}],"wp:attachment":[{"href":"https:\/\/researchchemicalhub.com\/fr_be\/wp-json\/wp\/v2\/media?parent=23896"}],"wp:term":[{"taxonomy":"product_brand","embeddable":true,"href":"https:\/\/researchchemicalhub.com\/fr_be\/wp-json\/wp\/v2\/product_brand?post=23896"},{"taxonomy":"product_cat","embeddable":true,"href":"https:\/\/researchchemicalhub.com\/fr_be\/wp-json\/wp\/v2\/product_cat?post=23896"},{"taxonomy":"product_tag","embeddable":true,"href":"https:\/\/researchchemicalhub.com\/fr_be\/wp-json\/wp\/v2\/product_tag?post=23896"}],"curies":[{"name":"wp","href":"https:\/\/api.w.org\/{rel}","templated":true}]}}