{"id":23869,"date":"2025-04-13T17:40:36","date_gmt":"2025-04-13T17:40:36","guid":{"rendered":"https:\/\/researchchemicalhub.com\/?post_type=product&#038;p=23869"},"modified":"2025-10-30T08:00:44","modified_gmt":"2025-10-30T08:00:44","slug":"achetez-34-dmmc","status":"publish","type":"product","link":"https:\/\/researchchemicalhub.com\/fr_be\/boutique\/3\/achetez-34-dmmc\/","title":{"rendered":"3,4-DMMC (3,4-dim\u00e9thylm\u00e9thcathinone)"},"content":{"rendered":"<p data-start=\"4596\" data-end=\"4908\"><strong data-start=\"4596\" data-end=\"4636\">3,4-DMMC (3,4-dim\u00e9thylm\u00e9thcathinone)<\/strong> est un <strong data-start=\"4644\" data-end=\"4679\">compos\u00e9 stimulant de conception<\/strong> dans la classe de <strong data-start=\"4701\" data-end=\"4725\">remplacer les cathinones<\/strong>.\u00a0<br data-start=\"4764\" data-end=\"4767\" \/>Il a \u00e9t\u00e9 d\u00e9tect\u00e9 pour la premi\u00e8re fois vers 2010 comme un analogue de la m\u00e9ph\u00e9drone et d\u2019autres cathinones. <span class=\"___SBox_epc1q-ko_ ___SText_zko9t-ko_\" data-ui-name=\"Link.Text\">Achetez 34 dmmc<\/span><\/p>\n<p data-start=\"4910\" data-end=\"5190\">En tant que produit chimique de recherche, le 3,4-DMMC est utilis\u00e9 dans <strong data-start=\"4966\" data-end=\"5017\">\u00e9tudes analytiques, structurelles et m\u00e9dico-l\u00e9gales<\/strong> des nouvelles substances psychoactives (NPS). Il sert de r\u00e9f\u00e9rence dans les laboratoires \u00e9tudiant les interactions entre transporteurs, les m\u00e9tabolites et l&#039;identification spectrale.<\/p>\n<hr data-start=\"5192\" data-end=\"5195\" \/>\n<h3 data-start=\"5197\" data-end=\"5228\"><strong data-start=\"5201\" data-end=\"5228\">Caract\u00e9ristiques principales<\/strong><\/h3>\n<ul data-start=\"5230\" data-end=\"6038\">\n<li data-start=\"5230\" data-end=\"5319\">\n<p data-start=\"5232\" data-end=\"5319\"><strong data-start=\"5232\" data-end=\"5264\">Haute puret\u00e9 analytique :<\/strong> G\u00e9n\u00e9ralement \u2265 98\u201399% puret\u00e9 (selon le lot).<\/p>\n<\/li>\n<li data-start=\"5320\" data-end=\"5456\">\n<p data-start=\"5322\" data-end=\"5456\"><strong data-start=\"5322\" data-end=\"5346\">Structurellement analogue :<\/strong> Cathinone avec des groupes m\u00e9thyles aux positions 3 et 4 du cycle ph\u00e9nyle.<\/p>\n<\/li>\n<li data-start=\"5457\" data-end=\"5650\">\n<p data-start=\"5459\" data-end=\"5650\"><strong data-start=\"5459\" data-end=\"5495\">Activit\u00e9 du transporteur de monoamine :<\/strong> Agit comme substrat\/inhibiteur des transporteurs de s\u00e9rotonine et de noradr\u00e9naline ; effet moindre sur la recapture de la dopamine.<\/p>\n<\/li>\n<li data-start=\"5651\" data-end=\"5785\">\n<p data-start=\"5653\" data-end=\"5785\"><strong data-start=\"5653\" data-end=\"5689\">Donn\u00e9es de caract\u00e9risation robustes :<\/strong> Enti\u00e8rement caract\u00e9ris\u00e9 par GC\/MS, IR, RMN, UV\/vis.<\/p>\n<\/li>\n<li data-start=\"5786\" data-end=\"5946\">\n<p data-start=\"5788\" data-end=\"5946\"><strong data-start=\"5788\" data-end=\"5815\">Temps de r\u00e9tention GC unique :<\/strong> Bien que les profils IR\/UV ressemblent \u00e0 ceux de la m\u00e9ph\u00e9drone, les temps de r\u00e9tention et la fragmentation diff\u00e8rent.<\/p>\n<\/li>\n<li data-start=\"5947\" data-end=\"6038\">\n<p data-start=\"5949\" data-end=\"6038\"><strong data-start=\"5949\" data-end=\"5979\">Stable lorsqu&#039;il est stock\u00e9 correctement :<\/strong> Maintient l\u2019int\u00e9grit\u00e9 lorsqu\u2019il est correctement couvert et prot\u00e9g\u00e9.<\/p>\n<\/li>\n<\/ul>\n<hr data-start=\"6040\" data-end=\"6043\" \/>\n<h3 data-start=\"6045\" data-end=\"6062\"><strong data-start=\"6049\" data-end=\"6062\">Avantages<\/strong><\/h3>\n<ol data-start=\"6064\" data-end=\"6583\">\n<li data-start=\"6064\" data-end=\"6166\">\n<p data-start=\"6067\" data-end=\"6166\"><strong data-start=\"6067\" data-end=\"6098\">Substance de r\u00e9f\u00e9rence fiable :<\/strong> Utiliser comme outil d\u2019\u00e9talonnage et de comparaison dans les laboratoires m\u00e9dico-l\u00e9gaux.<\/p>\n<\/li>\n<li data-start=\"6167\" data-end=\"6262\">\n<p data-start=\"6170\" data-end=\"6262\"><strong data-start=\"6170\" data-end=\"6194\">D\u00e9fi spectral :<\/strong> Il sert d&#039;analogue stimulant pour tester la s\u00e9lectivit\u00e9 des instruments.<\/p>\n<\/li>\n<li data-start=\"6263\" data-end=\"6359\">\n<p data-start=\"6266\" data-end=\"6359\"><strong data-start=\"6266\" data-end=\"6291\">Recherche sur les transporteurs :<\/strong> Utile dans la recherche pharmacologique sur la s\u00e9rotonine\/noradr\u00e9naline.<\/p>\n<\/li>\n<li data-start=\"6360\" data-end=\"6468\">\n<p data-start=\"6363\" data-end=\"6468\"><strong data-start=\"6363\" data-end=\"6387\">Recherche sur les m\u00e9tabolites :<\/strong> Aide \u00e0 cartographier les voies m\u00e9taboliques dans les \u00e9chantillons biologiques.<\/p>\n<\/li>\n<li data-start=\"6469\" data-end=\"6583\">\n<p data-start=\"6472\" data-end=\"6583\"><strong data-start=\"6472\" data-end=\"6509\">Soutient les enqu\u00eates m\u00e9dico-l\u00e9gales :<\/strong> Facilite la construction de bases de donn\u00e9es spectrales pour les substances \u00e9mergentes.<\/p>\n<\/li>\n<\/ol>\n<hr data-start=\"6585\" data-end=\"6588\" \/>\n<h3 data-start=\"6590\" data-end=\"6650\"><strong data-start=\"6594\" data-end=\"6650\">Mode d&#039;emploi (pour usage en laboratoire uniquement)<\/strong><\/h3>\n<ol data-start=\"6652\" data-end=\"7071\">\n<li data-start=\"6652\" data-end=\"6737\">\n<p data-start=\"6655\" data-end=\"6737\"><strong data-start=\"6655\" data-end=\"6696\">Portez un \u00e9quipement de protection complet :<\/strong> gants, lunettes de s\u00e9curit\u00e9, blouse de laboratoire.<\/p>\n<\/li>\n<li data-start=\"6738\" data-end=\"6819\">\n<p data-start=\"6741\" data-end=\"6819\"><strong data-start=\"6741\" data-end=\"6781\">Travailler dans un environnement contr\u00f4l\u00e9 :<\/strong> par exemple, hotte aspirante, espace de travail propre.<\/p>\n<\/li>\n<li data-start=\"6820\" data-end=\"6896\">\n<p data-start=\"6823\" data-end=\"6896\"><strong data-start=\"6823\" data-end=\"6857\">Utiliser des instruments pr\u00e9cis :<\/strong> balance, pipettes, spectrom\u00e8tres etc.<\/p>\n<\/li>\n<li data-start=\"6897\" data-end=\"6984\">\n<p data-start=\"6900\" data-end=\"6984\"><strong data-start=\"6900\" data-end=\"6932\">Donn\u00e9es d&#039;\u00e9chantillon de document\u00a0:<\/strong> num\u00e9ro de lot, poids, puret\u00e9, conditions.<\/p>\n<\/li>\n<li data-start=\"6985\" data-end=\"7071\">\n<p data-start=\"6988\" data-end=\"7071\"><strong data-start=\"6988\" data-end=\"7018\">\u00c9liminer les r\u00e9sidus en toute s\u00e9curit\u00e9 :<\/strong> conform\u00e9ment aux protocoles de s\u00e9curit\u00e9 de votre \u00e9tablissement.<\/p>\n<\/li>\n<\/ol>\n<blockquote data-start=\"7073\" data-end=\"7189\">\n<p data-start=\"7075\" data-end=\"7189\">\u2697\ufe0f <strong data-start=\"7078\" data-end=\"7189\">\u00c0 des fins de recherche analytique\/scientifique uniquement \u2013 non destin\u00e9 \u00e0 la consommation humaine ou animale.<\/strong><\/p>\n<\/blockquote>\n<hr data-start=\"7191\" data-end=\"7194\" \/>\n<h3 data-start=\"7196\" data-end=\"7221\"><strong data-start=\"7200\" data-end=\"7221\">Instructions de stockage<\/strong><\/h3>\n<ul data-start=\"7223\" data-end=\"7494\">\n<li data-start=\"7223\" data-end=\"7283\">\n<p data-start=\"7225\" data-end=\"7283\">\u00c9conomisez sur <strong data-start=\"7236\" data-end=\"7246\">2\u20138 \u00b0C<\/strong> dans un endroit frais, sec et sombre.<\/p>\n<\/li>\n<li data-start=\"7284\" data-end=\"7370\">\n<p data-start=\"7286\" data-end=\"7370\">Utiliser des r\u00e9cipients inertes et herm\u00e9tiques (par exemple des flacons ambr\u00e9s) pour prot\u00e9ger de l\u2019humidit\u00e9 et de la lumi\u00e8re.<\/p>\n<\/li>\n<li data-start=\"7371\" data-end=\"7430\">\n<p data-start=\"7373\" data-end=\"7430\">\u00c9vitez l\u2019exposition r\u00e9p\u00e9t\u00e9e \u00e0 la chaleur ou \u00e0 la lumi\u00e8re.<\/p>\n<\/li>\n<li data-start=\"7431\" data-end=\"7494\">\n<p data-start=\"7433\" data-end=\"7494\">Accessible uniquement au personnel analytique qualifi\u00e9. <span class=\"___SBox_epc1q-ko_ ___SText_zko9t-ko_\" data-ui-name=\"Link.Text\">Achetez 34 dmmc<\/span><\/p>\n<\/li>\n<\/ul>\n<hr data-start=\"7496\" data-end=\"7499\" \/>\n<h3 data-start=\"7501\" data-end=\"7536\"><strong data-start=\"7505\" data-end=\"7536\">Foire aux questions (FAQ)<\/strong><\/h3>\n<p data-start=\"7538\" data-end=\"7781\"><strong data-start=\"7538\" data-end=\"7587\">1. Quel est le m\u00e9canisme d\u2019action du 3,4-DMMC ?<\/strong><br data-start=\"7587\" data-end=\"7590\" \/>In vitro, il fonctionne comme substrat\/inhibiteur des transporteurs de s\u00e9rotonine et de noradr\u00e9naline ; son effet sur la recapture de la dopamine est relativement plus faible.<\/p>\n<p data-start=\"7783\" data-end=\"8013\"><strong data-start=\"7783\" data-end=\"7850\">2. La 3,4-DMMC peut-elle \u00eatre distingu\u00e9e analytiquement de la m\u00e9ph\u00e9drone ?<\/strong><br data-start=\"7850\" data-end=\"7853\" \/>Oui. Bien que les profils IR\/UV puissent se chevaucher, les temps de r\u00e9tention GC et la fragmentation de masse font la diff\u00e9rence.<\/p>\n<p data-start=\"8015\" data-end=\"8234\"><strong data-start=\"8015\" data-end=\"8058\">3. Le 3,4-DMMC est-il r\u00e9glement\u00e9 ou ill\u00e9gal ?<\/strong><br data-start=\"8058\" data-end=\"8061\" \/>Dans de nombreux pays, la 3,4-DMMC est r\u00e9glement\u00e9e en tant que cathinone de synth\u00e8se. Aux \u00c9tats-Unis, elle est class\u00e9e comme substance de l&#039;annexe I en tant qu&#039;isom\u00e8re positionnel de la 4-MEC. <a href=\"https:\/\/researchchemicalhub.com\/fr_be\/boutique\/granules-pour-granules\/1p-de-microdose-de-lsd\/\">Microdose de 1P-LSD<\/a><\/p>","protected":false},"excerpt":{"rendered":"<h3><span style=\"vertical-align: inherit;\"><span style=\"vertical-align: inherit;\">Le 3,4-DMMC est une substance apparent\u00e9e au 3-MMC\/3-CMC<\/span><\/span><\/h3>\n<p><span style=\"vertical-align: inherit;\"><span style=\"vertical-align: inherit;\">La 3,4-DMMC \/ 3,4-dim\u00e9thylm\u00e9thcathinone est une substance que nous vendons uniquement \u00e0 des fins de recherche et qui n&#039;est donc pas destin\u00e9e \u00e0 la consommation. Elle appartient \u00e0 la cat\u00e9gorie des cathinones. La 3,4-DMMC est fournie sous forme de poudre et peut \u00eatre utilis\u00e9e \u00e0 des fins de recherche jusqu&#039;\u00e0 deux ans si elle est conserv\u00e9e dans un environnement appropri\u00e9.<\/span><\/span><\/p>","protected":false},"featured_media":28394,"comment_status":"closed","ping_status":"closed","template":"","meta":[],"product_brand":[],"product_cat":[493,494,322,79],"product_tag":[1105,326],"class_list":{"0":"post-23869","1":"product","2":"type-product","3":"status-publish","4":"has-post-thumbnail","6":"product_cat-493","7":"product_cat-4-dmmc","8":"product_cat-bijna-verboden","9":"product_cat-cathinonen","10":"product_tag-34-dmmc-kopen","11":"product_tag-nl","13":"first","14":"instock","15":"taxable","16":"shipping-taxable","17":"purchasable","18":"product-type-variable"},"_links":{"self":[{"href":"https:\/\/researchchemicalhub.com\/fr_be\/wp-json\/wp\/v2\/product\/23869","targetHints":{"allow":["GET"]}}],"collection":[{"href":"https:\/\/researchchemicalhub.com\/fr_be\/wp-json\/wp\/v2\/product"}],"about":[{"href":"https:\/\/researchchemicalhub.com\/fr_be\/wp-json\/wp\/v2\/types\/product"}],"replies":[{"embeddable":true,"href":"https:\/\/researchchemicalhub.com\/fr_be\/wp-json\/wp\/v2\/comments?post=23869"}],"version-history":[{"count":5,"href":"https:\/\/researchchemicalhub.com\/fr_be\/wp-json\/wp\/v2\/product\/23869\/revisions"}],"predecessor-version":[{"id":27928,"href":"https:\/\/researchchemicalhub.com\/fr_be\/wp-json\/wp\/v2\/product\/23869\/revisions\/27928"}],"wp:featuredmedia":[{"embeddable":true,"href":"https:\/\/researchchemicalhub.com\/fr_be\/wp-json\/wp\/v2\/media\/28394"}],"wp:attachment":[{"href":"https:\/\/researchchemicalhub.com\/fr_be\/wp-json\/wp\/v2\/media?parent=23869"}],"wp:term":[{"taxonomy":"product_brand","embeddable":true,"href":"https:\/\/researchchemicalhub.com\/fr_be\/wp-json\/wp\/v2\/product_brand?post=23869"},{"taxonomy":"product_cat","embeddable":true,"href":"https:\/\/researchchemicalhub.com\/fr_be\/wp-json\/wp\/v2\/product_cat?post=23869"},{"taxonomy":"product_tag","embeddable":true,"href":"https:\/\/researchchemicalhub.com\/fr_be\/wp-json\/wp\/v2\/product_tag?post=23869"}],"curies":[{"name":"wp","href":"https:\/\/api.w.org\/{rel}","templated":true}]}}