{"id":23813,"date":"2025-04-13T17:40:27","date_gmt":"2025-04-13T17:40:27","guid":{"rendered":"https:\/\/researchchemicalhub.com\/?post_type=product&#038;p=23813"},"modified":"2025-10-30T08:13:43","modified_gmt":"2025-10-30T08:13:43","slug":"4c-mar-4-chlore-4-methylaminorex","status":"publish","type":"product","link":"https:\/\/researchchemicalhub.com\/fr_be\/boutique\/aminorex\/4c-mar-4-chlore-4-methylaminorex\/","title":{"rendered":"4C-MAR (4-Chlore-4-m\u00e9thylaminorex)"},"content":{"rendered":"<p data-start=\"4910\" data-end=\"5181\"><strong data-start=\"4910\" data-end=\"4948\">4C-MAR (4-chloro-4-m\u00e9thylaminorex)<\/strong> est un <strong data-start=\"4956\" data-end=\"4989\">d\u00e9riv\u00e9 synth\u00e9tique d&#039;aminorex<\/strong> qui appartient \u00e0 la <strong data-start=\"5009\" data-end=\"5046\">classe de compos\u00e9s oxazolines<\/strong>Il est \u00e9tudi\u00e9 au sein <strong data-start=\"5076\" data-end=\"5113\">chimie m\u00e9dico-l\u00e9gale et analytique<\/strong> en raison de sa similitude structurelle avec d&#039;autres analogues de l&#039;aminorex. 4c Mar<\/p>\n<p data-start=\"5183\" data-end=\"5453\">4C-MAR est uniquement utilis\u00e9 comme <strong data-start=\"5221\" data-end=\"5239\">substance de r\u00e9f\u00e9rence<\/strong> et <strong data-start=\"5243\" data-end=\"5267\">mat\u00e9riel analytique<\/strong> \u00e0 des fins scientifiques. Il est <strong data-start=\"5310\" data-end=\"5367\">ne convient pas \u00e0 la consommation humaine ou animale<\/strong> et ne doit \u00eatre manipul\u00e9 que par du personnel qualifi\u00e9 dans des laboratoires accr\u00e9dit\u00e9s.<\/p>\n<hr data-start=\"5455\" data-end=\"5458\" \/>\n<h3 data-start=\"5460\" data-end=\"5491\"><strong data-start=\"5464\" data-end=\"5491\">Caract\u00e9ristiques principales<\/strong><\/h3>\n<ul data-start=\"5493\" data-end=\"6020\">\n<li data-start=\"5493\" data-end=\"5606\">\n<p data-start=\"5495\" data-end=\"5606\"><strong data-start=\"5495\" data-end=\"5515\">Haute puret\u00e9 :<\/strong> Fabriqu\u00e9 sous un contr\u00f4le de qualit\u00e9 strict pour des r\u00e9sultats de recherche reproductibles.<\/p>\n<\/li>\n<li data-start=\"5607\" data-end=\"5720\">\n<p data-start=\"5609\" data-end=\"5720\"><strong data-start=\"5609\" data-end=\"5642\">Valeur de la recherche structurelle :<\/strong> Convient aux \u00e9tudes des analogues d&#039;aminorex et de leurs propri\u00e9t\u00e9s spectrales.<\/p>\n<\/li>\n<li data-start=\"5721\" data-end=\"5814\">\n<p data-start=\"5723\" data-end=\"5814\"><strong data-start=\"5723\" data-end=\"5762\">Mat\u00e9riel de r\u00e9f\u00e9rence certifi\u00e9 :<\/strong> Fourni avec des certificats d&#039;analyse sp\u00e9cifiques au lot.<\/p>\n<\/li>\n<li data-start=\"5815\" data-end=\"5911\">\n<p data-start=\"5817\" data-end=\"5911\"><strong data-start=\"5817\" data-end=\"5849\">Compatibilit\u00e9 analytique :<\/strong> Convient pour une utilisation avec <strong data-start=\"5876\" data-end=\"5885\">GC-MS<\/strong>, <strong data-start=\"5887\" data-end=\"5896\">LC-MS<\/strong> et <strong data-start=\"5900\" data-end=\"5908\">HPLC<\/strong>.<\/p>\n<\/li>\n<li data-start=\"5912\" data-end=\"6020\">\n<p data-start=\"5914\" data-end=\"6020\"><strong data-start=\"5914\" data-end=\"5941\">Composition stable :<\/strong> Con\u00e7u pour un stockage \u00e0 long terme dans des conditions de laboratoire standard.<\/p>\n<\/li>\n<\/ul>\n<hr data-start=\"6022\" data-end=\"6025\" \/>\n<h3 data-start=\"6027\" data-end=\"6044\"><strong data-start=\"6031\" data-end=\"6044\">Avantages<\/strong><\/h3>\n<ul data-start=\"6046\" data-end=\"6551\">\n<li data-start=\"6046\" data-end=\"6180\">\n<p data-start=\"6048\" data-end=\"6180\"><strong data-start=\"6048\" data-end=\"6085\">Soutient la recherche analytique :<\/strong> Aide au d\u00e9veloppement de m\u00e9thodes de d\u00e9tection et de quantification des compos\u00e9s aminorex.<\/p>\n<\/li>\n<li data-start=\"6181\" data-end=\"6276\">\n<p data-start=\"6183\" data-end=\"6276\"><strong data-start=\"6183\" data-end=\"6205\">Importance m\u00e9dico-l\u00e9gale :<\/strong> Utilis\u00e9 dans l&#039;identification de nouvelles substances synth\u00e9tiques.<\/p>\n<\/li>\n<li data-start=\"6277\" data-end=\"6352\">\n<p data-start=\"6279\" data-end=\"6352\"><strong data-start=\"6279\" data-end=\"6306\">R\u00e9sultats fiables :<\/strong> La haute puret\u00e9 r\u00e9duit les \u00e9carts de mesure.<\/p>\n<\/li>\n<li data-start=\"6353\" data-end=\"6455\">\n<p data-start=\"6355\" data-end=\"6455\"><strong data-start=\"6355\" data-end=\"6393\">Compatible avec les \u00e9quipements modernes :<\/strong> Performances fiables en chromatographie et spectrom\u00e9trie.<\/p>\n<\/li>\n<li data-start=\"6456\" data-end=\"6551\">\n<p data-start=\"6458\" data-end=\"6551\"><strong data-start=\"6458\" data-end=\"6484\">Demande d&#039;inscription \u00e0 des fins \u00e9ducatives :<\/strong> Convient aux projets de recherche universitaire et toxicologique. 4c mars<\/p>\n<\/li>\n<\/ul>\n<hr data-start=\"6553\" data-end=\"6556\" \/>\n<h3 data-start=\"6558\" data-end=\"6619\"><strong data-start=\"6562\" data-end=\"6619\">Instructions d&#039;utilisation (\u00e0 des fins de recherche uniquement)<\/strong><\/h3>\n<ol data-start=\"6621\" data-end=\"7012\">\n<li data-start=\"6621\" data-end=\"6720\">\n<p data-start=\"6624\" data-end=\"6720\"><strong data-start=\"6624\" data-end=\"6638\">Manutention:<\/strong> A utiliser uniquement dans des laboratoires agr\u00e9\u00e9s disposant d&#039;un \u00e9quipement de s\u00e9curit\u00e9 appropri\u00e9.<\/p>\n<\/li>\n<li data-start=\"6721\" data-end=\"6807\">\n<p data-start=\"6724\" data-end=\"6807\"><strong data-start=\"6724\" data-end=\"6742\">Pr\u00e9paration:<\/strong> Pr\u00e9parer ou diluer selon les protocoles analytiques \u00e9tablis.<\/p>\n<\/li>\n<li data-start=\"6808\" data-end=\"6923\">\n<p data-start=\"6811\" data-end=\"6923\"><strong data-start=\"6811\" data-end=\"6822\">Stockage:<\/strong> \u00c9conomisez sur un <strong data-start=\"6837\" data-end=\"6869\">endroit frais, sec et sombre<\/strong>, bien scell\u00e9 dans un emballage r\u00e9sistant aux produits chimiques.<\/p>\n<\/li>\n<li data-start=\"6924\" data-end=\"7012\">\n<p data-start=\"6927\" data-end=\"7012\"><strong data-start=\"6927\" data-end=\"6938\">\u00c9limination:<\/strong> \u00c9liminer les r\u00e9sidus conform\u00e9ment aux r\u00e9glementations locales et environnementales relatives aux d\u00e9chets chimiques.<\/p>\n<\/li>\n<\/ol>\n<hr data-start=\"7014\" data-end=\"7017\" \/>\n<h3 data-start=\"7019\" data-end=\"7053\"><strong data-start=\"7023\" data-end=\"7053\">S\u00e9curit\u00e9 et conformit\u00e9<\/strong><\/h3>\n<ul data-start=\"7055\" data-end=\"7490\">\n<li data-start=\"7055\" data-end=\"7150\">\n<p data-start=\"7057\" data-end=\"7150\"><strong data-start=\"7057\" data-end=\"7093\">R\u00e9serv\u00e9 \u00e0 un usage en laboratoire\u00a0:<\/strong> Ne convient pas \u00e0 la consommation humaine ou animale.<\/p>\n<\/li>\n<li data-start=\"7151\" data-end=\"7261\">\n<p data-start=\"7153\" data-end=\"7261\"><strong data-start=\"7153\" data-end=\"7181\">Consid\u00e9rations juridiques :<\/strong> V\u00e9rifiez toujours la r\u00e9glementation locale avant d\u2019acheter ou d\u2019utiliser 4C-MAR.<\/p>\n<\/li>\n<li data-start=\"7262\" data-end=\"7365\">\n<p data-start=\"7264\" data-end=\"7365\"><strong data-start=\"7264\" data-end=\"7282\">Travail en toute s\u00e9curit\u00e9 :<\/strong> \u00c9vitez tout contact avec la peau ou les yeux et portez toujours un \u00e9quipement de protection individuelle.<\/p>\n<\/li>\n<li data-start=\"7366\" data-end=\"7490\">\n<p data-start=\"7368\" data-end=\"7490\"><strong data-start=\"7368\" data-end=\"7385\">Documentation:<\/strong> UN <strong data-start=\"7390\" data-end=\"7426\">fiche de donn\u00e9es de s\u00e9curit\u00e9 (FDS)<\/strong> et <strong data-start=\"7430\" data-end=\"7458\">certificat d&#039;analyse (COA)<\/strong> sont disponibles sur demande.<\/p>\n<\/li>\n<\/ul>\n<hr data-start=\"7492\" data-end=\"7495\" \/>\n<h3 data-start=\"7497\" data-end=\"7532\"><strong data-start=\"7501\" data-end=\"7532\">Foire aux questions (FAQ)<\/strong><\/h3>\n<p data-start=\"7534\" data-end=\"7684\"><strong data-start=\"7534\" data-end=\"7572\">1. \u00c0 quoi sert le 4C-MAR ?<\/strong><br data-start=\"7572\" data-end=\"7575\" \/>4C-MAR est utilis\u00e9 comme <strong data-start=\"7601\" data-end=\"7619\">substance de r\u00e9f\u00e9rence<\/strong> pour les \u00e9tudes analytiques et m\u00e9dico-l\u00e9gales des analogues de l&#039;aminorex.<\/p>\n<p data-start=\"7686\" data-end=\"7879\"><strong data-start=\"7686\" data-end=\"7737\">2. Le 4C-MAR est-il sans danger pour la consommation humaine ?<\/strong><br data-start=\"7737\" data-end=\"7740\" \/>Non. Ce produit est <strong data-start=\"7760\" data-end=\"7815\">exclusivement destin\u00e9 \u00e0 la recherche scientifique<\/strong> et <strong data-start=\"7819\" data-end=\"7876\">ne convient pas \u00e0 la consommation humaine ou animale<\/strong>.<\/p>\n<p data-start=\"7881\" data-end=\"8030\"><strong data-start=\"7881\" data-end=\"7922\">3. Comment conserver le 4C-MAR ?<\/strong><br data-start=\"7922\" data-end=\"7925\" \/>\u00c9conomisez sur un <strong data-start=\"7939\" data-end=\"7973\">endroit frais, sec et sombre<\/strong>, correctement ferm\u00e9 et hors de port\u00e9e des personnes non autoris\u00e9es.<\/p>","protected":false},"excerpt":{"rendered":"<h2><span style=\"vertical-align: inherit;\"><span style=\"vertical-align: inherit;\">4C-MARS \/ <\/span><\/span><b><span style=\"vertical-align: inherit;\"><span style=\"vertical-align: inherit;\">4\u2032-Chlore-4-m\u00e9thylaminorex<\/span><\/span><\/b><span style=\"vertical-align: inherit;\"><span style=\"vertical-align: inherit;\"> propri\u00e9t\u00e9s<\/span><\/span><\/h2>\n<p><strong><span style=\"vertical-align: inherit;\"><span style=\"vertical-align: inherit;\">Num\u00e9ro CAS<\/span><\/span><\/strong><span style=\"vertical-align: inherit;\"><span style=\"vertical-align: inherit;\"> : N \/ A <\/span><\/span><br \/>\n<strong><span style=\"vertical-align: inherit;\"><span style=\"vertical-align: inherit;\">Formule<\/span><\/span><\/strong><span style=\"vertical-align: inherit;\"><span style=\"vertical-align: inherit;\"> : <\/span><\/span><span title=\"Carbone\"><span style=\"vertical-align: inherit;\"><span style=\"vertical-align: inherit;\">C <\/span><\/span><\/span><sub><span style=\"vertical-align: inherit;\"><span style=\"vertical-align: inherit;\">10 <\/span><\/span><\/sub><span title=\"Hydrog\u00e8ne\"><span style=\"vertical-align: inherit;\"><span style=\"vertical-align: inherit;\">H <\/span><\/span><\/span><sub><span style=\"vertical-align: inherit;\"><span style=\"vertical-align: inherit;\">11 <\/span><\/span><\/sub><span title=\"Fluor\"><span style=\"vertical-align: inherit;\"><span style=\"vertical-align: inherit;\">F <\/span><\/span><\/span><span title=\"Azote\"><span style=\"vertical-align: inherit;\"><span style=\"vertical-align: inherit;\">N <\/span><\/span><\/span><sub><span style=\"vertical-align: inherit;\"><span style=\"vertical-align: inherit;\">2 <\/span><\/span><\/sub><span title=\"Oxyg\u00e8ne\"><span style=\"vertical-align: inherit;\"><span style=\"vertical-align: inherit;\">O <\/span><\/span><\/span><br \/>\n<strong><span style=\"vertical-align: inherit;\"><span style=\"vertical-align: inherit;\">Masse molaire<\/span><\/span><\/strong><span style=\"vertical-align: inherit;\"><span style=\"vertical-align: inherit;\"> : <\/span><\/span><span class=\"nowrap\"><span style=\"vertical-align: inherit;\"><span style=\"vertical-align: inherit;\">195.039<\/span><\/span><\/span><span style=\"vertical-align: inherit;\"><span style=\"vertical-align: inherit;\"> g mol <\/span><\/span><br \/>\n<strong><span style=\"vertical-align: inherit;\"><span style=\"vertical-align: inherit;\">Puret\u00e9<\/span><\/span><\/strong><span style=\"vertical-align: inherit;\"><span style=\"vertical-align: inherit;\"> : \u226598%<\/span><\/span><\/p>","protected":false},"featured_media":28430,"comment_status":"closed","ping_status":"closed","template":"","meta":[],"product_brand":[],"product_cat":[552],"product_tag":[1108,1109,326],"class_list":{"0":"post-23813","1":"product","2":"type-product","3":"status-publish","4":"has-post-thumbnail","6":"product_cat-aminorex","7":"product_tag-4c-mar","8":"product_tag-4c-mar-kopen","9":"product_tag-nl","11":"first","12":"instock","13":"taxable","14":"shipping-taxable","15":"purchasable","16":"product-type-variable"},"_links":{"self":[{"href":"https:\/\/researchchemicalhub.com\/fr_be\/wp-json\/wp\/v2\/product\/23813","targetHints":{"allow":["GET"]}}],"collection":[{"href":"https:\/\/researchchemicalhub.com\/fr_be\/wp-json\/wp\/v2\/product"}],"about":[{"href":"https:\/\/researchchemicalhub.com\/fr_be\/wp-json\/wp\/v2\/types\/product"}],"replies":[{"embeddable":true,"href":"https:\/\/researchchemicalhub.com\/fr_be\/wp-json\/wp\/v2\/comments?post=23813"}],"version-history":[{"count":5,"href":"https:\/\/researchchemicalhub.com\/fr_be\/wp-json\/wp\/v2\/product\/23813\/revisions"}],"predecessor-version":[{"id":27949,"href":"https:\/\/researchchemicalhub.com\/fr_be\/wp-json\/wp\/v2\/product\/23813\/revisions\/27949"}],"wp:featuredmedia":[{"embeddable":true,"href":"https:\/\/researchchemicalhub.com\/fr_be\/wp-json\/wp\/v2\/media\/28430"}],"wp:attachment":[{"href":"https:\/\/researchchemicalhub.com\/fr_be\/wp-json\/wp\/v2\/media?parent=23813"}],"wp:term":[{"taxonomy":"product_brand","embeddable":true,"href":"https:\/\/researchchemicalhub.com\/fr_be\/wp-json\/wp\/v2\/product_brand?post=23813"},{"taxonomy":"product_cat","embeddable":true,"href":"https:\/\/researchchemicalhub.com\/fr_be\/wp-json\/wp\/v2\/product_cat?post=23813"},{"taxonomy":"product_tag","embeddable":true,"href":"https:\/\/researchchemicalhub.com\/fr_be\/wp-json\/wp\/v2\/product_tag?post=23813"}],"curies":[{"name":"wp","href":"https:\/\/api.w.org\/{rel}","templated":true}]}}