{"id":23801,"date":"2025-04-13T17:40:27","date_gmt":"2025-04-13T17:40:27","guid":{"rendered":"https:\/\/researchchemicalhub.com\/?post_type=product&#038;p=23801"},"modified":"2025-10-30T08:17:31","modified_gmt":"2025-10-30T08:17:31","slug":"4fmar","status":"publish","type":"product","link":"https:\/\/researchchemicalhub.com\/fr_be\/boutique\/aminorex\/4fmar\/","title":{"rendered":"4F-MAR (4-fluoro-4-m\u00e9thylaminorex)"},"content":{"rendered":"<p data-start=\"4818\" data-end=\"5118\"><strong data-start=\"4818\" data-end=\"4856\">4F-MAR (4-fluoro-4-m\u00e9thylaminorex)<\/strong> est un <strong data-start=\"4864\" data-end=\"4897\">d\u00e9riv\u00e9 synth\u00e9tique d&#039;aminorex<\/strong> qui appartient \u00e0 la <strong data-start=\"4917\" data-end=\"4937\">classe des oxazolines<\/strong>Il est utilis\u00e9 comme <strong data-start=\"4962\" data-end=\"4985\">mat\u00e9riel de r\u00e9f\u00e9rence<\/strong> dans les laboratoires d&#039;analyse et de criminalistique pour \u00e9tudier la structure chimique et les propri\u00e9t\u00e9s de compos\u00e9s similaires.<\/p>\n<p data-start=\"5120\" data-end=\"5377\">Ce produit est <strong data-start=\"5135\" data-end=\"5190\">exclusivement destin\u00e9 \u00e0 la recherche scientifique<\/strong> et <strong data-start=\"5194\" data-end=\"5251\">ne convient pas \u00e0 la consommation humaine ou animale<\/strong>Les recherches sur le 4F-MAR contribuent au d\u00e9veloppement de m\u00e9thodes de d\u00e9tection et d\u2019analyse en toxicologie m\u00e9dico-l\u00e9gale.<\/p>\n<hr data-start=\"5379\" data-end=\"5382\" \/>\n<h3 data-start=\"5384\" data-end=\"5415\"><strong data-start=\"5388\" data-end=\"5415\">Caract\u00e9ristiques principales<\/strong><\/h3>\n<ul data-start=\"5417\" data-end=\"5939\">\n<li data-start=\"5417\" data-end=\"5519\">\n<p data-start=\"5419\" data-end=\"5519\"><strong data-start=\"5419\" data-end=\"5439\">Haute puret\u00e9 :<\/strong> Fabriqu\u00e9 dans des conditions contr\u00f4l\u00e9es pour des r\u00e9sultats fiables.<\/p>\n<\/li>\n<li data-start=\"5520\" data-end=\"5629\">\n<p data-start=\"5522\" data-end=\"5629\"><strong data-start=\"5522\" data-end=\"5561\">Mat\u00e9riel de r\u00e9f\u00e9rence certifi\u00e9 :<\/strong> Fourni avec <strong data-start=\"5575\" data-end=\"5603\">certificat d&#039;analyse (COA)<\/strong> et les donn\u00e9es de puret\u00e9.<\/p>\n<\/li>\n<li data-start=\"5630\" data-end=\"5734\">\n<p data-start=\"5632\" data-end=\"5734\"><strong data-start=\"5632\" data-end=\"5658\">Applicable sur le plan m\u00e9dico-l\u00e9gal :<\/strong> Convient au profilage chimique et \u00e0 la recherche de r\u00e9f\u00e9rence toxicologique.<\/p>\n<\/li>\n<li data-start=\"5735\" data-end=\"5837\">\n<p data-start=\"5737\" data-end=\"5837\"><strong data-start=\"5737\" data-end=\"5774\">Compatible avec les \u00e9quipements d&#039;analyse :<\/strong> Convient pour une utilisation avec <strong data-start=\"5801\" data-end=\"5810\">GC-MS<\/strong>, <strong data-start=\"5812\" data-end=\"5821\">LC-MS<\/strong>, et <strong data-start=\"5826\" data-end=\"5834\">HPLC<\/strong>.<\/p>\n<\/li>\n<li data-start=\"5838\" data-end=\"5939\">\n<p data-start=\"5840\" data-end=\"5939\"><strong data-start=\"5840\" data-end=\"5860\">Produit stable :<\/strong> Con\u00e7u pour un stockage \u00e0 long terme dans des conditions de laboratoire standard.<\/p>\n<\/li>\n<\/ul>\n<hr data-start=\"5941\" data-end=\"5944\" \/>\n<h3 data-start=\"5946\" data-end=\"5963\"><strong data-start=\"5950\" data-end=\"5963\">Avantages<\/strong><\/h3>\n<ul data-start=\"5965\" data-end=\"6483\">\n<li data-start=\"5965\" data-end=\"6078\">\n<p data-start=\"5967\" data-end=\"6078\"><strong data-start=\"5967\" data-end=\"6003\">Prend en charge l&#039;analyse m\u00e9dico-l\u00e9gale\u00a0:<\/strong> Aide \u00e0 identifier les analogues d\u2019aminorex dans les \u00e9chantillons de recherche.<\/p>\n<\/li>\n<li data-start=\"6079\" data-end=\"6182\">\n<p data-start=\"6081\" data-end=\"6182\"><strong data-start=\"6081\" data-end=\"6121\">Augmente la pr\u00e9cision analytique :<\/strong> Fournit une r\u00e9f\u00e9rence fiable pour l\u2019\u00e9talonnage en laboratoire.<\/p>\n<\/li>\n<li data-start=\"6183\" data-end=\"6284\">\n<p data-start=\"6185\" data-end=\"6284\"><strong data-start=\"6185\" data-end=\"6218\">Pertinence scientifique :<\/strong> Convient aux \u00e9tudes chimiques, structurelles et toxicologiques.<\/p>\n<\/li>\n<li data-start=\"6285\" data-end=\"6383\">\n<p data-start=\"6287\" data-end=\"6383\"><strong data-start=\"6287\" data-end=\"6320\">Conforme aux normes de qualit\u00e9 :<\/strong> Fabriqu\u00e9 selon les directives internationales des laboratoires.<\/p>\n<\/li>\n<li data-start=\"6384\" data-end=\"6483\">\n<p data-start=\"6386\" data-end=\"6483\"><strong data-start=\"6386\" data-end=\"6417\">Large applicabilit\u00e9 de la recherche :<\/strong> Utilis\u00e9 dans l&#039;enseignement et la recherche toxicologique et analytique.<\/p>\n<\/li>\n<\/ul>\n<hr data-start=\"6485\" data-end=\"6488\" \/>\n<h3 data-start=\"6490\" data-end=\"6551\"><strong data-start=\"6494\" data-end=\"6551\">Instructions d&#039;utilisation (\u00e0 des fins de recherche uniquement)<\/strong><\/h3>\n<ol data-start=\"6553\" data-end=\"6940\">\n<li data-start=\"6553\" data-end=\"6655\">\n<p data-start=\"6556\" data-end=\"6655\"><strong data-start=\"6556\" data-end=\"6570\">Manutention:<\/strong> Utiliser uniquement dans des laboratoires accr\u00e9dit\u00e9s disposant d&#039;un \u00e9quipement de s\u00e9curit\u00e9 appropri\u00e9.<\/p>\n<\/li>\n<li data-start=\"6656\" data-end=\"6746\">\n<p data-start=\"6659\" data-end=\"6746\"><strong data-start=\"6659\" data-end=\"6677\">Pr\u00e9paration:<\/strong> Pr\u00e9par\u00e9 selon des protocoles valid\u00e9s pour les tests analytiques.<\/p>\n<\/li>\n<li data-start=\"6747\" data-end=\"6848\">\n<p data-start=\"6750\" data-end=\"6848\"><strong data-start=\"6750\" data-end=\"6761\">Stockage:<\/strong> Conserver dans un endroit frais, sec et sombre, bien ferm\u00e9 dans un r\u00e9cipient r\u00e9sistant aux produits chimiques.<\/p>\n<\/li>\n<li data-start=\"6849\" data-end=\"6940\">\n<p data-start=\"6852\" data-end=\"6940\"><strong data-start=\"6852\" data-end=\"6863\">\u00c9limination:<\/strong> \u00c9liminer les r\u00e9sidus conform\u00e9ment aux directives locales en mati\u00e8re de gestion des d\u00e9chets chimiques.<\/p>\n<\/li>\n<\/ol>\n<hr data-start=\"6942\" data-end=\"6945\" \/>\n<h3 data-start=\"6947\" data-end=\"6981\"><strong data-start=\"6951\" data-end=\"6981\">S\u00e9curit\u00e9 et conformit\u00e9<\/strong><\/h3>\n<ul data-start=\"6983\" data-end=\"7382\">\n<li data-start=\"6983\" data-end=\"7077\">\n<p data-start=\"6985\" data-end=\"7077\"><strong data-start=\"6985\" data-end=\"7021\">R\u00e9serv\u00e9 \u00e0 un usage en laboratoire\u00a0:<\/strong> Non destin\u00e9 \u00e0 la consommation humaine ou animale.<\/p>\n<\/li>\n<li data-start=\"7078\" data-end=\"7200\">\n<p data-start=\"7080\" data-end=\"7200\"><strong data-start=\"7080\" data-end=\"7108\">Consid\u00e9rations juridiques :<\/strong> V\u00e9rifiez toujours les lois locales concernant la possession et l\u2019utilisation du 4F-MAR.<\/p>\n<\/li>\n<li data-start=\"7201\" data-end=\"7257\">\n<p data-start=\"7203\" data-end=\"7257\"><strong data-start=\"7203\" data-end=\"7221\">Travail en toute s\u00e9curit\u00e9 :<\/strong> \u00c9viter l&#039;inhalation et le contact avec la peau.<\/p>\n<\/li>\n<li data-start=\"7258\" data-end=\"7382\">\n<p data-start=\"7260\" data-end=\"7382\"><strong data-start=\"7260\" data-end=\"7277\">Documentation:<\/strong> UN <strong data-start=\"7282\" data-end=\"7318\">fiche de donn\u00e9es de s\u00e9curit\u00e9 (FDS)<\/strong> et <strong data-start=\"7322\" data-end=\"7350\">certificat d&#039;analyse (COA)<\/strong> sont disponibles sur demande.<\/p>\n<\/li>\n<\/ul>\n<hr data-start=\"7384\" data-end=\"7387\" \/>\n<h3 data-start=\"7389\" data-end=\"7424\"><strong data-start=\"7393\" data-end=\"7424\">Foire aux questions (FAQ)<\/strong><\/h3>\n<p data-start=\"7426\" data-end=\"7579\"><strong data-start=\"7426\" data-end=\"7464\">1. \u00c0 quoi sert le 4F-MAR ?<\/strong><br data-start=\"7464\" data-end=\"7467\" \/>4F-MAR est utilis\u00e9 comme <strong data-start=\"7493\" data-end=\"7511\">substance de r\u00e9f\u00e9rence<\/strong> pour les \u00e9tudes analytiques et m\u00e9dico-l\u00e9gales des analogues de l&#039;aminorex.<\/p>\n<p data-start=\"7581\" data-end=\"7755\"><strong data-start=\"7581\" data-end=\"7632\">2. Le 4F-MAR est-il sans danger pour la consommation humaine ?<\/strong><br data-start=\"7632\" data-end=\"7635\" \/>Non. Ce produit est <strong data-start=\"7655\" data-end=\"7693\">destin\u00e9 \u00e0 des fins de recherche uniquement<\/strong> et <strong data-start=\"7697\" data-end=\"7754\">ne convient pas \u00e0 la consommation humaine ou animale<\/strong>.<\/p>\n<p data-start=\"7757\" data-end=\"7871\"><strong data-start=\"7757\" data-end=\"7798\">3. Comment conserver le 4F-MAR ?<\/strong><br data-start=\"7798\" data-end=\"7801\" \/>Conserver dans un endroit frais et sombre, bien ferm\u00e9, hors de port\u00e9e des personnes non autoris\u00e9es.<\/p>\n<p><em>.<a href=\"https:\/\/researchchemicalhub.com\/fr_be\/boutique\/iboga-ibogaine\/ecorce-de-racine-diboga\/\">\u00e9corce de racine d&#039;iboga<\/a> <a href=\"https:\/\/researchchemicalhub.com\/fr_be\/boutique\/iboga-ibogaine\/acheter-de-libogaine-chlorhydrate-en-ligne\/\">acheter de l&#039;iboga\u00efne chlorhydrate en ligne<\/a> <a href=\"https:\/\/researchchemicalhub.com\/fr_be\/boutique\/lysergamides\/1-cp-de-lsd-2\/\">1 cp de LSD<\/a> <a href=\"https:\/\/researchchemicalhub.com\/fr_be\/boutique\/pellets\/granules-de-dsmt-50-mg\/\">o-dsmt<\/a> <a href=\"https:\/\/researchchemicalhub.com\/fr_be\/boutique\/lysergamides\/1vlsd\/\">1vlsd<\/a>\u00a0<\/em><\/p>","protected":false},"excerpt":{"rendered":"<h2>4F-MARS \/ <b>4\u2032-Fluoro-4-m\u00e9thylaminorex \/ 4-FPO<\/b> propri\u00e9t\u00e9s<\/h2>\n<p><strong>Num\u00e9ro CAS<\/strong>: 1364933-64-1<br \/>\n<strong>Formule<\/strong>: <span title=\"Carbone\">C<\/span><sub>10<\/sub><span title=\"Hydrog\u00e8ne\">H<\/span><sub>11<\/sub><span title=\"Fluor\">F<\/span><span title=\"Azote\">N<\/span><sub>2<\/sub><span title=\"Oxyg\u00e8ne\">O<\/span><br \/>\n<strong>Masse molaire<\/strong>: <span class=\"nowrap\">194.209<\/span> g mol<br \/>\n<strong>Puret\u00e9<\/strong>: \u226598%<\/p>","protected":false},"featured_media":28437,"comment_status":"closed","ping_status":"closed","template":"","meta":[],"product_brand":[],"product_cat":[552],"product_tag":[776,1110,326],"class_list":{"0":"post-23801","1":"product","2":"type-product","3":"status-publish","4":"has-post-thumbnail","6":"product_cat-aminorex","7":"product_tag-4fma","8":"product_tag-4fmar-kopen","9":"product_tag-nl","11":"first","12":"instock","13":"taxable","14":"shipping-taxable","15":"purchasable","16":"product-type-variable"},"_links":{"self":[{"href":"https:\/\/researchchemicalhub.com\/fr_be\/wp-json\/wp\/v2\/product\/23801","targetHints":{"allow":["GET"]}}],"collection":[{"href":"https:\/\/researchchemicalhub.com\/fr_be\/wp-json\/wp\/v2\/product"}],"about":[{"href":"https:\/\/researchchemicalhub.com\/fr_be\/wp-json\/wp\/v2\/types\/product"}],"replies":[{"embeddable":true,"href":"https:\/\/researchchemicalhub.com\/fr_be\/wp-json\/wp\/v2\/comments?post=23801"}],"version-history":[{"count":6,"href":"https:\/\/researchchemicalhub.com\/fr_be\/wp-json\/wp\/v2\/product\/23801\/revisions"}],"predecessor-version":[{"id":27951,"href":"https:\/\/researchchemicalhub.com\/fr_be\/wp-json\/wp\/v2\/product\/23801\/revisions\/27951"}],"wp:featuredmedia":[{"embeddable":true,"href":"https:\/\/researchchemicalhub.com\/fr_be\/wp-json\/wp\/v2\/media\/28437"}],"wp:attachment":[{"href":"https:\/\/researchchemicalhub.com\/fr_be\/wp-json\/wp\/v2\/media?parent=23801"}],"wp:term":[{"taxonomy":"product_brand","embeddable":true,"href":"https:\/\/researchchemicalhub.com\/fr_be\/wp-json\/wp\/v2\/product_brand?post=23801"},{"taxonomy":"product_cat","embeddable":true,"href":"https:\/\/researchchemicalhub.com\/fr_be\/wp-json\/wp\/v2\/product_cat?post=23801"},{"taxonomy":"product_tag","embeddable":true,"href":"https:\/\/researchchemicalhub.com\/fr_be\/wp-json\/wp\/v2\/product_tag?post=23801"}],"curies":[{"name":"wp","href":"https:\/\/api.w.org\/{rel}","templated":true}]}}