{"id":23766,"date":"2025-04-13T17:40:23","date_gmt":"2025-04-13T17:40:23","guid":{"rendered":"https:\/\/researchchemicalhub.com\/?post_type=product&#038;p=23766"},"modified":"2025-10-30T08:24:46","modified_gmt":"2025-10-30T08:24:46","slug":"granules-de-fluetizolam-1-mg","status":"publish","type":"product","link":"https:\/\/researchchemicalhub.com\/fr_be\/boutique\/benzodiazepines\/granules-de-fluetizolam-1-mg\/","title":{"rendered":"Granul\u00e9s de flu\u00e9tizolam 1 mg"},"content":{"rendered":"<p>&nbsp;<\/p>\n<p data-start=\"5358\" data-end=\"5627\"><strong data-start=\"5358\" data-end=\"5373\"><span dir=\"auto\" style=\"vertical-align: inherit;\"><span dir=\"auto\" style=\"vertical-align: inherit;\">Flu\u00e9tizolam<\/span><\/span><\/strong><span dir=\"auto\" style=\"vertical-align: inherit;\"><span dir=\"auto\" style=\"vertical-align: inherit;\"> est un <\/span><\/span><strong data-start=\"5381\" data-end=\"5411\"><span dir=\"auto\" style=\"vertical-align: inherit;\"><span dir=\"auto\" style=\"vertical-align: inherit;\">compos\u00e9 de thi\u00e9nodiaz\u00e9pine<\/span><\/span><\/strong><span dir=\"auto\" style=\"vertical-align: inherit;\"><span dir=\"auto\" style=\"vertical-align: inherit;\"> apparent\u00e9 \u00e0 l&#039;\u00e9tizolam. Il est utilis\u00e9 comme <\/span><\/span><strong data-start=\"5464\" data-end=\"5482\"><span dir=\"auto\" style=\"vertical-align: inherit;\"><span dir=\"auto\" style=\"vertical-align: inherit;\">une substance de r\u00e9f\u00e9rence<\/span><\/span><\/strong><span dir=\"auto\" style=\"vertical-align: inherit;\"><span dir=\"auto\" style=\"vertical-align: inherit;\"> dans les laboratoires d&#039;analyse et de m\u00e9decine l\u00e9gale pour l&#039;\u00e9tude et la d\u00e9tection des analogues de la thi\u00e9nodiaz\u00e9pine dans des \u00e9chantillons biologiques ou chimiques.<\/span><\/span><\/p>\n<p data-start=\"5629\" data-end=\"5896\"><span dir=\"auto\" style=\"vertical-align: inherit;\"><span dir=\"auto\" style=\"vertical-align: inherit;\">Flu\u00e9tizolam <\/span><\/span><strong data-start=\"5632\" data-end=\"5660\"><span dir=\"auto\" style=\"vertical-align: inherit;\"><span dir=\"auto\" style=\"vertical-align: inherit;\">granules de 1 mg<\/span><\/span><\/strong><span dir=\"auto\" style=\"vertical-align: inherit;\"><span dir=\"auto\" style=\"vertical-align: inherit;\"> sont <\/span><\/span><strong data-start=\"5666\" data-end=\"5693\"><span dir=\"auto\" style=\"vertical-align: inherit;\"><span dir=\"auto\" style=\"vertical-align: inherit;\">Formulation pr\u00e9cise<\/span><\/span><\/strong><span dir=\"auto\" style=\"vertical-align: inherit;\"><span dir=\"auto\" style=\"vertical-align: inherit;\"> pour <\/span><\/span><strong data-start=\"5699\" data-end=\"5753\"><span dir=\"auto\" style=\"vertical-align: inherit;\"><span dir=\"auto\" style=\"vertical-align: inherit;\">objectifs de recherche qualitative et quantitative<\/span><\/span><\/strong><span dir=\"auto\" style=\"vertical-align: inherit;\"><span dir=\"auto\" style=\"vertical-align: inherit;\"> Ils sont <\/span><\/span><strong data-start=\"5763\" data-end=\"5819\"><span dir=\"auto\" style=\"vertical-align: inherit;\"><span dir=\"auto\" style=\"vertical-align: inherit;\">non destin\u00e9 \u00e0 la consommation humaine ou animale<\/span><\/span><\/strong><span dir=\"auto\" style=\"vertical-align: inherit;\"><span dir=\"auto\" style=\"vertical-align: inherit;\"> et ne doivent \u00eatre manipul\u00e9es que par du personnel de laboratoire qualifi\u00e9.<\/span><\/span><\/p>\n<hr data-start=\"5898\" data-end=\"5901\" \/>\n<h3 data-start=\"5903\" data-end=\"5934\"><strong data-start=\"5907\" data-end=\"5934\"><span dir=\"auto\" style=\"vertical-align: inherit;\"><span dir=\"auto\" style=\"vertical-align: inherit;\">Caract\u00e9ristiques principales<\/span><\/span><\/strong><\/h3>\n<ul data-start=\"5936\" data-end=\"6438\">\n<li data-start=\"5936\" data-end=\"6044\">\n<p data-start=\"5938\" data-end=\"6044\"><strong data-start=\"5938\" data-end=\"5958\"><span dir=\"auto\" style=\"vertical-align: inherit;\"><span dir=\"auto\" style=\"vertical-align: inherit;\">Haute puret\u00e9 :<\/span><\/span><\/strong><span dir=\"auto\" style=\"vertical-align: inherit;\"><span dir=\"auto\" style=\"vertical-align: inherit;\"> Produit dans des conditions de laboratoire rigoureuses pour des r\u00e9sultats reproductibles.<\/span><\/span><\/p>\n<\/li>\n<li data-start=\"6045\" data-end=\"6159\">\n<p data-start=\"6047\" data-end=\"6159\"><strong data-start=\"6047\" data-end=\"6079\"><span dir=\"auto\" style=\"vertical-align: inherit;\"><span dir=\"auto\" style=\"vertical-align: inherit;\">Dosage standardis\u00e9\u00a0:<\/span><\/span><\/strong><span dir=\"auto\" style=\"vertical-align: inherit;\"><span dir=\"auto\" style=\"vertical-align: inherit;\"> Chaque pastille contient <\/span><\/span><strong data-start=\"6098\" data-end=\"6118\"><span dir=\"auto\" style=\"vertical-align: inherit;\"><span dir=\"auto\" style=\"vertical-align: inherit;\">1 mg de flu\u00e9tizolam<\/span><\/span><\/strong><span dir=\"auto\" style=\"vertical-align: inherit;\"><span dir=\"auto\" style=\"vertical-align: inherit;\"> pour des mesures analytiques pr\u00e9cises.<\/span><\/span><\/p>\n<\/li>\n<li data-start=\"6160\" data-end=\"6246\">\n<p data-start=\"6162\" data-end=\"6246\"><strong data-start=\"6162\" data-end=\"6201\"><span dir=\"auto\" style=\"vertical-align: inherit;\"><span dir=\"auto\" style=\"vertical-align: inherit;\">Document de r\u00e9f\u00e9rence certifi\u00e9\u00a0:<\/span><\/span><\/strong><span dir=\"auto\" style=\"vertical-align: inherit;\"><span dir=\"auto\" style=\"vertical-align: inherit;\"> Fourni avec <\/span><\/span><strong data-start=\"6215\" data-end=\"6243\"><span dir=\"auto\" style=\"vertical-align: inherit;\"><span dir=\"auto\" style=\"vertical-align: inherit;\">Certificat d&#039;analyse (COA)<\/span><\/span><\/strong><span dir=\"auto\" style=\"vertical-align: inherit;\"><span dir=\"auto\" style=\"vertical-align: inherit;\"> .<\/span><\/span><\/p>\n<\/li>\n<li data-start=\"6247\" data-end=\"6342\">\n<p data-start=\"6249\" data-end=\"6342\"><strong data-start=\"6249\" data-end=\"6280\"><span dir=\"auto\" style=\"vertical-align: inherit;\"><span dir=\"auto\" style=\"vertical-align: inherit;\">Polyvalence analytique :<\/span><\/span><\/strong><span dir=\"auto\" style=\"vertical-align: inherit;\"><span dir=\"auto\" style=\"vertical-align: inherit;\"> Convient pour <\/span><\/span><strong data-start=\"6295\" data-end=\"6304\"><span dir=\"auto\" style=\"vertical-align: inherit;\"><span dir=\"auto\" style=\"vertical-align: inherit;\">GC-MS<\/span><\/span><\/strong><span dir=\"auto\" style=\"vertical-align: inherit;\"><span dir=\"auto\" style=\"vertical-align: inherit;\"> , <\/span><\/span><strong data-start=\"6306\" data-end=\"6314\"><span dir=\"auto\" style=\"vertical-align: inherit;\"><span dir=\"auto\" style=\"vertical-align: inherit;\">HPLC<\/span><\/span><\/strong><span dir=\"auto\" style=\"vertical-align: inherit;\"><span dir=\"auto\" style=\"vertical-align: inherit;\"> et <\/span><\/span><strong data-start=\"6318\" data-end=\"6330\"><span dir=\"auto\" style=\"vertical-align: inherit;\"><span dir=\"auto\" style=\"vertical-align: inherit;\">LC-MS\/MS<\/span><\/span><\/strong><span dir=\"auto\" style=\"vertical-align: inherit;\"><span dir=\"auto\" style=\"vertical-align: inherit;\"> analyses.<\/span><\/span><\/p>\n<\/li>\n<li data-start=\"6343\" data-end=\"6438\">\n<p data-start=\"6345\" data-end=\"6438\"><strong data-start=\"6345\" data-end=\"6366\"><span dir=\"auto\" style=\"vertical-align: inherit;\"><span dir=\"auto\" style=\"vertical-align: inherit;\">Formule stable :<\/span><\/span><\/strong><span dir=\"auto\" style=\"vertical-align: inherit;\"><span dir=\"auto\" style=\"vertical-align: inherit;\"> Con\u00e7u pour le stockage \u00e0 long terme dans des conditions contr\u00f4l\u00e9es.<\/span><\/span><\/p>\n<\/li>\n<\/ul>\n<hr data-start=\"6440\" data-end=\"6443\" \/>\n<h3 data-start=\"6445\" data-end=\"6462\"><strong data-start=\"6449\" data-end=\"6462\"><span dir=\"auto\" style=\"vertical-align: inherit;\"><span dir=\"auto\" style=\"vertical-align: inherit;\">Avantages<\/span><\/span><\/strong><\/h3>\n<ul data-start=\"6464\" data-end=\"6967\">\n<li data-start=\"6464\" data-end=\"6574\">\n<p data-start=\"6466\" data-end=\"6574\"><strong data-start=\"6466\" data-end=\"6502\"><span dir=\"auto\" style=\"vertical-align: inherit;\"><span dir=\"auto\" style=\"vertical-align: inherit;\">Soutient l&#039;analyse m\u00e9dico-l\u00e9gale\u00a0:<\/span><\/span><\/strong><span dir=\"auto\" style=\"vertical-align: inherit;\"><span dir=\"auto\" style=\"vertical-align: inherit;\"> Aide \u00e0 la d\u00e9tection et \u00e0 la quantification des compos\u00e9s thi\u00e9nodiaz\u00e9pines.<\/span><\/span><\/p>\n<\/li>\n<li data-start=\"6575\" data-end=\"6667\">\n<p data-start=\"6577\" data-end=\"6667\"><strong data-start=\"6577\" data-end=\"6610\"><span dir=\"auto\" style=\"vertical-align: inherit;\"><span dir=\"auto\" style=\"vertical-align: inherit;\">Pr\u00e9cision de mesure accrue\u00a0:<\/span><\/span><\/strong><span dir=\"auto\" style=\"vertical-align: inherit;\"><span dir=\"auto\" style=\"vertical-align: inherit;\"> Garantit un \u00e9talonnage coh\u00e9rent et des donn\u00e9es fiables.<\/span><\/span><\/p>\n<\/li>\n<li data-start=\"6668\" data-end=\"6768\">\n<p data-start=\"6670\" data-end=\"6768\"><strong data-start=\"6670\" data-end=\"6692\"><span dir=\"auto\" style=\"vertical-align: inherit;\"><span dir=\"auto\" style=\"vertical-align: inherit;\">Valeur \u00e9ducative :<\/span><\/span><\/strong><span dir=\"auto\" style=\"vertical-align: inherit;\"><span dir=\"auto\" style=\"vertical-align: inherit;\"> Convient aux projets de recherche universitaire en toxicologie analytique.<\/span><\/span><\/p>\n<\/li>\n<li data-start=\"6769\" data-end=\"6867\">\n<p data-start=\"6771\" data-end=\"6867\"><strong data-start=\"6771\" data-end=\"6807\"><span dir=\"auto\" style=\"vertical-align: inherit;\"><span dir=\"auto\" style=\"vertical-align: inherit;\">Norme de r\u00e9f\u00e9rence fiable\u00a0:<\/span><\/span><\/strong><span dir=\"auto\" style=\"vertical-align: inherit;\"><span dir=\"auto\" style=\"vertical-align: inherit;\"> Soutient les m\u00e9thodologies toxicologiques et m\u00e9dico-l\u00e9gales.<\/span><\/span><\/p>\n<\/li>\n<li data-start=\"6868\" data-end=\"6967\">\n<p data-start=\"6870\" data-end=\"6967\"><strong data-start=\"6870\" data-end=\"6904\"><span dir=\"auto\" style=\"vertical-align: inherit;\"><span dir=\"auto\" style=\"vertical-align: inherit;\">Conforme aux normes de s\u00e9curit\u00e9 :<\/span><\/span><\/strong><span dir=\"auto\" style=\"vertical-align: inherit;\"><span dir=\"auto\" style=\"vertical-align: inherit;\"> Fabriqu\u00e9 conform\u00e9ment aux directives internationales des laboratoires.<\/span><\/span><\/p>\n<\/li>\n<\/ul>\n<hr data-start=\"6969\" data-end=\"6972\" \/>\n<h3 data-start=\"6974\" data-end=\"7035\"><strong data-start=\"6978\" data-end=\"7035\"><span dir=\"auto\" style=\"vertical-align: inherit;\"><span dir=\"auto\" style=\"vertical-align: inherit;\">Mode d&#039;emploi (\u00c0 des fins de recherche uniquement)<\/span><\/span><\/strong><\/h3>\n<ol data-start=\"7037\" data-end=\"7438\">\n<li data-start=\"7037\" data-end=\"7139\">\n<p data-start=\"7040\" data-end=\"7139\"><strong data-start=\"7040\" data-end=\"7058\"><span dir=\"auto\" style=\"vertical-align: inherit;\"><span dir=\"auto\" style=\"vertical-align: inherit;\">Pr\u00e9paration:<\/span><\/span><\/strong><span dir=\"auto\" style=\"vertical-align: inherit;\"><span dir=\"auto\" style=\"vertical-align: inherit;\"> Utiliser uniquement dans des laboratoires accr\u00e9dit\u00e9s et porter un \u00e9quipement de protection appropri\u00e9.<\/span><\/span><\/p>\n<\/li>\n<li data-start=\"7140\" data-end=\"7280\">\n<p data-start=\"7143\" data-end=\"7280\"><strong data-start=\"7143\" data-end=\"7158\"><span dir=\"auto\" style=\"vertical-align: inherit;\"><span dir=\"auto\" style=\"vertical-align: inherit;\">Application:<\/span><\/span><\/strong><span dir=\"auto\" style=\"vertical-align: inherit;\"><span dir=\"auto\" style=\"vertical-align: inherit;\"> Utilisez des granul\u00e9s pour <\/span><\/span><strong data-start=\"7180\" data-end=\"7194\"><span dir=\"auto\" style=\"vertical-align: inherit;\"><span dir=\"auto\" style=\"vertical-align: inherit;\">\u00e9talonnage<\/span><\/span><\/strong><span dir=\"auto\" style=\"vertical-align: inherit;\"><span dir=\"auto\" style=\"vertical-align: inherit;\"> , <\/span><\/span><strong data-start=\"7196\" data-end=\"7214\"><span dir=\"auto\" style=\"vertical-align: inherit;\"><span dir=\"auto\" style=\"vertical-align: inherit;\">chromatographie<\/span><\/span><\/strong><span dir=\"auto\" style=\"vertical-align: inherit;\"><span dir=\"auto\" style=\"vertical-align: inherit;\"> ou <\/span><\/span><strong data-start=\"7218\" data-end=\"7244\"><span dir=\"auto\" style=\"vertical-align: inherit;\"><span dir=\"auto\" style=\"vertical-align: inherit;\">comparaison spectrale<\/span><\/span><\/strong><span dir=\"auto\" style=\"vertical-align: inherit;\"><span dir=\"auto\" style=\"vertical-align: inherit;\"> conform\u00e9ment aux protocoles valid\u00e9s.<\/span><\/span><\/p>\n<\/li>\n<li data-start=\"7281\" data-end=\"7344\">\n<p data-start=\"7284\" data-end=\"7344\"><strong data-start=\"7284\" data-end=\"7295\"><span dir=\"auto\" style=\"vertical-align: inherit;\"><span dir=\"auto\" style=\"vertical-align: inherit;\">Stockage:<\/span><\/span><\/strong><span dir=\"auto\" style=\"vertical-align: inherit;\"><span dir=\"auto\" style=\"vertical-align: inherit;\"> \u00c0 conserver dans un endroit frais, sec et \u00e0 l&#039;abri de la lumi\u00e8re, bien ferm\u00e9.<\/span><\/span><\/p>\n<\/li>\n<li data-start=\"7345\" data-end=\"7438\">\n<p data-start=\"7348\" data-end=\"7438\"><strong data-start=\"7348\" data-end=\"7359\"><span dir=\"auto\" style=\"vertical-align: inherit;\"><span dir=\"auto\" style=\"vertical-align: inherit;\">\u00c9limination:<\/span><\/span><\/strong><span dir=\"auto\" style=\"vertical-align: inherit;\"><span dir=\"auto\" style=\"vertical-align: inherit;\"> \u00c9liminer les r\u00e9sidus conform\u00e9ment aux directives locales en mati\u00e8re de gestion des d\u00e9chets chimiques.<\/span><\/span><\/p>\n<\/li>\n<\/ol>\n<hr data-start=\"7440\" data-end=\"7443\" \/>\n<h3 data-start=\"7445\" data-end=\"7479\"><strong data-start=\"7449\" data-end=\"7479\"><span dir=\"auto\" style=\"vertical-align: inherit;\"><span dir=\"auto\" style=\"vertical-align: inherit;\">S\u00e9curit\u00e9 et conformit\u00e9<\/span><\/span><\/strong><\/h3>\n<ul data-start=\"7481\" data-end=\"7915\">\n<li data-start=\"7481\" data-end=\"7576\">\n<p data-start=\"7483\" data-end=\"7576\"><strong data-start=\"7483\" data-end=\"7519\"><span dir=\"auto\" style=\"vertical-align: inherit;\"><span dir=\"auto\" style=\"vertical-align: inherit;\">R\u00e9serv\u00e9 \u00e0 un usage en laboratoire\u00a0:<\/span><\/span><\/strong><span dir=\"auto\" style=\"vertical-align: inherit;\"><span dir=\"auto\" style=\"vertical-align: inherit;\"> Ne convient pas \u00e0 la consommation humaine ou animale.<\/span><\/span><\/p>\n<\/li>\n<li data-start=\"7577\" data-end=\"7684\">\n<p data-start=\"7579\" data-end=\"7684\"><strong data-start=\"7579\" data-end=\"7607\"><span dir=\"auto\" style=\"vertical-align: inherit;\"><span dir=\"auto\" style=\"vertical-align: inherit;\">Consid\u00e9rations juridiques\u00a0:<\/span><\/span><\/strong><span dir=\"auto\" style=\"vertical-align: inherit;\"><span dir=\"auto\" style=\"vertical-align: inherit;\"> V\u00e9rifiez toujours la l\u00e9gislation locale concernant l&#039;utilisation du flu\u00e9tizolam.<\/span><\/span><\/p>\n<\/li>\n<li data-start=\"7685\" data-end=\"7790\">\n<p data-start=\"7687\" data-end=\"7790\"><strong data-start=\"7687\" data-end=\"7715\"><span dir=\"auto\" style=\"vertical-align: inherit;\"><span dir=\"auto\" style=\"vertical-align: inherit;\">Sant\u00e9 et s\u00e9curit\u00e9 :<\/span><\/span><\/strong><span dir=\"auto\" style=\"vertical-align: inherit;\"><span dir=\"auto\" style=\"vertical-align: inherit;\"> \u00c9viter tout contact avec la peau et les yeux ; travailler dans un endroit bien ventil\u00e9.<\/span><\/span><\/p>\n<\/li>\n<li data-start=\"7791\" data-end=\"7915\">\n<p data-start=\"7793\" data-end=\"7915\"><strong data-start=\"7793\" data-end=\"7810\"><span dir=\"auto\" style=\"vertical-align: inherit;\"><span dir=\"auto\" style=\"vertical-align: inherit;\">Documentation:<\/span><\/span><\/strong><span dir=\"auto\" style=\"vertical-align: inherit;\"><span dir=\"auto\" style=\"vertical-align: inherit;\"> UN <\/span><\/span><strong data-start=\"7815\" data-end=\"7851\"><span dir=\"auto\" style=\"vertical-align: inherit;\"><span dir=\"auto\" style=\"vertical-align: inherit;\">Fiche de donn\u00e9es de s\u00e9curit\u00e9 (FDS)<\/span><\/span><\/strong><span dir=\"auto\" style=\"vertical-align: inherit;\"><span dir=\"auto\" style=\"vertical-align: inherit;\"> et <\/span><\/span><strong data-start=\"7855\" data-end=\"7883\"><span dir=\"auto\" style=\"vertical-align: inherit;\"><span dir=\"auto\" style=\"vertical-align: inherit;\">Certificat d&#039;analyse (COA)<\/span><\/span><\/strong><span dir=\"auto\" style=\"vertical-align: inherit;\"><span dir=\"auto\" style=\"vertical-align: inherit;\"> sont disponibles sur demande.<\/span><\/span><\/p>\n<\/li>\n<\/ul>\n<hr data-start=\"7917\" data-end=\"7920\" \/>\n<h3 data-start=\"7922\" data-end=\"7957\"><strong data-start=\"7926\" data-end=\"7957\"><span dir=\"auto\" style=\"vertical-align: inherit;\"><span dir=\"auto\" style=\"vertical-align: inherit;\">Foire aux questions (FAQ)<\/span><\/span><\/strong><\/h3>\n<p data-start=\"7959\" data-end=\"8103\"><strong data-start=\"7959\" data-end=\"8002\"><span dir=\"auto\" style=\"vertical-align: inherit;\"><span dir=\"auto\" style=\"vertical-align: inherit;\">1. \u00c0 quoi sert le flu\u00e9tizolam ?<\/span><\/span><\/strong><br data-start=\"8002\" data-end=\"8005\" \/><span dir=\"auto\" style=\"vertical-align: inherit;\"><span dir=\"auto\" style=\"vertical-align: inherit;\"> Le flu\u00e9tizolam est utilis\u00e9 comme <\/span><\/span><strong data-start=\"8036\" data-end=\"8059\"><span dir=\"auto\" style=\"vertical-align: inherit;\"><span dir=\"auto\" style=\"vertical-align: inherit;\">une norme de r\u00e9f\u00e9rence<\/span><\/span><\/strong><span dir=\"auto\" style=\"vertical-align: inherit;\"><span dir=\"auto\" style=\"vertical-align: inherit;\"> en recherche m\u00e9dico-l\u00e9gale et toxicologique.<\/span><\/span><\/p>\n<p data-start=\"8105\" data-end=\"8272\"><strong data-start=\"8105\" data-end=\"8163\"><span dir=\"auto\" style=\"vertical-align: inherit;\"><span dir=\"auto\" style=\"vertical-align: inherit;\">2. Le flu\u00e9tizolam est-il adapt\u00e9 \u00e0 la consommation humaine ?<\/span><\/span><\/strong><br data-start=\"8163\" data-end=\"8166\" \/><span dir=\"auto\" style=\"vertical-align: inherit;\"><span dir=\"auto\" style=\"vertical-align: inherit;\"> Non. Ce produit est <\/span><\/span><strong data-start=\"8186\" data-end=\"8224\"><span dir=\"auto\" style=\"vertical-align: inherit;\"><span dir=\"auto\" style=\"vertical-align: inherit;\">R\u00e9serv\u00e9 \u00e0 la recherche<\/span><\/span><\/strong><span dir=\"auto\" style=\"vertical-align: inherit;\"><span dir=\"auto\" style=\"vertical-align: inherit;\"> et <\/span><\/span><strong data-start=\"8228\" data-end=\"8269\"><span dir=\"auto\" style=\"vertical-align: inherit;\"><span dir=\"auto\" style=\"vertical-align: inherit;\">n&#039;est pas approuv\u00e9 pour un usage m\u00e9dical<\/span><\/span><\/strong><span dir=\"auto\" style=\"vertical-align: inherit;\"><span dir=\"auto\" style=\"vertical-align: inherit;\"> .<\/span><\/span><\/p>\n<p data-start=\"8274\" data-end=\"8419\"><strong data-start=\"8274\" data-end=\"8335\"><span dir=\"auto\" style=\"vertical-align: inherit;\"><span dir=\"auto\" style=\"vertical-align: inherit;\">3. Comment les granules de flu\u00e9tizolam 1 mg doivent-ils \u00eatre conserv\u00e9s ?<\/span><\/span><\/strong><br data-start=\"8335\" data-end=\"8338\" \/><span dir=\"auto\" style=\"vertical-align: inherit;\"><span dir=\"auto\" style=\"vertical-align: inherit;\"> \u00c0 conserver dans un endroit frais, sec et \u00e0 l&#039;abri de la lumi\u00e8re, bien ferm\u00e9 et hors de port\u00e9e des personnes non autoris\u00e9es.<\/span><\/span><\/p>\n<p><a href=\"https:\/\/researchchemicalhub.com\/fr_be\/boutique\/lysergamides\/1v-lsd-150-mcg-blotters\/\"><span dir=\"auto\" style=\"vertical-align: inherit;\"><span dir=\"auto\" style=\"vertical-align: inherit;\">buvards 1V-LSD 150 MCG <\/span><\/span><\/a><a href=\"https:\/\/researchchemicalhub.com\/fr_be\/boutique\/presque-interdit\/6-cl-dadba\/\"><span dir=\"auto\" style=\"vertical-align: inherit;\"><span dir=\"auto\" style=\"vertical-align: inherit;\">6-CL-ADBA <\/span><\/span><\/a><a href=\"https:\/\/researchchemicalhub.com\/fr_be\/boutique\/cathinones\/acheter-2-cmc\/\"><span dir=\"auto\" style=\"vertical-align: inherit;\"><span dir=\"auto\" style=\"vertical-align: inherit;\">Granul\u00e9s de 2-CMC 250 mg <\/span><\/span><\/a><a href=\"https:\/\/researchchemicalhub.com\/fr_be\/boutique\/phenethylamine\/gelules-2c-ef-2-mg\/\"><span dir=\"auto\" style=\"vertical-align: inherit;\"><span dir=\"auto\" style=\"vertical-align: inherit;\">G\u00e9lules de 2C-EF 2 mg <\/span><\/span><\/a><a href=\"https:\/\/researchchemicalhub.com\/fr_be\/boutique\/autre\/meai\/\"><span dir=\"auto\" style=\"vertical-align: inherit;\"><span dir=\"auto\" style=\"vertical-align: inherit;\">MEAI<\/span><\/span><\/a><\/p>","protected":false},"excerpt":{"rendered":"<h2><span dir=\"auto\" style=\"vertical-align: inherit;\"><span dir=\"auto\" style=\"vertical-align: inherit;\">Fluetizolam pellets properties<\/span><\/span><\/h2>\n<p><strong><span dir=\"auto\" style=\"vertical-align: inherit;\"><span dir=\"auto\" style=\"vertical-align: inherit;\">Synonym<\/span><\/span><\/strong><span dir=\"auto\" style=\"vertical-align: inherit;\"><span dir=\"auto\" style=\"vertical-align: inherit;\"> : <\/span><\/span><b><span dir=\"auto\" style=\"vertical-align: inherit;\"><span dir=\"auto\" style=\"vertical-align: inherit;\">2-ethyl-4-(2-fluorophenyl)-9-methyl-6H-thieno[3,2-f][1,2,4]triazolo[4,3-a][1,4]diazepine <\/span><\/span><\/b><br \/>\n<strong><span dir=\"auto\" style=\"vertical-align: inherit;\"><span dir=\"auto\" style=\"vertical-align: inherit;\">CAS Number<\/span><\/span><\/strong><span dir=\"auto\" style=\"vertical-align: inherit;\"><span dir=\"auto\" style=\"vertical-align: inherit;\"> : 40054-88-4 <\/span><\/span><br \/>\n<strong><span dir=\"auto\" style=\"vertical-align: inherit;\"><span dir=\"auto\" style=\"vertical-align: inherit;\">Formula<\/span><\/span><\/strong><span dir=\"auto\" style=\"vertical-align: inherit;\"><span dir=\"auto\" style=\"vertical-align: inherit;\"> : <\/span><\/span><span title=\"Carbon\"><span dir=\"auto\" style=\"vertical-align: inherit;\"><span dir=\"auto\" style=\"vertical-align: inherit;\">C <\/span><\/span><\/span><sub><span dir=\"auto\" style=\"vertical-align: inherit;\"><span dir=\"auto\" style=\"vertical-align: inherit;\">17 <\/span><\/span><\/sub><span title=\"Hydrogen\"><span dir=\"auto\" style=\"vertical-align: inherit;\"><span dir=\"auto\" style=\"vertical-align: inherit;\">H <\/span><\/span><\/span><sub><span dir=\"auto\" style=\"vertical-align: inherit;\"><span dir=\"auto\" style=\"vertical-align: inherit;\">15 <\/span><\/span><\/sub><span title=\"Fluorine\"><span dir=\"auto\" style=\"vertical-align: inherit;\"><span dir=\"auto\" style=\"vertical-align: inherit;\">F <\/span><\/span><\/span><span title=\"Nitrogen\"><span dir=\"auto\" style=\"vertical-align: inherit;\"><span dir=\"auto\" style=\"vertical-align: inherit;\">N <\/span><\/span><\/span><sub><span dir=\"auto\" style=\"vertical-align: inherit;\"><span dir=\"auto\" style=\"vertical-align: inherit;\">4 <\/span><\/span><\/sub><span title=\"Sulfur\"><span dir=\"auto\" style=\"vertical-align: inherit;\"><span dir=\"auto\" style=\"vertical-align: inherit;\">S <\/span><\/span><\/span><br \/>\n<strong><span dir=\"auto\" style=\"vertical-align: inherit;\"><span dir=\"auto\" style=\"vertical-align: inherit;\">Molar mass<\/span><\/span><\/strong><span dir=\"auto\" style=\"vertical-align: inherit;\"><span dir=\"auto\" style=\"vertical-align: inherit;\"> : 342.8 g\/mol <\/span><\/span><br \/>\n<strong><span dir=\"auto\" style=\"vertical-align: inherit;\"><span dir=\"auto\" style=\"vertical-align: inherit;\">Purity<\/span><\/span><\/strong><span dir=\"auto\" style=\"vertical-align: inherit;\"><span dir=\"auto\" style=\"vertical-align: inherit;\"> : \u2265 99%<\/span><\/span><\/p>\n","protected":false},"featured_media":28531,"comment_status":"closed","ping_status":"closed","template":"","meta":[],"product_brand":[],"product_cat":[76,550,551,324],"product_tag":[614,615,326],"class_list":{"0":"post-23766","1":"product","2":"type-product","3":"status-publish","4":"has-post-thumbnail","6":"product_cat-benzodiazepinen","7":"product_cat-fluetizolam","8":"product_cat-fluetizolam-pellets","9":"product_cat-pellets-for-pellet","10":"product_tag-fluetizolam","11":"product_tag-fluetizolam-kopen","12":"product_tag-nl","14":"first","15":"instock","16":"taxable","17":"shipping-taxable","18":"purchasable","19":"product-type-variable"},"_links":{"self":[{"href":"https:\/\/researchchemicalhub.com\/fr_be\/wp-json\/wp\/v2\/product\/23766","targetHints":{"allow":["GET"]}}],"collection":[{"href":"https:\/\/researchchemicalhub.com\/fr_be\/wp-json\/wp\/v2\/product"}],"about":[{"href":"https:\/\/researchchemicalhub.com\/fr_be\/wp-json\/wp\/v2\/types\/product"}],"replies":[{"embeddable":true,"href":"https:\/\/researchchemicalhub.com\/fr_be\/wp-json\/wp\/v2\/comments?post=23766"}],"version-history":[{"count":6,"href":"https:\/\/researchchemicalhub.com\/fr_be\/wp-json\/wp\/v2\/product\/23766\/revisions"}],"predecessor-version":[{"id":28706,"href":"https:\/\/researchchemicalhub.com\/fr_be\/wp-json\/wp\/v2\/product\/23766\/revisions\/28706"}],"wp:featuredmedia":[{"embeddable":true,"href":"https:\/\/researchchemicalhub.com\/fr_be\/wp-json\/wp\/v2\/media\/28531"}],"wp:attachment":[{"href":"https:\/\/researchchemicalhub.com\/fr_be\/wp-json\/wp\/v2\/media?parent=23766"}],"wp:term":[{"taxonomy":"product_brand","embeddable":true,"href":"https:\/\/researchchemicalhub.com\/fr_be\/wp-json\/wp\/v2\/product_brand?post=23766"},{"taxonomy":"product_cat","embeddable":true,"href":"https:\/\/researchchemicalhub.com\/fr_be\/wp-json\/wp\/v2\/product_cat?post=23766"},{"taxonomy":"product_tag","embeddable":true,"href":"https:\/\/researchchemicalhub.com\/fr_be\/wp-json\/wp\/v2\/product_tag?post=23766"}],"curies":[{"name":"wp","href":"https:\/\/api.w.org\/{rel}","templated":true}]}}