{"id":23751,"date":"2025-04-13T17:40:22","date_gmt":"2025-04-13T17:40:22","guid":{"rendered":"https:\/\/researchchemicalhub.com\/?post_type=product&#038;p=23751"},"modified":"2025-10-30T08:27:33","modified_gmt":"2025-10-30T08:27:33","slug":"spray-chimique-2f-dck-30","status":"publish","type":"product","link":"https:\/\/researchchemicalhub.com\/fr_be\/boutique\/acheter-2f-dck\/spray-chimique-2f-dck-30\/","title":{"rendered":"Spray chimique 2F-DCK 30%"},"content":{"rendered":"<p data-start=\"4870\" data-end=\"5213\"><strong data-start=\"4870\" data-end=\"4900\">Chem Mist 2F-DCK Spray 30%<\/strong> est un <strong data-start=\"4908\" data-end=\"4942\">analytisch referentiemateriaal<\/strong> dat <strong data-start=\"4947\" data-end=\"4985\">2-Fluorodeschlorok\u00e9tamine (2F-DCK)<\/strong> bevat, een verbinding uit de <strong data-start=\"5015\" data-end=\"5045\">classe des arylcyclohexylamines<\/strong>. Chem Mist 2F DCK Spray<br data-start=\"5046\" data-end=\"5049\" \/>Il est utilis\u00e9 dans <strong data-start=\"5071\" data-end=\"5113\">laboratoires m\u00e9dico-l\u00e9gaux et d&#039;analyse<\/strong> voor de ontwikkeling van analysemethoden, kalibratie en identificatie van chemische verbindingen.<\/p>\n<p data-start=\"5215\" data-end=\"5332\">Ce produit est <strong data-start=\"5230\" data-end=\"5268\">destin\u00e9 \u00e0 des fins de recherche uniquement<\/strong> et <strong data-start=\"5272\" data-end=\"5329\">ne convient pas \u00e0 la consommation humaine ou animale<\/strong>.<\/p>\n<hr data-start=\"5334\" data-end=\"5337\" \/>\n<h3 data-start=\"5339\" data-end=\"5370\"><strong data-start=\"5343\" data-end=\"5370\">Caract\u00e9ristiques principales<\/strong><\/h3>\n<ul data-start=\"5372\" data-end=\"5862\">\n<li data-start=\"5372\" data-end=\"5481\">\n<p data-start=\"5374\" data-end=\"5481\"><strong data-start=\"5374\" data-end=\"5394\">Haute puret\u00e9 :<\/strong> Geproduceerd onder strikte kwaliteitscontrole voor betrouwbare onderzoeksresultaten.<\/p>\n<\/li>\n<li data-start=\"5482\" data-end=\"5577\">\n<p data-start=\"5484\" data-end=\"5577\"><strong data-start=\"5484\" data-end=\"5520\">Gestandaardiseerde Concentratie:<\/strong> 30% oplossing voor nauwkeurige analytische kalibratie.<\/p>\n<\/li>\n<li data-start=\"5578\" data-end=\"5665\">\n<p data-start=\"5580\" data-end=\"5665\"><strong data-start=\"5580\" data-end=\"5613\">Documentation certifi\u00e9e :<\/strong> Fourni avec certificat d&#039;analyse et donn\u00e9es de lot.<\/p>\n<\/li>\n<li data-start=\"5666\" data-end=\"5765\">\n<p data-start=\"5668\" data-end=\"5765\"><strong data-start=\"5668\" data-end=\"5699\">Analytique largement d\u00e9ployable :<\/strong> Convient pour <strong data-start=\"5714\" data-end=\"5723\">GC-MS<\/strong>, <strong data-start=\"5725\" data-end=\"5737\">LC-MS\/MS<\/strong> et <strong data-start=\"5741\" data-end=\"5749\">HPLC<\/strong> candidatures.<\/p>\n<\/li>\n<li data-start=\"5766\" data-end=\"5862\">\n<p data-start=\"5768\" data-end=\"5862\"><strong data-start=\"5768\" data-end=\"5793\">Formulation stable :<\/strong> Ontworpen voor langdurige opslag onder laboratoriumomstandigheden. Chem Mist 2F DCK Spray<\/p>\n<\/li>\n<\/ul>\n<hr data-start=\"5864\" data-end=\"5867\" \/>\n<h3 data-start=\"5869\" data-end=\"5886\"><strong data-start=\"5873\" data-end=\"5886\">Avantages<\/strong><\/h3>\n<ul data-start=\"5888\" data-end=\"6339\">\n<li data-start=\"5888\" data-end=\"5979\">\n<p data-start=\"5890\" data-end=\"5979\"><strong data-start=\"5890\" data-end=\"5916\">Applicable sur le plan m\u00e9dico-l\u00e9gal :<\/strong> Ondersteunt onderzoek naar arylcyclohexylamine-verbindingen.<\/p>\n<\/li>\n<li data-start=\"5980\" data-end=\"6069\">\n<p data-start=\"5982\" data-end=\"6069\"><strong data-start=\"5982\" data-end=\"6009\">Calibrage fiable :<\/strong> Assure des r\u00e9sultats de mesure coh\u00e9rents et reproductibles.<\/p>\n<\/li>\n<li data-start=\"6070\" data-end=\"6163\">\n<p data-start=\"6072\" data-end=\"6163\"><strong data-start=\"6072\" data-end=\"6117\">Ondersteunt Methodologische Ontwikkeling:<\/strong> Geschikt voor detectie- en analysemethoden.<\/p>\n<\/li>\n<li data-start=\"6164\" data-end=\"6246\">\n<p data-start=\"6166\" data-end=\"6246\"><strong data-start=\"6166\" data-end=\"6188\">Valeur \u00e9ducative :<\/strong> Kan worden gebruikt in academische onderzoeksprojecten.<\/p>\n<\/li>\n<li data-start=\"6247\" data-end=\"6339\">\n<p data-start=\"6249\" data-end=\"6339\"><strong data-start=\"6249\" data-end=\"6276\">Veilig en Regelconform:<\/strong> Fabriqu\u00e9 selon les directives internationales des laboratoires.<\/p>\n<\/li>\n<\/ul>\n<hr data-start=\"6341\" data-end=\"6344\" \/>\n<h3 data-start=\"6346\" data-end=\"6407\"><strong data-start=\"6350\" data-end=\"6407\">Instructions d&#039;utilisation (\u00e0 des fins de recherche uniquement)<\/strong><\/h3>\n<ol data-start=\"6409\" data-end=\"6758\">\n<li data-start=\"6409\" data-end=\"6511\">\n<p data-start=\"6412\" data-end=\"6511\"><strong data-start=\"6412\" data-end=\"6426\">Manutention:<\/strong> Gebruik uitsluitend in erkende laboratoria onder toezicht van deskundig personeel.<\/p>\n<\/li>\n<li data-start=\"6512\" data-end=\"6609\">\n<p data-start=\"6515\" data-end=\"6609\"><strong data-start=\"6515\" data-end=\"6530\">Application:<\/strong> Gebruik volgens gevalideerde protocollen in een goed geventileerde omgeving.<\/p>\n<\/li>\n<li data-start=\"6610\" data-end=\"6673\">\n<p data-start=\"6613\" data-end=\"6673\"><strong data-start=\"6613\" data-end=\"6624\">Stockage:<\/strong> Conserver dans un endroit frais, sec et sombre, bien ferm\u00e9.<\/p>\n<\/li>\n<li data-start=\"6674\" data-end=\"6758\">\n<p data-start=\"6677\" data-end=\"6758\"><strong data-start=\"6677\" data-end=\"6688\">\u00c9limination:<\/strong> Verwijder restanten conform lokale regelgeving voor chemisch afval.<\/p>\n<\/li>\n<\/ol>\n<hr data-start=\"6760\" data-end=\"6763\" \/>\n<h3 data-start=\"6765\" data-end=\"6799\"><strong data-start=\"6769\" data-end=\"6799\">S\u00e9curit\u00e9 et conformit\u00e9<\/strong><\/h3>\n<ul data-start=\"6801\" data-end=\"7239\">\n<li data-start=\"6801\" data-end=\"6896\">\n<p data-start=\"6803\" data-end=\"6896\"><strong data-start=\"6803\" data-end=\"6839\">R\u00e9serv\u00e9 \u00e0 un usage en laboratoire\u00a0:<\/strong> Ne convient pas \u00e0 la consommation humaine ou animale.<\/p>\n<\/li>\n<li data-start=\"6897\" data-end=\"7009\">\n<p data-start=\"6899\" data-end=\"7009\"><strong data-start=\"6899\" data-end=\"6927\">Consid\u00e9rations juridiques :<\/strong> De status van 2F-DCK verschilt per land; controleer altijd de lokale wetgeving.<\/p>\n<\/li>\n<li data-start=\"7010\" data-end=\"7114\">\n<p data-start=\"7012\" data-end=\"7114\"><strong data-start=\"7012\" data-end=\"7040\">Sant\u00e9 et s\u00e9curit\u00e9 :<\/strong> \u00c9viter le contact avec la peau et l\u2019inhalation ; porter un \u00e9quipement de protection appropri\u00e9.<\/p>\n<\/li>\n<li data-start=\"7115\" data-end=\"7239\">\n<p data-start=\"7117\" data-end=\"7239\"><strong data-start=\"7117\" data-end=\"7134\">Documentation:<\/strong> UN <strong data-start=\"7139\" data-end=\"7175\">fiche de donn\u00e9es de s\u00e9curit\u00e9 (FDS)<\/strong> et <strong data-start=\"7179\" data-end=\"7207\">certificat d&#039;analyse (COA)<\/strong> sont disponibles sur demande.<\/p>\n<\/li>\n<\/ul>\n<hr data-start=\"7241\" data-end=\"7244\" \/>\n<h3 data-start=\"7246\" data-end=\"7281\"><strong data-start=\"7250\" data-end=\"7281\">Foire aux questions (FAQ)<\/strong><\/h3>\n<p data-start=\"7283\" data-end=\"7478\"><strong data-start=\"7283\" data-end=\"7341\">1. Waarvoor wordt Chem Mist 2F-DCK Spray 30% gebruikt?<\/strong><br data-start=\"7341\" data-end=\"7344\" \/>Il est utilis\u00e9 comme <strong data-start=\"7367\" data-end=\"7390\">solution de r\u00e9f\u00e9rence<\/strong> in forensische en analytische laboratoria voor methodenontwikkeling en identificatie.<\/p>\n<p data-start=\"7480\" data-end=\"7641\"><strong data-start=\"7480\" data-end=\"7538\">2. Ce produit est-il propre \u00e0 la consommation humaine ?<\/strong><br data-start=\"7538\" data-end=\"7541\" \/>Nee. Het is <strong data-start=\"7553\" data-end=\"7591\">destin\u00e9 \u00e0 des fins de recherche uniquement<\/strong> et <strong data-start=\"7595\" data-end=\"7638\">non approuv\u00e9 pour l&#039;usage humain<\/strong>.<\/p>\n<p data-start=\"7643\" data-end=\"7788\"><strong data-start=\"7643\" data-end=\"7704\">3. Hoe moet Chem Mist 2F-DCK Spray 30% worden opgeslagen?<\/strong><br data-start=\"7704\" data-end=\"7707\" \/>Conserver dans un endroit frais, sec et sombre, bien ferm\u00e9 et hors de port\u00e9e des personnes non autoris\u00e9es.<\/p>","protected":false},"excerpt":{"rendered":"<h2><span style=\"vertical-align: inherit;\"><span style=\"vertical-align: inherit;\">Propri\u00e9t\u00e9s du Chem-mist 2F-DCK 30% Vanilla Sky<\/span><\/span><\/h2>\n<p><strong><span style=\"vertical-align: inherit;\"><span style=\"vertical-align: inherit;\">Synonyme:<\/span><\/span><\/strong><span style=\"vertical-align: inherit;\"><span style=\"vertical-align: inherit;\"> 2-fluorodeschlorok\u00e9tamine HCl <\/span><\/span><br \/>\n<strong><span style=\"vertical-align: inherit;\"><span style=\"vertical-align: inherit;\">Num\u00e9ro CAS :<\/span><\/span><\/strong><span style=\"vertical-align: inherit;\"><span style=\"vertical-align: inherit;\"> 111982-49-1 <\/span><\/span><br \/>\n<strong><span style=\"vertical-align: inherit;\"><span style=\"vertical-align: inherit;\">Formule:<\/span><\/span><\/strong><span style=\"vertical-align: inherit;\"><span style=\"vertical-align: inherit;\"> 2-(2-fluoroph\u00e9nyl)-2-(m\u00e9thylamino)-cyclohexanone <\/span><\/span><br \/>\n<strong><span style=\"vertical-align: inherit;\"><span style=\"vertical-align: inherit;\">Masse molaire:<\/span><\/span><\/strong><span style=\"vertical-align: inherit;\"><span style=\"vertical-align: inherit;\"> 257,7 g\/mol <\/span><\/span><br \/>\n<strong><span style=\"vertical-align: inherit;\"><span style=\"vertical-align: inherit;\">Puret\u00e9:<\/span><\/span><\/strong><span style=\"vertical-align: inherit;\"><span style=\"vertical-align: inherit;\"> &gt;98%<\/span><\/span><\/p>","protected":false},"featured_media":28495,"comment_status":"closed","ping_status":"closed","template":"","meta":[],"product_brand":[],"product_cat":[474,498,71,471,396],"product_tag":[1115,1116,1117,326,472],"class_list":{"0":"post-23751","1":"product","2":"type-product","3":"status-publish","4":"has-post-thumbnail","6":"product_cat-2f-dck-kopen","7":"product_cat-2f-dck-sprays","8":"product_cat-arylcyclohexylamine","9":"product_cat-chem-mist-sprays","10":"product_cat-liquid-rcs","11":"product_tag-chem-mist-2f-dck-spray","12":"product_tag-chem-mist-2f-dck-spray-30","13":"product_tag-chem-mist-2f-dck-spray-kopen","14":"product_tag-nl","15":"product_tag-spring-is-in-the-air","17":"first","18":"instock","19":"taxable","20":"shipping-taxable","21":"purchasable","22":"product-type-variable"},"_links":{"self":[{"href":"https:\/\/researchchemicalhub.com\/fr_be\/wp-json\/wp\/v2\/product\/23751","targetHints":{"allow":["GET"]}}],"collection":[{"href":"https:\/\/researchchemicalhub.com\/fr_be\/wp-json\/wp\/v2\/product"}],"about":[{"href":"https:\/\/researchchemicalhub.com\/fr_be\/wp-json\/wp\/v2\/types\/product"}],"replies":[{"embeddable":true,"href":"https:\/\/researchchemicalhub.com\/fr_be\/wp-json\/wp\/v2\/comments?post=23751"}],"version-history":[{"count":6,"href":"https:\/\/researchchemicalhub.com\/fr_be\/wp-json\/wp\/v2\/product\/23751\/revisions"}],"predecessor-version":[{"id":27959,"href":"https:\/\/researchchemicalhub.com\/fr_be\/wp-json\/wp\/v2\/product\/23751\/revisions\/27959"}],"wp:featuredmedia":[{"embeddable":true,"href":"https:\/\/researchchemicalhub.com\/fr_be\/wp-json\/wp\/v2\/media\/28495"}],"wp:attachment":[{"href":"https:\/\/researchchemicalhub.com\/fr_be\/wp-json\/wp\/v2\/media?parent=23751"}],"wp:term":[{"taxonomy":"product_brand","embeddable":true,"href":"https:\/\/researchchemicalhub.com\/fr_be\/wp-json\/wp\/v2\/product_brand?post=23751"},{"taxonomy":"product_cat","embeddable":true,"href":"https:\/\/researchchemicalhub.com\/fr_be\/wp-json\/wp\/v2\/product_cat?post=23751"},{"taxonomy":"product_tag","embeddable":true,"href":"https:\/\/researchchemicalhub.com\/fr_be\/wp-json\/wp\/v2\/product_tag?post=23751"}],"curies":[{"name":"wp","href":"https:\/\/api.w.org\/{rel}","templated":true}]}}