{"id":23663,"date":"2025-04-13T17:40:11","date_gmt":"2025-04-13T17:40:11","guid":{"rendered":"https:\/\/researchchemicalhub.com\/?post_type=product&#038;p=23663"},"modified":"2025-10-18T13:43:29","modified_gmt":"2025-10-18T13:43:29","slug":"barres-de-flubrotizolam-fanax-05-mg","status":"publish","type":"product","link":"https:\/\/researchchemicalhub.com\/fr_be\/boutique\/benzodiazepines\/barres-de-flubrotizolam-fanax-05-mg\/","title":{"rendered":"Barres de flubrotizolam Fanax 0,5 mg"},"content":{"rendered":"<h3 data-start=\"2659\" data-end=\"2734\"><strong data-start=\"2663\" data-end=\"2734\">Barres de flubrotizolam Fanax 0,5 mg<\/strong><\/h3>\n<h3 data-start=\"2736\" data-end=\"2755\"><strong data-start=\"2740\" data-end=\"2755\">Introduction<\/strong><\/h3>\n<p data-start=\"2756\" data-end=\"3160\">Les barres de Flubrotizolam Fanax 0,5 mg sont des comprim\u00e9s de haute qualit\u00e9, issus de la recherche, reconnus pour leur efficacit\u00e9 et leur fiabilit\u00e9. Chaque barre contient une dose pr\u00e9cise de <strong data-start=\"2930\" data-end=\"2954\">0,5 mg de flubrotizolam<\/strong>, un compos\u00e9 connu pour sa forte <strong data-start=\"3000\" data-end=\"3064\">propri\u00e9t\u00e9s calmantes, anxiolytiques et favorisant le sommeil<\/strong>Ces barres sont principalement utilis\u00e9es dans la recherche en laboratoire sur les thi\u00e9notriazolodiaz\u00e9pines.<\/p>\n<hr data-start=\"3162\" data-end=\"3165\" \/>\n<h3 data-start=\"3167\" data-end=\"3198\"><strong data-start=\"3171\" data-end=\"3198\">Caract\u00e9ristiques principales<\/strong><\/h3>\n<ul data-start=\"3199\" data-end=\"3738\">\n<li data-start=\"3199\" data-end=\"3319\">\n<p data-start=\"3201\" data-end=\"3319\"><strong data-start=\"3201\" data-end=\"3226\">Dosage pr\u00e9cis :<\/strong> Chaque barre contient exactement 0,5 mg de flubrotizolam de haute puret\u00e9 pour des r\u00e9sultats coh\u00e9rents.<\/p>\n<\/li>\n<li data-start=\"3320\" data-end=\"3435\">\n<p data-start=\"3322\" data-end=\"3435\"><strong data-start=\"3322\" data-end=\"3348\">Qualit\u00e9 du laboratoire :<\/strong> Fabriqu\u00e9 selon des normes de qualit\u00e9 strictes pour une puret\u00e9 et une stabilit\u00e9 maximales.<\/p>\n<\/li>\n<li data-start=\"3436\" data-end=\"3533\">\n<p data-start=\"3438\" data-end=\"3533\"><strong data-start=\"3438\" data-end=\"3458\">Conception compacte :<\/strong> Facile \u00e0 manipuler pour une utilisation contr\u00f4l\u00e9e et s\u00fbre en recherche.<\/p>\n<\/li>\n<li data-start=\"3534\" data-end=\"3635\">\n<p data-start=\"3536\" data-end=\"3635\"><strong data-start=\"3536\" data-end=\"3571\">Profil de recherche publi\u00e9 :<\/strong> Connu pour ses puissants effets s\u00e9datifs et relaxants musculaires.<\/p>\n<\/li>\n<li data-start=\"3636\" data-end=\"3738\">\n<p data-start=\"3638\" data-end=\"3738\"><strong data-start=\"3638\" data-end=\"3661\">Emballage s\u00fbr :<\/strong> Scell\u00e9 herm\u00e9tiquement pour maintenir l&#039;int\u00e9grit\u00e9 du produit pendant le transport.<\/p>\n<\/li>\n<\/ul>\n<hr data-start=\"3740\" data-end=\"3743\" \/>\n<h3 data-start=\"3745\" data-end=\"3762\"><strong data-start=\"3749\" data-end=\"3762\">Avantages<\/strong><\/h3>\n<ul data-start=\"3763\" data-end=\"4059\">\n<li data-start=\"3763\" data-end=\"3851\">\n<p data-start=\"3765\" data-end=\"3851\">Fait <strong data-start=\"3771\" data-end=\"3804\">contr\u00f4le pr\u00e9cis du dosage<\/strong> possible dans les exp\u00e9riences scientifiques.<\/p>\n<\/li>\n<li data-start=\"3852\" data-end=\"3933\">\n<p data-start=\"3854\" data-end=\"3933\">Offres <strong data-start=\"3860\" data-end=\"3888\">coh\u00e9rence fiable<\/strong> pour des r\u00e9sultats de recherche reproductibles.<\/p>\n<\/li>\n<li data-start=\"3934\" data-end=\"3994\">\n<p data-start=\"3936\" data-end=\"3994\">Soutient la recherche sur <strong data-start=\"3963\" data-end=\"3991\">modulation du sommeil et de l&#039;anxi\u00e9t\u00e9<\/strong>.<\/p>\n<\/li>\n<li data-start=\"3995\" data-end=\"4059\">\n<p data-start=\"3997\" data-end=\"4059\">Favorise <strong data-start=\"4007\" data-end=\"4036\">s\u00e9curit\u00e9 et efficacit\u00e9<\/strong> au laboratoire.<\/p>\n<\/li>\n<\/ul>\n<hr data-start=\"4061\" data-end=\"4064\" \/>\n<h3 data-start=\"4066\" data-end=\"4081\"><strong data-start=\"4070\" data-end=\"4081\">Usage<\/strong><\/h3>\n<p data-start=\"4082\" data-end=\"4166\">Ce produit est <strong data-start=\"4097\" data-end=\"4163\">destin\u00e9 uniquement \u00e0 des fins de laboratoire et de recherche<\/strong>.<\/p>\n<ul data-start=\"4167\" data-end=\"4378\">\n<li data-start=\"4167\" data-end=\"4253\">\n<p data-start=\"4169\" data-end=\"4253\">Utilisez un \u00e9quipement de protection appropri\u00e9 et suivez les pr\u00e9cautions de s\u00e9curit\u00e9 standard.<\/p>\n<\/li>\n<li data-start=\"4254\" data-end=\"4319\">\n<p data-start=\"4256\" data-end=\"4319\">\u00c0 conserver dans un endroit frais et sec, \u00e0 l&#039;abri du soleil.<\/p>\n<\/li>\n<li data-start=\"4320\" data-end=\"4378\">\n<p data-start=\"4322\" data-end=\"4378\">Ne convient pas \u00e0 la consommation humaine ou animale.<\/p>\n<\/li>\n<\/ul>\n<hr data-start=\"4380\" data-end=\"4383\" \/>\n<h3 data-start=\"4385\" data-end=\"4420\"><strong data-start=\"4389\" data-end=\"4420\">Foire aux questions (FAQ)<\/strong><\/h3>\n<p data-start=\"4422\" data-end=\"4613\"><strong data-start=\"4422\" data-end=\"4486\">1. \u00c0 quoi servent les barres de Flubrotizolam Fanax 0,5 MG\u00a0?<\/strong><br data-start=\"4486\" data-end=\"4489\" \/>Ils sont utilis\u00e9s pour la recherche scientifique sur les effets s\u00e9datifs et anxiolytiques des thi\u00e9notriazolodiaz\u00e9pines.<\/p>\n<p data-start=\"4615\" data-end=\"4783\"><strong data-start=\"4615\" data-end=\"4669\">2. Ce produit est-il s\u00fbr pour un usage personnel ?<\/strong><br data-start=\"4669\" data-end=\"4672\" \/>Non. Ce produit est destin\u00e9 \u00e0 \u00eatre utilis\u00e9 uniquement <strong data-start=\"4717\" data-end=\"4741\">\u00e0 des fins de recherche<\/strong> et ne doit pas \u00eatre pris par les humains.<\/p>\n<p data-start=\"4785\" data-end=\"4923\"><strong data-start=\"4785\" data-end=\"4828\">3. Comment le produit doit-il \u00eatre conserv\u00e9 ?<\/strong><br data-start=\"4828\" data-end=\"4831\" \/>Conserver dans un r\u00e9cipient ferm\u00e9 \u00e0 temp\u00e9rature ambiante, \u00e0 l&#039;abri de l&#039;humidit\u00e9 et de la chaleur.<\/p>","protected":false},"excerpt":{"rendered":"<h3><span data-sheets-value=\"{\" data-sheets-userformat=\"{\"><strong><span style=\"vertical-align: inherit;\"><span style=\"vertical-align: inherit;\"><span dir=\"auto\" style=\"vertical-align: inherit;\"><span dir=\"auto\" style=\"vertical-align: inherit;\">Flubrotizolam Fanax Bars<\/span><\/span><\/span><\/span><\/strong><span style=\"vertical-align: inherit;\"><span style=\"vertical-align: inherit;\"><span dir=\"auto\" style=\"vertical-align: inherit;\"><span dir=\"auto\" style=\"vertical-align: inherit;\"> Properties<\/span><\/span><\/span><\/span><\/span><\/h3>\n<p><strong><span style=\"vertical-align: inherit;\"><span style=\"vertical-align: inherit;\"><span dir=\"auto\" style=\"vertical-align: inherit;\"><span dir=\"auto\" style=\"vertical-align: inherit;\">Synonym:<\/span><\/span><\/span><\/span><\/strong><span style=\"vertical-align: inherit;\"><span style=\"vertical-align: inherit;\"><span dir=\"auto\" style=\"vertical-align: inherit;\"><span dir=\"auto\" style=\"vertical-align: inherit;\"> 2-bromo-4-(2-fluorophenyl)-9-methyl-6H-thieno[3,2-f][1,2,4]triazolo[4,3-a][1,4]diazepine <\/span><\/span><\/span><\/span><br \/>\n<strong><span style=\"vertical-align: inherit;\"><span style=\"vertical-align: inherit;\"><span dir=\"auto\" style=\"vertical-align: inherit;\"><span dir=\"auto\" style=\"vertical-align: inherit;\">CAS Number:<\/span><\/span><\/span><\/span><\/strong><span style=\"vertical-align: inherit;\"><span style=\"vertical-align: inherit;\"><span dir=\"auto\" style=\"vertical-align: inherit;\"><span dir=\"auto\" style=\"vertical-align: inherit;\"> 57801-95-3 <\/span><\/span><\/span><\/span><br \/>\n<strong><span style=\"vertical-align: inherit;\"><span style=\"vertical-align: inherit;\"><span dir=\"auto\" style=\"vertical-align: inherit;\"><span dir=\"auto\" style=\"vertical-align: inherit;\">Formula:<\/span><\/span><\/span><\/span><\/strong><span style=\"vertical-align: inherit;\"><span style=\"vertical-align: inherit;\"><span dir=\"auto\" style=\"vertical-align: inherit;\"><span dir=\"auto\" style=\"vertical-align: inherit;\"> C17H12BrFN4 <\/span><\/span><\/span><\/span><br \/>\n<strong><span style=\"vertical-align: inherit;\"><span style=\"vertical-align: inherit;\"><span dir=\"auto\" style=\"vertical-align: inherit;\"><span dir=\"auto\" style=\"vertical-align: inherit;\">Mole mass:<\/span><\/span><\/span><\/span><\/strong><span style=\"vertical-align: inherit;\"><span style=\"vertical-align: inherit;\"><span dir=\"auto\" style=\"vertical-align: inherit;\"><span dir=\"auto\" style=\"vertical-align: inherit;\"> 377.2 g\/mol <\/span><\/span><\/span><\/span><br \/>\n<strong><span style=\"vertical-align: inherit;\"><span style=\"vertical-align: inherit;\"><span dir=\"auto\" style=\"vertical-align: inherit;\"><span dir=\"auto\" style=\"vertical-align: inherit;\">Purity:<\/span><\/span><\/span><\/span><\/strong><span style=\"vertical-align: inherit;\"><span style=\"vertical-align: inherit;\"><span dir=\"auto\" style=\"vertical-align: inherit;\"><span dir=\"auto\" style=\"vertical-align: inherit;\"> \u226599%<\/span><\/span><\/span><\/span><\/p>\n<p><span style=\"color: #ed1c24;\">\u00a0<\/span><\/p>\n","protected":false},"featured_media":20588,"comment_status":"closed","ping_status":"closed","template":"","meta":[],"product_brand":[],"product_cat":[76,476],"product_tag":[150,1139,326],"class_list":{"0":"post-23663","1":"product","2":"type-product","3":"status-publish","4":"has-post-thumbnail","6":"product_cat-benzodiazepinen","7":"product_cat-flubrotizolam","8":"product_tag-flubrotizolam","9":"product_tag-flubrotizolam-kopen","10":"product_tag-nl","12":"first","13":"instock","14":"taxable","15":"shipping-taxable","16":"purchasable","17":"product-type-variable"},"_links":{"self":[{"href":"https:\/\/researchchemicalhub.com\/fr_be\/wp-json\/wp\/v2\/product\/23663","targetHints":{"allow":["GET"]}}],"collection":[{"href":"https:\/\/researchchemicalhub.com\/fr_be\/wp-json\/wp\/v2\/product"}],"about":[{"href":"https:\/\/researchchemicalhub.com\/fr_be\/wp-json\/wp\/v2\/types\/product"}],"replies":[{"embeddable":true,"href":"https:\/\/researchchemicalhub.com\/fr_be\/wp-json\/wp\/v2\/comments?post=23663"}],"version-history":[{"count":5,"href":"https:\/\/researchchemicalhub.com\/fr_be\/wp-json\/wp\/v2\/product\/23663\/revisions"}],"predecessor-version":[{"id":27989,"href":"https:\/\/researchchemicalhub.com\/fr_be\/wp-json\/wp\/v2\/product\/23663\/revisions\/27989"}],"wp:featuredmedia":[{"embeddable":true,"href":"https:\/\/researchchemicalhub.com\/fr_be\/wp-json\/wp\/v2\/media\/20588"}],"wp:attachment":[{"href":"https:\/\/researchchemicalhub.com\/fr_be\/wp-json\/wp\/v2\/media?parent=23663"}],"wp:term":[{"taxonomy":"product_brand","embeddable":true,"href":"https:\/\/researchchemicalhub.com\/fr_be\/wp-json\/wp\/v2\/product_brand?post=23663"},{"taxonomy":"product_cat","embeddable":true,"href":"https:\/\/researchchemicalhub.com\/fr_be\/wp-json\/wp\/v2\/product_cat?post=23663"},{"taxonomy":"product_tag","embeddable":true,"href":"https:\/\/researchchemicalhub.com\/fr_be\/wp-json\/wp\/v2\/product_tag?post=23663"}],"curies":[{"name":"wp","href":"https:\/\/api.w.org\/{rel}","templated":true}]}}