{"id":23624,"date":"2025-04-13T17:40:07","date_gmt":"2025-04-13T17:40:07","guid":{"rendered":"https:\/\/researchchemicalhub.com\/?post_type=product&#038;p=23624"},"modified":"2025-10-30T09:09:02","modified_gmt":"2025-10-30T09:09:02","slug":"4-aco-met-20-mg-pellets","status":"publish","type":"product","link":"https:\/\/researchchemicalhub.com\/fr_be\/shop\/4-aco-met\/4-aco-met-20-mg-pellets\/","title":{"rendered":"Granul\u00e9s de 4-AcO-MET 20 mg"},"content":{"rendered":"<p data-start=\"3312\" data-end=\"3759\"><span dir=\"auto\" style=\"vertical-align: inherit;\"><span dir=\"auto\" style=\"vertical-align: inherit;\">Les granules de 4-AcO-MET (4-ac\u00e9toxy-N-\u00e9thyl-N-m\u00e9thyltryptamine) de 20 mg sont <\/span><\/span><strong data-start=\"3380\" data-end=\"3425\"><span dir=\"auto\" style=\"vertical-align: inherit;\"><span dir=\"auto\" style=\"vertical-align: inherit;\">produits chimiques de recherche de haute puret\u00e9<\/span><\/span><\/strong><span dir=\"auto\" style=\"vertical-align: inherit;\"><span dir=\"auto\" style=\"vertical-align: inherit;\"> Sp\u00e9cialement formul\u00e9 pour la recherche chimique et pharmacologique avanc\u00e9e. Chaque pastille contient <\/span><\/span><strong data-start=\"3520\" data-end=\"3545\"><span dir=\"auto\" style=\"vertical-align: inherit;\"><span dir=\"auto\" style=\"vertical-align: inherit;\">exactement 20 mg de 4-AcO-MET<\/span><\/span><\/strong><span dir=\"auto\" style=\"vertical-align: inherit;\"><span dir=\"auto\" style=\"vertical-align: inherit;\"> , garantissant des r\u00e9sultats coh\u00e9rents et reproductibles. Ce compos\u00e9 est structurellement apparent\u00e9 au 4-AcO-DMT et au MET et est utilis\u00e9 dans des \u00e9tudes sur <\/span><\/span><strong data-start=\"3703\" data-end=\"3758\"><span dir=\"auto\" style=\"vertical-align: inherit;\"><span dir=\"auto\" style=\"vertical-align: inherit;\">R\u00e9cepteurs de la s\u00e9rotonine et interactions neurochimiques<\/span><\/span><\/strong><span dir=\"auto\" style=\"vertical-align: inherit;\"><span dir=\"auto\" style=\"vertical-align: inherit;\"> . 4-aco-m\u00e9t<\/span><\/span><\/p>\n<blockquote data-start=\"3761\" data-end=\"3891\">\n<p data-start=\"3763\" data-end=\"3891\">\u26a0\ufe0f <strong data-start=\"3766\" data-end=\"3777\"><span dir=\"auto\" style=\"vertical-align: inherit;\"><span dir=\"auto\" style=\"vertical-align: inherit;\">Veuillez noter:<\/span><\/span><\/strong><span dir=\"auto\" style=\"vertical-align: inherit;\"><span dir=\"auto\" style=\"vertical-align: inherit;\"> Ce produit est <\/span><\/span><strong data-start=\"3793\" data-end=\"3848\"><span dir=\"auto\" style=\"vertical-align: inherit;\"><span dir=\"auto\" style=\"vertical-align: inherit;\">\u00e0 des fins de recherche scientifique uniquement<\/span><\/span><\/strong><span dir=\"auto\" style=\"vertical-align: inherit;\"><span dir=\"auto\" style=\"vertical-align: inherit;\"> Ne convient pas \u00e0 la consommation humaine.<\/span><\/span><\/p>\n<\/blockquote>\n<hr data-start=\"3893\" data-end=\"3896\" \/>\n<h3 data-start=\"3898\" data-end=\"3929\"><strong data-start=\"3902\" data-end=\"3929\"><span dir=\"auto\" style=\"vertical-align: inherit;\"><span dir=\"auto\" style=\"vertical-align: inherit;\">Caract\u00e9ristiques principales<\/span><\/span><\/strong><\/h3>\n<ul data-start=\"3930\" data-end=\"4438\">\n<li data-start=\"3930\" data-end=\"4044\">\n<p data-start=\"3932\" data-end=\"4044\"><strong data-start=\"3932\" data-end=\"3958\"><span dir=\"auto\" style=\"vertical-align: inherit;\"><span dir=\"auto\" style=\"vertical-align: inherit;\">Haute puret\u00e9 (\u226598%)<\/span><\/span><\/strong><span dir=\"auto\" style=\"vertical-align: inherit;\"><span dir=\"auto\" style=\"vertical-align: inherit;\"> \u2013 Fabriqu\u00e9 selon des normes analytiques strictes pour des r\u00e9sultats de recherche fiables.<\/span><\/span><\/p>\n<\/li>\n<li data-start=\"4045\" data-end=\"4149\">\n<p data-start=\"4047\" data-end=\"4149\"><strong data-start=\"4047\" data-end=\"4080\"><span dir=\"auto\" style=\"vertical-align: inherit;\"><span dir=\"auto\" style=\"vertical-align: inherit;\">Granul\u00e9s dos\u00e9s avec pr\u00e9cision<\/span><\/span><\/strong><span dir=\"auto\" style=\"vertical-align: inherit;\"><span dir=\"auto\" style=\"vertical-align: inherit;\"> \u2013 Chaque granul\u00e9 contient 20 mg de 4-AcO-MET avec une grande pr\u00e9cision de dosage.<\/span><\/span><\/p>\n<\/li>\n<li data-start=\"4150\" data-end=\"4237\">\n<p data-start=\"4152\" data-end=\"4237\"><strong data-start=\"4152\" data-end=\"4177\"><span dir=\"auto\" style=\"vertical-align: inherit;\"><span dir=\"auto\" style=\"vertical-align: inherit;\">Stabilit\u00e9 chimique<\/span><\/span><\/strong><span dir=\"auto\" style=\"vertical-align: inherit;\"><span dir=\"auto\" style=\"vertical-align: inherit;\"> \u2013 Con\u00e7u pour garantir la stabilit\u00e9 et la dur\u00e9e de conservation.<\/span><\/span><\/p>\n<\/li>\n<li data-start=\"4238\" data-end=\"4340\">\n<p data-start=\"4240\" data-end=\"4340\"><strong data-start=\"4240\" data-end=\"4262\"><span dir=\"auto\" style=\"vertical-align: inherit;\"><span dir=\"auto\" style=\"vertical-align: inherit;\">Assurance qualit\u00e9<\/span><\/span><\/strong><span dir=\"auto\" style=\"vertical-align: inherit;\"><span dir=\"auto\" style=\"vertical-align: inherit;\"> \u2013 Fabriqu\u00e9 dans des conditions conformes aux BPF pour une qualit\u00e9 constante.<\/span><\/span><\/p>\n<\/li>\n<li data-start=\"4341\" data-end=\"4438\">\n<p data-start=\"4343\" data-end=\"4438\"><strong data-start=\"4343\" data-end=\"4365\"><span dir=\"auto\" style=\"vertical-align: inherit;\"><span dir=\"auto\" style=\"vertical-align: inherit;\">Emballage s\u00e9curis\u00e9<\/span><\/span><\/strong><span dir=\"auto\" style=\"vertical-align: inherit;\"><span dir=\"auto\" style=\"vertical-align: inherit;\"> \u2013 Emballage herm\u00e9tique pour \u00e9viter l\u2019exposition \u00e0 l\u2019humidit\u00e9 et \u00e0 la lumi\u00e8re.<\/span><\/span><\/p>\n<\/li>\n<\/ul>\n<hr data-start=\"4440\" data-end=\"4443\" \/>\n<h3 data-start=\"4445\" data-end=\"4462\"><strong data-start=\"4449\" data-end=\"4462\"><span dir=\"auto\" style=\"vertical-align: inherit;\"><span dir=\"auto\" style=\"vertical-align: inherit;\">Avantages<\/span><\/span><\/strong><\/h3>\n<ul data-start=\"4463\" data-end=\"4766\">\n<li data-start=\"4463\" data-end=\"4541\">\n<p data-start=\"4465\" data-end=\"4541\"><span dir=\"auto\" style=\"vertical-align: inherit;\"><span dir=\"auto\" style=\"vertical-align: inherit;\">Assure <\/span><\/span><strong data-start=\"4476\" data-end=\"4517\"><span dir=\"auto\" style=\"vertical-align: inherit;\"><span dir=\"auto\" style=\"vertical-align: inherit;\">dosage pr\u00e9cis et reproductible<\/span><\/span><\/strong><span dir=\"auto\" style=\"vertical-align: inherit;\"><span dir=\"auto\" style=\"vertical-align: inherit;\"> pendant les exp\u00e9riences.<\/span><\/span><\/p>\n<\/li>\n<li data-start=\"4542\" data-end=\"4640\">\n<p data-start=\"4544\" data-end=\"4640\"><span dir=\"auto\" style=\"vertical-align: inherit;\"><span dir=\"auto\" style=\"vertical-align: inherit;\">Id\u00e9al pour <\/span><\/span><strong data-start=\"4556\" data-end=\"4596\"><span dir=\"auto\" style=\"vertical-align: inherit;\"><span dir=\"auto\" style=\"vertical-align: inherit;\">recherches sur les d\u00e9riv\u00e9s de la tryptamine<\/span><\/span><\/strong><span dir=\"auto\" style=\"vertical-align: inherit;\"><span dir=\"auto\" style=\"vertical-align: inherit;\"> dans des environnements de laboratoire contr\u00f4l\u00e9s.<\/span><\/span><\/p>\n<\/li>\n<li data-start=\"4641\" data-end=\"4701\">\n<p data-start=\"4643\" data-end=\"4701\"><strong data-start=\"4643\" data-end=\"4667\"><span dir=\"auto\" style=\"vertical-align: inherit;\"><span dir=\"auto\" style=\"vertical-align: inherit;\">Dur\u00e9e de conservation prolong\u00e9e<\/span><\/span><\/strong><span dir=\"auto\" style=\"vertical-align: inherit;\"><span dir=\"auto\" style=\"vertical-align: inherit;\"> gr\u00e2ce \u00e0 la forme stable des granul\u00e9s.<\/span><\/span><\/p>\n<\/li>\n<li data-start=\"4702\" data-end=\"4766\">\n<p data-start=\"4704\" data-end=\"4766\"><strong data-start=\"4704\" data-end=\"4739\"><span dir=\"auto\" style=\"vertical-align: inherit;\"><span dir=\"auto\" style=\"vertical-align: inherit;\">Simple et s\u00fbre \u00e0 manipuler<\/span><\/span><\/strong><span dir=\"auto\" style=\"vertical-align: inherit;\"><span dir=\"auto\" style=\"vertical-align: inherit;\"> en laboratoire.<\/span><\/span><\/p>\n<\/li>\n<\/ul>\n<hr data-start=\"4768\" data-end=\"4771\" \/>\n<h3 data-start=\"4773\" data-end=\"4788\"><strong data-start=\"4777\" data-end=\"4788\"><span dir=\"auto\" style=\"vertical-align: inherit;\"><span dir=\"auto\" style=\"vertical-align: inherit;\">Usage<\/span><\/span><\/strong><\/h3>\n<ul data-start=\"4789\" data-end=\"5092\">\n<li data-start=\"4789\" data-end=\"4871\">\n<p data-start=\"4791\" data-end=\"4871\"><span dir=\"auto\" style=\"vertical-align: inherit;\"><span dir=\"auto\" style=\"vertical-align: inherit;\">R\u00e9serv\u00e9 \u00e0 l&#039;usage des <\/span><\/span><strong data-start=\"4813\" data-end=\"4868\"><span dir=\"auto\" style=\"vertical-align: inherit;\"><span dir=\"auto\" style=\"vertical-align: inherit;\">personnel de recherche ou de laboratoire qualifi\u00e9<\/span><\/span><\/strong><span dir=\"auto\" style=\"vertical-align: inherit;\"><span dir=\"auto\" style=\"vertical-align: inherit;\"> .<\/span><\/span><\/p>\n<\/li>\n<li data-start=\"4872\" data-end=\"4946\">\n<p data-start=\"4874\" data-end=\"4946\"><span dir=\"auto\" style=\"vertical-align: inherit;\"><span dir=\"auto\" style=\"vertical-align: inherit;\">Portez une tenue appropri\u00e9e <\/span><\/span><strong data-start=\"4890\" data-end=\"4914\"><span dir=\"auto\" style=\"vertical-align: inherit;\"><span dir=\"auto\" style=\"vertical-align: inherit;\">\u00e9quipement de protection<\/span><\/span><\/strong><span dir=\"auto\" style=\"vertical-align: inherit;\"><span dir=\"auto\" style=\"vertical-align: inherit;\"> (gants, lunettes, masque).<\/span><\/span><\/p>\n<\/li>\n<li data-start=\"4947\" data-end=\"5033\">\n<p data-start=\"4949\" data-end=\"5033\"><span dir=\"auto\" style=\"vertical-align: inherit;\"><span dir=\"auto\" style=\"vertical-align: inherit;\">Conserver dans un <\/span><\/span><strong data-start=\"4964\" data-end=\"4987\"><span dir=\"auto\" style=\"vertical-align: inherit;\"><span dir=\"auto\" style=\"vertical-align: inherit;\">endroit frais et sec<\/span><\/span><\/strong><span dir=\"auto\" style=\"vertical-align: inherit;\"><span dir=\"auto\" style=\"vertical-align: inherit;\"> , \u00e0 l&#039;abri de la chaleur et de la lumi\u00e8re directe du soleil.<\/span><\/span><\/p>\n<\/li>\n<li data-start=\"5034\" data-end=\"5092\">\n<p data-start=\"5036\" data-end=\"5092\"><span dir=\"auto\" style=\"vertical-align: inherit;\"><span dir=\"auto\" style=\"vertical-align: inherit;\">Ne convient pas \u00e0 la consommation humaine ou animale.<\/span><\/span><\/p>\n<\/li>\n<\/ul>\n<hr data-start=\"5094\" data-end=\"5097\" \/>\n<h3 data-start=\"5099\" data-end=\"5134\"><strong data-start=\"5103\" data-end=\"5134\"><span dir=\"auto\" style=\"vertical-align: inherit;\"><span dir=\"auto\" style=\"vertical-align: inherit;\">Foire aux questions (FAQ)<\/span><\/span><\/strong><\/h3>\n<p data-start=\"5136\" data-end=\"5333\"><strong data-start=\"5136\" data-end=\"5177\"><span dir=\"auto\" style=\"vertical-align: inherit;\"><span dir=\"auto\" style=\"vertical-align: inherit;\">1. \u00c0 quoi sert le 4-AcO-MET ?<\/span><\/span><\/strong><br data-start=\"5177\" data-end=\"5180\" \/><span dir=\"auto\" style=\"vertical-align: inherit;\"><span dir=\"auto\" style=\"vertical-align: inherit;\"> Le 4-AcO-MET est utilis\u00e9 dans <\/span><\/span><strong data-start=\"5210\" data-end=\"5240\"><span dir=\"auto\" style=\"vertical-align: inherit;\"><span dir=\"auto\" style=\"vertical-align: inherit;\">recherche scientifique<\/span><\/span><\/strong><span dir=\"auto\" style=\"vertical-align: inherit;\"><span dir=\"auto\" style=\"vertical-align: inherit;\"> sur les effets des compos\u00e9s tryptaminiques, en particulier ceux li\u00e9s aux r\u00e9cepteurs de la s\u00e9rotonine.<\/span><\/span><\/p>\n<p data-start=\"5335\" data-end=\"5509\"><strong data-start=\"5335\" data-end=\"5395\"><span dir=\"auto\" style=\"vertical-align: inherit;\"><span dir=\"auto\" style=\"vertical-align: inherit;\">2. Le 4-AcO-MET 20 MG convient-il \u00e0 un usage personnel ?<\/span><\/span><\/strong><br data-start=\"5395\" data-end=\"5398\" \/><span dir=\"auto\" style=\"vertical-align: inherit;\"><span dir=\"auto\" style=\"vertical-align: inherit;\"> Non. Ce produit est <\/span><\/span><strong data-start=\"5418\" data-end=\"5468\"><span dir=\"auto\" style=\"vertical-align: inherit;\"><span dir=\"auto\" style=\"vertical-align: inherit;\">destin\u00e9 uniquement aux tests en laboratoire<\/span><\/span><\/strong><span dir=\"auto\" style=\"vertical-align: inherit;\"><span dir=\"auto\" style=\"vertical-align: inherit;\"> et ne convient pas \u00e0 l&#039;usage humain.<\/span><\/span><\/p>\n<p data-start=\"5511\" data-end=\"5677\"><strong data-start=\"5511\" data-end=\"5558\"><span dir=\"auto\" style=\"vertical-align: inherit;\"><span dir=\"auto\" style=\"vertical-align: inherit;\">3. Comment conserver le 4-AcO-MET 20 mg ?<\/span><\/span><\/strong><br data-start=\"5558\" data-end=\"5561\" \/><span dir=\"auto\" style=\"vertical-align: inherit;\"><span dir=\"auto\" style=\"vertical-align: inherit;\"> Conserver dans un <\/span><\/span><strong data-start=\"5576\" data-end=\"5613\"><span dir=\"auto\" style=\"vertical-align: inherit;\"><span dir=\"auto\" style=\"vertical-align: inherit;\">r\u00e9cipient sec et herm\u00e9tiquement ferm\u00e9<\/span><\/span><\/strong><span dir=\"auto\" style=\"vertical-align: inherit;\"><span dir=\"auto\" style=\"vertical-align: inherit;\"> \u00e0 temp\u00e9rature ambiante (15\u201325\u00b0C), \u00e0 l\u2019abri de la lumi\u00e8re et de l\u2019humidit\u00e9.<\/span><\/span><\/p>","protected":false},"excerpt":{"rendered":"<p>Les granules de 4-AcO-MET (4-ac\u00e9toxy-N-\u00e9thyl-N-m\u00e9thyltryptamine) \u00e0 20 mg sont des produits chimiques de recherche de haute puret\u00e9, sp\u00e9cialement formul\u00e9s pour la recherche chimique et pharmacologique avanc\u00e9e. Chaque granules contient<\/p>","protected":false},"featured_media":28422,"comment_status":"closed","ping_status":"closed","template":"","meta":[],"product_brand":[],"product_cat":[503,502,324,381],"product_tag":[1140,1141,326],"class_list":{"0":"post-23624","1":"product","2":"type-product","3":"status-publish","4":"has-post-thumbnail","6":"product_cat-4-aco-met","7":"product_cat-4-aco-met-pellets","8":"product_cat-pellets-for-pellet","9":"product_cat-tryptamines","10":"product_tag-4-aco-met","11":"product_tag-4-aco-met-kopen","12":"product_tag-nl","14":"first","15":"instock","16":"taxable","17":"shipping-taxable","18":"purchasable","19":"product-type-variable"},"_links":{"self":[{"href":"https:\/\/researchchemicalhub.com\/fr_be\/wp-json\/wp\/v2\/product\/23624","targetHints":{"allow":["GET"]}}],"collection":[{"href":"https:\/\/researchchemicalhub.com\/fr_be\/wp-json\/wp\/v2\/product"}],"about":[{"href":"https:\/\/researchchemicalhub.com\/fr_be\/wp-json\/wp\/v2\/types\/product"}],"replies":[{"embeddable":true,"href":"https:\/\/researchchemicalhub.com\/fr_be\/wp-json\/wp\/v2\/comments?post=23624"}],"version-history":[{"count":6,"href":"https:\/\/researchchemicalhub.com\/fr_be\/wp-json\/wp\/v2\/product\/23624\/revisions"}],"predecessor-version":[{"id":28722,"href":"https:\/\/researchchemicalhub.com\/fr_be\/wp-json\/wp\/v2\/product\/23624\/revisions\/28722"}],"wp:featuredmedia":[{"embeddable":true,"href":"https:\/\/researchchemicalhub.com\/fr_be\/wp-json\/wp\/v2\/media\/28422"}],"wp:attachment":[{"href":"https:\/\/researchchemicalhub.com\/fr_be\/wp-json\/wp\/v2\/media?parent=23624"}],"wp:term":[{"taxonomy":"product_brand","embeddable":true,"href":"https:\/\/researchchemicalhub.com\/fr_be\/wp-json\/wp\/v2\/product_brand?post=23624"},{"taxonomy":"product_cat","embeddable":true,"href":"https:\/\/researchchemicalhub.com\/fr_be\/wp-json\/wp\/v2\/product_cat?post=23624"},{"taxonomy":"product_tag","embeddable":true,"href":"https:\/\/researchchemicalhub.com\/fr_be\/wp-json\/wp\/v2\/product_tag?post=23624"}],"curies":[{"name":"wp","href":"https:\/\/api.w.org\/{rel}","templated":true}]}}