{"id":23611,"date":"2025-04-13T17:40:06","date_gmt":"2025-04-13T17:40:06","guid":{"rendered":"https:\/\/researchchemicalhub.com\/?post_type=product&#038;p=23611"},"modified":"2025-10-30T09:11:28","modified_gmt":"2025-10-30T09:11:28","slug":"3-pieds-par-minute-achetez-en-2","status":"publish","type":"product","link":"https:\/\/researchchemicalhub.com\/fr_be\/boutique\/3-pieds-par-minute\/3-pieds-par-minute-achetez-en-2\/","title":{"rendered":"Granul\u00e9s de 3-FPM 50 mg (3-fluoroph\u00e9nm\u00e9trazine)"},"content":{"rendered":"<h1><strong><span dir=\"auto\" style=\"vertical-align: inherit;\"><span dir=\"auto\" style=\"vertical-align: inherit;\">Granul\u00e9s de 3 fpm 50 mg (3-fluoroph\u00e9nm\u00e9trazine) \u2013 Qualit\u00e9 et pr\u00e9cision dans la recherche<\/span><\/span><\/strong><\/h1>\n<p data-start=\"3687\" data-end=\"4034\"><strong data-start=\"3687\" data-end=\"3720\">3-FPM (3-Fluorophenm\u00e9trazine)<\/strong> Les granul\u00e9s de 50 MG sont <strong data-start=\"3740\" data-end=\"3786\">compos\u00e9s de recherche de haute puret\u00e9<\/strong>, d\u00e9velopp\u00e9 pour <strong data-start=\"3804\" data-end=\"3857\">recherche neuroscientifique et pharmacologique<\/strong>. 3 pieds par minute acheter<br data-start=\"3858\" data-end=\"3861\" \/>En tant que variante fluor\u00e9e de <strong data-start=\"3894\" data-end=\"3911\">phenm\u00e9trazine<\/strong> Le 3-FPM est \u00e9tudi\u00e9 pour son potentiel \u00e0 fournir des informations sur <strong data-start=\"3982\" data-end=\"4031\">syst\u00e8mes de transport dopaminergique et noradr\u00e9nergique<\/strong>.<\/p>\n<p data-start=\"4036\" data-end=\"4294\">Chaque pastille contient <strong data-start=\"4054\" data-end=\"4085\">50 mg de 3-fluoroph\u00e9nm\u00e9trazine<\/strong>, soigneusement mesur\u00e9 pour un dosage pr\u00e9cis et des r\u00e9sultats de recherche fiables. Ce produit est uniquement destin\u00e9 \u00e0 <strong data-start=\"4211\" data-end=\"4243\">chercheurs qualifi\u00e9s<\/strong> et <strong data-start=\"4247\" data-end=\"4291\">impropre \u00e0 la consommation humaine<\/strong>.<\/p>\n<blockquote data-start=\"4296\" data-end=\"4391\">\n<p data-start=\"4298\" data-end=\"4391\">\u26a0\ufe0f <strong data-start=\"4301\" data-end=\"4312\">NB:<\/strong> Les granul\u00e9s 3-FPM 50 MG sont <strong data-start=\"4338\" data-end=\"4388\">destin\u00e9 uniquement \u00e0 la recherche en laboratoire<\/strong>.<\/p>\n<\/blockquote>\n<hr data-start=\"4393\" data-end=\"4396\" \/>\n<h3 data-start=\"4398\" data-end=\"4429\"><strong data-start=\"4402\" data-end=\"4429\">Caract\u00e9ristiques principales<\/strong><\/h3>\n<ul data-start=\"4430\" data-end=\"4879\">\n<li data-start=\"4430\" data-end=\"4525\">\n<p data-start=\"4432\" data-end=\"4525\"><strong data-start=\"4432\" data-end=\"4458\">Haute puret\u00e9 (\u226599%)<\/strong> \u2013 Test\u00e9 en laboratoire pour la qualit\u00e9, la stabilit\u00e9 et la composition.<\/p>\n<\/li>\n<li data-start=\"4526\" data-end=\"4614\">\n<p data-start=\"4528\" data-end=\"4614\"><strong data-start=\"4528\" data-end=\"4571\">Dosage pr\u00e9cis (50 mg par pastille)<\/strong> \u2013 Assure des r\u00e9sultats reproductibles.<\/p>\n<\/li>\n<li data-start=\"4615\" data-end=\"4704\">\n<p data-start=\"4617\" data-end=\"4704\"><strong data-start=\"4617\" data-end=\"4643\">Stabilit\u00e9 am\u00e9lior\u00e9e<\/strong> \u2013 La forme de granul\u00e9s emp\u00eache la d\u00e9gradation et prolonge la dur\u00e9e de conservation.<\/p>\n<\/li>\n<li data-start=\"4705\" data-end=\"4783\">\n<p data-start=\"4707\" data-end=\"4783\"><strong data-start=\"4707\" data-end=\"4732\">Production de type GMP<\/strong> \u2013 Coh\u00e9rence et fiabilit\u00e9 garanties.<\/p>\n<\/li>\n<li data-start=\"4784\" data-end=\"4879\">\n<p data-start=\"4786\" data-end=\"4879\"><strong data-start=\"4786\" data-end=\"4808\">Emballage s\u00fbr<\/strong> \u2013 L&#039;emballage herm\u00e9tique et r\u00e9sistant \u00e0 l&#039;humidit\u00e9 prot\u00e8ge la connexion. Achetez 3 pi\/min.<\/p>\n<\/li>\n<\/ul>\n<hr data-start=\"4881\" data-end=\"4884\" \/>\n<h3 data-start=\"4886\" data-end=\"4903\"><strong data-start=\"4890\" data-end=\"4903\">Avantages<\/strong><\/h3>\n<ul data-start=\"4904\" data-end=\"5187\">\n<li data-start=\"4904\" data-end=\"4980\">\n<p data-start=\"4906\" data-end=\"4980\">Pr\u00e9voit <strong data-start=\"4917\" data-end=\"4941\">dosage pr\u00e9cis<\/strong> et des r\u00e9sultats de recherche fiables.<\/p>\n<\/li>\n<li data-start=\"4981\" data-end=\"5058\">\n<p data-start=\"4983\" data-end=\"5058\">Convient pour <strong data-start=\"4997\" data-end=\"5055\">recherche sur les stimulants et les syst\u00e8mes de neurotransmission<\/strong>.<\/p>\n<\/li>\n<li data-start=\"5059\" data-end=\"5107\">\n<p data-start=\"5061\" data-end=\"5107\"><strong data-start=\"5061\" data-end=\"5083\">Longue dur\u00e9e de conservation<\/strong> et un rangement facile.<\/p>\n<\/li>\n<li data-start=\"5108\" data-end=\"5187\">\n<p data-start=\"5110\" data-end=\"5187\"><strong data-start=\"5110\" data-end=\"5143\">Convivial et s\u00fbr<\/strong> dans des environnements de laboratoire contr\u00f4l\u00e9s.<\/p>\n<\/li>\n<\/ul>\n<hr data-start=\"5189\" data-end=\"5192\" \/>\n<h3 data-start=\"5194\" data-end=\"5209\"><strong data-start=\"5198\" data-end=\"5209\">Usage<\/strong><\/h3>\n<ul data-start=\"5210\" data-end=\"5490\">\n<li data-start=\"5210\" data-end=\"5272\">\n<p data-start=\"5212\" data-end=\"5272\">Uniquement pour <strong data-start=\"5224\" data-end=\"5269\">recherche scientifique et en laboratoire<\/strong>.<\/p>\n<\/li>\n<li data-start=\"5273\" data-end=\"5356\">\n<p data-start=\"5275\" data-end=\"5356\">Porter des v\u00eatements appropri\u00e9s <strong data-start=\"5291\" data-end=\"5315\">\u00e9quipement de protection<\/strong> comme des gants et des lunettes de s\u00e9curit\u00e9.<\/p>\n<\/li>\n<li data-start=\"5357\" data-end=\"5432\">\n<p data-start=\"5359\" data-end=\"5432\">\u00c9conomisez sur un <strong data-start=\"5374\" data-end=\"5397\">endroit frais et sec<\/strong>, \u00e0 l&#039;abri de la lumi\u00e8re et de l&#039;humidit\u00e9.<\/p>\n<\/li>\n<li data-start=\"5433\" data-end=\"5490\">\n<p data-start=\"5435\" data-end=\"5490\">Non destin\u00e9 \u00e0 la consommation humaine ou animale.<\/p>\n<\/li>\n<\/ul>\n<hr data-start=\"5492\" data-end=\"5495\" \/>\n<h3 data-start=\"5497\" data-end=\"5532\"><strong data-start=\"5501\" data-end=\"5532\">Foire aux questions (FAQ)<\/strong><\/h3>\n<p data-start=\"5534\" data-end=\"5687\"><strong data-start=\"5534\" data-end=\"5571\">1. \u00c0 quoi sert le 3-FPM ?<\/strong><br data-start=\"5571\" data-end=\"5574\" \/>3-FPM est utilis\u00e9 dans <strong data-start=\"5598\" data-end=\"5633\">recherche neuroscientifique<\/strong> aux stimulants et aux m\u00e9canismes de transport des monoamines.<\/p>\n<p data-start=\"5689\" data-end=\"5865\"><strong data-start=\"5689\" data-end=\"5743\">2. Le 3-FPM 50 MG convient-il \u00e0 l\u2019usage humain ?<\/strong><br data-start=\"5743\" data-end=\"5746\" \/>Non. Ce produit est <strong data-start=\"5766\" data-end=\"5815\">destin\u00e9 \u00e0 des fins de recherche uniquement<\/strong> et non approuv\u00e9 pour la consommation humaine.<\/p>\n<p data-start=\"5867\" data-end=\"6035\"><strong data-start=\"5867\" data-end=\"5910\">3. Comment conserver le 3-FPM 50 MG ?<\/strong><br data-start=\"5910\" data-end=\"5913\" \/>Conserver dans un <strong data-start=\"5928\" data-end=\"5958\">emballage bien scell\u00e9<\/strong> \u00e0 temp\u00e9rature ambiante (15\u201325\u00b0C), \u00e0 l\u2019abri de l\u2019humidit\u00e9 et de la lumi\u00e8re directe du soleil.<\/p>\n<h3><a style=\"font-size: 16px;\" href=\"https:\/\/researchchemicalhub.com\/fr_be\/boutique\/iboga-ibogaine\/ecorce-de-racine-diboga\/\"><span dir=\"auto\" style=\"vertical-align: inherit;\"><span dir=\"auto\" style=\"vertical-align: inherit;\">\u00e9corce de racine d&#039;iboga<\/span><\/span><\/a><a style=\"font-size: 16px;\" href=\"https:\/\/researchchemicalhub.com\/fr_be\/boutique\/iboga-ibogaine\/acheter-de-libogaine-chlorhydrate-en-ligne\/\"><span dir=\"auto\" style=\"vertical-align: inherit;\"><span dir=\"auto\" style=\"vertical-align: inherit;\">\u200b acheter de l&#039;iboga\u00efne hcl en ligne<\/span><\/span><\/a><a style=\"font-size: 16px;\" href=\"https:\/\/researchchemicalhub.com\/fr_be\/boutique\/lysergamides\/1-cp-de-lsd-2\/\"><span dir=\"auto\" style=\"vertical-align: inherit;\"><span dir=\"auto\" style=\"vertical-align: inherit;\">1 cp de LSD <\/span><\/span><\/a><a style=\"font-size: 16px;\" href=\"https:\/\/researchchemicalhub.com\/fr_be\/boutique\/pellets\/granules-de-dsmt-50-mg\/\"><span dir=\"auto\" style=\"vertical-align: inherit;\"><span dir=\"auto\" style=\"vertical-align: inherit;\">o-dsmt <\/span><\/span><\/a><a style=\"font-size: 16px;\" href=\"https:\/\/researchchemicalhub.com\/fr_be\/boutique\/lysergamides\/1vlsd\/\"><span dir=\"auto\" style=\"vertical-align: inherit;\"><span dir=\"auto\" style=\"vertical-align: inherit;\">1vlsd<\/span><\/span><\/a><\/h3>","protected":false},"excerpt":{"rendered":"<p>3 fpm 50 MG Pellets (3-Fluorophenmetrazine) \u2013 Quality and Precision in Research 3-FPM (3-Fluorophenmetrazine) 50 MG Pellets zijn onderzoeksverbindingen van<\/p>","protected":false},"featured_media":28406,"comment_status":"closed","ping_status":"closed","template":"","meta":[],"product_brand":[82],"product_cat":[441,442,322,333,324],"product_tag":[606,601,605,326],"class_list":{"0":"post-23611","1":"product","2":"type-product","3":"status-publish","4":"has-post-thumbnail","6":"product_brand-research-chemical","7":"product_cat-3-fpm","8":"product_cat-3-fpm-pellets","9":"product_cat-bijna-verboden","10":"product_cat-gefluoreerden","11":"product_cat-pellets-for-pellet","12":"product_tag-3-fluorophenmetrazine","13":"product_tag-3-fpm","14":"product_tag-3fpm","15":"product_tag-nl","17":"first","18":"instock","19":"taxable","20":"shipping-taxable","21":"purchasable","22":"product-type-variable"},"_links":{"self":[{"href":"https:\/\/researchchemicalhub.com\/fr_be\/wp-json\/wp\/v2\/product\/23611","targetHints":{"allow":["GET"]}}],"collection":[{"href":"https:\/\/researchchemicalhub.com\/fr_be\/wp-json\/wp\/v2\/product"}],"about":[{"href":"https:\/\/researchchemicalhub.com\/fr_be\/wp-json\/wp\/v2\/types\/product"}],"replies":[{"embeddable":true,"href":"https:\/\/researchchemicalhub.com\/fr_be\/wp-json\/wp\/v2\/comments?post=23611"}],"version-history":[{"count":5,"href":"https:\/\/researchchemicalhub.com\/fr_be\/wp-json\/wp\/v2\/product\/23611\/revisions"}],"predecessor-version":[{"id":27994,"href":"https:\/\/researchchemicalhub.com\/fr_be\/wp-json\/wp\/v2\/product\/23611\/revisions\/27994"}],"wp:featuredmedia":[{"embeddable":true,"href":"https:\/\/researchchemicalhub.com\/fr_be\/wp-json\/wp\/v2\/media\/28406"}],"wp:attachment":[{"href":"https:\/\/researchchemicalhub.com\/fr_be\/wp-json\/wp\/v2\/media?parent=23611"}],"wp:term":[{"taxonomy":"product_brand","embeddable":true,"href":"https:\/\/researchchemicalhub.com\/fr_be\/wp-json\/wp\/v2\/product_brand?post=23611"},{"taxonomy":"product_cat","embeddable":true,"href":"https:\/\/researchchemicalhub.com\/fr_be\/wp-json\/wp\/v2\/product_cat?post=23611"},{"taxonomy":"product_tag","embeddable":true,"href":"https:\/\/researchchemicalhub.com\/fr_be\/wp-json\/wp\/v2\/product_tag?post=23611"}],"curies":[{"name":"wp","href":"https:\/\/api.w.org\/{rel}","templated":true}]}}