{"id":23531,"date":"2025-04-13T17:39:56","date_gmt":"2025-04-13T17:39:56","guid":{"rendered":"https:\/\/researchchemicalhub.com\/?post_type=product&#038;p=23531"},"modified":"2025-10-30T09:21:21","modified_gmt":"2025-10-30T09:21:21","slug":"fumarate-dept","status":"publish","type":"product","link":"https:\/\/researchchemicalhub.com\/fr_be\/boutique\/ept\/fumarate-dept\/","title":{"rendered":"Fumarate d&#039;EPT (N-\u00e9thyl-N-propyltryptamine)"},"content":{"rendered":"<h3><strong><span dir=\"auto\" style=\"vertical-align: inherit;\"><span dir=\"auto\" style=\"vertical-align: inherit;\"><span dir=\"auto\" style=\"vertical-align: inherit;\">Fumarate d&#039;EPT (N-\u00e9thyl-N-propyltryptamine) \u2013 Description scientifique du produit<\/span><\/span><\/span><\/strong><\/h3>\n<p data-start=\"3805\" data-end=\"3986\"><strong data-start=\"3805\" data-end=\"3850\"><span dir=\"auto\" style=\"vertical-align: inherit;\"><span dir=\"auto\" style=\"vertical-align: inherit;\">Fumarate d&#039;EPT (N-\u00e9thyl-N-propyltryptamine)<\/span><\/span><\/strong><span dir=\"auto\" style=\"vertical-align: inherit;\"><span dir=\"auto\" style=\"vertical-align: inherit;\"> est un <\/span><\/span><strong data-start=\"3858\" data-end=\"3900\"><span dir=\"auto\" style=\"vertical-align: inherit;\"><span dir=\"auto\" style=\"vertical-align: inherit;\">compos\u00e9 de recherche de haute puret\u00e9<\/span><\/span><\/strong><span dir=\"auto\" style=\"vertical-align: inherit;\"><span dir=\"auto\" style=\"vertical-align: inherit;\"> d\u00e9velopp\u00e9 pour <\/span><\/span><strong data-start=\"3918\" data-end=\"3983\"><span dir=\"auto\" style=\"vertical-align: inherit;\"><span dir=\"auto\" style=\"vertical-align: inherit;\">neurosciences, pharmacologie et recherche analytique<\/span><\/span><\/strong><span dir=\"auto\" style=\"vertical-align: inherit;\"><span dir=\"auto\" style=\"vertical-align: inherit;\"> . fumarate d&#039;ept<\/span><\/span><\/p>\n<p data-start=\"3988\" data-end=\"4239\"><span dir=\"auto\" style=\"vertical-align: inherit;\"><span dir=\"auto\" style=\"vertical-align: inherit;\">En tant que <\/span><\/span><strong data-start=\"3992\" data-end=\"4037\"><span dir=\"auto\" style=\"vertical-align: inherit;\"><span dir=\"auto\" style=\"vertical-align: inherit;\">Analogue structurel du DMT, du MET et du MiPT<\/span><\/span><\/strong><span dir=\"auto\" style=\"vertical-align: inherit;\"><span dir=\"auto\" style=\"vertical-align: inherit;\"> , EPT offre de pr\u00e9cieuses opportunit\u00e9s de recherche sur <\/span><\/span><strong data-start=\"4095\" data-end=\"4139\"><span dir=\"auto\" style=\"vertical-align: inherit;\"><span dir=\"auto\" style=\"vertical-align: inherit;\">r\u00e9cepteurs de la s\u00e9rotonine (5-HT2A et 5-HT1A)<\/span><\/span><\/strong><span dir=\"auto\" style=\"vertical-align: inherit;\"><span dir=\"auto\" style=\"vertical-align: inherit;\"> , <\/span><\/span><strong data-start=\"4141\" data-end=\"4163\"><span dir=\"auto\" style=\"vertical-align: inherit;\"><span dir=\"auto\" style=\"vertical-align: inherit;\">affinit\u00e9 de liaison<\/span><\/span><\/strong><span dir=\"auto\" style=\"vertical-align: inherit;\"><span dir=\"auto\" style=\"vertical-align: inherit;\"> , et <\/span><\/span><strong data-start=\"4167\" data-end=\"4209\"><span dir=\"auto\" style=\"vertical-align: inherit;\"><span dir=\"auto\" style=\"vertical-align: inherit;\">relations structure-activit\u00e9 (RSA).<\/span><\/span><\/strong><span dir=\"auto\" style=\"vertical-align: inherit;\"><span dir=\"auto\" style=\"vertical-align: inherit;\"> au sein de la classe des tryptamines.<\/span><\/span><\/p>\n<p data-start=\"4241\" data-end=\"4432\"><span dir=\"auto\" style=\"vertical-align: inherit;\"><span dir=\"auto\" style=\"vertical-align: inherit;\">Le <\/span><\/span><strong data-start=\"4244\" data-end=\"4264\"><span dir=\"auto\" style=\"vertical-align: inherit;\"><span dir=\"auto\" style=\"vertical-align: inherit;\">sel de fumarate<\/span><\/span><\/strong><span dir=\"auto\" style=\"vertical-align: inherit;\"><span dir=\"auto\" style=\"vertical-align: inherit;\"> augmentations <\/span><\/span><strong data-start=\"4277\" data-end=\"4333\"><span dir=\"auto\" style=\"vertical-align: inherit;\"><span dir=\"auto\" style=\"vertical-align: inherit;\">stabilit\u00e9 chimique, solubilit\u00e9 et dur\u00e9e de conservation<\/span><\/span><\/strong><span dir=\"auto\" style=\"vertical-align: inherit;\"><span dir=\"auto\" style=\"vertical-align: inherit;\"> ce qui rend ce produit id\u00e9al pour une utilisation \u00e0 long terme dans des environnements de laboratoire contr\u00f4l\u00e9s.<\/span><\/span><\/p>\n<blockquote data-start=\"4434\" data-end=\"4585\">\n<p data-start=\"4436\" data-end=\"4585\">\u26a0\ufe0f <strong data-start=\"4439\" data-end=\"4450\"><span dir=\"auto\" style=\"vertical-align: inherit;\"><span dir=\"auto\" style=\"vertical-align: inherit;\">Veuillez noter:<\/span><\/span><\/strong><span dir=\"auto\" style=\"vertical-align: inherit;\"><span dir=\"auto\" style=\"vertical-align: inherit;\"> Ce produit est <\/span><\/span><strong data-start=\"4466\" data-end=\"4521\"><span dir=\"auto\" style=\"vertical-align: inherit;\"><span dir=\"auto\" style=\"vertical-align: inherit;\">destin\u00e9 uniquement \u00e0 la recherche scientifique<\/span><\/span><\/strong><span dir=\"auto\" style=\"vertical-align: inherit;\"><span dir=\"auto\" style=\"vertical-align: inherit;\"> et <\/span><\/span><strong data-start=\"4525\" data-end=\"4582\"><span dir=\"auto\" style=\"vertical-align: inherit;\"><span dir=\"auto\" style=\"vertical-align: inherit;\">ne convient pas \u00e0 la consommation humaine ou animale<\/span><\/span><\/strong><span dir=\"auto\" style=\"vertical-align: inherit;\"><span dir=\"auto\" style=\"vertical-align: inherit;\"> .<\/span><\/span><\/p>\n<\/blockquote>\n<hr data-start=\"4587\" data-end=\"4590\" \/>\n<h3 data-start=\"4592\" data-end=\"4623\"><strong data-start=\"4596\" data-end=\"4623\"><span dir=\"auto\" style=\"vertical-align: inherit;\"><span dir=\"auto\" style=\"vertical-align: inherit;\">Caract\u00e9ristiques principales<\/span><\/span><\/strong><\/h3>\n<ul data-start=\"4624\" data-end=\"5029\">\n<li data-start=\"4624\" data-end=\"4709\">\n<p data-start=\"4626\" data-end=\"4709\"><strong data-start=\"4626\" data-end=\"4652\"><span dir=\"auto\" style=\"vertical-align: inherit;\"><span dir=\"auto\" style=\"vertical-align: inherit;\">Haute puret\u00e9 (\u226599%)<\/span><\/span><\/strong><span dir=\"auto\" style=\"vertical-align: inherit;\"><span dir=\"auto\" style=\"vertical-align: inherit;\"> \u2013 Test\u00e9 en laboratoire pour v\u00e9rifier son identit\u00e9 et sa composition.<\/span><\/span><\/p>\n<\/li>\n<li data-start=\"4710\" data-end=\"4789\">\n<p data-start=\"4712\" data-end=\"4789\"><strong data-start=\"4712\" data-end=\"4741\"><span dir=\"auto\" style=\"vertical-align: inherit;\"><span dir=\"auto\" style=\"vertical-align: inherit;\">Forme de sel de fumarate stable<\/span><\/span><\/strong><span dir=\"auto\" style=\"vertical-align: inherit;\"><span dir=\"auto\" style=\"vertical-align: inherit;\"> \u2013 Augmente la dur\u00e9e de conservation et la stabilit\u00e9 au stockage.<\/span><\/span><\/p>\n<\/li>\n<li data-start=\"4790\" data-end=\"4877\">\n<p data-start=\"4792\" data-end=\"4877\"><strong data-start=\"4792\" data-end=\"4831\"><span dir=\"auto\" style=\"vertical-align: inherit;\"><span dir=\"auto\" style=\"vertical-align: inherit;\">Norme de recherche pharmacologique<\/span><\/span><\/strong><span dir=\"auto\" style=\"vertical-align: inherit;\"><span dir=\"auto\" style=\"vertical-align: inherit;\"> \u2013 Convient \u00e0 la recherche sur les r\u00e9cepteurs et les SAR.<\/span><\/span><\/p>\n<\/li>\n<li data-start=\"4878\" data-end=\"4948\">\n<p data-start=\"4880\" data-end=\"4948\"><strong data-start=\"4880\" data-end=\"4905\"><span dir=\"auto\" style=\"vertical-align: inherit;\"><span dir=\"auto\" style=\"vertical-align: inherit;\">Qualit\u00e9 constante<\/span><\/span><\/strong><span dir=\"auto\" style=\"vertical-align: inherit;\"><span dir=\"auto\" style=\"vertical-align: inherit;\"> \u2013 Fabriqu\u00e9 selon des normes similaires aux BPF.<\/span><\/span><\/p>\n<\/li>\n<li data-start=\"4949\" data-end=\"5029\">\n<p data-start=\"4951\" data-end=\"5029\"><strong data-start=\"4951\" data-end=\"4973\"><span dir=\"auto\" style=\"vertical-align: inherit;\"><span dir=\"auto\" style=\"vertical-align: inherit;\">Emballage s\u00e9curis\u00e9<\/span><\/span><\/strong><span dir=\"auto\" style=\"vertical-align: inherit;\"><span dir=\"auto\" style=\"vertical-align: inherit;\"> \u2013 Herm\u00e9tique et opaque pour une protection maximale. ept fumarate<\/span><\/span><\/p>\n<\/li>\n<\/ul>\n<hr data-start=\"5031\" data-end=\"5034\" \/>\n<h3 data-start=\"5036\" data-end=\"5053\"><strong data-start=\"5040\" data-end=\"5053\"><span dir=\"auto\" style=\"vertical-align: inherit;\"><span dir=\"auto\" style=\"vertical-align: inherit;\">Avantages<\/span><\/span><\/strong><\/h3>\n<ul data-start=\"5054\" data-end=\"5337\">\n<li data-start=\"5054\" data-end=\"5134\">\n<p data-start=\"5056\" data-end=\"5134\"><span dir=\"auto\" style=\"vertical-align: inherit;\"><span dir=\"auto\" style=\"vertical-align: inherit;\">Soutient <\/span><\/span><strong data-start=\"5068\" data-end=\"5131\"><span dir=\"auto\" style=\"vertical-align: inherit;\"><span dir=\"auto\" style=\"vertical-align: inherit;\">recherches sur les r\u00e9cepteurs de la s\u00e9rotonine et les analogues de la tryptamine<\/span><\/span><\/strong><span dir=\"auto\" style=\"vertical-align: inherit;\"><span dir=\"auto\" style=\"vertical-align: inherit;\"> .<\/span><\/span><\/p>\n<\/li>\n<li data-start=\"5135\" data-end=\"5211\">\n<p data-start=\"5137\" data-end=\"5211\"><strong data-start=\"5137\" data-end=\"5182\"><span dir=\"auto\" style=\"vertical-align: inherit;\"><span dir=\"auto\" style=\"vertical-align: inherit;\">R\u00e9sultats fiables et reproductibles<\/span><\/span><\/strong><span dir=\"auto\" style=\"vertical-align: inherit;\"><span dir=\"auto\" style=\"vertical-align: inherit;\"> en recherche en laboratoire.<\/span><\/span><\/p>\n<\/li>\n<li data-start=\"5212\" data-end=\"5265\">\n<p data-start=\"5214\" data-end=\"5265\"><strong data-start=\"5214\" data-end=\"5240\"><span dir=\"auto\" style=\"vertical-align: inherit;\"><span dir=\"auto\" style=\"vertical-align: inherit;\">Stabilit\u00e9 am\u00e9lior\u00e9e<\/span><\/span><\/strong><span dir=\"auto\" style=\"vertical-align: inherit;\"><span dir=\"auto\" style=\"vertical-align: inherit;\"> et une longue dur\u00e9e de conservation.<\/span><\/span><\/p>\n<\/li>\n<li data-start=\"5266\" data-end=\"5337\">\n<p data-start=\"5268\" data-end=\"5337\"><span dir=\"auto\" style=\"vertical-align: inherit;\"><span dir=\"auto\" style=\"vertical-align: inherit;\">Id\u00e9al pour <\/span><\/span><strong data-start=\"5280\" data-end=\"5334\"><span dir=\"auto\" style=\"vertical-align: inherit;\"><span dir=\"auto\" style=\"vertical-align: inherit;\">recherche acad\u00e9mique, pharmacologique et analytique<\/span><\/span><\/strong><span dir=\"auto\" style=\"vertical-align: inherit;\"><span dir=\"auto\" style=\"vertical-align: inherit;\"> .<\/span><\/span><\/p>\n<\/li>\n<\/ul>\n<hr data-start=\"5339\" data-end=\"5342\" \/>\n<h3 data-start=\"5344\" data-end=\"5359\"><strong data-start=\"5348\" data-end=\"5359\"><span dir=\"auto\" style=\"vertical-align: inherit;\"><span dir=\"auto\" style=\"vertical-align: inherit;\">Usage<\/span><\/span><\/strong><\/h3>\n<ul data-start=\"5360\" data-end=\"5642\">\n<li data-start=\"5360\" data-end=\"5430\">\n<p data-start=\"5362\" data-end=\"5430\"><span dir=\"auto\" style=\"vertical-align: inherit;\"><span dir=\"auto\" style=\"vertical-align: inherit;\">\u00c0 utiliser par <\/span><\/span><strong data-start=\"5387\" data-end=\"5427\"><span dir=\"auto\" style=\"vertical-align: inherit;\"><span dir=\"auto\" style=\"vertical-align: inherit;\">personnel de laboratoire qualifi\u00e9<\/span><\/span><\/strong><span dir=\"auto\" style=\"vertical-align: inherit;\"><span dir=\"auto\" style=\"vertical-align: inherit;\"> seulement .<\/span><\/span><\/p>\n<\/li>\n<li data-start=\"5431\" data-end=\"5518\">\n<p data-start=\"5433\" data-end=\"5518\"><span dir=\"auto\" style=\"vertical-align: inherit;\"><span dir=\"auto\" style=\"vertical-align: inherit;\">Portez une tenue appropri\u00e9e <\/span><\/span><strong data-start=\"5451\" data-end=\"5475\"><span dir=\"auto\" style=\"vertical-align: inherit;\"><span dir=\"auto\" style=\"vertical-align: inherit;\">\u00e9quipement de protection<\/span><\/span><\/strong><span dir=\"auto\" style=\"vertical-align: inherit;\"><span dir=\"auto\" style=\"vertical-align: inherit;\"> (gants, lunettes de s\u00e9curit\u00e9, blouse de laboratoire).<\/span><\/span><\/p>\n<\/li>\n<li data-start=\"5519\" data-end=\"5583\">\n<p data-start=\"5521\" data-end=\"5583\"><span dir=\"auto\" style=\"vertical-align: inherit;\"><span dir=\"auto\" style=\"vertical-align: inherit;\">Conserver dans un <\/span><\/span><strong data-start=\"5536\" data-end=\"5570\"><span dir=\"auto\" style=\"vertical-align: inherit;\"><span dir=\"auto\" style=\"vertical-align: inherit;\">endroit frais, sec et sombre<\/span><\/span><\/strong><span dir=\"auto\" style=\"vertical-align: inherit;\"><span dir=\"auto\" style=\"vertical-align: inherit;\"> (15\u201325\u00b0C).<\/span><\/span><\/p>\n<\/li>\n<li data-start=\"5584\" data-end=\"5642\">\n<p data-start=\"5586\" data-end=\"5642\"><span dir=\"auto\" style=\"vertical-align: inherit;\"><span dir=\"auto\" style=\"vertical-align: inherit;\">Ne convient pas \u00e0 la consommation humaine ou animale.<\/span><\/span><\/p>\n<\/li>\n<\/ul>\n<hr data-start=\"5644\" data-end=\"5647\" \/>\n<h3 data-start=\"5649\" data-end=\"5684\"><strong data-start=\"5653\" data-end=\"5684\"><span dir=\"auto\" style=\"vertical-align: inherit;\"><span dir=\"auto\" style=\"vertical-align: inherit;\">Foire aux questions (FAQ)<\/span><\/span><\/strong><\/h3>\n<p data-start=\"5686\" data-end=\"5864\"><strong data-start=\"5686\" data-end=\"5730\"><span dir=\"auto\" style=\"vertical-align: inherit;\"><span dir=\"auto\" style=\"vertical-align: inherit;\">1. \u00c0 quoi sert le fumarate EPT ?<\/span><\/span><\/strong><br data-start=\"5730\" data-end=\"5733\" \/><span dir=\"auto\" style=\"vertical-align: inherit;\"><span dir=\"auto\" style=\"vertical-align: inherit;\"> Le fumarate d&#039;EPT est utilis\u00e9 pour <\/span><\/span><strong data-start=\"5766\" data-end=\"5811\"><span dir=\"auto\" style=\"vertical-align: inherit;\"><span dir=\"auto\" style=\"vertical-align: inherit;\">recherche pharmacologique et neurochimique<\/span><\/span><\/strong><span dir=\"auto\" style=\"vertical-align: inherit;\"><span dir=\"auto\" style=\"vertical-align: inherit;\"> sur les analogues de la tryptamine et les r\u00e9cepteurs de la s\u00e9rotonine.<\/span><\/span><\/p>\n<p data-start=\"5866\" data-end=\"6041\"><strong data-start=\"5866\" data-end=\"5919\"><span dir=\"auto\" style=\"vertical-align: inherit;\"><span dir=\"auto\" style=\"vertical-align: inherit;\">2. Le fumarate d&#039;EPT est-il sans danger pour l&#039;usage humain ?<\/span><\/span><\/strong><br data-start=\"5919\" data-end=\"5922\" \/><span dir=\"auto\" style=\"vertical-align: inherit;\"><span dir=\"auto\" style=\"vertical-align: inherit;\"> Non. Ce produit est <\/span><\/span><strong data-start=\"5942\" data-end=\"5991\"><span dir=\"auto\" style=\"vertical-align: inherit;\"><span dir=\"auto\" style=\"vertical-align: inherit;\">destin\u00e9 uniquement \u00e0 des fins de recherche<\/span><\/span><\/strong><span dir=\"auto\" style=\"vertical-align: inherit;\"><span dir=\"auto\" style=\"vertical-align: inherit;\"> et n&#039;est pas destin\u00e9 \u00e0 la consommation humaine.<\/span><\/span><\/p>\n<p data-start=\"6043\" data-end=\"6201\"><strong data-start=\"6043\" data-end=\"6087\"><span dir=\"auto\" style=\"vertical-align: inherit;\"><span dir=\"auto\" style=\"vertical-align: inherit;\">3. Comment le fumarate EPT doit-il \u00eatre stock\u00e9 ?<\/span><\/span><\/strong><br data-start=\"6087\" data-end=\"6090\" \/><span dir=\"auto\" style=\"vertical-align: inherit;\"><span dir=\"auto\" style=\"vertical-align: inherit;\"> Conserver dans un <\/span><\/span><strong data-start=\"6105\" data-end=\"6135\"><span dir=\"auto\" style=\"vertical-align: inherit;\"><span dir=\"auto\" style=\"vertical-align: inherit;\">r\u00e9cipient herm\u00e9tiquement ferm\u00e9<\/span><\/span><\/strong><span dir=\"auto\" style=\"vertical-align: inherit;\"><span dir=\"auto\" style=\"vertical-align: inherit;\"> \u00e0 temp\u00e9rature ambiante (15\u201325\u00b0C), \u00e0 l\u2019abri de l\u2019humidit\u00e9 et de la lumi\u00e8re.<\/span><\/span><\/p>","protected":false},"excerpt":{"rendered":"<h3><span data-sheets-value=\"{\" data-sheets-userformat=\"{\"><span style=\"vertical-align: inherit;\"><span style=\"vertical-align: inherit;\"><span dir=\"auto\" style=\"vertical-align: inherit;\"><span dir=\"auto\" style=\"vertical-align: inherit;\">EPT fumarate properties<\/span><\/span><\/span><\/span><\/span><\/h3>\n<p><strong><span style=\"vertical-align: inherit;\"><span style=\"vertical-align: inherit;\"><span dir=\"auto\" style=\"vertical-align: inherit;\"><span dir=\"auto\" style=\"vertical-align: inherit;\">Synonym:<\/span><\/span><\/span><\/span><\/strong><span style=\"vertical-align: inherit;\"><span style=\"vertical-align: inherit;\"><span dir=\"auto\" style=\"vertical-align: inherit;\"><span dir=\"auto\" style=\"vertical-align: inherit;\"> N-ethyl-N-propyltryptamine fumarate <\/span><\/span><\/span><\/span><br \/>\n<strong><span style=\"vertical-align: inherit;\"><span style=\"vertical-align: inherit;\"><span dir=\"auto\" style=\"vertical-align: inherit;\"><span dir=\"auto\" style=\"vertical-align: inherit;\">CAS Number:<\/span><\/span><\/span><\/span><\/strong><span style=\"vertical-align: inherit;\"><span style=\"vertical-align: inherit;\"><span dir=\"auto\" style=\"vertical-align: inherit;\"><span dir=\"auto\" style=\"vertical-align: inherit;\"> n\/a <\/span><\/span><\/span><\/span><br \/>\n<strong><span style=\"vertical-align: inherit;\"><span style=\"vertical-align: inherit;\"><span dir=\"auto\" style=\"vertical-align: inherit;\"><span dir=\"auto\" style=\"vertical-align: inherit;\">Formula:<\/span><\/span><\/span><\/span><\/strong><span style=\"vertical-align: inherit;\"><span style=\"vertical-align: inherit;\"><span dir=\"auto\" style=\"vertical-align: inherit;\"><span dir=\"auto\" style=\"vertical-align: inherit;\"> 3-[2-(ethyl(propyl)amino)ethyl]-1H-indole fumarate <\/span><\/span><\/span><\/span><br \/>\n<strong><span style=\"vertical-align: inherit;\"><span style=\"vertical-align: inherit;\"><span dir=\"auto\" style=\"vertical-align: inherit;\"><span dir=\"auto\" style=\"vertical-align: inherit;\">Molar Mass:<\/span><\/span><\/span><\/span><\/strong><span style=\"vertical-align: inherit;\"><span style=\"vertical-align: inherit;\"><span dir=\"auto\" style=\"vertical-align: inherit;\"><span dir=\"auto\" style=\"vertical-align: inherit;\"> 346.4 g\/mol <\/span><\/span><\/span><\/span><br \/>\n<strong><span style=\"vertical-align: inherit;\"><span style=\"vertical-align: inherit;\"><span dir=\"auto\" style=\"vertical-align: inherit;\"><span dir=\"auto\" style=\"vertical-align: inherit;\">Purity:<\/span><\/span><\/span><\/span><\/strong><span style=\"vertical-align: inherit;\"><span style=\"vertical-align: inherit;\"><span dir=\"auto\" style=\"vertical-align: inherit;\"><span dir=\"auto\" style=\"vertical-align: inherit;\"> &gt;97%<\/span><\/span><\/span><\/span><\/p>\n","protected":false},"featured_media":28513,"comment_status":"closed","ping_status":"closed","template":"","meta":[],"product_brand":[],"product_cat":[509,381],"product_tag":[1160,1161,326],"class_list":{"0":"post-23531","1":"product","2":"type-product","3":"status-publish","4":"has-post-thumbnail","6":"product_cat-ept","7":"product_cat-tryptamines","8":"product_tag-ept-fumarate","9":"product_tag-ept-fumarate-kopen","10":"product_tag-nl","12":"first","13":"instock","14":"taxable","15":"shipping-taxable","16":"purchasable","17":"product-type-variable"},"_links":{"self":[{"href":"https:\/\/researchchemicalhub.com\/fr_be\/wp-json\/wp\/v2\/product\/23531","targetHints":{"allow":["GET"]}}],"collection":[{"href":"https:\/\/researchchemicalhub.com\/fr_be\/wp-json\/wp\/v2\/product"}],"about":[{"href":"https:\/\/researchchemicalhub.com\/fr_be\/wp-json\/wp\/v2\/types\/product"}],"replies":[{"embeddable":true,"href":"https:\/\/researchchemicalhub.com\/fr_be\/wp-json\/wp\/v2\/comments?post=23531"}],"version-history":[{"count":6,"href":"https:\/\/researchchemicalhub.com\/fr_be\/wp-json\/wp\/v2\/product\/23531\/revisions"}],"predecessor-version":[{"id":28728,"href":"https:\/\/researchchemicalhub.com\/fr_be\/wp-json\/wp\/v2\/product\/23531\/revisions\/28728"}],"wp:featuredmedia":[{"embeddable":true,"href":"https:\/\/researchchemicalhub.com\/fr_be\/wp-json\/wp\/v2\/media\/28513"}],"wp:attachment":[{"href":"https:\/\/researchchemicalhub.com\/fr_be\/wp-json\/wp\/v2\/media?parent=23531"}],"wp:term":[{"taxonomy":"product_brand","embeddable":true,"href":"https:\/\/researchchemicalhub.com\/fr_be\/wp-json\/wp\/v2\/product_brand?post=23531"},{"taxonomy":"product_cat","embeddable":true,"href":"https:\/\/researchchemicalhub.com\/fr_be\/wp-json\/wp\/v2\/product_cat?post=23531"},{"taxonomy":"product_tag","embeddable":true,"href":"https:\/\/researchchemicalhub.com\/fr_be\/wp-json\/wp\/v2\/product_tag?post=23531"}],"curies":[{"name":"wp","href":"https:\/\/api.w.org\/{rel}","templated":true}]}}