{"id":23514,"date":"2025-04-13T17:39:53","date_gmt":"2025-04-13T17:39:53","guid":{"rendered":"https:\/\/researchchemicalhub.com\/?post_type=product&#038;p=23514"},"modified":"2025-10-30T09:25:33","modified_gmt":"2025-10-30T09:25:33","slug":"5-meo-mipt-hydrochloride","status":"publish","type":"product","link":"https:\/\/researchchemicalhub.com\/fr_be\/shop\/5-meo-mipt\/5-meo-mipt-hydrochloride\/","title":{"rendered":"Chlorhydrate de 5-MeO-MiPT"},"content":{"rendered":"<h1><strong><span dir=\"auto\" style=\"vertical-align: inherit;\"><span dir=\"auto\" style=\"vertical-align: inherit;\">Chlorhydrate de 5-MeO-MiPT \u2013 Produit chimique de recherche haute performance pour analyses avanc\u00e9es<\/span><\/span><\/strong><\/h1>\n<p data-start=\"4248\" data-end=\"4459\"><strong data-start=\"4248\" data-end=\"4323\">Chlorhydrate de 5-MeO-MiPT (5-m\u00e9thoxy-N-m\u00e9thyl-N-isopropyltryptamine HCl)<\/strong> est un <strong data-start=\"4331\" data-end=\"4373\">compos\u00e9 de recherche de haute puret\u00e9<\/strong>, d\u00e9velopp\u00e9 pour <strong data-start=\"4391\" data-end=\"4456\">recherche neuroscientifique, pharmacologique et analytique<\/strong>. <span class=\"___SBox_epc1q-ko_ ___SText_zko9t-ko_\" data-ui-name=\"Link.Text\">chlorhydrate de 5-m\u00e9o-mipt<\/span><\/p>\n<p data-start=\"4461\" data-end=\"4685\">Si <strong data-start=\"4465\" data-end=\"4501\">analogue m\u00e9thoxy-substitu\u00e9<\/strong> par <strong data-start=\"4506\" data-end=\"4514\">MiPT<\/strong>, 5-MeO-MiPT offre des informations pr\u00e9cieuses sur <strong data-start=\"4558\" data-end=\"4609\">recherche sur les r\u00e9cepteurs de la s\u00e9rotonine (5-HT2A et 5-HT1A)<\/strong> et <strong data-start=\"4613\" data-end=\"4655\">relations structure-activit\u00e9 (SAR)<\/strong> dans la classe des tryptamines.<\/p>\n<p data-start=\"4687\" data-end=\"4871\">Le <strong data-start=\"4690\" data-end=\"4717\">forme chlorhydrate (HCl)<\/strong> augmente la <strong data-start=\"4730\" data-end=\"4787\">stabilit\u00e9 chimique, solubilit\u00e9 et facilit\u00e9 d&#039;utilisation<\/strong>, ce qui le rend id\u00e9al pour le stockage \u00e0 long terme et les r\u00e9sultats de recherche reproductibles.<\/p>\n<blockquote data-start=\"4873\" data-end=\"5024\">\n<p data-start=\"4875\" data-end=\"5024\">\u26a0\ufe0f <strong data-start=\"4878\" data-end=\"4889\">NB:<\/strong> Ce produit est <strong data-start=\"4905\" data-end=\"4960\">exclusivement destin\u00e9 \u00e0 la recherche scientifique<\/strong> et <strong data-start=\"4964\" data-end=\"5021\">ne convient pas \u00e0 la consommation humaine ou animale<\/strong>.<\/p>\n<\/blockquote>\n<hr data-start=\"5026\" data-end=\"5029\" \/>\n<h3 data-start=\"5031\" data-end=\"5062\"><strong data-start=\"5035\" data-end=\"5062\">Caract\u00e9ristiques principales<\/strong><\/h3>\n<ul data-start=\"5063\" data-end=\"5472\">\n<li data-start=\"5063\" data-end=\"5146\">\n<p data-start=\"5065\" data-end=\"5146\"><strong data-start=\"5065\" data-end=\"5091\">Haute puret\u00e9 (\u226599%)<\/strong> \u2013 Test\u00e9 en laboratoire pour l\u2019identit\u00e9 et la stabilit\u00e9.<\/p>\n<\/li>\n<li data-start=\"5147\" data-end=\"5223\">\n<p data-start=\"5149\" data-end=\"5223\"><strong data-start=\"5149\" data-end=\"5179\">Forme stable de chlorhydrate<\/strong> \u2013 Augmente la dur\u00e9e de conservation et la solubilit\u00e9.<\/p>\n<\/li>\n<li data-start=\"5224\" data-end=\"5311\">\n<p data-start=\"5226\" data-end=\"5311\"><strong data-start=\"5226\" data-end=\"5265\">Norme de recherche pharmacologique<\/strong> \u2013 Convient \u00e0 la recherche sur les r\u00e9cepteurs et les SAR.<\/p>\n<\/li>\n<li data-start=\"5312\" data-end=\"5382\">\n<p data-start=\"5314\" data-end=\"5382\"><strong data-start=\"5314\" data-end=\"5339\">Qualit\u00e9 constante<\/strong> \u2013 Fabriqu\u00e9 selon des normes de type GMP.<\/p>\n<\/li>\n<li data-start=\"5383\" data-end=\"5472\">\n<p data-start=\"5385\" data-end=\"5472\"><strong data-start=\"5385\" data-end=\"5407\">Emballage s\u00fbr<\/strong> \u2013 Emball\u00e9 herm\u00e9tiquement et \u00e0 l\u2019abri de la lumi\u00e8re pour \u00e9viter toute d\u00e9gradation.<\/p>\n<\/li>\n<\/ul>\n<hr data-start=\"5474\" data-end=\"5477\" \/>\n<h3 data-start=\"5479\" data-end=\"5496\"><strong data-start=\"5483\" data-end=\"5496\">Avantages<\/strong><\/h3>\n<ul data-start=\"5497\" data-end=\"5804\">\n<li data-start=\"5497\" data-end=\"5577\">\n<p data-start=\"5499\" data-end=\"5577\">Soutient <strong data-start=\"5511\" data-end=\"5574\">recherche sur les r\u00e9cepteurs de la s\u00e9rotonine et les analogues de la tryptamine<\/strong>.<\/p>\n<\/li>\n<li data-start=\"5578\" data-end=\"5654\">\n<p data-start=\"5580\" data-end=\"5654\"><strong data-start=\"5580\" data-end=\"5625\">Des r\u00e9sultats fiables et reproductibles<\/strong> dans la recherche en laboratoire.<\/p>\n<\/li>\n<li data-start=\"5655\" data-end=\"5732\">\n<p data-start=\"5657\" data-end=\"5732\"><strong data-start=\"5657\" data-end=\"5683\">Stabilit\u00e9 am\u00e9lior\u00e9e<\/strong> et une dur\u00e9e de conservation plus longue que la forme de base libre.<\/p>\n<\/li>\n<li data-start=\"5733\" data-end=\"5804\">\n<p data-start=\"5735\" data-end=\"5804\">Id\u00e9al pour <strong data-start=\"5747\" data-end=\"5801\">recherche acad\u00e9mique, pharmacologique et analytique<\/strong>.<\/p>\n<\/li>\n<\/ul>\n<hr data-start=\"5806\" data-end=\"5809\" \/>\n<h3 data-start=\"5811\" data-end=\"5826\"><strong data-start=\"5815\" data-end=\"5826\">Usage<\/strong><\/h3>\n<ul data-start=\"5827\" data-end=\"6098\">\n<li data-start=\"5827\" data-end=\"5897\">\n<p data-start=\"5829\" data-end=\"5897\">R\u00e9serv\u00e9 \u00e0 l&#039;usage exclusif de <strong data-start=\"5854\" data-end=\"5894\">personnel de laboratoire qualifi\u00e9<\/strong>.<\/p>\n<\/li>\n<li data-start=\"5898\" data-end=\"5974\">\n<p data-start=\"5900\" data-end=\"5974\">Utiliser convenablement <strong data-start=\"5918\" data-end=\"5942\">\u00e9quipement de protection<\/strong> (gants, lunettes, blouse de laboratoire).<\/p>\n<\/li>\n<li data-start=\"5975\" data-end=\"6039\">\n<p data-start=\"5977\" data-end=\"6039\">\u00c9conomisez sur un <strong data-start=\"5992\" data-end=\"6026\">endroit frais, sec et sombre<\/strong> (15\u201325\u00b0C).<\/p>\n<\/li>\n<li data-start=\"6040\" data-end=\"6098\">\n<p data-start=\"6042\" data-end=\"6098\">Ne convient pas \u00e0 la consommation humaine ou animale.<\/p>\n<\/li>\n<\/ul>\n<hr data-start=\"6100\" data-end=\"6103\" \/>\n<h3 data-start=\"6105\" data-end=\"6140\"><strong data-start=\"6109\" data-end=\"6140\">Foire aux questions (FAQ)<\/strong><\/h3>\n<p data-start=\"6142\" data-end=\"6354\"><strong data-start=\"6142\" data-end=\"6198\">1. \u00c0 quoi sert le chlorhydrate de 5-MeO-MiPT ?<\/strong><br data-start=\"6198\" data-end=\"6201\" \/>Le chlorhydrate de 5-MeO-MiPT est utilis\u00e9 dans <strong data-start=\"6244\" data-end=\"6289\">recherche pharmacologique et neurochimique<\/strong> aux r\u00e9cepteurs de la s\u00e9rotonine et aux analogues structurels de la tryptamine.<\/p>\n<p data-start=\"6356\" data-end=\"6543\"><strong data-start=\"6356\" data-end=\"6421\">2. Le chlorhydrate de 5-MeO-MiPT est-il sans danger pour l\u2019usage humain\u00a0?<\/strong><br data-start=\"6421\" data-end=\"6424\" \/>Non. Ce produit est <strong data-start=\"6444\" data-end=\"6493\">destin\u00e9 \u00e0 des fins de recherche uniquement<\/strong> et non approuv\u00e9 pour la consommation humaine.<\/p>\n<p data-start=\"6545\" data-end=\"6723\"><strong data-start=\"6545\" data-end=\"6601\">3. Comment le chlorhydrate de 5-MeO-MiPT doit-il \u00eatre conserv\u00e9 ?<\/strong><br data-start=\"6601\" data-end=\"6604\" \/>Conserver dans un <strong data-start=\"6619\" data-end=\"6649\">emballage bien scell\u00e9<\/strong> \u00e0 temp\u00e9rature ambiante (15\u201325\u00b0C), \u00e0 l\u2019abri de l\u2019humidit\u00e9, de la chaleur et de la lumi\u00e8re.<\/p>\n<p>&nbsp;<\/p>","protected":false},"excerpt":{"rendered":"<h3><span data-sheets-value=\"{\" data-sheets-userformat=\"{\"><span dir=\"auto\" style=\"vertical-align: inherit;\"><span dir=\"auto\" style=\"vertical-align: inherit;\">5-MeO-MiPT hydrochloride properties<\/span><\/span><\/span><\/h3>\n<p><strong><span style=\"vertical-align: inherit;\"><span style=\"vertical-align: inherit;\"><span dir=\"auto\" style=\"vertical-align: inherit;\"><span dir=\"auto\" style=\"vertical-align: inherit;\">Synonym:<\/span><\/span><\/span><\/span><\/strong><span style=\"vertical-align: inherit;\"><span style=\"vertical-align: inherit;\"><span dir=\"auto\" style=\"vertical-align: inherit;\"><span dir=\"auto\" style=\"vertical-align: inherit;\"> 5-methoxy-N-isopropyl-N-methyltryptamine hydrochloride <\/span><\/span><\/span><\/span><br \/>\n<strong><span style=\"vertical-align: inherit;\"><span style=\"vertical-align: inherit;\"><span dir=\"auto\" style=\"vertical-align: inherit;\"><span dir=\"auto\" style=\"vertical-align: inherit;\">CAS Number:<\/span><\/span><\/span><\/span><\/strong><span style=\"vertical-align: inherit;\"><span style=\"vertical-align: inherit;\"><span dir=\"auto\" style=\"vertical-align: inherit;\"><span dir=\"auto\" style=\"vertical-align: inherit;\"> 96096-55-8 <\/span><\/span><\/span><\/span><br \/>\n<strong><span style=\"vertical-align: inherit;\"><span style=\"vertical-align: inherit;\"><span dir=\"auto\" style=\"vertical-align: inherit;\"><span dir=\"auto\" style=\"vertical-align: inherit;\">Formula:<\/span><\/span><\/span><\/span><\/strong><span style=\"vertical-align: inherit;\"><span style=\"vertical-align: inherit;\"><span dir=\"auto\" style=\"vertical-align: inherit;\"><span dir=\"auto\" style=\"vertical-align: inherit;\"> 3-[2-(isopropylmethylamino)ethyl]-5-methoxyindole hydrochloride <\/span><\/span><\/span><\/span><br \/>\n<strong><span style=\"vertical-align: inherit;\"><span style=\"vertical-align: inherit;\"><span dir=\"auto\" style=\"vertical-align: inherit;\"><span dir=\"auto\" style=\"vertical-align: inherit;\">Molar mass:<\/span><\/span><\/span><\/span><\/strong><span style=\"vertical-align: inherit;\"><span style=\"vertical-align: inherit;\"><span dir=\"auto\" style=\"vertical-align: inherit;\"><span dir=\"auto\" style=\"vertical-align: inherit;\"> 282.8 g\/mol <\/span><\/span><\/span><\/span><br \/>\n<strong><span style=\"vertical-align: inherit;\"><span style=\"vertical-align: inherit;\"><span dir=\"auto\" style=\"vertical-align: inherit;\"><span dir=\"auto\" style=\"vertical-align: inherit;\">Purity:<\/span><\/span><\/span><\/span><\/strong><span style=\"vertical-align: inherit;\"><span style=\"vertical-align: inherit;\"><span dir=\"auto\" style=\"vertical-align: inherit;\"><span dir=\"auto\" style=\"vertical-align: inherit;\"> &gt;97%<\/span><\/span><\/span><\/span><\/p>\n","protected":false},"featured_media":28466,"comment_status":"closed","ping_status":"closed","template":"","meta":[],"product_brand":[],"product_cat":[436,381],"product_tag":[1170,326],"class_list":{"0":"post-23514","1":"product","2":"type-product","3":"status-publish","4":"has-post-thumbnail","6":"product_cat-5-meo-mipt","7":"product_cat-tryptamines","8":"product_tag-5-meo-mipt-hydrochloride","9":"product_tag-nl","11":"first","12":"instock","13":"taxable","14":"shipping-taxable","15":"purchasable","16":"product-type-variable"},"_links":{"self":[{"href":"https:\/\/researchchemicalhub.com\/fr_be\/wp-json\/wp\/v2\/product\/23514","targetHints":{"allow":["GET"]}}],"collection":[{"href":"https:\/\/researchchemicalhub.com\/fr_be\/wp-json\/wp\/v2\/product"}],"about":[{"href":"https:\/\/researchchemicalhub.com\/fr_be\/wp-json\/wp\/v2\/types\/product"}],"replies":[{"embeddable":true,"href":"https:\/\/researchchemicalhub.com\/fr_be\/wp-json\/wp\/v2\/comments?post=23514"}],"version-history":[{"count":5,"href":"https:\/\/researchchemicalhub.com\/fr_be\/wp-json\/wp\/v2\/product\/23514\/revisions"}],"predecessor-version":[{"id":28029,"href":"https:\/\/researchchemicalhub.com\/fr_be\/wp-json\/wp\/v2\/product\/23514\/revisions\/28029"}],"wp:featuredmedia":[{"embeddable":true,"href":"https:\/\/researchchemicalhub.com\/fr_be\/wp-json\/wp\/v2\/media\/28466"}],"wp:attachment":[{"href":"https:\/\/researchchemicalhub.com\/fr_be\/wp-json\/wp\/v2\/media?parent=23514"}],"wp:term":[{"taxonomy":"product_brand","embeddable":true,"href":"https:\/\/researchchemicalhub.com\/fr_be\/wp-json\/wp\/v2\/product_brand?post=23514"},{"taxonomy":"product_cat","embeddable":true,"href":"https:\/\/researchchemicalhub.com\/fr_be\/wp-json\/wp\/v2\/product_cat?post=23514"},{"taxonomy":"product_tag","embeddable":true,"href":"https:\/\/researchchemicalhub.com\/fr_be\/wp-json\/wp\/v2\/product_tag?post=23514"}],"curies":[{"name":"wp","href":"https:\/\/api.w.org\/{rel}","templated":true}]}}