{"id":23445,"date":"2025-04-13T17:39:46","date_gmt":"2025-04-13T17:39:46","guid":{"rendered":"https:\/\/researchchemicalhub.com\/?post_type=product&#038;p=23445"},"modified":"2025-10-30T09:28:37","modified_gmt":"2025-10-30T09:28:37","slug":"4-ho-dpt-fumarate","status":"publish","type":"product","link":"https:\/\/researchchemicalhub.com\/fr_be\/boutique\/4-heures-de-service\/4-ho-dpt-fumarate\/","title":{"rendered":"Fumarate de 4-HO-DPT"},"content":{"rendered":"<h3><strong><span dir=\"auto\" style=\"vertical-align: inherit;\"><span dir=\"auto\" style=\"vertical-align: inherit;\">Fumarate de 4-HO-DPT \u2013 Description du produit, utilisations, effets et FAQ<\/span><\/span><\/strong><\/h3>\n<p data-start=\"4143\" data-end=\"4335\"><strong data-start=\"4143\" data-end=\"4199\">Fumarate de 4-HO-DPT (4-hydroxy-N,N-dipropyltryptamine)<\/strong> est un <strong data-start=\"4207\" data-end=\"4249\">compos\u00e9 de recherche de haute puret\u00e9<\/strong>, d\u00e9velopp\u00e9 pour <strong data-start=\"4267\" data-end=\"4332\">recherche neuroscientifique, pharmacologique et analytique<\/strong>. <span class=\"___SBox_epc1q-ko_ ___SText_zko9t-ko_\" data-ui-name=\"Link.Text\">4 heures de service<\/span><\/p>\n<p data-start=\"4337\" data-end=\"4661\">Si <strong data-start=\"4341\" data-end=\"4378\">analogue substitu\u00e9 par un hydroxyle<\/strong> par <strong data-start=\"4383\" data-end=\"4415\">DPT (N,N-dipropyltryptamine)<\/strong> appartient-il \u00e0 la <strong data-start=\"4435\" data-end=\"4471\">Classe des 4-hydroxytryptamines (4-HO)<\/strong> et est \u00e9troitement li\u00e9 \u00e0 <strong data-start=\"4499\" data-end=\"4523\">4-HO-DMT (psilocine)<\/strong>. Il est utilis\u00e9 dans <strong data-start=\"4547\" data-end=\"4612\">recherche sur les r\u00e9cepteurs de la s\u00e9rotonine (5-HT1A, 5-HT2A, 5-HT2C)<\/strong> et <strong data-start=\"4616\" data-end=\"4658\">relations structure-activit\u00e9 (SAR)<\/strong>.<\/p>\n<p data-start=\"4663\" data-end=\"4845\">Le <strong data-start=\"4666\" data-end=\"4686\">forme de sel de fumarate<\/strong> offres <strong data-start=\"4693\" data-end=\"4756\">meilleure stabilit\u00e9 chimique, solubilit\u00e9 et dur\u00e9e de conservation<\/strong>, ce qui le rend id\u00e9al pour le stockage \u00e0 long terme et la recherche contr\u00f4l\u00e9e en laboratoire.<\/p>\n<blockquote data-start=\"4847\" data-end=\"4998\">\n<p data-start=\"4849\" data-end=\"4998\">\u26a0\ufe0f <strong data-start=\"4852\" data-end=\"4863\">NB:<\/strong> Ce produit est <strong data-start=\"4879\" data-end=\"4934\">exclusivement destin\u00e9 \u00e0 la recherche scientifique<\/strong> et <strong data-start=\"4938\" data-end=\"4995\">ne convient pas \u00e0 la consommation humaine ou animale<\/strong>.<\/p>\n<\/blockquote>\n<hr data-start=\"5000\" data-end=\"5003\" \/>\n<h3 data-start=\"5005\" data-end=\"5036\"><strong data-start=\"5009\" data-end=\"5036\">Caract\u00e9ristiques principales<\/strong><\/h3>\n<ul data-start=\"5037\" data-end=\"5435\">\n<li data-start=\"5037\" data-end=\"5113\">\n<p data-start=\"5039\" data-end=\"5113\"><strong data-start=\"5039\" data-end=\"5065\">Haute puret\u00e9 (\u226599%)<\/strong> \u2013 Confirm\u00e9 par analyse HPLC, RMN et GC-MS.<\/p>\n<\/li>\n<li data-start=\"5114\" data-end=\"5187\">\n<p data-start=\"5116\" data-end=\"5187\"><strong data-start=\"5116\" data-end=\"5145\">Forme stable du sel de fumarate<\/strong> \u2013 Augmente la dur\u00e9e de conservation et la stabilit\u00e9.<\/p>\n<\/li>\n<li data-start=\"5188\" data-end=\"5275\">\n<p data-start=\"5190\" data-end=\"5275\"><strong data-start=\"5190\" data-end=\"5229\">Norme de recherche pharmacologique<\/strong> \u2013 Convient \u00e0 la recherche sur les r\u00e9cepteurs et les SAR.<\/p>\n<\/li>\n<li data-start=\"5276\" data-end=\"5346\">\n<p data-start=\"5278\" data-end=\"5346\"><strong data-start=\"5278\" data-end=\"5303\">Qualit\u00e9 constante<\/strong> \u2013 Fabriqu\u00e9 selon des normes de type GMP.<\/p>\n<\/li>\n<li data-start=\"5347\" data-end=\"5435\">\n<p data-start=\"5349\" data-end=\"5435\"><strong data-start=\"5349\" data-end=\"5371\">Emballage s\u00fbr<\/strong> \u2013 Emballage herm\u00e9tique et \u00e0 l\u2019abri de la lumi\u00e8re pour une protection maximale.<\/p>\n<\/li>\n<\/ul>\n<hr data-start=\"5437\" data-end=\"5440\" \/>\n<h3 data-start=\"5442\" data-end=\"5459\"><strong data-start=\"5446\" data-end=\"5459\">Avantages<\/strong><\/h3>\n<ul data-start=\"5460\" data-end=\"5757\">\n<li data-start=\"5460\" data-end=\"5540\">\n<p data-start=\"5462\" data-end=\"5540\">Soutient <strong data-start=\"5474\" data-end=\"5537\">recherche sur les r\u00e9cepteurs de la s\u00e9rotonine et les analogues de la tryptamine<\/strong>.<\/p>\n<\/li>\n<li data-start=\"5541\" data-end=\"5601\">\n<p data-start=\"5543\" data-end=\"5601\"><strong data-start=\"5543\" data-end=\"5598\">Des r\u00e9sultats de recherche fiables et reproductibles<\/strong>.<\/p>\n<\/li>\n<li data-start=\"5602\" data-end=\"5685\">\n<p data-start=\"5604\" data-end=\"5685\"><strong data-start=\"5604\" data-end=\"5647\">Stabilit\u00e9 et solubilit\u00e9 am\u00e9lior\u00e9es<\/strong> par rapport \u00e0 la forme de base libre.<\/p>\n<\/li>\n<li data-start=\"5686\" data-end=\"5757\">\n<p data-start=\"5688\" data-end=\"5757\">Id\u00e9al pour <strong data-start=\"5700\" data-end=\"5754\">recherche acad\u00e9mique, pharmacologique et analytique<\/strong>.<\/p>\n<\/li>\n<\/ul>\n<hr data-start=\"5759\" data-end=\"5762\" \/>\n<h3 data-start=\"5764\" data-end=\"5779\"><strong data-start=\"5768\" data-end=\"5779\">Usage<\/strong><\/h3>\n<ul data-start=\"5780\" data-end=\"6051\">\n<li data-start=\"5780\" data-end=\"5850\">\n<p data-start=\"5782\" data-end=\"5850\">R\u00e9serv\u00e9 \u00e0 l&#039;usage exclusif de <strong data-start=\"5807\" data-end=\"5847\">personnel de laboratoire qualifi\u00e9<\/strong>. <span class=\"___SBox_epc1q-ko_ ___SText_zko9t-ko_\" data-ui-name=\"Link.Text\">4 heures de service<\/span><\/p>\n<\/li>\n<li data-start=\"5851\" data-end=\"5927\">\n<p data-start=\"5853\" data-end=\"5927\">Utiliser convenablement <strong data-start=\"5871\" data-end=\"5895\">\u00e9quipement de protection<\/strong> (gants, lunettes, blouse de laboratoire).<\/p>\n<\/li>\n<li data-start=\"5928\" data-end=\"5992\">\n<p data-start=\"5930\" data-end=\"5992\">\u00c9conomisez sur un <strong data-start=\"5945\" data-end=\"5979\">endroit frais, sec et sombre<\/strong> (15\u201325\u00b0C).<\/p>\n<\/li>\n<li data-start=\"5993\" data-end=\"6051\">\n<p data-start=\"5995\" data-end=\"6051\">Ne convient pas \u00e0 la consommation humaine ou animale.<\/p>\n<\/li>\n<\/ul>\n<hr data-start=\"6053\" data-end=\"6056\" \/>\n<h3 data-start=\"6058\" data-end=\"6093\"><strong data-start=\"6062\" data-end=\"6093\">Foire aux questions (FAQ)<\/strong><\/h3>\n<p data-start=\"6095\" data-end=\"6295\"><strong data-start=\"6095\" data-end=\"6144\">1. \u00c0 quoi sert le fumarate de 4-HO-DPT ?<\/strong><br data-start=\"6144\" data-end=\"6147\" \/>Le fumarate de 4-HO-DPT est utilis\u00e9 pour <strong data-start=\"6185\" data-end=\"6230\">recherche pharmacologique et neurochimique<\/strong> aux r\u00e9cepteurs de la s\u00e9rotonine et aux analogues structurels de la tryptamine.<\/p>\n<p data-start=\"6297\" data-end=\"6477\"><strong data-start=\"6297\" data-end=\"6355\">2. Le fumarate de 4-HO-DPT est-il sans danger pour l\u2019homme\u00a0?<\/strong><br data-start=\"6355\" data-end=\"6358\" \/>Non. Ce produit est <strong data-start=\"6378\" data-end=\"6427\">destin\u00e9 \u00e0 des fins de recherche uniquement<\/strong> et non approuv\u00e9 pour la consommation humaine.<\/p>\n<p data-start=\"6479\" data-end=\"6650\"><strong data-start=\"6479\" data-end=\"6528\">3. Comment le fumarate de 4-HO-DPT doit-il \u00eatre conserv\u00e9 ?<\/strong><br data-start=\"6528\" data-end=\"6531\" \/>Conserver dans un <strong data-start=\"6546\" data-end=\"6576\">emballage bien scell\u00e9<\/strong> \u00e0 temp\u00e9rature ambiante (15\u201325\u00b0C), \u00e0 l\u2019abri de la lumi\u00e8re, de l\u2019humidit\u00e9 et de la chaleur.<\/p>","protected":false},"excerpt":{"rendered":"<h3><span dir=\"auto\" style=\"vertical-align: inherit;\"><span dir=\"auto\" style=\"vertical-align: inherit;\">4-HO-DPT fumarate properties<\/span><\/span><\/h3>\n<p><strong><span dir=\"auto\" style=\"vertical-align: inherit;\"><span dir=\"auto\" style=\"vertical-align: inherit;\">Synonym:<\/span><\/span><\/strong><span dir=\"auto\" style=\"vertical-align: inherit;\"><span dir=\"auto\" style=\"vertical-align: inherit;\"> 4-hydroxy-N,N-dipropyltryptamine fumarate <\/span><\/span><br \/>\n<strong><span dir=\"auto\" style=\"vertical-align: inherit;\"><span dir=\"auto\" style=\"vertical-align: inherit;\">CAS Number:<\/span><\/span><\/strong><span dir=\"auto\" style=\"vertical-align: inherit;\"><span dir=\"auto\" style=\"vertical-align: inherit;\"> 63065-88-3 <\/span><\/span><br \/>\n<strong><span dir=\"auto\" style=\"vertical-align: inherit;\"><span dir=\"auto\" style=\"vertical-align: inherit;\">Formula:<\/span><\/span><\/strong><span dir=\"auto\" style=\"vertical-align: inherit;\"><span dir=\"auto\" style=\"vertical-align: inherit;\"> 3-[2-(dipropylamino)ethyl]-1H-indol-4-ol fumarate <\/span><\/span><br \/>\n<strong><span dir=\"auto\" style=\"vertical-align: inherit;\"><span dir=\"auto\" style=\"vertical-align: inherit;\">Molar mass:<\/span><\/span><\/strong><span dir=\"auto\" style=\"vertical-align: inherit;\"><span dir=\"auto\" style=\"vertical-align: inherit;\"> 376.4 g\/mol <\/span><\/span><br \/>\n<strong><span dir=\"auto\" style=\"vertical-align: inherit;\"><span dir=\"auto\" style=\"vertical-align: inherit;\">Purity:<\/span><\/span><\/strong><span dir=\"auto\" style=\"vertical-align: inherit;\"><span dir=\"auto\" style=\"vertical-align: inherit;\"> &gt;97%<\/span><\/span><\/p>\n","protected":false},"featured_media":28443,"comment_status":"closed","ping_status":"closed","template":"","meta":[],"product_brand":[],"product_cat":[541,381],"product_tag":[1181,1182,326],"class_list":{"0":"post-23445","1":"product","2":"type-product","3":"status-publish","4":"has-post-thumbnail","6":"product_cat-4-ho-dpt","7":"product_cat-tryptamines","8":"product_tag-4-ho-dpt","9":"product_tag-4-ho-dpt-kopen","10":"product_tag-nl","12":"first","13":"instock","14":"taxable","15":"shipping-taxable","16":"purchasable","17":"product-type-variable"},"_links":{"self":[{"href":"https:\/\/researchchemicalhub.com\/fr_be\/wp-json\/wp\/v2\/product\/23445","targetHints":{"allow":["GET"]}}],"collection":[{"href":"https:\/\/researchchemicalhub.com\/fr_be\/wp-json\/wp\/v2\/product"}],"about":[{"href":"https:\/\/researchchemicalhub.com\/fr_be\/wp-json\/wp\/v2\/types\/product"}],"replies":[{"embeddable":true,"href":"https:\/\/researchchemicalhub.com\/fr_be\/wp-json\/wp\/v2\/comments?post=23445"}],"version-history":[{"count":5,"href":"https:\/\/researchchemicalhub.com\/fr_be\/wp-json\/wp\/v2\/product\/23445\/revisions"}],"predecessor-version":[{"id":28041,"href":"https:\/\/researchchemicalhub.com\/fr_be\/wp-json\/wp\/v2\/product\/23445\/revisions\/28041"}],"wp:featuredmedia":[{"embeddable":true,"href":"https:\/\/researchchemicalhub.com\/fr_be\/wp-json\/wp\/v2\/media\/28443"}],"wp:attachment":[{"href":"https:\/\/researchchemicalhub.com\/fr_be\/wp-json\/wp\/v2\/media?parent=23445"}],"wp:term":[{"taxonomy":"product_brand","embeddable":true,"href":"https:\/\/researchchemicalhub.com\/fr_be\/wp-json\/wp\/v2\/product_brand?post=23445"},{"taxonomy":"product_cat","embeddable":true,"href":"https:\/\/researchchemicalhub.com\/fr_be\/wp-json\/wp\/v2\/product_cat?post=23445"},{"taxonomy":"product_tag","embeddable":true,"href":"https:\/\/researchchemicalhub.com\/fr_be\/wp-json\/wp\/v2\/product_tag?post=23445"}],"curies":[{"name":"wp","href":"https:\/\/api.w.org\/{rel}","templated":true}]}}