{"id":23305,"date":"2025-04-13T17:39:31","date_gmt":"2025-04-13T17:39:31","guid":{"rendered":"https:\/\/researchchemicalhub.com\/?post_type=product&#038;p=23305"},"modified":"2025-10-30T11:46:51","modified_gmt":"2025-10-30T11:46:51","slug":"flunitrazolam-kopen","status":"publish","type":"product","link":"https:\/\/researchchemicalhub.com\/fr_be\/shop\/benzodiazepinen\/flunitrazolam-kopen\/","title":{"rendered":"buvards de flunitrazolam 0,25 mg"},"content":{"rendered":"<h1><span dir=\"auto\" style=\"vertical-align: inherit;\"><span dir=\"auto\" style=\"vertical-align: inherit;\">Achetez des buvards de flunitrazolam 0,25 mg \u2013 Mat\u00e9riel de recherche dos\u00e9 avec pr\u00e9cision pour l&#039;analyse scientifique<\/span><\/span><\/h1>\n<p data-start=\"6003\" data-end=\"6439\">Achetez du Flunitrazolam, le Flunitrazolam est un <strong data-start=\"6024\" data-end=\"6050\">analogue de benzodiaz\u00e9pine<\/strong> qui a re\u00e7u une attention particuli\u00e8re ces derni\u00e8res ann\u00e9es au sein du <strong data-start=\"6107\" data-end=\"6140\">recherche neuropharmacologique<\/strong>Il est structurellement apparent\u00e9 \u00e0 des substances telles que <strong data-start=\"6187\" data-end=\"6204\">Flunitraz\u00e9pam<\/strong> et <strong data-start=\"6208\" data-end=\"6222\">Alprazolam<\/strong>, connus pour leurs propri\u00e9t\u00e9s s\u00e9datives et anxiolytiques. Les chercheurs \u00e9tudient le flunitrazolam afin de mieux comprendre sa fonction au niveau des r\u00e9cepteurs des benzodiaz\u00e9pines, sa puissance et sa relation structure-activit\u00e9. <span class=\"___SBox_epc1q-ko_ ___SText_zko9t-ko_\" data-ui-name=\"Link.Text\">acheter du flunitrazolam<\/span><\/p>\n<p data-start=\"6441\" data-end=\"6698\">Il est important de souligner que <strong data-start=\"6478\" data-end=\"6552\">Le flunitrazolam n&#039;est pas approuv\u00e9 pour un usage humain ou v\u00e9t\u00e9rinaire.<\/strong> et dans la plupart des pays <strong data-start=\"6576\" data-end=\"6622\">est soumis \u00e0 des r\u00e9glementations ou interdit<\/strong>Cet article ne fournit que <strong data-start=\"6654\" data-end=\"6697\">contexte scientifique et juridique<\/strong>.<\/p>\n<hr data-start=\"6700\" data-end=\"6703\" \/>\n<h2 data-start=\"6705\" data-end=\"6739\"><strong data-start=\"6708\" data-end=\"6739\">Contexte pharmacologique<\/strong><\/h2>\n<p data-start=\"6741\" data-end=\"6983\">Le flunitrazolam appartient \u00e0 la <strong data-start=\"6770\" data-end=\"6797\">triazolobenzodiaz\u00e9pines<\/strong>, une sous-classe qui pr\u00e9sente une interaction puissante avec <strong data-start=\"6851\" data-end=\"6872\">r\u00e9cepteurs GABA-A<\/strong> dans le cerveau. Ce syst\u00e8me joue un r\u00f4le important dans <strong data-start=\"6932\" data-end=\"6982\">s\u00e9dation, promotion du sommeil et r\u00e9duction de l&#039;anxi\u00e9t\u00e9<\/strong>.<\/p>\n<p data-start=\"6985\" data-end=\"7022\">Les chercheurs \u00e9tudient, entre autres :<\/p>\n<ul data-start=\"7023\" data-end=\"7291\">\n<li data-start=\"7023\" data-end=\"7105\">\n<p data-start=\"7025\" data-end=\"7105\">Le <strong data-start=\"7028\" data-end=\"7059\">liaison et puissance des r\u00e9cepteurs<\/strong> par rapport aux benzodiaz\u00e9pines classiques.<\/p>\n<\/li>\n<li data-start=\"7106\" data-end=\"7160\">\n<p data-start=\"7108\" data-end=\"7160\">Le <strong data-start=\"7111\" data-end=\"7134\">dur\u00e9e d&#039;action<\/strong> et les voies m\u00e9taboliques.<\/p>\n<\/li>\n<li data-start=\"7161\" data-end=\"7238\">\n<p data-start=\"7163\" data-end=\"7238\">Le <strong data-start=\"7166\" data-end=\"7207\">relations structure-activit\u00e9 (SAR)<\/strong> dans les compos\u00e9s triazolo.<\/p>\n<\/li>\n<li data-start=\"7239\" data-end=\"7291\">\n<p data-start=\"7241\" data-end=\"7291\">Il <strong data-start=\"7245\" data-end=\"7288\">risque de tol\u00e9rance et de d\u00e9pendance<\/strong>.<\/p>\n<\/li>\n<\/ul>\n<hr data-start=\"7293\" data-end=\"7296\" \/>\n<h2 data-start=\"7298\" data-end=\"7325\"><strong data-start=\"7301\" data-end=\"7325\">Objectifs de recherche<\/strong><\/h2>\n<p data-start=\"7327\" data-end=\"7504\">Bien que <em data-start=\"7334\" data-end=\"7349\">Flunitrazolam<\/em> n&#039;a aucune application m\u00e9dicale, elle est \u00e9tudi\u00e9e en <strong data-start=\"7406\" data-end=\"7458\">recherche m\u00e9dico-l\u00e9gale, chimique et pharmacologique<\/strong>L&#039;int\u00e9r\u00eat acad\u00e9mique se concentre sur :<\/p>\n<ul data-start=\"7505\" data-end=\"7787\">\n<li data-start=\"7505\" data-end=\"7605\">\n<p data-start=\"7507\" data-end=\"7605\"><strong data-start=\"7507\" data-end=\"7534\">toxicologie m\u00e9dico-l\u00e9gale<\/strong> \u2014 identification de benzodiaz\u00e9pines de synth\u00e8se dans des \u00e9chantillons biologiques.<\/p>\n<\/li>\n<li data-start=\"7606\" data-end=\"7692\">\n<p data-start=\"7608\" data-end=\"7692\"><strong data-start=\"7608\" data-end=\"7630\">Chimie analytique<\/strong> \u2014 d\u00e9veloppement de m\u00e9thodes de d\u00e9tection (telles que LC-MS et GC-MS).<\/p>\n<\/li>\n<li data-start=\"7693\" data-end=\"7787\">\n<p data-start=\"7695\" data-end=\"7787\"><strong data-start=\"7695\" data-end=\"7732\">\u00c9tudes comparatives de puissance<\/strong> pour suivre les tendances en mati\u00e8re de nouvelles substances psychoactives.<\/p>\n<\/li>\n<\/ul>\n<hr data-start=\"7789\" data-end=\"7792\" \/>\n<h2 data-start=\"7794\" data-end=\"7838\"><strong data-start=\"7797\" data-end=\"7838\">Consid\u00e9rations de s\u00e9curit\u00e9 et juridiques<\/strong><\/h2>\n<p data-start=\"7840\" data-end=\"8085\">\u00c0 cause de la <strong data-start=\"7851\" data-end=\"7868\">potentiel \u00e9lev\u00e9<\/strong> Le flunitrazolam pr\u00e9sente des risques importants s&#039;il est manipul\u00e9 sans respecter les normes de laboratoire. Une exposition accidentelle peut entra\u00eener <strong data-start=\"8021\" data-end=\"8082\">s\u00e9dation s\u00e9v\u00e8re, d\u00e9pression respiratoire ou perte de m\u00e9moire<\/strong>.<\/p>\n<p data-start=\"8087\" data-end=\"8303\">L&#039;utilisation, la possession ou la vente pour la consommation humaine est <strong data-start=\"8150\" data-end=\"8182\">interdit dans la plupart des pays<\/strong>. Seulement <strong data-start=\"8191\" data-end=\"8223\">chercheurs qualifi\u00e9s<\/strong> peut utiliser ce produit selon <strong data-start=\"8258\" data-end=\"8302\">lois locales et directives \u00e9thiques<\/strong>Acheter du flunitrazolam<\/p>\n<hr data-start=\"8305\" data-end=\"8308\" \/>\n<h2 data-start=\"8310\" data-end=\"8344\"><strong data-start=\"8313\" data-end=\"8344\">Foire aux questions (FAQ)<\/strong><\/h2>\n<h3 data-start=\"8346\" data-end=\"8395\"><strong data-start=\"8350\" data-end=\"8395\">1. \u00c0 quoi sert le Flunitrazolam ?<\/strong><\/h3>\n<p data-start=\"8396\" data-end=\"8513\">Le flunitrazolam est \u00e9tudi\u00e9 uniquement pour <strong data-start=\"8444\" data-end=\"8476\">fins scientifiques<\/strong>. Il n\u2019a aucune utilit\u00e9 m\u00e9dicale.<\/p>\n<h3 data-start=\"8515\" data-end=\"8550\"><strong data-start=\"8519\" data-end=\"8550\">2. Le flunitrazolam est-il l\u00e9gal ?<\/strong><\/h3>\n<p data-start=\"8551\" data-end=\"8665\">Dans la plupart des pays, le flunitrazolam est class\u00e9 comme <strong data-start=\"8599\" data-end=\"8642\">l\u00e9gislation sur les substances contr\u00f4l\u00e9es<\/strong> ou le <strong data-start=\"8649\" data-end=\"8664\">loi analogique<\/strong>.<\/p>\n<h3 data-start=\"8667\" data-end=\"8725\"><strong data-start=\"8671\" data-end=\"8725\">3. Comment le flunitrazolam doit-il \u00eatre manipul\u00e9 en toute s\u00e9curit\u00e9\u00a0?<\/strong><\/h3>\n<p>&nbsp;<\/p>","protected":false},"excerpt":{"rendered":"<h3><span dir=\"auto\" style=\"vertical-align: inherit;\"><span dir=\"auto\" style=\"vertical-align: inherit;\">Flunitrazolam blotters properties<\/span><\/span><\/h3>\n<p><strong><span dir=\"auto\" style=\"vertical-align: inherit;\"><span dir=\"auto\" style=\"vertical-align: inherit;\">Synonym:<\/span><\/span><\/strong><span dir=\"auto\" style=\"vertical-align: inherit;\"><span dir=\"auto\" style=\"vertical-align: inherit;\"> 1-methyl-8-nitro-6-(2-fluorophenyl)-4H-[1,2,4]triazolo[4,3-a][1,4]benzodiazepine <\/span><\/span><br \/>\n<strong><span dir=\"auto\" style=\"vertical-align: inherit;\"><span dir=\"auto\" style=\"vertical-align: inherit;\">CAS Number:<\/span><\/span><\/strong><span dir=\"auto\" style=\"vertical-align: inherit;\"><span dir=\"auto\" style=\"vertical-align: inherit;\"> 2243815-18-9 <\/span><\/span><br \/>\n<strong><span dir=\"auto\" style=\"vertical-align: inherit;\"><span dir=\"auto\" style=\"vertical-align: inherit;\">Formula:<\/span><\/span><\/strong><span dir=\"auto\" style=\"vertical-align: inherit;\"><span dir=\"auto\" style=\"vertical-align: inherit;\"> 1-methyl-8-nitro-6-(2-fluorophenyl)-4H-[1,2,4]triazolo[4,3-a][1,4]benzodiazepine <\/span><\/span><br \/>\n<strong><span dir=\"auto\" style=\"vertical-align: inherit;\"><span dir=\"auto\" style=\"vertical-align: inherit;\">Molar mass:<\/span><\/span><\/strong><span dir=\"auto\" style=\"vertical-align: inherit;\"><span dir=\"auto\" style=\"vertical-align: inherit;\"> 337,307 g\/mol <\/span><\/span><br \/>\n<strong><span dir=\"auto\" style=\"vertical-align: inherit;\"><span dir=\"auto\" style=\"vertical-align: inherit;\">Purity:<\/span><\/span><\/strong><span dir=\"auto\" style=\"vertical-align: inherit;\"><span dir=\"auto\" style=\"vertical-align: inherit;\"> \u226598%<\/span><\/span><\/p>\n","protected":false},"featured_media":28533,"comment_status":"closed","ping_status":"closed","template":"","meta":[],"product_brand":[82],"product_cat":[76,527],"product_tag":[563,565,158,564,566,326],"class_list":{"0":"post-23305","1":"product","2":"type-product","3":"status-publish","4":"has-post-thumbnail","6":"product_brand-research-chemical","7":"product_cat-benzodiazepinen","8":"product_cat-flunitrazolam","9":"product_tag-flunitrazolam","10":"product_tag-flunitrazolam-effects","11":"product_tag-flunitrazolam-ervaring","12":"product_tag-flunitrazolam-kopen","13":"product_tag-flunitrazolam-werking","14":"product_tag-nl","16":"first","17":"instock","18":"taxable","19":"shipping-taxable","20":"purchasable","21":"product-type-variable"},"_links":{"self":[{"href":"https:\/\/researchchemicalhub.com\/fr_be\/wp-json\/wp\/v2\/product\/23305","targetHints":{"allow":["GET"]}}],"collection":[{"href":"https:\/\/researchchemicalhub.com\/fr_be\/wp-json\/wp\/v2\/product"}],"about":[{"href":"https:\/\/researchchemicalhub.com\/fr_be\/wp-json\/wp\/v2\/types\/product"}],"replies":[{"embeddable":true,"href":"https:\/\/researchchemicalhub.com\/fr_be\/wp-json\/wp\/v2\/comments?post=23305"}],"version-history":[{"count":7,"href":"https:\/\/researchchemicalhub.com\/fr_be\/wp-json\/wp\/v2\/product\/23305\/revisions"}],"predecessor-version":[{"id":28045,"href":"https:\/\/researchchemicalhub.com\/fr_be\/wp-json\/wp\/v2\/product\/23305\/revisions\/28045"}],"wp:featuredmedia":[{"embeddable":true,"href":"https:\/\/researchchemicalhub.com\/fr_be\/wp-json\/wp\/v2\/media\/28533"}],"wp:attachment":[{"href":"https:\/\/researchchemicalhub.com\/fr_be\/wp-json\/wp\/v2\/media?parent=23305"}],"wp:term":[{"taxonomy":"product_brand","embeddable":true,"href":"https:\/\/researchchemicalhub.com\/fr_be\/wp-json\/wp\/v2\/product_brand?post=23305"},{"taxonomy":"product_cat","embeddable":true,"href":"https:\/\/researchchemicalhub.com\/fr_be\/wp-json\/wp\/v2\/product_cat?post=23305"},{"taxonomy":"product_tag","embeddable":true,"href":"https:\/\/researchchemicalhub.com\/fr_be\/wp-json\/wp\/v2\/product_tag?post=23305"}],"curies":[{"name":"wp","href":"https:\/\/api.w.org\/{rel}","templated":true}]}}