{"id":26138,"date":"2025-10-20T01:31:18","date_gmt":"2025-10-20T01:31:18","guid":{"rendered":"https:\/\/researchchemicalhub.com\/?post_type=product&#038;p=26138"},"modified":"2025-10-21T05:55:10","modified_gmt":"2025-10-21T05:55:10","slug":"gelules-diboga","status":"publish","type":"product","link":"https:\/\/researchchemicalhub.com\/fr\/boutique\/iboga-ibogaine\/gelules-diboga\/","title":{"rendered":"Capsules d&#039;Iboga"},"content":{"rendered":"<h2>Acheter des capsules d&#039;Iboga<\/h2>\n<p>L&#039;iboga fait r\u00e9f\u00e9rence \u00e0 un compos\u00e9 psychoactif extrait de plantes contenant l&#039;alcalo\u00efde iboga\u00efne. Au Gabon seulement, de nombreuses plantes contiennent cet alcalo\u00efde. La source principale est cependant la plante Tabernanthe Iboga. Ces plantes poussent sur le sol de la jungle dans les r\u00e9gions recul\u00e9es de l&#039;ouest de l&#039;Afrique centrale, notamment au Cameroun et en R\u00e9publique du Congo.<a href=\"https:\/\/legalerfuhrerschein.com\/\" target=\"_blank\" rel=\"noopener\">,<\/a> L&#039;Angola et bien s\u00fbr le Gabon, foyer physique et spirituel de la plante. Acheter des capsules d&#039;iboga<\/p>\n<p>L&#039;\u00e9corce de la racine de la plante contient des alcalo\u00efdes psychoactifs. En rasant cette \u00e9corce de racine, nous obtenons une huile fra\u00eeche, pr\u00eate \u00e0 manger, puissante, ancienne et cicatrisante. <a href=\"https:\/\/ibogainerehabilitation.com\/\" target=\"_blank\" rel=\"noopener\">iboga<\/a>. Apr\u00e8s avoir consomm\u00e9 l\u2019\u00e9corce de racine, les sujets ressentent l\u2019apparition d\u2019un mode de conscience semblable \u00e0 celui d\u2019un r\u00eave. Au cours du voyage, on peut (ou non) rencontrer des d\u00e9couvertes existentielles, des visions cristallines, des souvenirs et d\u2019innombrables autres choses merveilleuses. Tels que la d\u00e9pendance, la d\u00e9pression, les maladies de la peau, la r\u00e9duction corporelle et l&#039;\u00e9veil spirituel<\/p>","protected":false},"excerpt":{"rendered":"<p>Acheter des capsules d&#039;iboga L&#039;iboga fait r\u00e9f\u00e9rence \u00e0 un compos\u00e9 psychoactif extrait de plantes contenant l&#039;alcalo\u00efde iboga\u00efne. Au Gabon seulement,<\/p>","protected":false},"featured_media":26151,"comment_status":"closed","ping_status":"closed","template":"","meta":[],"product_brand":[],"product_cat":[908],"product_tag":[],"class_list":{"0":"post-26138","1":"product","2":"type-product","3":"status-publish","4":"has-post-thumbnail","6":"product_cat-iboga-ibogaine","8":"first","9":"instock","10":"taxable","11":"shipping-taxable","12":"purchasable","13":"product-type-variable"},"_links":{"self":[{"href":"https:\/\/researchchemicalhub.com\/fr\/wp-json\/wp\/v2\/product\/26138","targetHints":{"allow":["GET"]}}],"collection":[{"href":"https:\/\/researchchemicalhub.com\/fr\/wp-json\/wp\/v2\/product"}],"about":[{"href":"https:\/\/researchchemicalhub.com\/fr\/wp-json\/wp\/v2\/types\/product"}],"replies":[{"embeddable":true,"href":"https:\/\/researchchemicalhub.com\/fr\/wp-json\/wp\/v2\/comments?post=26138"}],"version-history":[{"count":1,"href":"https:\/\/researchchemicalhub.com\/fr\/wp-json\/wp\/v2\/product\/26138\/revisions"}],"predecessor-version":[{"id":26152,"href":"https:\/\/researchchemicalhub.com\/fr\/wp-json\/wp\/v2\/product\/26138\/revisions\/26152"}],"wp:featuredmedia":[{"embeddable":true,"href":"https:\/\/researchchemicalhub.com\/fr\/wp-json\/wp\/v2\/media\/26151"}],"wp:attachment":[{"href":"https:\/\/researchchemicalhub.com\/fr\/wp-json\/wp\/v2\/media?parent=26138"}],"wp:term":[{"taxonomy":"product_brand","embeddable":true,"href":"https:\/\/researchchemicalhub.com\/fr\/wp-json\/wp\/v2\/product_brand?post=26138"},{"taxonomy":"product_cat","embeddable":true,"href":"https:\/\/researchchemicalhub.com\/fr\/wp-json\/wp\/v2\/product_cat?post=26138"},{"taxonomy":"product_tag","embeddable":true,"href":"https:\/\/researchchemicalhub.com\/fr\/wp-json\/wp\/v2\/product_tag?post=26138"}],"curies":[{"name":"wp","href":"https:\/\/api.w.org\/{rel}","templated":true}]}}