{"id":24848,"date":"2025-10-20T17:43:27","date_gmt":"2025-10-20T17:43:27","guid":{"rendered":"https:\/\/researchchemicalhub.com\/?post_type=product&#038;p=24848"},"modified":"2025-10-29T07:36:41","modified_gmt":"2025-10-29T07:36:41","slug":"pagoclone","status":"publish","type":"product","link":"https:\/\/researchchemicalhub.com\/fr\/shop\/overig\/pagoclone\/","title":{"rendered":"buvards Pagoclone 2 MG"},"content":{"rendered":"<h3 data-start=\"4159\" data-end=\"4178\"><strong data-start=\"4163\" data-end=\"4178\"><span dir=\"auto\" style=\"vertical-align: inherit;\"><span dir=\"auto\" style=\"vertical-align: inherit;\">Introduction<\/span><\/span><\/strong><\/h3>\n<p data-start=\"4179\" data-end=\"4532\"><span dir=\"auto\" style=\"vertical-align: inherit;\"><span dir=\"auto\" style=\"vertical-align: inherit;\">Notre <\/span><\/span><strong data-start=\"4184\" data-end=\"4211\"><span dir=\"auto\" style=\"vertical-align: inherit;\"><span dir=\"auto\" style=\"vertical-align: inherit;\">buvards de recherche de 2 mg<\/span><\/span><\/strong><span dir=\"auto\" style=\"vertical-align: inherit;\"><span dir=\"auto\" style=\"vertical-align: inherit;\"> sont con\u00e7us avec pr\u00e9cision pour <\/span><\/span><strong data-start=\"4255\" data-end=\"4306\"><span dir=\"auto\" style=\"vertical-align: inherit;\"><span dir=\"auto\" style=\"vertical-align: inherit;\">tests analytiques, m\u00e9dico-l\u00e9gaux et de laboratoire<\/span><\/span><\/strong><span dir=\"auto\" style=\"vertical-align: inherit;\"><span dir=\"auto\" style=\"vertical-align: inherit;\"> .\u00a0 <\/span><\/span><br data-start=\"4307\" data-end=\"4310\" \/><span dir=\"auto\" style=\"vertical-align: inherit;\"><span dir=\"auto\" style=\"vertical-align: inherit;\">Chaque buvard est fabriqu\u00e9 sous <\/span><\/span><strong data-start=\"4348\" data-end=\"4392\"><span dir=\"auto\" style=\"vertical-align: inherit;\"><span dir=\"auto\" style=\"vertical-align: inherit;\">normes strictes de qualit\u00e9 et de s\u00e9curit\u00e9<\/span><\/span><\/strong><span dir=\"auto\" style=\"vertical-align: inherit;\"><span dir=\"auto\" style=\"vertical-align: inherit;\"> , assurant <\/span><\/span><strong data-start=\"4409\" data-end=\"4480\"><span dir=\"auto\" style=\"vertical-align: inherit;\"><span dir=\"auto\" style=\"vertical-align: inherit;\">dosage pr\u00e9cis, qualit\u00e9 constante et performances fiables<\/span><\/span><\/strong><span dir=\"auto\" style=\"vertical-align: inherit;\"><span dir=\"auto\" style=\"vertical-align: inherit;\"> dans un large \u00e9ventail d\u2019applications scientifiques.<\/span><\/span><\/p>\n<p data-start=\"4534\" data-end=\"4679\"><span dir=\"auto\" style=\"vertical-align: inherit;\"><span dir=\"auto\" style=\"vertical-align: inherit;\">Ces buvards offrent <\/span><\/span><strong data-start=\"4555\" data-end=\"4589\"><span dir=\"auto\" style=\"vertical-align: inherit;\"><span dir=\"auto\" style=\"vertical-align: inherit;\">haute puret\u00e9 et stabilit\u00e9<\/span><\/span><\/strong><span dir=\"auto\" style=\"vertical-align: inherit;\"><span dir=\"auto\" style=\"vertical-align: inherit;\"> , ce qui les rend id\u00e9ales pour <\/span><\/span><strong data-start=\"4616\" data-end=\"4676\"><span dir=\"auto\" style=\"vertical-align: inherit;\"><span dir=\"auto\" style=\"vertical-align: inherit;\">\u00e9talonnage, \u00e9tudes comparatives et analyses chimiques<\/span><\/span><\/strong><span dir=\"auto\" style=\"vertical-align: inherit;\"><span dir=\"auto\" style=\"vertical-align: inherit;\"> .<\/span><\/span><\/p>\n<blockquote data-start=\"4680\" data-end=\"4789\">\n<p data-start=\"4682\" data-end=\"4789\">\u26a0\ufe0f <strong data-start=\"4685\" data-end=\"4789\"><span dir=\"auto\" style=\"vertical-align: inherit;\"><span dir=\"auto\" style=\"vertical-align: inherit;\">R\u00e9serv\u00e9 \u00e0 un usage en laboratoire. Ne convient pas \u00e0 la consommation humaine ou animale.<\/span><\/span><\/strong><\/p>\n<\/blockquote>\n<hr data-start=\"4791\" data-end=\"4794\" \/>\n<h3 data-start=\"4796\" data-end=\"4827\"><strong data-start=\"4800\" data-end=\"4827\"><span dir=\"auto\" style=\"vertical-align: inherit;\"><span dir=\"auto\" style=\"vertical-align: inherit;\">Caract\u00e9ristiques principales<\/span><\/span><\/strong><\/h3>\n<ul data-start=\"4828\" data-end=\"5309\">\n<li data-start=\"4828\" data-end=\"4898\">\n<p data-start=\"4830\" data-end=\"4898\"><strong data-start=\"4830\" data-end=\"4856\"><span dir=\"auto\" style=\"vertical-align: inherit;\"><span dir=\"auto\" style=\"vertical-align: inherit;\">Haute puret\u00e9 (\u226599%)<\/span><\/span><\/strong><span dir=\"auto\" style=\"vertical-align: inherit;\"><span dir=\"auto\" style=\"vertical-align: inherit;\"> \u2013 Test\u00e9 et v\u00e9rifi\u00e9 ind\u00e9pendamment.<\/span><\/span><\/p>\n<\/li>\n<li data-start=\"4899\" data-end=\"4986\">\n<p data-start=\"4901\" data-end=\"4986\"><strong data-start=\"4901\" data-end=\"4943\"><span dir=\"auto\" style=\"vertical-align: inherit;\"><span dir=\"auto\" style=\"vertical-align: inherit;\">Dosage pr\u00e9cis ou 2 mg par buvard<\/span><\/span><\/strong><span dir=\"auto\" style=\"vertical-align: inherit;\"><span dir=\"auto\" style=\"vertical-align: inherit;\"> \u2013 Pour des r\u00e9sultats de recherche fiables.<\/span><\/span><\/p>\n<\/li>\n<li data-start=\"4987\" data-end=\"5069\">\n<p data-start=\"4989\" data-end=\"5069\"><strong data-start=\"4989\" data-end=\"5025\"><span dir=\"auto\" style=\"vertical-align: inherit;\"><span dir=\"auto\" style=\"vertical-align: inherit;\">Composition chimique stable<\/span><\/span><\/strong><span dir=\"auto\" style=\"vertical-align: inherit;\"><span dir=\"auto\" style=\"vertical-align: inherit;\"> \u2013 Con\u00e7u pour une dur\u00e9e de conservation \u00e0 long terme.<\/span><\/span><\/p>\n<\/li>\n<li data-start=\"5070\" data-end=\"5155\">\n<p data-start=\"5072\" data-end=\"5155\"><strong data-start=\"5072\" data-end=\"5097\"><span dir=\"auto\" style=\"vertical-align: inherit;\"><span dir=\"auto\" style=\"vertical-align: inherit;\">Qualit\u00e9 du laboratoire<\/span><\/span><\/strong><span dir=\"auto\" style=\"vertical-align: inherit;\"><span dir=\"auto\" style=\"vertical-align: inherit;\"> \u2013 Produit selon les normes internationales de recherche.<\/span><\/span><\/p>\n<\/li>\n<li data-start=\"5156\" data-end=\"5220\">\n<p data-start=\"5158\" data-end=\"5220\"><strong data-start=\"5158\" data-end=\"5184\"><span dir=\"auto\" style=\"vertical-align: inherit;\"><span dir=\"auto\" style=\"vertical-align: inherit;\">Emballage \u00e9tanche \u00e0 la lumi\u00e8re<\/span><\/span><\/strong><span dir=\"auto\" style=\"vertical-align: inherit;\"><span dir=\"auto\" style=\"vertical-align: inherit;\"> \u2013 Prot\u00e8ge de la lumi\u00e8re et de l&#039;air.<\/span><\/span><\/p>\n<\/li>\n<li data-start=\"5221\" data-end=\"5309\">\n<p data-start=\"5223\" data-end=\"5309\"><strong data-start=\"5223\" data-end=\"5256\"><span dir=\"auto\" style=\"vertical-align: inherit;\"><span dir=\"auto\" style=\"vertical-align: inherit;\">R\u00e9serv\u00e9 \u00e0 la recherche<\/span><\/span><\/strong><span dir=\"auto\" style=\"vertical-align: inherit;\"><span dir=\"auto\" style=\"vertical-align: inherit;\"> \u2013 Pour applications scientifiques uniquement.<\/span><\/span><\/p>\n<\/li>\n<\/ul>\n<hr data-start=\"5311\" data-end=\"5314\" \/>\n<h3 data-start=\"5316\" data-end=\"5333\"><strong data-start=\"5320\" data-end=\"5333\"><span dir=\"auto\" style=\"vertical-align: inherit;\"><span dir=\"auto\" style=\"vertical-align: inherit;\">Avantages<\/span><\/span><\/strong><\/h3>\n<ul data-start=\"5334\" data-end=\"5778\">\n<li data-start=\"5334\" data-end=\"5424\">\n<p data-start=\"5336\" data-end=\"5424\"><strong data-start=\"5336\" data-end=\"5372\"><span dir=\"auto\" style=\"vertical-align: inherit;\"><span dir=\"auto\" style=\"vertical-align: inherit;\">R\u00e9sultats de recherche coh\u00e9rents<\/span><\/span><\/strong><span dir=\"auto\" style=\"vertical-align: inherit;\"><span dir=\"auto\" style=\"vertical-align: inherit;\"> \u2013 Assure des donn\u00e9es fiables et reproductibles.<\/span><\/span><\/p>\n<\/li>\n<li data-start=\"5425\" data-end=\"5499\">\n<p data-start=\"5427\" data-end=\"5499\"><strong data-start=\"5427\" data-end=\"5457\"><span dir=\"auto\" style=\"vertical-align: inherit;\"><span dir=\"auto\" style=\"vertical-align: inherit;\">Chimiquement stable et pur<\/span><\/span><\/strong><span dir=\"auto\" style=\"vertical-align: inherit;\"><span dir=\"auto\" style=\"vertical-align: inherit;\"> \u2013 R\u00e9duit les variations lors des analyses.<\/span><\/span><\/p>\n<\/li>\n<li data-start=\"5500\" data-end=\"5595\">\n<p data-start=\"5502\" data-end=\"5595\"><strong data-start=\"5502\" data-end=\"5541\"><span dir=\"auto\" style=\"vertical-align: inherit;\"><span dir=\"auto\" style=\"vertical-align: inherit;\">Id\u00e9al pour l&#039;\u00e9talonnage et la validation<\/span><\/span><\/strong><span dir=\"auto\" style=\"vertical-align: inherit;\"><span dir=\"auto\" style=\"vertical-align: inherit;\"> \u2013 Convient aux tests comparatifs contr\u00f4l\u00e9s.<\/span><\/span><\/p>\n<\/li>\n<li data-start=\"5596\" data-end=\"5701\">\n<p data-start=\"5598\" data-end=\"5701\"><strong data-start=\"5598\" data-end=\"5635\"><span dir=\"auto\" style=\"vertical-align: inherit;\"><span dir=\"auto\" style=\"vertical-align: inherit;\">Produit de mani\u00e8re \u00e9thique et l\u00e9gale<\/span><\/span><\/strong><span dir=\"auto\" style=\"vertical-align: inherit;\"><span dir=\"auto\" style=\"vertical-align: inherit;\"> \u2013 Conform\u00e9ment aux directives internationales de s\u00e9curit\u00e9.<\/span><\/span><\/p>\n<\/li>\n<li data-start=\"5702\" data-end=\"5778\">\n<p data-start=\"5704\" data-end=\"5778\"><strong data-start=\"5704\" data-end=\"5731\"><span dir=\"auto\" style=\"vertical-align: inherit;\"><span dir=\"auto\" style=\"vertical-align: inherit;\">Test\u00e9 scientifiquement<\/span><\/span><\/strong><span dir=\"auto\" style=\"vertical-align: inherit;\"><span dir=\"auto\" style=\"vertical-align: inherit;\"> \u2013 Chaque lot est soigneusement inspect\u00e9. Pagoclone<\/span><\/span><\/p>\n<\/li>\n<\/ul>\n<hr data-start=\"5780\" data-end=\"5783\" \/>\n<h3 data-start=\"5785\" data-end=\"5800\"><strong data-start=\"5789\" data-end=\"5800\"><span dir=\"auto\" style=\"vertical-align: inherit;\"><span dir=\"auto\" style=\"vertical-align: inherit;\">Usage<\/span><\/span><\/strong><\/h3>\n<ol data-start=\"5801\" data-end=\"6217\">\n<li data-start=\"5801\" data-end=\"5898\">\n<p data-start=\"5804\" data-end=\"5898\"><strong data-start=\"5804\" data-end=\"5839\"><span dir=\"auto\" style=\"vertical-align: inherit;\"><span dir=\"auto\" style=\"vertical-align: inherit;\">Pour usage en laboratoire uniquement<\/span><\/span><\/strong><span dir=\"auto\" style=\"vertical-align: inherit;\"><span dir=\"auto\" style=\"vertical-align: inherit;\"> \u2013 Utiliser uniquement dans des centres de recherche accr\u00e9dit\u00e9s.<\/span><\/span><\/p>\n<\/li>\n<li data-start=\"5899\" data-end=\"5966\">\n<p data-start=\"5902\" data-end=\"5966\"><strong data-start=\"5902\" data-end=\"5912\"><span dir=\"auto\" style=\"vertical-align: inherit;\"><span dir=\"auto\" style=\"vertical-align: inherit;\">Stockage<\/span><\/span><\/strong><span dir=\"auto\" style=\"vertical-align: inherit;\"><span dir=\"auto\" style=\"vertical-align: inherit;\"> \u2013 Conserver dans un <\/span><\/span><strong data-start=\"5929\" data-end=\"5963\"><span dir=\"auto\" style=\"vertical-align: inherit;\"><span dir=\"auto\" style=\"vertical-align: inherit;\">endroit frais, sec et sombre<\/span><\/span><\/strong><span dir=\"auto\" style=\"vertical-align: inherit;\"><span dir=\"auto\" style=\"vertical-align: inherit;\"> .<\/span><\/span><\/p>\n<\/li>\n<li data-start=\"5967\" data-end=\"6047\">\n<p data-start=\"5970\" data-end=\"6047\"><strong data-start=\"5970\" data-end=\"5987\"><span dir=\"auto\" style=\"vertical-align: inherit;\"><span dir=\"auto\" style=\"vertical-align: inherit;\">Travaillez en toute s\u00e9curit\u00e9<\/span><\/span><\/strong><span dir=\"auto\" style=\"vertical-align: inherit;\"><span dir=\"auto\" style=\"vertical-align: inherit;\"> \u2013 Portez des gants, des lunettes de s\u00e9curit\u00e9 et une blouse de laboratoire.<\/span><\/span><\/p>\n<\/li>\n<li data-start=\"6048\" data-end=\"6127\">\n<p data-start=\"6051\" data-end=\"6127\"><strong data-start=\"6051\" data-end=\"6063\"><span dir=\"auto\" style=\"vertical-align: inherit;\"><span dir=\"auto\" style=\"vertical-align: inherit;\">Mesures<\/span><\/span><\/strong><span dir=\"auto\" style=\"vertical-align: inherit;\"><span dir=\"auto\" style=\"vertical-align: inherit;\"> \u2013 Utilisez un \u00e9quipement calibr\u00e9 pour une analyse pr\u00e9cise.<\/span><\/span><\/p>\n<\/li>\n<li data-start=\"6128\" data-end=\"6217\">\n<p data-start=\"6131\" data-end=\"6217\"><strong data-start=\"6131\" data-end=\"6158\"><span dir=\"auto\" style=\"vertical-align: inherit;\"><span dir=\"auto\" style=\"vertical-align: inherit;\">Avertissement de s\u00e9curit\u00e9<\/span><\/span><\/strong><span dir=\"auto\" style=\"vertical-align: inherit;\"><span dir=\"auto\" style=\"vertical-align: inherit;\"> \u2013 Ne convient pas \u00e0 la consommation humaine ou animale.<\/span><\/span><\/p>\n<\/li>\n<\/ol>\n<hr data-start=\"6219\" data-end=\"6222\" \/>\n<h3 data-start=\"6224\" data-end=\"6251\"><strong data-start=\"6228\" data-end=\"6251\"><span dir=\"auto\" style=\"vertical-align: inherit;\"><span dir=\"auto\" style=\"vertical-align: inherit;\">Questions fr\u00e9quemment pos\u00e9es<\/span><\/span><\/strong><\/h3>\n<p data-start=\"6253\" data-end=\"6420\"><strong data-start=\"6253\" data-end=\"6309\"><span dir=\"auto\" style=\"vertical-align: inherit;\"><span dir=\"auto\" style=\"vertical-align: inherit;\">1. \u00c0 quoi servent les buvards de recherche de 2 mg ?<\/span><\/span><\/strong><br data-start=\"6309\" data-end=\"6312\" \/><span dir=\"auto\" style=\"vertical-align: inherit;\"><span dir=\"auto\" style=\"vertical-align: inherit;\"> Ils sont destin\u00e9s \u00e0 <\/span><\/span><strong data-start=\"6333\" data-end=\"6377\"><span dir=\"auto\" style=\"vertical-align: inherit;\"><span dir=\"auto\" style=\"vertical-align: inherit;\">recherche scientifique et analytique<\/span><\/span><\/strong><span dir=\"auto\" style=\"vertical-align: inherit;\"><span dir=\"auto\" style=\"vertical-align: inherit;\"> , telles que les analyses chimiques et l&#039;\u00e9talonnage.<\/span><\/span><\/p>\n<p data-start=\"6422\" data-end=\"6583\"><strong data-start=\"6422\" data-end=\"6490\"><span dir=\"auto\" style=\"vertical-align: inherit;\"><span dir=\"auto\" style=\"vertical-align: inherit;\">2. Ces buvards peuvent-ils \u00eatre utilis\u00e9s en dehors d\u2019un laboratoire ?<\/span><\/span><\/strong><br data-start=\"6490\" data-end=\"6493\" \/><span dir=\"auto\" style=\"vertical-align: inherit;\"><span dir=\"auto\" style=\"vertical-align: inherit;\"> Non. Ces produits sont <\/span><\/span><strong data-start=\"6518\" data-end=\"6580\"><span dir=\"auto\" style=\"vertical-align: inherit;\"><span dir=\"auto\" style=\"vertical-align: inherit;\">destin\u00e9 \u00e0 un usage professionnel en laboratoire uniquement<\/span><\/span><\/strong><span dir=\"auto\" style=\"vertical-align: inherit;\"><span dir=\"auto\" style=\"vertical-align: inherit;\"> .<\/span><\/span><\/p>\n<p data-start=\"6585\" data-end=\"6734\"><strong data-start=\"6585\" data-end=\"6632\"><span dir=\"auto\" style=\"vertical-align: inherit;\"><span dir=\"auto\" style=\"vertical-align: inherit;\">3. Comment conserver ces buvards ?<\/span><\/span><\/strong><br data-start=\"6632\" data-end=\"6635\" \/><span dir=\"auto\" style=\"vertical-align: inherit;\"><span dir=\"auto\" style=\"vertical-align: inherit;\"> Rangez-les dans leur <\/span><\/span><strong data-start=\"6652\" data-end=\"6689\"><span dir=\"auto\" style=\"vertical-align: inherit;\"><span dir=\"auto\" style=\"vertical-align: inherit;\">r\u00e9cipient herm\u00e9tique d&#039;origine<\/span><\/span><\/strong><span dir=\"auto\" style=\"vertical-align: inherit;\"><span dir=\"auto\" style=\"vertical-align: inherit;\"> dans un <\/span><\/span><strong data-start=\"6697\" data-end=\"6731\"><span dir=\"auto\" style=\"vertical-align: inherit;\"><span dir=\"auto\" style=\"vertical-align: inherit;\">endroit frais, sec et sombre<\/span><\/span><\/strong><span dir=\"auto\" style=\"vertical-align: inherit;\"><span dir=\"auto\" style=\"vertical-align: inherit;\"> .<\/span><\/span><\/p>\n<hr data-start=\"6736\" data-end=\"6739\" \/>\n<h3 data-start=\"6741\" data-end=\"6759\"><strong data-start=\"6745\" data-end=\"6759\"><span dir=\"auto\" style=\"vertical-align: inherit;\"><span dir=\"auto\" style=\"vertical-align: inherit;\">Clause de non-responsabilit\u00e9<\/span><\/span><\/strong><\/h3>\n<p data-start=\"6760\" data-end=\"6992\"><span dir=\"auto\" style=\"vertical-align: inherit;\"><span dir=\"auto\" style=\"vertical-align: inherit;\">Ce produit est <\/span><\/span><strong data-start=\"6775\" data-end=\"6824\"><span dir=\"auto\" style=\"vertical-align: inherit;\"><span dir=\"auto\" style=\"vertical-align: inherit;\">destin\u00e9 \u00e0 des fins de recherche uniquement<\/span><\/span><\/strong><span dir=\"auto\" style=\"vertical-align: inherit;\"><span dir=\"auto\" style=\"vertical-align: inherit;\"> . <\/span><\/span><strong data-start=\"6826\" data-end=\"6884\"><span dir=\"auto\" style=\"vertical-align: inherit;\"><span dir=\"auto\" style=\"vertical-align: inherit;\">Ne convient pas \u00e0 la consommation humaine ou animale.<\/span><\/span><\/strong><br data-start=\"6884\" data-end=\"6887\" \/><span dir=\"auto\" style=\"vertical-align: inherit;\"><span dir=\"auto\" style=\"vertical-align: inherit;\"> En achetant ce produit, vous confirmez que vous respectez toutes les r\u00e9glementations l\u00e9gales et de s\u00e9curit\u00e9 applicables.<\/span><\/span><\/p>\n<h3><span dir=\"auto\" style=\"color: #333333; font-size: 16px; vertical-align: inherit;\"><span dir=\"auto\" style=\"vertical-align: inherit;\"><span dir=\"auto\" style=\"vertical-align: inherit;\"><span dir=\"auto\" style=\"vertical-align: inherit;\">. <\/span><\/span><\/span><\/span><a style=\"font-size: 16px;\" href=\"https:\/\/researchchemicalhub.com\/fr\/shop\/iboga-ibogaine\/buy-ibogaine-hcl-online\/\"><span dir=\"auto\" style=\"vertical-align: inherit;\"><span dir=\"auto\" style=\"vertical-align: inherit;\"><span dir=\"auto\" style=\"vertical-align: inherit;\"><span dir=\"auto\" style=\"vertical-align: inherit;\">Acheter de l&#039;iboga\u00efne HCL <\/span><\/span><\/span><\/span><\/a><a style=\"font-size: 16px;\" href=\"https:\/\/researchchemicalhub.com\/fr\/shop\/iboga-ibogaine\/iboga-root-bark\/\"><span dir=\"auto\" style=\"vertical-align: inherit;\"><span dir=\"auto\" style=\"vertical-align: inherit;\"><span dir=\"auto\" style=\"vertical-align: inherit;\"><span dir=\"auto\" style=\"vertical-align: inherit;\">\u00c9corce de racine d&#039;iboga <\/span><\/span><\/span><\/span><\/a><a style=\"font-size: 16px;\" href=\"https:\/\/researchchemicalhub.com\/fr\/shop\/lysergamides\/1cp-lsd\/\"><span dir=\"auto\" style=\"vertical-align: inherit;\"><span dir=\"auto\" style=\"vertical-align: inherit;\"><span dir=\"auto\" style=\"vertical-align: inherit;\"><span dir=\"auto\" style=\"vertical-align: inherit;\">Buvards artistiques 1cP-LSD 150 MCG <\/span><\/span><\/span><\/span><\/a><a style=\"font-size: 16px;\" href=\"https:\/\/researchchemicalhub.com\/fr\/shop\/pellets\/o-dsmt-50mg-pellets\/\"><span dir=\"auto\" style=\"vertical-align: inherit;\"><span dir=\"auto\" style=\"vertical-align: inherit;\"><span dir=\"auto\" style=\"vertical-align: inherit;\"><span dir=\"auto\" style=\"vertical-align: inherit;\">Granul\u00e9s O-DSMT 50 mg <\/span><\/span><\/span><\/span><\/a><a style=\"font-size: 16px;\" href=\"https:\/\/researchchemicalhub.com\/fr\/shop\/lysergamides\/1v-lsd-150-mcg-blotters\/\"><span dir=\"auto\" style=\"vertical-align: inherit;\"><span dir=\"auto\" style=\"vertical-align: inherit;\"><span dir=\"auto\" style=\"vertical-align: inherit;\"><span dir=\"auto\" style=\"vertical-align: inherit;\">buvards 1V-LSD 150 MCG<\/span><\/span><\/span><\/span><\/a><\/h3>","protected":false},"excerpt":{"rendered":"<p>Introduction Our 2 mg research blotters are precision-engineered for analytical, forensic, and laboratory testing .\u00a0 Each blotter is manufactured under<\/p>","protected":false},"featured_media":28584,"comment_status":"closed","ping_status":"closed","template":"","meta":[],"product_brand":[82],"product_cat":[336,367],"product_tag":[326,665,748,749,747,750],"class_list":{"0":"post-24848","1":"product","2":"type-product","3":"status-publish","4":"has-post-thumbnail","6":"product_brand-research-chemical","7":"product_cat-overig","8":"product_cat-pagoclone","9":"product_tag-nl","10":"product_tag-pagoclone","11":"product_tag-pagoclone-dosage","12":"product_tag-pagoclone-effects","13":"product_tag-pagoclone-ervaringen","14":"product_tag-pagoclone-experience","16":"first","17":"instock","18":"taxable","19":"shipping-taxable","20":"purchasable","21":"product-type-variable"},"_links":{"self":[{"href":"https:\/\/researchchemicalhub.com\/fr\/wp-json\/wp\/v2\/product\/24848","targetHints":{"allow":["GET"]}}],"collection":[{"href":"https:\/\/researchchemicalhub.com\/fr\/wp-json\/wp\/v2\/product"}],"about":[{"href":"https:\/\/researchchemicalhub.com\/fr\/wp-json\/wp\/v2\/types\/product"}],"replies":[{"embeddable":true,"href":"https:\/\/researchchemicalhub.com\/fr\/wp-json\/wp\/v2\/comments?post=24848"}],"version-history":[{"count":7,"href":"https:\/\/researchchemicalhub.com\/fr\/wp-json\/wp\/v2\/product\/24848\/revisions"}],"predecessor-version":[{"id":28641,"href":"https:\/\/researchchemicalhub.com\/fr\/wp-json\/wp\/v2\/product\/24848\/revisions\/28641"}],"wp:featuredmedia":[{"embeddable":true,"href":"https:\/\/researchchemicalhub.com\/fr\/wp-json\/wp\/v2\/media\/28584"}],"wp:attachment":[{"href":"https:\/\/researchchemicalhub.com\/fr\/wp-json\/wp\/v2\/media?parent=24848"}],"wp:term":[{"taxonomy":"product_brand","embeddable":true,"href":"https:\/\/researchchemicalhub.com\/fr\/wp-json\/wp\/v2\/product_brand?post=24848"},{"taxonomy":"product_cat","embeddable":true,"href":"https:\/\/researchchemicalhub.com\/fr\/wp-json\/wp\/v2\/product_cat?post=24848"},{"taxonomy":"product_tag","embeddable":true,"href":"https:\/\/researchchemicalhub.com\/fr\/wp-json\/wp\/v2\/product_tag?post=24848"}],"curies":[{"name":"wp","href":"https:\/\/api.w.org\/{rel}","templated":true}]}}