{"id":24616,"date":"2025-10-20T17:42:16","date_gmt":"2025-10-20T17:42:16","guid":{"rendered":"https:\/\/researchchemicalhub.com\/?post_type=product&#038;p=24616"},"modified":"2025-10-29T08:00:17","modified_gmt":"2025-10-29T08:00:17","slug":"2c-d-10-mg-pellets","status":"publish","type":"product","link":"https:\/\/researchchemicalhub.com\/fr\/shop\/2c-d\/2c-d-10-mg-pellets\/","title":{"rendered":"Granul\u00e9s 2C-D 10 MG"},"content":{"rendered":"<h3 data-start=\"3944\" data-end=\"3965\"><strong data-start=\"3948\" data-end=\"3963\"><span dir=\"auto\" style=\"vertical-align: inherit;\"><span dir=\"auto\" style=\"vertical-align: inherit;\">Introduction<\/span><\/span><\/strong><\/h3>\n<p data-start=\"3966\" data-end=\"4388\"><strong data-start=\"3966\" data-end=\"3987\"><span dir=\"auto\" style=\"vertical-align: inherit;\"><span dir=\"auto\" style=\"vertical-align: inherit;\">Granul\u00e9s 2C-D 10 mg<\/span><\/span><\/strong><span dir=\"auto\" style=\"vertical-align: inherit;\"><span dir=\"auto\" style=\"vertical-align: inherit;\"> contenir une dose pr\u00e9cise de <\/span><\/span><strong data-start=\"4023\" data-end=\"4069\"><span dir=\"auto\" style=\"vertical-align: inherit;\"><span dir=\"auto\" style=\"vertical-align: inherit;\">2C-D (2,5-dim\u00e9thoxy-4-m\u00e9thylph\u00e9n\u00e9thylamine)<\/span><\/span><\/strong><span dir=\"auto\" style=\"vertical-align: inherit;\"><span dir=\"auto\" style=\"vertical-align: inherit;\"> \u2014un membre de <\/span><\/span><strong data-start=\"4094\" data-end=\"4108\"><span dir=\"auto\" style=\"vertical-align: inherit;\"><span dir=\"auto\" style=\"vertical-align: inherit;\">Famille 2C<\/span><\/span><\/strong><span dir=\"auto\" style=\"vertical-align: inherit;\"><span dir=\"auto\" style=\"vertical-align: inherit;\"> de ph\u00e9n\u00e9thylamines substitu\u00e9es, synth\u00e9tis\u00e9es initialement par le Dr Alexander Shulgin. En recherche et en analyse, le 2C-D est utilis\u00e9 comme <\/span><\/span><strong data-start=\"4268\" data-end=\"4286\"><span dir=\"auto\" style=\"vertical-align: inherit;\"><span dir=\"auto\" style=\"vertical-align: inherit;\">substance de r\u00e9f\u00e9rence<\/span><\/span><\/strong><span dir=\"auto\" style=\"vertical-align: inherit;\"><span dir=\"auto\" style=\"vertical-align: inherit;\"> pour les \u00e9tudes structurales et pharmacologiques (SAR), la liaison aux r\u00e9cepteurs et les m\u00e9thodes de d\u00e9tection analytiques. 2c d<\/span><\/span><\/p>\n<p data-start=\"4390\" data-end=\"4624\"><span dir=\"auto\" style=\"vertical-align: inherit;\"><span dir=\"auto\" style=\"vertical-align: inherit;\">Ces granul\u00e9s sont fabriqu\u00e9s pour <\/span><\/span><strong data-start=\"4430\" data-end=\"4455\"><span dir=\"auto\" style=\"vertical-align: inherit;\"><span dir=\"auto\" style=\"vertical-align: inherit;\">qualit\u00e9 de laboratoire<\/span><\/span><\/strong><span dir=\"auto\" style=\"vertical-align: inherit;\"><span dir=\"auto\" style=\"vertical-align: inherit;\"> , avec <\/span><\/span><strong data-start=\"4461\" data-end=\"4506\"><span dir=\"auto\" style=\"vertical-align: inherit;\"><span dir=\"auto\" style=\"vertical-align: inherit;\">Dosage constant de 10 mg par granul\u00e9<\/span><\/span><\/strong><span dir=\"auto\" style=\"vertical-align: inherit;\"><span dir=\"auto\" style=\"vertical-align: inherit;\"> Ils sont destin\u00e9s exclusivement \u00e0 <\/span><\/span><strong data-start=\"4541\" data-end=\"4575\"><span dir=\"auto\" style=\"vertical-align: inherit;\"><span dir=\"auto\" style=\"vertical-align: inherit;\">recherche et analyse chimique<\/span><\/span><\/strong><span dir=\"auto\" style=\"vertical-align: inherit;\"><span dir=\"auto\" style=\"vertical-align: inherit;\"> Ne convient pas \u00e0 la consommation humaine ou animale.<\/span><\/span><\/p>\n<hr data-start=\"4626\" data-end=\"4629\" \/>\n<h3 data-start=\"4631\" data-end=\"4662\"><strong data-start=\"4635\" data-end=\"4662\"><span dir=\"auto\" style=\"vertical-align: inherit;\"><span dir=\"auto\" style=\"vertical-align: inherit;\">Caract\u00e9ristiques principales<\/span><\/span><\/strong><\/h3>\n<ul data-start=\"4664\" data-end=\"5057\">\n<li data-start=\"4664\" data-end=\"4723\">\n<p data-start=\"4666\" data-end=\"4723\"><strong data-start=\"4666\" data-end=\"4685\"><span dir=\"auto\" style=\"vertical-align: inherit;\"><span dir=\"auto\" style=\"vertical-align: inherit;\">Nom chimique :<\/span><\/span><\/strong><span dir=\"auto\" style=\"vertical-align: inherit;\"><span dir=\"auto\" style=\"vertical-align: inherit;\"> 2,5-dim\u00e9thoxy-4-m\u00e9thylph\u00e9n\u00e9thylamine<\/span><\/span><\/p>\n<\/li>\n<li data-start=\"4724\" data-end=\"4756\">\n<p data-start=\"4726\" data-end=\"4756\"><strong data-start=\"4726\" data-end=\"4749\"><span dir=\"auto\" style=\"vertical-align: inherit;\"><span dir=\"auto\" style=\"vertical-align: inherit;\">Nom commun :<\/span><\/span><\/strong><span dir=\"auto\" style=\"vertical-align: inherit;\"><span dir=\"auto\" style=\"vertical-align: inherit;\"> 2C-D<\/span><\/span><\/p>\n<\/li>\n<li data-start=\"4757\" data-end=\"4791\">\n<p data-start=\"4759\" data-end=\"4791\"><strong data-start=\"4759\" data-end=\"4779\"><span dir=\"auto\" style=\"vertical-align: inherit;\"><span dir=\"auto\" style=\"vertical-align: inherit;\">Formule mol\u00e9culaire :<\/span><\/span><\/strong><span dir=\"auto\" style=\"vertical-align: inherit;\"><span dir=\"auto\" style=\"vertical-align: inherit;\"> C\u2081\u2081H\u2081\u2087NO\u2082<\/span><\/span><\/p>\n<\/li>\n<li data-start=\"4792\" data-end=\"4829\">\n<p data-start=\"4794\" data-end=\"4829\"><strong data-start=\"4794\" data-end=\"4814\"><span dir=\"auto\" style=\"vertical-align: inherit;\"><span dir=\"auto\" style=\"vertical-align: inherit;\">Poids mol\u00e9culaire:<\/span><\/span><\/strong><span dir=\"auto\" style=\"vertical-align: inherit;\"><span dir=\"auto\" style=\"vertical-align: inherit;\"> 195,26 g\/mol<\/span><\/span><\/p>\n<\/li>\n<li data-start=\"4830\" data-end=\"4864\">\n<p data-start=\"4832\" data-end=\"4864\"><strong data-start=\"4832\" data-end=\"4845\"><span dir=\"auto\" style=\"vertical-align: inherit;\"><span dir=\"auto\" style=\"vertical-align: inherit;\">Dosage:<\/span><\/span><\/strong><span dir=\"auto\" style=\"vertical-align: inherit;\"><span dir=\"auto\" style=\"vertical-align: inherit;\"> 10 mg par pastille<\/span><\/span><\/p>\n<\/li>\n<li data-start=\"4865\" data-end=\"4918\">\n<p data-start=\"4867\" data-end=\"4918\"><strong data-start=\"4867\" data-end=\"4882\"><span dir=\"auto\" style=\"vertical-align: inherit;\"><span dir=\"auto\" style=\"vertical-align: inherit;\">Puret\u00e9:<\/span><\/span><\/strong><span dir=\"auto\" style=\"vertical-align: inherit;\"><span dir=\"auto\" style=\"vertical-align: inherit;\"> \u2265 98% (confirm\u00e9 par HPLC et RMN)<\/span><\/span><\/p>\n<\/li>\n<li data-start=\"4919\" data-end=\"4992\">\n<p data-start=\"4921\" data-end=\"4992\"><strong data-start=\"4921\" data-end=\"4933\"><span dir=\"auto\" style=\"vertical-align: inherit;\"><span dir=\"auto\" style=\"vertical-align: inherit;\">Utiliser:<\/span><\/span><\/strong><span dir=\"auto\" style=\"vertical-align: inherit;\"><span dir=\"auto\" style=\"vertical-align: inherit;\"> Uniquement pour les examens analytiques, m\u00e9dico-l\u00e9gaux et chimiques<\/span><\/span><\/p>\n<\/li>\n<li data-start=\"4993\" data-end=\"5057\">\n<p data-start=\"4995\" data-end=\"5057\"><strong data-start=\"4995\" data-end=\"5006\"><span dir=\"auto\" style=\"vertical-align: inherit;\"><span dir=\"auto\" style=\"vertical-align: inherit;\">Stockage:<\/span><\/span><\/strong><span dir=\"auto\" style=\"vertical-align: inherit;\"><span dir=\"auto\" style=\"vertical-align: inherit;\"> Conserver ferm\u00e9, au sec et au frais ; entre 2 et 8 \u00b0C<\/span><\/span><\/p>\n<\/li>\n<\/ul>\n<hr data-start=\"5059\" data-end=\"5062\" \/>\n<h3 data-start=\"5064\" data-end=\"5081\"><strong data-start=\"5068\" data-end=\"5081\"><span dir=\"auto\" style=\"vertical-align: inherit;\"><span dir=\"auto\" style=\"vertical-align: inherit;\">Avantages<\/span><\/span><\/strong><\/h3>\n<ul data-start=\"5083\" data-end=\"5589\">\n<li data-start=\"5083\" data-end=\"5188\">\n<p data-start=\"5085\" data-end=\"5188\"><strong data-start=\"5085\" data-end=\"5109\"><span dir=\"auto\" style=\"vertical-align: inherit;\"><span dir=\"auto\" style=\"vertical-align: inherit;\">Dosage pr\u00e9cis<\/span><\/span><\/strong><span dir=\"auto\" style=\"vertical-align: inherit;\"><span dir=\"auto\" style=\"vertical-align: inherit;\"> \u2013 10 mg par pastille pour des mesures pr\u00e9cises et des r\u00e9sultats de recherche fiables. 2c d<\/span><\/span><\/p>\n<\/li>\n<li data-start=\"5189\" data-end=\"5286\">\n<p data-start=\"5191\" data-end=\"5286\"><strong data-start=\"5191\" data-end=\"5214\"><span dir=\"auto\" style=\"vertical-align: inherit;\"><span dir=\"auto\" style=\"vertical-align: inherit;\">Norme de recherche<\/span><\/span><\/strong><span dir=\"auto\" style=\"vertical-align: inherit;\"><span dir=\"auto\" style=\"vertical-align: inherit;\"> \u2013 Convient \u00e0 la chromatographie, \u00e0 la spectrom\u00e9trie et \u00e0 l&#039;analyse structurale.<\/span><\/span><\/p>\n<\/li>\n<li data-start=\"5287\" data-end=\"5389\">\n<p data-start=\"5289\" data-end=\"5389\"><strong data-start=\"5289\" data-end=\"5309\"><span dir=\"auto\" style=\"vertical-align: inherit;\"><span dir=\"auto\" style=\"vertical-align: inherit;\">Donn\u00e9es coh\u00e9rentes<\/span><\/span><\/strong><span dir=\"auto\" style=\"vertical-align: inherit;\"><span dir=\"auto\" style=\"vertical-align: inherit;\"> \u2013 Un dosage uniforme et une puret\u00e9 \u00e9lev\u00e9e favorisent des r\u00e9sultats reproductibles.<\/span><\/span><\/p>\n<\/li>\n<li data-start=\"5390\" data-end=\"5504\">\n<p data-start=\"5392\" data-end=\"5504\"><strong data-start=\"5392\" data-end=\"5424\"><span dir=\"auto\" style=\"vertical-align: inherit;\"><span dir=\"auto\" style=\"vertical-align: inherit;\">Pr\u00e9cieux pour la recherche SAR<\/span><\/span><\/strong><span dir=\"auto\" style=\"vertical-align: inherit;\"><span dir=\"auto\" style=\"vertical-align: inherit;\"> \u2013 Convient pour la comparaison avec d&#039;autres analogues 2C tels que le 2C-B, le 2C-C et le 2C-E.<\/span><\/span><\/p>\n<\/li>\n<li data-start=\"5505\" data-end=\"5589\">\n<p data-start=\"5507\" data-end=\"5589\"><strong data-start=\"5507\" data-end=\"5534\"><span dir=\"auto\" style=\"vertical-align: inherit;\"><span dir=\"auto\" style=\"vertical-align: inherit;\">Qualit\u00e9 garantie<\/span><\/span><\/strong><span dir=\"auto\" style=\"vertical-align: inherit;\"><span dir=\"auto\" style=\"vertical-align: inherit;\"> \u2013 Livraison avec certificat d&#039;analyse (COA) sur demande.<\/span><\/span><\/p>\n<\/li>\n<\/ul>\n<hr data-start=\"5591\" data-end=\"5594\" \/>\n<h3 data-start=\"5596\" data-end=\"5648\"><strong data-start=\"5600\" data-end=\"5646\"><span dir=\"auto\" style=\"vertical-align: inherit;\"><span dir=\"auto\" style=\"vertical-align: inherit;\">Utilisation (\u00e0 des fins de recherche uniquement)<\/span><\/span><\/strong><\/h3>\n<blockquote data-start=\"5650\" data-end=\"5818\">\n<p data-start=\"5652\" data-end=\"5818\">\u26a0\ufe0f <strong data-start=\"5655\" data-end=\"5666\"><span dir=\"auto\" style=\"vertical-align: inherit;\"><span dir=\"auto\" style=\"vertical-align: inherit;\">Veuillez noter:<\/span><\/span><\/strong><span dir=\"auto\" style=\"vertical-align: inherit;\"><span dir=\"auto\" style=\"vertical-align: inherit;\"> Les comprim\u00e9s de 2C-D 10 mg sont uniquement destin\u00e9s \u00e0 <\/span><\/span><strong data-start=\"5715\" data-end=\"5756\"><span dir=\"auto\" style=\"vertical-align: inherit;\"><span dir=\"auto\" style=\"vertical-align: inherit;\">recherche en laboratoire et analytique<\/span><\/span><\/strong><span dir=\"auto\" style=\"vertical-align: inherit;\"><span dir=\"auto\" style=\"vertical-align: inherit;\"> et <\/span><\/span><strong data-start=\"5760\" data-end=\"5817\"><span dir=\"auto\" style=\"vertical-align: inherit;\"><span dir=\"auto\" style=\"vertical-align: inherit;\">ne conviennent pas \u00e0 la consommation humaine ou animale<\/span><\/span><\/strong><span dir=\"auto\" style=\"vertical-align: inherit;\"><span dir=\"auto\" style=\"vertical-align: inherit;\"> .<\/span><\/span><\/p>\n<\/blockquote>\n<ol data-start=\"5820\" data-end=\"6280\">\n<li data-start=\"5820\" data-end=\"5914\">\n<p data-start=\"5823\" data-end=\"5914\"><strong data-start=\"5823\" data-end=\"5838\"><span dir=\"auto\" style=\"vertical-align: inherit;\"><span dir=\"auto\" style=\"vertical-align: inherit;\">Manutention:<\/span><\/span><\/strong><span dir=\"auto\" style=\"vertical-align: inherit;\"><span dir=\"auto\" style=\"vertical-align: inherit;\"> Portez des gants, des lunettes de s\u00e9curit\u00e9 et une blouse de laboratoire ; travaillez sous une hotte aspirante.<\/span><\/span><\/p>\n<\/li>\n<li data-start=\"5915\" data-end=\"6031\">\n<p data-start=\"5918\" data-end=\"6031\"><strong data-start=\"5918\" data-end=\"5931\"><span dir=\"auto\" style=\"vertical-align: inherit;\"><span dir=\"auto\" style=\"vertical-align: inherit;\">Mesures:<\/span><\/span><\/strong><span dir=\"auto\" style=\"vertical-align: inherit;\"><span dir=\"auto\" style=\"vertical-align: inherit;\"> Chaque pastille contient 10 mg \u2014 ne pas modifier ni diviser en dehors de conditions de recherche contr\u00f4l\u00e9es.<\/span><\/span><\/p>\n<\/li>\n<li data-start=\"6032\" data-end=\"6102\">\n<p data-start=\"6035\" data-end=\"6102\"><strong data-start=\"6035\" data-end=\"6046\"><span dir=\"auto\" style=\"vertical-align: inherit;\"><span dir=\"auto\" style=\"vertical-align: inherit;\">Stockage:<\/span><\/span><\/strong><span dir=\"auto\" style=\"vertical-align: inherit;\"><span dir=\"auto\" style=\"vertical-align: inherit;\"> \u00c0 conserver dans un endroit frais, sec et sombre ; de pr\u00e9f\u00e9rence entre 2 et 8 \u00b0C.<\/span><\/span><\/p>\n<\/li>\n<li data-start=\"6103\" data-end=\"6170\">\n<p data-start=\"6106\" data-end=\"6170\"><strong data-start=\"6106\" data-end=\"6118\"><span dir=\"auto\" style=\"vertical-align: inherit;\"><span dir=\"auto\" style=\"vertical-align: inherit;\">Analyse:<\/span><\/span><\/strong><span dir=\"auto\" style=\"vertical-align: inherit;\"><span dir=\"auto\" style=\"vertical-align: inherit;\"> Convient aux analyses HPLC, GC\/MS, LC-MS et FTIR.<\/span><\/span><\/p>\n<\/li>\n<li data-start=\"6171\" data-end=\"6280\">\n<p data-start=\"6174\" data-end=\"6280\"><strong data-start=\"6174\" data-end=\"6191\"><span dir=\"auto\" style=\"vertical-align: inherit;\"><span dir=\"auto\" style=\"vertical-align: inherit;\">Documentation:<\/span><\/span><\/strong><span dir=\"auto\" style=\"vertical-align: inherit;\"><span dir=\"auto\" style=\"vertical-align: inherit;\"> Consignez le num\u00e9ro de lot, la puret\u00e9 et les r\u00e9sultats des tests \u00e0 des fins de conformit\u00e9 et de tra\u00e7abilit\u00e9.<\/span><\/span><\/p>\n<\/li>\n<\/ol>\n<hr data-start=\"6282\" data-end=\"6285\" \/>\n<h3 data-start=\"6287\" data-end=\"6322\"><strong data-start=\"6291\" data-end=\"6320\"><span dir=\"auto\" style=\"vertical-align: inherit;\"><span dir=\"auto\" style=\"vertical-align: inherit;\">Foire aux questions (FAQ)<\/span><\/span><\/strong><\/h3>\n<p data-start=\"6324\" data-end=\"6537\"><strong data-start=\"6324\" data-end=\"6343\"><span dir=\"auto\" style=\"vertical-align: inherit;\"><span dir=\"auto\" style=\"vertical-align: inherit;\">1. Qu&#039;est-ce que 2C-D ?<\/span><\/span><\/strong><br data-start=\"6343\" data-end=\"6346\" \/><span dir=\"auto\" style=\"vertical-align: inherit;\"><span dir=\"auto\" style=\"vertical-align: inherit;\"> La 2C-D (2,5-dim\u00e9thoxy-4-m\u00e9thylph\u00e9n\u00e9thylamine) est un compos\u00e9 synth\u00e9tique <\/span><\/span><strong data-start=\"6409\" data-end=\"6426\"><span dir=\"auto\" style=\"vertical-align: inherit;\"><span dir=\"auto\" style=\"vertical-align: inherit;\">ph\u00e9n\u00e9thylamine<\/span><\/span><\/strong><span dir=\"auto\" style=\"vertical-align: inherit;\"><span dir=\"auto\" style=\"vertical-align: inherit;\"> Il appartient \u00e0 la famille des compos\u00e9s 2C. Il est utilis\u00e9 comme produit chimique de recherche pour l&#039;\u00e9tude de la liaison aux r\u00e9cepteurs et les comparaisons structurales.<\/span><\/span><\/p>\n<p data-start=\"6539\" data-end=\"6749\"><strong data-start=\"6539\" data-end=\"6589\"><span dir=\"auto\" style=\"vertical-align: inherit;\"><span dir=\"auto\" style=\"vertical-align: inherit;\">2. \u00c0 quoi servent les granules de 2C-D de 10 mg ?<\/span><\/span><\/strong><br data-start=\"6589\" data-end=\"6592\" \/><span dir=\"auto\" style=\"vertical-align: inherit;\"><span dir=\"auto\" style=\"vertical-align: inherit;\"> Ces granul\u00e9s sont destin\u00e9s \u00e0 <\/span><\/span><strong data-start=\"6623\" data-end=\"6679\"><span dir=\"auto\" style=\"vertical-align: inherit;\"><span dir=\"auto\" style=\"vertical-align: inherit;\">recherche scientifique, m\u00e9dico-l\u00e9gale et analytique<\/span><\/span><\/strong><span dir=\"auto\" style=\"vertical-align: inherit;\"><span dir=\"auto\" style=\"vertical-align: inherit;\"> , y compris l&#039;\u00e9talonnage chromatographique et l&#039;identification chimique.<\/span><\/span><\/p>\n<p data-start=\"6751\" data-end=\"7011\"><strong data-start=\"6751\" data-end=\"6789\"><span dir=\"auto\" style=\"vertical-align: inherit;\"><span dir=\"auto\" style=\"vertical-align: inherit;\">3. Est-il l\u00e9gal d&#039;acheter du 2C-D ?<\/span><\/span><\/strong><br data-start=\"6789\" data-end=\"6792\" \/><span dir=\"auto\" style=\"vertical-align: inherit;\"><span dir=\"auto\" style=\"vertical-align: inherit;\"> Le <\/span><\/span><strong data-start=\"6795\" data-end=\"6818\"><span dir=\"auto\" style=\"vertical-align: inherit;\"><span dir=\"auto\" style=\"vertical-align: inherit;\">l\u00e9galit\u00e9 du 2C-D<\/span><\/span><\/strong><span dir=\"auto\" style=\"vertical-align: inherit;\"><span dir=\"auto\" style=\"vertical-align: inherit;\"> Cela varie selon les pays. Dans certains pays, il s&#039;agit d&#039;une substance contr\u00f4l\u00e9e\u00a0; ailleurs, son utilisation est autoris\u00e9e \u00e0 des fins de recherche. Consultez toujours la l\u00e9gislation locale avant toute utilisation. <\/span><\/span><strong data-start=\"6994\" data-end=\"7008\"><span dir=\"auto\" style=\"vertical-align: inherit;\"><span dir=\"auto\" style=\"vertical-align: inherit;\">achat de 2C-D<\/span><\/span><\/strong><span dir=\"auto\" style=\"vertical-align: inherit;\"><span dir=\"auto\" style=\"vertical-align: inherit;\"> . <\/span><\/span><a href=\"https:\/\/researchchemicalhub.com\/fr\/shop\/okategoriserad\/4mmc-kopen\/\"><span dir=\"auto\" style=\"vertical-align: inherit;\"><span dir=\"auto\" style=\"vertical-align: inherit;\">Achetez 4mmc <\/span><\/span><\/a><a href=\"https:\/\/researchchemicalhub.com\/fr\/shop\/okategoriserad\/benzocaine-powder\/\"><span dir=\"auto\" style=\"vertical-align: inherit;\"><span dir=\"auto\" style=\"vertical-align: inherit;\">poudre de benzoca\u00efne<\/span><\/span><\/a><\/p>","protected":false},"excerpt":{"rendered":"<p>Introduction 2C-D 10mg Pellets contain a precise dose of 2C-D (2,5-dimethoxy-4-methylphenethylamine) \u2014a member of the 2C family of substituted phenethylamines,<\/p>","protected":false},"featured_media":28369,"comment_status":"closed","ping_status":"closed","template":"","meta":[],"product_brand":[82],"product_cat":[323,325,322,80,324],"product_tag":[661,662,326],"class_list":{"0":"post-24616","1":"product","2":"type-product","3":"status-publish","4":"has-post-thumbnail","6":"product_brand-research-chemical","7":"product_cat-2c-d","8":"product_cat-2c-d-pellets","9":"product_cat-bijna-verboden","10":"product_cat-fenethylamine","11":"product_cat-pellets-for-pellet","12":"product_tag-2c-d","13":"product_tag-2cd","14":"product_tag-nl","16":"first","17":"instock","18":"taxable","19":"shipping-taxable","20":"purchasable","21":"product-type-variable"},"_links":{"self":[{"href":"https:\/\/researchchemicalhub.com\/fr\/wp-json\/wp\/v2\/product\/24616","targetHints":{"allow":["GET"]}}],"collection":[{"href":"https:\/\/researchchemicalhub.com\/fr\/wp-json\/wp\/v2\/product"}],"about":[{"href":"https:\/\/researchchemicalhub.com\/fr\/wp-json\/wp\/v2\/types\/product"}],"replies":[{"embeddable":true,"href":"https:\/\/researchchemicalhub.com\/fr\/wp-json\/wp\/v2\/comments?post=24616"}],"version-history":[{"count":6,"href":"https:\/\/researchchemicalhub.com\/fr\/wp-json\/wp\/v2\/product\/24616\/revisions"}],"predecessor-version":[{"id":28662,"href":"https:\/\/researchchemicalhub.com\/fr\/wp-json\/wp\/v2\/product\/24616\/revisions\/28662"}],"wp:featuredmedia":[{"embeddable":true,"href":"https:\/\/researchchemicalhub.com\/fr\/wp-json\/wp\/v2\/media\/28369"}],"wp:attachment":[{"href":"https:\/\/researchchemicalhub.com\/fr\/wp-json\/wp\/v2\/media?parent=24616"}],"wp:term":[{"taxonomy":"product_brand","embeddable":true,"href":"https:\/\/researchchemicalhub.com\/fr\/wp-json\/wp\/v2\/product_brand?post=24616"},{"taxonomy":"product_cat","embeddable":true,"href":"https:\/\/researchchemicalhub.com\/fr\/wp-json\/wp\/v2\/product_cat?post=24616"},{"taxonomy":"product_tag","embeddable":true,"href":"https:\/\/researchchemicalhub.com\/fr\/wp-json\/wp\/v2\/product_tag?post=24616"}],"curies":[{"name":"wp","href":"https:\/\/api.w.org\/{rel}","templated":true}]}}