{"id":24573,"date":"2025-10-20T17:42:03","date_gmt":"2025-10-20T17:42:03","guid":{"rendered":"https:\/\/researchchemicalhub.com\/?post_type=product&#038;p=24573"},"modified":"2025-10-29T08:07:08","modified_gmt":"2025-10-29T08:07:08","slug":"hhc-gummy-bear-50mg-red","status":"publish","type":"product","link":"https:\/\/researchchemicalhub.com\/fr\/shop\/b2b\/hhc-gummy-bear-50mg-red\/","title":{"rendered":"Gummybears 50 mg HHC (rouge)"},"content":{"rendered":"<h3 data-start=\"3889\" data-end=\"3910\"><strong data-start=\"3893\" data-end=\"3908\">Introduction<\/strong><\/h3>\n<p data-start=\"3911\" data-end=\"4184\">D\u00e9couvrir <strong data-start=\"3918\" data-end=\"3948\">Gummybears 50 mg HHC (Rouge)<\/strong> \u2014 haute qualit\u00e9 <strong data-start=\"3964\" data-end=\"3979\">Gummies HHC<\/strong> au go\u00fbt d\u00e9licieux et au dosage pr\u00e9cis. Chaque bonbon rouge contient <strong data-start=\"4051\" data-end=\"4086\">50 mg de HHC (hexahydrocannabinol)<\/strong>, qui offre un effet plus puissant et plus durable que les variantes plus l\u00e9g\u00e8res de 10 mg ou 25 mg. ours en g\u00e9latine hhc<\/p>\n<p data-start=\"4186\" data-end=\"4346\">Que vous meniez des recherches sur <strong data-start=\"4214\" data-end=\"4229\">Produits comestibles HHC<\/strong> ou envisage <strong data-start=\"4243\" data-end=\"4279\">Achetez des Gummybears 50 mg HHC (Rouge).<\/strong>, ce produit est synonyme de puret\u00e9, de pr\u00e9cision et de fiabilit\u00e9.<\/p>\n<hr data-start=\"4348\" data-end=\"4351\" \/>\n<h3 data-start=\"4353\" data-end=\"4384\"><strong data-start=\"4357\" data-end=\"4384\">Caract\u00e9ristiques principales<\/strong><\/h3>\n<div class=\"_tableContainer_1rjym_1\">\n<div class=\"group _tableWrapper_1rjym_13 flex w-fit flex-col-reverse\" tabindex=\"-1\">\n<table class=\"w-fit min-w-(--thread-content-width)\" data-start=\"4386\" data-end=\"4853\">\n<thead data-start=\"4386\" data-end=\"4412\">\n<tr data-start=\"4386\" data-end=\"4412\">\n<th data-start=\"4386\" data-end=\"4396\" data-col-size=\"sm\">Fonctionnalit\u00e9<\/th>\n<th data-start=\"4396\" data-end=\"4412\" data-col-size=\"md\">Description<\/th>\n<\/tr>\n<\/thead>\n<tbody data-start=\"4423\" data-end=\"4853\">\n<tr data-start=\"4423\" data-end=\"4512\">\n<td data-start=\"4423\" data-end=\"4442\" data-col-size=\"sm\"><strong data-start=\"4425\" data-end=\"4441\">Haute r\u00e9sistance<\/strong><\/td>\n<td data-start=\"4442\" data-end=\"4512\" data-col-size=\"md\">Chaque bonbon contient <strong data-start=\"4461\" data-end=\"4474\">50 mg de HHC<\/strong> pour un effet puissant et continu.<\/td>\n<\/tr>\n<tr data-start=\"4513\" data-end=\"4585\">\n<td data-start=\"4513\" data-end=\"4532\" data-col-size=\"sm\"><strong data-start=\"4515\" data-end=\"4531\">Saveur fruit\u00e9e<\/strong><\/td>\n<td data-start=\"4532\" data-end=\"4585\" data-col-size=\"md\">La vari\u00e9t\u00e9 rouge a un go\u00fbt doux et agr\u00e9able.<\/td>\n<\/tr>\n<tr data-start=\"4586\" data-end=\"4674\">\n<td data-start=\"4586\" data-end=\"4612\" data-col-size=\"sm\"><strong data-start=\"4588\" data-end=\"4611\">Test\u00e9 en laboratoire<\/strong><\/td>\n<td data-start=\"4612\" data-end=\"4674\" data-col-size=\"md\">Test\u00e9 ind\u00e9pendamment pour la puret\u00e9, la puissance et la s\u00e9curit\u00e9.<\/td>\n<\/tr>\n<tr data-start=\"4675\" data-end=\"4762\">\n<td data-start=\"4675\" data-end=\"4703\" data-col-size=\"sm\"><strong data-start=\"4677\" data-end=\"4702\">Dosage facile<\/strong><\/td>\n<td data-start=\"4703\" data-end=\"4762\" data-col-size=\"md\">Contenu pr\u00e9cis par bonbon pour des r\u00e9sultats pr\u00e9visibles.<\/td>\n<\/tr>\n<tr data-start=\"4763\" data-end=\"4853\">\n<td data-start=\"4763\" data-end=\"4791\" data-col-size=\"sm\"><strong data-start=\"4765\" data-end=\"4790\">Emballage scell\u00e9<\/strong><\/td>\n<td data-start=\"4791\" data-end=\"4853\" data-col-size=\"md\">Garde le produit frais, puissant et prot\u00e9g\u00e9 de l&#039;humidit\u00e9.<\/td>\n<\/tr>\n<\/tbody>\n<\/table>\n<\/div>\n<\/div>\n<hr data-start=\"4855\" data-end=\"4858\" \/>\n<h3 data-start=\"4860\" data-end=\"4877\"><strong data-start=\"4864\" data-end=\"4877\">Avantages<\/strong><\/h3>\n<ul data-start=\"4879\" data-end=\"5402\">\n<li data-start=\"4879\" data-end=\"5014\">\n<p data-start=\"4881\" data-end=\"5014\"><strong data-start=\"4881\" data-end=\"4916\">Exp\u00e9rience puissante et durable<\/strong> \u2013 La dose de 50 mg procure des effets durables, adapt\u00e9s aux utilisateurs exp\u00e9riment\u00e9s ou \u00e0 la recherche.<\/p>\n<\/li>\n<li data-start=\"5015\" data-end=\"5117\">\n<p data-start=\"5017\" data-end=\"5117\"><strong data-start=\"5017\" data-end=\"5042\">Qualit\u00e9 fiable<\/strong> \u2013 Chaque lot <strong data-start=\"5056\" data-end=\"5071\">Produits comestibles HHC<\/strong> est test\u00e9 pour sa coh\u00e9rence et sa s\u00e9curit\u00e9.<\/p>\n<\/li>\n<li data-start=\"5118\" data-end=\"5209\">\n<p data-start=\"5120\" data-end=\"5209\"><strong data-start=\"5120\" data-end=\"5141\">Discret et pratique<\/strong> \u2013 Facile \u00e0 stocker et \u00e0 utiliser, sans odeur ni \u00e9quipement requis.<\/p>\n<\/li>\n<li data-start=\"5210\" data-end=\"5303\">\n<p data-start=\"5212\" data-end=\"5303\"><strong data-start=\"5212\" data-end=\"5234\">Force savoureuse<\/strong> \u2013 La variante rouge combine un go\u00fbt fruit\u00e9 avec un effet puissant.<\/p>\n<\/li>\n<li data-start=\"5304\" data-end=\"5402\">\n<p data-start=\"5306\" data-end=\"5402\"><strong data-start=\"5306\" data-end=\"5326\">Valeur de la recherche<\/strong> \u2013 Convient aux \u00e9tudes sur <strong data-start=\"5356\" data-end=\"5402\">M\u00e9tabolisme, stabilit\u00e9 et absorption du HHC. Ours en g\u00e9latine HHC<\/strong><\/p>\n<\/li>\n<\/ul>\n<hr data-start=\"5404\" data-end=\"5407\" \/>\n<h3 data-start=\"5409\" data-end=\"5445\"><strong data-start=\"5413\" data-end=\"5445\">Utilisation \/ Mode d&#039;emploi<\/strong><\/h3>\n<blockquote data-start=\"5447\" data-end=\"5572\">\n<p data-start=\"5449\" data-end=\"5572\">\u26a0\ufe0f <strong data-start=\"5452\" data-end=\"5467\">Important:<\/strong> \u00c0 utiliser uniquement dans les pays o\u00f9 le HHC est l\u00e9gal. Ne convient pas aux enfants, aux animaux et ne convient pas \u00e0 une utilisation non autoris\u00e9e.<\/p>\n<\/blockquote>\n<ol data-start=\"5574\" data-end=\"5972\">\n<li data-start=\"5574\" data-end=\"5644\">\n<p data-start=\"5577\" data-end=\"5644\"><strong data-start=\"5577\" data-end=\"5592\">Commencez petit<\/strong> \u2013 Commencez avec un demi-bonbon g\u00e9lifi\u00e9 (environ 25 mg de HHC).<\/p>\n<\/li>\n<li data-start=\"5645\" data-end=\"5726\">\n<p data-start=\"5648\" data-end=\"5726\"><strong data-start=\"5648\" data-end=\"5668\">Attendre et \u00e9valuer<\/strong> - Garde <strong data-start=\"5677\" data-end=\"5695\">90 \u00e0 120 minutes<\/strong> pour toute prise suppl\u00e9mentaire.<\/p>\n<\/li>\n<li data-start=\"5727\" data-end=\"5829\">\n<p data-start=\"5730\" data-end=\"5829\"><strong data-start=\"5730\" data-end=\"5753\">\u00c9vitez les combinaisons<\/strong> \u2013 Ne pas utiliser en association avec de l\u2019alcool ou d\u2019autres substances psychoactives.<\/p>\n<\/li>\n<li data-start=\"5830\" data-end=\"5887\">\n<p data-start=\"5833\" data-end=\"5887\"><strong data-start=\"5833\" data-end=\"5843\">Stockage<\/strong> \u2013 \u00c0 conserver dans un endroit frais, sec et sombre (\u2264 20 \u00b0C).<\/p>\n<\/li>\n<li data-start=\"5888\" data-end=\"5972\">\n<p data-start=\"5891\" data-end=\"5972\"><strong data-start=\"5891\" data-end=\"5912\">Utilisation de la recherche<\/strong> \u2013 Enregistrer le num\u00e9ro de lot et les r\u00e9sultats des tests pour la documentation.<\/p>\n<\/li>\n<\/ol>\n<hr data-start=\"5974\" data-end=\"5977\" \/>\n<h3 data-start=\"5979\" data-end=\"6014\"><strong data-start=\"5983\" data-end=\"6012\">Foire aux questions (FAQ)<\/strong><\/h3>\n<p data-start=\"6016\" data-end=\"6181\"><strong data-start=\"6016\" data-end=\"6044\">1. Que sont les gummies HHC ?<\/strong><br data-start=\"6044\" data-end=\"6047\" \/><strong data-start=\"6047\" data-end=\"6062\">Gummies HHC<\/strong> sont des bonbons comestibles avec <strong data-start=\"6089\" data-end=\"6112\">Hexahydrocannabinol<\/strong>, un cannabino\u00efde hydrog\u00e9n\u00e9 avec un effet plus doux que le THC.<\/p>\n<p data-start=\"6183\" data-end=\"6361\"><strong data-start=\"6183\" data-end=\"6232\">2. Quelle est la puissance des Gummy Bears 50 mg HHC (Rouge) ?<\/strong><br data-start=\"6232\" data-end=\"6235\" \/>Chaque gomme contient 50 mg de HHC \u2014 une dose \u00e9lev\u00e9e avec des effets qui <strong data-start=\"6296\" data-end=\"6307\">4 \u00e0 6 heures<\/strong> peut persister, selon le m\u00e9tabolisme.<\/p>\n<p data-start=\"6363\" data-end=\"6579\"><strong data-start=\"6363\" data-end=\"6422\">3. Est-il l\u00e9gal d\u2019acheter des \u00ab Gummybears 50 mg HHC (Rouge) \u00bb ?<\/strong><br data-start=\"6422\" data-end=\"6425\" \/>La l\u00e9galit\u00e9 varie selon les pays. Dans certains pays de l&#039;UE, <strong data-start=\"6485\" data-end=\"6500\">Produits comestibles HHC<\/strong> R\u00e9glement\u00e9 ou interdit. V\u00e9rifiez toujours la l\u00e9gislation locale avant d&#039;acheter.<\/p>","protected":false},"excerpt":{"rendered":"<h2><span dir=\"auto\" style=\"vertical-align: inherit;\"><span dir=\"auto\" style=\"vertical-align: inherit;\">Gummybears 50 mg HHC (rouge)<\/span><\/span><\/h2>\n<ul>\n<li><strong><span dir=\"auto\" style=\"vertical-align: inherit;\"><span dir=\"auto\" style=\"vertical-align: inherit;\">Emballage de vente au d\u00e9tail<\/span><\/span><br \/>\n<\/strong><\/li>\n<li><strong><span dir=\"auto\" style=\"vertical-align: inherit;\"><span dir=\"auto\" style=\"vertical-align: inherit;\">Nombre d&#039;oursons en g\u00e9latine par sachet : 10<\/span><\/span><\/strong><\/li>\n<li><strong><span dir=\"auto\" style=\"vertical-align: inherit;\"><span dir=\"auto\" style=\"vertical-align: inherit;\">Les prix excluent la TVA 21%<\/span><\/span><\/strong><\/li>\n<li><strong><span dir=\"auto\" style=\"vertical-align: inherit;\"><span dir=\"auto\" style=\"vertical-align: inherit;\">Prix de vente conseill\u00e9 par sac : 24,95 \u20ac TTC<\/span><\/span><\/strong><\/li>\n<li><strong><span dir=\"auto\" style=\"vertical-align: inherit;\"><span dir=\"auto\" style=\"vertical-align: inherit;\">Commande minimum : 100 sacs<\/span><\/span><\/strong><\/li>\n<\/ul>","protected":false},"featured_media":28541,"comment_status":"closed","ping_status":"closed","template":"","meta":[],"product_brand":[82],"product_cat":[555],"product_tag":[709,710,707,708,711,713,712],"class_list":{"0":"post-24573","1":"product","2":"type-product","3":"status-publish","4":"has-post-thumbnail","6":"product_brand-research-chemical","7":"product_cat-b2b","8":"product_tag-hhc-50mg","9":"product_tag-hhc-effecten","10":"product_tag-hhc-gummy-bear","11":"product_tag-hhc-gummy-bears","12":"product_tag-hhc-kopen","13":"product_tag-hhc-nederland-belgie","14":"product_tag-legale-cannabis","16":"first","17":"instock","18":"taxable","19":"shipping-taxable","20":"purchasable","21":"product-type-variable"},"_links":{"self":[{"href":"https:\/\/researchchemicalhub.com\/fr\/wp-json\/wp\/v2\/product\/24573","targetHints":{"allow":["GET"]}}],"collection":[{"href":"https:\/\/researchchemicalhub.com\/fr\/wp-json\/wp\/v2\/product"}],"about":[{"href":"https:\/\/researchchemicalhub.com\/fr\/wp-json\/wp\/v2\/types\/product"}],"replies":[{"embeddable":true,"href":"https:\/\/researchchemicalhub.com\/fr\/wp-json\/wp\/v2\/comments?post=24573"}],"version-history":[{"count":8,"href":"https:\/\/researchchemicalhub.com\/fr\/wp-json\/wp\/v2\/product\/24573\/revisions"}],"predecessor-version":[{"id":27768,"href":"https:\/\/researchchemicalhub.com\/fr\/wp-json\/wp\/v2\/product\/24573\/revisions\/27768"}],"wp:featuredmedia":[{"embeddable":true,"href":"https:\/\/researchchemicalhub.com\/fr\/wp-json\/wp\/v2\/media\/28541"}],"wp:attachment":[{"href":"https:\/\/researchchemicalhub.com\/fr\/wp-json\/wp\/v2\/media?parent=24573"}],"wp:term":[{"taxonomy":"product_brand","embeddable":true,"href":"https:\/\/researchchemicalhub.com\/fr\/wp-json\/wp\/v2\/product_brand?post=24573"},{"taxonomy":"product_cat","embeddable":true,"href":"https:\/\/researchchemicalhub.com\/fr\/wp-json\/wp\/v2\/product_cat?post=24573"},{"taxonomy":"product_tag","embeddable":true,"href":"https:\/\/researchchemicalhub.com\/fr\/wp-json\/wp\/v2\/product_tag?post=24573"}],"curies":[{"name":"wp","href":"https:\/\/api.w.org\/{rel}","templated":true}]}}