{"id":24569,"date":"2025-10-20T17:42:02","date_gmt":"2025-10-20T17:42:02","guid":{"rendered":"https:\/\/researchchemicalhub.com\/?post_type=product&#038;p=24569"},"modified":"2025-10-29T08:10:15","modified_gmt":"2025-10-29T08:10:15","slug":"dpt-chlorhydrate-de-dipropyltryptamine","status":"publish","type":"product","link":"https:\/\/researchchemicalhub.com\/fr\/boutique\/departement\/dpt-chlorhydrate-de-dipropyltryptamine\/","title":{"rendered":"DPT HCl (dipropyltryptamine)"},"content":{"rendered":"<h3 data-start=\"4130\" data-end=\"4151\"><strong data-start=\"4134\" data-end=\"4149\">Introduction<\/strong><\/h3>\n<p data-start=\"4152\" data-end=\"4535\"><strong data-start=\"4152\" data-end=\"4198\">DPT HCl (chlorhydrate de dipropyltryptamine)<\/strong> est un <strong data-start=\"4206\" data-end=\"4243\">compos\u00e9 de tryptamine synth\u00e9tique<\/strong> de la m\u00eame famille chimique que le DMT, le DET et le DiPT. Si <strong data-start=\"4301\" data-end=\"4322\">indole-alkylamine<\/strong> Le DPT est utilis\u00e9 dans <strong data-start=\"4345\" data-end=\"4402\">recherche neurochimique, pharmacologique et analytique<\/strong>, notamment pour l&#039;\u00e9tude de la liaison aux r\u00e9cepteurs de la s\u00e9rotonine, des relations structure-activit\u00e9 (SAR) et de la caract\u00e9risation spectrale.<\/p>\n<p data-start=\"4537\" data-end=\"4789\">Dans les environnements de recherche, le DPT HCl est appr\u00e9ci\u00e9 pour ses <strong data-start=\"4599\" data-end=\"4619\">haute stabilit\u00e9<\/strong>, <strong data-start=\"4621\" data-end=\"4654\">puret\u00e9 fiable (\u226598%)<\/strong> et <strong data-start=\"4658\" data-end=\"4694\">forme cristalline soluble dans l&#039;eau<\/strong>, ce qui le rend adapt\u00e9 \u00e0 <strong data-start=\"4724\" data-end=\"4742\">chromatographie<\/strong>, <strong data-start=\"4744\" data-end=\"4761\">spectroscopie<\/strong> et <strong data-start=\"4765\" data-end=\"4786\">recherche sur les r\u00e9cepteurs<\/strong>.<\/p>\n<blockquote data-start=\"4791\" data-end=\"4937\">\n<p data-start=\"4793\" data-end=\"4937\">\u26a0\ufe0f <strong data-start=\"4796\" data-end=\"4807\">NB:<\/strong> Le DPT HCl est uniquement destin\u00e9 \u00e0 <strong data-start=\"4844\" data-end=\"4885\">recherche en laboratoire et analytique<\/strong> \u2014 <strong data-start=\"4888\" data-end=\"4936\">non destin\u00e9 \u00e0 la consommation humaine ou animale<\/strong>.<\/p>\n<\/blockquote>\n<hr data-start=\"4939\" data-end=\"4942\" \/>\n<h3 data-start=\"4944\" data-end=\"4975\"><strong data-start=\"4948\" data-end=\"4975\">Caract\u00e9ristiques principales<\/strong><\/h3>\n<div class=\"_tableContainer_1rjym_1\">\n<div class=\"group _tableWrapper_1rjym_13 flex w-fit flex-col-reverse\" tabindex=\"-1\">\n<table class=\"w-fit min-w-(--thread-content-width)\" data-start=\"4977\" data-end=\"5501\">\n<thead data-start=\"4977\" data-end=\"5003\">\n<tr data-start=\"4977\" data-end=\"5003\">\n<th data-start=\"4977\" data-end=\"4987\" data-col-size=\"sm\">Fonctionnalit\u00e9<\/th>\n<th data-start=\"4987\" data-end=\"5003\" data-col-size=\"md\">Description<\/th>\n<\/tr>\n<\/thead>\n<tbody data-start=\"5032\" data-end=\"5501\">\n<tr data-start=\"5032\" data-end=\"5089\">\n<td data-start=\"5032\" data-end=\"5053\" data-col-size=\"sm\"><strong data-start=\"5034\" data-end=\"5052\">Nom chimique<\/strong><\/td>\n<td data-start=\"5053\" data-end=\"5089\" data-col-size=\"md\">Chlorhydrate de dipropyltryptamine<\/td>\n<\/tr>\n<tr data-start=\"5090\" data-end=\"5126\">\n<td data-start=\"5090\" data-end=\"5115\" data-col-size=\"sm\"><strong data-start=\"5092\" data-end=\"5114\">Nom commun<\/strong><\/td>\n<td data-start=\"5115\" data-end=\"5126\" data-col-size=\"md\">DPT HCl<\/td>\n<\/tr>\n<tr data-start=\"5127\" data-end=\"5165\">\n<td data-start=\"5127\" data-end=\"5149\" data-col-size=\"sm\"><strong data-start=\"5129\" data-end=\"5148\">Formule mol\u00e9culaire<\/strong><\/td>\n<td data-start=\"5149\" data-end=\"5165\" data-col-size=\"md\">C\u2081\u2086H\u2082\u2085N\u2082\u00b7HCl<\/td>\n<\/tr>\n<tr data-start=\"5166\" data-end=\"5204\">\n<td data-start=\"5166\" data-end=\"5188\" data-col-size=\"sm\"><strong data-start=\"5168\" data-end=\"5187\">Poids mol\u00e9culaire<\/strong><\/td>\n<td data-start=\"5188\" data-end=\"5204\" data-col-size=\"md\">296,85 g\/mol<\/td>\n<\/tr>\n<tr data-start=\"5205\" data-end=\"5275\">\n<td data-start=\"5205\" data-end=\"5228\" data-col-size=\"sm\"><strong data-start=\"5207\" data-end=\"5227\">Classe chimique<\/strong><\/td>\n<td data-start=\"5228\" data-end=\"5275\" data-col-size=\"md\">Tryptamine synth\u00e9tique \/ Indole-alkylamine<\/td>\n<\/tr>\n<tr data-start=\"5276\" data-end=\"5320\">\n<td data-start=\"5276\" data-end=\"5287\" data-col-size=\"sm\"><strong data-start=\"5278\" data-end=\"5286\">Formulaire<\/strong><\/td>\n<td data-start=\"5287\" data-end=\"5320\" data-col-size=\"md\">Sel de chlorhydrate cristallin<\/td>\n<\/tr>\n<tr data-start=\"5321\" data-end=\"5372\">\n<td data-start=\"5321\" data-end=\"5338\" data-col-size=\"sm\"><strong data-start=\"5323\" data-end=\"5337\">Puret\u00e9<\/strong><\/td>\n<td data-start=\"5338\" data-end=\"5372\" data-col-size=\"md\">\u2265 98% (test\u00e9 par HPLC et RMN)<\/td>\n<\/tr>\n<tr data-start=\"5373\" data-end=\"5447\">\n<td data-start=\"5373\" data-end=\"5387\" data-col-size=\"sm\"><strong data-start=\"5375\" data-end=\"5386\">Usage<\/strong><\/td>\n<td data-col-size=\"md\" data-start=\"5387\" data-end=\"5447\">Pour la recherche analytique, m\u00e9dico-l\u00e9gale et chimique uniquement<\/td>\n<\/tr>\n<tr data-start=\"5448\" data-end=\"5501\">\n<td data-start=\"5448\" data-end=\"5461\" data-col-size=\"sm\"><strong data-start=\"5450\" data-end=\"5460\">Stockage<\/strong><\/td>\n<td data-start=\"5461\" data-end=\"5501\" data-col-size=\"md\">Conserver au frais (2\u20138 \u00b0C), au sec et \u00e0 l&#039;abri de la lumi\u00e8re.<\/td>\n<\/tr>\n<\/tbody>\n<\/table>\n<\/div>\n<\/div>\n<hr data-start=\"5503\" data-end=\"5506\" \/>\n<h3 data-start=\"5508\" data-end=\"5525\"><strong data-start=\"5512\" data-end=\"5525\">Avantages<\/strong><\/h3>\n<ul data-start=\"5527\" data-end=\"6004\">\n<li data-start=\"5527\" data-end=\"5626\">\n<p data-start=\"5529\" data-end=\"5626\"><strong data-start=\"5529\" data-end=\"5548\">Haute puret\u00e9<\/strong> \u2013 Qualit\u00e9 laboratoire \u226598%, id\u00e9ale pour des r\u00e9sultats de recherche fiables.<\/p>\n<\/li>\n<li data-start=\"5627\" data-end=\"5713\">\n<p data-start=\"5629\" data-end=\"5713\"><strong data-start=\"5629\" data-end=\"5646\">Forme stable<\/strong> \u2013 La forme chlorhydrate augmente la stabilit\u00e9 et la solubilit\u00e9.<\/p>\n<\/li>\n<li data-start=\"5714\" data-end=\"5793\">\n<p data-start=\"5716\" data-end=\"5793\"><strong data-start=\"5716\" data-end=\"5741\">Analytique Polyvalent<\/strong> \u2013 Convient pour les analyses GC\/MS, HPLC, FTIR et RMN.<\/p>\n<\/li>\n<li data-start=\"5794\" data-end=\"5904\">\n<p data-start=\"5796\" data-end=\"5904\"><strong data-start=\"5796\" data-end=\"5825\">Pertinence neurochimique<\/strong> \u2013 Utilis\u00e9 pour la recherche sur les r\u00e9cepteurs de la s\u00e9rotonine (5-HT1A, 5-HT2A, etc.).<\/p>\n<\/li>\n<li data-start=\"5905\" data-end=\"6004\">\n<p data-start=\"5907\" data-end=\"6004\"><strong data-start=\"5907\" data-end=\"5932\">Qualit\u00e9 tra\u00e7able<\/strong> \u2013 Chaque lot est fourni avec un Certificat d\u2019Analyse (COA) sur demande.<\/p>\n<\/li>\n<\/ul>\n<hr data-start=\"6006\" data-end=\"6009\" \/>\n<h3 data-start=\"6011\" data-end=\"6063\"><strong data-start=\"6015\" data-end=\"6061\">Utilisation (\u00e0 des fins de recherche uniquement)<\/strong><\/h3>\n<ol data-start=\"6065\" data-end=\"6460\">\n<li data-start=\"6065\" data-end=\"6134\">\n<p data-start=\"6068\" data-end=\"6134\"><strong data-start=\"6068\" data-end=\"6083\">Manutention:<\/strong> Portez des gants, une blouse de laboratoire et des lunettes de s\u00e9curit\u00e9.<\/p>\n<\/li>\n<li data-start=\"6135\" data-end=\"6209\">\n<p data-start=\"6138\" data-end=\"6209\"><strong data-start=\"6138\" data-end=\"6151\">Mesures:<\/strong> Utilisez des instruments calibr\u00e9s pour un dosage pr\u00e9cis.<\/p>\n<\/li>\n<li data-start=\"6210\" data-end=\"6276\">\n<p data-start=\"6213\" data-end=\"6276\"><strong data-start=\"6213\" data-end=\"6224\">Stockage:<\/strong> Conserver ferm\u00e9 dans un endroit frais (2\u20138\u00b0C), sec et sombre.<\/p>\n<\/li>\n<li data-start=\"6277\" data-end=\"6377\">\n<p data-start=\"6280\" data-end=\"6377\"><strong data-start=\"6280\" data-end=\"6292\">Analyse:<\/strong> Convient aux applications chromatographiques, spectroscopiques et pharmacologiques.<\/p>\n<\/li>\n<li data-start=\"6378\" data-end=\"6460\">\n<p data-start=\"6381\" data-end=\"6460\"><strong data-start=\"6381\" data-end=\"6398\">Documentation:<\/strong> Enregistrez les num\u00e9ros de lot, les r\u00e9sultats des tests et les conditions de stockage.<\/p>\n<\/li>\n<\/ol>\n<hr data-start=\"6462\" data-end=\"6465\" \/>\n<h3 data-start=\"6467\" data-end=\"6502\"><strong data-start=\"6471\" data-end=\"6500\">Foire aux questions (FAQ)<\/strong><\/h3>\n<p data-start=\"6504\" data-end=\"6702\"><strong data-start=\"6504\" data-end=\"6526\">1. Qu&#039;est-ce que le DPT HCl ?<\/strong><br data-start=\"6526\" data-end=\"6529\" \/><strong data-start=\"6529\" data-end=\"6575\">DPT HCl (chlorhydrate de dipropyltryptamine)<\/strong> est un <strong data-start=\"6583\" data-end=\"6610\">tryptamine synth\u00e9tique<\/strong> qui est utilis\u00e9 pour la recherche analytique et neurochimique sur les r\u00e9cepteurs de la s\u00e9rotonine.<\/p>\n<p data-start=\"6704\" data-end=\"6886\"><strong data-start=\"6704\" data-end=\"6743\">2. \u00c0 quoi sert le DPT HCl ?<\/strong><br data-start=\"6743\" data-end=\"6746\" \/>Pour <strong data-start=\"6751\" data-end=\"6783\">recherche sur les r\u00e9cepteurs de la s\u00e9rotonine<\/strong>, <strong data-start=\"6785\" data-end=\"6815\">\u00e9tudes structure-activit\u00e9<\/strong>, et <strong data-start=\"6820\" data-end=\"6852\">\u00e9talonnage chromatographique<\/strong> au sein des laboratoires d&#039;analyse.<\/p>\n<p data-start=\"6888\" data-end=\"7139\"><strong data-start=\"6888\" data-end=\"6929\">3. Est-il l\u00e9gal d\u2019acheter du DPT HCl ?<\/strong><br data-start=\"6929\" data-end=\"6932\" \/>Le <strong data-start=\"6935\" data-end=\"6961\">l\u00e9galit\u00e9 du DPT HCl<\/strong> Varie selon les pays. Dans certains pays, il est consid\u00e9r\u00e9 comme un produit chimique de recherche\u00a0; ailleurs, il peut \u00eatre r\u00e9glement\u00e9. Consultez toujours la r\u00e9glementation locale avant utilisation. <strong data-start=\"7119\" data-end=\"7136\">Acheter du DPT HCl<\/strong>.<\/p>","protected":false},"excerpt":{"rendered":"<h3><span data-sheets-value=\"{\" data-sheets-userformat=\"{\">Propri\u00e9t\u00e9s du fumarate de DPT<\/span><\/h3>\n<p><strong>Synonyme:<\/strong> N,N-dipropyltryptamine<br \/>\n<strong>Num\u00e9ro CAS :<\/strong> 61-52-9<br \/>\n<strong>Formule:<\/strong> <span title=\"Carbone\">C<\/span><sub>16<\/sub><span title=\"Hydrog\u00e8ne\">H<\/span><sub>24<\/sub><span title=\"Azote\">N<\/span><sub>2<\/sub><br \/>\n<strong>Masse molaire :<\/strong> 244,382 g\/mol<br \/>\n<strong>Puret\u00e9:<\/strong> &gt;97%<\/p>","protected":false},"featured_media":28511,"comment_status":"closed","ping_status":"closed","template":"","meta":[],"product_brand":[82],"product_cat":[457,381],"product_tag":[805,804,806,807,808,809,326],"class_list":{"0":"post-24569","1":"product","2":"type-product","3":"status-publish","4":"has-post-thumbnail","6":"product_brand-research-chemical","7":"product_cat-dpt","8":"product_cat-tryptamines","9":"product_tag-buy-dipropyltryptamine","10":"product_tag-dipropyltryptamine","11":"product_tag-dipropyltryptamine-buy","12":"product_tag-dipropyltryptamine-buy-direct","13":"product_tag-dipropyltryptamine-kopen","14":"product_tag-dipropyltryptamine-netherland","15":"product_tag-nl","17":"first","18":"instock","19":"taxable","20":"shipping-taxable","21":"purchasable","22":"product-type-variable"},"_links":{"self":[{"href":"https:\/\/researchchemicalhub.com\/fr\/wp-json\/wp\/v2\/product\/24569","targetHints":{"allow":["GET"]}}],"collection":[{"href":"https:\/\/researchchemicalhub.com\/fr\/wp-json\/wp\/v2\/product"}],"about":[{"href":"https:\/\/researchchemicalhub.com\/fr\/wp-json\/wp\/v2\/types\/product"}],"replies":[{"embeddable":true,"href":"https:\/\/researchchemicalhub.com\/fr\/wp-json\/wp\/v2\/comments?post=24569"}],"version-history":[{"count":6,"href":"https:\/\/researchchemicalhub.com\/fr\/wp-json\/wp\/v2\/product\/24569\/revisions"}],"predecessor-version":[{"id":27771,"href":"https:\/\/researchchemicalhub.com\/fr\/wp-json\/wp\/v2\/product\/24569\/revisions\/27771"}],"wp:featuredmedia":[{"embeddable":true,"href":"https:\/\/researchchemicalhub.com\/fr\/wp-json\/wp\/v2\/media\/28511"}],"wp:attachment":[{"href":"https:\/\/researchchemicalhub.com\/fr\/wp-json\/wp\/v2\/media?parent=24569"}],"wp:term":[{"taxonomy":"product_brand","embeddable":true,"href":"https:\/\/researchchemicalhub.com\/fr\/wp-json\/wp\/v2\/product_brand?post=24569"},{"taxonomy":"product_cat","embeddable":true,"href":"https:\/\/researchchemicalhub.com\/fr\/wp-json\/wp\/v2\/product_cat?post=24569"},{"taxonomy":"product_tag","embeddable":true,"href":"https:\/\/researchchemicalhub.com\/fr\/wp-json\/wp\/v2\/product_tag?post=24569"}],"curies":[{"name":"wp","href":"https:\/\/api.w.org\/{rel}","templated":true}]}}