{"id":24490,"date":"2025-10-20T17:41:49","date_gmt":"2025-10-20T17:41:49","guid":{"rendered":"https:\/\/researchchemicalhub.com\/?post_type=product&#038;p=24490"},"modified":"2025-10-21T16:11:58","modified_gmt":"2025-10-21T16:11:58","slug":"fluor-mix-zakje-1gr-4-fma","status":"publish","type":"product","link":"https:\/\/researchchemicalhub.com\/fr\/shop\/b2b\/fluor-mix-zakje-1gr-4-fma\/","title":{"rendered":"Sachet de m\u00e9lange de fluor 1 gr"},"content":{"rendered":"<h3 data-start=\"4116\" data-end=\"4137\"><strong data-start=\"4120\" data-end=\"4135\">Introduction<\/strong><\/h3>\n<p data-start=\"4138\" data-end=\"4536\"><strong data-start=\"4138\" data-end=\"4162\">Sachet de m\u00e9lange de fluor (1 g)<\/strong> contient <strong data-start=\"4169\" data-end=\"4222\">1 gramme de substances de recherche fluor\u00e9es de haute puret\u00e9<\/strong>, sp\u00e9cialement d\u00e9velopp\u00e9 pour <strong data-start=\"4249\" data-end=\"4309\">recherche analytique, m\u00e9dico-l\u00e9gale et chimique en laboratoire<\/strong>. 4 fma<br data-start=\"4310\" data-end=\"4313\" \/>Ce m\u00e9lange contient <strong data-start=\"4328\" data-end=\"4354\">analogues fluor\u00e9s<\/strong> de compos\u00e9s de recherche s\u00e9lectionn\u00e9s, id\u00e9aux pour <strong data-start=\"4412\" data-end=\"4463\">recherche sur la relation structure-activit\u00e9 (SAR)<\/strong>, <strong data-start=\"4465\" data-end=\"4495\">analyses chromatographiques<\/strong> et <strong data-start=\"4499\" data-end=\"4533\">identification spectroscopique<\/strong>.<\/p>\n<p data-start=\"4538\" data-end=\"4856\">Chaque lot est produit sous <strong data-start=\"4574\" data-end=\"4619\">conditions de laboratoire contr\u00f4l\u00e9es<\/strong> et test\u00e9 sur un <strong data-start=\"4637\" data-end=\"4661\">puret\u00e9 \u2265 98%<\/strong>, ce qui garantit des r\u00e9sultats de recherche coh\u00e9rents et fiables.<br data-start=\"4726\" data-end=\"4729\" \/>Le m\u00e9lange est livr\u00e9 dans un <strong data-start=\"4758\" data-end=\"4807\">sac de laboratoire refermable et r\u00e9sistant \u00e0 l&#039;humidit\u00e9<\/strong> pour un stockage s\u00fbr et une stabilit\u00e9 \u00e0 long terme.<\/p>\n<blockquote data-start=\"4858\" data-end=\"5002\">\n<p data-start=\"4860\" data-end=\"5002\">\u26a0\ufe0f <strong data-start=\"4863\" data-end=\"4874\">NB:<\/strong> Fluor Mix est uniquement destin\u00e9 \u00e0 <strong data-start=\"4913\" data-end=\"4948\">recherche et utilisation analytique<\/strong> \u2014 <strong data-start=\"4951\" data-end=\"4999\">non destin\u00e9 \u00e0 la consommation humaine ou animale<\/strong>.<\/p>\n<\/blockquote>\n<hr data-start=\"5004\" data-end=\"5007\" \/>\n<h3 data-start=\"5009\" data-end=\"5040\"><strong data-start=\"5013\" data-end=\"5040\">Caract\u00e9ristiques principales<\/strong><\/h3>\n<div class=\"_tableContainer_1rjym_1\">\n<div class=\"group _tableWrapper_1rjym_13 flex w-fit flex-col-reverse\" tabindex=\"-1\">\n<table class=\"w-fit min-w-(--thread-content-width)\" data-start=\"5042\" data-end=\"5582\">\n<thead data-start=\"5042\" data-end=\"5068\">\n<tr data-start=\"5042\" data-end=\"5068\">\n<th data-start=\"5042\" data-end=\"5052\" data-col-size=\"sm\">Fonctionnalit\u00e9<\/th>\n<th data-start=\"5052\" data-end=\"5068\" data-col-size=\"md\">Description<\/th>\n<\/tr>\n<\/thead>\n<tbody data-start=\"5097\" data-end=\"5582\">\n<tr data-start=\"5097\" data-end=\"5128\">\n<td data-start=\"5097\" data-end=\"5115\" data-col-size=\"sm\"><strong data-start=\"5099\" data-end=\"5114\">Nom du produit<\/strong><\/td>\n<td data-start=\"5115\" data-end=\"5128\" data-col-size=\"md\">M\u00e9lange de fluor<\/td>\n<\/tr>\n<tr data-start=\"5129\" data-end=\"5167\">\n<td data-start=\"5129\" data-end=\"5147\" data-col-size=\"sm\"><strong data-start=\"5131\" data-end=\"5146\">Quantit\u00e9<\/strong><\/td>\n<td data-start=\"5147\" data-end=\"5167\" data-col-size=\"md\">1 gramme par sachet<\/td>\n<\/tr>\n<tr data-start=\"5168\" data-end=\"5206\">\n<td data-start=\"5168\" data-end=\"5179\" data-col-size=\"sm\"><strong data-start=\"5170\" data-end=\"5178\">Formulaire<\/strong><\/td>\n<td data-start=\"5179\" data-end=\"5206\" data-col-size=\"md\">Poudre cristalline fine<\/td>\n<\/tr>\n<tr data-start=\"5207\" data-end=\"5260\">\n<td data-start=\"5207\" data-end=\"5224\" data-col-size=\"sm\"><strong data-start=\"5209\" data-end=\"5223\">Puret\u00e9<\/strong><\/td>\n<td data-start=\"5224\" data-end=\"5260\" data-col-size=\"md\">\u2265 98% (test\u00e9 par HPLC et GC\/MS)<\/td>\n<\/tr>\n<tr data-start=\"5261\" data-end=\"5346\">\n<td data-start=\"5261\" data-end=\"5281\" data-col-size=\"sm\"><strong data-start=\"5263\" data-end=\"5280\">Compos\u00e9<\/strong><\/td>\n<td data-start=\"5281\" data-end=\"5346\" data-col-size=\"md\">M\u00e9lange de substances de recherche fluor\u00e9es (selon le lot)<\/td>\n<\/tr>\n<tr data-start=\"5347\" data-end=\"5423\">\n<td data-start=\"5347\" data-end=\"5368\" data-col-size=\"sm\"><strong data-start=\"5349\" data-end=\"5367\">Type chimique<\/strong><\/td>\n<td data-start=\"5368\" data-end=\"5423\" data-col-size=\"md\">Analogues fluor\u00e9s \/ m\u00e9lange \u00e9talon analytique<\/td>\n<\/tr>\n<tr data-start=\"5424\" data-end=\"5498\">\n<td data-start=\"5424\" data-end=\"5438\" data-col-size=\"sm\"><strong data-start=\"5426\" data-end=\"5437\">Usage<\/strong><\/td>\n<td data-start=\"5438\" data-end=\"5498\" data-col-size=\"md\">Pour la recherche analytique, m\u00e9dico-l\u00e9gale et chimique uniquement<\/td>\n<\/tr>\n<tr data-start=\"5499\" data-end=\"5582\">\n<td data-start=\"5499\" data-end=\"5516\" data-col-size=\"sm\"><strong data-start=\"5501\" data-end=\"5515\">Conditionnement<\/strong><\/td>\n<td data-start=\"5516\" data-end=\"5582\" data-col-size=\"md\">Sac de laboratoire refermable, antistatique et r\u00e9sistant \u00e0 l&#039;humidit\u00e9<\/td>\n<\/tr>\n<\/tbody>\n<\/table>\n<\/div>\n<\/div>\n<hr data-start=\"5584\" data-end=\"5587\" \/>\n<h3 data-start=\"5589\" data-end=\"5606\"><strong data-start=\"5593\" data-end=\"5606\">Avantages<\/strong><\/h3>\n<ul data-start=\"5608\" data-end=\"6045\">\n<li data-start=\"5608\" data-end=\"5688\">\n<p data-start=\"5610\" data-end=\"5688\"><strong data-start=\"5610\" data-end=\"5629\">Haute puret\u00e9<\/strong> \u2013 Qualit\u00e9 laboratoire \u2265 98% pour des analyses fiables.<\/p>\n<\/li>\n<li data-start=\"5689\" data-end=\"5779\">\n<p data-start=\"5691\" data-end=\"5779\"><strong data-start=\"5691\" data-end=\"5716\">Formule contenant du fluor<\/strong> \u2013 Contient des analogues soigneusement s\u00e9lectionn\u00e9s \u00e0 des fins de comparaison.<\/p>\n<\/li>\n<li data-start=\"5780\" data-end=\"5875\">\n<p data-start=\"5782\" data-end=\"5875\"><strong data-start=\"5782\" data-end=\"5812\">Largement applicable \u00e0 la recherche<\/strong> \u2013 Convient aux tests chromatographiques et spectroscopiques.<\/p>\n<\/li>\n<li data-start=\"5876\" data-end=\"5968\">\n<p data-start=\"5878\" data-end=\"5968\"><strong data-start=\"5878\" data-end=\"5906\">Production contr\u00f4l\u00e9e<\/strong> \u2013 Chaque lot est fabriqu\u00e9 dans des conditions de laboratoire.<\/p>\n<\/li>\n<li data-start=\"5969\" data-end=\"6045\">\n<p data-start=\"5971\" data-end=\"6045\"><strong data-start=\"5971\" data-end=\"5993\">Longue dur\u00e9e de conservation<\/strong> \u2013 L\u2019emballage prot\u00e8ge contre l\u2019humidit\u00e9 et la d\u00e9gradation.<\/p>\n<\/li>\n<\/ul>\n<hr data-start=\"6047\" data-end=\"6050\" \/>\n<h3 data-start=\"6052\" data-end=\"6104\"><strong data-start=\"6056\" data-end=\"6102\">Utilisation (\u00e0 des fins de recherche uniquement)<\/strong><\/h3>\n<ol data-start=\"6106\" data-end=\"6508\">\n<li data-start=\"6106\" data-end=\"6212\">\n<p data-start=\"6109\" data-end=\"6212\"><strong data-start=\"6109\" data-end=\"6124\">Manutention:<\/strong> Portez des gants, des lunettes de s\u00e9curit\u00e9 et une blouse de laboratoire ; travaillez dans un environnement contr\u00f4l\u00e9.<\/p>\n<\/li>\n<li data-start=\"6213\" data-end=\"6288\">\n<p data-start=\"6216\" data-end=\"6288\"><strong data-start=\"6216\" data-end=\"6229\">Mesures:<\/strong> Utiliser des balances et des instruments de laboratoire calibr\u00e9s.<\/p>\n<\/li>\n<li data-start=\"6289\" data-end=\"6367\">\n<p data-start=\"6292\" data-end=\"6367\"><strong data-start=\"6292\" data-end=\"6303\">Stockage:<\/strong> Conserver au frais (2\u20138\u00b0C), au sec et \u00e0 l\u2019abri de la lumi\u00e8re, dans son emballage d\u2019origine.<\/p>\n<\/li>\n<li data-start=\"6368\" data-end=\"6432\">\n<p data-start=\"6371\" data-end=\"6432\"><strong data-start=\"6371\" data-end=\"6383\">Analyse:<\/strong> Convient pour GC\/MS, LC-MS, HPLC, FTIR et RMN. 4 fma<\/p>\n<\/li>\n<li data-start=\"6433\" data-end=\"6508\">\n<p data-start=\"6436\" data-end=\"6508\"><strong data-start=\"6436\" data-end=\"6453\">Documentation:<\/strong> Enregistrez les num\u00e9ros de lot et les r\u00e9sultats des tests pour v\u00e9rifier la conformit\u00e9.<\/p>\n<\/li>\n<\/ol>\n<hr data-start=\"6510\" data-end=\"6513\" \/>\n<h3 data-start=\"6515\" data-end=\"6550\"><strong data-start=\"6519\" data-end=\"6548\">Foire aux questions (FAQ)<\/strong><\/h3>\n<p data-start=\"6552\" data-end=\"6689\"><strong data-start=\"6552\" data-end=\"6576\">1. Qu&#039;est-ce que Fluor Mix ?<\/strong><br data-start=\"6576\" data-end=\"6579\" \/><strong data-start=\"6579\" data-end=\"6592\">M\u00e9lange de fluor<\/strong> est un <strong data-start=\"6600\" data-end=\"6646\">m\u00e9lange de substances de recherche fluor\u00e9es<\/strong> pour la recherche analytique et m\u00e9dico-l\u00e9gale.<\/p>\n<p data-start=\"6691\" data-end=\"6829\"><strong data-start=\"6691\" data-end=\"6737\">2. Que contient le sachet Fluor Mix (1 g) ?<\/strong><br data-start=\"6737\" data-end=\"6740\" \/>Le sac contient <strong data-start=\"6756\" data-end=\"6812\">1 gramme de compos\u00e9s fluor\u00e9s de haute puret\u00e9 (\u2265 98%)<\/strong> sous forme de poudre.<\/p>\n<p data-start=\"6831\" data-end=\"7016\"><strong data-start=\"6831\" data-end=\"6874\">3. Est-il l\u00e9gal d&#039;acheter du Fluor Mix ?<\/strong><br data-start=\"6874\" data-end=\"6877\" \/>Le <strong data-start=\"6880\" data-end=\"6908\">l\u00e9galit\u00e9 du Fluor Mix<\/strong> varie selon le pays et la composition. Veuillez toujours v\u00e9rifier la r\u00e9glementation locale avant utilisation. <strong data-start=\"6994\" data-end=\"7013\">Fluor Mix ach\u00e8te<\/strong>.<\/p>","protected":false},"excerpt":{"rendered":"<h2><strong><span dir=\"auto\" style=\"vertical-align: inherit;\"><span dir=\"auto\" style=\"vertical-align: inherit;\">Sachet de m\u00e9lange de fluor (4-FMA, 2-FMA, 2-FA) de 1 gramme<\/span><\/span><\/strong><\/h2>","protected":false},"featured_media":21609,"comment_status":"closed","ping_status":"closed","template":"","meta":[],"product_brand":[],"product_cat":[555],"product_tag":[629,644,326],"class_list":{"0":"post-24490","1":"product","2":"type-product","3":"status-publish","4":"has-post-thumbnail","6":"product_cat-b2b","7":"product_tag-4-fma-kopen","8":"product_tag-4-fma","9":"product_tag-nl","11":"first","12":"instock","13":"taxable","14":"shipping-taxable","15":"purchasable","16":"product-type-variable"},"_links":{"self":[{"href":"https:\/\/researchchemicalhub.com\/fr\/wp-json\/wp\/v2\/product\/24490","targetHints":{"allow":["GET"]}}],"collection":[{"href":"https:\/\/researchchemicalhub.com\/fr\/wp-json\/wp\/v2\/product"}],"about":[{"href":"https:\/\/researchchemicalhub.com\/fr\/wp-json\/wp\/v2\/types\/product"}],"replies":[{"embeddable":true,"href":"https:\/\/researchchemicalhub.com\/fr\/wp-json\/wp\/v2\/comments?post=24490"}],"version-history":[{"count":5,"href":"https:\/\/researchchemicalhub.com\/fr\/wp-json\/wp\/v2\/product\/24490\/revisions"}],"predecessor-version":[{"id":27781,"href":"https:\/\/researchchemicalhub.com\/fr\/wp-json\/wp\/v2\/product\/24490\/revisions\/27781"}],"wp:featuredmedia":[{"embeddable":true,"href":"https:\/\/researchchemicalhub.com\/fr\/wp-json\/wp\/v2\/media\/21609"}],"wp:attachment":[{"href":"https:\/\/researchchemicalhub.com\/fr\/wp-json\/wp\/v2\/media?parent=24490"}],"wp:term":[{"taxonomy":"product_brand","embeddable":true,"href":"https:\/\/researchchemicalhub.com\/fr\/wp-json\/wp\/v2\/product_brand?post=24490"},{"taxonomy":"product_cat","embeddable":true,"href":"https:\/\/researchchemicalhub.com\/fr\/wp-json\/wp\/v2\/product_cat?post=24490"},{"taxonomy":"product_tag","embeddable":true,"href":"https:\/\/researchchemicalhub.com\/fr\/wp-json\/wp\/v2\/product_tag?post=24490"}],"curies":[{"name":"wp","href":"https:\/\/api.w.org\/{rel}","templated":true}]}}