{"id":24457,"date":"2025-10-20T17:41:45","date_gmt":"2025-10-20T17:41:45","guid":{"rendered":"https:\/\/researchchemicalhub.com\/?post_type=product&#038;p=24457"},"modified":"2025-10-29T08:20:46","modified_gmt":"2025-10-29T08:20:46","slug":"granules-de-benzo-fury-6-apb-100-mg","status":"publish","type":"product","link":"https:\/\/researchchemicalhub.com\/fr\/boutique\/6-apb\/granules-de-benzo-fury-6-apb-100-mg\/","title":{"rendered":"Pastilles de Benzo Fury 6-APB 100 mg"},"content":{"rendered":"<h3 data-start=\"4092\" data-end=\"4113\"><strong data-start=\"4096\" data-end=\"4111\"><span dir=\"auto\" style=\"vertical-align: inherit;\"><span dir=\"auto\" style=\"vertical-align: inherit;\">Introduction<\/span><\/span><\/strong><\/h3>\n<p data-start=\"4114\" data-end=\"4550\"><strong data-start=\"4114\" data-end=\"4148\"><span dir=\"auto\" style=\"vertical-align: inherit;\"><span dir=\"auto\" style=\"vertical-align: inherit;\">Pastilles de Benzo Fury 6-APB 100 mg<\/span><\/span><\/strong><span dir=\"auto\" style=\"vertical-align: inherit;\"><span dir=\"auto\" style=\"vertical-align: inherit;\"> contenir <\/span><\/span><strong data-start=\"4158\" data-end=\"4203\"><span dir=\"auto\" style=\"vertical-align: inherit;\"><span dir=\"auto\" style=\"vertical-align: inherit;\">100 mg de 6-APB (6-(2-aminopropyl)benzofurane)<\/span><\/span><\/strong><span dir=\"auto\" style=\"vertical-align: inherit;\"><span dir=\"auto\" style=\"vertical-align: inherit;\"> avec un <\/span><\/span><strong data-start=\"4212\" data-end=\"4236\"><span dir=\"auto\" style=\"vertical-align: inherit;\"><span dir=\"auto\" style=\"vertical-align: inherit;\">puret\u00e9 \u2265 98%<\/span><\/span><\/strong><span dir=\"auto\" style=\"vertical-align: inherit;\"><span dir=\"auto\" style=\"vertical-align: inherit;\"> , sp\u00e9cialement d\u00e9velopp\u00e9 pour <\/span><\/span><strong data-start=\"4263\" data-end=\"4316\"><span dir=\"auto\" style=\"vertical-align: inherit;\"><span dir=\"auto\" style=\"vertical-align: inherit;\">recherche analytique, m\u00e9dico-l\u00e9gale et neurochimique<\/span><\/span><\/strong><span dir=\"auto\" style=\"vertical-align: inherit;\"><span dir=\"auto\" style=\"vertical-align: inherit;\"> . 6 apb benzo fury\u00a0 <\/span><\/span><br data-start=\"4317\" data-end=\"4320\" \/><span dir=\"auto\" style=\"vertical-align: inherit;\"><span dir=\"auto\" style=\"vertical-align: inherit;\">6-APB, plus connu sous le nom de <\/span><\/span><strong data-start=\"4344\" data-end=\"4361\"><span dir=\"auto\" style=\"vertical-align: inherit;\"><span dir=\"auto\" style=\"vertical-align: inherit;\">\u00ab Benzo Fury \u00bb<\/span><\/span><\/strong><span dir=\"auto\" style=\"vertical-align: inherit;\"><span dir=\"auto\" style=\"vertical-align: inherit;\"> est un <\/span><\/span><strong data-start=\"4369\" data-end=\"4407\"><span dir=\"auto\" style=\"vertical-align: inherit;\"><span dir=\"auto\" style=\"vertical-align: inherit;\">compos\u00e9 de benzofurane synth\u00e9tique<\/span><\/span><\/strong><span dir=\"auto\" style=\"vertical-align: inherit;\"><span dir=\"auto\" style=\"vertical-align: inherit;\"> et structurellement li\u00e9s \u00e0 <\/span><\/span><strong data-start=\"4435\" data-end=\"4442\"><span dir=\"auto\" style=\"vertical-align: inherit;\"><span dir=\"auto\" style=\"vertical-align: inherit;\">MDA<\/span><\/span><\/strong><span dir=\"auto\" style=\"vertical-align: inherit;\"><span dir=\"auto\" style=\"vertical-align: inherit;\"> Une enqu\u00eate est en cours \u00e0 ce sujet. <\/span><\/span><strong data-start=\"4478\" data-end=\"4519\"><span dir=\"auto\" style=\"vertical-align: inherit;\"><span dir=\"auto\" style=\"vertical-align: inherit;\">affinit\u00e9 pour les transporteurs de monoamines<\/span><\/span><\/strong><span dir=\"auto\" style=\"vertical-align: inherit;\"><span dir=\"auto\" style=\"vertical-align: inherit;\"> et <\/span><\/span><strong data-start=\"4523\" data-end=\"4547\"><span dir=\"auto\" style=\"vertical-align: inherit;\"><span dir=\"auto\" style=\"vertical-align: inherit;\">r\u00e9cepteurs de la s\u00e9rotonine<\/span><\/span><\/strong><span dir=\"auto\" style=\"vertical-align: inherit;\"><span dir=\"auto\" style=\"vertical-align: inherit;\"> .<\/span><\/span><\/p>\n<p data-start=\"4552\" data-end=\"4701\"><span dir=\"auto\" style=\"vertical-align: inherit;\"><span dir=\"auto\" style=\"vertical-align: inherit;\">Chaque pastille est fabriqu\u00e9e avec pr\u00e9cision et <\/span><\/span><strong data-start=\"4594\" data-end=\"4643\"><span dir=\"auto\" style=\"vertical-align: inherit;\"><span dir=\"auto\" style=\"vertical-align: inherit;\">conditionn\u00e9 sous blister protecteur<\/span><\/span><\/strong><span dir=\"auto\" style=\"vertical-align: inherit;\"><span dir=\"auto\" style=\"vertical-align: inherit;\"> pour une stabilit\u00e9 et une fiabilit\u00e9 de recherche maximales.<\/span><\/span><\/p>\n<blockquote data-start=\"4703\" data-end=\"4849\">\n<p data-start=\"4705\" data-end=\"4849\">\u26a0\ufe0f <strong data-start=\"4708\" data-end=\"4719\"><span dir=\"auto\" style=\"vertical-align: inherit;\"><span dir=\"auto\" style=\"vertical-align: inherit;\">Veuillez noter:<\/span><\/span><\/strong><span dir=\"auto\" style=\"vertical-align: inherit;\"><span dir=\"auto\" style=\"vertical-align: inherit;\"> Ce produit est destin\u00e9 \u00e0 <\/span><\/span><strong data-start=\"4760\" data-end=\"4795\"><span dir=\"auto\" style=\"vertical-align: inherit;\"><span dir=\"auto\" style=\"vertical-align: inherit;\">utilisation \u00e0 des fins de recherche et d&#039;analyse<\/span><\/span><\/strong><span dir=\"auto\" style=\"vertical-align: inherit;\"><span dir=\"auto\" style=\"vertical-align: inherit;\"> seulement - <\/span><\/span><strong data-start=\"4798\" data-end=\"4846\"><span dir=\"auto\" style=\"vertical-align: inherit;\"><span dir=\"auto\" style=\"vertical-align: inherit;\">Ne pas consommer de nourriture humaine ou animale<\/span><\/span><\/strong><span dir=\"auto\" style=\"vertical-align: inherit;\"><span dir=\"auto\" style=\"vertical-align: inherit;\"> .<\/span><\/span><\/p>\n<\/blockquote>\n<hr data-start=\"4851\" data-end=\"4854\" \/>\n<h3 data-start=\"4856\" data-end=\"4887\"><strong data-start=\"4860\" data-end=\"4887\"><span dir=\"auto\" style=\"vertical-align: inherit;\"><span dir=\"auto\" style=\"vertical-align: inherit;\">Caract\u00e9ristiques principales<\/span><\/span><\/strong><\/h3>\n<div class=\"_tableContainer_1rjym_1\">\n<div class=\"group _tableWrapper_1rjym_13 flex w-fit flex-col-reverse\" tabindex=\"-1\">\n<table class=\"w-fit min-w-(--thread-content-width)\" data-start=\"4889\" data-end=\"5461\">\n<thead data-start=\"4889\" data-end=\"4915\">\n<tr data-start=\"4889\" data-end=\"4915\">\n<th data-start=\"4889\" data-end=\"4899\" data-col-size=\"sm\"><span dir=\"auto\" style=\"vertical-align: inherit;\"><span dir=\"auto\" style=\"vertical-align: inherit;\">Fonctionnalit\u00e9<\/span><\/span><\/th>\n<th data-start=\"4899\" data-end=\"4915\" data-col-size=\"md\"><span dir=\"auto\" style=\"vertical-align: inherit;\"><span dir=\"auto\" style=\"vertical-align: inherit;\">Description<\/span><\/span><\/th>\n<\/tr>\n<\/thead>\n<tbody data-start=\"4944\" data-end=\"5461\">\n<tr data-start=\"4944\" data-end=\"4996\">\n<td data-start=\"4944\" data-end=\"4965\" data-col-size=\"sm\"><strong data-start=\"4946\" data-end=\"4964\"><span dir=\"auto\" style=\"vertical-align: inherit;\"><span dir=\"auto\" style=\"vertical-align: inherit;\">Nom chimique<\/span><\/span><\/strong><\/td>\n<td data-start=\"4965\" data-end=\"4996\" data-col-size=\"md\"><span dir=\"auto\" style=\"vertical-align: inherit;\"><span dir=\"auto\" style=\"vertical-align: inherit;\">6-(2-aminopropyl)benzofurane<\/span><\/span><\/td>\n<\/tr>\n<tr data-start=\"4997\" data-end=\"5044\">\n<td data-start=\"4997\" data-end=\"5022\" data-col-size=\"sm\"><strong data-start=\"4999\" data-end=\"5021\"><span dir=\"auto\" style=\"vertical-align: inherit;\"><span dir=\"auto\" style=\"vertical-align: inherit;\">Nom commun<\/span><\/span><\/strong><\/td>\n<td data-start=\"5022\" data-end=\"5044\" data-col-size=\"md\"><span dir=\"auto\" style=\"vertical-align: inherit;\"><span dir=\"auto\" style=\"vertical-align: inherit;\">6-APB \/ Fureur de benzo<\/span><\/span><\/td>\n<\/tr>\n<tr data-start=\"5045\" data-end=\"5081\">\n<td data-start=\"5045\" data-end=\"5069\" data-col-size=\"sm\"><strong data-start=\"5047\" data-end=\"5068\"><span dir=\"auto\" style=\"vertical-align: inherit;\"><span dir=\"auto\" style=\"vertical-align: inherit;\">Formule chimique<\/span><\/span><\/strong><\/td>\n<td data-start=\"5069\" data-end=\"5081\" data-col-size=\"md\"><span dir=\"auto\" style=\"vertical-align: inherit;\"><span dir=\"auto\" style=\"vertical-align: inherit;\">C\u2081\u2081H\u2081\u2083NO<\/span><\/span><\/td>\n<\/tr>\n<tr data-start=\"5082\" data-end=\"5120\">\n<td data-start=\"5082\" data-end=\"5104\" data-col-size=\"sm\"><strong data-start=\"5084\" data-end=\"5103\"><span dir=\"auto\" style=\"vertical-align: inherit;\"><span dir=\"auto\" style=\"vertical-align: inherit;\">Poids mol\u00e9culaire<\/span><\/span><\/strong><\/td>\n<td data-start=\"5104\" data-end=\"5120\" data-col-size=\"md\"><span dir=\"auto\" style=\"vertical-align: inherit;\"><span dir=\"auto\" style=\"vertical-align: inherit;\">175,23 g\/mol<\/span><\/span><\/td>\n<\/tr>\n<tr data-start=\"5121\" data-end=\"5156\">\n<td data-start=\"5121\" data-end=\"5136\" data-col-size=\"sm\"><strong data-start=\"5123\" data-end=\"5135\"><span dir=\"auto\" style=\"vertical-align: inherit;\"><span dir=\"auto\" style=\"vertical-align: inherit;\">Dosage<\/span><\/span><\/strong><\/td>\n<td data-start=\"5136\" data-end=\"5156\" data-col-size=\"md\"><span dir=\"auto\" style=\"vertical-align: inherit;\"><span dir=\"auto\" style=\"vertical-align: inherit;\">100 mg par pastille<\/span><\/span><\/td>\n<\/tr>\n<tr data-start=\"5157\" data-end=\"5204\">\n<td data-start=\"5157\" data-end=\"5168\" data-col-size=\"sm\"><strong data-start=\"5159\" data-end=\"5167\"><span dir=\"auto\" style=\"vertical-align: inherit;\"><span dir=\"auto\" style=\"vertical-align: inherit;\">Formulaire<\/span><\/span><\/strong><\/td>\n<td data-start=\"5168\" data-end=\"5204\" data-col-size=\"md\"><span dir=\"auto\" style=\"vertical-align: inherit;\"><span dir=\"auto\" style=\"vertical-align: inherit;\">Granul\u00e9 solide (emballage blister)<\/span><\/span><\/td>\n<\/tr>\n<tr data-start=\"5205\" data-end=\"5256\">\n<td data-start=\"5205\" data-end=\"5222\" data-col-size=\"sm\"><strong data-start=\"5207\" data-end=\"5221\"><span dir=\"auto\" style=\"vertical-align: inherit;\"><span dir=\"auto\" style=\"vertical-align: inherit;\">Puret\u00e9<\/span><\/span><\/strong><\/td>\n<td data-start=\"5222\" data-end=\"5256\" data-col-size=\"md\"><span dir=\"auto\" style=\"vertical-align: inherit;\"><span dir=\"auto\" style=\"vertical-align: inherit;\">\u2265 98% (test\u00e9 par HPLC et RMN)<\/span><\/span><\/td>\n<\/tr>\n<tr data-start=\"5257\" data-end=\"5319\">\n<td data-start=\"5257\" data-end=\"5280\" data-col-size=\"sm\"><strong data-start=\"5259\" data-end=\"5279\"><span dir=\"auto\" style=\"vertical-align: inherit;\"><span dir=\"auto\" style=\"vertical-align: inherit;\">Classe chimique<\/span><\/span><\/strong><\/td>\n<td data-start=\"5280\" data-end=\"5319\" data-col-size=\"md\"><span dir=\"auto\" style=\"vertical-align: inherit;\"><span dir=\"auto\" style=\"vertical-align: inherit;\">Analogue du benzofurane\/ph\u00e9n\u00e9thylamine<\/span><\/span><\/td>\n<\/tr>\n<tr data-start=\"5320\" data-end=\"5399\">\n<td data-start=\"5320\" data-end=\"5334\" data-col-size=\"sm\"><strong data-start=\"5322\" data-end=\"5333\"><span dir=\"auto\" style=\"vertical-align: inherit;\"><span dir=\"auto\" style=\"vertical-align: inherit;\">Usage<\/span><\/span><\/strong><\/td>\n<td data-start=\"5334\" data-end=\"5399\" data-col-size=\"md\"><span dir=\"auto\" style=\"vertical-align: inherit;\"><span dir=\"auto\" style=\"vertical-align: inherit;\">Uniquement pour la recherche analytique, m\u00e9dico-l\u00e9gale et neurochimique<\/span><\/span><\/td>\n<\/tr>\n<tr data-start=\"5400\" data-end=\"5461\">\n<td data-start=\"5400\" data-end=\"5417\" data-col-size=\"sm\"><strong data-start=\"5402\" data-end=\"5416\"><span dir=\"auto\" style=\"vertical-align: inherit;\"><span dir=\"auto\" style=\"vertical-align: inherit;\">Conditionnement<\/span><\/span><\/strong><\/td>\n<td data-start=\"5417\" data-end=\"5461\" data-col-size=\"md\"><span dir=\"auto\" style=\"vertical-align: inherit;\"><span dir=\"auto\" style=\"vertical-align: inherit;\">Plaquette thermoform\u00e9e avec sceau de laboratoire<\/span><\/span><\/td>\n<\/tr>\n<\/tbody>\n<\/table>\n<\/div>\n<\/div>\n<hr data-start=\"5463\" data-end=\"5466\" \/>\n<h3 data-start=\"5468\" data-end=\"5485\"><strong data-start=\"5472\" data-end=\"5485\"><span dir=\"auto\" style=\"vertical-align: inherit;\"><span dir=\"auto\" style=\"vertical-align: inherit;\">Avantages<\/span><\/span><\/strong><\/h3>\n<ul data-start=\"5487\" data-end=\"5897\">\n<li data-start=\"5487\" data-end=\"5579\">\n<p data-start=\"5489\" data-end=\"5579\"><strong data-start=\"5489\" data-end=\"5508\"><span dir=\"auto\" style=\"vertical-align: inherit;\"><span dir=\"auto\" style=\"vertical-align: inherit;\">Haute puret\u00e9<\/span><\/span><\/strong><span dir=\"auto\" style=\"vertical-align: inherit;\"><span dir=\"auto\" style=\"vertical-align: inherit;\"> \u2013 \u2265 98% qualit\u00e9 laboratoire pour des r\u00e9sultats de recherche pr\u00e9cis.<\/span><\/span><\/p>\n<\/li>\n<li data-start=\"5580\" data-end=\"5654\">\n<p data-start=\"5582\" data-end=\"5654\"><strong data-start=\"5582\" data-end=\"5606\"><span dir=\"auto\" style=\"vertical-align: inherit;\"><span dir=\"auto\" style=\"vertical-align: inherit;\">Dosage pr\u00e9cis<\/span><\/span><\/strong><span dir=\"auto\" style=\"vertical-align: inherit;\"><span dir=\"auto\" style=\"vertical-align: inherit;\"> \u2013 100 mg par pastille pour une analyse homog\u00e8ne.<\/span><\/span><\/p>\n<\/li>\n<li data-start=\"5655\" data-end=\"5742\">\n<p data-start=\"5657\" data-end=\"5742\"><strong data-start=\"5657\" data-end=\"5682\"><span dir=\"auto\" style=\"vertical-align: inherit;\"><span dir=\"auto\" style=\"vertical-align: inherit;\">Emballage de protection<\/span><\/span><\/strong><span dir=\"auto\" style=\"vertical-align: inherit;\"><span dir=\"auto\" style=\"vertical-align: inherit;\"> \u2013 L\u2019emballage sous blister emp\u00eache la d\u00e9gradation par l\u2019air ou l\u2019humidit\u00e9.<\/span><\/span><\/p>\n<\/li>\n<li data-start=\"5743\" data-end=\"5826\">\n<p data-start=\"5745\" data-end=\"5826\"><strong data-start=\"5745\" data-end=\"5775\"><span dir=\"auto\" style=\"vertical-align: inherit;\"><span dir=\"auto\" style=\"vertical-align: inherit;\">Applicabilit\u00e9 de recherche \u00e9tendue<\/span><\/span><\/strong><span dir=\"auto\" style=\"vertical-align: inherit;\"><span dir=\"auto\" style=\"vertical-align: inherit;\"> \u2013 Convient pour GC\/MS, LC-MS, FTIR, RMN et HPLC.<\/span><\/span><\/p>\n<\/li>\n<li data-start=\"5827\" data-end=\"5897\">\n<p data-start=\"5829\" data-end=\"5897\"><strong data-start=\"5829\" data-end=\"5854\"><span dir=\"auto\" style=\"vertical-align: inherit;\"><span dir=\"auto\" style=\"vertical-align: inherit;\">Qualit\u00e9 tra\u00e7able<\/span><\/span><\/strong><span dir=\"auto\" style=\"vertical-align: inherit;\"><span dir=\"auto\" style=\"vertical-align: inherit;\"> \u2013 Informations compl\u00e8tes sur le lot disponibles.<\/span><\/span><\/p>\n<\/li>\n<\/ul>\n<hr data-start=\"5899\" data-end=\"5902\" \/>\n<h3 data-start=\"5904\" data-end=\"5956\"><strong data-start=\"5908\" data-end=\"5954\"><span dir=\"auto\" style=\"vertical-align: inherit;\"><span dir=\"auto\" style=\"vertical-align: inherit;\">Utilisation (\u00e0 des fins de recherche uniquement)<\/span><\/span><\/strong><\/h3>\n<ol data-start=\"5958\" data-end=\"6344\">\n<li data-start=\"5958\" data-end=\"6027\">\n<p data-start=\"5961\" data-end=\"6027\"><strong data-start=\"5961\" data-end=\"5976\"><span dir=\"auto\" style=\"vertical-align: inherit;\"><span dir=\"auto\" style=\"vertical-align: inherit;\">Manutention:<\/span><\/span><\/strong><span dir=\"auto\" style=\"vertical-align: inherit;\"><span dir=\"auto\" style=\"vertical-align: inherit;\"> Portez des gants, des lunettes de s\u00e9curit\u00e9 et une blouse de laboratoire.<\/span><\/span><\/p>\n<\/li>\n<li data-start=\"6028\" data-end=\"6127\">\n<p data-start=\"6031\" data-end=\"6127\"><strong data-start=\"6031\" data-end=\"6044\"><span dir=\"auto\" style=\"vertical-align: inherit;\"><span dir=\"auto\" style=\"vertical-align: inherit;\">Mesures:<\/span><\/span><\/strong><span dir=\"auto\" style=\"vertical-align: inherit;\"><span dir=\"auto\" style=\"vertical-align: inherit;\"> Chaque pastille contient exactement 100 mg ; ne pas ajuster en dehors des conditions de laboratoire.<\/span><\/span><\/p>\n<\/li>\n<li data-start=\"6128\" data-end=\"6182\">\n<p data-start=\"6131\" data-end=\"6182\"><strong data-start=\"6131\" data-end=\"6142\"><span dir=\"auto\" style=\"vertical-align: inherit;\"><span dir=\"auto\" style=\"vertical-align: inherit;\">Stockage:<\/span><\/span><\/strong><span dir=\"auto\" style=\"vertical-align: inherit;\"><span dir=\"auto\" style=\"vertical-align: inherit;\"> Conserver au frais (2\u20138\u00b0C), au sec et \u00e0 l&#039;abri de la lumi\u00e8re.<\/span><\/span><\/p>\n<\/li>\n<li data-start=\"6183\" data-end=\"6272\">\n<p data-start=\"6186\" data-end=\"6272\"><strong data-start=\"6186\" data-end=\"6198\"><span dir=\"auto\" style=\"vertical-align: inherit;\"><span dir=\"auto\" style=\"vertical-align: inherit;\">Analyse:<\/span><\/span><\/strong><span dir=\"auto\" style=\"vertical-align: inherit;\"><span dir=\"auto\" style=\"vertical-align: inherit;\"> Convient \u00e0 la chromatographie, \u00e0 la spectroscopie et \u00e0 la recherche neurochimique.<\/span><\/span><\/p>\n<\/li>\n<li data-start=\"6273\" data-end=\"6344\">\n<p data-start=\"6276\" data-end=\"6344\"><strong data-start=\"6276\" data-end=\"6293\"><span dir=\"auto\" style=\"vertical-align: inherit;\"><span dir=\"auto\" style=\"vertical-align: inherit;\">Documentation:<\/span><\/span><\/strong><span dir=\"auto\" style=\"vertical-align: inherit;\"><span dir=\"auto\" style=\"vertical-align: inherit;\"> Consignez les num\u00e9ros de lot et la puret\u00e9 pour la conformit\u00e9. 6 apb benzo fury<\/span><\/span><\/p>\n<\/li>\n<\/ol>\n<hr data-start=\"6346\" data-end=\"6349\" \/>\n<h3 data-start=\"6351\" data-end=\"6386\"><strong data-start=\"6355\" data-end=\"6384\"><span dir=\"auto\" style=\"vertical-align: inherit;\"><span dir=\"auto\" style=\"vertical-align: inherit;\">Foire aux questions (FAQ)<\/span><\/span><\/strong><\/h3>\n<p data-start=\"6388\" data-end=\"6562\"><strong data-start=\"6388\" data-end=\"6421\"><span dir=\"auto\" style=\"vertical-align: inherit;\"><span dir=\"auto\" style=\"vertical-align: inherit;\">1. Qu&#039;est-ce que le 6-APB (Benzo Fury) ? <\/span><\/span><\/strong><br data-start=\"6421\" data-end=\"6424\" \/><strong data-start=\"6424\" data-end=\"6433\"><span dir=\"auto\" style=\"vertical-align: inherit;\"><span dir=\"auto\" style=\"vertical-align: inherit;\">6-APB<\/span><\/span><\/strong><span dir=\"auto\" style=\"vertical-align: inherit;\"><span dir=\"auto\" style=\"vertical-align: inherit;\"> est un <\/span><\/span><strong data-start=\"6441\" data-end=\"6479\"><span dir=\"auto\" style=\"vertical-align: inherit;\"><span dir=\"auto\" style=\"vertical-align: inherit;\">benzofurane synth\u00e9tique<\/span><\/span><\/strong><span dir=\"auto\" style=\"vertical-align: inherit;\"><span dir=\"auto\" style=\"vertical-align: inherit;\"> utilis\u00e9 dans la recherche sur les r\u00e9cepteurs monoaminergiques et la neurotransmission.<\/span><\/span><\/p>\n<p data-start=\"6564\" data-end=\"6705\"><strong data-start=\"6564\" data-end=\"6616\"><span dir=\"auto\" style=\"vertical-align: inherit;\"><span dir=\"auto\" style=\"vertical-align: inherit;\">2. \u00c0 quoi servent les granules de 6-APB 100 mg ?<\/span><\/span><\/strong><br data-start=\"6616\" data-end=\"6619\" \/><span dir=\"auto\" style=\"vertical-align: inherit;\"><span dir=\"auto\" style=\"vertical-align: inherit;\"> Les granul\u00e9s sont destin\u00e9s \u00e0 <\/span><\/span><strong data-start=\"6648\" data-end=\"6702\"><span dir=\"auto\" style=\"vertical-align: inherit;\"><span dir=\"auto\" style=\"vertical-align: inherit;\">recherche analytique, m\u00e9dico-l\u00e9gale et pharmacologique<\/span><\/span><\/strong><span dir=\"auto\" style=\"vertical-align: inherit;\"><span dir=\"auto\" style=\"vertical-align: inherit;\"> .<\/span><\/span><\/p>\n<p data-start=\"6707\" data-end=\"6863\"><strong data-start=\"6707\" data-end=\"6746\"><span dir=\"auto\" style=\"vertical-align: inherit;\"><span dir=\"auto\" style=\"vertical-align: inherit;\">3. Est-il l\u00e9gal d&#039;acheter du 6-APB ?<\/span><\/span><\/strong><br data-start=\"6746\" data-end=\"6749\" \/><span dir=\"auto\" style=\"vertical-align: inherit;\"><span dir=\"auto\" style=\"vertical-align: inherit;\"> Le <\/span><\/span><strong data-start=\"6752\" data-end=\"6776\"><span dir=\"auto\" style=\"vertical-align: inherit;\"><span dir=\"auto\" style=\"vertical-align: inherit;\">l\u00e9galit\u00e9 du 6-APB<\/span><\/span><\/strong><span dir=\"auto\" style=\"vertical-align: inherit;\"><span dir=\"auto\" style=\"vertical-align: inherit;\"> Cela varie selon les pays. V\u00e9rifiez toujours la l\u00e9gislation locale avant de vous inscrire. <\/span><\/span><strong data-start=\"6845\" data-end=\"6860\"><span dir=\"auto\" style=\"vertical-align: inherit;\"><span dir=\"auto\" style=\"vertical-align: inherit;\">achat de 6-APB<\/span><\/span><\/strong><span dir=\"auto\" style=\"vertical-align: inherit;\"><span dir=\"auto\" style=\"vertical-align: inherit;\"> .<\/span><\/span><\/p>","protected":false},"excerpt":{"rendered":"<p>Introduction Les comprim\u00e9s Benzo Fury 6-APB 100 mg contiennent 100 mg de 6-APB (6-(2-aminopropyl)benzofurane) d&#039;une puret\u00e9 \u2265 98%, sp\u00e9cialement d\u00e9velopp\u00e9<\/p>","protected":false},"featured_media":28481,"comment_status":"closed","ping_status":"closed","template":"","meta":[],"product_brand":[],"product_cat":[340,341,339,322,324,398],"product_tag":[117,125,326],"class_list":{"0":"post-24457","1":"product","2":"type-product","3":"status-publish","4":"has-post-thumbnail","6":"product_cat-6-apb","7":"product_cat-6-apb-pellets","8":"product_cat-benzofuran","9":"product_cat-bijna-verboden","10":"product_cat-pellets-for-pellet","11":"product_cat-verkoop","12":"product_tag-6-apb-benzo-fury","13":"product_tag-apb-6","14":"product_tag-nl","16":"first","17":"instock","18":"sale","19":"taxable","20":"shipping-taxable","21":"purchasable","22":"product-type-variable"},"_links":{"self":[{"href":"https:\/\/researchchemicalhub.com\/fr\/wp-json\/wp\/v2\/product\/24457","targetHints":{"allow":["GET"]}}],"collection":[{"href":"https:\/\/researchchemicalhub.com\/fr\/wp-json\/wp\/v2\/product"}],"about":[{"href":"https:\/\/researchchemicalhub.com\/fr\/wp-json\/wp\/v2\/types\/product"}],"replies":[{"embeddable":true,"href":"https:\/\/researchchemicalhub.com\/fr\/wp-json\/wp\/v2\/comments?post=24457"}],"version-history":[{"count":6,"href":"https:\/\/researchchemicalhub.com\/fr\/wp-json\/wp\/v2\/product\/24457\/revisions"}],"predecessor-version":[{"id":28670,"href":"https:\/\/researchchemicalhub.com\/fr\/wp-json\/wp\/v2\/product\/24457\/revisions\/28670"}],"wp:featuredmedia":[{"embeddable":true,"href":"https:\/\/researchchemicalhub.com\/fr\/wp-json\/wp\/v2\/media\/28481"}],"wp:attachment":[{"href":"https:\/\/researchchemicalhub.com\/fr\/wp-json\/wp\/v2\/media?parent=24457"}],"wp:term":[{"taxonomy":"product_brand","embeddable":true,"href":"https:\/\/researchchemicalhub.com\/fr\/wp-json\/wp\/v2\/product_brand?post=24457"},{"taxonomy":"product_cat","embeddable":true,"href":"https:\/\/researchchemicalhub.com\/fr\/wp-json\/wp\/v2\/product_cat?post=24457"},{"taxonomy":"product_tag","embeddable":true,"href":"https:\/\/researchchemicalhub.com\/fr\/wp-json\/wp\/v2\/product_tag?post=24457"}],"curies":[{"name":"wp","href":"https:\/\/api.w.org\/{rel}","templated":true}]}}