{"id":24443,"date":"2025-10-20T17:41:44","date_gmt":"2025-10-20T17:41:44","guid":{"rendered":"https:\/\/researchchemicalhub.com\/?post_type=product&#038;p=24443"},"modified":"2025-10-29T08:23:18","modified_gmt":"2025-10-29T08:23:18","slug":"granules-dipph-25-mg","status":"publish","type":"product","link":"https:\/\/researchchemicalhub.com\/fr\/boutique\/ipph-isopropylphenidate\/granules-dipph-25-mg\/","title":{"rendered":"Granul\u00e9s d&#039;isopropylph\u00e9nidate (IPPH) 25 mg"},"content":{"rendered":"<h3 data-start=\"4132\" data-end=\"4153\"><strong data-start=\"4136\" data-end=\"4151\">Introduction<\/strong><\/h3>\n<p data-start=\"4154\" data-end=\"4608\"><strong data-start=\"4154\" data-end=\"4195\">Granul\u00e9s d&#039;isopropylph\u00e9nidate (IPPH) 25 mg<\/strong> contenir <strong data-start=\"4205\" data-end=\"4242\">Isopropylph\u00e9nidate de haute puret\u00e9 25 mg<\/strong>, Un <strong data-start=\"4248\" data-end=\"4272\">compos\u00e9 de pip\u00e9ridine<\/strong> qui est structurellement li\u00e9 \u00e0 <strong data-start=\"4304\" data-end=\"4322\">m\u00e9thylph\u00e9nidate<\/strong> et <strong data-start=\"4326\" data-end=\"4343\">\u00e9thylph\u00e9nidate<\/strong>.ipph\u00a0<br data-start=\"4344\" data-end=\"4347\" \/>\u00c0 l&#039;int\u00e9rieur <strong data-start=\"4354\" data-end=\"4395\">recherche neurochimique et analytique<\/strong> L&#039;IPPH est utilis\u00e9 comme <strong data-start=\"4420\" data-end=\"4473\">analogue d&#039;un inhibiteur de la recapture de la dopamine et de la noradr\u00e9naline<\/strong>Il est utilis\u00e9 dans les \u00e9tudes de <strong data-start=\"4512\" data-end=\"4538\">transporteurs de monoamines<\/strong>, <strong data-start=\"4540\" data-end=\"4582\">relations structure-activit\u00e9 (SAR)<\/strong> et <strong data-start=\"4586\" data-end=\"4605\">liaison au r\u00e9cepteur<\/strong>.<\/p>\n<p data-start=\"4610\" data-end=\"4786\">Chaque pastille est produite avec un <strong data-start=\"4646\" data-end=\"4670\">puret\u00e9 \u2265 98%<\/strong>, emball\u00e9 individuellement dans un <strong data-start=\"4699\" data-end=\"4715\">plaquette alv\u00e9ol\u00e9e<\/strong> et con\u00e7u pour <strong data-start=\"4734\" data-end=\"4783\">dosage pr\u00e9cis et stabilit\u00e9 chimique<\/strong>.<\/p>\n<blockquote data-start=\"4788\" data-end=\"4934\">\n<p data-start=\"4790\" data-end=\"4934\">\u26a0\ufe0f <strong data-start=\"4793\" data-end=\"4804\">NB:<\/strong> Ce produit est destin\u00e9 \u00e0 \u00eatre utilis\u00e9 uniquement <strong data-start=\"4845\" data-end=\"4880\">recherche et utilisation analytique<\/strong> \u2014 <strong data-start=\"4883\" data-end=\"4931\">non destin\u00e9 \u00e0 la consommation humaine ou animale<\/strong>.<\/p>\n<\/blockquote>\n<hr data-start=\"4936\" data-end=\"4939\" \/>\n<h3 data-start=\"4941\" data-end=\"4972\"><strong data-start=\"4945\" data-end=\"4972\">Caract\u00e9ristiques principales<\/strong><\/h3>\n<div class=\"_tableContainer_1rjym_1\">\n<div class=\"group _tableWrapper_1rjym_13 flex w-fit flex-col-reverse\" tabindex=\"-1\">\n<table class=\"w-fit min-w-(--thread-content-width)\" data-start=\"4974\" data-end=\"5527\">\n<thead data-start=\"4974\" data-end=\"5000\">\n<tr data-start=\"4974\" data-end=\"5000\">\n<th data-start=\"4974\" data-end=\"4984\" data-col-size=\"sm\">Fonctionnalit\u00e9<\/th>\n<th data-start=\"4984\" data-end=\"5000\" data-col-size=\"md\">Description<\/th>\n<\/tr>\n<\/thead>\n<tbody data-start=\"5029\" data-end=\"5527\">\n<tr data-start=\"5029\" data-end=\"5085\">\n<td data-start=\"5029\" data-end=\"5050\" data-col-size=\"sm\"><strong data-start=\"5031\" data-end=\"5049\">Nom chimique<\/strong><\/td>\n<td data-start=\"5050\" data-end=\"5085\" data-col-size=\"md\">Chlorhydrate d&#039;isopropylph\u00e9nidate<\/td>\n<\/tr>\n<tr data-start=\"5086\" data-end=\"5119\">\n<td data-start=\"5086\" data-end=\"5111\" data-col-size=\"sm\"><strong data-start=\"5088\" data-end=\"5110\">Nom commun<\/strong><\/td>\n<td data-start=\"5111\" data-end=\"5119\" data-col-size=\"md\">IPPH<\/td>\n<\/tr>\n<tr data-start=\"5120\" data-end=\"5157\">\n<td data-start=\"5120\" data-end=\"5144\" data-col-size=\"sm\"><strong data-start=\"5122\" data-end=\"5143\">Formule chimique<\/strong><\/td>\n<td data-start=\"5144\" data-end=\"5157\" data-col-size=\"md\">C\u2081\u2085H\u2082\u2081NO\u2082<\/td>\n<\/tr>\n<tr data-start=\"5158\" data-end=\"5196\">\n<td data-start=\"5158\" data-end=\"5180\" data-col-size=\"sm\"><strong data-start=\"5160\" data-end=\"5179\">Poids mol\u00e9culaire<\/strong><\/td>\n<td data-start=\"5180\" data-end=\"5196\" data-col-size=\"md\">247,33 g\/mol<\/td>\n<\/tr>\n<tr data-start=\"5197\" data-end=\"5231\">\n<td data-start=\"5197\" data-end=\"5212\" data-col-size=\"sm\"><strong data-start=\"5199\" data-end=\"5211\">Dosage<\/strong><\/td>\n<td data-start=\"5212\" data-end=\"5231\" data-col-size=\"md\">25 mg par pastille<\/td>\n<\/tr>\n<tr data-start=\"5232\" data-end=\"5279\">\n<td data-start=\"5232\" data-end=\"5243\" data-col-size=\"sm\"><strong data-start=\"5234\" data-end=\"5242\">Formulaire<\/strong><\/td>\n<td data-start=\"5243\" data-end=\"5279\" data-col-size=\"md\">Granul\u00e9 solide (blister)<\/td>\n<\/tr>\n<tr data-start=\"5280\" data-end=\"5331\">\n<td data-start=\"5280\" data-end=\"5297\" data-col-size=\"sm\"><strong data-start=\"5282\" data-end=\"5296\">Puret\u00e9<\/strong><\/td>\n<td data-start=\"5297\" data-end=\"5331\" data-col-size=\"md\">\u2265 98% (test\u00e9 par HPLC et RMN)<\/td>\n<\/tr>\n<tr data-start=\"5332\" data-end=\"5397\">\n<td data-start=\"5332\" data-end=\"5355\" data-col-size=\"sm\"><strong data-start=\"5334\" data-end=\"5354\">Classe chimique<\/strong><\/td>\n<td data-start=\"5355\" data-end=\"5397\" data-col-size=\"md\">D\u00e9riv\u00e9 de pip\u00e9ridine \/ Analogue du ph\u00e9nidate<\/td>\n<\/tr>\n<tr data-start=\"5398\" data-end=\"5477\">\n<td data-start=\"5398\" data-end=\"5412\" data-col-size=\"sm\"><strong data-start=\"5400\" data-end=\"5411\">Usage<\/strong><\/td>\n<td data-start=\"5412\" data-end=\"5477\" data-col-size=\"md\">Pour la recherche analytique, m\u00e9dico-l\u00e9gale et neurochimique uniquement<\/td>\n<\/tr>\n<tr data-start=\"5478\" data-end=\"5527\">\n<td data-start=\"5478\" data-end=\"5495\" data-col-size=\"sm\"><strong data-start=\"5480\" data-end=\"5494\">Conditionnement<\/strong><\/td>\n<td data-start=\"5495\" data-end=\"5527\" data-col-size=\"md\">Plaquette thermoform\u00e9e avec joint<\/td>\n<\/tr>\n<\/tbody>\n<\/table>\n<\/div>\n<\/div>\n<hr data-start=\"5529\" data-end=\"5532\" \/>\n<h3 data-start=\"5534\" data-end=\"5551\"><strong data-start=\"5538\" data-end=\"5551\">Avantages<\/strong><\/h3>\n<ul data-start=\"5553\" data-end=\"5952\">\n<li data-start=\"5553\" data-end=\"5645\">\n<p data-start=\"5555\" data-end=\"5645\"><strong data-start=\"5555\" data-end=\"5574\">Haute puret\u00e9<\/strong> \u2013 Qualit\u00e9 de laboratoire \u2265 98% pour des r\u00e9sultats de recherche fiables.<\/p>\n<\/li>\n<li data-start=\"5646\" data-end=\"5719\">\n<p data-start=\"5648\" data-end=\"5719\"><strong data-start=\"5648\" data-end=\"5672\">Dosage pr\u00e9cis<\/strong> \u2013 25 mg par pastille pour une analyse coh\u00e9rente.<\/p>\n<\/li>\n<li data-start=\"5720\" data-end=\"5794\">\n<p data-start=\"5722\" data-end=\"5794\"><strong data-start=\"5722\" data-end=\"5744\">Emballage s\u00fbr<\/strong> \u2013 \u00c0 l\u2019abri de l\u2019humidit\u00e9, de la lumi\u00e8re et de la contamination.<\/p>\n<\/li>\n<li data-start=\"5795\" data-end=\"5863\">\n<p data-start=\"5797\" data-end=\"5863\"><strong data-start=\"5797\" data-end=\"5817\">Largement applicable<\/strong> \u2013 Convient pour GC\/MS, LC-MS, FTIR et HPLC.<\/p>\n<\/li>\n<li data-start=\"5864\" data-end=\"5952\">\n<p data-start=\"5866\" data-end=\"5952\"><strong data-start=\"5866\" data-end=\"5893\">Qualit\u00e9 v\u00e9rifi\u00e9e<\/strong> \u2013 Chaque lot test\u00e9 et fourni avec des certificats d\u2019analyse.<\/p>\n<\/li>\n<\/ul>\n<hr data-start=\"5954\" data-end=\"5957\" \/>\n<h3 data-start=\"5959\" data-end=\"6011\"><strong data-start=\"5963\" data-end=\"6009\">Utilisation (\u00e0 des fins de recherche uniquement)<\/strong><\/h3>\n<ol data-start=\"6013\" data-end=\"6382\">\n<li data-start=\"6013\" data-end=\"6082\">\n<p data-start=\"6016\" data-end=\"6082\"><strong data-start=\"6016\" data-end=\"6031\">Manutention:<\/strong> Portez des gants, des lunettes de s\u00e9curit\u00e9 et une blouse de laboratoire.<\/p>\n<\/li>\n<li data-start=\"6083\" data-end=\"6180\">\n<p data-start=\"6086\" data-end=\"6180\"><strong data-start=\"6086\" data-end=\"6099\">Mesures:<\/strong> Chaque pastille contient exactement 25 mg ; ne pas modifier en dehors des conditions de laboratoire.<\/p>\n<\/li>\n<li data-start=\"6181\" data-end=\"6235\">\n<p data-start=\"6184\" data-end=\"6235\"><strong data-start=\"6184\" data-end=\"6195\">Stockage:<\/strong> Conserver au frais (2\u20138\u00b0C), au sec et \u00e0 l\u2019abri de la lumi\u00e8re.<\/p>\n<\/li>\n<li data-start=\"6236\" data-end=\"6319\">\n<p data-start=\"6239\" data-end=\"6319\"><strong data-start=\"6239\" data-end=\"6251\">Analyse:<\/strong> Convient pour la chromatographie, la spectroscopie et la recherche sur les r\u00e9cepteurs.<\/p>\n<\/li>\n<li data-start=\"6320\" data-end=\"6382\">\n<p data-start=\"6323\" data-end=\"6382\"><strong data-start=\"6323\" data-end=\"6340\">Documentation:<\/strong> Enregistrer les num\u00e9ros de lot et les m\u00e9thodes d\u2019analyse.<\/p>\n<\/li>\n<\/ol>\n<hr data-start=\"6384\" data-end=\"6387\" \/>\n<h3 data-start=\"6389\" data-end=\"6424\"><strong data-start=\"6393\" data-end=\"6422\">Foire aux questions (FAQ)<\/strong><\/h3>\n<p data-start=\"6426\" data-end=\"6627\"><strong data-start=\"6426\" data-end=\"6465\">1. Qu&#039;est-ce que l&#039;isopropylph\u00e9nidate (IPPH) ?<\/strong><br data-start=\"6465\" data-end=\"6468\" \/><strong data-start=\"6468\" data-end=\"6489\">Isopropylph\u00e9nidate<\/strong> est un <strong data-start=\"6497\" data-end=\"6521\">compos\u00e9 de pip\u00e9ridine<\/strong> apparent\u00e9 au m\u00e9thylph\u00e9nidate et utilis\u00e9 dans la recherche sur les transporteurs de dopamine et de noradr\u00e9naline.<\/p>\n<p data-start=\"6629\" data-end=\"6794\"><strong data-start=\"6629\" data-end=\"6679\">2. \u00c0 quoi servent les granul\u00e9s IPPH 25 mg ?<\/strong><br data-start=\"6679\" data-end=\"6682\" \/>Les granul\u00e9s sont utilis\u00e9s pour <strong data-start=\"6714\" data-end=\"6752\">recherche analytique et m\u00e9dico-l\u00e9gale<\/strong>, comme la chromatographie et la spectroscopie.<\/p>\n<p data-start=\"6796\" data-end=\"6987\"><strong data-start=\"6796\" data-end=\"6834\">3. Est-il l\u00e9gal d\u2019acheter de l\u2019IPPH ?<\/strong><br data-start=\"6834\" data-end=\"6837\" \/>Le <strong data-start=\"6840\" data-end=\"6863\">l\u00e9galit\u00e9 de l&#039;IPPH<\/strong> varie selon les pays. Dans certains pays, cette pratique est r\u00e9glement\u00e9e. Consultez toujours la l\u00e9gislation locale avant toute utilisation. <strong data-start=\"6970\" data-end=\"6984\">IPPH ach\u00e8te<\/strong>.<\/p>","protected":false},"excerpt":{"rendered":"<p>Introduction Les comprim\u00e9s d&#039;isopropylph\u00e9nidate (IPPH) 25 mg contiennent 25 mg d&#039;isopropylph\u00e9nidate de haute puret\u00e9, un compos\u00e9 pip\u00e9ridinique structurellement apparent\u00e9 au m\u00e9thylph\u00e9nidate et \u00e0 l&#039;\u00e9thylph\u00e9nidate.<\/p>","protected":false},"featured_media":28547,"comment_status":"closed","ping_status":"closed","template":"","meta":[],"product_brand":[82],"product_cat":[461,462,336,324],"product_tag":[596,928,595,326],"class_list":{"0":"post-24443","1":"product","2":"type-product","3":"status-publish","4":"has-post-thumbnail","6":"product_brand-research-chemical","7":"product_cat-ipph","8":"product_cat-ipph-pellets","9":"product_cat-overig","10":"product_cat-pellets-for-pellet","11":"product_tag-ipph","12":"product_tag-ipph-kopen","13":"product_tag-isopropylphenidate","14":"product_tag-nl","16":"first","17":"instock","18":"taxable","19":"shipping-taxable","20":"purchasable","21":"product-type-variable"},"_links":{"self":[{"href":"https:\/\/researchchemicalhub.com\/fr\/wp-json\/wp\/v2\/product\/24443","targetHints":{"allow":["GET"]}}],"collection":[{"href":"https:\/\/researchchemicalhub.com\/fr\/wp-json\/wp\/v2\/product"}],"about":[{"href":"https:\/\/researchchemicalhub.com\/fr\/wp-json\/wp\/v2\/types\/product"}],"replies":[{"embeddable":true,"href":"https:\/\/researchchemicalhub.com\/fr\/wp-json\/wp\/v2\/comments?post=24443"}],"version-history":[{"count":5,"href":"https:\/\/researchchemicalhub.com\/fr\/wp-json\/wp\/v2\/product\/24443\/revisions"}],"predecessor-version":[{"id":27791,"href":"https:\/\/researchchemicalhub.com\/fr\/wp-json\/wp\/v2\/product\/24443\/revisions\/27791"}],"wp:featuredmedia":[{"embeddable":true,"href":"https:\/\/researchchemicalhub.com\/fr\/wp-json\/wp\/v2\/media\/28547"}],"wp:attachment":[{"href":"https:\/\/researchchemicalhub.com\/fr\/wp-json\/wp\/v2\/media?parent=24443"}],"wp:term":[{"taxonomy":"product_brand","embeddable":true,"href":"https:\/\/researchchemicalhub.com\/fr\/wp-json\/wp\/v2\/product_brand?post=24443"},{"taxonomy":"product_cat","embeddable":true,"href":"https:\/\/researchchemicalhub.com\/fr\/wp-json\/wp\/v2\/product_cat?post=24443"},{"taxonomy":"product_tag","embeddable":true,"href":"https:\/\/researchchemicalhub.com\/fr\/wp-json\/wp\/v2\/product_tag?post=24443"}],"curies":[{"name":"wp","href":"https:\/\/api.w.org\/{rel}","templated":true}]}}