{"id":24350,"date":"2025-04-13T17:41:31","date_gmt":"2025-04-13T17:41:31","guid":{"rendered":"https:\/\/researchchemicalhub.com\/?post_type=product&#038;p=24350"},"modified":"2025-10-29T08:43:27","modified_gmt":"2025-10-29T08:43:27","slug":"metocine-4-ho-avec-granules-de-21-mg","status":"publish","type":"product","link":"https:\/\/researchchemicalhub.com\/fr\/boutique\/4-heures-avec\/metocine-4-ho-avec-granules-de-21-mg\/","title":{"rendered":"M\u00e9tocine 4-HO-MET 21 MG Pastilles"},"content":{"rendered":"<h3 data-start=\"4257\" data-end=\"4278\"><strong data-start=\"4261\" data-end=\"4276\"><span dir=\"auto\" style=\"vertical-align: inherit;\"><span dir=\"auto\" style=\"vertical-align: inherit;\">Introduction<\/span><\/span><\/strong><\/h3>\n<p data-start=\"4279\" data-end=\"4697\"><strong data-start=\"4279\" data-end=\"4312\"><span dir=\"auto\" style=\"vertical-align: inherit;\"><span dir=\"auto\" style=\"vertical-align: inherit;\">Granul\u00e9s de m\u00e9tocine 4-HO-MET 21 mg<\/span><\/span><\/strong><span dir=\"auto\" style=\"vertical-align: inherit;\"><span dir=\"auto\" style=\"vertical-align: inherit;\"> contenir <\/span><\/span><strong data-start=\"4322\" data-end=\"4386\"><span dir=\"auto\" style=\"vertical-align: inherit;\"><span dir=\"auto\" style=\"vertical-align: inherit;\">21 milligrammes de 4-HO-MET (4-hydroxy-N-m\u00e9thyl-N-\u00e9thyltryptamine)<\/span><\/span><\/strong><span dir=\"auto\" style=\"vertical-align: inherit;\"><span dir=\"auto\" style=\"vertical-align: inherit;\"> - un <\/span><\/span><strong data-start=\"4393\" data-end=\"4417\"><span dir=\"auto\" style=\"vertical-align: inherit;\"><span dir=\"auto\" style=\"vertical-align: inherit;\">compos\u00e9 de tryptamine<\/span><\/span><\/strong><span dir=\"auto\" style=\"vertical-align: inherit;\"><span dir=\"auto\" style=\"vertical-align: inherit;\"> structurellement li\u00e9 \u00e0 <\/span><\/span><strong data-start=\"4449\" data-end=\"4473\"><span dir=\"auto\" style=\"vertical-align: inherit;\"><span dir=\"auto\" style=\"vertical-align: inherit;\">psilocine (4-HO-DMT)<\/span><\/span><\/strong><span dir=\"auto\" style=\"vertical-align: inherit;\"><span dir=\"auto\" style=\"vertical-align: inherit;\"> et <\/span><\/span><strong data-start=\"4477\" data-end=\"4490\"><span dir=\"auto\" style=\"vertical-align: inherit;\"><span dir=\"auto\" style=\"vertical-align: inherit;\">4-AcO-MET<\/span><\/span><\/strong><span dir=\"auto\" style=\"vertical-align: inherit;\"><span dir=\"auto\" style=\"vertical-align: inherit;\"> M\u00e9tocine <\/span><\/span><br data-start=\"4491\" data-end=\"4494\" \/><span dir=\"auto\" style=\"vertical-align: inherit;\"><span dir=\"auto\" style=\"vertical-align: inherit;\">Le 4-HO-MET est utilis\u00e9 dans <\/span><\/span><strong data-start=\"4521\" data-end=\"4574\"><span dir=\"auto\" style=\"vertical-align: inherit;\"><span dir=\"auto\" style=\"vertical-align: inherit;\">recherche analytique, m\u00e9dico-l\u00e9gale et neurochimique<\/span><\/span><\/strong><span dir=\"auto\" style=\"vertical-align: inherit;\"><span dir=\"auto\" style=\"vertical-align: inherit;\"> \u00e0 <\/span><span dir=\"auto\" style=\"vertical-align: inherit;\">\u00e9tude <\/span><\/span><strong data-start=\"4578\" data-end=\"4597\"><span dir=\"auto\" style=\"vertical-align: inherit;\"><span dir=\"auto\" style=\"vertical-align: inherit;\">liaison au r\u00e9cepteur<\/span><\/span><\/strong><span dir=\"auto\" style=\"vertical-align: inherit;\"><span dir=\"auto\" style=\"vertical-align: inherit;\"> , <\/span><\/span><strong data-start=\"4599\" data-end=\"4641\"><span dir=\"auto\" style=\"vertical-align: inherit;\"><span dir=\"auto\" style=\"vertical-align: inherit;\">relations structure-activit\u00e9 (SAR)<\/span><\/span><\/strong><span dir=\"auto\" style=\"vertical-align: inherit;\"><span dir=\"auto\" style=\"vertical-align: inherit;\"> , et <\/span><\/span><strong data-start=\"4645\" data-end=\"4680\"><span dir=\"auto\" style=\"vertical-align: inherit;\"><span dir=\"auto\" style=\"vertical-align: inherit;\">propri\u00e9t\u00e9s chromatographiques.<\/span><\/span><\/strong><\/p>\n<p data-start=\"4699\" data-end=\"4871\"><span dir=\"auto\" style=\"vertical-align: inherit;\"><span dir=\"auto\" style=\"vertical-align: inherit;\">Chaque pastille a un <\/span><\/span><strong data-start=\"4721\" data-end=\"4745\"><span dir=\"auto\" style=\"vertical-align: inherit;\"><span dir=\"auto\" style=\"vertical-align: inherit;\">puret\u00e9 \u2265 98%<\/span><\/span><\/strong><span dir=\"auto\" style=\"vertical-align: inherit;\"><span dir=\"auto\" style=\"vertical-align: inherit;\"> , confirm\u00e9 par <\/span><\/span><strong data-start=\"4761\" data-end=\"4784\"><span dir=\"auto\" style=\"vertical-align: inherit;\"><span dir=\"auto\" style=\"vertical-align: inherit;\">Analyse HPLC et RMN<\/span><\/span><\/strong><span dir=\"auto\" style=\"vertical-align: inherit;\"><span dir=\"auto\" style=\"vertical-align: inherit;\"> , et est fourni en <\/span><\/span><strong data-start=\"4807\" data-end=\"4828\"><span dir=\"auto\" style=\"vertical-align: inherit;\"><span dir=\"auto\" style=\"vertical-align: inherit;\">emballage sous blister<\/span><\/span><\/strong><span dir=\"auto\" style=\"vertical-align: inherit;\"><span dir=\"auto\" style=\"vertical-align: inherit;\"> pour maintenir la stabilit\u00e9 chimique.<\/span><\/span><\/p>\n<blockquote data-start=\"4873\" data-end=\"5019\">\n<p data-start=\"4875\" data-end=\"5019\">\u26a0\ufe0f <strong data-start=\"4878\" data-end=\"4889\"><span dir=\"auto\" style=\"vertical-align: inherit;\"><span dir=\"auto\" style=\"vertical-align: inherit;\">Veuillez noter:<\/span><\/span><\/strong><span dir=\"auto\" style=\"vertical-align: inherit;\"><span dir=\"auto\" style=\"vertical-align: inherit;\"> Ce produit est destin\u00e9 \u00e0 <\/span><\/span><strong data-start=\"4930\" data-end=\"4965\"><span dir=\"auto\" style=\"vertical-align: inherit;\"><span dir=\"auto\" style=\"vertical-align: inherit;\">utilisation \u00e0 des fins de recherche et d&#039;analyse<\/span><\/span><\/strong><span dir=\"auto\" style=\"vertical-align: inherit;\"><span dir=\"auto\" style=\"vertical-align: inherit;\"> seulement - <\/span><\/span><strong data-start=\"4968\" data-end=\"5016\"><span dir=\"auto\" style=\"vertical-align: inherit;\"><span dir=\"auto\" style=\"vertical-align: inherit;\">Ne pas consommer de nourriture humaine ou animale<\/span><\/span><\/strong><span dir=\"auto\" style=\"vertical-align: inherit;\"><span dir=\"auto\" style=\"vertical-align: inherit;\"> .<\/span><\/span><\/p>\n<\/blockquote>\n<hr data-start=\"5021\" data-end=\"5024\" \/>\n<h3 data-start=\"5026\" data-end=\"5057\"><strong data-start=\"5030\" data-end=\"5057\"><span dir=\"auto\" style=\"vertical-align: inherit;\"><span dir=\"auto\" style=\"vertical-align: inherit;\">Caract\u00e9ristiques principales<\/span><\/span><\/strong><\/h3>\n<div class=\"_tableContainer_1rjym_1\">\n<div class=\"group _tableWrapper_1rjym_13 flex w-fit flex-col-reverse\" tabindex=\"-1\">\n<table class=\"w-fit min-w-(--thread-content-width)\" data-start=\"5059\" data-end=\"5630\">\n<thead data-start=\"5059\" data-end=\"5085\">\n<tr data-start=\"5059\" data-end=\"5085\">\n<th data-start=\"5059\" data-end=\"5069\" data-col-size=\"sm\"><span dir=\"auto\" style=\"vertical-align: inherit;\"><span dir=\"auto\" style=\"vertical-align: inherit;\">Fonctionnalit\u00e9<\/span><\/span><\/th>\n<th data-start=\"5069\" data-end=\"5085\" data-col-size=\"md\"><span dir=\"auto\" style=\"vertical-align: inherit;\"><span dir=\"auto\" style=\"vertical-align: inherit;\">Description<\/span><\/span><\/th>\n<\/tr>\n<\/thead>\n<tbody data-start=\"5114\" data-end=\"5630\">\n<tr data-start=\"5114\" data-end=\"5189\">\n<td data-start=\"5114\" data-end=\"5135\" data-col-size=\"sm\"><strong data-start=\"5116\" data-end=\"5134\"><span dir=\"auto\" style=\"vertical-align: inherit;\"><span dir=\"auto\" style=\"vertical-align: inherit;\">Nom chimique<\/span><\/span><\/strong><\/td>\n<td data-start=\"5135\" data-end=\"5189\" data-col-size=\"md\"><span dir=\"auto\" style=\"vertical-align: inherit;\"><span dir=\"auto\" style=\"vertical-align: inherit;\">Chlorhydrate de 4-hydroxy-N-m\u00e9thyl-N-\u00e9thyltryptamine<\/span><\/span><\/td>\n<\/tr>\n<tr data-start=\"5190\" data-end=\"5237\">\n<td data-start=\"5190\" data-end=\"5215\" data-col-size=\"sm\"><strong data-start=\"5192\" data-end=\"5214\"><span dir=\"auto\" style=\"vertical-align: inherit;\"><span dir=\"auto\" style=\"vertical-align: inherit;\">Nom commun<\/span><\/span><\/strong><\/td>\n<td data-start=\"5215\" data-end=\"5237\" data-col-size=\"md\"><span dir=\"auto\" style=\"vertical-align: inherit;\"><span dir=\"auto\" style=\"vertical-align: inherit;\">4-HO-MET \/ M\u00e9tocine<\/span><\/span><\/td>\n<\/tr>\n<tr data-start=\"5238\" data-end=\"5279\">\n<td data-start=\"5238\" data-end=\"5262\" data-col-size=\"sm\"><strong data-start=\"5240\" data-end=\"5261\"><span dir=\"auto\" style=\"vertical-align: inherit;\"><span dir=\"auto\" style=\"vertical-align: inherit;\">Formule chimique<\/span><\/span><\/strong><\/td>\n<td data-start=\"5262\" data-end=\"5279\" data-col-size=\"md\"><span dir=\"auto\" style=\"vertical-align: inherit;\"><span dir=\"auto\" style=\"vertical-align: inherit;\">C\u2081\u2083H\u2081\u2088N\u2082O\u00b7HCl<\/span><\/span><\/td>\n<\/tr>\n<tr data-start=\"5280\" data-end=\"5318\">\n<td data-start=\"5280\" data-end=\"5302\" data-col-size=\"sm\"><strong data-start=\"5282\" data-end=\"5301\"><span dir=\"auto\" style=\"vertical-align: inherit;\"><span dir=\"auto\" style=\"vertical-align: inherit;\">Poids mol\u00e9culaire<\/span><\/span><\/strong><\/td>\n<td data-start=\"5302\" data-end=\"5318\" data-col-size=\"md\"><span dir=\"auto\" style=\"vertical-align: inherit;\"><span dir=\"auto\" style=\"vertical-align: inherit;\">270,75 g\/mol<\/span><\/span><\/td>\n<\/tr>\n<tr data-start=\"5319\" data-end=\"5353\">\n<td data-start=\"5319\" data-end=\"5334\" data-col-size=\"sm\"><strong data-start=\"5321\" data-end=\"5333\"><span dir=\"auto\" style=\"vertical-align: inherit;\"><span dir=\"auto\" style=\"vertical-align: inherit;\">Dosage<\/span><\/span><\/strong><\/td>\n<td data-start=\"5334\" data-end=\"5353\" data-col-size=\"md\"><span dir=\"auto\" style=\"vertical-align: inherit;\"><span dir=\"auto\" style=\"vertical-align: inherit;\">21 mg par pastille<\/span><\/span><\/td>\n<\/tr>\n<tr data-start=\"5354\" data-end=\"5401\">\n<td data-start=\"5354\" data-end=\"5365\" data-col-size=\"sm\"><strong data-start=\"5356\" data-end=\"5364\"><span dir=\"auto\" style=\"vertical-align: inherit;\"><span dir=\"auto\" style=\"vertical-align: inherit;\">Formulaire<\/span><\/span><\/strong><\/td>\n<td data-start=\"5365\" data-end=\"5401\" data-col-size=\"md\"><span dir=\"auto\" style=\"vertical-align: inherit;\"><span dir=\"auto\" style=\"vertical-align: inherit;\">Granul\u00e9 solide (emballage blister)<\/span><\/span><\/td>\n<\/tr>\n<tr data-start=\"5402\" data-end=\"5453\">\n<td data-start=\"5402\" data-end=\"5419\" data-col-size=\"sm\"><strong data-start=\"5404\" data-end=\"5418\"><span dir=\"auto\" style=\"vertical-align: inherit;\"><span dir=\"auto\" style=\"vertical-align: inherit;\">Puret\u00e9<\/span><\/span><\/strong><\/td>\n<td data-start=\"5419\" data-end=\"5453\" data-col-size=\"md\"><span dir=\"auto\" style=\"vertical-align: inherit;\"><span dir=\"auto\" style=\"vertical-align: inherit;\">\u2265 98% (test\u00e9 par HPLC et RMN)<\/span><\/span><\/td>\n<\/tr>\n<tr data-start=\"5454\" data-end=\"5500\">\n<td data-start=\"5454\" data-end=\"5477\" data-col-size=\"sm\"><strong data-start=\"5456\" data-end=\"5476\"><span dir=\"auto\" style=\"vertical-align: inherit;\"><span dir=\"auto\" style=\"vertical-align: inherit;\">Classe chimique<\/span><\/span><\/strong><\/td>\n<td data-start=\"5477\" data-end=\"5500\" data-col-size=\"md\"><span dir=\"auto\" style=\"vertical-align: inherit;\"><span dir=\"auto\" style=\"vertical-align: inherit;\">d\u00e9riv\u00e9 de tryptamine<\/span><\/span><\/td>\n<\/tr>\n<tr data-start=\"5501\" data-end=\"5580\">\n<td data-start=\"5501\" data-end=\"5515\" data-col-size=\"sm\"><strong data-start=\"5503\" data-end=\"5514\"><span dir=\"auto\" style=\"vertical-align: inherit;\"><span dir=\"auto\" style=\"vertical-align: inherit;\">Usage<\/span><\/span><\/strong><\/td>\n<td data-start=\"5515\" data-end=\"5580\" data-col-size=\"md\"><span dir=\"auto\" style=\"vertical-align: inherit;\"><span dir=\"auto\" style=\"vertical-align: inherit;\">Uniquement pour la recherche analytique, m\u00e9dico-l\u00e9gale et neurochimique<\/span><\/span><\/td>\n<\/tr>\n<tr data-start=\"5581\" data-end=\"5630\">\n<td data-start=\"5581\" data-end=\"5598\" data-col-size=\"sm\"><strong data-start=\"5583\" data-end=\"5597\"><span dir=\"auto\" style=\"vertical-align: inherit;\"><span dir=\"auto\" style=\"vertical-align: inherit;\">Conditionnement<\/span><\/span><\/strong><\/td>\n<td data-start=\"5598\" data-end=\"5630\" data-col-size=\"md\"><span dir=\"auto\" style=\"vertical-align: inherit;\"><span dir=\"auto\" style=\"vertical-align: inherit;\">Plaquette thermoform\u00e9e avec opercule<\/span><\/span><\/td>\n<\/tr>\n<\/tbody>\n<\/table>\n<\/div>\n<\/div>\n<hr data-start=\"5632\" data-end=\"5635\" \/>\n<h3 data-start=\"5637\" data-end=\"5654\"><strong data-start=\"5641\" data-end=\"5654\"><span dir=\"auto\" style=\"vertical-align: inherit;\"><span dir=\"auto\" style=\"vertical-align: inherit;\">Avantages<\/span><\/span><\/strong><\/h3>\n<ul data-start=\"5656\" data-end=\"6062\">\n<li data-start=\"5656\" data-end=\"5748\">\n<p data-start=\"5658\" data-end=\"5748\"><strong data-start=\"5658\" data-end=\"5677\"><span dir=\"auto\" style=\"vertical-align: inherit;\"><span dir=\"auto\" style=\"vertical-align: inherit;\">Haute puret\u00e9<\/span><\/span><\/strong><span dir=\"auto\" style=\"vertical-align: inherit;\"><span dir=\"auto\" style=\"vertical-align: inherit;\"> \u2013 \u2265 98% qualit\u00e9 laboratoire pour des r\u00e9sultats de recherche fiables.<\/span><\/span><\/p>\n<\/li>\n<li data-start=\"5749\" data-end=\"5828\">\n<p data-start=\"5751\" data-end=\"5828\"><strong data-start=\"5751\" data-end=\"5782\"><span dir=\"auto\" style=\"vertical-align: inherit;\"><span dir=\"auto\" style=\"vertical-align: inherit;\">Dosage standardis\u00e9<\/span><\/span><\/strong><span dir=\"auto\" style=\"vertical-align: inherit;\"><span dir=\"auto\" style=\"vertical-align: inherit;\"> \u2013 21 mg par pastille pour une analyse homog\u00e8ne.<\/span><\/span><\/p>\n<\/li>\n<li data-start=\"5829\" data-end=\"5907\">\n<p data-start=\"5831\" data-end=\"5907\"><strong data-start=\"5831\" data-end=\"5861\"><span dir=\"auto\" style=\"vertical-align: inherit;\"><span dir=\"auto\" style=\"vertical-align: inherit;\">Applicabilit\u00e9 de recherche \u00e9tendue<\/span><\/span><\/strong><span dir=\"auto\" style=\"vertical-align: inherit;\"><span dir=\"auto\" style=\"vertical-align: inherit;\"> \u2013 Convient pour GC\/MS, LC-MS, FTIR et HPLC.<\/span><\/span><\/p>\n<\/li>\n<li data-start=\"5908\" data-end=\"5993\">\n<p data-start=\"5910\" data-end=\"5993\"><strong data-start=\"5910\" data-end=\"5947\"><span dir=\"auto\" style=\"vertical-align: inherit;\"><span dir=\"auto\" style=\"vertical-align: inherit;\">Structurellement apparent\u00e9 \u00e0 la psilocine<\/span><\/span><\/strong><span dir=\"auto\" style=\"vertical-align: inherit;\"><span dir=\"auto\" style=\"vertical-align: inherit;\"> \u2013 Pr\u00e9cieux pour la recherche sur les SAR et les r\u00e9cepteurs.<\/span><\/span><\/p>\n<\/li>\n<li data-start=\"5994\" data-end=\"6062\">\n<p data-start=\"5996\" data-end=\"6062\"><strong data-start=\"5996\" data-end=\"6024\"><span dir=\"auto\" style=\"vertical-align: inherit;\"><span dir=\"auto\" style=\"vertical-align: inherit;\">Production contr\u00f4l\u00e9e<\/span><\/span><\/strong><span dir=\"auto\" style=\"vertical-align: inherit;\"><span dir=\"auto\" style=\"vertical-align: inherit;\"> \u2013 Chaque lot est test\u00e9 et tra\u00e7able.<\/span><\/span><\/p>\n<\/li>\n<\/ul>\n<hr data-start=\"6064\" data-end=\"6067\" \/>\n<h3 data-start=\"6069\" data-end=\"6121\"><strong data-start=\"6073\" data-end=\"6119\"><span dir=\"auto\" style=\"vertical-align: inherit;\"><span dir=\"auto\" style=\"vertical-align: inherit;\">Utilisation (\u00e0 des fins de recherche uniquement)<\/span><\/span><\/strong><\/h3>\n<ol data-start=\"6123\" data-end=\"6466\">\n<li data-start=\"6123\" data-end=\"6192\">\n<p data-start=\"6126\" data-end=\"6192\"><strong data-start=\"6126\" data-end=\"6141\"><span dir=\"auto\" style=\"vertical-align: inherit;\"><span dir=\"auto\" style=\"vertical-align: inherit;\">Manutention:<\/span><\/span><\/strong><span dir=\"auto\" style=\"vertical-align: inherit;\"><span dir=\"auto\" style=\"vertical-align: inherit;\"> Portez des gants, des lunettes de s\u00e9curit\u00e9 et une blouse de laboratoire. M\u00e9tocine<\/span><\/span><\/p>\n<\/li>\n<li data-start=\"6193\" data-end=\"6250\">\n<p data-start=\"6196\" data-end=\"6250\"><strong data-start=\"6196\" data-end=\"6209\"><span dir=\"auto\" style=\"vertical-align: inherit;\"><span dir=\"auto\" style=\"vertical-align: inherit;\">Mesures:<\/span><\/span><\/strong><span dir=\"auto\" style=\"vertical-align: inherit;\"><span dir=\"auto\" style=\"vertical-align: inherit;\"> Chaque pastille contient exactement 21 mg de 4-HO-MET.<\/span><\/span><\/p>\n<\/li>\n<li data-start=\"6251\" data-end=\"6305\">\n<p data-start=\"6254\" data-end=\"6305\"><strong data-start=\"6254\" data-end=\"6265\"><span dir=\"auto\" style=\"vertical-align: inherit;\"><span dir=\"auto\" style=\"vertical-align: inherit;\">Stockage:<\/span><\/span><\/strong><span dir=\"auto\" style=\"vertical-align: inherit;\"><span dir=\"auto\" style=\"vertical-align: inherit;\"> Conserver au frais (2\u20138\u00b0C), au sec et \u00e0 l&#039;abri de la lumi\u00e8re.<\/span><\/span><\/p>\n<\/li>\n<li data-start=\"6306\" data-end=\"6389\">\n<p data-start=\"6309\" data-end=\"6389\"><strong data-start=\"6309\" data-end=\"6321\"><span dir=\"auto\" style=\"vertical-align: inherit;\"><span dir=\"auto\" style=\"vertical-align: inherit;\">Analyse:<\/span><\/span><\/strong><span dir=\"auto\" style=\"vertical-align: inherit;\"><span dir=\"auto\" style=\"vertical-align: inherit;\"> Convient pour la chromatographie, la spectroscopie et la recherche sur les r\u00e9cepteurs.<\/span><\/span><\/p>\n<\/li>\n<li data-start=\"6390\" data-end=\"6466\">\n<p data-start=\"6393\" data-end=\"6466\"><strong data-start=\"6393\" data-end=\"6410\"><span dir=\"auto\" style=\"vertical-align: inherit;\"><span dir=\"auto\" style=\"vertical-align: inherit;\">Documentation:<\/span><\/span><\/strong><span dir=\"auto\" style=\"vertical-align: inherit;\"><span dir=\"auto\" style=\"vertical-align: inherit;\"> Consignez le num\u00e9ro de lot, les r\u00e9sultats des tests et la m\u00e9thode d&#039;analyse.<\/span><\/span><\/p>\n<\/li>\n<\/ol>\n<hr data-start=\"6468\" data-end=\"6471\" \/>\n<h3 data-start=\"6473\" data-end=\"6508\"><strong data-start=\"6477\" data-end=\"6506\"><span dir=\"auto\" style=\"vertical-align: inherit;\"><span dir=\"auto\" style=\"vertical-align: inherit;\">Foire aux questions (FAQ)<\/span><\/span><\/strong><\/h3>\n<p data-start=\"6510\" data-end=\"6665\"><strong data-start=\"6510\" data-end=\"6543\"><span dir=\"auto\" style=\"vertical-align: inherit;\"><span dir=\"auto\" style=\"vertical-align: inherit;\">1. Qu&#039;est-ce que le 4-HO-MET (M\u00e9tocine) ? <\/span><\/span><\/strong><br data-start=\"6543\" data-end=\"6546\" \/><strong data-start=\"6546\" data-end=\"6558\"><span dir=\"auto\" style=\"vertical-align: inherit;\"><span dir=\"auto\" style=\"vertical-align: inherit;\">4-HO-MET<\/span><\/span><\/strong><span dir=\"auto\" style=\"vertical-align: inherit;\"><span dir=\"auto\" style=\"vertical-align: inherit;\"> est un <\/span><\/span><strong data-start=\"6566\" data-end=\"6588\"><span dir=\"auto\" style=\"vertical-align: inherit;\"><span dir=\"auto\" style=\"vertical-align: inherit;\">analogue de la tryptamine<\/span><\/span><\/strong><span dir=\"auto\" style=\"vertical-align: inherit;\"><span dir=\"auto\" style=\"vertical-align: inherit;\"> , apparent\u00e9e \u00e0 la psilocine, utilis\u00e9e dans la recherche analytique et neurochimique.<\/span><\/span><\/p>\n<p data-start=\"6667\" data-end=\"6808\"><strong data-start=\"6667\" data-end=\"6724\"><span dir=\"auto\" style=\"vertical-align: inherit;\"><span dir=\"auto\" style=\"vertical-align: inherit;\">2. Quelle est la puret\u00e9 et le dosage de ces granul\u00e9s ?<\/span><\/span><\/strong><br data-start=\"6724\" data-end=\"6727\" \/><span dir=\"auto\" style=\"vertical-align: inherit;\"><span dir=\"auto\" style=\"vertical-align: inherit;\"> Chaque pastille contient <\/span><\/span><strong data-start=\"6745\" data-end=\"6781\"><span dir=\"auto\" style=\"vertical-align: inherit;\"><span dir=\"auto\" style=\"vertical-align: inherit;\">21 mg ou 4-HO-MET (puret\u00e9 \u2265 98%)<\/span><\/span><\/strong><span dir=\"auto\" style=\"vertical-align: inherit;\"><span dir=\"auto\" style=\"vertical-align: inherit;\"> , test\u00e9s par HPLC et RMN.<\/span><\/span><\/p>\n<p data-start=\"6810\" data-end=\"6975\"><strong data-start=\"6810\" data-end=\"6852\"><span dir=\"auto\" style=\"vertical-align: inherit;\"><span dir=\"auto\" style=\"vertical-align: inherit;\">3. Est-il l\u00e9gal d&#039;acheter du 4-HO-MET ?<\/span><\/span><\/strong><br data-start=\"6852\" data-end=\"6855\" \/><span dir=\"auto\" style=\"vertical-align: inherit;\"><span dir=\"auto\" style=\"vertical-align: inherit;\"> Le <\/span><\/span><strong data-start=\"6858\" data-end=\"6885\"><span dir=\"auto\" style=\"vertical-align: inherit;\"><span dir=\"auto\" style=\"vertical-align: inherit;\">L\u00e9galit\u00e9 du 4-HO-MET<\/span><\/span><\/strong><span dir=\"auto\" style=\"vertical-align: inherit;\"><span dir=\"auto\" style=\"vertical-align: inherit;\"> Cela varie selon les pays. V\u00e9rifiez toujours la l\u00e9gislation locale avant de vous inscrire. <\/span><\/span><strong data-start=\"6954\" data-end=\"6972\"><span dir=\"auto\" style=\"vertical-align: inherit;\"><span dir=\"auto\" style=\"vertical-align: inherit;\">achat de 4-HO-MET<\/span><\/span><\/strong><span dir=\"auto\" style=\"vertical-align: inherit;\"><span dir=\"auto\" style=\"vertical-align: inherit;\"> .<\/span><\/span><\/p>\n<ul>\n<li><\/li>\n<\/ul>","protected":false},"excerpt":{"rendered":"<p>Introduction Metocin 4-HO-MET 21mg Pellets contain 21 milligrams of 4-HO-MET (4-Hydroxy-N-methyl-N-ethyltryptamine) \u2014 a tryptamine compound structurally related to psilocin (4-HO-DMT)<\/p>","protected":false},"featured_media":28559,"comment_status":"closed","ping_status":"closed","template":"","meta":[],"product_brand":[],"product_cat":[382,403,324,398,381],"product_tag":[636,673,635,326],"class_list":{"0":"post-24350","1":"product","2":"type-product","3":"status-publish","4":"has-post-thumbnail","6":"product_cat-4-ho-met","7":"product_cat-4-ho-met-pellets","8":"product_cat-pellets-for-pellet","9":"product_cat-verkoop","10":"product_cat-tryptamines","11":"product_tag-metocin","12":"product_tag-metocin-4-ho-met","13":"product_tag-metocin-kopen","14":"product_tag-nl","16":"first","17":"instock","18":"sale","19":"taxable","20":"shipping-taxable","21":"purchasable","22":"product-type-variable"},"_links":{"self":[{"href":"https:\/\/researchchemicalhub.com\/fr\/wp-json\/wp\/v2\/product\/24350","targetHints":{"allow":["GET"]}}],"collection":[{"href":"https:\/\/researchchemicalhub.com\/fr\/wp-json\/wp\/v2\/product"}],"about":[{"href":"https:\/\/researchchemicalhub.com\/fr\/wp-json\/wp\/v2\/types\/product"}],"replies":[{"embeddable":true,"href":"https:\/\/researchchemicalhub.com\/fr\/wp-json\/wp\/v2\/comments?post=24350"}],"version-history":[{"count":6,"href":"https:\/\/researchchemicalhub.com\/fr\/wp-json\/wp\/v2\/product\/24350\/revisions"}],"predecessor-version":[{"id":28687,"href":"https:\/\/researchchemicalhub.com\/fr\/wp-json\/wp\/v2\/product\/24350\/revisions\/28687"}],"wp:featuredmedia":[{"embeddable":true,"href":"https:\/\/researchchemicalhub.com\/fr\/wp-json\/wp\/v2\/media\/28559"}],"wp:attachment":[{"href":"https:\/\/researchchemicalhub.com\/fr\/wp-json\/wp\/v2\/media?parent=24350"}],"wp:term":[{"taxonomy":"product_brand","embeddable":true,"href":"https:\/\/researchchemicalhub.com\/fr\/wp-json\/wp\/v2\/product_brand?post=24350"},{"taxonomy":"product_cat","embeddable":true,"href":"https:\/\/researchchemicalhub.com\/fr\/wp-json\/wp\/v2\/product_cat?post=24350"},{"taxonomy":"product_tag","embeddable":true,"href":"https:\/\/researchchemicalhub.com\/fr\/wp-json\/wp\/v2\/product_tag?post=24350"}],"curies":[{"name":"wp","href":"https:\/\/api.w.org\/{rel}","templated":true}]}}