{"id":24336,"date":"2025-04-13T17:41:30","date_gmt":"2025-04-13T17:41:30","guid":{"rendered":"https:\/\/researchchemicalhub.com\/?post_type=product&#038;p=24336"},"modified":"2025-10-12T14:10:58","modified_gmt":"2025-10-12T14:10:58","slug":"dmxe-ervaring","status":"publish","type":"product","link":"https:\/\/researchchemicalhub.com\/fr\/shop\/b2b\/dmxe-ervaring\/","title":{"rendered":"Plaquette thermoform\u00e9e RC+ D-MEX 40 mg"},"content":{"rendered":"<h3 data-start=\"4145\" data-end=\"4166\"><strong data-start=\"4149\" data-end=\"4164\">Introduction<\/strong><\/h3>\n<p data-start=\"4167\" data-end=\"4538\"><strong data-start=\"4167\" data-end=\"4193\">Plaquette thermoform\u00e9e RC+ D-MEX 40 mg<\/strong> contient <strong data-start=\"4200\" data-end=\"4242\">40 milligrammes de DMXE (d\u00e9soxym\u00e9thox\u00e9tamine)<\/strong> - Un <strong data-start=\"4249\" data-end=\"4282\">compos\u00e9 d&#039;arylcyclohexylamine<\/strong> qui est li\u00e9 \u00e0 <strong data-start=\"4302\" data-end=\"4325\">MXE (m\u00e9thox\u00e9tamine)<\/strong> et <strong data-start=\"4329\" data-end=\"4341\">k\u00e9tamine<\/strong>. exp\u00e9rience dmxe<br data-start=\"4342\" data-end=\"4345\" \/>Il est utilis\u00e9 dans <strong data-start=\"4367\" data-end=\"4405\">recherche m\u00e9dico-l\u00e9gale et analytique<\/strong> \u00e0 <strong data-start=\"4409\" data-end=\"4437\">Interactions avec les r\u00e9cepteurs NMDA<\/strong>, <strong data-start=\"4439\" data-end=\"4481\">relations structure-activit\u00e9 (SAR)<\/strong> et <strong data-start=\"4485\" data-end=\"4520\">propri\u00e9t\u00e9s chromatographiques<\/strong> pour enqu\u00eater.<\/p>\n<p data-start=\"4540\" data-end=\"4822\">Chaque pastille contient <strong data-start=\"4558\" data-end=\"4571\">40 mg \u00b1 2 mg<\/strong> et est produit sous <strong data-start=\"4600\" data-end=\"4645\">conditions de laboratoire contr\u00f4l\u00e9es<\/strong>.<br data-start=\"4646\" data-end=\"4649\" \/>Chaque lot contient un <strong data-start=\"4670\" data-end=\"4694\">puret\u00e9 \u2265 98%<\/strong>, confirm\u00e9 par <strong data-start=\"4710\" data-end=\"4725\">HPLC et RMN<\/strong>Les granul\u00e9s sont <strong data-start=\"4743\" data-end=\"4777\">scell\u00e9 sous blister<\/strong> pour assurer la stabilit\u00e9 et la qualit\u00e9.<\/p>\n<blockquote data-start=\"4824\" data-end=\"4968\">\n<p data-start=\"4826\" data-end=\"4968\">\u26a0\ufe0f <strong data-start=\"4829\" data-end=\"4840\">NB:<\/strong> RC+ D-MEX est exclusivement destin\u00e9 \u00e0 <strong data-start=\"4879\" data-end=\"4914\">recherche et utilisation analytique<\/strong> \u2014 <strong data-start=\"4917\" data-end=\"4966\">non destin\u00e9 \u00e0 la consommation humaine ou animale.<\/strong><\/p>\n<\/blockquote>\n<hr data-start=\"4970\" data-end=\"4973\" \/>\n<h3 data-start=\"4975\" data-end=\"5006\"><strong data-start=\"4979\" data-end=\"5006\">Caract\u00e9ristiques principales<\/strong><\/h3>\n<div class=\"_tableContainer_1rjym_1\">\n<div class=\"group _tableWrapper_1rjym_13 flex w-fit flex-col-reverse\" tabindex=\"-1\">\n<table class=\"w-fit min-w-(--thread-content-width)\" data-start=\"5008\" data-end=\"5627\">\n<thead data-start=\"5008\" data-end=\"5034\">\n<tr data-start=\"5008\" data-end=\"5034\">\n<th data-start=\"5008\" data-end=\"5018\" data-col-size=\"sm\">Fonctionnalit\u00e9<\/th>\n<th data-start=\"5018\" data-end=\"5034\" data-col-size=\"md\">Description<\/th>\n<\/tr>\n<\/thead>\n<tbody data-start=\"5063\" data-end=\"5627\">\n<tr data-start=\"5063\" data-end=\"5120\">\n<td data-start=\"5063\" data-end=\"5084\" data-col-size=\"sm\"><strong data-start=\"5065\" data-end=\"5083\">Nom chimique<\/strong><\/td>\n<td data-start=\"5084\" data-end=\"5120\" data-col-size=\"md\">Chlorhydrate de d\u00e9soxym\u00e9thox\u00e9tamine<\/td>\n<\/tr>\n<tr data-start=\"5121\" data-end=\"5162\">\n<td data-start=\"5121\" data-end=\"5146\" data-col-size=\"sm\"><strong data-start=\"5123\" data-end=\"5145\">Nom commun<\/strong><\/td>\n<td data-start=\"5146\" data-end=\"5162\" data-col-size=\"md\">D-MEX \/ DMXE<\/td>\n<\/tr>\n<tr data-start=\"5163\" data-end=\"5203\">\n<td data-start=\"5163\" data-end=\"5187\" data-col-size=\"sm\"><strong data-start=\"5165\" data-end=\"5186\">Formule chimique<\/strong><\/td>\n<td data-start=\"5187\" data-end=\"5203\" data-col-size=\"md\">C\u2081\u2085H\u2082\u2081NO\u00b7HCl<\/td>\n<\/tr>\n<tr data-start=\"5204\" data-end=\"5242\">\n<td data-start=\"5204\" data-end=\"5226\" data-col-size=\"sm\"><strong data-start=\"5206\" data-end=\"5225\">Poids mol\u00e9culaire<\/strong><\/td>\n<td data-start=\"5226\" data-end=\"5242\" data-col-size=\"md\">267,79 g\/mol<\/td>\n<\/tr>\n<tr data-start=\"5243\" data-end=\"5277\">\n<td data-start=\"5243\" data-end=\"5258\" data-col-size=\"sm\"><strong data-start=\"5245\" data-end=\"5257\">Dosage<\/strong><\/td>\n<td data-start=\"5258\" data-end=\"5277\" data-col-size=\"md\">40 mg par pastille<\/td>\n<\/tr>\n<tr data-start=\"5278\" data-end=\"5325\">\n<td data-start=\"5278\" data-end=\"5289\" data-col-size=\"sm\"><strong data-start=\"5280\" data-end=\"5288\">Formulaire<\/strong><\/td>\n<td data-start=\"5289\" data-end=\"5325\" data-col-size=\"md\">Granul\u00e9 solide (blister)<\/td>\n<\/tr>\n<tr data-start=\"5326\" data-end=\"5377\">\n<td data-start=\"5326\" data-end=\"5343\" data-col-size=\"sm\"><strong data-start=\"5328\" data-end=\"5342\">Puret\u00e9<\/strong><\/td>\n<td data-start=\"5343\" data-end=\"5377\" data-col-size=\"md\">\u2265 98% (test\u00e9 par HPLC et RMN)<\/td>\n<\/tr>\n<tr data-start=\"5378\" data-end=\"5448\">\n<td data-start=\"5378\" data-end=\"5401\" data-col-size=\"sm\"><strong data-start=\"5380\" data-end=\"5400\">Classe chimique<\/strong><\/td>\n<td data-start=\"5401\" data-end=\"5448\" data-col-size=\"md\">Arylcyclohexylamine \/ Analogue dissociatif<\/td>\n<\/tr>\n<tr data-start=\"5449\" data-end=\"5528\">\n<td data-start=\"5449\" data-end=\"5463\" data-col-size=\"sm\"><strong data-start=\"5451\" data-end=\"5462\">Usage<\/strong><\/td>\n<td data-start=\"5463\" data-end=\"5528\" data-col-size=\"md\">Pour la recherche analytique, m\u00e9dico-l\u00e9gale et neurochimique uniquement<\/td>\n<\/tr>\n<tr data-start=\"5529\" data-end=\"5578\">\n<td data-start=\"5529\" data-end=\"5546\" data-col-size=\"sm\"><strong data-start=\"5531\" data-end=\"5545\">Conditionnement<\/strong><\/td>\n<td data-start=\"5546\" data-end=\"5578\" data-col-size=\"md\">Plaquette thermoform\u00e9e avec joint<\/td>\n<\/tr>\n<tr data-start=\"5579\" data-end=\"5627\">\n<td data-start=\"5579\" data-end=\"5597\" data-col-size=\"sm\"><strong data-start=\"5581\" data-end=\"5596\">Quantit\u00e9<\/strong><\/td>\n<td data-start=\"5597\" data-end=\"5627\" data-col-size=\"md\">1 plaquette thermoform\u00e9e contenant des granul\u00e9s de 40 mg<\/td>\n<\/tr>\n<\/tbody>\n<\/table>\n<\/div>\n<\/div>\n<hr data-start=\"5629\" data-end=\"5632\" \/>\n<h3 data-start=\"5634\" data-end=\"5651\"><strong data-start=\"5638\" data-end=\"5651\">Avantages<\/strong><\/h3>\n<ul data-start=\"5653\" data-end=\"6019\">\n<li data-start=\"5653\" data-end=\"5707\">\n<p data-start=\"5655\" data-end=\"5707\"><strong data-start=\"5655\" data-end=\"5674\">Haute puret\u00e9<\/strong> \u2013 Qualit\u00e9 laboratoire \u2265 98%.<\/p>\n<\/li>\n<li data-start=\"5708\" data-end=\"5783\">\n<p data-start=\"5710\" data-end=\"5783\"><strong data-start=\"5710\" data-end=\"5734\">Dos\u00e9 avec pr\u00e9cision<\/strong> \u2013 40 mg par pastille pour des r\u00e9sultats constants.<\/p>\n<\/li>\n<li data-start=\"5784\" data-end=\"5862\">\n<p data-start=\"5786\" data-end=\"5862\"><strong data-start=\"5786\" data-end=\"5808\">Emballage s\u00fbr<\/strong> \u2013 L\u2019emballage sous blister prot\u00e8ge de la lumi\u00e8re et de l\u2019humidit\u00e9.<\/p>\n<\/li>\n<li data-start=\"5863\" data-end=\"5941\">\n<p data-start=\"5865\" data-end=\"5941\"><strong data-start=\"5865\" data-end=\"5895\">Largement applicable \u00e0 la recherche<\/strong> \u2013 Convient pour GC\/MS, LC-MS, FTIR et HPLC.<\/p>\n<\/li>\n<li data-start=\"5942\" data-end=\"6019\">\n<p data-start=\"5944\" data-end=\"6019\"><strong data-start=\"5944\" data-end=\"5978\">Contr\u00f4le de qualit\u00e9 tra\u00e7able<\/strong> \u2013 Chaque lot test\u00e9 et document\u00e9.<\/p>\n<\/li>\n<\/ul>\n<hr data-start=\"6021\" data-end=\"6024\" \/>\n<h3 data-start=\"6026\" data-end=\"6078\"><strong data-start=\"6030\" data-end=\"6076\">Utilisation (\u00e0 des fins de recherche uniquement)<\/strong><\/h3>\n<ol data-start=\"6080\" data-end=\"6397\">\n<li data-start=\"6080\" data-end=\"6149\">\n<p data-start=\"6083\" data-end=\"6149\"><strong data-start=\"6083\" data-end=\"6098\">Manutention:<\/strong> Portez des gants, des lunettes de s\u00e9curit\u00e9 et une blouse de laboratoire.<\/p>\n<\/li>\n<li data-start=\"6150\" data-end=\"6212\">\n<p data-start=\"6153\" data-end=\"6212\"><strong data-start=\"6153\" data-end=\"6166\">Mesures:<\/strong> Notez le num\u00e9ro de lot, le dosage et la puret\u00e9.<\/p>\n<\/li>\n<li data-start=\"6213\" data-end=\"6267\">\n<p data-start=\"6216\" data-end=\"6267\"><strong data-start=\"6216\" data-end=\"6227\">Stockage:<\/strong> Conserver au frais (2\u20138\u00b0C), au sec et \u00e0 l\u2019abri de la lumi\u00e8re.<\/p>\n<\/li>\n<li data-start=\"6268\" data-end=\"6332\">\n<p data-start=\"6271\" data-end=\"6332\"><strong data-start=\"6271\" data-end=\"6283\">Analyse:<\/strong> Convient pour la chromatographie et la spectroscopie.<\/p>\n<\/li>\n<li data-start=\"6333\" data-end=\"6397\">\n<p data-start=\"6336\" data-end=\"6397\"><strong data-start=\"6336\" data-end=\"6353\">Documentation:<\/strong> Enregistrer les r\u00e9sultats et les m\u00e9thodes d\u2019analyse.<\/p>\n<\/li>\n<\/ol>\n<hr data-start=\"6399\" data-end=\"6402\" \/>\n<h3 data-start=\"6404\" data-end=\"6439\"><strong data-start=\"6408\" data-end=\"6437\">Foire aux questions (FAQ)<\/strong><\/h3>\n<p data-start=\"6441\" data-end=\"6611\"><strong data-start=\"6441\" data-end=\"6472\">1. Qu&#039;est-ce que RC+ D-MEX (DMXE) ?<\/strong><br data-start=\"6472\" data-end=\"6475\" \/>UN <strong data-start=\"6479\" data-end=\"6503\">substance de recherche<\/strong> de la <strong data-start=\"6511\" data-end=\"6540\">classe des arylcyclohexylamines<\/strong>, li\u00e9 au MXE, utilis\u00e9 pour la recherche sur la liaison au r\u00e9cepteur NMDA.<\/p>\n<p data-start=\"6613\" data-end=\"6736\"><strong data-start=\"6613\" data-end=\"6653\">2. Quelle est la puret\u00e9 et le dosage ?<\/strong><br data-start=\"6653\" data-end=\"6656\" \/>Chaque pastille contient <strong data-start=\"6674\" data-end=\"6706\">40 mg de DMXE (puret\u00e9 \u2265 98%)<\/strong>, confirm\u00e9 par HPLC et RMN.<\/p>\n<p data-start=\"6738\" data-end=\"6901\"><strong data-start=\"6738\" data-end=\"6781\">3. Est-il l\u00e9gal d&#039;acheter du RC+ D-MEX ?<\/strong><br data-start=\"6781\" data-end=\"6784\" \/>Le <strong data-start=\"6787\" data-end=\"6810\">l\u00e9galit\u00e9 du DMXE<\/strong> varie selon les pays. Veuillez toujours v\u00e9rifier la r\u00e9glementation locale avant utilisation. <strong data-start=\"6879\" data-end=\"6898\">Achats RC+ D-MEX<\/strong>.<\/p>","protected":false},"excerpt":{"rendered":"<p><span dir=\"auto\" style=\"vertical-align: inherit;\"><span dir=\"auto\" style=\"vertical-align: inherit;\">Plaquette thermoform\u00e9e RC+ D-MEX 40 mg<\/span><\/span><\/p>\n<p><span dir=\"auto\" style=\"vertical-align: inherit;\"><span dir=\"auto\" style=\"vertical-align: inherit;\">Num\u00e9ro CAS : 681440-83-5 <\/span><\/span><br \/>\n<span dir=\"auto\" style=\"vertical-align: inherit;\"><span dir=\"auto\" style=\"vertical-align: inherit;\">Formule : 5-d\u00e9hydro-1,3-quinodim\u00e9thane <\/span><\/span><br \/>\n<span dir=\"auto\" style=\"vertical-align: inherit;\"><span dir=\"auto\" style=\"vertical-align: inherit;\">Masse molaire : 103,14 g\/mol <\/span><\/span><br \/>\n<span dir=\"auto\" style=\"vertical-align: inherit;\"><span dir=\"auto\" style=\"vertical-align: inherit;\">Puret\u00e9 : &gt;97%<\/span><\/span><\/p>","protected":false},"featured_media":21438,"comment_status":"closed","ping_status":"closed","template":"","meta":[],"product_brand":[82],"product_cat":[555],"product_tag":[295,828,300,297,296,326,299],"class_list":{"0":"post-24336","1":"product","2":"type-product","3":"status-publish","4":"has-post-thumbnail","6":"product_brand-research-chemical","7":"product_cat-b2b","8":"product_tag-dmxe","9":"product_tag-dmxe-dosage","10":"product_tag-dmxe-duration","11":"product_tag-dmxe-ervaring","12":"product_tag-dmxe-psychonaut","13":"product_tag-nl","14":"product_tag-what-is-dmxe","16":"first","17":"instock","18":"taxable","19":"shipping-taxable","20":"purchasable","21":"product-type-variable"},"_links":{"self":[{"href":"https:\/\/researchchemicalhub.com\/fr\/wp-json\/wp\/v2\/product\/24336","targetHints":{"allow":["GET"]}}],"collection":[{"href":"https:\/\/researchchemicalhub.com\/fr\/wp-json\/wp\/v2\/product"}],"about":[{"href":"https:\/\/researchchemicalhub.com\/fr\/wp-json\/wp\/v2\/types\/product"}],"replies":[{"embeddable":true,"href":"https:\/\/researchchemicalhub.com\/fr\/wp-json\/wp\/v2\/comments?post=24336"}],"version-history":[{"count":4,"href":"https:\/\/researchchemicalhub.com\/fr\/wp-json\/wp\/v2\/product\/24336\/revisions"}],"predecessor-version":[{"id":27808,"href":"https:\/\/researchchemicalhub.com\/fr\/wp-json\/wp\/v2\/product\/24336\/revisions\/27808"}],"wp:featuredmedia":[{"embeddable":true,"href":"https:\/\/researchchemicalhub.com\/fr\/wp-json\/wp\/v2\/media\/21438"}],"wp:attachment":[{"href":"https:\/\/researchchemicalhub.com\/fr\/wp-json\/wp\/v2\/media?parent=24336"}],"wp:term":[{"taxonomy":"product_brand","embeddable":true,"href":"https:\/\/researchchemicalhub.com\/fr\/wp-json\/wp\/v2\/product_brand?post=24336"},{"taxonomy":"product_cat","embeddable":true,"href":"https:\/\/researchchemicalhub.com\/fr\/wp-json\/wp\/v2\/product_cat?post=24336"},{"taxonomy":"product_tag","embeddable":true,"href":"https:\/\/researchchemicalhub.com\/fr\/wp-json\/wp\/v2\/product_tag?post=24336"}],"curies":[{"name":"wp","href":"https:\/\/api.w.org\/{rel}","templated":true}]}}