{"id":24303,"date":"2025-04-13T17:41:26","date_gmt":"2025-04-13T17:41:26","guid":{"rendered":"https:\/\/researchchemicalhub.com\/?post_type=product&#038;p=24303"},"modified":"2025-10-12T19:01:28","modified_gmt":"2025-10-12T19:01:28","slug":"2f-dck-100-mg-granules","status":"publish","type":"product","link":"https:\/\/researchchemicalhub.com\/fr\/boutique\/2f-dck-100-mg-granules\/2f-dck-100-mg-granules\/","title":{"rendered":"Granul\u00e9s de 2F-DCK 100 mg"},"content":{"rendered":"<h3 data-start=\"4089\" data-end=\"4110\"><strong data-start=\"4093\" data-end=\"4108\">Introduction<\/strong><\/h3>\n<p data-start=\"4111\" data-end=\"4533\"><strong data-start=\"4111\" data-end=\"4135\">Granul\u00e9s de 2F-DCK 100 mg<\/strong> contenir <strong data-start=\"4145\" data-end=\"4202\">100 milligrammes de chlorhydrate de 2-fluorodeschlorok\u00e9tamine<\/strong>, Un <strong data-start=\"4208\" data-end=\"4255\">compos\u00e9 arylcyclohexylamine dissociatif<\/strong> et <strong data-start=\"4259\" data-end=\"4304\">analogue fluor\u00e9 de la deschlorok\u00e9tamine (DCK)<\/strong>. 2f \u200b\u200b\u200b\u200bdck acheter<br data-start=\"4305\" data-end=\"4308\" \/>Il appartient \u00e0 la <strong data-start=\"4327\" data-end=\"4353\">classe d&#039;analogues de la k\u00e9tamine<\/strong> et est utilis\u00e9 dans <strong data-start=\"4375\" data-end=\"4413\">recherche m\u00e9dico-l\u00e9gale et analytique<\/strong> D\u00e9sagr\u00e9able <strong data-start=\"4419\" data-end=\"4447\">Interactions avec les r\u00e9cepteurs NMDA<\/strong>, <strong data-start=\"4449\" data-end=\"4491\">relations structure-activit\u00e9 (SAR)<\/strong> et <strong data-start=\"4495\" data-end=\"4530\">propri\u00e9t\u00e9s chromatographiques<\/strong>.<\/p>\n<p data-start=\"4535\" data-end=\"4775\">Chaque pastille est <strong data-start=\"4550\" data-end=\"4614\">produit dans des conditions de laboratoire contr\u00f4l\u00e9es<\/strong> et test\u00e9 sur un <strong data-start=\"4632\" data-end=\"4656\">puret\u00e9 \u2265 98%<\/strong> via <strong data-start=\"4661\" data-end=\"4676\">HPLC et RMN<\/strong>.<br data-start=\"4677\" data-end=\"4680\" \/>Le <strong data-start=\"4683\" data-end=\"4705\">dosage de 100 mg<\/strong> le rend adapt\u00e9 \u00e0 <strong data-start=\"4730\" data-end=\"4772\">applications analytiques quantitatives<\/strong>. 2f \u200b\u200b\u200b\u200bdck acheter<\/p>\n<blockquote data-start=\"4777\" data-end=\"4918\">\n<p data-start=\"4779\" data-end=\"4918\">\u26a0\ufe0f <strong data-start=\"4782\" data-end=\"4793\">NB:<\/strong> 2F-DCK est exclusivement destin\u00e9 \u00e0 <strong data-start=\"4829\" data-end=\"4864\">recherche et utilisation analytique<\/strong> \u2014 <strong data-start=\"4867\" data-end=\"4916\">non destin\u00e9 \u00e0 la consommation humaine ou animale.<\/strong><\/p>\n<\/blockquote>\n<hr data-start=\"4920\" data-end=\"4923\" \/>\n<h3 data-start=\"4925\" data-end=\"4956\"><strong data-start=\"4929\" data-end=\"4956\">Caract\u00e9ristiques principales<\/strong><\/h3>\n<div class=\"_tableContainer_1rjym_1\">\n<div class=\"group _tableWrapper_1rjym_13 flex w-fit flex-col-reverse\" tabindex=\"-1\">\n<table class=\"w-fit min-w-(--thread-content-width)\" data-start=\"4958\" data-end=\"5594\">\n<thead data-start=\"4958\" data-end=\"4984\">\n<tr data-start=\"4958\" data-end=\"4984\">\n<th data-start=\"4958\" data-end=\"4968\" data-col-size=\"sm\">Fonctionnalit\u00e9<\/th>\n<th data-start=\"4968\" data-end=\"4984\" data-col-size=\"md\">Description<\/th>\n<\/tr>\n<\/thead>\n<tbody data-start=\"5013\" data-end=\"5594\">\n<tr data-start=\"5013\" data-end=\"5077\">\n<td data-start=\"5013\" data-end=\"5034\" data-col-size=\"sm\"><strong data-start=\"5015\" data-end=\"5033\">Nom chimique<\/strong><\/td>\n<td data-start=\"5034\" data-end=\"5077\" data-col-size=\"md\">Chlorhydrate de 2-fluorodeschlorok\u00e9tamine<\/td>\n<\/tr>\n<tr data-start=\"5078\" data-end=\"5113\">\n<td data-start=\"5078\" data-end=\"5103\" data-col-size=\"sm\"><strong data-start=\"5080\" data-end=\"5102\">Nom commun<\/strong><\/td>\n<td data-start=\"5103\" data-end=\"5113\" data-col-size=\"md\">2F-DCK<\/td>\n<\/tr>\n<tr data-start=\"5114\" data-end=\"5155\">\n<td data-start=\"5114\" data-end=\"5138\" data-col-size=\"sm\"><strong data-start=\"5116\" data-end=\"5137\">Formule chimique<\/strong><\/td>\n<td data-start=\"5138\" data-end=\"5155\" data-col-size=\"md\">C\u2081\u2083H\u2081\u2086FNO\u00b7HCl<\/td>\n<\/tr>\n<tr data-start=\"5156\" data-end=\"5194\">\n<td data-start=\"5156\" data-end=\"5178\" data-col-size=\"sm\"><strong data-start=\"5158\" data-end=\"5177\">Poids mol\u00e9culaire<\/strong><\/td>\n<td data-start=\"5178\" data-end=\"5194\" data-col-size=\"md\">257,73 g\/mol<\/td>\n<\/tr>\n<tr data-start=\"5195\" data-end=\"5230\">\n<td data-start=\"5195\" data-end=\"5210\" data-col-size=\"sm\"><strong data-start=\"5197\" data-end=\"5209\">Dosage<\/strong><\/td>\n<td data-start=\"5210\" data-end=\"5230\" data-col-size=\"md\">100 mg par pastille<\/td>\n<\/tr>\n<tr data-start=\"5231\" data-end=\"5278\">\n<td data-start=\"5231\" data-end=\"5242\" data-col-size=\"sm\"><strong data-start=\"5233\" data-end=\"5241\">Formulaire<\/strong><\/td>\n<td data-start=\"5242\" data-end=\"5278\" data-col-size=\"md\">Granul\u00e9 solide (blister)<\/td>\n<\/tr>\n<tr data-start=\"5279\" data-end=\"5330\">\n<td data-start=\"5279\" data-end=\"5296\" data-col-size=\"sm\"><strong data-start=\"5281\" data-end=\"5295\">Puret\u00e9<\/strong><\/td>\n<td data-start=\"5296\" data-end=\"5330\" data-col-size=\"md\">\u2265 98% (test\u00e9 par HPLC et RMN)<\/td>\n<\/tr>\n<tr data-start=\"5331\" data-end=\"5404\">\n<td data-start=\"5331\" data-end=\"5354\" data-col-size=\"sm\"><strong data-start=\"5333\" data-end=\"5353\">Classe chimique<\/strong><\/td>\n<td data-start=\"5354\" data-end=\"5404\" data-col-size=\"md\">Arylcyclohexylamine \/ Compos\u00e9 dissociatif<\/td>\n<\/tr>\n<tr data-start=\"5405\" data-end=\"5484\">\n<td data-start=\"5405\" data-end=\"5419\" data-col-size=\"sm\"><strong data-start=\"5407\" data-end=\"5418\">Usage<\/strong><\/td>\n<td data-start=\"5419\" data-end=\"5484\" data-col-size=\"md\">Pour la recherche analytique, m\u00e9dico-l\u00e9gale et neurochimique uniquement<\/td>\n<\/tr>\n<tr data-start=\"5485\" data-end=\"5544\">\n<td data-start=\"5485\" data-end=\"5502\" data-col-size=\"sm\"><strong data-start=\"5487\" data-end=\"5501\">Conditionnement<\/strong><\/td>\n<td data-start=\"5502\" data-end=\"5544\" data-col-size=\"md\">Plaquette thermoform\u00e9e avec emballage scell\u00e9<\/td>\n<\/tr>\n<tr data-start=\"5545\" data-end=\"5594\">\n<td data-start=\"5545\" data-end=\"5563\" data-col-size=\"sm\"><strong data-start=\"5547\" data-end=\"5562\">Quantit\u00e9<\/strong><\/td>\n<td data-start=\"5563\" data-end=\"5594\" data-col-size=\"md\">1 plaquette thermoform\u00e9e contenant des granul\u00e9s de 100 mg<\/td>\n<\/tr>\n<\/tbody>\n<\/table>\n<\/div>\n<\/div>\n<hr data-start=\"5596\" data-end=\"5599\" \/>\n<h3 data-start=\"5601\" data-end=\"5618\"><strong data-start=\"5605\" data-end=\"5618\">Avantages<\/strong><\/h3>\n<ul data-start=\"5620\" data-end=\"6016\">\n<li data-start=\"5620\" data-end=\"5704\">\n<p data-start=\"5622\" data-end=\"5704\"><strong data-start=\"5622\" data-end=\"5649\">Haute puret\u00e9 (\u2265 98%)<\/strong> \u2013 Des r\u00e9sultats fiables pour la recherche en laboratoire.<\/p>\n<\/li>\n<li data-start=\"5705\" data-end=\"5786\">\n<p data-start=\"5707\" data-end=\"5786\"><strong data-start=\"5707\" data-end=\"5746\">Dosage standardis\u00e9 (100 mg)<\/strong> \u2013 Id\u00e9al pour les analyses quantitatives.<\/p>\n<\/li>\n<li data-start=\"5787\" data-end=\"5854\">\n<p data-start=\"5789\" data-end=\"5854\"><strong data-start=\"5789\" data-end=\"5810\">Forme HCl stable<\/strong> \u2013 Augmente la dur\u00e9e de conservation et la solubilit\u00e9.<\/p>\n<\/li>\n<li data-start=\"5855\" data-end=\"5933\">\n<p data-start=\"5857\" data-end=\"5933\"><strong data-start=\"5857\" data-end=\"5887\">Largement applicable \u00e0 la recherche<\/strong> \u2013 Convient pour GC\/MS, LC-MS, FTIR et HPLC.<\/p>\n<\/li>\n<li data-start=\"5934\" data-end=\"6016\">\n<p data-start=\"5936\" data-end=\"6016\"><strong data-start=\"5936\" data-end=\"5955\">Enti\u00e8rement test\u00e9<\/strong> \u2013 Chaque lot est v\u00e9rifi\u00e9 et document\u00e9 ind\u00e9pendamment.<\/p>\n<\/li>\n<\/ul>\n<hr data-start=\"6018\" data-end=\"6021\" \/>\n<h3 data-start=\"6023\" data-end=\"6075\"><strong data-start=\"6027\" data-end=\"6073\">Utilisation (\u00e0 des fins de recherche uniquement)<\/strong><\/h3>\n<ol data-start=\"6077\" data-end=\"6416\">\n<li data-start=\"6077\" data-end=\"6146\">\n<p data-start=\"6080\" data-end=\"6146\"><strong data-start=\"6080\" data-end=\"6095\">Manutention:<\/strong> Portez des gants, des lunettes de s\u00e9curit\u00e9 et une blouse de laboratoire.<\/p>\n<\/li>\n<li data-start=\"6147\" data-end=\"6219\">\n<p data-start=\"6150\" data-end=\"6219\"><strong data-start=\"6150\" data-end=\"6163\">Mesures:<\/strong> Chaque pastille contient 100 mg \u00b1 2 mg\u00a0; notez les informations sur le lot.<\/p>\n<\/li>\n<li data-start=\"6220\" data-end=\"6274\">\n<p data-start=\"6223\" data-end=\"6274\"><strong data-start=\"6223\" data-end=\"6234\">Stockage:<\/strong> Conserver au frais (2\u20138\u00b0C), au sec et \u00e0 l\u2019abri de la lumi\u00e8re.<\/p>\n<\/li>\n<li data-start=\"6275\" data-end=\"6351\">\n<p data-start=\"6278\" data-end=\"6351\"><strong data-start=\"6278\" data-end=\"6290\">Analyse:<\/strong> Convient \u00e0 la recherche chromatographique et neurochimique.<\/p>\n<\/li>\n<li data-start=\"6352\" data-end=\"6416\">\n<p data-start=\"6355\" data-end=\"6416\"><strong data-start=\"6355\" data-end=\"6372\">Documentation:<\/strong> Enregistrer les r\u00e9sultats et les m\u00e9thodes d\u2019analyse.<\/p>\n<\/li>\n<\/ol>\n<hr data-start=\"6418\" data-end=\"6421\" \/>\n<h3 data-start=\"6423\" data-end=\"6458\"><strong data-start=\"6427\" data-end=\"6456\">Foire aux questions (FAQ)<\/strong><\/h3>\n<p data-start=\"6460\" data-end=\"6611\"><strong data-start=\"6460\" data-end=\"6509\">1. Qu&#039;est-ce que la 2F-DCK (2-fluorodeschlorok\u00e9tamine) ?<\/strong><br data-start=\"6509\" data-end=\"6512\" \/>UN <strong data-start=\"6516\" data-end=\"6555\">analogue fluor\u00e9 de la deschlorok\u00e9tamine<\/strong>, utilis\u00e9 pour la recherche analytique et neurochimique.<\/p>\n<p data-start=\"6613\" data-end=\"6739\"><strong data-start=\"6613\" data-end=\"6653\">2. Quelle est la puret\u00e9 et le dosage ?<\/strong><br data-start=\"6653\" data-end=\"6656\" \/>Chaque pastille contient <strong data-start=\"6674\" data-end=\"6709\">100 mg de 2F-DCK (puret\u00e9 \u2265 98%)<\/strong>, confirm\u00e9 par HPLC et RMN.<\/p>\n<p data-start=\"6741\" data-end=\"6900\"><strong data-start=\"6741\" data-end=\"6781\">3. Est-il l\u00e9gal d&#039;acheter du 2F-DCK ?<\/strong><br data-start=\"6781\" data-end=\"6784\" \/>Le <strong data-start=\"6787\" data-end=\"6812\">l\u00e9galit\u00e9 du 2F-DCK<\/strong> varie selon les pays. Veuillez toujours v\u00e9rifier la r\u00e9glementation locale avant utilisation. <strong data-start=\"6881\" data-end=\"6897\">2F-DCK ach\u00e8te<\/strong>.<\/p>\n<ul>\n<li><\/li>\n<\/ul>","protected":false},"excerpt":{"rendered":"<p>Introduction\u00a0: Les granul\u00e9s de 2F-DCK 100\u00a0mg contiennent 100\u00a0mg de chlorhydrate de 2-fluorod\u00e9schlorok\u00e9tamine, un compos\u00e9 arylcyclohexylamine dissociatif et un analogue fluor\u00e9 de la deschlorok\u00e9tamine (DCK). Achetez 2F DCK.<\/p>","protected":false},"featured_media":21390,"comment_status":"closed","ping_status":"closed","template":"","meta":[],"product_brand":[],"product_cat":[474,475,71,324],"product_tag":[271,272,326],"class_list":{"0":"post-24303","1":"product","2":"type-product","3":"status-publish","4":"has-post-thumbnail","6":"product_cat-2f-dck-kopen","7":"product_cat-2f-dck-pellets","8":"product_cat-arylcyclohexylamine","9":"product_cat-pellets-for-pellet","10":"product_tag-2f-dck","11":"product_tag-2f-dck-kopen","12":"product_tag-nl","14":"first","15":"instock","16":"taxable","17":"shipping-taxable","18":"purchasable","19":"product-type-variable"},"_links":{"self":[{"href":"https:\/\/researchchemicalhub.com\/fr\/wp-json\/wp\/v2\/product\/24303","targetHints":{"allow":["GET"]}}],"collection":[{"href":"https:\/\/researchchemicalhub.com\/fr\/wp-json\/wp\/v2\/product"}],"about":[{"href":"https:\/\/researchchemicalhub.com\/fr\/wp-json\/wp\/v2\/types\/product"}],"replies":[{"embeddable":true,"href":"https:\/\/researchchemicalhub.com\/fr\/wp-json\/wp\/v2\/comments?post=24303"}],"version-history":[{"count":5,"href":"https:\/\/researchchemicalhub.com\/fr\/wp-json\/wp\/v2\/product\/24303\/revisions"}],"predecessor-version":[{"id":27814,"href":"https:\/\/researchchemicalhub.com\/fr\/wp-json\/wp\/v2\/product\/24303\/revisions\/27814"}],"wp:featuredmedia":[{"embeddable":true,"href":"https:\/\/researchchemicalhub.com\/fr\/wp-json\/wp\/v2\/media\/21390"}],"wp:attachment":[{"href":"https:\/\/researchchemicalhub.com\/fr\/wp-json\/wp\/v2\/media?parent=24303"}],"wp:term":[{"taxonomy":"product_brand","embeddable":true,"href":"https:\/\/researchchemicalhub.com\/fr\/wp-json\/wp\/v2\/product_brand?post=24303"},{"taxonomy":"product_cat","embeddable":true,"href":"https:\/\/researchchemicalhub.com\/fr\/wp-json\/wp\/v2\/product_cat?post=24303"},{"taxonomy":"product_tag","embeddable":true,"href":"https:\/\/researchchemicalhub.com\/fr\/wp-json\/wp\/v2\/product_tag?post=24303"}],"curies":[{"name":"wp","href":"https:\/\/api.w.org\/{rel}","templated":true}]}}