{"id":24290,"date":"2025-04-13T17:41:26","date_gmt":"2025-04-13T17:41:26","guid":{"rendered":"https:\/\/researchchemicalhub.com\/?post_type=product&#038;p=24290"},"modified":"2025-10-29T08:47:11","modified_gmt":"2025-10-29T08:47:11","slug":"4f-mph-15-mg-pastilles-4-fluoromethylphenidate","status":"publish","type":"product","link":"https:\/\/researchchemicalhub.com\/fr\/boutique\/4-fma-pure-4-fluoromethamphetamine\/4f-mph-15-mg-pastilles-4-fluoromethylphenidate\/","title":{"rendered":"Granul\u00e9s de 4F-MPH 15 mg (4-fluorom\u00e9thylph\u00e9nidate)"},"content":{"rendered":"<h3 data-start=\"4024\" data-end=\"4045\"><strong data-start=\"4028\" data-end=\"4043\">Introduction<\/strong><\/h3>\n<p data-start=\"4046\" data-end=\"4474\"><strong data-start=\"4046\" data-end=\"4095\">Granul\u00e9s de 4F-MPH 15 mg (4-fluorom\u00e9thylph\u00e9nidate)<\/strong> contenir <strong data-start=\"4105\" data-end=\"4159\">15 milligrammes de chlorhydrate de 4-fluorom\u00e9thylph\u00e9nidate<\/strong>, Un <strong data-start=\"4165\" data-end=\"4189\">compos\u00e9 de pip\u00e9ridine<\/strong> qui est structurellement li\u00e9 \u00e0 <strong data-start=\"4221\" data-end=\"4249\">m\u00e9thylph\u00e9nidate (Ritalin)<\/strong>. 4f mph acheter<br data-start=\"4250\" data-end=\"4253\" \/>Il appartient \u00e0 la <strong data-start=\"4272\" data-end=\"4305\">famille du ph\u00e9nidate substitu\u00e9<\/strong> et est utilis\u00e9 dans <strong data-start=\"4327\" data-end=\"4365\">recherche m\u00e9dico-l\u00e9gale et analytique<\/strong> D\u00e9sagr\u00e9able <strong data-start=\"4371\" data-end=\"4414\">transporteurs de dopamine et de noradr\u00e9naline<\/strong>, <strong data-start=\"4416\" data-end=\"4432\">Relations SAR<\/strong> et <strong data-start=\"4436\" data-end=\"4471\">propri\u00e9t\u00e9s chromatographiques<\/strong>.<\/p>\n<p data-start=\"4476\" data-end=\"4684\">Chaque pastille est <strong data-start=\"4491\" data-end=\"4519\">formul\u00e9 en laboratoire<\/strong> et test\u00e9 sur un <strong data-start=\"4537\" data-end=\"4561\">puret\u00e9 \u2265 98%<\/strong> via <strong data-start=\"4566\" data-end=\"4581\">HPLC et RMN<\/strong>.<br data-start=\"4582\" data-end=\"4585\" \/>Le <strong data-start=\"4588\" data-end=\"4618\">dosage pr\u00e9cis de 15 mg<\/strong> assure des r\u00e9sultats de recherche reproductibles et fiables.<\/p>\n<blockquote data-start=\"4686\" data-end=\"4827\">\n<p data-start=\"4688\" data-end=\"4827\">\u26a0\ufe0f <strong data-start=\"4691\" data-end=\"4702\">NB:<\/strong> 4F-MPH est destin\u00e9 \u00e0 \u00eatre utilis\u00e9 uniquement <strong data-start=\"4738\" data-end=\"4773\">recherche et utilisation analytique<\/strong> \u2014 <strong data-start=\"4776\" data-end=\"4825\">non destin\u00e9 \u00e0 la consommation humaine ou animale.<\/strong><\/p>\n<\/blockquote>\n<hr data-start=\"4829\" data-end=\"4832\" \/>\n<h3 data-start=\"4834\" data-end=\"4865\"><strong data-start=\"4838\" data-end=\"4865\">Caract\u00e9ristiques principales<\/strong><\/h3>\n<div class=\"_tableContainer_1rjym_1\">\n<div class=\"group _tableWrapper_1rjym_13 flex w-fit flex-col-reverse\" tabindex=\"-1\">\n<table class=\"w-fit min-w-(--thread-content-width)\" data-start=\"4867\" data-end=\"5483\">\n<thead data-start=\"4867\" data-end=\"4893\">\n<tr data-start=\"4867\" data-end=\"4893\">\n<th data-start=\"4867\" data-end=\"4877\" data-col-size=\"sm\">Fonctionnalit\u00e9<\/th>\n<th data-start=\"4877\" data-end=\"4893\" data-col-size=\"md\">Description<\/th>\n<\/tr>\n<\/thead>\n<tbody data-start=\"4922\" data-end=\"5483\">\n<tr data-start=\"4922\" data-end=\"4983\">\n<td data-start=\"4922\" data-end=\"4943\" data-col-size=\"sm\"><strong data-start=\"4924\" data-end=\"4942\">Nom chimique<\/strong><\/td>\n<td data-start=\"4943\" data-end=\"4983\" data-col-size=\"md\">Chlorhydrate de 4-fluorom\u00e9thylph\u00e9nidate<\/td>\n<\/tr>\n<tr data-start=\"4984\" data-end=\"5019\">\n<td data-start=\"4984\" data-end=\"5009\" data-col-size=\"sm\"><strong data-start=\"4986\" data-end=\"5008\">Nom commun<\/strong><\/td>\n<td data-start=\"5009\" data-end=\"5019\" data-col-size=\"md\">4F-MPH<\/td>\n<\/tr>\n<tr data-start=\"5020\" data-end=\"5062\">\n<td data-start=\"5020\" data-end=\"5044\" data-col-size=\"sm\"><strong data-start=\"5022\" data-end=\"5043\">Formule chimique<\/strong><\/td>\n<td data-start=\"5044\" data-end=\"5062\" data-col-size=\"md\">C\u2081\u2084H\u2081\u2088FNO\u2082\u00b7HCl<\/td>\n<\/tr>\n<tr data-start=\"5063\" data-end=\"5101\">\n<td data-start=\"5063\" data-end=\"5085\" data-col-size=\"sm\"><strong data-start=\"5065\" data-end=\"5084\">Poids mol\u00e9culaire<\/strong><\/td>\n<td data-start=\"5085\" data-end=\"5101\" data-col-size=\"md\">287,76 g\/mol<\/td>\n<\/tr>\n<tr data-start=\"5102\" data-end=\"5136\">\n<td data-start=\"5102\" data-end=\"5117\" data-col-size=\"sm\"><strong data-start=\"5104\" data-end=\"5116\">Dosage<\/strong><\/td>\n<td data-start=\"5117\" data-end=\"5136\" data-col-size=\"md\">15 mg par pastille<\/td>\n<\/tr>\n<tr data-start=\"5137\" data-end=\"5184\">\n<td data-start=\"5137\" data-end=\"5148\" data-col-size=\"sm\"><strong data-start=\"5139\" data-end=\"5147\">Formulaire<\/strong><\/td>\n<td data-start=\"5148\" data-end=\"5184\" data-col-size=\"md\">Granul\u00e9 solide (blister)<\/td>\n<\/tr>\n<tr data-start=\"5185\" data-end=\"5236\">\n<td data-start=\"5185\" data-end=\"5202\" data-col-size=\"sm\"><strong data-start=\"5187\" data-end=\"5201\">Puret\u00e9<\/strong><\/td>\n<td data-start=\"5202\" data-end=\"5236\" data-col-size=\"md\">\u2265 98% (test\u00e9 par HPLC et RMN)<\/td>\n<\/tr>\n<tr data-start=\"5237\" data-end=\"5293\">\n<td data-start=\"5237\" data-end=\"5260\" data-col-size=\"sm\"><strong data-start=\"5239\" data-end=\"5259\">Classe chimique<\/strong><\/td>\n<td data-start=\"5260\" data-end=\"5293\" data-col-size=\"md\">Analogue de pip\u00e9ridine\/ph\u00e9nidate<\/td>\n<\/tr>\n<tr data-start=\"5294\" data-end=\"5373\">\n<td data-start=\"5294\" data-end=\"5308\" data-col-size=\"sm\"><strong data-start=\"5296\" data-end=\"5307\">Usage<\/strong><\/td>\n<td data-start=\"5308\" data-end=\"5373\" data-col-size=\"md\">Pour la recherche analytique, m\u00e9dico-l\u00e9gale et neurochimique uniquement<\/td>\n<\/tr>\n<tr data-start=\"5374\" data-end=\"5434\">\n<td data-start=\"5374\" data-end=\"5391\" data-col-size=\"sm\"><strong data-start=\"5376\" data-end=\"5390\">Conditionnement<\/strong><\/td>\n<td data-start=\"5391\" data-end=\"5434\" data-col-size=\"md\">Plaquette thermoform\u00e9e avec protection anti-effraction<\/td>\n<\/tr>\n<tr data-start=\"5435\" data-end=\"5483\">\n<td data-start=\"5435\" data-end=\"5453\" data-col-size=\"sm\"><strong data-start=\"5437\" data-end=\"5452\">Quantit\u00e9<\/strong><\/td>\n<td data-start=\"5453\" data-end=\"5483\" data-col-size=\"md\">1 plaquette thermoform\u00e9e contenant des granul\u00e9s de 15 mg<\/td>\n<\/tr>\n<\/tbody>\n<\/table>\n<\/div>\n<\/div>\n<hr data-start=\"5485\" data-end=\"5488\" \/>\n<h3 data-start=\"5490\" data-end=\"5507\"><strong data-start=\"5494\" data-end=\"5507\">Avantages<\/strong><\/h3>\n<ul data-start=\"5509\" data-end=\"5881\">\n<li data-start=\"5509\" data-end=\"5563\">\n<p data-start=\"5511\" data-end=\"5563\"><strong data-start=\"5511\" data-end=\"5530\">Haute puret\u00e9<\/strong> \u2013 Qualit\u00e9 laboratoire \u2265 98%.<\/p>\n<\/li>\n<li data-start=\"5564\" data-end=\"5643\">\n<p data-start=\"5566\" data-end=\"5643\"><strong data-start=\"5566\" data-end=\"5597\">Dosage standardis\u00e9<\/strong> \u2013 15 mg par pastille pour une analyse pr\u00e9cise.<\/p>\n<\/li>\n<li data-start=\"5644\" data-end=\"5717\">\n<p data-start=\"5646\" data-end=\"5717\"><strong data-start=\"5646\" data-end=\"5673\">Forme de sel stable (HCl)<\/strong> \u2013 Augmente la solubilit\u00e9 et la dur\u00e9e de conservation.<\/p>\n<\/li>\n<li data-start=\"5718\" data-end=\"5796\">\n<p data-start=\"5720\" data-end=\"5796\"><strong data-start=\"5720\" data-end=\"5750\">Largement applicable \u00e0 la recherche<\/strong> \u2013 Convient pour GC\/MS, LC-MS, FTIR et HPLC.<\/p>\n<\/li>\n<li data-start=\"5797\" data-end=\"5881\">\n<p data-start=\"5799\" data-end=\"5881\"><strong data-start=\"5799\" data-end=\"5834\">Qualit\u00e9 des lots enti\u00e8rement test\u00e9e<\/strong> \u2013 Chaque lot est tra\u00e7able et v\u00e9rifi\u00e9. Achetez 4 pieds par minute.<\/p>\n<\/li>\n<\/ul>\n<hr data-start=\"5883\" data-end=\"5886\" \/>\n<h3 data-start=\"5888\" data-end=\"5940\"><strong data-start=\"5892\" data-end=\"5938\">Utilisation (\u00e0 des fins de recherche uniquement)<\/strong><\/h3>\n<ol data-start=\"5942\" data-end=\"6286\">\n<li data-start=\"5942\" data-end=\"6011\">\n<p data-start=\"5945\" data-end=\"6011\"><strong data-start=\"5945\" data-end=\"5960\">Manutention:<\/strong> Portez des gants, des lunettes de s\u00e9curit\u00e9 et une blouse de laboratoire.<\/p>\n<\/li>\n<li data-start=\"6012\" data-end=\"6082\">\n<p data-start=\"6015\" data-end=\"6082\"><strong data-start=\"6015\" data-end=\"6028\">Mesures:<\/strong> Chaque pastille contient exactement 15 mg\u00a0; enregistrez les d\u00e9tails du lot.<\/p>\n<\/li>\n<li data-start=\"6083\" data-end=\"6137\">\n<p data-start=\"6086\" data-end=\"6137\"><strong data-start=\"6086\" data-end=\"6097\">Stockage:<\/strong> Conserver au frais (2\u20138\u00b0C), au sec et \u00e0 l\u2019abri de la lumi\u00e8re.<\/p>\n<\/li>\n<li data-start=\"6138\" data-end=\"6221\">\n<p data-start=\"6141\" data-end=\"6221\"><strong data-start=\"6141\" data-end=\"6153\">Analyse:<\/strong> Convient pour la chromatographie, la spectroscopie et la recherche sur les r\u00e9cepteurs.<\/p>\n<\/li>\n<li data-start=\"6222\" data-end=\"6286\">\n<p data-start=\"6225\" data-end=\"6286\"><strong data-start=\"6225\" data-end=\"6242\">Documentation:<\/strong> Enregistrer les r\u00e9sultats et les m\u00e9thodes d\u2019analyse.<\/p>\n<\/li>\n<\/ol>\n<hr data-start=\"6288\" data-end=\"6291\" \/>\n<h3 data-start=\"6293\" data-end=\"6328\"><strong data-start=\"6297\" data-end=\"6326\">Foire aux questions (FAQ)<\/strong><\/h3>\n<p data-start=\"6330\" data-end=\"6483\"><strong data-start=\"6330\" data-end=\"6376\">1. Qu&#039;est-ce que le 4F-MPH (4-fluorom\u00e9thylph\u00e9nidate) ?<\/strong><br data-start=\"6376\" data-end=\"6379\" \/>UN <strong data-start=\"6383\" data-end=\"6419\">analogue fluor\u00e9 du m\u00e9thylph\u00e9nidate<\/strong>, utilis\u00e9 dans la recherche en laboratoire sur les compos\u00e9s ph\u00e9nidate.<\/p>\n<p data-start=\"6485\" data-end=\"6600\"><strong data-start=\"6485\" data-end=\"6518\">2. Quelle est la puret\u00e9 du produit ?<\/strong><br data-start=\"6518\" data-end=\"6521\" \/>Chaque pastille contient <strong data-start=\"6539\" data-end=\"6573\">15 mg 4F-MPH (puret\u00e9 \u2265 98%)<\/strong>, test\u00e9 par HPLC et RMN.<\/p>\n<p data-start=\"6602\" data-end=\"6761\"><strong data-start=\"6602\" data-end=\"6642\">3. Est-il l\u00e9gal d&#039;acheter du 4F-MPH ?<\/strong><br data-start=\"6642\" data-end=\"6645\" \/>Le <strong data-start=\"6648\" data-end=\"6673\">l\u00e9galit\u00e9 du 4F-MPH<\/strong> varie selon les pays. Veuillez toujours v\u00e9rifier la r\u00e9glementation locale avant utilisation. <strong data-start=\"6742\" data-end=\"6758\">Achats \u00e0 4F-MPH<\/strong>.<\/p>","protected":false},"excerpt":{"rendered":"<h3><span dir=\"auto\" style=\"vertical-align: inherit;\"><span dir=\"auto\" style=\"vertical-align: inherit;\">Propri\u00e9t\u00e9s des granul\u00e9s 4F-MPH<\/span><\/span><\/h3>\n<p><strong><span dir=\"auto\" style=\"vertical-align: inherit;\"><span dir=\"auto\" style=\"vertical-align: inherit;\">Synonyme<\/span><\/span><\/strong><span dir=\"auto\" style=\"vertical-align: inherit;\"><span dir=\"auto\" style=\"vertical-align: inherit;\"> : 4-fluorom\u00e9thylph\u00e9nidate <\/span><\/span><br \/>\n<strong><span dir=\"auto\" style=\"vertical-align: inherit;\"><span dir=\"auto\" style=\"vertical-align: inherit;\">Num\u00e9ro CAS<\/span><\/span><\/strong><span dir=\"auto\" style=\"vertical-align: inherit;\"><span dir=\"auto\" style=\"vertical-align: inherit;\"> : 1354631-33-6 <\/span><\/span><br \/>\n<strong><span dir=\"auto\" style=\"vertical-align: inherit;\"><span dir=\"auto\" style=\"vertical-align: inherit;\">Formule<\/span><\/span><\/strong><span dir=\"auto\" style=\"vertical-align: inherit;\"><span dir=\"auto\" style=\"vertical-align: inherit;\"> : chlorhydrate de m\u00e9thyl 2-(4-fluoroph\u00e9nyl)-2-(pip\u00e9ridin-2-yl)ac\u00e9tate <\/span><\/span><br \/>\n<strong><span dir=\"auto\" style=\"vertical-align: inherit;\"><span dir=\"auto\" style=\"vertical-align: inherit;\">Masse molaire<\/span><\/span><\/strong><span dir=\"auto\" style=\"vertical-align: inherit;\"><span dir=\"auto\" style=\"vertical-align: inherit;\"> : 287,8 g\/mol <\/span><\/span><br \/>\n<strong><span dir=\"auto\" style=\"vertical-align: inherit;\"><span dir=\"auto\" style=\"vertical-align: inherit;\">Puret\u00e9<\/span><\/span><\/strong><span dir=\"auto\" style=\"vertical-align: inherit;\"><span dir=\"auto\" style=\"vertical-align: inherit;\"> : &gt;97%<\/span><\/span><\/p>","protected":false},"featured_media":28439,"comment_status":"closed","ping_status":"closed","template":"","meta":[],"product_brand":[82],"product_cat":[444,445,322,333,324],"product_tag":[570,571,326],"class_list":{"0":"post-24290","1":"product","2":"type-product","3":"status-publish","4":"has-post-thumbnail","6":"product_brand-research-chemical","7":"product_cat-4f-mph","8":"product_cat-4f-mph-pellets","9":"product_cat-bijna-verboden","10":"product_cat-gefluoreerden","11":"product_cat-pellets-for-pellet","12":"product_tag-4f-mph-kopen","13":"product_tag-4f-mph","14":"product_tag-nl","16":"first","17":"instock","18":"taxable","19":"shipping-taxable","20":"purchasable","21":"product-type-variable"},"_links":{"self":[{"href":"https:\/\/researchchemicalhub.com\/fr\/wp-json\/wp\/v2\/product\/24290","targetHints":{"allow":["GET"]}}],"collection":[{"href":"https:\/\/researchchemicalhub.com\/fr\/wp-json\/wp\/v2\/product"}],"about":[{"href":"https:\/\/researchchemicalhub.com\/fr\/wp-json\/wp\/v2\/types\/product"}],"replies":[{"embeddable":true,"href":"https:\/\/researchchemicalhub.com\/fr\/wp-json\/wp\/v2\/comments?post=24290"}],"version-history":[{"count":5,"href":"https:\/\/researchchemicalhub.com\/fr\/wp-json\/wp\/v2\/product\/24290\/revisions"}],"predecessor-version":[{"id":27812,"href":"https:\/\/researchchemicalhub.com\/fr\/wp-json\/wp\/v2\/product\/24290\/revisions\/27812"}],"wp:featuredmedia":[{"embeddable":true,"href":"https:\/\/researchchemicalhub.com\/fr\/wp-json\/wp\/v2\/media\/28439"}],"wp:attachment":[{"href":"https:\/\/researchchemicalhub.com\/fr\/wp-json\/wp\/v2\/media?parent=24290"}],"wp:term":[{"taxonomy":"product_brand","embeddable":true,"href":"https:\/\/researchchemicalhub.com\/fr\/wp-json\/wp\/v2\/product_brand?post=24290"},{"taxonomy":"product_cat","embeddable":true,"href":"https:\/\/researchchemicalhub.com\/fr\/wp-json\/wp\/v2\/product_cat?post=24290"},{"taxonomy":"product_tag","embeddable":true,"href":"https:\/\/researchchemicalhub.com\/fr\/wp-json\/wp\/v2\/product_tag?post=24290"}],"curies":[{"name":"wp","href":"https:\/\/api.w.org\/{rel}","templated":true}]}}